{"id":86418,"date":"2020-11-09T09:32:46","date_gmt":"2020-11-09T08:32:53","guid":{"rendered":"https:\/\/tourtravelandmore.com\/?post_type=product&#038;p=86418"},"modified":"2021-06-19T09:47:22","modified_gmt":"2021-06-19T07:47:22","slug":"tour-privado-a-la-isla-de-hawaii","status":"publish","type":"product","link":"https:\/\/tourtravelandmore.com\/es\/tours\/eeuu-es\/hawaii-es\/isla-hawaii-es\/tour-privado-a-la-isla-de-hawaii\/","title":{"rendered":"Tour privado a la isla de Hawaii"},"content":{"rendered":"<h2>Descripci\u00f3n del tour privado de la isla de Haw\u00e1i<\/h2>\n<p>Este tour privado por la isla de Haw\u00e1i lo est\u00e1 esperando para explorar lo mejor de toda la isla.<\/p>\n<p>Esto incluir\u00e1 visitar Kona, South Kona, Puna, Kau, Hilo, Hamakua, Kohala y tambi\u00e9n lugares incre\u00edbles.<\/p>\n<p>Este tour privado comenzar\u00e1 desde su hotel o lugar de elecci\u00f3n en la isla de Haw\u00e1i.<\/p>\n<p>Te llevaremos a todos los sitios emblem\u00e1ticos de la asombrosa Isla de Haw\u00e1i.<\/p>\n<p>Nuestro chofer privado estar\u00e1 a su disposici\u00f3n durante toda la experiencia.<\/p>\n<h2>Puntos emblem\u00e1ticos y de inter\u00e9s de Hawaii Private Island<\/h2>\n<p>\u00a1Nuestro tour privado a la isla de Haw\u00e1i es verdaderamente una experiencia \u00fanica!<\/p>\n<p>Disfrutaremos lo mejor de Kona. Kona tiene una costa incre\u00edble. Pasaremos por el pueblo de Kailua. Este antiguo pueblo de pescadores es un pueblo costero \u00fanico.<\/p>\n<p>Disfrute de grandes lugares hist\u00f3ricos como Ahuena Heiau y el Palacio Hulihee.<\/p>\n<p>Tambi\u00e9n nos dirigiremos hacia South Kona y nos dirigiremos hacia Nelha.<\/p>\n<p>Puuhonua o Honaunau es el lugar de refugio. Es uno de los parques nacionales de las islas.<\/p>\n<p>Entre Hilo y el Parque Nacional Volc\u00e1n, encuentra el campo de la Puna. Aqu\u00ed encontrar\u00e1s los incre\u00edbles encantos. Tambi\u00e9n disfrutaremos de Pahoa Town.<\/p>\n<p>Pase y disfrute de una parada r\u00e1pida en el Monumento Estatal del \u00c1rbol de Lava.<\/p>\n<p>Despu\u00e9s de eso, nos dirigiremos hacia Kau y pasaremos por Mark Twain Square y el Manuka State Wayside Park. Tambi\u00e9n nos dirigiremos hacia Panuluu.<\/p>\n<h4>Qu\u00e9 m\u00e1s veremos &#8230;<\/h4>\n<p>Despu\u00e9s de eso, nos dirigiremos hacia Hilo. Aqu\u00ed puede encontrar Greens Galore. Las islas hawaianas ofrecen cascadas incre\u00edbles. La isla de Haw\u00e1i no es diferente. Disfrute de las hermosas cascadas en el parque estatal Akaka Falls. Aqu\u00ed encontrar\u00e1 la primera parada que son las cataratas Kahuna y tambi\u00e9n disfrute de una parada en las cataratas Akaka.<\/p>\n<p>Despu\u00e9s de esto, terminaremos en el centro de Hilo.<\/p>\n<p>Dependiendo de cu\u00e1nto tiempo quede, organizaremos un breve vistazo a Hamakua. Tenga una vista en la estatua de Kamehameha.<\/p>\n<p>Este tour privado terminar\u00e1 en el lugar que elijas en la isla.<\/p>\n<p>Para la Isla de Hawaii podemos ofrecerte cualquier tipo de experiencia, visita las cataratas, volcanes o cualquier otra cosa que desees.<\/p>\n<p>Eche un vistazo a nuestros otros tours privados que le ofrecemos en cualquiera de las islas.<\/p>\n","protected":false},"excerpt":{"rendered":"<p>\u00danase a nosotros en este tour privado por la isla de Haw\u00e1i y tenga la oportunidad de disfrutar de esta mejor parte de la isla grande de Haw\u00e1i. \u00a1Podemos personalizar cualquier experiencia para ti! &#8230;<\/p>\n","protected":false},"featured_media":86462,"comment_status":"open","ping_status":"closed","template":"","meta":{"_acf_changed":false},"product_brand":[],"product_cat":[1602,2709,2730],"product_tag":[],"class_list":{"0":"post-86418","1":"product","2":"type-product","3":"status-publish","4":"has-post-thumbnail","6":"product_cat-eeuu-es","7":"product_cat-hawaii-es","8":"product_cat-isla-hawaii-es","10":"first","11":"instock","12":"shipping-taxable","13":"purchasable","14":"product-type-simple"},"acf":[],"yoast_head":"<!-- This site is optimized with the Yoast SEO Premium plugin v25.3.1 (Yoast SEO v25.3.1) - https:\/\/yoast.com\/wordpress\/plugins\/seo\/ -->\n<title>Tour privado a la isla de Haw\u00e1i con veh\u00edculo privado | Tour Viajes y m\u00e1s<\/title>\n<meta name=\"description\" content=\"\u2192 Reserve AHORA este Tour Privado a la Isla de Hawai y tenga la oportunidad de disfrutar de esta mejor parte de la Isla Grande de Hawai. \u2705\" \/>\n<meta name=\"robots\" content=\"index, follow, max-snippet:-1, max-image-preview:large, max-video-preview:-1\" \/>\n<link rel=\"canonical\" href=\"https:\/\/tourtravelandmore.com\/es\/tours\/eeuu-es\/hawaii-es\/isla-hawaii-es\/tour-privado-a-la-isla-de-hawaii\/\" \/>\n<meta property=\"og:locale\" content=\"es_ES\" \/>\n<meta property=\"og:type\" content=\"article\" \/>\n<meta property=\"og:title\" content=\"Tour privado a la isla de Hawaii\" \/>\n<meta property=\"og:description\" content=\"\u2192 Reserve AHORA este Tour Privado a la Isla de Hawai y tenga la oportunidad de disfrutar de esta mejor parte de la Isla Grande de Hawai. \u2705\" \/>\n<meta property=\"og:url\" content=\"https:\/\/tourtravelandmore.com\/es\/tours\/eeuu-es\/hawaii-es\/isla-hawaii-es\/tour-privado-a-la-isla-de-hawaii\/\" \/>\n<meta property=\"og:site_name\" content=\"Tour Travel And More\" \/>\n<meta property=\"article:publisher\" content=\"https:\/\/www.facebook.com\/tourtravelandmore\/\" \/>\n<meta property=\"article:modified_time\" content=\"2021-06-19T07:47:22+00:00\" \/>\n<meta property=\"og:image\" content=\"https:\/\/tourtravelandmore.com\/wp-content\/uploads\/2020\/11\/Big-island-4-scaled.jpg\" \/>\n\t<meta property=\"og:image:width\" content=\"2560\" \/>\n\t<meta property=\"og:image:height\" content=\"1707\" \/>\n\t<meta property=\"og:image:type\" content=\"image\/jpeg\" \/>\n<meta name=\"twitter:card\" content=\"summary_large_image\" \/>\n<meta name=\"twitter:site\" content=\"@TourTravel_More\" \/>\n<meta name=\"twitter:label1\" content=\"Tiempo de lectura\" \/>\n\t<meta name=\"twitter:data1\" content=\"2 minutos\" \/>\n<script type=\"application\/ld+json\" class=\"yoast-schema-graph\">{\"@context\":\"https:\/\/schema.org\",\"@graph\":[{\"@type\":\"WebPage\",\"@id\":\"https:\/\/tourtravelandmore.com\/es\/tours\/eeuu-es\/hawaii-es\/isla-hawaii-es\/tour-privado-a-la-isla-de-hawaii\/\",\"url\":\"https:\/\/tourtravelandmore.com\/es\/tours\/eeuu-es\/hawaii-es\/isla-hawaii-es\/tour-privado-a-la-isla-de-hawaii\/\",\"name\":\"Tour privado a la isla de Haw\u00e1i con veh\u00edculo privado | Tour Viajes y m\u00e1s\",\"isPartOf\":{\"@id\":\"https:\/\/tourtravelandmore.com\/es\/#website\"},\"primaryImageOfPage\":{\"@id\":\"https:\/\/tourtravelandmore.com\/es\/tours\/eeuu-es\/hawaii-es\/isla-hawaii-es\/tour-privado-a-la-isla-de-hawaii\/#primaryimage\"},\"image\":{\"@id\":\"https:\/\/tourtravelandmore.com\/es\/tours\/eeuu-es\/hawaii-es\/isla-hawaii-es\/tour-privado-a-la-isla-de-hawaii\/#primaryimage\"},\"thumbnailUrl\":\"https:\/\/tourtravelandmore.com\/wp-content\/uploads\/2020\/11\/Big-island-4-scaled.jpg\",\"datePublished\":\"2020-11-09T08:32:53+00:00\",\"dateModified\":\"2021-06-19T07:47:22+00:00\",\"description\":\"\u2192 Reserve AHORA este Tour Privado a la Isla de Hawai y tenga la oportunidad de disfrutar de esta mejor parte de la Isla Grande de Hawai. \u2705\",\"breadcrumb\":{\"@id\":\"https:\/\/tourtravelandmore.com\/es\/tours\/eeuu-es\/hawaii-es\/isla-hawaii-es\/tour-privado-a-la-isla-de-hawaii\/#breadcrumb\"},\"inLanguage\":\"es\",\"potentialAction\":[{\"@type\":\"ReadAction\",\"target\":[\"https:\/\/tourtravelandmore.com\/es\/tours\/eeuu-es\/hawaii-es\/isla-hawaii-es\/tour-privado-a-la-isla-de-hawaii\/\"]}]},{\"@type\":\"ImageObject\",\"inLanguage\":\"es\",\"@id\":\"https:\/\/tourtravelandmore.com\/es\/tours\/eeuu-es\/hawaii-es\/isla-hawaii-es\/tour-privado-a-la-isla-de-hawaii\/#primaryimage\",\"url\":\"https:\/\/tourtravelandmore.com\/wp-content\/uploads\/2020\/11\/Big-island-4-scaled.jpg\",\"contentUrl\":\"https:\/\/tourtravelandmore.com\/wp-content\/uploads\/2020\/11\/Big-island-4-scaled.jpg\",\"width\":2560,\"height\":1707},{\"@type\":\"BreadcrumbList\",\"@id\":\"https:\/\/tourtravelandmore.com\/es\/tours\/eeuu-es\/hawaii-es\/isla-hawaii-es\/tour-privado-a-la-isla-de-hawaii\/#breadcrumb\",\"itemListElement\":[{\"@type\":\"ListItem\",\"position\":1,\"name\":\"Home\",\"item\":\"https:\/\/tourtravelandmore.com\/es\/\"},{\"@type\":\"ListItem\",\"position\":2,\"name\":\"Tours\",\"item\":\"https:\/\/tourtravelandmore.com\/es\/tours\/\"},{\"@type\":\"ListItem\",\"position\":3,\"name\":\"Tour privado a la isla de Hawaii\"}]},{\"@type\":\"WebSite\",\"@id\":\"https:\/\/tourtravelandmore.com\/es\/#website\",\"url\":\"https:\/\/tourtravelandmore.com\/es\/\",\"name\":\"Tour Travel And More\",\"description\":\"Private sightseeing tours and luxury transfers in Spain\",\"publisher\":{\"@id\":\"https:\/\/tourtravelandmore.com\/es\/#organization\"},\"potentialAction\":[{\"@type\":\"SearchAction\",\"target\":{\"@type\":\"EntryPoint\",\"urlTemplate\":\"https:\/\/tourtravelandmore.com\/es\/?s={search_term_string}\"},\"query-input\":{\"@type\":\"PropertyValueSpecification\",\"valueRequired\":true,\"valueName\":\"search_term_string\"}}],\"inLanguage\":\"es\"},{\"@type\":\"Organization\",\"@id\":\"https:\/\/tourtravelandmore.com\/es\/#organization\",\"name\":\"Tour Travel And More\",\"url\":\"https:\/\/tourtravelandmore.com\/es\/\",\"logo\":{\"@type\":\"ImageObject\",\"inLanguage\":\"es\",\"@id\":\"https:\/\/tourtravelandmore.com\/es\/#\/schema\/logo\/image\/\",\"url\":\"https:\/\/tourtravelandmore.com\/wp-content\/uploads\/2022\/12\/cropped-logo-cabecera-new.png\",\"contentUrl\":\"https:\/\/tourtravelandmore.com\/wp-content\/uploads\/2022\/12\/cropped-logo-cabecera-new.png\",\"width\":430,\"height\":61,\"caption\":\"Tour Travel And More\"},\"image\":{\"@id\":\"https:\/\/tourtravelandmore.com\/es\/#\/schema\/logo\/image\/\"},\"sameAs\":[\"https:\/\/www.facebook.com\/tourtravelandmore\/\",\"https:\/\/x.com\/TourTravel_More\"]}]}<\/script>\n<!-- \/ Yoast SEO Premium plugin. -->","yoast_head_json":{"title":"Tour privado a la isla de Haw\u00e1i con veh\u00edculo privado | Tour Viajes y m\u00e1s","description":"\u2192 Reserve AHORA este Tour Privado a la Isla de Hawai y tenga la oportunidad de disfrutar de esta mejor parte de la Isla Grande de Hawai. \u2705","robots":{"index":"index","follow":"follow","max-snippet":"max-snippet:-1","max-image-preview":"max-image-preview:large","max-video-preview":"max-video-preview:-1"},"canonical":"https:\/\/tourtravelandmore.com\/es\/tours\/eeuu-es\/hawaii-es\/isla-hawaii-es\/tour-privado-a-la-isla-de-hawaii\/","og_locale":"es_ES","og_type":"article","og_title":"Tour privado a la isla de Hawaii","og_description":"\u2192 Reserve AHORA este Tour Privado a la Isla de Hawai y tenga la oportunidad de disfrutar de esta mejor parte de la Isla Grande de Hawai. \u2705","og_url":"https:\/\/tourtravelandmore.com\/es\/tours\/eeuu-es\/hawaii-es\/isla-hawaii-es\/tour-privado-a-la-isla-de-hawaii\/","og_site_name":"Tour Travel And More","article_publisher":"https:\/\/www.facebook.com\/tourtravelandmore\/","article_modified_time":"2021-06-19T07:47:22+00:00","og_image":[{"width":2560,"height":1707,"url":"https:\/\/tourtravelandmore.com\/wp-content\/uploads\/2020\/11\/Big-island-4-scaled.jpg","type":"image\/jpeg"}],"twitter_card":"summary_large_image","twitter_site":"@TourTravel_More","twitter_misc":{"Tiempo de lectura":"2 minutos"},"schema":{"@context":"https:\/\/schema.org","@graph":[{"@type":"WebPage","@id":"https:\/\/tourtravelandmore.com\/es\/tours\/eeuu-es\/hawaii-es\/isla-hawaii-es\/tour-privado-a-la-isla-de-hawaii\/","url":"https:\/\/tourtravelandmore.com\/es\/tours\/eeuu-es\/hawaii-es\/isla-hawaii-es\/tour-privado-a-la-isla-de-hawaii\/","name":"Tour privado a la isla de Haw\u00e1i con veh\u00edculo privado | Tour Viajes y m\u00e1s","isPartOf":{"@id":"https:\/\/tourtravelandmore.com\/es\/#website"},"primaryImageOfPage":{"@id":"https:\/\/tourtravelandmore.com\/es\/tours\/eeuu-es\/hawaii-es\/isla-hawaii-es\/tour-privado-a-la-isla-de-hawaii\/#primaryimage"},"image":{"@id":"https:\/\/tourtravelandmore.com\/es\/tours\/eeuu-es\/hawaii-es\/isla-hawaii-es\/tour-privado-a-la-isla-de-hawaii\/#primaryimage"},"thumbnailUrl":"https:\/\/tourtravelandmore.com\/wp-content\/uploads\/2020\/11\/Big-island-4-scaled.jpg","datePublished":"2020-11-09T08:32:53+00:00","dateModified":"2021-06-19T07:47:22+00:00","description":"\u2192 Reserve AHORA este Tour Privado a la Isla de Hawai y tenga la oportunidad de disfrutar de esta mejor parte de la Isla Grande de Hawai. \u2705","breadcrumb":{"@id":"https:\/\/tourtravelandmore.com\/es\/tours\/eeuu-es\/hawaii-es\/isla-hawaii-es\/tour-privado-a-la-isla-de-hawaii\/#breadcrumb"},"inLanguage":"es","potentialAction":[{"@type":"ReadAction","target":["https:\/\/tourtravelandmore.com\/es\/tours\/eeuu-es\/hawaii-es\/isla-hawaii-es\/tour-privado-a-la-isla-de-hawaii\/"]}]},{"@type":"ImageObject","inLanguage":"es","@id":"https:\/\/tourtravelandmore.com\/es\/tours\/eeuu-es\/hawaii-es\/isla-hawaii-es\/tour-privado-a-la-isla-de-hawaii\/#primaryimage","url":"https:\/\/tourtravelandmore.com\/wp-content\/uploads\/2020\/11\/Big-island-4-scaled.jpg","contentUrl":"https:\/\/tourtravelandmore.com\/wp-content\/uploads\/2020\/11\/Big-island-4-scaled.jpg","width":2560,"height":1707},{"@type":"BreadcrumbList","@id":"https:\/\/tourtravelandmore.com\/es\/tours\/eeuu-es\/hawaii-es\/isla-hawaii-es\/tour-privado-a-la-isla-de-hawaii\/#breadcrumb","itemListElement":[{"@type":"ListItem","position":1,"name":"Home","item":"https:\/\/tourtravelandmore.com\/es\/"},{"@type":"ListItem","position":2,"name":"Tours","item":"https:\/\/tourtravelandmore.com\/es\/tours\/"},{"@type":"ListItem","position":3,"name":"Tour privado a la isla de Hawaii"}]},{"@type":"WebSite","@id":"https:\/\/tourtravelandmore.com\/es\/#website","url":"https:\/\/tourtravelandmore.com\/es\/","name":"Tour Travel And More","description":"Private sightseeing tours and luxury transfers in Spain","publisher":{"@id":"https:\/\/tourtravelandmore.com\/es\/#organization"},"potentialAction":[{"@type":"SearchAction","target":{"@type":"EntryPoint","urlTemplate":"https:\/\/tourtravelandmore.com\/es\/?s={search_term_string}"},"query-input":{"@type":"PropertyValueSpecification","valueRequired":true,"valueName":"search_term_string"}}],"inLanguage":"es"},{"@type":"Organization","@id":"https:\/\/tourtravelandmore.com\/es\/#organization","name":"Tour Travel And More","url":"https:\/\/tourtravelandmore.com\/es\/","logo":{"@type":"ImageObject","inLanguage":"es","@id":"https:\/\/tourtravelandmore.com\/es\/#\/schema\/logo\/image\/","url":"https:\/\/tourtravelandmore.com\/wp-content\/uploads\/2022\/12\/cropped-logo-cabecera-new.png","contentUrl":"https:\/\/tourtravelandmore.com\/wp-content\/uploads\/2022\/12\/cropped-logo-cabecera-new.png","width":430,"height":61,"caption":"Tour Travel And More"},"image":{"@id":"https:\/\/tourtravelandmore.com\/es\/#\/schema\/logo\/image\/"},"sameAs":["https:\/\/www.facebook.com\/tourtravelandmore\/","https:\/\/x.com\/TourTravel_More"]}]}},"_links":{"self":[{"href":"https:\/\/tourtravelandmore.com\/es\/wp-json\/wp\/v2\/product\/86418","targetHints":{"allow":["GET"]}}],"collection":[{"href":"https:\/\/tourtravelandmore.com\/es\/wp-json\/wp\/v2\/product"}],"about":[{"href":"https:\/\/tourtravelandmore.com\/es\/wp-json\/wp\/v2\/types\/product"}],"replies":[{"embeddable":true,"href":"https:\/\/tourtravelandmore.com\/es\/wp-json\/wp\/v2\/comments?post=86418"}],"wp:featuredmedia":[{"embeddable":true,"href":"https:\/\/tourtravelandmore.com\/es\/wp-json\/wp\/v2\/media\/86462"}],"wp:attachment":[{"href":"https:\/\/tourtravelandmore.com\/es\/wp-json\/wp\/v2\/media?parent=86418"}],"wp:term":[{"taxonomy":"product_brand","embeddable":true,"href":"https:\/\/tourtravelandmore.com\/es\/wp-json\/wp\/v2\/product_brand?post=86418"},{"taxonomy":"product_cat","embeddable":true,"href":"https:\/\/tourtravelandmore.com\/es\/wp-json\/wp\/v2\/product_cat?post=86418"},{"taxonomy":"product_tag","embeddable":true,"href":"https:\/\/tourtravelandmore.com\/es\/wp-json\/wp\/v2\/product_tag?post=86418"}],"curies":[{"name":"wp","href":"https:\/\/api.w.org\/{rel}","templated":true}]}}