{"id":86367,"date":"2020-11-06T11:21:35","date_gmt":"2020-11-06T10:21:36","guid":{"rendered":"https:\/\/tourtravelandmore.com\/?post_type=product&#038;p=86367"},"modified":"2020-11-06T12:24:47","modified_gmt":"2020-11-06T11:24:47","slug":"tour-privado-a-pie-por-filadelfia","status":"publish","type":"product","link":"https:\/\/tourtravelandmore.com\/es\/tours\/eeuu-es\/filadelfia-es\/filadelfia-actividades-es\/tour-privado-a-pie-por-filadelfia\/","title":{"rendered":"Tour Privado a pie por Filadelfia"},"content":{"rendered":"<h2><strong>Descripci\u00f3n<\/strong><\/h2>\n<p>\u00bfEs esta su primera vez en <strong>Filadelfia<\/strong>? Si lo es, definitivamente tiene que unirse a nosotros en este <strong>tour privado a pie por Filadelfia<\/strong>. D\u00e9jese admirar por esta incre\u00edble ciudad en un recorrido de 3 horas con un <strong>gu\u00eda tur\u00edstico profesional<\/strong>. Podr\u00e1s visitar los aspectos m\u00e1s destacados de la ciudad m\u00e1s grande de Pensilvania.<\/p>\n<p>Este tour privado comenzar\u00e1 en su hotel ubicado en el centro o en un punto de encuentro central. En caso de que su hotel est\u00e9 lejos del centro, podemos organizar un traslado privado solo para usted y su grupo. Simplemente comun\u00edquese con <strong>Tour Travel &amp; More<\/strong> y todo nuestro equipo estar\u00e1 listo para ayudarlo.<\/p>\n<p><strong>Filadelfia<\/strong> se encuentra en la orilla oriental del r\u00edo Delaware (el r\u00edo la separa del estado de Nueva Jersey). Es la quinta ciudad m\u00e1s poblada de Estados Unidos. Filadelfia es una ciudad muy conocida por sus edificios hist\u00f3ricos como el Independence Hall y Libery Bell. Tambi\u00e9n es un intermediario importante entre Nueva York y Washington D.C.<\/p>\n<p>Obtenga la oportunidad de aprender sobre la historia de los Estados Unidos con este tour privado a pie por Filadelfia. Su gu\u00eda tur\u00edstico oficial privado estar\u00e1 a su completa disposici\u00f3n durante todo el recorrido.<\/p>\n<h2><strong>Puntos de inter\u00e9s<\/strong><\/h2>\n<p>En primer lugar, se reunir\u00e1 con su gu\u00eda tur\u00edstico oficial privado a la hora deseada por usted en el centro de Filadelfia. Recuerde que este es un tour privado, por lo que puedes personalizar tu propia experiencia.<\/p>\n<p>Durante este recorrido privado a pie, su gu\u00eda tur\u00edstico privado lo llevar\u00e1 a conocer lo m\u00e1s importante de esta incre\u00edble ciudad. Puedes hacer paradas en los lugares que m\u00e1s te interesen y si lo prefieres podemos incluir entrada a cualquier monumento o museo.<\/p>\n<p>Entre otros monumentos y lugares, podr\u00e1s visitar:<\/p>\n<ul>\n<li><strong>Sal\u00f3n de la Independencia<\/strong>: edificio donde se aprob\u00f3 la constituci\u00f3n.<\/li>\n<li><strong>Liberty Bell<\/strong>: es el s\u00edmbolo de la libertad de la ciudad.<\/li>\n<li><strong>Ayuntamiento de Filadelfia<\/strong>: es el ayuntamiento m\u00e1s grande de todos los Estados Unidos<\/li>\n<li><strong>Museo de Arte de Filadelfia <\/strong><\/li>\n<li><strong>Estatua de Rocky Balboa <\/strong><\/li>\n<li><strong>Escaleras de Rocky<\/strong><\/li>\n<li><a href=\"https:\/\/readingterminalmarket.org\">Terminal del Mercado de Lectura <\/a><\/li>\n<li><strong>Jardines M\u00e1gicos de Filadelfia <\/strong><\/li>\n<li>\u00a1y mucho m\u00e1s!<\/li>\n<\/ul>\n<p>Este es un recorrido a pie de 3 horas desde el momento de la recogida hasta el momento de devoluci\u00f3n. Podemos incluir m\u00e1s horas a tu experiencia en caso de que prefieras seguir conociendo la ciudad.<\/p>\n<p>Finalmente, al final del recorrido, su gu\u00eda privado lo dejar\u00e1 en un lugar central de Filadelfia.<\/p>\n<p>Tambi\u00e9n podemos ofrecerle la oportunidad de realizar un tour por la ciudad de Filadelfia con conductor y gu\u00eda privado, \u00a1echa un vistazo!<\/p>\n","protected":false},"excerpt":{"rendered":"<p>La mejor manera de conocer una ciudad es caminando y perdi\u00e9ndose por sus calles. Acomp\u00e1\u00f1enos en este tour privado a pie por Filadelfia y d\u00e9jese admirar por sus incre\u00edbles edificios y su interesante historia.<\/p>\n","protected":false},"featured_media":86379,"comment_status":"open","ping_status":"closed","template":"","meta":{"_acf_changed":false},"product_brand":[],"product_cat":[1602,2758,2761,2767],"product_tag":[],"class_list":{"0":"post-86367","1":"product","2":"type-product","3":"status-publish","4":"has-post-thumbnail","6":"product_cat-eeuu-es","7":"product_cat-filadelfia-es","8":"product_cat-filadelfia-actividades-es","9":"product_cat-filadelfia-a-pie-es","11":"first","12":"instock","13":"shipping-taxable","14":"purchasable","15":"product-type-simple"},"acf":[],"yoast_head":"<!-- This site is optimized with the Yoast SEO Premium plugin v25.3.1 (Yoast SEO v25.3.1) - https:\/\/yoast.com\/wordpress\/plugins\/seo\/ -->\n<title>Tour Privado a pie por Filadelfia con gu\u00eda oficial local<\/title>\n<meta name=\"description\" content=\"Disfrute este Tour Privado a pie por Filadelfia junto a un fu\u00eda oficial. Conozca los lugares mas bonitos e interesantes de esta increible ciudad.\" \/>\n<meta name=\"robots\" content=\"index, follow, max-snippet:-1, max-image-preview:large, max-video-preview:-1\" \/>\n<link rel=\"canonical\" href=\"https:\/\/tourtravelandmore.com\/es\/tours\/eeuu-es\/filadelfia-es\/filadelfia-actividades-es\/tour-privado-a-pie-por-filadelfia\/\" \/>\n<meta property=\"og:locale\" content=\"es_ES\" \/>\n<meta property=\"og:type\" content=\"article\" \/>\n<meta property=\"og:title\" content=\"Tour Privado a pie por Filadelfia\" \/>\n<meta property=\"og:description\" content=\"Disfrute este Tour Privado a pie por Filadelfia junto a un fu\u00eda oficial. Conozca los lugares mas bonitos e interesantes de esta increible ciudad.\" \/>\n<meta property=\"og:url\" content=\"https:\/\/tourtravelandmore.com\/es\/tours\/eeuu-es\/filadelfia-es\/filadelfia-actividades-es\/tour-privado-a-pie-por-filadelfia\/\" \/>\n<meta property=\"og:site_name\" content=\"Tour Travel And More\" \/>\n<meta property=\"article:publisher\" content=\"https:\/\/www.facebook.com\/tourtravelandmore\/\" \/>\n<meta property=\"article:modified_time\" content=\"2020-11-06T11:24:47+00:00\" \/>\n<meta property=\"og:image\" content=\"https:\/\/tourtravelandmore.com\/wp-content\/uploads\/2020\/11\/philadelphia-6.jpg\" \/>\n\t<meta property=\"og:image:width\" content=\"1280\" \/>\n\t<meta property=\"og:image:height\" content=\"932\" \/>\n\t<meta property=\"og:image:type\" content=\"image\/jpeg\" \/>\n<meta name=\"twitter:card\" content=\"summary_large_image\" \/>\n<meta name=\"twitter:site\" content=\"@TourTravel_More\" \/>\n<meta name=\"twitter:label1\" content=\"Tiempo de lectura\" \/>\n\t<meta name=\"twitter:data1\" content=\"2 minutos\" \/>\n<script type=\"application\/ld+json\" class=\"yoast-schema-graph\">{\"@context\":\"https:\/\/schema.org\",\"@graph\":[{\"@type\":\"WebPage\",\"@id\":\"https:\/\/tourtravelandmore.com\/es\/tours\/eeuu-es\/filadelfia-es\/filadelfia-actividades-es\/tour-privado-a-pie-por-filadelfia\/\",\"url\":\"https:\/\/tourtravelandmore.com\/es\/tours\/eeuu-es\/filadelfia-es\/filadelfia-actividades-es\/tour-privado-a-pie-por-filadelfia\/\",\"name\":\"Tour Privado a pie por Filadelfia con gu\u00eda oficial local\",\"isPartOf\":{\"@id\":\"https:\/\/tourtravelandmore.com\/es\/#website\"},\"primaryImageOfPage\":{\"@id\":\"https:\/\/tourtravelandmore.com\/es\/tours\/eeuu-es\/filadelfia-es\/filadelfia-actividades-es\/tour-privado-a-pie-por-filadelfia\/#primaryimage\"},\"image\":{\"@id\":\"https:\/\/tourtravelandmore.com\/es\/tours\/eeuu-es\/filadelfia-es\/filadelfia-actividades-es\/tour-privado-a-pie-por-filadelfia\/#primaryimage\"},\"thumbnailUrl\":\"https:\/\/tourtravelandmore.com\/wp-content\/uploads\/2020\/11\/philadelphia-6.jpg\",\"datePublished\":\"2020-11-06T10:21:36+00:00\",\"dateModified\":\"2020-11-06T11:24:47+00:00\",\"description\":\"Disfrute este Tour Privado a pie por Filadelfia junto a un fu\u00eda oficial. Conozca los lugares mas bonitos e interesantes de esta increible ciudad.\",\"breadcrumb\":{\"@id\":\"https:\/\/tourtravelandmore.com\/es\/tours\/eeuu-es\/filadelfia-es\/filadelfia-actividades-es\/tour-privado-a-pie-por-filadelfia\/#breadcrumb\"},\"inLanguage\":\"es\",\"potentialAction\":[{\"@type\":\"ReadAction\",\"target\":[\"https:\/\/tourtravelandmore.com\/es\/tours\/eeuu-es\/filadelfia-es\/filadelfia-actividades-es\/tour-privado-a-pie-por-filadelfia\/\"]}]},{\"@type\":\"ImageObject\",\"inLanguage\":\"es\",\"@id\":\"https:\/\/tourtravelandmore.com\/es\/tours\/eeuu-es\/filadelfia-es\/filadelfia-actividades-es\/tour-privado-a-pie-por-filadelfia\/#primaryimage\",\"url\":\"https:\/\/tourtravelandmore.com\/wp-content\/uploads\/2020\/11\/philadelphia-6.jpg\",\"contentUrl\":\"https:\/\/tourtravelandmore.com\/wp-content\/uploads\/2020\/11\/philadelphia-6.jpg\",\"width\":1280,\"height\":932},{\"@type\":\"BreadcrumbList\",\"@id\":\"https:\/\/tourtravelandmore.com\/es\/tours\/eeuu-es\/filadelfia-es\/filadelfia-actividades-es\/tour-privado-a-pie-por-filadelfia\/#breadcrumb\",\"itemListElement\":[{\"@type\":\"ListItem\",\"position\":1,\"name\":\"Home\",\"item\":\"https:\/\/tourtravelandmore.com\/es\/\"},{\"@type\":\"ListItem\",\"position\":2,\"name\":\"Tours\",\"item\":\"https:\/\/tourtravelandmore.com\/es\/tours\/\"},{\"@type\":\"ListItem\",\"position\":3,\"name\":\"Tour Privado a pie por Filadelfia\"}]},{\"@type\":\"WebSite\",\"@id\":\"https:\/\/tourtravelandmore.com\/es\/#website\",\"url\":\"https:\/\/tourtravelandmore.com\/es\/\",\"name\":\"Tour Travel And More\",\"description\":\"Private sightseeing tours and luxury transfers in Spain\",\"publisher\":{\"@id\":\"https:\/\/tourtravelandmore.com\/es\/#organization\"},\"potentialAction\":[{\"@type\":\"SearchAction\",\"target\":{\"@type\":\"EntryPoint\",\"urlTemplate\":\"https:\/\/tourtravelandmore.com\/es\/?s={search_term_string}\"},\"query-input\":{\"@type\":\"PropertyValueSpecification\",\"valueRequired\":true,\"valueName\":\"search_term_string\"}}],\"inLanguage\":\"es\"},{\"@type\":\"Organization\",\"@id\":\"https:\/\/tourtravelandmore.com\/es\/#organization\",\"name\":\"Tour Travel And More\",\"url\":\"https:\/\/tourtravelandmore.com\/es\/\",\"logo\":{\"@type\":\"ImageObject\",\"inLanguage\":\"es\",\"@id\":\"https:\/\/tourtravelandmore.com\/es\/#\/schema\/logo\/image\/\",\"url\":\"https:\/\/tourtravelandmore.com\/wp-content\/uploads\/2022\/12\/cropped-logo-cabecera-new.png\",\"contentUrl\":\"https:\/\/tourtravelandmore.com\/wp-content\/uploads\/2022\/12\/cropped-logo-cabecera-new.png\",\"width\":430,\"height\":61,\"caption\":\"Tour Travel And More\"},\"image\":{\"@id\":\"https:\/\/tourtravelandmore.com\/es\/#\/schema\/logo\/image\/\"},\"sameAs\":[\"https:\/\/www.facebook.com\/tourtravelandmore\/\",\"https:\/\/x.com\/TourTravel_More\"]}]}<\/script>\n<!-- \/ Yoast SEO Premium plugin. -->","yoast_head_json":{"title":"Tour Privado a pie por Filadelfia con gu\u00eda oficial local","description":"Disfrute este Tour Privado a pie por Filadelfia junto a un fu\u00eda oficial. Conozca los lugares mas bonitos e interesantes de esta increible ciudad.","robots":{"index":"index","follow":"follow","max-snippet":"max-snippet:-1","max-image-preview":"max-image-preview:large","max-video-preview":"max-video-preview:-1"},"canonical":"https:\/\/tourtravelandmore.com\/es\/tours\/eeuu-es\/filadelfia-es\/filadelfia-actividades-es\/tour-privado-a-pie-por-filadelfia\/","og_locale":"es_ES","og_type":"article","og_title":"Tour Privado a pie por Filadelfia","og_description":"Disfrute este Tour Privado a pie por Filadelfia junto a un fu\u00eda oficial. Conozca los lugares mas bonitos e interesantes de esta increible ciudad.","og_url":"https:\/\/tourtravelandmore.com\/es\/tours\/eeuu-es\/filadelfia-es\/filadelfia-actividades-es\/tour-privado-a-pie-por-filadelfia\/","og_site_name":"Tour Travel And More","article_publisher":"https:\/\/www.facebook.com\/tourtravelandmore\/","article_modified_time":"2020-11-06T11:24:47+00:00","og_image":[{"width":1280,"height":932,"url":"https:\/\/tourtravelandmore.com\/wp-content\/uploads\/2020\/11\/philadelphia-6.jpg","type":"image\/jpeg"}],"twitter_card":"summary_large_image","twitter_site":"@TourTravel_More","twitter_misc":{"Tiempo de lectura":"2 minutos"},"schema":{"@context":"https:\/\/schema.org","@graph":[{"@type":"WebPage","@id":"https:\/\/tourtravelandmore.com\/es\/tours\/eeuu-es\/filadelfia-es\/filadelfia-actividades-es\/tour-privado-a-pie-por-filadelfia\/","url":"https:\/\/tourtravelandmore.com\/es\/tours\/eeuu-es\/filadelfia-es\/filadelfia-actividades-es\/tour-privado-a-pie-por-filadelfia\/","name":"Tour Privado a pie por Filadelfia con gu\u00eda oficial local","isPartOf":{"@id":"https:\/\/tourtravelandmore.com\/es\/#website"},"primaryImageOfPage":{"@id":"https:\/\/tourtravelandmore.com\/es\/tours\/eeuu-es\/filadelfia-es\/filadelfia-actividades-es\/tour-privado-a-pie-por-filadelfia\/#primaryimage"},"image":{"@id":"https:\/\/tourtravelandmore.com\/es\/tours\/eeuu-es\/filadelfia-es\/filadelfia-actividades-es\/tour-privado-a-pie-por-filadelfia\/#primaryimage"},"thumbnailUrl":"https:\/\/tourtravelandmore.com\/wp-content\/uploads\/2020\/11\/philadelphia-6.jpg","datePublished":"2020-11-06T10:21:36+00:00","dateModified":"2020-11-06T11:24:47+00:00","description":"Disfrute este Tour Privado a pie por Filadelfia junto a un fu\u00eda oficial. Conozca los lugares mas bonitos e interesantes de esta increible ciudad.","breadcrumb":{"@id":"https:\/\/tourtravelandmore.com\/es\/tours\/eeuu-es\/filadelfia-es\/filadelfia-actividades-es\/tour-privado-a-pie-por-filadelfia\/#breadcrumb"},"inLanguage":"es","potentialAction":[{"@type":"ReadAction","target":["https:\/\/tourtravelandmore.com\/es\/tours\/eeuu-es\/filadelfia-es\/filadelfia-actividades-es\/tour-privado-a-pie-por-filadelfia\/"]}]},{"@type":"ImageObject","inLanguage":"es","@id":"https:\/\/tourtravelandmore.com\/es\/tours\/eeuu-es\/filadelfia-es\/filadelfia-actividades-es\/tour-privado-a-pie-por-filadelfia\/#primaryimage","url":"https:\/\/tourtravelandmore.com\/wp-content\/uploads\/2020\/11\/philadelphia-6.jpg","contentUrl":"https:\/\/tourtravelandmore.com\/wp-content\/uploads\/2020\/11\/philadelphia-6.jpg","width":1280,"height":932},{"@type":"BreadcrumbList","@id":"https:\/\/tourtravelandmore.com\/es\/tours\/eeuu-es\/filadelfia-es\/filadelfia-actividades-es\/tour-privado-a-pie-por-filadelfia\/#breadcrumb","itemListElement":[{"@type":"ListItem","position":1,"name":"Home","item":"https:\/\/tourtravelandmore.com\/es\/"},{"@type":"ListItem","position":2,"name":"Tours","item":"https:\/\/tourtravelandmore.com\/es\/tours\/"},{"@type":"ListItem","position":3,"name":"Tour Privado a pie por Filadelfia"}]},{"@type":"WebSite","@id":"https:\/\/tourtravelandmore.com\/es\/#website","url":"https:\/\/tourtravelandmore.com\/es\/","name":"Tour Travel And More","description":"Private sightseeing tours and luxury transfers in Spain","publisher":{"@id":"https:\/\/tourtravelandmore.com\/es\/#organization"},"potentialAction":[{"@type":"SearchAction","target":{"@type":"EntryPoint","urlTemplate":"https:\/\/tourtravelandmore.com\/es\/?s={search_term_string}"},"query-input":{"@type":"PropertyValueSpecification","valueRequired":true,"valueName":"search_term_string"}}],"inLanguage":"es"},{"@type":"Organization","@id":"https:\/\/tourtravelandmore.com\/es\/#organization","name":"Tour Travel And More","url":"https:\/\/tourtravelandmore.com\/es\/","logo":{"@type":"ImageObject","inLanguage":"es","@id":"https:\/\/tourtravelandmore.com\/es\/#\/schema\/logo\/image\/","url":"https:\/\/tourtravelandmore.com\/wp-content\/uploads\/2022\/12\/cropped-logo-cabecera-new.png","contentUrl":"https:\/\/tourtravelandmore.com\/wp-content\/uploads\/2022\/12\/cropped-logo-cabecera-new.png","width":430,"height":61,"caption":"Tour Travel And More"},"image":{"@id":"https:\/\/tourtravelandmore.com\/es\/#\/schema\/logo\/image\/"},"sameAs":["https:\/\/www.facebook.com\/tourtravelandmore\/","https:\/\/x.com\/TourTravel_More"]}]}},"_links":{"self":[{"href":"https:\/\/tourtravelandmore.com\/es\/wp-json\/wp\/v2\/product\/86367","targetHints":{"allow":["GET"]}}],"collection":[{"href":"https:\/\/tourtravelandmore.com\/es\/wp-json\/wp\/v2\/product"}],"about":[{"href":"https:\/\/tourtravelandmore.com\/es\/wp-json\/wp\/v2\/types\/product"}],"replies":[{"embeddable":true,"href":"https:\/\/tourtravelandmore.com\/es\/wp-json\/wp\/v2\/comments?post=86367"}],"wp:featuredmedia":[{"embeddable":true,"href":"https:\/\/tourtravelandmore.com\/es\/wp-json\/wp\/v2\/media\/86379"}],"wp:attachment":[{"href":"https:\/\/tourtravelandmore.com\/es\/wp-json\/wp\/v2\/media?parent=86367"}],"wp:term":[{"taxonomy":"product_brand","embeddable":true,"href":"https:\/\/tourtravelandmore.com\/es\/wp-json\/wp\/v2\/product_brand?post=86367"},{"taxonomy":"product_cat","embeddable":true,"href":"https:\/\/tourtravelandmore.com\/es\/wp-json\/wp\/v2\/product_cat?post=86367"},{"taxonomy":"product_tag","embeddable":true,"href":"https:\/\/tourtravelandmore.com\/es\/wp-json\/wp\/v2\/product_tag?post=86367"}],"curies":[{"name":"wp","href":"https:\/\/api.w.org\/{rel}","templated":true}]}}