{"id":86355,"date":"2020-11-06T10:43:14","date_gmt":"2020-11-06T09:43:14","guid":{"rendered":"https:\/\/tourtravelandmore.com\/tours\/sin%20categor\u00eda\/tour-privado-a-la-isla-de-kauai\/"},"modified":"2021-06-14T11:45:00","modified_gmt":"2021-06-14T09:45:00","slug":"tour-privado-a-la-isla-de-kauai","status":"publish","type":"product","link":"https:\/\/tourtravelandmore.com\/es\/tours\/eeuu-es\/hawaii-es\/kauai-es\/tour-privado-a-la-isla-de-kauai\/","title":{"rendered":"Tour privado a la isla de Kauai"},"content":{"rendered":"<h2>Descripci\u00f3n del Tour Privado a la isla de Kauai<\/h2>\n<p>Este tour privado por la isla de Kauai le brindar\u00e1 una gran experiencia en toda la isla. \u00a1Ser\u00e1 un recorrido completo por la isla circular!<\/p>\n<p>Deje que nuestro equipo de expertos lo lleve en esta experiencia \u00fanica y opci\u00f3n de d\u00eda completo.<\/p>\n<p>Organizaremos una c\u00f3moda recogida y lo llevaremos a esta gran experiencia. Disfrute de sitios incre\u00edbles que tambi\u00e9n incluir\u00e1n la playa Kalapaki y las famosas cataratas Wailua. Estas son una de las cascadas m\u00e1s espectaculares de la isla. Est\u00e1n ubicados a varios kil\u00f3metros de la carretera.<\/p>\n<p>Disfruta de lo mejor de esta isla con este tour por la isla circula.<\/p>\n<h2>Itinerario del Tour privado<\/h2>\n<p>Este tour privado por la isla de Kauai le dar\u00e1 una gran idea de lo que la isla de Kauai tiene para ofrecer.<\/p>\n<p>Nuestros expertos en viajes est\u00e1n aqu\u00ed para hacer que su experiencia sea \u00fanica. Su gu\u00eda tur\u00edstico lo recoger\u00e1 de su hotel o lugar de elecci\u00f3n en la isla. Luego nos dirigiremos hacia las mejores partes de esta isla.<\/p>\n<h2>Puntos emblem\u00e1ticos y de inter\u00e9s en Kauai<\/h2>\n<p>Eche un vistazo a lo que tenemos para ofrecer en este tour privado:<\/p>\n<ul>\n<li><strong>Hanalei.<\/strong><\/li>\n<li><strong>Faro de Daniel K Inouye Kilauea Point<\/strong><\/li>\n<li><strong>Iglesia y casa de la misi\u00f3n de Waioli Huiia<\/strong><\/li>\n<li><strong>Jard\u00edn Limahuli<\/strong><\/li>\n<li><strong>R\u00edo Wailua<\/strong><\/li>\n<li><strong>Cataratas de Wailua<\/strong><\/li>\n<li><strong>Costa Real del Coco<\/strong><\/li>\n<li><strong>Parque de la playa de Lydgate<\/strong><\/li>\n<li><strong>Ciudad de Kapaa<\/strong><\/li>\n<li><strong>Cataratas de Opaikaa<\/strong><\/li>\n<li><strong>Ciudad de Lihue<\/strong><\/li>\n<li><strong>Puerto de Nawliwili<\/strong><\/li>\n<li><strong>R\u00edo huleia<\/strong><\/li>\n<li><strong>Camino de Maluhia<\/strong><\/li>\n<li><strong>Ciudad de Koloa<\/strong><\/li>\n<li><strong>Poipu<\/strong><\/li>\n<li><strong>Mirador del valle de Kalalau<\/strong><\/li>\n<li><strong>Pueblo de Hanapepe<\/strong><\/li>\n<li><strong>Mucho m\u00e1s<\/strong><\/li>\n<\/ul>\n<p>Este tour privado terminar\u00e1 en el lugar que elijas en la isla. Este tour te brindar\u00e1 una experiencia \u00fanica. Conozca las mejores partes de la isla. Ser\u00e1 una experiencia de d\u00eda completo.<\/p>\n<p>No se pierda nuestros otros tours privados. Tenemos muchos tours privados alrededor del mundo. Contamos con tours privados en cualquiera de las islas de Hawaii. En Tour Travel &amp; More, podemos ofrecerle cualquier tipo de experiencia. <a href=\"https:\/\/tourtravelandmore.com\/es\/ciudad\/eeuu-es\/hawaii-es\/\" target=\"_blank\" rel=\"noopener noreferrer\">Consulte los tours privados en Haw\u00e1i.<\/a><\/p>\n","protected":false},"excerpt":{"rendered":"<p>Este<strong> tour privado<\/strong> terminar\u00e1 en el lugar que elijas en la isla. Este tour te brindar\u00e1 una experiencia \u00fanica. Conozca las mejores partes de la isla. Ser\u00e1 una experiencia de d\u00eda completo.<\/p>\n<p>&nbsp;<\/p>\n","protected":false},"featured_media":86258,"comment_status":"open","ping_status":"closed","template":"","meta":{"_acf_changed":false},"product_brand":[],"product_cat":[1602,2709,2712],"product_tag":[],"class_list":{"0":"post-86355","1":"product","2":"type-product","3":"status-publish","4":"has-post-thumbnail","6":"product_cat-eeuu-es","7":"product_cat-hawaii-es","8":"product_cat-kauai-es","10":"first","11":"instock","12":"shipping-taxable","13":"purchasable","14":"product-type-simple"},"acf":[],"yoast_head":"<!-- This site is optimized with the Yoast SEO Premium plugin v25.3.1 (Yoast SEO v25.3.1) - https:\/\/yoast.com\/wordpress\/plugins\/seo\/ -->\n<title>Tour privado a la isla de Kauai con veh\u00edculo privado | Tour Travel &amp; More<\/title>\n<meta name=\"description\" content=\"\u2192 \u00danase a nosotros en este tour privado por la isla de Kauai y tenga la oportunidad de disfrutar de esta mejor parte de Kauai \u2705\" \/>\n<meta name=\"robots\" content=\"index, follow, max-snippet:-1, max-image-preview:large, max-video-preview:-1\" \/>\n<link rel=\"canonical\" href=\"https:\/\/tourtravelandmore.com\/es\/tours\/eeuu-es\/hawaii-es\/kauai-es\/tour-privado-a-la-isla-de-kauai\/\" \/>\n<meta property=\"og:locale\" content=\"es_ES\" \/>\n<meta property=\"og:type\" content=\"article\" \/>\n<meta property=\"og:title\" content=\"Tour privado a la isla de Kauai\" \/>\n<meta property=\"og:description\" content=\"\u2192 \u00danase a nosotros en este tour privado por la isla de Kauai y tenga la oportunidad de disfrutar de esta mejor parte de Kauai \u2705\" \/>\n<meta property=\"og:url\" content=\"https:\/\/tourtravelandmore.com\/es\/tours\/eeuu-es\/hawaii-es\/kauai-es\/tour-privado-a-la-isla-de-kauai\/\" \/>\n<meta property=\"og:site_name\" content=\"Tour Travel And More\" \/>\n<meta property=\"article:publisher\" content=\"https:\/\/www.facebook.com\/tourtravelandmore\/\" \/>\n<meta property=\"article:modified_time\" content=\"2021-06-14T09:45:00+00:00\" \/>\n<meta property=\"og:image\" content=\"https:\/\/tourtravelandmore.com\/wp-content\/uploads\/2020\/11\/Kauai-8-scaled.jpg\" \/>\n\t<meta property=\"og:image:width\" content=\"2560\" \/>\n\t<meta property=\"og:image:height\" content=\"1707\" \/>\n\t<meta property=\"og:image:type\" content=\"image\/jpeg\" \/>\n<meta name=\"twitter:card\" content=\"summary_large_image\" \/>\n<meta name=\"twitter:site\" content=\"@TourTravel_More\" \/>\n<meta name=\"twitter:label1\" content=\"Tiempo de lectura\" \/>\n\t<meta name=\"twitter:data1\" content=\"2 minutos\" \/>\n<script type=\"application\/ld+json\" class=\"yoast-schema-graph\">{\"@context\":\"https:\/\/schema.org\",\"@graph\":[{\"@type\":\"WebPage\",\"@id\":\"https:\/\/tourtravelandmore.com\/es\/tours\/eeuu-es\/hawaii-es\/kauai-es\/tour-privado-a-la-isla-de-kauai\/\",\"url\":\"https:\/\/tourtravelandmore.com\/es\/tours\/eeuu-es\/hawaii-es\/kauai-es\/tour-privado-a-la-isla-de-kauai\/\",\"name\":\"Tour privado a la isla de Kauai con veh\u00edculo privado | Tour Travel & More\",\"isPartOf\":{\"@id\":\"https:\/\/tourtravelandmore.com\/es\/#website\"},\"primaryImageOfPage\":{\"@id\":\"https:\/\/tourtravelandmore.com\/es\/tours\/eeuu-es\/hawaii-es\/kauai-es\/tour-privado-a-la-isla-de-kauai\/#primaryimage\"},\"image\":{\"@id\":\"https:\/\/tourtravelandmore.com\/es\/tours\/eeuu-es\/hawaii-es\/kauai-es\/tour-privado-a-la-isla-de-kauai\/#primaryimage\"},\"thumbnailUrl\":\"https:\/\/tourtravelandmore.com\/wp-content\/uploads\/2020\/11\/Kauai-8-scaled.jpg\",\"datePublished\":\"2020-11-06T09:43:14+00:00\",\"dateModified\":\"2021-06-14T09:45:00+00:00\",\"description\":\"\u2192 \u00danase a nosotros en este tour privado por la isla de Kauai y tenga la oportunidad de disfrutar de esta mejor parte de Kauai \u2705\",\"breadcrumb\":{\"@id\":\"https:\/\/tourtravelandmore.com\/es\/tours\/eeuu-es\/hawaii-es\/kauai-es\/tour-privado-a-la-isla-de-kauai\/#breadcrumb\"},\"inLanguage\":\"es\",\"potentialAction\":[{\"@type\":\"ReadAction\",\"target\":[\"https:\/\/tourtravelandmore.com\/es\/tours\/eeuu-es\/hawaii-es\/kauai-es\/tour-privado-a-la-isla-de-kauai\/\"]}]},{\"@type\":\"ImageObject\",\"inLanguage\":\"es\",\"@id\":\"https:\/\/tourtravelandmore.com\/es\/tours\/eeuu-es\/hawaii-es\/kauai-es\/tour-privado-a-la-isla-de-kauai\/#primaryimage\",\"url\":\"https:\/\/tourtravelandmore.com\/wp-content\/uploads\/2020\/11\/Kauai-8-scaled.jpg\",\"contentUrl\":\"https:\/\/tourtravelandmore.com\/wp-content\/uploads\/2020\/11\/Kauai-8-scaled.jpg\",\"width\":2560,\"height\":1707},{\"@type\":\"BreadcrumbList\",\"@id\":\"https:\/\/tourtravelandmore.com\/es\/tours\/eeuu-es\/hawaii-es\/kauai-es\/tour-privado-a-la-isla-de-kauai\/#breadcrumb\",\"itemListElement\":[{\"@type\":\"ListItem\",\"position\":1,\"name\":\"Home\",\"item\":\"https:\/\/tourtravelandmore.com\/es\/\"},{\"@type\":\"ListItem\",\"position\":2,\"name\":\"Tours\",\"item\":\"https:\/\/tourtravelandmore.com\/es\/tours\/\"},{\"@type\":\"ListItem\",\"position\":3,\"name\":\"Tour privado a la isla de Kauai\"}]},{\"@type\":\"WebSite\",\"@id\":\"https:\/\/tourtravelandmore.com\/es\/#website\",\"url\":\"https:\/\/tourtravelandmore.com\/es\/\",\"name\":\"Tour Travel And More\",\"description\":\"Private sightseeing tours and luxury transfers in Spain\",\"publisher\":{\"@id\":\"https:\/\/tourtravelandmore.com\/es\/#organization\"},\"potentialAction\":[{\"@type\":\"SearchAction\",\"target\":{\"@type\":\"EntryPoint\",\"urlTemplate\":\"https:\/\/tourtravelandmore.com\/es\/?s={search_term_string}\"},\"query-input\":{\"@type\":\"PropertyValueSpecification\",\"valueRequired\":true,\"valueName\":\"search_term_string\"}}],\"inLanguage\":\"es\"},{\"@type\":\"Organization\",\"@id\":\"https:\/\/tourtravelandmore.com\/es\/#organization\",\"name\":\"Tour Travel And More\",\"url\":\"https:\/\/tourtravelandmore.com\/es\/\",\"logo\":{\"@type\":\"ImageObject\",\"inLanguage\":\"es\",\"@id\":\"https:\/\/tourtravelandmore.com\/es\/#\/schema\/logo\/image\/\",\"url\":\"https:\/\/tourtravelandmore.com\/wp-content\/uploads\/2022\/12\/cropped-logo-cabecera-new.png\",\"contentUrl\":\"https:\/\/tourtravelandmore.com\/wp-content\/uploads\/2022\/12\/cropped-logo-cabecera-new.png\",\"width\":430,\"height\":61,\"caption\":\"Tour Travel And More\"},\"image\":{\"@id\":\"https:\/\/tourtravelandmore.com\/es\/#\/schema\/logo\/image\/\"},\"sameAs\":[\"https:\/\/www.facebook.com\/tourtravelandmore\/\",\"https:\/\/x.com\/TourTravel_More\"]}]}<\/script>\n<!-- \/ Yoast SEO Premium plugin. -->","yoast_head_json":{"title":"Tour privado a la isla de Kauai con veh\u00edculo privado | Tour Travel & More","description":"\u2192 \u00danase a nosotros en este tour privado por la isla de Kauai y tenga la oportunidad de disfrutar de esta mejor parte de Kauai \u2705","robots":{"index":"index","follow":"follow","max-snippet":"max-snippet:-1","max-image-preview":"max-image-preview:large","max-video-preview":"max-video-preview:-1"},"canonical":"https:\/\/tourtravelandmore.com\/es\/tours\/eeuu-es\/hawaii-es\/kauai-es\/tour-privado-a-la-isla-de-kauai\/","og_locale":"es_ES","og_type":"article","og_title":"Tour privado a la isla de Kauai","og_description":"\u2192 \u00danase a nosotros en este tour privado por la isla de Kauai y tenga la oportunidad de disfrutar de esta mejor parte de Kauai \u2705","og_url":"https:\/\/tourtravelandmore.com\/es\/tours\/eeuu-es\/hawaii-es\/kauai-es\/tour-privado-a-la-isla-de-kauai\/","og_site_name":"Tour Travel And More","article_publisher":"https:\/\/www.facebook.com\/tourtravelandmore\/","article_modified_time":"2021-06-14T09:45:00+00:00","og_image":[{"width":2560,"height":1707,"url":"https:\/\/tourtravelandmore.com\/wp-content\/uploads\/2020\/11\/Kauai-8-scaled.jpg","type":"image\/jpeg"}],"twitter_card":"summary_large_image","twitter_site":"@TourTravel_More","twitter_misc":{"Tiempo de lectura":"2 minutos"},"schema":{"@context":"https:\/\/schema.org","@graph":[{"@type":"WebPage","@id":"https:\/\/tourtravelandmore.com\/es\/tours\/eeuu-es\/hawaii-es\/kauai-es\/tour-privado-a-la-isla-de-kauai\/","url":"https:\/\/tourtravelandmore.com\/es\/tours\/eeuu-es\/hawaii-es\/kauai-es\/tour-privado-a-la-isla-de-kauai\/","name":"Tour privado a la isla de Kauai con veh\u00edculo privado | Tour Travel & More","isPartOf":{"@id":"https:\/\/tourtravelandmore.com\/es\/#website"},"primaryImageOfPage":{"@id":"https:\/\/tourtravelandmore.com\/es\/tours\/eeuu-es\/hawaii-es\/kauai-es\/tour-privado-a-la-isla-de-kauai\/#primaryimage"},"image":{"@id":"https:\/\/tourtravelandmore.com\/es\/tours\/eeuu-es\/hawaii-es\/kauai-es\/tour-privado-a-la-isla-de-kauai\/#primaryimage"},"thumbnailUrl":"https:\/\/tourtravelandmore.com\/wp-content\/uploads\/2020\/11\/Kauai-8-scaled.jpg","datePublished":"2020-11-06T09:43:14+00:00","dateModified":"2021-06-14T09:45:00+00:00","description":"\u2192 \u00danase a nosotros en este tour privado por la isla de Kauai y tenga la oportunidad de disfrutar de esta mejor parte de Kauai \u2705","breadcrumb":{"@id":"https:\/\/tourtravelandmore.com\/es\/tours\/eeuu-es\/hawaii-es\/kauai-es\/tour-privado-a-la-isla-de-kauai\/#breadcrumb"},"inLanguage":"es","potentialAction":[{"@type":"ReadAction","target":["https:\/\/tourtravelandmore.com\/es\/tours\/eeuu-es\/hawaii-es\/kauai-es\/tour-privado-a-la-isla-de-kauai\/"]}]},{"@type":"ImageObject","inLanguage":"es","@id":"https:\/\/tourtravelandmore.com\/es\/tours\/eeuu-es\/hawaii-es\/kauai-es\/tour-privado-a-la-isla-de-kauai\/#primaryimage","url":"https:\/\/tourtravelandmore.com\/wp-content\/uploads\/2020\/11\/Kauai-8-scaled.jpg","contentUrl":"https:\/\/tourtravelandmore.com\/wp-content\/uploads\/2020\/11\/Kauai-8-scaled.jpg","width":2560,"height":1707},{"@type":"BreadcrumbList","@id":"https:\/\/tourtravelandmore.com\/es\/tours\/eeuu-es\/hawaii-es\/kauai-es\/tour-privado-a-la-isla-de-kauai\/#breadcrumb","itemListElement":[{"@type":"ListItem","position":1,"name":"Home","item":"https:\/\/tourtravelandmore.com\/es\/"},{"@type":"ListItem","position":2,"name":"Tours","item":"https:\/\/tourtravelandmore.com\/es\/tours\/"},{"@type":"ListItem","position":3,"name":"Tour privado a la isla de Kauai"}]},{"@type":"WebSite","@id":"https:\/\/tourtravelandmore.com\/es\/#website","url":"https:\/\/tourtravelandmore.com\/es\/","name":"Tour Travel And More","description":"Private sightseeing tours and luxury transfers in Spain","publisher":{"@id":"https:\/\/tourtravelandmore.com\/es\/#organization"},"potentialAction":[{"@type":"SearchAction","target":{"@type":"EntryPoint","urlTemplate":"https:\/\/tourtravelandmore.com\/es\/?s={search_term_string}"},"query-input":{"@type":"PropertyValueSpecification","valueRequired":true,"valueName":"search_term_string"}}],"inLanguage":"es"},{"@type":"Organization","@id":"https:\/\/tourtravelandmore.com\/es\/#organization","name":"Tour Travel And More","url":"https:\/\/tourtravelandmore.com\/es\/","logo":{"@type":"ImageObject","inLanguage":"es","@id":"https:\/\/tourtravelandmore.com\/es\/#\/schema\/logo\/image\/","url":"https:\/\/tourtravelandmore.com\/wp-content\/uploads\/2022\/12\/cropped-logo-cabecera-new.png","contentUrl":"https:\/\/tourtravelandmore.com\/wp-content\/uploads\/2022\/12\/cropped-logo-cabecera-new.png","width":430,"height":61,"caption":"Tour Travel And More"},"image":{"@id":"https:\/\/tourtravelandmore.com\/es\/#\/schema\/logo\/image\/"},"sameAs":["https:\/\/www.facebook.com\/tourtravelandmore\/","https:\/\/x.com\/TourTravel_More"]}]}},"_links":{"self":[{"href":"https:\/\/tourtravelandmore.com\/es\/wp-json\/wp\/v2\/product\/86355","targetHints":{"allow":["GET"]}}],"collection":[{"href":"https:\/\/tourtravelandmore.com\/es\/wp-json\/wp\/v2\/product"}],"about":[{"href":"https:\/\/tourtravelandmore.com\/es\/wp-json\/wp\/v2\/types\/product"}],"replies":[{"embeddable":true,"href":"https:\/\/tourtravelandmore.com\/es\/wp-json\/wp\/v2\/comments?post=86355"}],"wp:featuredmedia":[{"embeddable":true,"href":"https:\/\/tourtravelandmore.com\/es\/wp-json\/wp\/v2\/media\/86258"}],"wp:attachment":[{"href":"https:\/\/tourtravelandmore.com\/es\/wp-json\/wp\/v2\/media?parent=86355"}],"wp:term":[{"taxonomy":"product_brand","embeddable":true,"href":"https:\/\/tourtravelandmore.com\/es\/wp-json\/wp\/v2\/product_brand?post=86355"},{"taxonomy":"product_cat","embeddable":true,"href":"https:\/\/tourtravelandmore.com\/es\/wp-json\/wp\/v2\/product_cat?post=86355"},{"taxonomy":"product_tag","embeddable":true,"href":"https:\/\/tourtravelandmore.com\/es\/wp-json\/wp\/v2\/product_tag?post=86355"}],"curies":[{"name":"wp","href":"https:\/\/api.w.org\/{rel}","templated":true}]}}