{"id":86340,"date":"2020-11-06T10:19:24","date_gmt":"2020-11-06T09:19:26","guid":{"rendered":"https:\/\/tourtravelandmore.com\/?post_type=product&#038;p=86340"},"modified":"2021-06-14T12:03:07","modified_gmt":"2021-06-14T10:03:07","slug":"tour-privado-por-el-valle-y-las-cascadas-de-wailua","status":"publish","type":"product","link":"https:\/\/tourtravelandmore.com\/es\/tours\/eeuu-es\/hawaii-es\/kauai-es\/tour-privado-por-el-valle-y-las-cascadas-de-wailua\/","title":{"rendered":"Tour privado por el valle y las cascadas de Wailua"},"content":{"rendered":"<h2>Descripci\u00f3n del Tour Privado<\/h2>\n<p>Este tour privado por el valle y las cascadas de Wailua en Kauai es un recorrido perfecto para disfrutar del r\u00edo Wailua.<\/p>\n<p>El r\u00edo Wailua es uno de los mejores lugares de la isla para remar en agua dulce. Esta es una gran experiencia para disfrutar con un gu\u00eda. Este es un tour de d\u00eda completo en la isla y de los atractivos m\u00e1s naturales que la isla tiene para ofrecer. \u00a1Llegue a las incre\u00edbles ubicaciones del ca\u00f1\u00f3n de Waimea, el r\u00edo Wailua y mucho m\u00e1s!<\/p>\n<p>Organizaremos una recogida privada desde su hotel en Kauai, luego comenzaremos el recorrido.<\/p>\n<p>Las atracciones naturales de Kauai son una experiencia de d\u00eda completo incre\u00edble. Comenzaremos este gran recorrido y se sentir\u00e1 c\u00f3modo en su veh\u00edculo privado con su gu\u00eda tur\u00edstico oficial.<\/p>\n<p><strong>\u00a1Incluiremos ubicaciones y atracciones para detenerse como Koloa Sugar Mill, Nawiliwili Habor y mucho m\u00e1s!<\/strong><\/p>\n<p>Finalmente, lo dejaremos en su hotel o lugar de elecci\u00f3n en la isla.<\/p>\n<h2>Puntos emblem\u00e1ticos y de inter\u00e9s por el Valle y las Cascadas de Wailua<\/h2>\n<p>\u00a1Este tour privado por el valle y las cascadas de Wailua es una experiencia incre\u00edble para ti!<\/p>\n<p>Durante este recorrido, lo llevaremos a lugares y lugares incre\u00edbles en la isla. Aqu\u00ed hay unos ejemplos:<\/p>\n<ul>\n<li><strong>Ca\u00f1\u00f3n de Waimea. Aqu\u00ed encontrar\u00e1 asombrosas e impresionantes vistas de la isla y el pac\u00edfico.<\/strong><\/li>\n<li><strong>R\u00edo Wailua<\/strong><\/li>\n<li><strong>Gruta de helecho<\/strong><\/li>\n<li><strong>Cataratas Opaekka<\/strong><\/li>\n<li><strong>Coco Palms Groove<\/strong><\/li>\n<li><strong>Cuerno de chorro<\/strong><\/li>\n<li><strong>Bah\u00eda de Waimea<\/strong><\/li>\n<li><strong>\u00a1Y m\u00e1s!<\/strong><\/li>\n<\/ul>\n<p>Deje que nuestro gu\u00eda tur\u00edstico privado est\u00e9 a su disposici\u00f3n durante todo el d\u00eda. Terminaremos en su hotel en la isla.<\/p>\n<p><a href=\"https:\/\/tourtravelandmore.com\/es\/ciudad\/eeuu-es\/hawaii-es\/\" target=\"_blank\" rel=\"noopener noreferrer\">Eche un vistazo a nuestros otros tours privados en cualquiera de las islas hawaianas.<\/a> \u00a1En Tour Travel &amp; More, tambi\u00e9n ofrecemos tours privados en cualquier otra ciudad del mundo para ti!<\/p>\n","protected":false},"excerpt":{"rendered":"<div id=\"tw-target-text-container\" class=\"tw-ta-container hide-focus-ring tw-nfl\" tabindex=\"0\">\n<p id=\"tw-target-text\" class=\"tw-data-text tw-text-large XcVN5d tw-ta\" dir=\"ltr\" data-placeholder=\"Traducci\u00f3n\">\u00danase a nosotros en este <strong>tour privado por el valle y las cascadas de Wailua<\/strong> y tenga la oportunidad de disfrutar de esta mejor parte de Kauai. Una experiencia privada verdaderamente asombrosa.<\/p>\n<\/div>\n<div id=\"tw-images\"><\/div>\n<div class=\"dURPtb\">\n<div>\n<div><\/div>\n<\/div>\n<\/div>\n","protected":false},"featured_media":86258,"comment_status":"open","ping_status":"closed","template":"","meta":{"_acf_changed":false},"product_brand":[],"product_cat":[1602,2709,2712],"product_tag":[],"class_list":{"0":"post-86340","1":"product","2":"type-product","3":"status-publish","4":"has-post-thumbnail","6":"product_cat-eeuu-es","7":"product_cat-hawaii-es","8":"product_cat-kauai-es","10":"first","11":"instock","12":"shipping-taxable","13":"purchasable","14":"product-type-simple"},"acf":[],"yoast_head":"<!-- This site is optimized with the Yoast SEO Premium plugin v25.3.1 (Yoast SEO v25.3.1) - https:\/\/yoast.com\/wordpress\/plugins\/seo\/ -->\n<title>Tour privado por el valle y las cascadas de Wailua | Tour Travel &amp; More<\/title>\n<meta name=\"description\" content=\"\u2192 \u00danase a nosotros en este tour privado por el valle y las cascadas de Wailua y tenga la oportunidad de disfrutar de esta mejor parte de Kauai \u2705\" \/>\n<meta name=\"robots\" content=\"index, follow, max-snippet:-1, max-image-preview:large, max-video-preview:-1\" \/>\n<link rel=\"canonical\" href=\"https:\/\/tourtravelandmore.com\/es\/tours\/eeuu-es\/hawaii-es\/kauai-es\/tour-privado-por-el-valle-y-las-cascadas-de-wailua\/\" \/>\n<meta property=\"og:locale\" content=\"es_ES\" \/>\n<meta property=\"og:type\" content=\"article\" \/>\n<meta property=\"og:title\" content=\"Tour privado por el valle y las cascadas de Wailua\" \/>\n<meta property=\"og:description\" content=\"\u2192 \u00danase a nosotros en este tour privado por el valle y las cascadas de Wailua y tenga la oportunidad de disfrutar de esta mejor parte de Kauai \u2705\" \/>\n<meta property=\"og:url\" content=\"https:\/\/tourtravelandmore.com\/es\/tours\/eeuu-es\/hawaii-es\/kauai-es\/tour-privado-por-el-valle-y-las-cascadas-de-wailua\/\" \/>\n<meta property=\"og:site_name\" content=\"Tour Travel And More\" \/>\n<meta property=\"article:publisher\" content=\"https:\/\/www.facebook.com\/tourtravelandmore\/\" \/>\n<meta property=\"article:modified_time\" content=\"2021-06-14T10:03:07+00:00\" \/>\n<meta property=\"og:image\" content=\"https:\/\/tourtravelandmore.com\/wp-content\/uploads\/2020\/11\/Kauai-8-scaled.jpg\" \/>\n\t<meta property=\"og:image:width\" content=\"2560\" \/>\n\t<meta property=\"og:image:height\" content=\"1707\" \/>\n\t<meta property=\"og:image:type\" content=\"image\/jpeg\" \/>\n<meta name=\"twitter:card\" content=\"summary_large_image\" \/>\n<meta name=\"twitter:site\" content=\"@TourTravel_More\" \/>\n<meta name=\"twitter:label1\" content=\"Tiempo de lectura\" \/>\n\t<meta name=\"twitter:data1\" content=\"2 minutos\" \/>\n<script type=\"application\/ld+json\" class=\"yoast-schema-graph\">{\"@context\":\"https:\/\/schema.org\",\"@graph\":[{\"@type\":\"WebPage\",\"@id\":\"https:\/\/tourtravelandmore.com\/es\/tours\/eeuu-es\/hawaii-es\/kauai-es\/tour-privado-por-el-valle-y-las-cascadas-de-wailua\/\",\"url\":\"https:\/\/tourtravelandmore.com\/es\/tours\/eeuu-es\/hawaii-es\/kauai-es\/tour-privado-por-el-valle-y-las-cascadas-de-wailua\/\",\"name\":\"Tour privado por el valle y las cascadas de Wailua | Tour Travel & More\",\"isPartOf\":{\"@id\":\"https:\/\/tourtravelandmore.com\/es\/#website\"},\"primaryImageOfPage\":{\"@id\":\"https:\/\/tourtravelandmore.com\/es\/tours\/eeuu-es\/hawaii-es\/kauai-es\/tour-privado-por-el-valle-y-las-cascadas-de-wailua\/#primaryimage\"},\"image\":{\"@id\":\"https:\/\/tourtravelandmore.com\/es\/tours\/eeuu-es\/hawaii-es\/kauai-es\/tour-privado-por-el-valle-y-las-cascadas-de-wailua\/#primaryimage\"},\"thumbnailUrl\":\"https:\/\/tourtravelandmore.com\/wp-content\/uploads\/2020\/11\/Kauai-8-scaled.jpg\",\"datePublished\":\"2020-11-06T09:19:26+00:00\",\"dateModified\":\"2021-06-14T10:03:07+00:00\",\"description\":\"\u2192 \u00danase a nosotros en este tour privado por el valle y las cascadas de Wailua y tenga la oportunidad de disfrutar de esta mejor parte de Kauai \u2705\",\"breadcrumb\":{\"@id\":\"https:\/\/tourtravelandmore.com\/es\/tours\/eeuu-es\/hawaii-es\/kauai-es\/tour-privado-por-el-valle-y-las-cascadas-de-wailua\/#breadcrumb\"},\"inLanguage\":\"es\",\"potentialAction\":[{\"@type\":\"ReadAction\",\"target\":[\"https:\/\/tourtravelandmore.com\/es\/tours\/eeuu-es\/hawaii-es\/kauai-es\/tour-privado-por-el-valle-y-las-cascadas-de-wailua\/\"]}]},{\"@type\":\"ImageObject\",\"inLanguage\":\"es\",\"@id\":\"https:\/\/tourtravelandmore.com\/es\/tours\/eeuu-es\/hawaii-es\/kauai-es\/tour-privado-por-el-valle-y-las-cascadas-de-wailua\/#primaryimage\",\"url\":\"https:\/\/tourtravelandmore.com\/wp-content\/uploads\/2020\/11\/Kauai-8-scaled.jpg\",\"contentUrl\":\"https:\/\/tourtravelandmore.com\/wp-content\/uploads\/2020\/11\/Kauai-8-scaled.jpg\",\"width\":2560,\"height\":1707},{\"@type\":\"BreadcrumbList\",\"@id\":\"https:\/\/tourtravelandmore.com\/es\/tours\/eeuu-es\/hawaii-es\/kauai-es\/tour-privado-por-el-valle-y-las-cascadas-de-wailua\/#breadcrumb\",\"itemListElement\":[{\"@type\":\"ListItem\",\"position\":1,\"name\":\"Home\",\"item\":\"https:\/\/tourtravelandmore.com\/es\/\"},{\"@type\":\"ListItem\",\"position\":2,\"name\":\"Tours\",\"item\":\"https:\/\/tourtravelandmore.com\/es\/tours\/\"},{\"@type\":\"ListItem\",\"position\":3,\"name\":\"Tour privado por el valle y las cascadas de Wailua\"}]},{\"@type\":\"WebSite\",\"@id\":\"https:\/\/tourtravelandmore.com\/es\/#website\",\"url\":\"https:\/\/tourtravelandmore.com\/es\/\",\"name\":\"Tour Travel And More\",\"description\":\"Private sightseeing tours and luxury transfers in Spain\",\"publisher\":{\"@id\":\"https:\/\/tourtravelandmore.com\/es\/#organization\"},\"potentialAction\":[{\"@type\":\"SearchAction\",\"target\":{\"@type\":\"EntryPoint\",\"urlTemplate\":\"https:\/\/tourtravelandmore.com\/es\/?s={search_term_string}\"},\"query-input\":{\"@type\":\"PropertyValueSpecification\",\"valueRequired\":true,\"valueName\":\"search_term_string\"}}],\"inLanguage\":\"es\"},{\"@type\":\"Organization\",\"@id\":\"https:\/\/tourtravelandmore.com\/es\/#organization\",\"name\":\"Tour Travel And More\",\"url\":\"https:\/\/tourtravelandmore.com\/es\/\",\"logo\":{\"@type\":\"ImageObject\",\"inLanguage\":\"es\",\"@id\":\"https:\/\/tourtravelandmore.com\/es\/#\/schema\/logo\/image\/\",\"url\":\"https:\/\/tourtravelandmore.com\/wp-content\/uploads\/2022\/12\/cropped-logo-cabecera-new.png\",\"contentUrl\":\"https:\/\/tourtravelandmore.com\/wp-content\/uploads\/2022\/12\/cropped-logo-cabecera-new.png\",\"width\":430,\"height\":61,\"caption\":\"Tour Travel And More\"},\"image\":{\"@id\":\"https:\/\/tourtravelandmore.com\/es\/#\/schema\/logo\/image\/\"},\"sameAs\":[\"https:\/\/www.facebook.com\/tourtravelandmore\/\",\"https:\/\/x.com\/TourTravel_More\"]}]}<\/script>\n<!-- \/ Yoast SEO Premium plugin. -->","yoast_head_json":{"title":"Tour privado por el valle y las cascadas de Wailua | Tour Travel & More","description":"\u2192 \u00danase a nosotros en este tour privado por el valle y las cascadas de Wailua y tenga la oportunidad de disfrutar de esta mejor parte de Kauai \u2705","robots":{"index":"index","follow":"follow","max-snippet":"max-snippet:-1","max-image-preview":"max-image-preview:large","max-video-preview":"max-video-preview:-1"},"canonical":"https:\/\/tourtravelandmore.com\/es\/tours\/eeuu-es\/hawaii-es\/kauai-es\/tour-privado-por-el-valle-y-las-cascadas-de-wailua\/","og_locale":"es_ES","og_type":"article","og_title":"Tour privado por el valle y las cascadas de Wailua","og_description":"\u2192 \u00danase a nosotros en este tour privado por el valle y las cascadas de Wailua y tenga la oportunidad de disfrutar de esta mejor parte de Kauai \u2705","og_url":"https:\/\/tourtravelandmore.com\/es\/tours\/eeuu-es\/hawaii-es\/kauai-es\/tour-privado-por-el-valle-y-las-cascadas-de-wailua\/","og_site_name":"Tour Travel And More","article_publisher":"https:\/\/www.facebook.com\/tourtravelandmore\/","article_modified_time":"2021-06-14T10:03:07+00:00","og_image":[{"width":2560,"height":1707,"url":"https:\/\/tourtravelandmore.com\/wp-content\/uploads\/2020\/11\/Kauai-8-scaled.jpg","type":"image\/jpeg"}],"twitter_card":"summary_large_image","twitter_site":"@TourTravel_More","twitter_misc":{"Tiempo de lectura":"2 minutos"},"schema":{"@context":"https:\/\/schema.org","@graph":[{"@type":"WebPage","@id":"https:\/\/tourtravelandmore.com\/es\/tours\/eeuu-es\/hawaii-es\/kauai-es\/tour-privado-por-el-valle-y-las-cascadas-de-wailua\/","url":"https:\/\/tourtravelandmore.com\/es\/tours\/eeuu-es\/hawaii-es\/kauai-es\/tour-privado-por-el-valle-y-las-cascadas-de-wailua\/","name":"Tour privado por el valle y las cascadas de Wailua | Tour Travel & More","isPartOf":{"@id":"https:\/\/tourtravelandmore.com\/es\/#website"},"primaryImageOfPage":{"@id":"https:\/\/tourtravelandmore.com\/es\/tours\/eeuu-es\/hawaii-es\/kauai-es\/tour-privado-por-el-valle-y-las-cascadas-de-wailua\/#primaryimage"},"image":{"@id":"https:\/\/tourtravelandmore.com\/es\/tours\/eeuu-es\/hawaii-es\/kauai-es\/tour-privado-por-el-valle-y-las-cascadas-de-wailua\/#primaryimage"},"thumbnailUrl":"https:\/\/tourtravelandmore.com\/wp-content\/uploads\/2020\/11\/Kauai-8-scaled.jpg","datePublished":"2020-11-06T09:19:26+00:00","dateModified":"2021-06-14T10:03:07+00:00","description":"\u2192 \u00danase a nosotros en este tour privado por el valle y las cascadas de Wailua y tenga la oportunidad de disfrutar de esta mejor parte de Kauai \u2705","breadcrumb":{"@id":"https:\/\/tourtravelandmore.com\/es\/tours\/eeuu-es\/hawaii-es\/kauai-es\/tour-privado-por-el-valle-y-las-cascadas-de-wailua\/#breadcrumb"},"inLanguage":"es","potentialAction":[{"@type":"ReadAction","target":["https:\/\/tourtravelandmore.com\/es\/tours\/eeuu-es\/hawaii-es\/kauai-es\/tour-privado-por-el-valle-y-las-cascadas-de-wailua\/"]}]},{"@type":"ImageObject","inLanguage":"es","@id":"https:\/\/tourtravelandmore.com\/es\/tours\/eeuu-es\/hawaii-es\/kauai-es\/tour-privado-por-el-valle-y-las-cascadas-de-wailua\/#primaryimage","url":"https:\/\/tourtravelandmore.com\/wp-content\/uploads\/2020\/11\/Kauai-8-scaled.jpg","contentUrl":"https:\/\/tourtravelandmore.com\/wp-content\/uploads\/2020\/11\/Kauai-8-scaled.jpg","width":2560,"height":1707},{"@type":"BreadcrumbList","@id":"https:\/\/tourtravelandmore.com\/es\/tours\/eeuu-es\/hawaii-es\/kauai-es\/tour-privado-por-el-valle-y-las-cascadas-de-wailua\/#breadcrumb","itemListElement":[{"@type":"ListItem","position":1,"name":"Home","item":"https:\/\/tourtravelandmore.com\/es\/"},{"@type":"ListItem","position":2,"name":"Tours","item":"https:\/\/tourtravelandmore.com\/es\/tours\/"},{"@type":"ListItem","position":3,"name":"Tour privado por el valle y las cascadas de Wailua"}]},{"@type":"WebSite","@id":"https:\/\/tourtravelandmore.com\/es\/#website","url":"https:\/\/tourtravelandmore.com\/es\/","name":"Tour Travel And More","description":"Private sightseeing tours and luxury transfers in Spain","publisher":{"@id":"https:\/\/tourtravelandmore.com\/es\/#organization"},"potentialAction":[{"@type":"SearchAction","target":{"@type":"EntryPoint","urlTemplate":"https:\/\/tourtravelandmore.com\/es\/?s={search_term_string}"},"query-input":{"@type":"PropertyValueSpecification","valueRequired":true,"valueName":"search_term_string"}}],"inLanguage":"es"},{"@type":"Organization","@id":"https:\/\/tourtravelandmore.com\/es\/#organization","name":"Tour Travel And More","url":"https:\/\/tourtravelandmore.com\/es\/","logo":{"@type":"ImageObject","inLanguage":"es","@id":"https:\/\/tourtravelandmore.com\/es\/#\/schema\/logo\/image\/","url":"https:\/\/tourtravelandmore.com\/wp-content\/uploads\/2022\/12\/cropped-logo-cabecera-new.png","contentUrl":"https:\/\/tourtravelandmore.com\/wp-content\/uploads\/2022\/12\/cropped-logo-cabecera-new.png","width":430,"height":61,"caption":"Tour Travel And More"},"image":{"@id":"https:\/\/tourtravelandmore.com\/es\/#\/schema\/logo\/image\/"},"sameAs":["https:\/\/www.facebook.com\/tourtravelandmore\/","https:\/\/x.com\/TourTravel_More"]}]}},"_links":{"self":[{"href":"https:\/\/tourtravelandmore.com\/es\/wp-json\/wp\/v2\/product\/86340","targetHints":{"allow":["GET"]}}],"collection":[{"href":"https:\/\/tourtravelandmore.com\/es\/wp-json\/wp\/v2\/product"}],"about":[{"href":"https:\/\/tourtravelandmore.com\/es\/wp-json\/wp\/v2\/types\/product"}],"replies":[{"embeddable":true,"href":"https:\/\/tourtravelandmore.com\/es\/wp-json\/wp\/v2\/comments?post=86340"}],"wp:featuredmedia":[{"embeddable":true,"href":"https:\/\/tourtravelandmore.com\/es\/wp-json\/wp\/v2\/media\/86258"}],"wp:attachment":[{"href":"https:\/\/tourtravelandmore.com\/es\/wp-json\/wp\/v2\/media?parent=86340"}],"wp:term":[{"taxonomy":"product_brand","embeddable":true,"href":"https:\/\/tourtravelandmore.com\/es\/wp-json\/wp\/v2\/product_brand?post=86340"},{"taxonomy":"product_cat","embeddable":true,"href":"https:\/\/tourtravelandmore.com\/es\/wp-json\/wp\/v2\/product_cat?post=86340"},{"taxonomy":"product_tag","embeddable":true,"href":"https:\/\/tourtravelandmore.com\/es\/wp-json\/wp\/v2\/product_tag?post=86340"}],"curies":[{"name":"wp","href":"https:\/\/api.w.org\/{rel}","templated":true}]}}