{"id":86322,"date":"2020-11-06T09:55:51","date_gmt":"2020-11-06T08:55:54","guid":{"rendered":"https:\/\/tourtravelandmore.com\/?post_type=product&#038;p=86322"},"modified":"2021-06-14T11:55:49","modified_gmt":"2021-06-14T09:55:49","slug":"tour-privado-por-la-costa-norte-de-kauai","status":"publish","type":"product","link":"https:\/\/tourtravelandmore.com\/es\/tours\/eeuu-es\/hawaii-es\/kauai-es\/tour-privado-por-la-costa-norte-de-kauai\/","title":{"rendered":"Tour privado por la costa norte de Kauai"},"content":{"rendered":"<h2>Descripci\u00f3n del Tour Privado<\/h2>\n<p>\u00a1Este tour privado de North Shore en Kauai es uno de nuestros tours m\u00e1s vendidos! Lo llevaremos a la parte norte de la isla, incluida una visita a la incre\u00edble ciudad hawaiana de Hanalei.<\/p>\n<p>Hanalei es un t\u00edpico pueblo hawaiano donde puedes ver sitios muy singulares como ni\u00f1os en sus bicicletas con sus tablas de surf.<\/p>\n<p>Este recorrido tambi\u00e9n incluir\u00e1 la autopista Kuhio. Esta es la carretera 56. Disfrute de la escarpada cordillera que se puede ver a lo lejos. Disfrute tambi\u00e9n de las incre\u00edbles vistas al mar. Tambi\u00e9n incluiremos el distrito de Halelea que se encuentra entre Kalihiwai y Haena. Concluiremos una visita favorita para la mayor\u00eda de los visitantes que es la bah\u00eda de Hanalei.<\/p>\n<h2>Puntos emblem\u00e1ticos y de inter\u00e9s<\/h2>\n<p>Este tour privado de North Shore en Kauai comenzar\u00e1 desde su hotel o lugar de elecci\u00f3n en Kauai. Luego comenzaremos este gran tour privado. \u00a1La parte norte de la isla es una gran experiencia!<\/p>\n<ul>\n<li><strong>Hanalei. Un pueblo hawaiano.<\/strong><\/li>\n<li><strong>Mirador del valle de Hanalei<\/strong><\/li>\n<li><strong>Faro de Daniel K Inouye Kilauea Point<\/strong><\/li>\n<li><strong>Iglesia y casa de la misi\u00f3n de Waioli Huiia<\/strong><\/li>\n<li><strong>Jard\u00edn Limahuli<\/strong><\/li>\n<li><strong>Parque estatal Haena: se requiere reserva<\/strong><\/li>\n<li><strong>Mucho m\u00e1s<\/strong><\/li>\n<\/ul>\n<p>\u00a1Para este tour privado, estaremos a su disposici\u00f3n durante todo el d\u00eda! Termine este tour privado de North Shore en Kauai en su hotel. Explore lo mejor de la parte norte de la isla de Kauai.<\/p>\n<p>No se pierda nuestros tours privados por toda la isla de Haw\u00e1i. \u00a1En Tour Travel &amp; More, nuestros expertos en viajes est\u00e1n a su disposici\u00f3n para una gran experiencia en la isla de Kauai!<\/p>\n","protected":false},"excerpt":{"rendered":"<div id=\"tw-target-text-container\" class=\"tw-ta-container hide-focus-ring tw-nfl\" tabindex=\"0\">\n<p id=\"tw-target-text\" class=\"tw-data-text tw-text-large XcVN5d tw-ta\" dir=\"ltr\" data-placeholder=\"Traducci\u00f3n\">\u00danase a nosotros en este tour privado por la <strong>costa norte y este en Kauai<\/strong> y tenga la oportunidad de disfrutar de esta mejor parte de Kauai. Una experiencia privada verdaderamente asombrosa.<\/p>\n<\/div>\n<div id=\"tw-images\"><\/div>\n<div class=\"dURPtb\">\n<div>\n<div><\/div>\n<\/div>\n<\/div>\n","protected":false},"featured_media":86270,"comment_status":"open","ping_status":"closed","template":"","meta":{"_acf_changed":false},"product_brand":[],"product_cat":[1602,2709,2712],"product_tag":[],"class_list":{"0":"post-86322","1":"product","2":"type-product","3":"status-publish","4":"has-post-thumbnail","6":"product_cat-eeuu-es","7":"product_cat-hawaii-es","8":"product_cat-kauai-es","10":"first","11":"instock","12":"shipping-taxable","13":"purchasable","14":"product-type-simple"},"acf":[],"yoast_head":"<!-- This site is optimized with the Yoast SEO Premium plugin v25.3.1 (Yoast SEO v25.3.1) - https:\/\/yoast.com\/wordpress\/plugins\/seo\/ -->\n<title>Tour privado por la costa norte en Kauai con un veh\u00edculo privado y gu\u00eda<\/title>\n<meta name=\"description\" content=\"\u2192 \u00danase a nosotros en este tour privado por la costa norte en Kauai y tenga la oportunidad de disfrutar de esta mejor parte de Kauai \u2705\" \/>\n<meta name=\"robots\" content=\"index, follow, max-snippet:-1, max-image-preview:large, max-video-preview:-1\" \/>\n<link rel=\"canonical\" href=\"https:\/\/tourtravelandmore.com\/es\/tours\/eeuu-es\/hawaii-es\/kauai-es\/tour-privado-por-la-costa-norte-de-kauai\/\" \/>\n<meta property=\"og:locale\" content=\"es_ES\" \/>\n<meta property=\"og:type\" content=\"article\" \/>\n<meta property=\"og:title\" content=\"Tour privado por la costa norte de Kauai\" \/>\n<meta property=\"og:description\" content=\"\u2192 \u00danase a nosotros en este tour privado por la costa norte en Kauai y tenga la oportunidad de disfrutar de esta mejor parte de Kauai \u2705\" \/>\n<meta property=\"og:url\" content=\"https:\/\/tourtravelandmore.com\/es\/tours\/eeuu-es\/hawaii-es\/kauai-es\/tour-privado-por-la-costa-norte-de-kauai\/\" \/>\n<meta property=\"og:site_name\" content=\"Tour Travel And More\" \/>\n<meta property=\"article:publisher\" content=\"https:\/\/www.facebook.com\/tourtravelandmore\/\" \/>\n<meta property=\"article:modified_time\" content=\"2021-06-14T09:55:49+00:00\" \/>\n<meta property=\"og:image\" content=\"https:\/\/tourtravelandmore.com\/wp-content\/uploads\/2020\/11\/Kauai-4-scaled.jpg\" \/>\n\t<meta property=\"og:image:width\" content=\"2560\" \/>\n\t<meta property=\"og:image:height\" content=\"1920\" \/>\n\t<meta property=\"og:image:type\" content=\"image\/jpeg\" \/>\n<meta name=\"twitter:card\" content=\"summary_large_image\" \/>\n<meta name=\"twitter:site\" content=\"@TourTravel_More\" \/>\n<meta name=\"twitter:label1\" content=\"Tiempo de lectura\" \/>\n\t<meta name=\"twitter:data1\" content=\"1 minuto\" \/>\n<script type=\"application\/ld+json\" class=\"yoast-schema-graph\">{\"@context\":\"https:\/\/schema.org\",\"@graph\":[{\"@type\":\"WebPage\",\"@id\":\"https:\/\/tourtravelandmore.com\/es\/tours\/eeuu-es\/hawaii-es\/kauai-es\/tour-privado-por-la-costa-norte-de-kauai\/\",\"url\":\"https:\/\/tourtravelandmore.com\/es\/tours\/eeuu-es\/hawaii-es\/kauai-es\/tour-privado-por-la-costa-norte-de-kauai\/\",\"name\":\"Tour privado por la costa norte en Kauai con un veh\u00edculo privado y gu\u00eda\",\"isPartOf\":{\"@id\":\"https:\/\/tourtravelandmore.com\/es\/#website\"},\"primaryImageOfPage\":{\"@id\":\"https:\/\/tourtravelandmore.com\/es\/tours\/eeuu-es\/hawaii-es\/kauai-es\/tour-privado-por-la-costa-norte-de-kauai\/#primaryimage\"},\"image\":{\"@id\":\"https:\/\/tourtravelandmore.com\/es\/tours\/eeuu-es\/hawaii-es\/kauai-es\/tour-privado-por-la-costa-norte-de-kauai\/#primaryimage\"},\"thumbnailUrl\":\"https:\/\/tourtravelandmore.com\/wp-content\/uploads\/2020\/11\/Kauai-4-scaled.jpg\",\"datePublished\":\"2020-11-06T08:55:54+00:00\",\"dateModified\":\"2021-06-14T09:55:49+00:00\",\"description\":\"\u2192 \u00danase a nosotros en este tour privado por la costa norte en Kauai y tenga la oportunidad de disfrutar de esta mejor parte de Kauai \u2705\",\"breadcrumb\":{\"@id\":\"https:\/\/tourtravelandmore.com\/es\/tours\/eeuu-es\/hawaii-es\/kauai-es\/tour-privado-por-la-costa-norte-de-kauai\/#breadcrumb\"},\"inLanguage\":\"es\",\"potentialAction\":[{\"@type\":\"ReadAction\",\"target\":[\"https:\/\/tourtravelandmore.com\/es\/tours\/eeuu-es\/hawaii-es\/kauai-es\/tour-privado-por-la-costa-norte-de-kauai\/\"]}]},{\"@type\":\"ImageObject\",\"inLanguage\":\"es\",\"@id\":\"https:\/\/tourtravelandmore.com\/es\/tours\/eeuu-es\/hawaii-es\/kauai-es\/tour-privado-por-la-costa-norte-de-kauai\/#primaryimage\",\"url\":\"https:\/\/tourtravelandmore.com\/wp-content\/uploads\/2020\/11\/Kauai-4-scaled.jpg\",\"contentUrl\":\"https:\/\/tourtravelandmore.com\/wp-content\/uploads\/2020\/11\/Kauai-4-scaled.jpg\",\"width\":2560,\"height\":1920},{\"@type\":\"BreadcrumbList\",\"@id\":\"https:\/\/tourtravelandmore.com\/es\/tours\/eeuu-es\/hawaii-es\/kauai-es\/tour-privado-por-la-costa-norte-de-kauai\/#breadcrumb\",\"itemListElement\":[{\"@type\":\"ListItem\",\"position\":1,\"name\":\"Home\",\"item\":\"https:\/\/tourtravelandmore.com\/es\/\"},{\"@type\":\"ListItem\",\"position\":2,\"name\":\"Tours\",\"item\":\"https:\/\/tourtravelandmore.com\/es\/tours\/\"},{\"@type\":\"ListItem\",\"position\":3,\"name\":\"Tour privado por la costa norte de Kauai\"}]},{\"@type\":\"WebSite\",\"@id\":\"https:\/\/tourtravelandmore.com\/es\/#website\",\"url\":\"https:\/\/tourtravelandmore.com\/es\/\",\"name\":\"Tour Travel And More\",\"description\":\"Private sightseeing tours and luxury transfers in Spain\",\"publisher\":{\"@id\":\"https:\/\/tourtravelandmore.com\/es\/#organization\"},\"potentialAction\":[{\"@type\":\"SearchAction\",\"target\":{\"@type\":\"EntryPoint\",\"urlTemplate\":\"https:\/\/tourtravelandmore.com\/es\/?s={search_term_string}\"},\"query-input\":{\"@type\":\"PropertyValueSpecification\",\"valueRequired\":true,\"valueName\":\"search_term_string\"}}],\"inLanguage\":\"es\"},{\"@type\":\"Organization\",\"@id\":\"https:\/\/tourtravelandmore.com\/es\/#organization\",\"name\":\"Tour Travel And More\",\"url\":\"https:\/\/tourtravelandmore.com\/es\/\",\"logo\":{\"@type\":\"ImageObject\",\"inLanguage\":\"es\",\"@id\":\"https:\/\/tourtravelandmore.com\/es\/#\/schema\/logo\/image\/\",\"url\":\"https:\/\/tourtravelandmore.com\/wp-content\/uploads\/2022\/12\/cropped-logo-cabecera-new.png\",\"contentUrl\":\"https:\/\/tourtravelandmore.com\/wp-content\/uploads\/2022\/12\/cropped-logo-cabecera-new.png\",\"width\":430,\"height\":61,\"caption\":\"Tour Travel And More\"},\"image\":{\"@id\":\"https:\/\/tourtravelandmore.com\/es\/#\/schema\/logo\/image\/\"},\"sameAs\":[\"https:\/\/www.facebook.com\/tourtravelandmore\/\",\"https:\/\/x.com\/TourTravel_More\"]}]}<\/script>\n<!-- \/ Yoast SEO Premium plugin. -->","yoast_head_json":{"title":"Tour privado por la costa norte en Kauai con un veh\u00edculo privado y gu\u00eda","description":"\u2192 \u00danase a nosotros en este tour privado por la costa norte en Kauai y tenga la oportunidad de disfrutar de esta mejor parte de Kauai \u2705","robots":{"index":"index","follow":"follow","max-snippet":"max-snippet:-1","max-image-preview":"max-image-preview:large","max-video-preview":"max-video-preview:-1"},"canonical":"https:\/\/tourtravelandmore.com\/es\/tours\/eeuu-es\/hawaii-es\/kauai-es\/tour-privado-por-la-costa-norte-de-kauai\/","og_locale":"es_ES","og_type":"article","og_title":"Tour privado por la costa norte de Kauai","og_description":"\u2192 \u00danase a nosotros en este tour privado por la costa norte en Kauai y tenga la oportunidad de disfrutar de esta mejor parte de Kauai \u2705","og_url":"https:\/\/tourtravelandmore.com\/es\/tours\/eeuu-es\/hawaii-es\/kauai-es\/tour-privado-por-la-costa-norte-de-kauai\/","og_site_name":"Tour Travel And More","article_publisher":"https:\/\/www.facebook.com\/tourtravelandmore\/","article_modified_time":"2021-06-14T09:55:49+00:00","og_image":[{"width":2560,"height":1920,"url":"https:\/\/tourtravelandmore.com\/wp-content\/uploads\/2020\/11\/Kauai-4-scaled.jpg","type":"image\/jpeg"}],"twitter_card":"summary_large_image","twitter_site":"@TourTravel_More","twitter_misc":{"Tiempo de lectura":"1 minuto"},"schema":{"@context":"https:\/\/schema.org","@graph":[{"@type":"WebPage","@id":"https:\/\/tourtravelandmore.com\/es\/tours\/eeuu-es\/hawaii-es\/kauai-es\/tour-privado-por-la-costa-norte-de-kauai\/","url":"https:\/\/tourtravelandmore.com\/es\/tours\/eeuu-es\/hawaii-es\/kauai-es\/tour-privado-por-la-costa-norte-de-kauai\/","name":"Tour privado por la costa norte en Kauai con un veh\u00edculo privado y gu\u00eda","isPartOf":{"@id":"https:\/\/tourtravelandmore.com\/es\/#website"},"primaryImageOfPage":{"@id":"https:\/\/tourtravelandmore.com\/es\/tours\/eeuu-es\/hawaii-es\/kauai-es\/tour-privado-por-la-costa-norte-de-kauai\/#primaryimage"},"image":{"@id":"https:\/\/tourtravelandmore.com\/es\/tours\/eeuu-es\/hawaii-es\/kauai-es\/tour-privado-por-la-costa-norte-de-kauai\/#primaryimage"},"thumbnailUrl":"https:\/\/tourtravelandmore.com\/wp-content\/uploads\/2020\/11\/Kauai-4-scaled.jpg","datePublished":"2020-11-06T08:55:54+00:00","dateModified":"2021-06-14T09:55:49+00:00","description":"\u2192 \u00danase a nosotros en este tour privado por la costa norte en Kauai y tenga la oportunidad de disfrutar de esta mejor parte de Kauai \u2705","breadcrumb":{"@id":"https:\/\/tourtravelandmore.com\/es\/tours\/eeuu-es\/hawaii-es\/kauai-es\/tour-privado-por-la-costa-norte-de-kauai\/#breadcrumb"},"inLanguage":"es","potentialAction":[{"@type":"ReadAction","target":["https:\/\/tourtravelandmore.com\/es\/tours\/eeuu-es\/hawaii-es\/kauai-es\/tour-privado-por-la-costa-norte-de-kauai\/"]}]},{"@type":"ImageObject","inLanguage":"es","@id":"https:\/\/tourtravelandmore.com\/es\/tours\/eeuu-es\/hawaii-es\/kauai-es\/tour-privado-por-la-costa-norte-de-kauai\/#primaryimage","url":"https:\/\/tourtravelandmore.com\/wp-content\/uploads\/2020\/11\/Kauai-4-scaled.jpg","contentUrl":"https:\/\/tourtravelandmore.com\/wp-content\/uploads\/2020\/11\/Kauai-4-scaled.jpg","width":2560,"height":1920},{"@type":"BreadcrumbList","@id":"https:\/\/tourtravelandmore.com\/es\/tours\/eeuu-es\/hawaii-es\/kauai-es\/tour-privado-por-la-costa-norte-de-kauai\/#breadcrumb","itemListElement":[{"@type":"ListItem","position":1,"name":"Home","item":"https:\/\/tourtravelandmore.com\/es\/"},{"@type":"ListItem","position":2,"name":"Tours","item":"https:\/\/tourtravelandmore.com\/es\/tours\/"},{"@type":"ListItem","position":3,"name":"Tour privado por la costa norte de Kauai"}]},{"@type":"WebSite","@id":"https:\/\/tourtravelandmore.com\/es\/#website","url":"https:\/\/tourtravelandmore.com\/es\/","name":"Tour Travel And More","description":"Private sightseeing tours and luxury transfers in Spain","publisher":{"@id":"https:\/\/tourtravelandmore.com\/es\/#organization"},"potentialAction":[{"@type":"SearchAction","target":{"@type":"EntryPoint","urlTemplate":"https:\/\/tourtravelandmore.com\/es\/?s={search_term_string}"},"query-input":{"@type":"PropertyValueSpecification","valueRequired":true,"valueName":"search_term_string"}}],"inLanguage":"es"},{"@type":"Organization","@id":"https:\/\/tourtravelandmore.com\/es\/#organization","name":"Tour Travel And More","url":"https:\/\/tourtravelandmore.com\/es\/","logo":{"@type":"ImageObject","inLanguage":"es","@id":"https:\/\/tourtravelandmore.com\/es\/#\/schema\/logo\/image\/","url":"https:\/\/tourtravelandmore.com\/wp-content\/uploads\/2022\/12\/cropped-logo-cabecera-new.png","contentUrl":"https:\/\/tourtravelandmore.com\/wp-content\/uploads\/2022\/12\/cropped-logo-cabecera-new.png","width":430,"height":61,"caption":"Tour Travel And More"},"image":{"@id":"https:\/\/tourtravelandmore.com\/es\/#\/schema\/logo\/image\/"},"sameAs":["https:\/\/www.facebook.com\/tourtravelandmore\/","https:\/\/x.com\/TourTravel_More"]}]}},"_links":{"self":[{"href":"https:\/\/tourtravelandmore.com\/es\/wp-json\/wp\/v2\/product\/86322","targetHints":{"allow":["GET"]}}],"collection":[{"href":"https:\/\/tourtravelandmore.com\/es\/wp-json\/wp\/v2\/product"}],"about":[{"href":"https:\/\/tourtravelandmore.com\/es\/wp-json\/wp\/v2\/types\/product"}],"replies":[{"embeddable":true,"href":"https:\/\/tourtravelandmore.com\/es\/wp-json\/wp\/v2\/comments?post=86322"}],"wp:featuredmedia":[{"embeddable":true,"href":"https:\/\/tourtravelandmore.com\/es\/wp-json\/wp\/v2\/media\/86270"}],"wp:attachment":[{"href":"https:\/\/tourtravelandmore.com\/es\/wp-json\/wp\/v2\/media?parent=86322"}],"wp:term":[{"taxonomy":"product_brand","embeddable":true,"href":"https:\/\/tourtravelandmore.com\/es\/wp-json\/wp\/v2\/product_brand?post=86322"},{"taxonomy":"product_cat","embeddable":true,"href":"https:\/\/tourtravelandmore.com\/es\/wp-json\/wp\/v2\/product_cat?post=86322"},{"taxonomy":"product_tag","embeddable":true,"href":"https:\/\/tourtravelandmore.com\/es\/wp-json\/wp\/v2\/product_tag?post=86322"}],"curies":[{"name":"wp","href":"https:\/\/api.w.org\/{rel}","templated":true}]}}