{"id":86309,"date":"2020-11-05T18:07:40","date_gmt":"2020-11-05T17:07:40","guid":{"rendered":"https:\/\/tourtravelandmore.com\/?post_type=product&#038;p=86309"},"modified":"2021-09-06T10:39:58","modified_gmt":"2021-09-06T08:39:58","slug":"traslado-privado-orlando","status":"publish","type":"product","link":"https:\/\/tourtravelandmore.com\/es\/tours\/eeuu-es\/orlando-es\/orlando-actividades-es\/traslado-privado-orlando\/","title":{"rendered":"Traslado desde\/hacia el aeropuerto o puerto"},"content":{"rendered":"<h2>Descripci\u00f3n de nuestros traslados\u00a0desde\/hacia el aeropuerto o puerto<\/h2>\n<p><span lang=\"es\">Disfrute una experiencia sin preocupaciones con nuestro traslado privado en Orlando. Nuestros veh\u00edculos privados de lujo y choferes profesionales est\u00e1n a su entera disposici\u00f3n.<\/span><\/p>\n<p><span lang=\"es\">No solo realizamos traslados desde el <a href=\"https:\/\/orlandoairports.net\/\"><strong>Aeropuerto de Orlando<\/strong><\/a>, sino tambi\u00e9n traslados desde el puerto de cruceros u otras localidades de Florida. Coordinamos tambi\u00e9n disposiciones privadas para visitar los diversos parques tem\u00e1ticos alrededor de la ciudad.<\/span><\/p>\n<p>Todos nuestros traslados y servicios son privados y organizado a medida, pueden escoger la hora y lugar de comienzo.<\/p>\n<p>Nuestros conductores siempre le estar\u00e1n esperando con un cartel a su nombre en la terminal de arribos o en el aparcamiento autorizado para esperas. Hacemos a su vez seguimiento de su vuelo, por lo que no tendr\u00e1 que preocupar en caso de demoras.<\/p>\n<p>Si desea realizar un tour en la ciudad de Orlando, puede consultar <strong><a href=\"https:\/\/tourtravelandmore.com\/es\/ciudad\/eeuu-es\/orlando-en\/\">aqui<\/a> <\/strong>nuestros tours privados.<\/p>\n<p>A trav\u00e9s del formulario de contacto puedes contactar con nosotros y nuestro equipo le enviar\u00e1 una propuesta personalizada.<\/p>\n<h2>Puntos de inter\u00e9s en nuestros traslados<\/h2>\n<p>Ofrecemos servicio de <span lang=\"es\">traslado privado en Orlando. Nuestro<\/span>\u00a0<strong>servicio es personalizado y siempre en privado<\/strong>. Todos nuestros veh\u00edculos son de alta gama y nuestros choferes son extensos conocedores de la regi\u00f3n.<\/p>\n<p>Cont\u00e1ctenos y organizaremos su traslado privado de acuerdo a sus necesidades personales. Coordinamos traslados desde cualquier sitio en Florida, c\u00f3mo tambi\u00e9n disposiciones privadas para visitar los parques o sitios deseados en Orlando.<\/p>\n<p>No limitamos la cantidad de equipaje. Pero le rogamos que informe con cu\u00e1ntos equipajes viajar\u00e1 solo por cuestiones de log\u00edstica. A veces puede ser necesario un veh\u00edculo m\u00e1s grande y se pueden aplicar tarifas adicionales.<\/p>\n<p>En caso de necesitar un asiento para beb\u00e9 o un asiento para ni\u00f1os, p\u00f3ngase en contacto con nosotros antes de su vuelo o traslado privado para organizarlo correctamente.<\/p>\n","protected":false},"excerpt":{"rendered":"<p>No espere las colas largas de los taxis en el aeropuerto o en la terminal de cruceros. Disfrute de nuestros <strong>traslados privados en veh\u00edculos de lujo con un chofer<\/strong> simp\u00e1tico y amable.<\/p>\n","protected":false},"featured_media":83530,"comment_status":"open","ping_status":"closed","template":"","meta":{"_acf_changed":false},"product_brand":[],"product_cat":[1602,2778,2780,2786],"product_tag":[],"class_list":{"0":"post-86309","1":"product","2":"type-product","3":"status-publish","4":"has-post-thumbnail","6":"product_cat-eeuu-es","7":"product_cat-orlando-es","8":"product_cat-orlando-actividades-es","9":"product_cat-orlando-traslados-es","11":"first","12":"instock","13":"shipping-taxable","14":"purchasable","15":"product-type-simple"},"acf":[],"yoast_head":"<!-- This site is optimized with the Yoast SEO Premium plugin v25.3.1 (Yoast SEO v25.3.1) - https:\/\/yoast.com\/wordpress\/plugins\/seo\/ -->\n<title>Traslado privado en Orlando - Veh\u00edculo de lujo y chofer profesional | TTM<\/title>\n<meta name=\"description\" content=\"\u2192 Permitanos coordinar su traslado privado en Orlando y llegue a su destino final en la ciudad c\u00f3mo en nuestros veh\u00edculos privados de lujo \u2705\" \/>\n<meta name=\"robots\" content=\"index, follow, max-snippet:-1, max-image-preview:large, max-video-preview:-1\" \/>\n<link rel=\"canonical\" href=\"https:\/\/tourtravelandmore.com\/es\/tours\/eeuu-es\/orlando-es\/orlando-actividades-es\/traslado-privado-orlando\/\" \/>\n<meta property=\"og:locale\" content=\"es_ES\" \/>\n<meta property=\"og:type\" content=\"article\" \/>\n<meta property=\"og:title\" content=\"Traslado desde\/hacia el aeropuerto o puerto\" \/>\n<meta property=\"og:description\" content=\"\u2192 Permitanos coordinar su traslado privado en Orlando y llegue a su destino final en la ciudad c\u00f3mo en nuestros veh\u00edculos privados de lujo \u2705\" \/>\n<meta property=\"og:url\" content=\"https:\/\/tourtravelandmore.com\/es\/tours\/eeuu-es\/orlando-es\/orlando-actividades-es\/traslado-privado-orlando\/\" \/>\n<meta property=\"og:site_name\" content=\"Tour Travel And More\" \/>\n<meta property=\"article:publisher\" content=\"https:\/\/www.facebook.com\/tourtravelandmore\/\" \/>\n<meta property=\"article:modified_time\" content=\"2021-09-06T08:39:58+00:00\" \/>\n<meta property=\"og:image\" content=\"https:\/\/tourtravelandmore.com\/wp-content\/uploads\/2018\/03\/auto-1.png\" \/>\n\t<meta property=\"og:image:width\" content=\"640\" \/>\n\t<meta property=\"og:image:height\" content=\"425\" \/>\n\t<meta property=\"og:image:type\" content=\"image\/png\" \/>\n<meta name=\"twitter:card\" content=\"summary_large_image\" \/>\n<meta name=\"twitter:site\" content=\"@TourTravel_More\" \/>\n<meta name=\"twitter:label1\" content=\"Tiempo de lectura\" \/>\n\t<meta name=\"twitter:data1\" content=\"2 minutos\" \/>\n<script type=\"application\/ld+json\" class=\"yoast-schema-graph\">{\"@context\":\"https:\/\/schema.org\",\"@graph\":[{\"@type\":\"WebPage\",\"@id\":\"https:\/\/tourtravelandmore.com\/es\/tours\/eeuu-es\/orlando-es\/orlando-actividades-es\/traslado-privado-orlando\/\",\"url\":\"https:\/\/tourtravelandmore.com\/es\/tours\/eeuu-es\/orlando-es\/orlando-actividades-es\/traslado-privado-orlando\/\",\"name\":\"Traslado privado en Orlando - Veh\u00edculo de lujo y chofer profesional | TTM\",\"isPartOf\":{\"@id\":\"https:\/\/tourtravelandmore.com\/es\/#website\"},\"primaryImageOfPage\":{\"@id\":\"https:\/\/tourtravelandmore.com\/es\/tours\/eeuu-es\/orlando-es\/orlando-actividades-es\/traslado-privado-orlando\/#primaryimage\"},\"image\":{\"@id\":\"https:\/\/tourtravelandmore.com\/es\/tours\/eeuu-es\/orlando-es\/orlando-actividades-es\/traslado-privado-orlando\/#primaryimage\"},\"thumbnailUrl\":\"https:\/\/tourtravelandmore.com\/wp-content\/uploads\/2018\/03\/auto-1.png\",\"datePublished\":\"2020-11-05T17:07:40+00:00\",\"dateModified\":\"2021-09-06T08:39:58+00:00\",\"description\":\"\u2192 Permitanos coordinar su traslado privado en Orlando y llegue a su destino final en la ciudad c\u00f3mo en nuestros veh\u00edculos privados de lujo \u2705\",\"breadcrumb\":{\"@id\":\"https:\/\/tourtravelandmore.com\/es\/tours\/eeuu-es\/orlando-es\/orlando-actividades-es\/traslado-privado-orlando\/#breadcrumb\"},\"inLanguage\":\"es\",\"potentialAction\":[{\"@type\":\"ReadAction\",\"target\":[\"https:\/\/tourtravelandmore.com\/es\/tours\/eeuu-es\/orlando-es\/orlando-actividades-es\/traslado-privado-orlando\/\"]}]},{\"@type\":\"ImageObject\",\"inLanguage\":\"es\",\"@id\":\"https:\/\/tourtravelandmore.com\/es\/tours\/eeuu-es\/orlando-es\/orlando-actividades-es\/traslado-privado-orlando\/#primaryimage\",\"url\":\"https:\/\/tourtravelandmore.com\/wp-content\/uploads\/2018\/03\/auto-1.png\",\"contentUrl\":\"https:\/\/tourtravelandmore.com\/wp-content\/uploads\/2018\/03\/auto-1.png\",\"width\":640,\"height\":425},{\"@type\":\"BreadcrumbList\",\"@id\":\"https:\/\/tourtravelandmore.com\/es\/tours\/eeuu-es\/orlando-es\/orlando-actividades-es\/traslado-privado-orlando\/#breadcrumb\",\"itemListElement\":[{\"@type\":\"ListItem\",\"position\":1,\"name\":\"Home\",\"item\":\"https:\/\/tourtravelandmore.com\/es\/\"},{\"@type\":\"ListItem\",\"position\":2,\"name\":\"Tours\",\"item\":\"https:\/\/tourtravelandmore.com\/es\/tours\/\"},{\"@type\":\"ListItem\",\"position\":3,\"name\":\"Traslado desde\/hacia el aeropuerto o puerto\"}]},{\"@type\":\"WebSite\",\"@id\":\"https:\/\/tourtravelandmore.com\/es\/#website\",\"url\":\"https:\/\/tourtravelandmore.com\/es\/\",\"name\":\"Tour Travel And More\",\"description\":\"Private sightseeing tours and luxury transfers in Spain\",\"publisher\":{\"@id\":\"https:\/\/tourtravelandmore.com\/es\/#organization\"},\"potentialAction\":[{\"@type\":\"SearchAction\",\"target\":{\"@type\":\"EntryPoint\",\"urlTemplate\":\"https:\/\/tourtravelandmore.com\/es\/?s={search_term_string}\"},\"query-input\":{\"@type\":\"PropertyValueSpecification\",\"valueRequired\":true,\"valueName\":\"search_term_string\"}}],\"inLanguage\":\"es\"},{\"@type\":\"Organization\",\"@id\":\"https:\/\/tourtravelandmore.com\/es\/#organization\",\"name\":\"Tour Travel And More\",\"url\":\"https:\/\/tourtravelandmore.com\/es\/\",\"logo\":{\"@type\":\"ImageObject\",\"inLanguage\":\"es\",\"@id\":\"https:\/\/tourtravelandmore.com\/es\/#\/schema\/logo\/image\/\",\"url\":\"https:\/\/tourtravelandmore.com\/wp-content\/uploads\/2022\/12\/cropped-logo-cabecera-new.png\",\"contentUrl\":\"https:\/\/tourtravelandmore.com\/wp-content\/uploads\/2022\/12\/cropped-logo-cabecera-new.png\",\"width\":430,\"height\":61,\"caption\":\"Tour Travel And More\"},\"image\":{\"@id\":\"https:\/\/tourtravelandmore.com\/es\/#\/schema\/logo\/image\/\"},\"sameAs\":[\"https:\/\/www.facebook.com\/tourtravelandmore\/\",\"https:\/\/x.com\/TourTravel_More\"]}]}<\/script>\n<!-- \/ Yoast SEO Premium plugin. -->","yoast_head_json":{"title":"Traslado privado en Orlando - Veh\u00edculo de lujo y chofer profesional | TTM","description":"\u2192 Permitanos coordinar su traslado privado en Orlando y llegue a su destino final en la ciudad c\u00f3mo en nuestros veh\u00edculos privados de lujo \u2705","robots":{"index":"index","follow":"follow","max-snippet":"max-snippet:-1","max-image-preview":"max-image-preview:large","max-video-preview":"max-video-preview:-1"},"canonical":"https:\/\/tourtravelandmore.com\/es\/tours\/eeuu-es\/orlando-es\/orlando-actividades-es\/traslado-privado-orlando\/","og_locale":"es_ES","og_type":"article","og_title":"Traslado desde\/hacia el aeropuerto o puerto","og_description":"\u2192 Permitanos coordinar su traslado privado en Orlando y llegue a su destino final en la ciudad c\u00f3mo en nuestros veh\u00edculos privados de lujo \u2705","og_url":"https:\/\/tourtravelandmore.com\/es\/tours\/eeuu-es\/orlando-es\/orlando-actividades-es\/traslado-privado-orlando\/","og_site_name":"Tour Travel And More","article_publisher":"https:\/\/www.facebook.com\/tourtravelandmore\/","article_modified_time":"2021-09-06T08:39:58+00:00","og_image":[{"width":640,"height":425,"url":"https:\/\/tourtravelandmore.com\/wp-content\/uploads\/2018\/03\/auto-1.png","type":"image\/png"}],"twitter_card":"summary_large_image","twitter_site":"@TourTravel_More","twitter_misc":{"Tiempo de lectura":"2 minutos"},"schema":{"@context":"https:\/\/schema.org","@graph":[{"@type":"WebPage","@id":"https:\/\/tourtravelandmore.com\/es\/tours\/eeuu-es\/orlando-es\/orlando-actividades-es\/traslado-privado-orlando\/","url":"https:\/\/tourtravelandmore.com\/es\/tours\/eeuu-es\/orlando-es\/orlando-actividades-es\/traslado-privado-orlando\/","name":"Traslado privado en Orlando - Veh\u00edculo de lujo y chofer profesional | TTM","isPartOf":{"@id":"https:\/\/tourtravelandmore.com\/es\/#website"},"primaryImageOfPage":{"@id":"https:\/\/tourtravelandmore.com\/es\/tours\/eeuu-es\/orlando-es\/orlando-actividades-es\/traslado-privado-orlando\/#primaryimage"},"image":{"@id":"https:\/\/tourtravelandmore.com\/es\/tours\/eeuu-es\/orlando-es\/orlando-actividades-es\/traslado-privado-orlando\/#primaryimage"},"thumbnailUrl":"https:\/\/tourtravelandmore.com\/wp-content\/uploads\/2018\/03\/auto-1.png","datePublished":"2020-11-05T17:07:40+00:00","dateModified":"2021-09-06T08:39:58+00:00","description":"\u2192 Permitanos coordinar su traslado privado en Orlando y llegue a su destino final en la ciudad c\u00f3mo en nuestros veh\u00edculos privados de lujo \u2705","breadcrumb":{"@id":"https:\/\/tourtravelandmore.com\/es\/tours\/eeuu-es\/orlando-es\/orlando-actividades-es\/traslado-privado-orlando\/#breadcrumb"},"inLanguage":"es","potentialAction":[{"@type":"ReadAction","target":["https:\/\/tourtravelandmore.com\/es\/tours\/eeuu-es\/orlando-es\/orlando-actividades-es\/traslado-privado-orlando\/"]}]},{"@type":"ImageObject","inLanguage":"es","@id":"https:\/\/tourtravelandmore.com\/es\/tours\/eeuu-es\/orlando-es\/orlando-actividades-es\/traslado-privado-orlando\/#primaryimage","url":"https:\/\/tourtravelandmore.com\/wp-content\/uploads\/2018\/03\/auto-1.png","contentUrl":"https:\/\/tourtravelandmore.com\/wp-content\/uploads\/2018\/03\/auto-1.png","width":640,"height":425},{"@type":"BreadcrumbList","@id":"https:\/\/tourtravelandmore.com\/es\/tours\/eeuu-es\/orlando-es\/orlando-actividades-es\/traslado-privado-orlando\/#breadcrumb","itemListElement":[{"@type":"ListItem","position":1,"name":"Home","item":"https:\/\/tourtravelandmore.com\/es\/"},{"@type":"ListItem","position":2,"name":"Tours","item":"https:\/\/tourtravelandmore.com\/es\/tours\/"},{"@type":"ListItem","position":3,"name":"Traslado desde\/hacia el aeropuerto o puerto"}]},{"@type":"WebSite","@id":"https:\/\/tourtravelandmore.com\/es\/#website","url":"https:\/\/tourtravelandmore.com\/es\/","name":"Tour Travel And More","description":"Private sightseeing tours and luxury transfers in Spain","publisher":{"@id":"https:\/\/tourtravelandmore.com\/es\/#organization"},"potentialAction":[{"@type":"SearchAction","target":{"@type":"EntryPoint","urlTemplate":"https:\/\/tourtravelandmore.com\/es\/?s={search_term_string}"},"query-input":{"@type":"PropertyValueSpecification","valueRequired":true,"valueName":"search_term_string"}}],"inLanguage":"es"},{"@type":"Organization","@id":"https:\/\/tourtravelandmore.com\/es\/#organization","name":"Tour Travel And More","url":"https:\/\/tourtravelandmore.com\/es\/","logo":{"@type":"ImageObject","inLanguage":"es","@id":"https:\/\/tourtravelandmore.com\/es\/#\/schema\/logo\/image\/","url":"https:\/\/tourtravelandmore.com\/wp-content\/uploads\/2022\/12\/cropped-logo-cabecera-new.png","contentUrl":"https:\/\/tourtravelandmore.com\/wp-content\/uploads\/2022\/12\/cropped-logo-cabecera-new.png","width":430,"height":61,"caption":"Tour Travel And More"},"image":{"@id":"https:\/\/tourtravelandmore.com\/es\/#\/schema\/logo\/image\/"},"sameAs":["https:\/\/www.facebook.com\/tourtravelandmore\/","https:\/\/x.com\/TourTravel_More"]}]}},"_links":{"self":[{"href":"https:\/\/tourtravelandmore.com\/es\/wp-json\/wp\/v2\/product\/86309","targetHints":{"allow":["GET"]}}],"collection":[{"href":"https:\/\/tourtravelandmore.com\/es\/wp-json\/wp\/v2\/product"}],"about":[{"href":"https:\/\/tourtravelandmore.com\/es\/wp-json\/wp\/v2\/types\/product"}],"replies":[{"embeddable":true,"href":"https:\/\/tourtravelandmore.com\/es\/wp-json\/wp\/v2\/comments?post=86309"}],"wp:featuredmedia":[{"embeddable":true,"href":"https:\/\/tourtravelandmore.com\/es\/wp-json\/wp\/v2\/media\/83530"}],"wp:attachment":[{"href":"https:\/\/tourtravelandmore.com\/es\/wp-json\/wp\/v2\/media?parent=86309"}],"wp:term":[{"taxonomy":"product_brand","embeddable":true,"href":"https:\/\/tourtravelandmore.com\/es\/wp-json\/wp\/v2\/product_brand?post=86309"},{"taxonomy":"product_cat","embeddable":true,"href":"https:\/\/tourtravelandmore.com\/es\/wp-json\/wp\/v2\/product_cat?post=86309"},{"taxonomy":"product_tag","embeddable":true,"href":"https:\/\/tourtravelandmore.com\/es\/wp-json\/wp\/v2\/product_tag?post=86309"}],"curies":[{"name":"wp","href":"https:\/\/api.w.org\/{rel}","templated":true}]}}