{"id":86287,"date":"2020-11-05T16:46:22","date_gmt":"2020-11-05T15:46:24","guid":{"rendered":"https:\/\/tourtravelandmore.com\/?post_type=product&#038;p=86287"},"modified":"2021-09-06T10:33:35","modified_gmt":"2021-09-06T08:33:35","slug":"tour-privado-a-pie-de-orlando","status":"publish","type":"product","link":"https:\/\/tourtravelandmore.com\/es\/tours\/eeuu-es\/orlando-es\/orlando-actividades-es\/tour-privado-a-pie-de-orlando\/","title":{"rendered":"Tour privado a pie por Orlando"},"content":{"rendered":"<h2 id=\"tw-target-text\" class=\"tw-data-text tw-text-large XcVN5d tw-ta\" data-placeholder=\"Traducci\u00f3n\"><span lang=\"es\">Descripci\u00f3n del Tour privado a pie por Orlando<\/span><\/h2>\n<p>Hay mucho m\u00e1s para ver en Orlando que solo los parques tem\u00e1ticos! Con nuestro tour privado a pie de Orlando aprender\u00e1s la historia y secretos de la ciudad junto a un gu\u00eda local experto.<\/p>\n<p>Disfruta de un tour a pie personalizado por el centro de Orlando y el ic\u00f3nico Lago Eola. Su gu\u00eda local experto estar\u00e1 a su entera disposici\u00f3n durante todo el tour.<\/p>\n<p>Coordinaremos un punto de encuentro c\u00e9ntrico, o le recogeremos desde su hotel c\u00e9ntrico, para dar comienzo a su tour.<\/p>\n<p>Disfrute esta maravillosa oportunidad de explorar Orlando junto a un local. Cont\u00e1ctenos! Tambi\u00e9n coordinamos tours privados a los parques tem\u00e1ticos y traslados privados desde y hacia Orlando.<\/p>\n<h2>Puntos de inter\u00e9s en Orlando que no te puedes perder<\/h2>\n<p>El nacimiento del centro hist\u00f3rico de Orlando se remonta a mediados del Siglo 19, siendo Orlando oficialmente declarada un pueblo en 1875. La ciudad gan\u00f3 el estatus de ciudad en 1885, seguido por la llegada del hist\u00f3rico Atlantic Coast Line Railroad y el debut de la estaci\u00f3n Church Street.<\/p>\n<p>Luego de una c\u00f3moda recogida en el sitio planeado daremos inicio a su tour privado a pie de Orlando.<span class=\"Apple-converted-space\"> Todos nuestros gu\u00edas, expertos conocedores de Orlando, son oficiales y licenciados por la ciudad.<\/span><\/p>\n<p>Visitar\u00e1s los sitios m\u00e1s emblem\u00e1ticos del centro hist\u00f3rico y caminar\u00e1s el famoso <a href=\"https:\/\/www.orlando.gov\/Parks-the-Environment\/Directory\/Lake-Eola-Park?lang_update=637401715617877995\">Lago Eola<\/a>, hogar de los cisnes en Orlando. Junto al lago podr\u00e1s ver diversos sitios de inter\u00e9s hist\u00f3rico y diversas instalaciones art\u00edsticas. El sitio donde el lago se encuentra alberga eventos como el Farmer&#8217;s Markets, Art Fairs y el Pride. Si lo desea podemos coordinar una reserva para su almuerzo en Orlando. La ciudad alberga una maravillosa oferta gastron\u00f3mica.<\/p>\n<p>Su gu\u00eda oficial privado estar\u00e1 a su entera disposici\u00f3n durante la total duraci\u00f3n del tour. Nuestra propuesta solo incluye la disposici\u00f3n de un gu\u00eda oficial, pero podemos coordinar un veh\u00edculo en caso de que lo desee.<\/p>\n","protected":false},"excerpt":{"rendered":"<p id=\"tw-target-text\" class=\"tw-data-text tw-text-large XcVN5d tw-ta\" dir=\"ltr\" data-placeholder=\"Traducci\u00f3n\"><strong>Descubre el centro de Orlando y el maravilloso Lago Eola junto a un gu\u00eda local experto.<\/strong><\/p>\n","protected":false},"featured_media":86305,"comment_status":"open","ping_status":"closed","template":"","meta":{"_acf_changed":false},"product_brand":[],"product_cat":[1602,2778,2780,2784],"product_tag":[],"class_list":{"0":"post-86287","1":"product","2":"type-product","3":"status-publish","4":"has-post-thumbnail","6":"product_cat-eeuu-es","7":"product_cat-orlando-es","8":"product_cat-orlando-actividades-es","9":"product_cat-orlando-a-pie-es","11":"first","12":"instock","13":"shipping-taxable","14":"purchasable","15":"product-type-simple"},"acf":[],"yoast_head":"<!-- This site is optimized with the Yoast SEO Premium plugin v25.3.1 (Yoast SEO v25.3.1) - https:\/\/yoast.com\/wordpress\/plugins\/seo\/ -->\n<title>Tour privado a pie de Orlando con gu\u00eda oficial - Tour Travel and More<\/title>\n<meta name=\"description\" content=\"Descubre los sitios m\u00e1s emblem\u00e1ticos de Orlando y el Lago Eola junto a un gu\u00eda local experto. Disfruta nuestro tour privado a pie de Orlando \u2705\" \/>\n<meta name=\"robots\" content=\"index, follow, max-snippet:-1, max-image-preview:large, max-video-preview:-1\" \/>\n<link rel=\"canonical\" href=\"https:\/\/tourtravelandmore.com\/es\/tours\/eeuu-es\/orlando-es\/orlando-actividades-es\/tour-privado-a-pie-de-orlando\/\" \/>\n<meta property=\"og:locale\" content=\"es_ES\" \/>\n<meta property=\"og:type\" content=\"article\" \/>\n<meta property=\"og:title\" content=\"Tour privado a pie por Orlando\" \/>\n<meta property=\"og:description\" content=\"Descubre los sitios m\u00e1s emblem\u00e1ticos de Orlando y el Lago Eola junto a un gu\u00eda local experto. Disfruta nuestro tour privado a pie de Orlando \u2705\" \/>\n<meta property=\"og:url\" content=\"https:\/\/tourtravelandmore.com\/es\/tours\/eeuu-es\/orlando-es\/orlando-actividades-es\/tour-privado-a-pie-de-orlando\/\" \/>\n<meta property=\"og:site_name\" content=\"Tour Travel And More\" \/>\n<meta property=\"article:publisher\" content=\"https:\/\/www.facebook.com\/tourtravelandmore\/\" \/>\n<meta property=\"article:modified_time\" content=\"2021-09-06T08:33:35+00:00\" \/>\n<meta property=\"og:image\" content=\"https:\/\/tourtravelandmore.com\/wp-content\/uploads\/2020\/11\/Orlando-Fl.jpeg\" \/>\n\t<meta property=\"og:image:width\" content=\"1350\" \/>\n\t<meta property=\"og:image:height\" content=\"900\" \/>\n\t<meta property=\"og:image:type\" content=\"image\/jpeg\" \/>\n<meta name=\"twitter:card\" content=\"summary_large_image\" \/>\n<meta name=\"twitter:site\" content=\"@TourTravel_More\" \/>\n<meta name=\"twitter:label1\" content=\"Tiempo de lectura\" \/>\n\t<meta name=\"twitter:data1\" content=\"2 minutos\" \/>\n<script type=\"application\/ld+json\" class=\"yoast-schema-graph\">{\"@context\":\"https:\/\/schema.org\",\"@graph\":[{\"@type\":\"WebPage\",\"@id\":\"https:\/\/tourtravelandmore.com\/es\/tours\/eeuu-es\/orlando-es\/orlando-actividades-es\/tour-privado-a-pie-de-orlando\/\",\"url\":\"https:\/\/tourtravelandmore.com\/es\/tours\/eeuu-es\/orlando-es\/orlando-actividades-es\/tour-privado-a-pie-de-orlando\/\",\"name\":\"Tour privado a pie de Orlando con gu\u00eda oficial - Tour Travel and More\",\"isPartOf\":{\"@id\":\"https:\/\/tourtravelandmore.com\/es\/#website\"},\"primaryImageOfPage\":{\"@id\":\"https:\/\/tourtravelandmore.com\/es\/tours\/eeuu-es\/orlando-es\/orlando-actividades-es\/tour-privado-a-pie-de-orlando\/#primaryimage\"},\"image\":{\"@id\":\"https:\/\/tourtravelandmore.com\/es\/tours\/eeuu-es\/orlando-es\/orlando-actividades-es\/tour-privado-a-pie-de-orlando\/#primaryimage\"},\"thumbnailUrl\":\"https:\/\/tourtravelandmore.com\/wp-content\/uploads\/2020\/11\/Orlando-Fl.jpeg\",\"datePublished\":\"2020-11-05T15:46:24+00:00\",\"dateModified\":\"2021-09-06T08:33:35+00:00\",\"description\":\"Descubre los sitios m\u00e1s emblem\u00e1ticos de Orlando y el Lago Eola junto a un gu\u00eda local experto. Disfruta nuestro tour privado a pie de Orlando \u2705\",\"breadcrumb\":{\"@id\":\"https:\/\/tourtravelandmore.com\/es\/tours\/eeuu-es\/orlando-es\/orlando-actividades-es\/tour-privado-a-pie-de-orlando\/#breadcrumb\"},\"inLanguage\":\"es\",\"potentialAction\":[{\"@type\":\"ReadAction\",\"target\":[\"https:\/\/tourtravelandmore.com\/es\/tours\/eeuu-es\/orlando-es\/orlando-actividades-es\/tour-privado-a-pie-de-orlando\/\"]}]},{\"@type\":\"ImageObject\",\"inLanguage\":\"es\",\"@id\":\"https:\/\/tourtravelandmore.com\/es\/tours\/eeuu-es\/orlando-es\/orlando-actividades-es\/tour-privado-a-pie-de-orlando\/#primaryimage\",\"url\":\"https:\/\/tourtravelandmore.com\/wp-content\/uploads\/2020\/11\/Orlando-Fl.jpeg\",\"contentUrl\":\"https:\/\/tourtravelandmore.com\/wp-content\/uploads\/2020\/11\/Orlando-Fl.jpeg\",\"width\":1350,\"height\":900,\"caption\":\"Orlando Eola\"},{\"@type\":\"BreadcrumbList\",\"@id\":\"https:\/\/tourtravelandmore.com\/es\/tours\/eeuu-es\/orlando-es\/orlando-actividades-es\/tour-privado-a-pie-de-orlando\/#breadcrumb\",\"itemListElement\":[{\"@type\":\"ListItem\",\"position\":1,\"name\":\"Home\",\"item\":\"https:\/\/tourtravelandmore.com\/es\/\"},{\"@type\":\"ListItem\",\"position\":2,\"name\":\"Tours\",\"item\":\"https:\/\/tourtravelandmore.com\/es\/tours\/\"},{\"@type\":\"ListItem\",\"position\":3,\"name\":\"Tour privado a pie por Orlando\"}]},{\"@type\":\"WebSite\",\"@id\":\"https:\/\/tourtravelandmore.com\/es\/#website\",\"url\":\"https:\/\/tourtravelandmore.com\/es\/\",\"name\":\"Tour Travel And More\",\"description\":\"Private sightseeing tours and luxury transfers in Spain\",\"publisher\":{\"@id\":\"https:\/\/tourtravelandmore.com\/es\/#organization\"},\"potentialAction\":[{\"@type\":\"SearchAction\",\"target\":{\"@type\":\"EntryPoint\",\"urlTemplate\":\"https:\/\/tourtravelandmore.com\/es\/?s={search_term_string}\"},\"query-input\":{\"@type\":\"PropertyValueSpecification\",\"valueRequired\":true,\"valueName\":\"search_term_string\"}}],\"inLanguage\":\"es\"},{\"@type\":\"Organization\",\"@id\":\"https:\/\/tourtravelandmore.com\/es\/#organization\",\"name\":\"Tour Travel And More\",\"url\":\"https:\/\/tourtravelandmore.com\/es\/\",\"logo\":{\"@type\":\"ImageObject\",\"inLanguage\":\"es\",\"@id\":\"https:\/\/tourtravelandmore.com\/es\/#\/schema\/logo\/image\/\",\"url\":\"https:\/\/tourtravelandmore.com\/wp-content\/uploads\/2022\/12\/cropped-logo-cabecera-new.png\",\"contentUrl\":\"https:\/\/tourtravelandmore.com\/wp-content\/uploads\/2022\/12\/cropped-logo-cabecera-new.png\",\"width\":430,\"height\":61,\"caption\":\"Tour Travel And More\"},\"image\":{\"@id\":\"https:\/\/tourtravelandmore.com\/es\/#\/schema\/logo\/image\/\"},\"sameAs\":[\"https:\/\/www.facebook.com\/tourtravelandmore\/\",\"https:\/\/x.com\/TourTravel_More\"]}]}<\/script>\n<!-- \/ Yoast SEO Premium plugin. -->","yoast_head_json":{"title":"Tour privado a pie de Orlando con gu\u00eda oficial - Tour Travel and More","description":"Descubre los sitios m\u00e1s emblem\u00e1ticos de Orlando y el Lago Eola junto a un gu\u00eda local experto. Disfruta nuestro tour privado a pie de Orlando \u2705","robots":{"index":"index","follow":"follow","max-snippet":"max-snippet:-1","max-image-preview":"max-image-preview:large","max-video-preview":"max-video-preview:-1"},"canonical":"https:\/\/tourtravelandmore.com\/es\/tours\/eeuu-es\/orlando-es\/orlando-actividades-es\/tour-privado-a-pie-de-orlando\/","og_locale":"es_ES","og_type":"article","og_title":"Tour privado a pie por Orlando","og_description":"Descubre los sitios m\u00e1s emblem\u00e1ticos de Orlando y el Lago Eola junto a un gu\u00eda local experto. Disfruta nuestro tour privado a pie de Orlando \u2705","og_url":"https:\/\/tourtravelandmore.com\/es\/tours\/eeuu-es\/orlando-es\/orlando-actividades-es\/tour-privado-a-pie-de-orlando\/","og_site_name":"Tour Travel And More","article_publisher":"https:\/\/www.facebook.com\/tourtravelandmore\/","article_modified_time":"2021-09-06T08:33:35+00:00","og_image":[{"width":1350,"height":900,"url":"https:\/\/tourtravelandmore.com\/wp-content\/uploads\/2020\/11\/Orlando-Fl.jpeg","type":"image\/jpeg"}],"twitter_card":"summary_large_image","twitter_site":"@TourTravel_More","twitter_misc":{"Tiempo de lectura":"2 minutos"},"schema":{"@context":"https:\/\/schema.org","@graph":[{"@type":"WebPage","@id":"https:\/\/tourtravelandmore.com\/es\/tours\/eeuu-es\/orlando-es\/orlando-actividades-es\/tour-privado-a-pie-de-orlando\/","url":"https:\/\/tourtravelandmore.com\/es\/tours\/eeuu-es\/orlando-es\/orlando-actividades-es\/tour-privado-a-pie-de-orlando\/","name":"Tour privado a pie de Orlando con gu\u00eda oficial - Tour Travel and More","isPartOf":{"@id":"https:\/\/tourtravelandmore.com\/es\/#website"},"primaryImageOfPage":{"@id":"https:\/\/tourtravelandmore.com\/es\/tours\/eeuu-es\/orlando-es\/orlando-actividades-es\/tour-privado-a-pie-de-orlando\/#primaryimage"},"image":{"@id":"https:\/\/tourtravelandmore.com\/es\/tours\/eeuu-es\/orlando-es\/orlando-actividades-es\/tour-privado-a-pie-de-orlando\/#primaryimage"},"thumbnailUrl":"https:\/\/tourtravelandmore.com\/wp-content\/uploads\/2020\/11\/Orlando-Fl.jpeg","datePublished":"2020-11-05T15:46:24+00:00","dateModified":"2021-09-06T08:33:35+00:00","description":"Descubre los sitios m\u00e1s emblem\u00e1ticos de Orlando y el Lago Eola junto a un gu\u00eda local experto. Disfruta nuestro tour privado a pie de Orlando \u2705","breadcrumb":{"@id":"https:\/\/tourtravelandmore.com\/es\/tours\/eeuu-es\/orlando-es\/orlando-actividades-es\/tour-privado-a-pie-de-orlando\/#breadcrumb"},"inLanguage":"es","potentialAction":[{"@type":"ReadAction","target":["https:\/\/tourtravelandmore.com\/es\/tours\/eeuu-es\/orlando-es\/orlando-actividades-es\/tour-privado-a-pie-de-orlando\/"]}]},{"@type":"ImageObject","inLanguage":"es","@id":"https:\/\/tourtravelandmore.com\/es\/tours\/eeuu-es\/orlando-es\/orlando-actividades-es\/tour-privado-a-pie-de-orlando\/#primaryimage","url":"https:\/\/tourtravelandmore.com\/wp-content\/uploads\/2020\/11\/Orlando-Fl.jpeg","contentUrl":"https:\/\/tourtravelandmore.com\/wp-content\/uploads\/2020\/11\/Orlando-Fl.jpeg","width":1350,"height":900,"caption":"Orlando Eola"},{"@type":"BreadcrumbList","@id":"https:\/\/tourtravelandmore.com\/es\/tours\/eeuu-es\/orlando-es\/orlando-actividades-es\/tour-privado-a-pie-de-orlando\/#breadcrumb","itemListElement":[{"@type":"ListItem","position":1,"name":"Home","item":"https:\/\/tourtravelandmore.com\/es\/"},{"@type":"ListItem","position":2,"name":"Tours","item":"https:\/\/tourtravelandmore.com\/es\/tours\/"},{"@type":"ListItem","position":3,"name":"Tour privado a pie por Orlando"}]},{"@type":"WebSite","@id":"https:\/\/tourtravelandmore.com\/es\/#website","url":"https:\/\/tourtravelandmore.com\/es\/","name":"Tour Travel And More","description":"Private sightseeing tours and luxury transfers in Spain","publisher":{"@id":"https:\/\/tourtravelandmore.com\/es\/#organization"},"potentialAction":[{"@type":"SearchAction","target":{"@type":"EntryPoint","urlTemplate":"https:\/\/tourtravelandmore.com\/es\/?s={search_term_string}"},"query-input":{"@type":"PropertyValueSpecification","valueRequired":true,"valueName":"search_term_string"}}],"inLanguage":"es"},{"@type":"Organization","@id":"https:\/\/tourtravelandmore.com\/es\/#organization","name":"Tour Travel And More","url":"https:\/\/tourtravelandmore.com\/es\/","logo":{"@type":"ImageObject","inLanguage":"es","@id":"https:\/\/tourtravelandmore.com\/es\/#\/schema\/logo\/image\/","url":"https:\/\/tourtravelandmore.com\/wp-content\/uploads\/2022\/12\/cropped-logo-cabecera-new.png","contentUrl":"https:\/\/tourtravelandmore.com\/wp-content\/uploads\/2022\/12\/cropped-logo-cabecera-new.png","width":430,"height":61,"caption":"Tour Travel And More"},"image":{"@id":"https:\/\/tourtravelandmore.com\/es\/#\/schema\/logo\/image\/"},"sameAs":["https:\/\/www.facebook.com\/tourtravelandmore\/","https:\/\/x.com\/TourTravel_More"]}]}},"_links":{"self":[{"href":"https:\/\/tourtravelandmore.com\/es\/wp-json\/wp\/v2\/product\/86287","targetHints":{"allow":["GET"]}}],"collection":[{"href":"https:\/\/tourtravelandmore.com\/es\/wp-json\/wp\/v2\/product"}],"about":[{"href":"https:\/\/tourtravelandmore.com\/es\/wp-json\/wp\/v2\/types\/product"}],"replies":[{"embeddable":true,"href":"https:\/\/tourtravelandmore.com\/es\/wp-json\/wp\/v2\/comments?post=86287"}],"wp:featuredmedia":[{"embeddable":true,"href":"https:\/\/tourtravelandmore.com\/es\/wp-json\/wp\/v2\/media\/86305"}],"wp:attachment":[{"href":"https:\/\/tourtravelandmore.com\/es\/wp-json\/wp\/v2\/media?parent=86287"}],"wp:term":[{"taxonomy":"product_brand","embeddable":true,"href":"https:\/\/tourtravelandmore.com\/es\/wp-json\/wp\/v2\/product_brand?post=86287"},{"taxonomy":"product_cat","embeddable":true,"href":"https:\/\/tourtravelandmore.com\/es\/wp-json\/wp\/v2\/product_cat?post=86287"},{"taxonomy":"product_tag","embeddable":true,"href":"https:\/\/tourtravelandmore.com\/es\/wp-json\/wp\/v2\/product_tag?post=86287"}],"curies":[{"name":"wp","href":"https:\/\/api.w.org\/{rel}","templated":true}]}}