{"id":86243,"date":"2020-11-05T13:15:25","date_gmt":"2020-11-05T12:15:26","guid":{"rendered":"https:\/\/tourtravelandmore.com\/?post_type=product&#038;p=86243"},"modified":"2021-06-14T11:49:42","modified_gmt":"2021-06-14T09:49:42","slug":"tour-privado-por-la-costa-norte-y-este-en-kauai","status":"publish","type":"product","link":"https:\/\/tourtravelandmore.com\/es\/tours\/eeuu-es\/hawaii-es\/kauai-es\/tour-privado-por-la-costa-norte-y-este-en-kauai\/","title":{"rendered":"Tour privado por la costa norte y este en Kauai"},"content":{"rendered":"<h2>Descripci\u00f3n del Tour Privado<\/h2>\n<p>Este tour privado por la costa norte y este en Kauai es una gran experiencia.<\/p>\n<p>Conoce el norte y el este de la isla. Para este tour privado, organizaremos una recogida privada en el lugar que elija en la isla.<\/p>\n<p>H\u00e1ganos saber d\u00f3nde se hospeda en Kauai y emprenderemos este incre\u00edble recorrido.<\/p>\n<p>La isla de Kauai tiene mucho que ofrecer con una belleza salvaje.<\/p>\n<p>\u00a1Encuentra impresionantes cascadas, incre\u00edbles paisajes cordilleranos y no podemos olvidar las hermosas playas!<\/p>\n<p>Kauai es una de las islas principales de Hawai m\u00e1s antiguas y aprenda sobre todas las leyendas que guarda esta isla. Se la conoce como la Isla Dorada.<\/p>\n<h2>Puntos emblem\u00e1ticos y de inter\u00e9s de Kauai<\/h2>\n<p>Despu\u00e9s de una c\u00f3moda recogida, comenzaremos esta parte norte y este de la isla de Kauai.<\/p>\n<p>Comenzaremos este recorrido y conoceremos lo mejor de esta parte de la isla.<\/p>\n<p>Entre otros, disfruta:<\/p>\n<ul>\n<li><strong>Hanalei. Una incre\u00edble ciudad hawaiana. Es como el t\u00edpico pueblo. Encuentra ni\u00f1os en tablas de surf en sus bicicletas, iglesias hist\u00f3ricas y mucho m\u00e1s.<\/strong><\/li>\n<li><strong>Mirador del valle de Hanalei<\/strong><\/li>\n<li><strong>Faro de Daniel K Inouye<\/strong><\/li>\n<li><strong>Kilauea Point Iglesia y casa de la misi\u00f3n de Waioli Huiia<\/strong><\/li>\n<li><strong>Jard\u00edn Limahuli<\/strong><\/li>\n<li><strong>R\u00edo Wailua<\/strong><\/li>\n<li><strong>Costa Real del Coco<\/strong><\/li>\n<li><strong>Parque de la playa de Lydgate<\/strong><\/li>\n<li><strong>Ciudad de Kapaa C<\/strong><\/li>\n<li><strong>ataratas de Opaikaa<\/strong><\/li>\n<li><strong>Ciudad de Lihue<\/strong><\/li>\n<li><strong>Mucho m\u00e1s<\/strong><\/li>\n<\/ul>\n<p>Nuestro conductor-gu\u00eda estar\u00e1 a su disposici\u00f3n durante todo el d\u00eda. Termine nuestro tour privado por la costa norte y este en Kauai en su hotel. Lo llevaremos a explorar lo mejor de esta incre\u00edble parte de la isla.<\/p>\n<p>Eche un vistazo a nuestros otros tours privados que podemos ofrecerle en Kauai y Hawaii.<\/p>\n<p>Nuestros expertos en viajes en<strong> Tour Travel &amp; More<\/strong> est\u00e1n completamente a su disposici\u00f3n para una experiencia \u00fanica para usted.<\/p>\n<p>&nbsp;<\/p>\n","protected":false},"excerpt":{"rendered":"<div id=\"tw-target-text-container\" class=\"tw-ta-container hide-focus-ring tw-nfl\" tabindex=\"0\">\n<p id=\"tw-target-text\" class=\"tw-data-text tw-text-large XcVN5d tw-ta\" dir=\"ltr\" data-placeholder=\"Traducci\u00f3n\">\u00danase a nosotros en este<strong> tour privado por la costa norte y este en Kauai<\/strong> y tenga la oportunidad de disfrutar de esta mejor parte de Kauai. <span class=\"JLqJ4b ChMk0b\" data-language-for-alternatives=\"es\" data-language-to-translate-into=\"auto\" data-phrase-index=\"1\">Una experiencia privada verdaderamente asombrosa.<\/span><\/p>\n<\/div>\n<div id=\"tw-images\"><\/div>\n<div class=\"dURPtb\">\n<div>\n<div><\/div>\n<\/div>\n<\/div>\n","protected":false},"featured_media":86267,"comment_status":"open","ping_status":"closed","template":"","meta":{"_acf_changed":false},"product_brand":[],"product_cat":[1602,2709,2712],"product_tag":[],"class_list":{"0":"post-86243","1":"product","2":"type-product","3":"status-publish","4":"has-post-thumbnail","6":"product_cat-eeuu-es","7":"product_cat-hawaii-es","8":"product_cat-kauai-es","10":"first","11":"instock","12":"shipping-taxable","13":"purchasable","14":"product-type-simple"},"acf":[],"yoast_head":"<!-- This site is optimized with the Yoast SEO Premium plugin v25.3.1 (Yoast SEO v25.3.1) - https:\/\/yoast.com\/wordpress\/plugins\/seo\/ -->\n<title>Tour privado por la costa norte y este en Kauai | Tour Travel &amp; More<\/title>\n<meta name=\"description\" content=\"\u2192 \u00danase a nosotros en este tour privado por la costa norte y este en Kauai y tenga la oportunidad de disfrutar de esta mejor parte de Kauai \u2705\" \/>\n<meta name=\"robots\" content=\"index, follow, max-snippet:-1, max-image-preview:large, max-video-preview:-1\" \/>\n<link rel=\"canonical\" href=\"https:\/\/tourtravelandmore.com\/es\/tours\/eeuu-es\/hawaii-es\/kauai-es\/tour-privado-por-la-costa-norte-y-este-en-kauai\/\" \/>\n<meta property=\"og:locale\" content=\"es_ES\" \/>\n<meta property=\"og:type\" content=\"article\" \/>\n<meta property=\"og:title\" content=\"Tour privado por la costa norte y este en Kauai\" \/>\n<meta property=\"og:description\" content=\"\u2192 \u00danase a nosotros en este tour privado por la costa norte y este en Kauai y tenga la oportunidad de disfrutar de esta mejor parte de Kauai \u2705\" \/>\n<meta property=\"og:url\" content=\"https:\/\/tourtravelandmore.com\/es\/tours\/eeuu-es\/hawaii-es\/kauai-es\/tour-privado-por-la-costa-norte-y-este-en-kauai\/\" \/>\n<meta property=\"og:site_name\" content=\"Tour Travel And More\" \/>\n<meta property=\"article:publisher\" content=\"https:\/\/www.facebook.com\/tourtravelandmore\/\" \/>\n<meta property=\"article:modified_time\" content=\"2021-06-14T09:49:42+00:00\" \/>\n<meta property=\"og:image\" content=\"https:\/\/tourtravelandmore.com\/wp-content\/uploads\/2020\/11\/Kauai-3-scaled.jpg\" \/>\n\t<meta property=\"og:image:width\" content=\"2560\" \/>\n\t<meta property=\"og:image:height\" content=\"1920\" \/>\n\t<meta property=\"og:image:type\" content=\"image\/jpeg\" \/>\n<meta name=\"twitter:card\" content=\"summary_large_image\" \/>\n<meta name=\"twitter:site\" content=\"@TourTravel_More\" \/>\n<meta name=\"twitter:label1\" content=\"Tiempo de lectura\" \/>\n\t<meta name=\"twitter:data1\" content=\"2 minutos\" \/>\n<script type=\"application\/ld+json\" class=\"yoast-schema-graph\">{\"@context\":\"https:\/\/schema.org\",\"@graph\":[{\"@type\":\"WebPage\",\"@id\":\"https:\/\/tourtravelandmore.com\/es\/tours\/eeuu-es\/hawaii-es\/kauai-es\/tour-privado-por-la-costa-norte-y-este-en-kauai\/\",\"url\":\"https:\/\/tourtravelandmore.com\/es\/tours\/eeuu-es\/hawaii-es\/kauai-es\/tour-privado-por-la-costa-norte-y-este-en-kauai\/\",\"name\":\"Tour privado por la costa norte y este en Kauai | Tour Travel & More\",\"isPartOf\":{\"@id\":\"https:\/\/tourtravelandmore.com\/es\/#website\"},\"primaryImageOfPage\":{\"@id\":\"https:\/\/tourtravelandmore.com\/es\/tours\/eeuu-es\/hawaii-es\/kauai-es\/tour-privado-por-la-costa-norte-y-este-en-kauai\/#primaryimage\"},\"image\":{\"@id\":\"https:\/\/tourtravelandmore.com\/es\/tours\/eeuu-es\/hawaii-es\/kauai-es\/tour-privado-por-la-costa-norte-y-este-en-kauai\/#primaryimage\"},\"thumbnailUrl\":\"https:\/\/tourtravelandmore.com\/wp-content\/uploads\/2020\/11\/Kauai-3-scaled.jpg\",\"datePublished\":\"2020-11-05T12:15:26+00:00\",\"dateModified\":\"2021-06-14T09:49:42+00:00\",\"description\":\"\u2192 \u00danase a nosotros en este tour privado por la costa norte y este en Kauai y tenga la oportunidad de disfrutar de esta mejor parte de Kauai \u2705\",\"breadcrumb\":{\"@id\":\"https:\/\/tourtravelandmore.com\/es\/tours\/eeuu-es\/hawaii-es\/kauai-es\/tour-privado-por-la-costa-norte-y-este-en-kauai\/#breadcrumb\"},\"inLanguage\":\"es\",\"potentialAction\":[{\"@type\":\"ReadAction\",\"target\":[\"https:\/\/tourtravelandmore.com\/es\/tours\/eeuu-es\/hawaii-es\/kauai-es\/tour-privado-por-la-costa-norte-y-este-en-kauai\/\"]}]},{\"@type\":\"ImageObject\",\"inLanguage\":\"es\",\"@id\":\"https:\/\/tourtravelandmore.com\/es\/tours\/eeuu-es\/hawaii-es\/kauai-es\/tour-privado-por-la-costa-norte-y-este-en-kauai\/#primaryimage\",\"url\":\"https:\/\/tourtravelandmore.com\/wp-content\/uploads\/2020\/11\/Kauai-3-scaled.jpg\",\"contentUrl\":\"https:\/\/tourtravelandmore.com\/wp-content\/uploads\/2020\/11\/Kauai-3-scaled.jpg\",\"width\":2560,\"height\":1920},{\"@type\":\"BreadcrumbList\",\"@id\":\"https:\/\/tourtravelandmore.com\/es\/tours\/eeuu-es\/hawaii-es\/kauai-es\/tour-privado-por-la-costa-norte-y-este-en-kauai\/#breadcrumb\",\"itemListElement\":[{\"@type\":\"ListItem\",\"position\":1,\"name\":\"Home\",\"item\":\"https:\/\/tourtravelandmore.com\/es\/\"},{\"@type\":\"ListItem\",\"position\":2,\"name\":\"Tours\",\"item\":\"https:\/\/tourtravelandmore.com\/es\/tours\/\"},{\"@type\":\"ListItem\",\"position\":3,\"name\":\"Tour privado por la costa norte y este en Kauai\"}]},{\"@type\":\"WebSite\",\"@id\":\"https:\/\/tourtravelandmore.com\/es\/#website\",\"url\":\"https:\/\/tourtravelandmore.com\/es\/\",\"name\":\"Tour Travel And More\",\"description\":\"Private sightseeing tours and luxury transfers in Spain\",\"publisher\":{\"@id\":\"https:\/\/tourtravelandmore.com\/es\/#organization\"},\"potentialAction\":[{\"@type\":\"SearchAction\",\"target\":{\"@type\":\"EntryPoint\",\"urlTemplate\":\"https:\/\/tourtravelandmore.com\/es\/?s={search_term_string}\"},\"query-input\":{\"@type\":\"PropertyValueSpecification\",\"valueRequired\":true,\"valueName\":\"search_term_string\"}}],\"inLanguage\":\"es\"},{\"@type\":\"Organization\",\"@id\":\"https:\/\/tourtravelandmore.com\/es\/#organization\",\"name\":\"Tour Travel And More\",\"url\":\"https:\/\/tourtravelandmore.com\/es\/\",\"logo\":{\"@type\":\"ImageObject\",\"inLanguage\":\"es\",\"@id\":\"https:\/\/tourtravelandmore.com\/es\/#\/schema\/logo\/image\/\",\"url\":\"https:\/\/tourtravelandmore.com\/wp-content\/uploads\/2022\/12\/cropped-logo-cabecera-new.png\",\"contentUrl\":\"https:\/\/tourtravelandmore.com\/wp-content\/uploads\/2022\/12\/cropped-logo-cabecera-new.png\",\"width\":430,\"height\":61,\"caption\":\"Tour Travel And More\"},\"image\":{\"@id\":\"https:\/\/tourtravelandmore.com\/es\/#\/schema\/logo\/image\/\"},\"sameAs\":[\"https:\/\/www.facebook.com\/tourtravelandmore\/\",\"https:\/\/x.com\/TourTravel_More\"]}]}<\/script>\n<!-- \/ Yoast SEO Premium plugin. -->","yoast_head_json":{"title":"Tour privado por la costa norte y este en Kauai | Tour Travel & More","description":"\u2192 \u00danase a nosotros en este tour privado por la costa norte y este en Kauai y tenga la oportunidad de disfrutar de esta mejor parte de Kauai \u2705","robots":{"index":"index","follow":"follow","max-snippet":"max-snippet:-1","max-image-preview":"max-image-preview:large","max-video-preview":"max-video-preview:-1"},"canonical":"https:\/\/tourtravelandmore.com\/es\/tours\/eeuu-es\/hawaii-es\/kauai-es\/tour-privado-por-la-costa-norte-y-este-en-kauai\/","og_locale":"es_ES","og_type":"article","og_title":"Tour privado por la costa norte y este en Kauai","og_description":"\u2192 \u00danase a nosotros en este tour privado por la costa norte y este en Kauai y tenga la oportunidad de disfrutar de esta mejor parte de Kauai \u2705","og_url":"https:\/\/tourtravelandmore.com\/es\/tours\/eeuu-es\/hawaii-es\/kauai-es\/tour-privado-por-la-costa-norte-y-este-en-kauai\/","og_site_name":"Tour Travel And More","article_publisher":"https:\/\/www.facebook.com\/tourtravelandmore\/","article_modified_time":"2021-06-14T09:49:42+00:00","og_image":[{"width":2560,"height":1920,"url":"https:\/\/tourtravelandmore.com\/wp-content\/uploads\/2020\/11\/Kauai-3-scaled.jpg","type":"image\/jpeg"}],"twitter_card":"summary_large_image","twitter_site":"@TourTravel_More","twitter_misc":{"Tiempo de lectura":"2 minutos"},"schema":{"@context":"https:\/\/schema.org","@graph":[{"@type":"WebPage","@id":"https:\/\/tourtravelandmore.com\/es\/tours\/eeuu-es\/hawaii-es\/kauai-es\/tour-privado-por-la-costa-norte-y-este-en-kauai\/","url":"https:\/\/tourtravelandmore.com\/es\/tours\/eeuu-es\/hawaii-es\/kauai-es\/tour-privado-por-la-costa-norte-y-este-en-kauai\/","name":"Tour privado por la costa norte y este en Kauai | Tour Travel & More","isPartOf":{"@id":"https:\/\/tourtravelandmore.com\/es\/#website"},"primaryImageOfPage":{"@id":"https:\/\/tourtravelandmore.com\/es\/tours\/eeuu-es\/hawaii-es\/kauai-es\/tour-privado-por-la-costa-norte-y-este-en-kauai\/#primaryimage"},"image":{"@id":"https:\/\/tourtravelandmore.com\/es\/tours\/eeuu-es\/hawaii-es\/kauai-es\/tour-privado-por-la-costa-norte-y-este-en-kauai\/#primaryimage"},"thumbnailUrl":"https:\/\/tourtravelandmore.com\/wp-content\/uploads\/2020\/11\/Kauai-3-scaled.jpg","datePublished":"2020-11-05T12:15:26+00:00","dateModified":"2021-06-14T09:49:42+00:00","description":"\u2192 \u00danase a nosotros en este tour privado por la costa norte y este en Kauai y tenga la oportunidad de disfrutar de esta mejor parte de Kauai \u2705","breadcrumb":{"@id":"https:\/\/tourtravelandmore.com\/es\/tours\/eeuu-es\/hawaii-es\/kauai-es\/tour-privado-por-la-costa-norte-y-este-en-kauai\/#breadcrumb"},"inLanguage":"es","potentialAction":[{"@type":"ReadAction","target":["https:\/\/tourtravelandmore.com\/es\/tours\/eeuu-es\/hawaii-es\/kauai-es\/tour-privado-por-la-costa-norte-y-este-en-kauai\/"]}]},{"@type":"ImageObject","inLanguage":"es","@id":"https:\/\/tourtravelandmore.com\/es\/tours\/eeuu-es\/hawaii-es\/kauai-es\/tour-privado-por-la-costa-norte-y-este-en-kauai\/#primaryimage","url":"https:\/\/tourtravelandmore.com\/wp-content\/uploads\/2020\/11\/Kauai-3-scaled.jpg","contentUrl":"https:\/\/tourtravelandmore.com\/wp-content\/uploads\/2020\/11\/Kauai-3-scaled.jpg","width":2560,"height":1920},{"@type":"BreadcrumbList","@id":"https:\/\/tourtravelandmore.com\/es\/tours\/eeuu-es\/hawaii-es\/kauai-es\/tour-privado-por-la-costa-norte-y-este-en-kauai\/#breadcrumb","itemListElement":[{"@type":"ListItem","position":1,"name":"Home","item":"https:\/\/tourtravelandmore.com\/es\/"},{"@type":"ListItem","position":2,"name":"Tours","item":"https:\/\/tourtravelandmore.com\/es\/tours\/"},{"@type":"ListItem","position":3,"name":"Tour privado por la costa norte y este en Kauai"}]},{"@type":"WebSite","@id":"https:\/\/tourtravelandmore.com\/es\/#website","url":"https:\/\/tourtravelandmore.com\/es\/","name":"Tour Travel And More","description":"Private sightseeing tours and luxury transfers in Spain","publisher":{"@id":"https:\/\/tourtravelandmore.com\/es\/#organization"},"potentialAction":[{"@type":"SearchAction","target":{"@type":"EntryPoint","urlTemplate":"https:\/\/tourtravelandmore.com\/es\/?s={search_term_string}"},"query-input":{"@type":"PropertyValueSpecification","valueRequired":true,"valueName":"search_term_string"}}],"inLanguage":"es"},{"@type":"Organization","@id":"https:\/\/tourtravelandmore.com\/es\/#organization","name":"Tour Travel And More","url":"https:\/\/tourtravelandmore.com\/es\/","logo":{"@type":"ImageObject","inLanguage":"es","@id":"https:\/\/tourtravelandmore.com\/es\/#\/schema\/logo\/image\/","url":"https:\/\/tourtravelandmore.com\/wp-content\/uploads\/2022\/12\/cropped-logo-cabecera-new.png","contentUrl":"https:\/\/tourtravelandmore.com\/wp-content\/uploads\/2022\/12\/cropped-logo-cabecera-new.png","width":430,"height":61,"caption":"Tour Travel And More"},"image":{"@id":"https:\/\/tourtravelandmore.com\/es\/#\/schema\/logo\/image\/"},"sameAs":["https:\/\/www.facebook.com\/tourtravelandmore\/","https:\/\/x.com\/TourTravel_More"]}]}},"_links":{"self":[{"href":"https:\/\/tourtravelandmore.com\/es\/wp-json\/wp\/v2\/product\/86243","targetHints":{"allow":["GET"]}}],"collection":[{"href":"https:\/\/tourtravelandmore.com\/es\/wp-json\/wp\/v2\/product"}],"about":[{"href":"https:\/\/tourtravelandmore.com\/es\/wp-json\/wp\/v2\/types\/product"}],"replies":[{"embeddable":true,"href":"https:\/\/tourtravelandmore.com\/es\/wp-json\/wp\/v2\/comments?post=86243"}],"wp:featuredmedia":[{"embeddable":true,"href":"https:\/\/tourtravelandmore.com\/es\/wp-json\/wp\/v2\/media\/86267"}],"wp:attachment":[{"href":"https:\/\/tourtravelandmore.com\/es\/wp-json\/wp\/v2\/media?parent=86243"}],"wp:term":[{"taxonomy":"product_brand","embeddable":true,"href":"https:\/\/tourtravelandmore.com\/es\/wp-json\/wp\/v2\/product_brand?post=86243"},{"taxonomy":"product_cat","embeddable":true,"href":"https:\/\/tourtravelandmore.com\/es\/wp-json\/wp\/v2\/product_cat?post=86243"},{"taxonomy":"product_tag","embeddable":true,"href":"https:\/\/tourtravelandmore.com\/es\/wp-json\/wp\/v2\/product_tag?post=86243"}],"curies":[{"name":"wp","href":"https:\/\/api.w.org\/{rel}","templated":true}]}}