{"id":86201,"date":"2020-11-05T11:27:00","date_gmt":"2020-11-05T10:27:02","guid":{"rendered":"https:\/\/tourtravelandmore.com\/?post_type=product&#038;p=86201"},"modified":"2021-12-20T13:29:09","modified_gmt":"2021-12-20T12:29:09","slug":"tour-privado-de-ottawa-desde-montreal","status":"publish","type":"product","link":"https:\/\/tourtravelandmore.com\/es\/tours\/canada-es\/ottawa-es\/ottawa-actividades-es\/tour-privado-de-ottawa-desde-montreal\/","title":{"rendered":"Tour privado de Ottawa desde Montreal"},"content":{"rendered":"<h2 id=\"tw-target-text\" class=\"tw-data-text tw-text-large XcVN5d tw-ta\" dir=\"ltr\" data-placeholder=\"Traducci\u00f3n\"><span lang=\"es\">Descripci\u00f3n del Tour privado de Ottawa desde Montreal<\/span><\/h2>\n<p>\u00a1T\u00f3mese un d\u00eda libre en su visita a Montreal para visitar la capital de Canad\u00e1! \u00a1Este tour privado de Ottawa desde Montreal lo llevar\u00e1 a la capital canadiense para una gran experiencia de un d\u00eda!<\/p>\n<p>Para este tour, organizaremos una recogida privada en su hotel o apartamento en Montreal. Podemos recogerte en cualquier lugar de la ciudad. Saldr\u00e1 de Montreal con su conductor privado. Una vez que lleguemos a Ottawa, se reunir\u00e1 con su gu\u00eda tur\u00edstico privado. El viaje hacia Ottawa desde Montreal es de aproximadamente 2 horas en cada sentido.<\/p>\n<p>Perm\u00edtanos llevarlo a esta excursi\u00f3n de un d\u00eda y conocer la ciudad que se encuentra a orillas del r\u00edo Ottawa. Ottawa es una ciudad biling\u00fce en Ontario que habla franc\u00e9s e ingl\u00e9s. Aprenda sobre los sitios de Ottawa, as\u00ed como sobre las diferentes culturas que se encuentran en todo el mundo.<\/p>\n<p>En Ottawa, disfruta de las grandes atracciones nacionales. Realice este tour privado de d\u00eda completo para conocer lo mejor de la capital canadiense.<\/p>\n<h2>Puntos emblem\u00e1ticos y de inter\u00e9s en el Tour privado de Ottawa desde Montreal<\/h2>\n<p>Organizaremos una recogida privada en su hotel en Montreal. Luego partiremos hacia Ottawa. Re\u00fanase con su gu\u00eda tur\u00edstico una vez en la capital y disfrute de un recorrido por la ciudad por los mejores sitios.<\/p>\n<p>Entre otros, conozca los siguientes sitios en Ottawa:<\/p>\n<ul>\n<li><strong>En los meses de invierno<\/strong>: podemos disfrutar del patinaje al aire libre en el Canal Rideau. Es el m\u00e1s largo del mundo, ya que tiene casi 8 kil\u00f3metros de largo. \u00a1Esta pista de patinaje est\u00e1 abierta 24\/7!<\/li>\n<li><strong>Vista del Parlamento en Parliament Hill.<\/strong> En Ottawa, el parlamento est\u00e1 ubicado en un edificio g\u00f3tico en el centro de la ciudad. Esta ubicaci\u00f3n tiene vistas al r\u00edo Ottawa. Tambi\u00e9n podemos organizar un recorrido por el interior si lo desea.<\/li>\n<li><strong>Mercado Byward.<\/strong> Est\u00e1 ubicado en el coraz\u00f3n del centro de la ciudad de Ottawa. Es uno de los mercados m\u00e1s antiguos de Ottawa.<\/li>\n<li><strong>Fairmont Ch\u00e2teau Laurier<\/strong><\/li>\n<li><strong>Canal Rideau<\/strong><\/li>\n<li><strong>Parque Major&#8217;s Hill<\/strong><\/li>\n<li><strong>Bas\u00edlica de la catedral de Notre Dame<\/strong><\/li>\n<li><strong>Vista de la Corte Suprema de Canad\u00e1<\/strong><\/li>\n<li><strong>Westboro Village<\/strong><\/li>\n<li>Mucho m\u00e1s<\/li>\n<\/ul>\n<p>Debes probar un Beaver Tail cuando visites Ottawa.<\/p>\n<p>Tendr\u00e1 tiempo libre para comer algo antes de regresar a Montreal. Su conductor lo llevar\u00e1 de regreso a Montreal despu\u00e9s de su Tour privado de Ottawa desde Montreal.<\/p>\n<p><a href=\"https:\/\/tourtravelandmore.com\/es\/ciudad\/canada-es\/montreal-es\/\" target=\"_blank\" rel=\"noopener noreferrer\">\u00a1No se pierda nuestros otros tours privados en Montreal y Canad\u00e1!<\/a><\/p>\n<p>&nbsp;<\/p>\n","protected":false},"excerpt":{"rendered":"<p id=\"tw-target-text\" class=\"tw-data-text tw-text-large XcVN5d tw-ta\" dir=\"ltr\" data-placeholder=\"Traducci\u00f3n\">Realice nuestro incre\u00edble <strong>tour privado de Ottawa desde Montreal<\/strong> y tenga la oportunidad de disfrutar de lo mejor de Ottawa. Este es un gran viaje de un d\u00eda desde Montreal.<\/p>\n","protected":false},"featured_media":86232,"comment_status":"open","ping_status":"closed","template":"","meta":{"_acf_changed":false},"product_brand":[],"product_cat":[2789,2850,2853,2791,2799,2802,2805,1602],"product_tag":[],"class_list":{"0":"post-86201","1":"product","2":"type-product","3":"status-publish","4":"has-post-thumbnail","6":"product_cat-canada-es","7":"product_cat-ottawa-es","8":"product_cat-ottawa-actividades-es","9":"product_cat-montreal-es","10":"product_cat-montreal-actividades-es","11":"product_cat-montreal-tours-es","12":"product_cat-montreal-a-pie-es","13":"product_cat-eeuu-es","15":"first","16":"instock","17":"shipping-taxable","18":"purchasable","19":"product-type-simple"},"acf":[],"yoast_head":"<!-- This site is optimized with the Yoast SEO Premium plugin v25.3.1 (Yoast SEO v25.3.1) - https:\/\/yoast.com\/wordpress\/plugins\/seo\/ -->\n<title>Tour privado de Ottawa desde Montreal con veh\u00edculo y gu\u00eda tur\u00edstico | TTM<\/title>\n<meta name=\"description\" content=\"Tome este tour privado de Ottawa desde Montreal y tenga la oportunidad de disfrutar de lo mejor de Ottawa. Este es un gran viaje de un d\u00eda desde Montreal \u2705\" \/>\n<meta name=\"robots\" content=\"index, follow, max-snippet:-1, max-image-preview:large, max-video-preview:-1\" \/>\n<link rel=\"canonical\" href=\"https:\/\/tourtravelandmore.com\/es\/tours\/canada-es\/ottawa-es\/ottawa-actividades-es\/tour-privado-de-ottawa-desde-montreal\/\" \/>\n<meta property=\"og:locale\" content=\"es_ES\" \/>\n<meta property=\"og:type\" content=\"article\" \/>\n<meta property=\"og:title\" content=\"Tour privado de Ottawa desde Montreal\" \/>\n<meta property=\"og:description\" content=\"Tome este tour privado de Ottawa desde Montreal y tenga la oportunidad de disfrutar de lo mejor de Ottawa. Este es un gran viaje de un d\u00eda desde Montreal \u2705\" \/>\n<meta property=\"og:url\" content=\"https:\/\/tourtravelandmore.com\/es\/tours\/canada-es\/ottawa-es\/ottawa-actividades-es\/tour-privado-de-ottawa-desde-montreal\/\" \/>\n<meta property=\"og:site_name\" content=\"Tour Travel And More\" \/>\n<meta property=\"article:publisher\" content=\"https:\/\/www.facebook.com\/tourtravelandmore\/\" \/>\n<meta property=\"article:modified_time\" content=\"2021-12-20T12:29:09+00:00\" \/>\n<meta property=\"og:image\" content=\"https:\/\/tourtravelandmore.com\/wp-content\/uploads\/2020\/11\/Ottawa-5-scaled.jpg\" \/>\n\t<meta property=\"og:image:width\" content=\"2560\" \/>\n\t<meta property=\"og:image:height\" content=\"1709\" \/>\n\t<meta property=\"og:image:type\" content=\"image\/jpeg\" \/>\n<meta name=\"twitter:card\" content=\"summary_large_image\" \/>\n<meta name=\"twitter:site\" content=\"@TourTravel_More\" \/>\n<meta name=\"twitter:label1\" content=\"Tiempo de lectura\" \/>\n\t<meta name=\"twitter:data1\" content=\"2 minutos\" \/>\n<script type=\"application\/ld+json\" class=\"yoast-schema-graph\">{\"@context\":\"https:\/\/schema.org\",\"@graph\":[{\"@type\":\"WebPage\",\"@id\":\"https:\/\/tourtravelandmore.com\/es\/tours\/canada-es\/ottawa-es\/ottawa-actividades-es\/tour-privado-de-ottawa-desde-montreal\/\",\"url\":\"https:\/\/tourtravelandmore.com\/es\/tours\/canada-es\/ottawa-es\/ottawa-actividades-es\/tour-privado-de-ottawa-desde-montreal\/\",\"name\":\"Tour privado de Ottawa desde Montreal con veh\u00edculo y gu\u00eda tur\u00edstico | TTM\",\"isPartOf\":{\"@id\":\"https:\/\/tourtravelandmore.com\/es\/#website\"},\"primaryImageOfPage\":{\"@id\":\"https:\/\/tourtravelandmore.com\/es\/tours\/canada-es\/ottawa-es\/ottawa-actividades-es\/tour-privado-de-ottawa-desde-montreal\/#primaryimage\"},\"image\":{\"@id\":\"https:\/\/tourtravelandmore.com\/es\/tours\/canada-es\/ottawa-es\/ottawa-actividades-es\/tour-privado-de-ottawa-desde-montreal\/#primaryimage\"},\"thumbnailUrl\":\"https:\/\/tourtravelandmore.com\/wp-content\/uploads\/2020\/11\/Ottawa-5-scaled.jpg\",\"datePublished\":\"2020-11-05T10:27:02+00:00\",\"dateModified\":\"2021-12-20T12:29:09+00:00\",\"description\":\"Tome este tour privado de Ottawa desde Montreal y tenga la oportunidad de disfrutar de lo mejor de Ottawa. Este es un gran viaje de un d\u00eda desde Montreal \u2705\",\"breadcrumb\":{\"@id\":\"https:\/\/tourtravelandmore.com\/es\/tours\/canada-es\/ottawa-es\/ottawa-actividades-es\/tour-privado-de-ottawa-desde-montreal\/#breadcrumb\"},\"inLanguage\":\"es\",\"potentialAction\":[{\"@type\":\"ReadAction\",\"target\":[\"https:\/\/tourtravelandmore.com\/es\/tours\/canada-es\/ottawa-es\/ottawa-actividades-es\/tour-privado-de-ottawa-desde-montreal\/\"]}]},{\"@type\":\"ImageObject\",\"inLanguage\":\"es\",\"@id\":\"https:\/\/tourtravelandmore.com\/es\/tours\/canada-es\/ottawa-es\/ottawa-actividades-es\/tour-privado-de-ottawa-desde-montreal\/#primaryimage\",\"url\":\"https:\/\/tourtravelandmore.com\/wp-content\/uploads\/2020\/11\/Ottawa-5-scaled.jpg\",\"contentUrl\":\"https:\/\/tourtravelandmore.com\/wp-content\/uploads\/2020\/11\/Ottawa-5-scaled.jpg\",\"width\":2560,\"height\":1709},{\"@type\":\"BreadcrumbList\",\"@id\":\"https:\/\/tourtravelandmore.com\/es\/tours\/canada-es\/ottawa-es\/ottawa-actividades-es\/tour-privado-de-ottawa-desde-montreal\/#breadcrumb\",\"itemListElement\":[{\"@type\":\"ListItem\",\"position\":1,\"name\":\"Home\",\"item\":\"https:\/\/tourtravelandmore.com\/es\/\"},{\"@type\":\"ListItem\",\"position\":2,\"name\":\"Tours\",\"item\":\"https:\/\/tourtravelandmore.com\/es\/tours\/\"},{\"@type\":\"ListItem\",\"position\":3,\"name\":\"Tour privado de Ottawa desde Montreal\"}]},{\"@type\":\"WebSite\",\"@id\":\"https:\/\/tourtravelandmore.com\/es\/#website\",\"url\":\"https:\/\/tourtravelandmore.com\/es\/\",\"name\":\"Tour Travel And More\",\"description\":\"Private sightseeing tours and luxury transfers in Spain\",\"publisher\":{\"@id\":\"https:\/\/tourtravelandmore.com\/es\/#organization\"},\"potentialAction\":[{\"@type\":\"SearchAction\",\"target\":{\"@type\":\"EntryPoint\",\"urlTemplate\":\"https:\/\/tourtravelandmore.com\/es\/?s={search_term_string}\"},\"query-input\":{\"@type\":\"PropertyValueSpecification\",\"valueRequired\":true,\"valueName\":\"search_term_string\"}}],\"inLanguage\":\"es\"},{\"@type\":\"Organization\",\"@id\":\"https:\/\/tourtravelandmore.com\/es\/#organization\",\"name\":\"Tour Travel And More\",\"url\":\"https:\/\/tourtravelandmore.com\/es\/\",\"logo\":{\"@type\":\"ImageObject\",\"inLanguage\":\"es\",\"@id\":\"https:\/\/tourtravelandmore.com\/es\/#\/schema\/logo\/image\/\",\"url\":\"https:\/\/tourtravelandmore.com\/wp-content\/uploads\/2022\/12\/cropped-logo-cabecera-new.png\",\"contentUrl\":\"https:\/\/tourtravelandmore.com\/wp-content\/uploads\/2022\/12\/cropped-logo-cabecera-new.png\",\"width\":430,\"height\":61,\"caption\":\"Tour Travel And More\"},\"image\":{\"@id\":\"https:\/\/tourtravelandmore.com\/es\/#\/schema\/logo\/image\/\"},\"sameAs\":[\"https:\/\/www.facebook.com\/tourtravelandmore\/\",\"https:\/\/x.com\/TourTravel_More\"]}]}<\/script>\n<!-- \/ Yoast SEO Premium plugin. -->","yoast_head_json":{"title":"Tour privado de Ottawa desde Montreal con veh\u00edculo y gu\u00eda tur\u00edstico | TTM","description":"Tome este tour privado de Ottawa desde Montreal y tenga la oportunidad de disfrutar de lo mejor de Ottawa. Este es un gran viaje de un d\u00eda desde Montreal \u2705","robots":{"index":"index","follow":"follow","max-snippet":"max-snippet:-1","max-image-preview":"max-image-preview:large","max-video-preview":"max-video-preview:-1"},"canonical":"https:\/\/tourtravelandmore.com\/es\/tours\/canada-es\/ottawa-es\/ottawa-actividades-es\/tour-privado-de-ottawa-desde-montreal\/","og_locale":"es_ES","og_type":"article","og_title":"Tour privado de Ottawa desde Montreal","og_description":"Tome este tour privado de Ottawa desde Montreal y tenga la oportunidad de disfrutar de lo mejor de Ottawa. Este es un gran viaje de un d\u00eda desde Montreal \u2705","og_url":"https:\/\/tourtravelandmore.com\/es\/tours\/canada-es\/ottawa-es\/ottawa-actividades-es\/tour-privado-de-ottawa-desde-montreal\/","og_site_name":"Tour Travel And More","article_publisher":"https:\/\/www.facebook.com\/tourtravelandmore\/","article_modified_time":"2021-12-20T12:29:09+00:00","og_image":[{"width":2560,"height":1709,"url":"https:\/\/tourtravelandmore.com\/wp-content\/uploads\/2020\/11\/Ottawa-5-scaled.jpg","type":"image\/jpeg"}],"twitter_card":"summary_large_image","twitter_site":"@TourTravel_More","twitter_misc":{"Tiempo de lectura":"2 minutos"},"schema":{"@context":"https:\/\/schema.org","@graph":[{"@type":"WebPage","@id":"https:\/\/tourtravelandmore.com\/es\/tours\/canada-es\/ottawa-es\/ottawa-actividades-es\/tour-privado-de-ottawa-desde-montreal\/","url":"https:\/\/tourtravelandmore.com\/es\/tours\/canada-es\/ottawa-es\/ottawa-actividades-es\/tour-privado-de-ottawa-desde-montreal\/","name":"Tour privado de Ottawa desde Montreal con veh\u00edculo y gu\u00eda tur\u00edstico | TTM","isPartOf":{"@id":"https:\/\/tourtravelandmore.com\/es\/#website"},"primaryImageOfPage":{"@id":"https:\/\/tourtravelandmore.com\/es\/tours\/canada-es\/ottawa-es\/ottawa-actividades-es\/tour-privado-de-ottawa-desde-montreal\/#primaryimage"},"image":{"@id":"https:\/\/tourtravelandmore.com\/es\/tours\/canada-es\/ottawa-es\/ottawa-actividades-es\/tour-privado-de-ottawa-desde-montreal\/#primaryimage"},"thumbnailUrl":"https:\/\/tourtravelandmore.com\/wp-content\/uploads\/2020\/11\/Ottawa-5-scaled.jpg","datePublished":"2020-11-05T10:27:02+00:00","dateModified":"2021-12-20T12:29:09+00:00","description":"Tome este tour privado de Ottawa desde Montreal y tenga la oportunidad de disfrutar de lo mejor de Ottawa. Este es un gran viaje de un d\u00eda desde Montreal \u2705","breadcrumb":{"@id":"https:\/\/tourtravelandmore.com\/es\/tours\/canada-es\/ottawa-es\/ottawa-actividades-es\/tour-privado-de-ottawa-desde-montreal\/#breadcrumb"},"inLanguage":"es","potentialAction":[{"@type":"ReadAction","target":["https:\/\/tourtravelandmore.com\/es\/tours\/canada-es\/ottawa-es\/ottawa-actividades-es\/tour-privado-de-ottawa-desde-montreal\/"]}]},{"@type":"ImageObject","inLanguage":"es","@id":"https:\/\/tourtravelandmore.com\/es\/tours\/canada-es\/ottawa-es\/ottawa-actividades-es\/tour-privado-de-ottawa-desde-montreal\/#primaryimage","url":"https:\/\/tourtravelandmore.com\/wp-content\/uploads\/2020\/11\/Ottawa-5-scaled.jpg","contentUrl":"https:\/\/tourtravelandmore.com\/wp-content\/uploads\/2020\/11\/Ottawa-5-scaled.jpg","width":2560,"height":1709},{"@type":"BreadcrumbList","@id":"https:\/\/tourtravelandmore.com\/es\/tours\/canada-es\/ottawa-es\/ottawa-actividades-es\/tour-privado-de-ottawa-desde-montreal\/#breadcrumb","itemListElement":[{"@type":"ListItem","position":1,"name":"Home","item":"https:\/\/tourtravelandmore.com\/es\/"},{"@type":"ListItem","position":2,"name":"Tours","item":"https:\/\/tourtravelandmore.com\/es\/tours\/"},{"@type":"ListItem","position":3,"name":"Tour privado de Ottawa desde Montreal"}]},{"@type":"WebSite","@id":"https:\/\/tourtravelandmore.com\/es\/#website","url":"https:\/\/tourtravelandmore.com\/es\/","name":"Tour Travel And More","description":"Private sightseeing tours and luxury transfers in Spain","publisher":{"@id":"https:\/\/tourtravelandmore.com\/es\/#organization"},"potentialAction":[{"@type":"SearchAction","target":{"@type":"EntryPoint","urlTemplate":"https:\/\/tourtravelandmore.com\/es\/?s={search_term_string}"},"query-input":{"@type":"PropertyValueSpecification","valueRequired":true,"valueName":"search_term_string"}}],"inLanguage":"es"},{"@type":"Organization","@id":"https:\/\/tourtravelandmore.com\/es\/#organization","name":"Tour Travel And More","url":"https:\/\/tourtravelandmore.com\/es\/","logo":{"@type":"ImageObject","inLanguage":"es","@id":"https:\/\/tourtravelandmore.com\/es\/#\/schema\/logo\/image\/","url":"https:\/\/tourtravelandmore.com\/wp-content\/uploads\/2022\/12\/cropped-logo-cabecera-new.png","contentUrl":"https:\/\/tourtravelandmore.com\/wp-content\/uploads\/2022\/12\/cropped-logo-cabecera-new.png","width":430,"height":61,"caption":"Tour Travel And More"},"image":{"@id":"https:\/\/tourtravelandmore.com\/es\/#\/schema\/logo\/image\/"},"sameAs":["https:\/\/www.facebook.com\/tourtravelandmore\/","https:\/\/x.com\/TourTravel_More"]}]}},"_links":{"self":[{"href":"https:\/\/tourtravelandmore.com\/es\/wp-json\/wp\/v2\/product\/86201","targetHints":{"allow":["GET"]}}],"collection":[{"href":"https:\/\/tourtravelandmore.com\/es\/wp-json\/wp\/v2\/product"}],"about":[{"href":"https:\/\/tourtravelandmore.com\/es\/wp-json\/wp\/v2\/types\/product"}],"replies":[{"embeddable":true,"href":"https:\/\/tourtravelandmore.com\/es\/wp-json\/wp\/v2\/comments?post=86201"}],"wp:featuredmedia":[{"embeddable":true,"href":"https:\/\/tourtravelandmore.com\/es\/wp-json\/wp\/v2\/media\/86232"}],"wp:attachment":[{"href":"https:\/\/tourtravelandmore.com\/es\/wp-json\/wp\/v2\/media?parent=86201"}],"wp:term":[{"taxonomy":"product_brand","embeddable":true,"href":"https:\/\/tourtravelandmore.com\/es\/wp-json\/wp\/v2\/product_brand?post=86201"},{"taxonomy":"product_cat","embeddable":true,"href":"https:\/\/tourtravelandmore.com\/es\/wp-json\/wp\/v2\/product_cat?post=86201"},{"taxonomy":"product_tag","embeddable":true,"href":"https:\/\/tourtravelandmore.com\/es\/wp-json\/wp\/v2\/product_tag?post=86201"}],"curies":[{"name":"wp","href":"https:\/\/api.w.org\/{rel}","templated":true}]}}