{"id":86151,"date":"2020-11-05T11:11:35","date_gmt":"2020-11-05T10:11:36","guid":{"rendered":"https:\/\/tourtravelandmore.com\/?post_type=product&#038;p=86151"},"modified":"2021-12-27T10:48:15","modified_gmt":"2021-12-27T09:48:15","slug":"tour-privado-de-la-ciudad-de-quebec-desde-montreal","status":"publish","type":"product","link":"https:\/\/tourtravelandmore.com\/es\/tours\/canada-es\/montreal-es\/montreal-actividades-es\/tour-privado-de-la-ciudad-de-quebec-desde-montreal\/","title":{"rendered":"Tour privado de la ciudad de Quebec desde Montreal"},"content":{"rendered":"<h2 id=\"tw-target-text\" class=\"tw-data-text tw-text-large XcVN5d tw-ta\" dir=\"ltr\" data-placeholder=\"Traducci\u00f3n\"><span lang=\"es\">Descripci\u00f3n del Tour privado de la ciudad de Quebec desde Montreal<\/span><\/h2>\n<p>Realice este tour privado por la ciudad de Quebec desde Montreal y dir\u00edjase hacia la capital de la provincia canadiense de Quebec.<\/p>\n<p>Salga c\u00f3modamente de Montreal con nuestro chofer privado. Organizaremos la recogida en cualquier lugar de Montreal. Luego nos dirigiremos hacia la ciudad de Quebec. Una vez que lleguemos a la ciudad de Quebec, nos reuniremos con su gu\u00eda tur\u00edstico privado y separado. Disfrutar\u00e1 de un recorrido de 4 horas por la ciudad de Quebec.<\/p>\n<p>El viaje hacia la ciudad de Quebec durar\u00e1 un poco menos de 3 horas. Luego tendr\u00e1 algo de tiempo para comer algo y disfrutar de una visita guiada de 4 horas a la ciudad de Quebec. El viaje de regreso ser\u00e1 de 3 horas. Tambi\u00e9n incluiremos una parada en Montmorency Falls. Este tour tendr\u00e1 una duraci\u00f3n total de 12 horas.<\/p>\n<p>La historia canadiense-francesa se remonta a unos 400 a\u00f1os. Para este tour privado, incluiremos una visita a la ciudad de Quebec y las cataratas de Montmorency. Disfrute del encanto de Quebec y la ciudad vieja.<\/p>\n<p>Despu\u00e9s del recorrido, lo dejaremos en su hotel en la ciudad de Montreal.<\/p>\n<h2>Puntos emblem\u00e1ticos y de inter\u00e9s del Tour privado de la ciudad de Quebec desde Montreal<\/h2>\n<p>En primer lugar, organizaremos una c\u00f3moda recogida en el lugar que elija en Montreal. Una vez en la ciudad de Quebec, disfrute de una visita guiada de 4 horas por la ciudad.<\/p>\n<p>La ciudad de Quebec es la capital de la provincia de Quebec. \u00a1Es un destino verdaderamente \u00fanico con tanta historia, arquitectura y cultura incre\u00edble! Tambi\u00e9n disfrute de excelentes vistas panor\u00e1micas del r\u00edo San Lorenzo y las monta\u00f1as Laurentian. \u00a1Es un destino tur\u00edstico de primer orden!<\/p>\n<p>A continuaci\u00f3n se muestran algunos ejemplos de lo que se puede disfrutar en la ciudad de Quebec:<\/p>\n<ul>\n<li><strong>Viejo Quebec<\/strong><\/li>\n<li><strong>Murallas fortificadas de Quebec y la Ciudadela.<\/strong> La muralla de la ciudad fortificada es la \u00faltima que queda en Am\u00e9rica del Norte.<\/li>\n<li><strong>Ciudad alta de la ciudad de Quebec<\/strong><\/li>\n<li><strong>Ch\u00e2teau Frontenac<\/strong><\/li>\n<li><strong>S\u00e9minaire de Qu\u00e9bec<\/strong><\/li>\n<li><strong>Convento de las Ursulinas<\/strong><\/li>\n<li><strong>Hotel-Dieu de Quebec<\/strong><\/li>\n<li><strong>Ciudad baja<\/strong><\/li>\n<li><strong>Notre Dame des Victoires<\/strong><\/li>\n<li><strong>Place de Par\u00eds<\/strong><\/li>\n<li><strong>Gare du Palais<\/strong><\/li>\n<li><strong>Vista del Centro Morrin.<\/strong> Esta fue la primera prisi\u00f3n ubicada en la ciudad de Quebec. Hoy ya no es una prisi\u00f3n. Es museo y biblioteca inglesa. Este edificio data de 1712. Es un sitio hist\u00f3rico nacional de Canad\u00e1.<\/li>\n<li><strong>Vista del edificio del parlamento<\/strong><\/li>\n<li><strong>Bas\u00edlica de Sainte-Anne-de Beaupr\u00e9:<\/strong> esta es una bas\u00edlica de renacimiento rom\u00e1nico.<\/li>\n<li><strong>Distrito de Petit Champlain<\/strong><\/li>\n<li><strong>Depende del tiempo que queda:<\/strong> Breve visita a las cataratas de Montmorency. Estas cataratas tienen 84 metros de altura. Uno de los iconos de la ciudad de Quebec. Son incluso m\u00e1s grandes que las famosas Cataratas del Ni\u00e1gara.<\/li>\n<\/ul>\n<p>Tendr\u00e1 tiempo para comer algo y lo llevaremos de regreso a Montreal para terminar este tour privado por la ciudad de Quebec desde Montreal.<\/p>\n<p><a href=\"https:\/\/tourtravelandmore.com\/es\/ciudad\/canada-es\/montreal-es\/\" target=\"_blank\" rel=\"noopener noreferrer\">\u00a1Eche un vistazo a todos nuestros tours privados de Montreal y desde Montreal!<\/a><\/p>\n","protected":false},"excerpt":{"rendered":"<p id=\"tw-target-text\" class=\"tw-data-text tw-text-large XcVN5d tw-ta\" dir=\"ltr\" data-placeholder=\"Traducci\u00f3n\">Realice este <strong>tour privado de la ciudad de Quebec desde Montreal<\/strong> y tenga la oportunidad de disfrutar de lo mejor de la ciudad de Quebec. Este es un gran viaje de un d\u00eda desde Montreal.<\/p>\n","protected":false},"featured_media":86183,"comment_status":"open","ping_status":"closed","template":"","meta":{"_acf_changed":false},"product_brand":[],"product_cat":[2789,2791,2799,2802,2805,1602],"product_tag":[],"class_list":{"0":"post-86151","1":"product","2":"type-product","3":"status-publish","4":"has-post-thumbnail","6":"product_cat-canada-es","7":"product_cat-montreal-es","8":"product_cat-montreal-actividades-es","9":"product_cat-montreal-tours-es","10":"product_cat-montreal-a-pie-es","11":"product_cat-eeuu-es","13":"first","14":"instock","15":"shipping-taxable","16":"purchasable","17":"product-type-simple"},"acf":[],"yoast_head":"<!-- This site is optimized with the Yoast SEO Premium plugin v25.3.1 (Yoast SEO v25.3.1) - https:\/\/yoast.com\/wordpress\/plugins\/seo\/ -->\n<title>Tour privado de la ciudad de Quebec desde Montreal | TTM<\/title>\n<meta name=\"description\" content=\"Realice este tour privado de la ciudad de Quebec desde Montreal y tenga la oportunidad de disfrutar de lo mejor de la ciudad de Quebec \u2705\" \/>\n<meta name=\"robots\" content=\"index, follow, max-snippet:-1, max-image-preview:large, max-video-preview:-1\" \/>\n<link rel=\"canonical\" href=\"https:\/\/tourtravelandmore.com\/es\/tours\/canada-es\/montreal-es\/montreal-actividades-es\/tour-privado-de-la-ciudad-de-quebec-desde-montreal\/\" \/>\n<meta property=\"og:locale\" content=\"es_ES\" \/>\n<meta property=\"og:type\" content=\"article\" \/>\n<meta property=\"og:title\" content=\"Tour privado de la ciudad de Quebec desde Montreal\" \/>\n<meta property=\"og:description\" content=\"Realice este tour privado de la ciudad de Quebec desde Montreal y tenga la oportunidad de disfrutar de lo mejor de la ciudad de Quebec \u2705\" \/>\n<meta property=\"og:url\" content=\"https:\/\/tourtravelandmore.com\/es\/tours\/canada-es\/montreal-es\/montreal-actividades-es\/tour-privado-de-la-ciudad-de-quebec-desde-montreal\/\" \/>\n<meta property=\"og:site_name\" content=\"Tour Travel And More\" \/>\n<meta property=\"article:publisher\" content=\"https:\/\/www.facebook.com\/tourtravelandmore\/\" \/>\n<meta property=\"article:modified_time\" content=\"2021-12-27T09:48:15+00:00\" \/>\n<meta property=\"og:image\" content=\"https:\/\/tourtravelandmore.com\/wp-content\/uploads\/2020\/11\/Quebec-4-scaled.jpg\" \/>\n\t<meta property=\"og:image:width\" content=\"1734\" \/>\n\t<meta property=\"og:image:height\" content=\"2560\" \/>\n\t<meta property=\"og:image:type\" content=\"image\/jpeg\" \/>\n<meta name=\"twitter:card\" content=\"summary_large_image\" \/>\n<meta name=\"twitter:site\" content=\"@TourTravel_More\" \/>\n<meta name=\"twitter:label1\" content=\"Tiempo de lectura\" \/>\n\t<meta name=\"twitter:data1\" content=\"3 minutos\" \/>\n<script type=\"application\/ld+json\" class=\"yoast-schema-graph\">{\"@context\":\"https:\/\/schema.org\",\"@graph\":[{\"@type\":\"WebPage\",\"@id\":\"https:\/\/tourtravelandmore.com\/es\/tours\/canada-es\/montreal-es\/montreal-actividades-es\/tour-privado-de-la-ciudad-de-quebec-desde-montreal\/\",\"url\":\"https:\/\/tourtravelandmore.com\/es\/tours\/canada-es\/montreal-es\/montreal-actividades-es\/tour-privado-de-la-ciudad-de-quebec-desde-montreal\/\",\"name\":\"Tour privado de la ciudad de Quebec desde Montreal | TTM\",\"isPartOf\":{\"@id\":\"https:\/\/tourtravelandmore.com\/es\/#website\"},\"primaryImageOfPage\":{\"@id\":\"https:\/\/tourtravelandmore.com\/es\/tours\/canada-es\/montreal-es\/montreal-actividades-es\/tour-privado-de-la-ciudad-de-quebec-desde-montreal\/#primaryimage\"},\"image\":{\"@id\":\"https:\/\/tourtravelandmore.com\/es\/tours\/canada-es\/montreal-es\/montreal-actividades-es\/tour-privado-de-la-ciudad-de-quebec-desde-montreal\/#primaryimage\"},\"thumbnailUrl\":\"https:\/\/tourtravelandmore.com\/wp-content\/uploads\/2020\/11\/Quebec-4-scaled.jpg\",\"datePublished\":\"2020-11-05T10:11:36+00:00\",\"dateModified\":\"2021-12-27T09:48:15+00:00\",\"description\":\"Realice este tour privado de la ciudad de Quebec desde Montreal y tenga la oportunidad de disfrutar de lo mejor de la ciudad de Quebec \u2705\",\"breadcrumb\":{\"@id\":\"https:\/\/tourtravelandmore.com\/es\/tours\/canada-es\/montreal-es\/montreal-actividades-es\/tour-privado-de-la-ciudad-de-quebec-desde-montreal\/#breadcrumb\"},\"inLanguage\":\"es\",\"potentialAction\":[{\"@type\":\"ReadAction\",\"target\":[\"https:\/\/tourtravelandmore.com\/es\/tours\/canada-es\/montreal-es\/montreal-actividades-es\/tour-privado-de-la-ciudad-de-quebec-desde-montreal\/\"]}]},{\"@type\":\"ImageObject\",\"inLanguage\":\"es\",\"@id\":\"https:\/\/tourtravelandmore.com\/es\/tours\/canada-es\/montreal-es\/montreal-actividades-es\/tour-privado-de-la-ciudad-de-quebec-desde-montreal\/#primaryimage\",\"url\":\"https:\/\/tourtravelandmore.com\/wp-content\/uploads\/2020\/11\/Quebec-4-scaled.jpg\",\"contentUrl\":\"https:\/\/tourtravelandmore.com\/wp-content\/uploads\/2020\/11\/Quebec-4-scaled.jpg\",\"width\":1734,\"height\":2560},{\"@type\":\"BreadcrumbList\",\"@id\":\"https:\/\/tourtravelandmore.com\/es\/tours\/canada-es\/montreal-es\/montreal-actividades-es\/tour-privado-de-la-ciudad-de-quebec-desde-montreal\/#breadcrumb\",\"itemListElement\":[{\"@type\":\"ListItem\",\"position\":1,\"name\":\"Home\",\"item\":\"https:\/\/tourtravelandmore.com\/es\/\"},{\"@type\":\"ListItem\",\"position\":2,\"name\":\"Tours\",\"item\":\"https:\/\/tourtravelandmore.com\/es\/tours\/\"},{\"@type\":\"ListItem\",\"position\":3,\"name\":\"Tour privado de la ciudad de Quebec desde Montreal\"}]},{\"@type\":\"WebSite\",\"@id\":\"https:\/\/tourtravelandmore.com\/es\/#website\",\"url\":\"https:\/\/tourtravelandmore.com\/es\/\",\"name\":\"Tour Travel And More\",\"description\":\"Private sightseeing tours and luxury transfers in Spain\",\"publisher\":{\"@id\":\"https:\/\/tourtravelandmore.com\/es\/#organization\"},\"potentialAction\":[{\"@type\":\"SearchAction\",\"target\":{\"@type\":\"EntryPoint\",\"urlTemplate\":\"https:\/\/tourtravelandmore.com\/es\/?s={search_term_string}\"},\"query-input\":{\"@type\":\"PropertyValueSpecification\",\"valueRequired\":true,\"valueName\":\"search_term_string\"}}],\"inLanguage\":\"es\"},{\"@type\":\"Organization\",\"@id\":\"https:\/\/tourtravelandmore.com\/es\/#organization\",\"name\":\"Tour Travel And More\",\"url\":\"https:\/\/tourtravelandmore.com\/es\/\",\"logo\":{\"@type\":\"ImageObject\",\"inLanguage\":\"es\",\"@id\":\"https:\/\/tourtravelandmore.com\/es\/#\/schema\/logo\/image\/\",\"url\":\"https:\/\/tourtravelandmore.com\/wp-content\/uploads\/2022\/12\/cropped-logo-cabecera-new.png\",\"contentUrl\":\"https:\/\/tourtravelandmore.com\/wp-content\/uploads\/2022\/12\/cropped-logo-cabecera-new.png\",\"width\":430,\"height\":61,\"caption\":\"Tour Travel And More\"},\"image\":{\"@id\":\"https:\/\/tourtravelandmore.com\/es\/#\/schema\/logo\/image\/\"},\"sameAs\":[\"https:\/\/www.facebook.com\/tourtravelandmore\/\",\"https:\/\/x.com\/TourTravel_More\"]}]}<\/script>\n<!-- \/ Yoast SEO Premium plugin. -->","yoast_head_json":{"title":"Tour privado de la ciudad de Quebec desde Montreal | TTM","description":"Realice este tour privado de la ciudad de Quebec desde Montreal y tenga la oportunidad de disfrutar de lo mejor de la ciudad de Quebec \u2705","robots":{"index":"index","follow":"follow","max-snippet":"max-snippet:-1","max-image-preview":"max-image-preview:large","max-video-preview":"max-video-preview:-1"},"canonical":"https:\/\/tourtravelandmore.com\/es\/tours\/canada-es\/montreal-es\/montreal-actividades-es\/tour-privado-de-la-ciudad-de-quebec-desde-montreal\/","og_locale":"es_ES","og_type":"article","og_title":"Tour privado de la ciudad de Quebec desde Montreal","og_description":"Realice este tour privado de la ciudad de Quebec desde Montreal y tenga la oportunidad de disfrutar de lo mejor de la ciudad de Quebec \u2705","og_url":"https:\/\/tourtravelandmore.com\/es\/tours\/canada-es\/montreal-es\/montreal-actividades-es\/tour-privado-de-la-ciudad-de-quebec-desde-montreal\/","og_site_name":"Tour Travel And More","article_publisher":"https:\/\/www.facebook.com\/tourtravelandmore\/","article_modified_time":"2021-12-27T09:48:15+00:00","og_image":[{"width":1734,"height":2560,"url":"https:\/\/tourtravelandmore.com\/wp-content\/uploads\/2020\/11\/Quebec-4-scaled.jpg","type":"image\/jpeg"}],"twitter_card":"summary_large_image","twitter_site":"@TourTravel_More","twitter_misc":{"Tiempo de lectura":"3 minutos"},"schema":{"@context":"https:\/\/schema.org","@graph":[{"@type":"WebPage","@id":"https:\/\/tourtravelandmore.com\/es\/tours\/canada-es\/montreal-es\/montreal-actividades-es\/tour-privado-de-la-ciudad-de-quebec-desde-montreal\/","url":"https:\/\/tourtravelandmore.com\/es\/tours\/canada-es\/montreal-es\/montreal-actividades-es\/tour-privado-de-la-ciudad-de-quebec-desde-montreal\/","name":"Tour privado de la ciudad de Quebec desde Montreal | TTM","isPartOf":{"@id":"https:\/\/tourtravelandmore.com\/es\/#website"},"primaryImageOfPage":{"@id":"https:\/\/tourtravelandmore.com\/es\/tours\/canada-es\/montreal-es\/montreal-actividades-es\/tour-privado-de-la-ciudad-de-quebec-desde-montreal\/#primaryimage"},"image":{"@id":"https:\/\/tourtravelandmore.com\/es\/tours\/canada-es\/montreal-es\/montreal-actividades-es\/tour-privado-de-la-ciudad-de-quebec-desde-montreal\/#primaryimage"},"thumbnailUrl":"https:\/\/tourtravelandmore.com\/wp-content\/uploads\/2020\/11\/Quebec-4-scaled.jpg","datePublished":"2020-11-05T10:11:36+00:00","dateModified":"2021-12-27T09:48:15+00:00","description":"Realice este tour privado de la ciudad de Quebec desde Montreal y tenga la oportunidad de disfrutar de lo mejor de la ciudad de Quebec \u2705","breadcrumb":{"@id":"https:\/\/tourtravelandmore.com\/es\/tours\/canada-es\/montreal-es\/montreal-actividades-es\/tour-privado-de-la-ciudad-de-quebec-desde-montreal\/#breadcrumb"},"inLanguage":"es","potentialAction":[{"@type":"ReadAction","target":["https:\/\/tourtravelandmore.com\/es\/tours\/canada-es\/montreal-es\/montreal-actividades-es\/tour-privado-de-la-ciudad-de-quebec-desde-montreal\/"]}]},{"@type":"ImageObject","inLanguage":"es","@id":"https:\/\/tourtravelandmore.com\/es\/tours\/canada-es\/montreal-es\/montreal-actividades-es\/tour-privado-de-la-ciudad-de-quebec-desde-montreal\/#primaryimage","url":"https:\/\/tourtravelandmore.com\/wp-content\/uploads\/2020\/11\/Quebec-4-scaled.jpg","contentUrl":"https:\/\/tourtravelandmore.com\/wp-content\/uploads\/2020\/11\/Quebec-4-scaled.jpg","width":1734,"height":2560},{"@type":"BreadcrumbList","@id":"https:\/\/tourtravelandmore.com\/es\/tours\/canada-es\/montreal-es\/montreal-actividades-es\/tour-privado-de-la-ciudad-de-quebec-desde-montreal\/#breadcrumb","itemListElement":[{"@type":"ListItem","position":1,"name":"Home","item":"https:\/\/tourtravelandmore.com\/es\/"},{"@type":"ListItem","position":2,"name":"Tours","item":"https:\/\/tourtravelandmore.com\/es\/tours\/"},{"@type":"ListItem","position":3,"name":"Tour privado de la ciudad de Quebec desde Montreal"}]},{"@type":"WebSite","@id":"https:\/\/tourtravelandmore.com\/es\/#website","url":"https:\/\/tourtravelandmore.com\/es\/","name":"Tour Travel And More","description":"Private sightseeing tours and luxury transfers in Spain","publisher":{"@id":"https:\/\/tourtravelandmore.com\/es\/#organization"},"potentialAction":[{"@type":"SearchAction","target":{"@type":"EntryPoint","urlTemplate":"https:\/\/tourtravelandmore.com\/es\/?s={search_term_string}"},"query-input":{"@type":"PropertyValueSpecification","valueRequired":true,"valueName":"search_term_string"}}],"inLanguage":"es"},{"@type":"Organization","@id":"https:\/\/tourtravelandmore.com\/es\/#organization","name":"Tour Travel And More","url":"https:\/\/tourtravelandmore.com\/es\/","logo":{"@type":"ImageObject","inLanguage":"es","@id":"https:\/\/tourtravelandmore.com\/es\/#\/schema\/logo\/image\/","url":"https:\/\/tourtravelandmore.com\/wp-content\/uploads\/2022\/12\/cropped-logo-cabecera-new.png","contentUrl":"https:\/\/tourtravelandmore.com\/wp-content\/uploads\/2022\/12\/cropped-logo-cabecera-new.png","width":430,"height":61,"caption":"Tour Travel And More"},"image":{"@id":"https:\/\/tourtravelandmore.com\/es\/#\/schema\/logo\/image\/"},"sameAs":["https:\/\/www.facebook.com\/tourtravelandmore\/","https:\/\/x.com\/TourTravel_More"]}]}},"_links":{"self":[{"href":"https:\/\/tourtravelandmore.com\/es\/wp-json\/wp\/v2\/product\/86151","targetHints":{"allow":["GET"]}}],"collection":[{"href":"https:\/\/tourtravelandmore.com\/es\/wp-json\/wp\/v2\/product"}],"about":[{"href":"https:\/\/tourtravelandmore.com\/es\/wp-json\/wp\/v2\/types\/product"}],"replies":[{"embeddable":true,"href":"https:\/\/tourtravelandmore.com\/es\/wp-json\/wp\/v2\/comments?post=86151"}],"wp:featuredmedia":[{"embeddable":true,"href":"https:\/\/tourtravelandmore.com\/es\/wp-json\/wp\/v2\/media\/86183"}],"wp:attachment":[{"href":"https:\/\/tourtravelandmore.com\/es\/wp-json\/wp\/v2\/media?parent=86151"}],"wp:term":[{"taxonomy":"product_brand","embeddable":true,"href":"https:\/\/tourtravelandmore.com\/es\/wp-json\/wp\/v2\/product_brand?post=86151"},{"taxonomy":"product_cat","embeddable":true,"href":"https:\/\/tourtravelandmore.com\/es\/wp-json\/wp\/v2\/product_cat?post=86151"},{"taxonomy":"product_tag","embeddable":true,"href":"https:\/\/tourtravelandmore.com\/es\/wp-json\/wp\/v2\/product_tag?post=86151"}],"curies":[{"name":"wp","href":"https:\/\/api.w.org\/{rel}","templated":true}]}}