{"id":861,"date":"2016-03-11T19:41:06","date_gmt":"2016-04-15T16:47:56","guid":{"rendered":"http:\/\/tourtravelandmore.com\/?post_type=product&#038;p=861&#038;lang=es"},"modified":"2023-03-21T19:06:05","modified_gmt":"2023-03-21T18:06:05","slug":"tour-privado-desde-malaga-hasta-ronda","status":"publish","type":"product","link":"https:\/\/tourtravelandmore.com\/es\/tours\/espana-es\/motril-es\/motril-excursiones-privadas-es\/tour-privado-desde-malaga-hasta-ronda\/","title":{"rendered":"Tour Privado a Ronda desde Malaga"},"content":{"rendered":"<h2>Descripci\u00f3n del Tour Privado a Ronda desde M\u00e1laga<\/h2>\n<p>Disfrute de este<strong> tour a Ronda, desde M\u00e1laga<\/strong>, junto a su gu\u00eda privado y su veh\u00edculo con conductor.<\/p>\n<p>El conductor privado os recoger\u00e1 desde su hotel en M\u00e1laga y nuestro gu\u00eda oficial privado os esperar\u00e1 en Ronda para hacer un recorrido a pie de 3 horas. Una vez finalicemos el tour disfrutar\u00e1n de tiempo libre para comer y pasear.<\/p>\n<p>La duraci\u00f3n total del <strong>tour Ronda desde Malaga<\/strong> son 8 horas.<\/p>\n<p>El tour es completamente privado, podr\u00e1n escoger la hora y lugar de recogida.<\/p>\n<p>Hay entradas incluidas: <strong>La Plaza de Toros y La Casa de Don Bosco.<\/strong><\/p>\n<h2>Puntos de inter\u00e9s en el Tour Privado a Ronda desde Malaga<\/h2>\n<p>Ubicada en medio de la colina el Tajo, Ronda fue construida en el Siglo 1 AC por el emperador romano Julio Cesar, luego conquistada por los moros en el Siglo 8 DC.<\/p>\n<p>Hoy en d\u00eda es el tercer ciudad m\u00e1s visitada de Andaluc\u00eda. Disfrutar\u00e1n de conocer esta magn\u00edfica ciudad junto a un gu\u00eda oficial privado, quien estar\u00e1 a su disposici\u00f3n por 3 horas en Ronda.<\/p>\n<p>Durante el Siglo XVII fue construido un puente que une la antigua ciudad \u00e1rabe con la nueva ciudad de Ronda. Durante vuestro tour privado, podr\u00e9is ver entre otros monumentos, los siguientes:<\/p>\n<ul>\n<li>Tres puentes de Ronda: <strong>Puente Romano, Puente Viejo y Puente Nuevo<\/strong><\/li>\n<li>Ayuntamiento<\/li>\n<li><strong>Plaza de Toros<\/strong> (Ronda es reconocida como la ciudad moderna en materia de corrida de Toros. Entrada a la plaza de toros incluida en el precio del tour)<\/li>\n<li><strong>Ruinas de Acinipo<\/strong> (ubicadas a tan solo 20 km de Ronda, era el sitio de mayor producci\u00f3n de vino del imperio romano, el vino producido all\u00ed era exportado a Roma)<\/li>\n<li><strong>Casa Don Bosco<\/strong> (casa modernista construida a comienzos del siglo XX, con detalles \u00e1rabes y regionales de cer\u00e1mica, desde donde se puede disfrutar una vista panoramica fascinante. Entrada incluida en el precio del tour)<\/li>\n<li><strong>Ba\u00f1os Arabes<\/strong><\/li>\n<li><strong>\u00a1Mucho m\u00e1s!<\/strong><\/li>\n<\/ul>\n<p>Podr\u00e9is disfrutar de Ronda en todo su esplendor y conocer\u00e9is lo m\u00e1s emblem\u00e1tico de la ciudad.<\/p>\n<p>Pod\u00e9is consultar nuestro listado de <a href=\"https:\/\/tourtravelandmore.com\/es\/ciudad\/espana-es\/malaga-es\/\">tours privados de Malaga<\/a> para realizar m\u00e1s tours desde M\u00e1laga si dispone de tiempo.<\/p>\n","protected":false},"excerpt":{"rendered":"<p>Disfruta de un Tour privado a Ronda con su guia oficial y vehiculo con conductor. Conocer\u00e1s lo m\u00e1s importante de la ciudad: Puente Romano, Puente Viejo, Puente Nuevo, Plaza de Toro, Casa Don Bosco, Ba\u00f1os Arabes y mucho m\u00e1s!<strong><br \/>\n<\/strong><\/p>\n","protected":false},"featured_media":691,"comment_status":"open","ping_status":"closed","template":"","meta":{"_acf_changed":false},"product_brand":[],"product_cat":[2238,94,527,95,96,88,89,91,90,100,518,101],"product_tag":[],"class_list":{"0":"post-861","1":"product","2":"type-product","3":"status-publish","4":"has-post-thumbnail","6":"product_cat-motril-excursiones-privadas-es","7":"product_cat-malaga-es","8":"product_cat-malaga-excursiones-privadas-cruceros-es","9":"product_cat-malaga-actividades-es","10":"product_cat-malaga-excursiones-es","11":"product_cat-marbella-puerto-banus-es","12":"product_cat-marbella-puerto-banus-actividades-es","13":"product_cat-marbella-puerto-banus-rutas-turisticas-es","14":"product_cat-marbella-puerto-banus-excursiones-es","15":"product_cat-ronda-es","16":"product_cat-ronda-actividades-es","17":"product_cat-ronda-excursiones-es","19":"first","20":"instock","21":"shipping-taxable","22":"purchasable","23":"product-type-simple"},"acf":[],"yoast_head":"<!-- This site is optimized with the Yoast SEO Premium plugin v25.3.1 (Yoast SEO v25.3.1) - https:\/\/yoast.com\/wordpress\/plugins\/seo\/ -->\n<title>\u27a1\ufe0f Tour a Ronda desde Malaga | Tour Travel &amp; More<\/title>\n<meta name=\"description\" content=\"Gracias a este tour a Ronda desde Malaga, podr\u00e1s conocer una de las ciudades m\u00e1s visitadas junto a su gu\u00eda y vehiculo privado. El tour incluye entradas \u2705\" \/>\n<meta name=\"robots\" content=\"index, follow, max-snippet:-1, max-image-preview:large, max-video-preview:-1\" \/>\n<link rel=\"canonical\" href=\"https:\/\/tourtravelandmore.com\/es\/tours\/espana-es\/motril-es\/motril-excursiones-privadas-es\/tour-privado-desde-malaga-hasta-ronda\/\" \/>\n<meta property=\"og:locale\" content=\"es_ES\" \/>\n<meta property=\"og:type\" content=\"article\" \/>\n<meta property=\"og:title\" content=\"Tour Privado a Ronda desde Malaga\" \/>\n<meta property=\"og:description\" content=\"Gracias a este tour a Ronda desde Malaga, podr\u00e1s conocer una de las ciudades m\u00e1s visitadas junto a su gu\u00eda y vehiculo privado. El tour incluye entradas \u2705\" \/>\n<meta property=\"og:url\" content=\"https:\/\/tourtravelandmore.com\/es\/tours\/espana-es\/motril-es\/motril-excursiones-privadas-es\/tour-privado-desde-malaga-hasta-ronda\/\" \/>\n<meta property=\"og:site_name\" content=\"Tour Travel And More\" \/>\n<meta property=\"article:publisher\" content=\"https:\/\/www.facebook.com\/tourtravelandmore\/\" \/>\n<meta property=\"article:modified_time\" content=\"2023-03-21T18:06:05+00:00\" \/>\n<meta property=\"og:image\" content=\"https:\/\/tourtravelandmore.com\/wp-content\/uploads\/2016\/03\/Ronda-2.jpg\" \/>\n\t<meta property=\"og:image:width\" content=\"1727\" \/>\n\t<meta property=\"og:image:height\" content=\"1080\" \/>\n\t<meta property=\"og:image:type\" content=\"image\/jpeg\" \/>\n<meta name=\"twitter:card\" content=\"summary_large_image\" \/>\n<meta name=\"twitter:site\" content=\"@TourTravel_More\" \/>\n<meta name=\"twitter:label1\" content=\"Tiempo de lectura\" \/>\n\t<meta name=\"twitter:data1\" content=\"2 minutos\" \/>\n<script type=\"application\/ld+json\" class=\"yoast-schema-graph\">{\"@context\":\"https:\/\/schema.org\",\"@graph\":[{\"@type\":\"WebPage\",\"@id\":\"https:\/\/tourtravelandmore.com\/es\/tours\/espana-es\/motril-es\/motril-excursiones-privadas-es\/tour-privado-desde-malaga-hasta-ronda\/\",\"url\":\"https:\/\/tourtravelandmore.com\/es\/tours\/espana-es\/motril-es\/motril-excursiones-privadas-es\/tour-privado-desde-malaga-hasta-ronda\/\",\"name\":\"\u27a1\ufe0f Tour a Ronda desde Malaga | Tour Travel & More\",\"isPartOf\":{\"@id\":\"https:\/\/tourtravelandmore.com\/es\/#website\"},\"primaryImageOfPage\":{\"@id\":\"https:\/\/tourtravelandmore.com\/es\/tours\/espana-es\/motril-es\/motril-excursiones-privadas-es\/tour-privado-desde-malaga-hasta-ronda\/#primaryimage\"},\"image\":{\"@id\":\"https:\/\/tourtravelandmore.com\/es\/tours\/espana-es\/motril-es\/motril-excursiones-privadas-es\/tour-privado-desde-malaga-hasta-ronda\/#primaryimage\"},\"thumbnailUrl\":\"https:\/\/tourtravelandmore.com\/wp-content\/uploads\/2016\/03\/Ronda-2.jpg\",\"datePublished\":\"2016-04-15T16:47:56+00:00\",\"dateModified\":\"2023-03-21T18:06:05+00:00\",\"description\":\"Gracias a este tour a Ronda desde Malaga, podr\u00e1s conocer una de las ciudades m\u00e1s visitadas junto a su gu\u00eda y vehiculo privado. El tour incluye entradas \u2705\",\"breadcrumb\":{\"@id\":\"https:\/\/tourtravelandmore.com\/es\/tours\/espana-es\/motril-es\/motril-excursiones-privadas-es\/tour-privado-desde-malaga-hasta-ronda\/#breadcrumb\"},\"inLanguage\":\"es\",\"potentialAction\":[{\"@type\":\"ReadAction\",\"target\":[\"https:\/\/tourtravelandmore.com\/es\/tours\/espana-es\/motril-es\/motril-excursiones-privadas-es\/tour-privado-desde-malaga-hasta-ronda\/\"]}]},{\"@type\":\"ImageObject\",\"inLanguage\":\"es\",\"@id\":\"https:\/\/tourtravelandmore.com\/es\/tours\/espana-es\/motril-es\/motril-excursiones-privadas-es\/tour-privado-desde-malaga-hasta-ronda\/#primaryimage\",\"url\":\"https:\/\/tourtravelandmore.com\/wp-content\/uploads\/2016\/03\/Ronda-2.jpg\",\"contentUrl\":\"https:\/\/tourtravelandmore.com\/wp-content\/uploads\/2016\/03\/Ronda-2.jpg\",\"width\":1727,\"height\":1080},{\"@type\":\"BreadcrumbList\",\"@id\":\"https:\/\/tourtravelandmore.com\/es\/tours\/espana-es\/motril-es\/motril-excursiones-privadas-es\/tour-privado-desde-malaga-hasta-ronda\/#breadcrumb\",\"itemListElement\":[{\"@type\":\"ListItem\",\"position\":1,\"name\":\"Home\",\"item\":\"https:\/\/tourtravelandmore.com\/es\/\"},{\"@type\":\"ListItem\",\"position\":2,\"name\":\"Tours\",\"item\":\"https:\/\/tourtravelandmore.com\/es\/tours\/\"},{\"@type\":\"ListItem\",\"position\":3,\"name\":\"Tour Privado a Ronda desde Malaga\"}]},{\"@type\":\"WebSite\",\"@id\":\"https:\/\/tourtravelandmore.com\/es\/#website\",\"url\":\"https:\/\/tourtravelandmore.com\/es\/\",\"name\":\"Tour Travel And More\",\"description\":\"Private sightseeing tours and luxury transfers in Spain\",\"publisher\":{\"@id\":\"https:\/\/tourtravelandmore.com\/es\/#organization\"},\"potentialAction\":[{\"@type\":\"SearchAction\",\"target\":{\"@type\":\"EntryPoint\",\"urlTemplate\":\"https:\/\/tourtravelandmore.com\/es\/?s={search_term_string}\"},\"query-input\":{\"@type\":\"PropertyValueSpecification\",\"valueRequired\":true,\"valueName\":\"search_term_string\"}}],\"inLanguage\":\"es\"},{\"@type\":\"Organization\",\"@id\":\"https:\/\/tourtravelandmore.com\/es\/#organization\",\"name\":\"Tour Travel And More\",\"url\":\"https:\/\/tourtravelandmore.com\/es\/\",\"logo\":{\"@type\":\"ImageObject\",\"inLanguage\":\"es\",\"@id\":\"https:\/\/tourtravelandmore.com\/es\/#\/schema\/logo\/image\/\",\"url\":\"https:\/\/tourtravelandmore.com\/wp-content\/uploads\/2022\/12\/cropped-logo-cabecera-new.png\",\"contentUrl\":\"https:\/\/tourtravelandmore.com\/wp-content\/uploads\/2022\/12\/cropped-logo-cabecera-new.png\",\"width\":430,\"height\":61,\"caption\":\"Tour Travel And More\"},\"image\":{\"@id\":\"https:\/\/tourtravelandmore.com\/es\/#\/schema\/logo\/image\/\"},\"sameAs\":[\"https:\/\/www.facebook.com\/tourtravelandmore\/\",\"https:\/\/x.com\/TourTravel_More\"]}]}<\/script>\n<!-- \/ Yoast SEO Premium plugin. -->","yoast_head_json":{"title":"\u27a1\ufe0f Tour a Ronda desde Malaga | Tour Travel & More","description":"Gracias a este tour a Ronda desde Malaga, podr\u00e1s conocer una de las ciudades m\u00e1s visitadas junto a su gu\u00eda y vehiculo privado. El tour incluye entradas \u2705","robots":{"index":"index","follow":"follow","max-snippet":"max-snippet:-1","max-image-preview":"max-image-preview:large","max-video-preview":"max-video-preview:-1"},"canonical":"https:\/\/tourtravelandmore.com\/es\/tours\/espana-es\/motril-es\/motril-excursiones-privadas-es\/tour-privado-desde-malaga-hasta-ronda\/","og_locale":"es_ES","og_type":"article","og_title":"Tour Privado a Ronda desde Malaga","og_description":"Gracias a este tour a Ronda desde Malaga, podr\u00e1s conocer una de las ciudades m\u00e1s visitadas junto a su gu\u00eda y vehiculo privado. El tour incluye entradas \u2705","og_url":"https:\/\/tourtravelandmore.com\/es\/tours\/espana-es\/motril-es\/motril-excursiones-privadas-es\/tour-privado-desde-malaga-hasta-ronda\/","og_site_name":"Tour Travel And More","article_publisher":"https:\/\/www.facebook.com\/tourtravelandmore\/","article_modified_time":"2023-03-21T18:06:05+00:00","og_image":[{"width":1727,"height":1080,"url":"https:\/\/tourtravelandmore.com\/wp-content\/uploads\/2016\/03\/Ronda-2.jpg","type":"image\/jpeg"}],"twitter_card":"summary_large_image","twitter_site":"@TourTravel_More","twitter_misc":{"Tiempo de lectura":"2 minutos"},"schema":{"@context":"https:\/\/schema.org","@graph":[{"@type":"WebPage","@id":"https:\/\/tourtravelandmore.com\/es\/tours\/espana-es\/motril-es\/motril-excursiones-privadas-es\/tour-privado-desde-malaga-hasta-ronda\/","url":"https:\/\/tourtravelandmore.com\/es\/tours\/espana-es\/motril-es\/motril-excursiones-privadas-es\/tour-privado-desde-malaga-hasta-ronda\/","name":"\u27a1\ufe0f Tour a Ronda desde Malaga | Tour Travel & More","isPartOf":{"@id":"https:\/\/tourtravelandmore.com\/es\/#website"},"primaryImageOfPage":{"@id":"https:\/\/tourtravelandmore.com\/es\/tours\/espana-es\/motril-es\/motril-excursiones-privadas-es\/tour-privado-desde-malaga-hasta-ronda\/#primaryimage"},"image":{"@id":"https:\/\/tourtravelandmore.com\/es\/tours\/espana-es\/motril-es\/motril-excursiones-privadas-es\/tour-privado-desde-malaga-hasta-ronda\/#primaryimage"},"thumbnailUrl":"https:\/\/tourtravelandmore.com\/wp-content\/uploads\/2016\/03\/Ronda-2.jpg","datePublished":"2016-04-15T16:47:56+00:00","dateModified":"2023-03-21T18:06:05+00:00","description":"Gracias a este tour a Ronda desde Malaga, podr\u00e1s conocer una de las ciudades m\u00e1s visitadas junto a su gu\u00eda y vehiculo privado. El tour incluye entradas \u2705","breadcrumb":{"@id":"https:\/\/tourtravelandmore.com\/es\/tours\/espana-es\/motril-es\/motril-excursiones-privadas-es\/tour-privado-desde-malaga-hasta-ronda\/#breadcrumb"},"inLanguage":"es","potentialAction":[{"@type":"ReadAction","target":["https:\/\/tourtravelandmore.com\/es\/tours\/espana-es\/motril-es\/motril-excursiones-privadas-es\/tour-privado-desde-malaga-hasta-ronda\/"]}]},{"@type":"ImageObject","inLanguage":"es","@id":"https:\/\/tourtravelandmore.com\/es\/tours\/espana-es\/motril-es\/motril-excursiones-privadas-es\/tour-privado-desde-malaga-hasta-ronda\/#primaryimage","url":"https:\/\/tourtravelandmore.com\/wp-content\/uploads\/2016\/03\/Ronda-2.jpg","contentUrl":"https:\/\/tourtravelandmore.com\/wp-content\/uploads\/2016\/03\/Ronda-2.jpg","width":1727,"height":1080},{"@type":"BreadcrumbList","@id":"https:\/\/tourtravelandmore.com\/es\/tours\/espana-es\/motril-es\/motril-excursiones-privadas-es\/tour-privado-desde-malaga-hasta-ronda\/#breadcrumb","itemListElement":[{"@type":"ListItem","position":1,"name":"Home","item":"https:\/\/tourtravelandmore.com\/es\/"},{"@type":"ListItem","position":2,"name":"Tours","item":"https:\/\/tourtravelandmore.com\/es\/tours\/"},{"@type":"ListItem","position":3,"name":"Tour Privado a Ronda desde Malaga"}]},{"@type":"WebSite","@id":"https:\/\/tourtravelandmore.com\/es\/#website","url":"https:\/\/tourtravelandmore.com\/es\/","name":"Tour Travel And More","description":"Private sightseeing tours and luxury transfers in Spain","publisher":{"@id":"https:\/\/tourtravelandmore.com\/es\/#organization"},"potentialAction":[{"@type":"SearchAction","target":{"@type":"EntryPoint","urlTemplate":"https:\/\/tourtravelandmore.com\/es\/?s={search_term_string}"},"query-input":{"@type":"PropertyValueSpecification","valueRequired":true,"valueName":"search_term_string"}}],"inLanguage":"es"},{"@type":"Organization","@id":"https:\/\/tourtravelandmore.com\/es\/#organization","name":"Tour Travel And More","url":"https:\/\/tourtravelandmore.com\/es\/","logo":{"@type":"ImageObject","inLanguage":"es","@id":"https:\/\/tourtravelandmore.com\/es\/#\/schema\/logo\/image\/","url":"https:\/\/tourtravelandmore.com\/wp-content\/uploads\/2022\/12\/cropped-logo-cabecera-new.png","contentUrl":"https:\/\/tourtravelandmore.com\/wp-content\/uploads\/2022\/12\/cropped-logo-cabecera-new.png","width":430,"height":61,"caption":"Tour Travel And More"},"image":{"@id":"https:\/\/tourtravelandmore.com\/es\/#\/schema\/logo\/image\/"},"sameAs":["https:\/\/www.facebook.com\/tourtravelandmore\/","https:\/\/x.com\/TourTravel_More"]}]}},"_links":{"self":[{"href":"https:\/\/tourtravelandmore.com\/es\/wp-json\/wp\/v2\/product\/861","targetHints":{"allow":["GET"]}}],"collection":[{"href":"https:\/\/tourtravelandmore.com\/es\/wp-json\/wp\/v2\/product"}],"about":[{"href":"https:\/\/tourtravelandmore.com\/es\/wp-json\/wp\/v2\/types\/product"}],"replies":[{"embeddable":true,"href":"https:\/\/tourtravelandmore.com\/es\/wp-json\/wp\/v2\/comments?post=861"}],"wp:featuredmedia":[{"embeddable":true,"href":"https:\/\/tourtravelandmore.com\/es\/wp-json\/wp\/v2\/media\/691"}],"wp:attachment":[{"href":"https:\/\/tourtravelandmore.com\/es\/wp-json\/wp\/v2\/media?parent=861"}],"wp:term":[{"taxonomy":"product_brand","embeddable":true,"href":"https:\/\/tourtravelandmore.com\/es\/wp-json\/wp\/v2\/product_brand?post=861"},{"taxonomy":"product_cat","embeddable":true,"href":"https:\/\/tourtravelandmore.com\/es\/wp-json\/wp\/v2\/product_cat?post=861"},{"taxonomy":"product_tag","embeddable":true,"href":"https:\/\/tourtravelandmore.com\/es\/wp-json\/wp\/v2\/product_tag?post=861"}],"curies":[{"name":"wp","href":"https:\/\/api.w.org\/{rel}","templated":true}]}}