{"id":86070,"date":"2020-11-04T11:42:56","date_gmt":"2020-11-04T10:42:57","guid":{"rendered":"https:\/\/tourtravelandmore.com\/?post_type=product&#038;p=86070"},"modified":"2024-09-11T19:39:42","modified_gmt":"2024-09-11T17:39:42","slug":"tour-privado-montreal","status":"publish","type":"product","link":"https:\/\/tourtravelandmore.com\/es\/tours\/canada-es\/montreal-es\/montreal-actividades-es\/tour-privado-montreal\/","title":{"rendered":"Tour Privado de Montreal"},"content":{"rendered":"<h2>Descripci\u00f3n del Tour Privado de Montreal<\/h2>\n<p>Montreal es verdaderamente una ciudad \u00fanica en Norteam\u00e9rica. Esta ciudad es tambi\u00e9n la capital econ\u00f3mica y cultural de Quebec. <a href=\"https:\/\/es.wikipedia.org\/wiki\/Montreal\">Montreal<\/a> es una ciudad que posee un gran encanto europeo. A veces puede sentirse como si estuviera en Europa pero en Norteam\u00e9rica. Disfrute de este <b><strong>Tour Privado de Montreal<\/strong><\/b> y conozca al m\u00e1ximo esta ciudad.<\/p>\n<p>Algunos viajeros han calificado a Montreal como el Par\u00eds de Canad\u00e1, y durante este recorrido privado sabr\u00e1 por qu\u00e9. Tenemos que decir que Montreal es una de las ciudades m\u00e1s visitadas de Canad\u00e1.<\/p>\n<p>Para este tour privado, organizaremos la recogida en cualquier punto de Montreal. D\u00edganos en qu\u00e9 barrio se encuentra o d\u00f3nde est\u00e1 su hotel y organizaremos una recogida privada.<\/p>\n<p>Nuestro conductor privado y un gu\u00eda tur\u00edstico independiente le recoger\u00e1n en un c\u00f3modo veh\u00edculo y comenzar\u00e1n este tour privado.<\/p>\n<p>Tras la c\u00f3moda recogida, comenzaremos este recorrido privado por Montreal.<\/p>\n<h2>Puntos de inter\u00e9s<\/h2>\n<p>En primer lugar, organizaremos la recogida en su hotel.<\/p>\n<p>Montreal tiene tanto que ofrecer que haremos todo lo posible para ayudarle a explorar los mejores lugares de la ciudad.<\/p>\n<p><b><strong>He aqu\u00ed algunos ejemplos de lo que podr\u00e1 disfrutar;<\/strong><\/b><\/p>\n<ul>\n<li><b><strong>Mont-Royal<\/strong><\/b>: Camine hasta la cima. Encontrar\u00e1 el Mont-Royal al oeste del centro de la ciudad de Montreal. Mont-Royal est\u00e1 situado entre los montes Laurentianos y los Apalaches. El Mont-Royal forma parte del Parque del Mont-Royal. \u00bfPuede creer que este parque fue dise\u00f1ado por los mismos que dise\u00f1aron el Central Park de Nueva York? \u00a1Las vistas de la ciudad hasta el r\u00edo San Lorenzo son \u00fanicas!<\/li>\n<li><b><strong>El Viejo Montreal.<\/strong><\/b> \u00a1Hay tanto que ver en esta parte de la ciudad que es dif\u00edcil explicar por d\u00f3nde empezar! El Viejo Montreal, como su nombre indica es la parte m\u00e1s antigua de la ciudad. Esta zona y barrio se remonta al siglo XVII. Aqu\u00ed encontrar\u00e1 todos los edificios hist\u00f3ricos. Entre otros, podr\u00e1 contemplar el Seminario de Saint-Sulpice y la Place d&#8217;Armes. Tambi\u00e9n podr\u00e1 contemplar la Bas\u00edlica de Notre-Dame, de estilo g\u00f3tico.<\/li>\n<li><b><strong>Mercado Jean-Talon:<\/strong><\/b> este mercado se encuentra en la Peque\u00f1a Italia de Montreal. Est\u00e1 abierto todos los d\u00edas.<\/li>\n<li><b><strong>Viejo puerto de Montreal:<\/strong><\/b> Vieux-Port de Montreal. Se encuentra en el Viejo Montreal.<\/li>\n<li><b><strong>Sommet Place Ville Marie:<\/strong><\/b> suba a la cima para disfrutar de las hermosas vistas que pueden incluir la monta\u00f1a de Mont-Royal, el r\u00edo San Lorenzo, el Estadio Ol\u00edmpico e incluso el centro de Montreal.<\/li>\n<li><b><strong>Contemple las vistas y pasee por Mile End:<\/strong><\/b> disfrute de las boutiques de peluche, los restaurantes y los caf\u00e9s, por ejemplo.<\/li>\n<li>Vaya bajo tierra para tener una visi\u00f3n r\u00e1pida de lo que Montreal ofrece en invierno y los d\u00edas lluviosos. Los Pasajes conectan 7 estaciones de metro. Encontrar\u00e1 enlaces desde la Estaci\u00f3n Central, la Plaza de las Artes, la Universidad McGill, la estaci\u00f3n Windsor y la Bolsa de Montreal.<\/li>\n<\/ul>\n<p>Por \u00faltimo, nuestro recorrido privado terminar\u00e1 en su hotel de Montreal.<\/p>\n<p><a href=\"https:\/\/tourtravelandmore.com\/es\/ciudad\/canada-es\/\">\u00a1Consulte nuestros recorridos privados a pie y otros recorridos privados en Montreal!<\/a><\/p>\n","protected":false},"excerpt":{"rendered":"<p id=\"tw-target-text\" class=\"tw-data-text tw-text-large XcVN5d tw-ta\" dir=\"ltr\" data-placeholder=\"Traducci\u00f3n\">\u00danase a nosotros en este <strong>tour privado por Montreal<\/strong> y tenga la oportunidad de disfrutar de la parte hist\u00f3rica de Montreal. Una experiencia privada verdaderamente asombrosa.<\/p>\n","protected":false},"featured_media":86103,"comment_status":"open","ping_status":"closed","template":"","meta":{"_acf_changed":false},"product_brand":[],"product_cat":[2789,2791,2799,2802,1602],"product_tag":[],"class_list":{"0":"post-86070","1":"product","2":"type-product","3":"status-publish","4":"has-post-thumbnail","6":"product_cat-canada-es","7":"product_cat-montreal-es","8":"product_cat-montreal-actividades-es","9":"product_cat-montreal-tours-es","10":"product_cat-eeuu-es","12":"first","13":"instock","14":"shipping-taxable","15":"purchasable","16":"product-type-simple"},"acf":[],"yoast_head":"<!-- This site is optimized with the Yoast SEO Premium plugin v25.3.1 (Yoast SEO v25.3.1) - https:\/\/yoast.com\/wordpress\/plugins\/seo\/ -->\n<title>Tour privado de Montreal con veh\u00edculo y gu\u00eda tur\u00edstico | TTM<\/title>\n<meta name=\"description\" content=\"\u00danase a nosotros en este tour privado por Montreal y tenga la oportunidad de disfrutar de la parte hist\u00f3rica de Montreal \u2705\" \/>\n<meta name=\"robots\" content=\"index, follow, max-snippet:-1, max-image-preview:large, max-video-preview:-1\" \/>\n<link rel=\"canonical\" href=\"https:\/\/tourtravelandmore.com\/es\/tours\/canada-es\/montreal-es\/montreal-actividades-es\/tour-privado-montreal\/\" \/>\n<meta property=\"og:locale\" content=\"es_ES\" \/>\n<meta property=\"og:type\" content=\"article\" \/>\n<meta property=\"og:title\" content=\"Tour Privado de Montreal\" \/>\n<meta property=\"og:description\" content=\"\u00danase a nosotros en este tour privado por Montreal y tenga la oportunidad de disfrutar de la parte hist\u00f3rica de Montreal \u2705\" \/>\n<meta property=\"og:url\" content=\"https:\/\/tourtravelandmore.com\/es\/tours\/canada-es\/montreal-es\/montreal-actividades-es\/tour-privado-montreal\/\" \/>\n<meta property=\"og:site_name\" content=\"Tour Travel And More\" \/>\n<meta property=\"article:publisher\" content=\"https:\/\/www.facebook.com\/tourtravelandmore\/\" \/>\n<meta property=\"article:modified_time\" content=\"2024-09-11T17:39:42+00:00\" \/>\n<meta property=\"og:image\" content=\"https:\/\/tourtravelandmore.com\/wp-content\/uploads\/2020\/11\/Montreal-5-scaled.jpg\" \/>\n\t<meta property=\"og:image:width\" content=\"2560\" \/>\n\t<meta property=\"og:image:height\" content=\"1024\" \/>\n\t<meta property=\"og:image:type\" content=\"image\/jpeg\" \/>\n<meta name=\"twitter:card\" content=\"summary_large_image\" \/>\n<meta name=\"twitter:site\" content=\"@TourTravel_More\" \/>\n<meta name=\"twitter:label1\" content=\"Tiempo de lectura\" \/>\n\t<meta name=\"twitter:data1\" content=\"3 minutos\" \/>\n<script type=\"application\/ld+json\" class=\"yoast-schema-graph\">{\"@context\":\"https:\/\/schema.org\",\"@graph\":[{\"@type\":\"WebPage\",\"@id\":\"https:\/\/tourtravelandmore.com\/es\/tours\/canada-es\/montreal-es\/montreal-actividades-es\/tour-privado-montreal\/\",\"url\":\"https:\/\/tourtravelandmore.com\/es\/tours\/canada-es\/montreal-es\/montreal-actividades-es\/tour-privado-montreal\/\",\"name\":\"Tour privado de Montreal con veh\u00edculo y gu\u00eda tur\u00edstico | TTM\",\"isPartOf\":{\"@id\":\"https:\/\/tourtravelandmore.com\/es\/#website\"},\"primaryImageOfPage\":{\"@id\":\"https:\/\/tourtravelandmore.com\/es\/tours\/canada-es\/montreal-es\/montreal-actividades-es\/tour-privado-montreal\/#primaryimage\"},\"image\":{\"@id\":\"https:\/\/tourtravelandmore.com\/es\/tours\/canada-es\/montreal-es\/montreal-actividades-es\/tour-privado-montreal\/#primaryimage\"},\"thumbnailUrl\":\"https:\/\/tourtravelandmore.com\/wp-content\/uploads\/2020\/11\/Montreal-5-scaled.jpg\",\"datePublished\":\"2020-11-04T10:42:57+00:00\",\"dateModified\":\"2024-09-11T17:39:42+00:00\",\"description\":\"\u00danase a nosotros en este tour privado por Montreal y tenga la oportunidad de disfrutar de la parte hist\u00f3rica de Montreal \u2705\",\"breadcrumb\":{\"@id\":\"https:\/\/tourtravelandmore.com\/es\/tours\/canada-es\/montreal-es\/montreal-actividades-es\/tour-privado-montreal\/#breadcrumb\"},\"inLanguage\":\"es\",\"potentialAction\":[{\"@type\":\"ReadAction\",\"target\":[\"https:\/\/tourtravelandmore.com\/es\/tours\/canada-es\/montreal-es\/montreal-actividades-es\/tour-privado-montreal\/\"]}]},{\"@type\":\"ImageObject\",\"inLanguage\":\"es\",\"@id\":\"https:\/\/tourtravelandmore.com\/es\/tours\/canada-es\/montreal-es\/montreal-actividades-es\/tour-privado-montreal\/#primaryimage\",\"url\":\"https:\/\/tourtravelandmore.com\/wp-content\/uploads\/2020\/11\/Montreal-5-scaled.jpg\",\"contentUrl\":\"https:\/\/tourtravelandmore.com\/wp-content\/uploads\/2020\/11\/Montreal-5-scaled.jpg\",\"width\":2560,\"height\":1024},{\"@type\":\"BreadcrumbList\",\"@id\":\"https:\/\/tourtravelandmore.com\/es\/tours\/canada-es\/montreal-es\/montreal-actividades-es\/tour-privado-montreal\/#breadcrumb\",\"itemListElement\":[{\"@type\":\"ListItem\",\"position\":1,\"name\":\"Home\",\"item\":\"https:\/\/tourtravelandmore.com\/es\/\"},{\"@type\":\"ListItem\",\"position\":2,\"name\":\"Tours\",\"item\":\"https:\/\/tourtravelandmore.com\/es\/tours\/\"},{\"@type\":\"ListItem\",\"position\":3,\"name\":\"Tour Privado de Montreal\"}]},{\"@type\":\"WebSite\",\"@id\":\"https:\/\/tourtravelandmore.com\/es\/#website\",\"url\":\"https:\/\/tourtravelandmore.com\/es\/\",\"name\":\"Tour Travel And More\",\"description\":\"Private sightseeing tours and luxury transfers in Spain\",\"publisher\":{\"@id\":\"https:\/\/tourtravelandmore.com\/es\/#organization\"},\"potentialAction\":[{\"@type\":\"SearchAction\",\"target\":{\"@type\":\"EntryPoint\",\"urlTemplate\":\"https:\/\/tourtravelandmore.com\/es\/?s={search_term_string}\"},\"query-input\":{\"@type\":\"PropertyValueSpecification\",\"valueRequired\":true,\"valueName\":\"search_term_string\"}}],\"inLanguage\":\"es\"},{\"@type\":\"Organization\",\"@id\":\"https:\/\/tourtravelandmore.com\/es\/#organization\",\"name\":\"Tour Travel And More\",\"url\":\"https:\/\/tourtravelandmore.com\/es\/\",\"logo\":{\"@type\":\"ImageObject\",\"inLanguage\":\"es\",\"@id\":\"https:\/\/tourtravelandmore.com\/es\/#\/schema\/logo\/image\/\",\"url\":\"https:\/\/tourtravelandmore.com\/wp-content\/uploads\/2022\/12\/cropped-logo-cabecera-new.png\",\"contentUrl\":\"https:\/\/tourtravelandmore.com\/wp-content\/uploads\/2022\/12\/cropped-logo-cabecera-new.png\",\"width\":430,\"height\":61,\"caption\":\"Tour Travel And More\"},\"image\":{\"@id\":\"https:\/\/tourtravelandmore.com\/es\/#\/schema\/logo\/image\/\"},\"sameAs\":[\"https:\/\/www.facebook.com\/tourtravelandmore\/\",\"https:\/\/x.com\/TourTravel_More\"]}]}<\/script>\n<!-- \/ Yoast SEO Premium plugin. -->","yoast_head_json":{"title":"Tour privado de Montreal con veh\u00edculo y gu\u00eda tur\u00edstico | TTM","description":"\u00danase a nosotros en este tour privado por Montreal y tenga la oportunidad de disfrutar de la parte hist\u00f3rica de Montreal \u2705","robots":{"index":"index","follow":"follow","max-snippet":"max-snippet:-1","max-image-preview":"max-image-preview:large","max-video-preview":"max-video-preview:-1"},"canonical":"https:\/\/tourtravelandmore.com\/es\/tours\/canada-es\/montreal-es\/montreal-actividades-es\/tour-privado-montreal\/","og_locale":"es_ES","og_type":"article","og_title":"Tour Privado de Montreal","og_description":"\u00danase a nosotros en este tour privado por Montreal y tenga la oportunidad de disfrutar de la parte hist\u00f3rica de Montreal \u2705","og_url":"https:\/\/tourtravelandmore.com\/es\/tours\/canada-es\/montreal-es\/montreal-actividades-es\/tour-privado-montreal\/","og_site_name":"Tour Travel And More","article_publisher":"https:\/\/www.facebook.com\/tourtravelandmore\/","article_modified_time":"2024-09-11T17:39:42+00:00","og_image":[{"width":2560,"height":1024,"url":"https:\/\/tourtravelandmore.com\/wp-content\/uploads\/2020\/11\/Montreal-5-scaled.jpg","type":"image\/jpeg"}],"twitter_card":"summary_large_image","twitter_site":"@TourTravel_More","twitter_misc":{"Tiempo de lectura":"3 minutos"},"schema":{"@context":"https:\/\/schema.org","@graph":[{"@type":"WebPage","@id":"https:\/\/tourtravelandmore.com\/es\/tours\/canada-es\/montreal-es\/montreal-actividades-es\/tour-privado-montreal\/","url":"https:\/\/tourtravelandmore.com\/es\/tours\/canada-es\/montreal-es\/montreal-actividades-es\/tour-privado-montreal\/","name":"Tour privado de Montreal con veh\u00edculo y gu\u00eda tur\u00edstico | TTM","isPartOf":{"@id":"https:\/\/tourtravelandmore.com\/es\/#website"},"primaryImageOfPage":{"@id":"https:\/\/tourtravelandmore.com\/es\/tours\/canada-es\/montreal-es\/montreal-actividades-es\/tour-privado-montreal\/#primaryimage"},"image":{"@id":"https:\/\/tourtravelandmore.com\/es\/tours\/canada-es\/montreal-es\/montreal-actividades-es\/tour-privado-montreal\/#primaryimage"},"thumbnailUrl":"https:\/\/tourtravelandmore.com\/wp-content\/uploads\/2020\/11\/Montreal-5-scaled.jpg","datePublished":"2020-11-04T10:42:57+00:00","dateModified":"2024-09-11T17:39:42+00:00","description":"\u00danase a nosotros en este tour privado por Montreal y tenga la oportunidad de disfrutar de la parte hist\u00f3rica de Montreal \u2705","breadcrumb":{"@id":"https:\/\/tourtravelandmore.com\/es\/tours\/canada-es\/montreal-es\/montreal-actividades-es\/tour-privado-montreal\/#breadcrumb"},"inLanguage":"es","potentialAction":[{"@type":"ReadAction","target":["https:\/\/tourtravelandmore.com\/es\/tours\/canada-es\/montreal-es\/montreal-actividades-es\/tour-privado-montreal\/"]}]},{"@type":"ImageObject","inLanguage":"es","@id":"https:\/\/tourtravelandmore.com\/es\/tours\/canada-es\/montreal-es\/montreal-actividades-es\/tour-privado-montreal\/#primaryimage","url":"https:\/\/tourtravelandmore.com\/wp-content\/uploads\/2020\/11\/Montreal-5-scaled.jpg","contentUrl":"https:\/\/tourtravelandmore.com\/wp-content\/uploads\/2020\/11\/Montreal-5-scaled.jpg","width":2560,"height":1024},{"@type":"BreadcrumbList","@id":"https:\/\/tourtravelandmore.com\/es\/tours\/canada-es\/montreal-es\/montreal-actividades-es\/tour-privado-montreal\/#breadcrumb","itemListElement":[{"@type":"ListItem","position":1,"name":"Home","item":"https:\/\/tourtravelandmore.com\/es\/"},{"@type":"ListItem","position":2,"name":"Tours","item":"https:\/\/tourtravelandmore.com\/es\/tours\/"},{"@type":"ListItem","position":3,"name":"Tour Privado de Montreal"}]},{"@type":"WebSite","@id":"https:\/\/tourtravelandmore.com\/es\/#website","url":"https:\/\/tourtravelandmore.com\/es\/","name":"Tour Travel And More","description":"Private sightseeing tours and luxury transfers in Spain","publisher":{"@id":"https:\/\/tourtravelandmore.com\/es\/#organization"},"potentialAction":[{"@type":"SearchAction","target":{"@type":"EntryPoint","urlTemplate":"https:\/\/tourtravelandmore.com\/es\/?s={search_term_string}"},"query-input":{"@type":"PropertyValueSpecification","valueRequired":true,"valueName":"search_term_string"}}],"inLanguage":"es"},{"@type":"Organization","@id":"https:\/\/tourtravelandmore.com\/es\/#organization","name":"Tour Travel And More","url":"https:\/\/tourtravelandmore.com\/es\/","logo":{"@type":"ImageObject","inLanguage":"es","@id":"https:\/\/tourtravelandmore.com\/es\/#\/schema\/logo\/image\/","url":"https:\/\/tourtravelandmore.com\/wp-content\/uploads\/2022\/12\/cropped-logo-cabecera-new.png","contentUrl":"https:\/\/tourtravelandmore.com\/wp-content\/uploads\/2022\/12\/cropped-logo-cabecera-new.png","width":430,"height":61,"caption":"Tour Travel And More"},"image":{"@id":"https:\/\/tourtravelandmore.com\/es\/#\/schema\/logo\/image\/"},"sameAs":["https:\/\/www.facebook.com\/tourtravelandmore\/","https:\/\/x.com\/TourTravel_More"]}]}},"_links":{"self":[{"href":"https:\/\/tourtravelandmore.com\/es\/wp-json\/wp\/v2\/product\/86070","targetHints":{"allow":["GET"]}}],"collection":[{"href":"https:\/\/tourtravelandmore.com\/es\/wp-json\/wp\/v2\/product"}],"about":[{"href":"https:\/\/tourtravelandmore.com\/es\/wp-json\/wp\/v2\/types\/product"}],"replies":[{"embeddable":true,"href":"https:\/\/tourtravelandmore.com\/es\/wp-json\/wp\/v2\/comments?post=86070"}],"wp:featuredmedia":[{"embeddable":true,"href":"https:\/\/tourtravelandmore.com\/es\/wp-json\/wp\/v2\/media\/86103"}],"wp:attachment":[{"href":"https:\/\/tourtravelandmore.com\/es\/wp-json\/wp\/v2\/media?parent=86070"}],"wp:term":[{"taxonomy":"product_brand","embeddable":true,"href":"https:\/\/tourtravelandmore.com\/es\/wp-json\/wp\/v2\/product_brand?post=86070"},{"taxonomy":"product_cat","embeddable":true,"href":"https:\/\/tourtravelandmore.com\/es\/wp-json\/wp\/v2\/product_cat?post=86070"},{"taxonomy":"product_tag","embeddable":true,"href":"https:\/\/tourtravelandmore.com\/es\/wp-json\/wp\/v2\/product_tag?post=86070"}],"curies":[{"name":"wp","href":"https:\/\/api.w.org\/{rel}","templated":true}]}}