{"id":86051,"date":"2020-11-04T10:58:26","date_gmt":"2020-11-04T09:58:27","guid":{"rendered":"https:\/\/tourtravelandmore.com\/?post_type=product&#038;p=86051"},"modified":"2021-07-09T18:20:05","modified_gmt":"2021-07-09T16:20:05","slug":"tour-privado-a-la-costa-de-baja-california-desde-san-diego","status":"publish","type":"product","link":"https:\/\/tourtravelandmore.com\/es\/tours\/eeuu-es\/san-diego-es\/san-diego-actividades-es\/tour-privado-a-la-costa-de-baja-california-desde-san-diego\/","title":{"rendered":"Tour Privado a la Costa de Baja California"},"content":{"rendered":"<h2 class=\"p1\"><span class=\"s1\"><b>Descripci\u00f3n del Tour Privado\u00a0<\/b><\/span><\/h2>\n<p><strong>Baja California<\/strong> en M\u00e9xico, es un lugar donde encontrar\u00e1s las playas m\u00e1s incre\u00edbles y exclusivas. T\u00f3mese un d\u00eda libre de <strong>San Diego<\/strong> y disfrute de este <strong>tour privado a la costa de Baja California<\/strong> c\u00f3modamente en un <strong>veh\u00edculo privado de lujo con conductor<\/strong>. Tambi\u00e9n estar\u00e1s acompa\u00f1ado por un<strong> gu\u00eda tur\u00edstico oficial privado<\/strong>.<\/p>\n<p>Organizaremos una recogida privada en su hotel o lugar de elecci\u00f3n en San Diego. En caso de que lo necesite, tambi\u00e9n podemos proporcionarle un servicio de recogida en el aeropuerto o en cualquier lugar fuera del centro de San Diego. Solo tiene que contactarnos y le organizaremos un presupuesto especial para usted.<\/p>\n<p><strong>Baja California<\/strong> es un estado mexicano en la pen\u00ednsula de Baja California que limita con el estado de California de EE.UU. Su paisaje se extiende a trav\u00e9s de monta\u00f1as y playas hasta el Oc\u00e9ano Pac\u00edfico y el Golfo de California. Es un lugar perfecto para relajarse y tomar hermosas fotograf\u00edas de la costa y por qu\u00e9 no, degustar la gastronom\u00eda local.<\/p>\n<p>Durante este tour privado a la costa de Baja California, dejar\u00e1 los Estados Unidos por un d\u00eda y se sumergir\u00e1 en tierras mexicanas. Descubrir\u00e1s las playas m\u00e1s hermosas e incre\u00edbles mientras el sol acaricia tu piel.<\/p>\n<h2 class=\"p3\"><span class=\"s1\"><b>Puntos de inter\u00e9s en Baja California Norte<\/b><\/span><\/h2>\n<p>Su primer contacto con <strong>Tour Travel &amp; More<\/strong> ser\u00e1 en su hotel o lugar de elecci\u00f3n en San Diego. El recorrido comenzar\u00e1 temprano en la ma\u00f1ana para que puedas aprovechar el resto del d\u00eda.<\/p>\n<p>En primer lugar, el recorrido comenzar\u00e1 pasando por el <a href=\"https:\/\/www.cecut.gob.mx\">Centro Cultural Tijuana<\/a> hasta llegar a la costa. La costa de <strong>Tijuana<\/strong> es uno de los territorios m\u00e1s extensos y uno de los atractivos tur\u00edsticos del municipio. Aqu\u00ed podr\u00e1s admirar las playas m\u00e1s hermosas como:<strong> Isla Coronado<\/strong>, <strong>Ensenada<\/strong>, <strong>La Bufadora<\/strong> y muchas m\u00e1s. Mucha gente coincide en que desde estas playas se puede admirar el mejor atardecer.<\/p>\n<p>En segundo lugar, continuar\u00e1 hacia <strong>Puerto Nuevo<\/strong>, que forma parte del municipio de <strong>Playas de Rosarito<\/strong>. Esta es una hermosa ciudad costera que es muy famosa por ofrecer langosta como plato principal importante. Si eres de los que adoran probar la gastronom\u00eda local, este es definitivamente, es el plato que tienes que degustar.<\/p>\n<p>Despu\u00e9s de eso, visitar\u00e1 la <strong>playa de Rosario<\/strong>. Todos estamos de acuerdo en que despu\u00e9s de un almuerzo incre\u00edble, necesitar\u00e1 algo de tiempo para descansar. Esta es una de las playas m\u00e1s importantes y visitadas. Se caracteriza por sus grandes balnearios y su especial arena blanca. Este lugar tambi\u00e9n tiene una vida nocturna especial y \u00fanica.<\/p>\n<p>Si a\u00fan queda tiempo y le interesa, tambi\u00e9n puedes visitar la <strong>Avenida Revoluci\u00f3n<\/strong>. Es una calle muy importante llena de boutiques de ropa, tiendas y muchos m\u00e1s locales. Es el lugar perfecto para los amantes de las compras.<\/p>\n<p>Finalmente, al final del recorrido, su conductor privado y gu\u00eda tur\u00edstico lo llevar\u00e1n de regreso a su punto de partida en San Diego.<\/p>\n<p>Recuerde echar un vistazo a nuestra <a href=\"https:\/\/tourtravelandmore.com\/es\/ciudad\/eeuu-es\/san-diego-es\/\">lista de productos privados en y desde San Diego<\/a>.<\/p>\n","protected":false},"excerpt":{"rendered":"<p><span class=\"JLqJ4b ChMk0b\" data-language-for-alternatives=\"es\" data-language-to-translate-into=\"en\" data-phrase-index=\"1\">Acomp\u00e1\u00f1enos a este tour de d\u00eda completo a conocer <strong>la costa de Baja California desde la ciudad de San Diego<\/strong>. Admire sus maravillosas y extensas playas, disfrute de la gastronom\u00eda local y conozca sus lugares m\u00e1s importantes.<\/span><\/p>\n","protected":false},"featured_media":86111,"comment_status":"open","ping_status":"closed","template":"","meta":{"_acf_changed":false},"product_brand":[],"product_cat":[1602,2738,2741,2744],"product_tag":[],"class_list":{"0":"post-86051","1":"product","2":"type-product","3":"status-publish","4":"has-post-thumbnail","6":"product_cat-eeuu-es","7":"product_cat-san-diego-es","8":"product_cat-san-diego-actividades-es","9":"product_cat-san-diego-tours-privados-es","11":"first","12":"instock","13":"shipping-taxable","14":"purchasable","15":"product-type-simple"},"acf":[],"yoast_head":"<!-- This site is optimized with the Yoast SEO Premium plugin v25.3.1 (Yoast SEO v25.3.1) - https:\/\/yoast.com\/wordpress\/plugins\/seo\/ -->\n<title>Tour Privado a la costa de Baja California desde San Diego | Tour Travel &amp; More<\/title>\n<meta name=\"description\" content=\"\u2192 Reserve de este Tour Privado a la costa de Baja California. Acompa\u00f1enos a conocer las playas mexicanas y sus lugares mas exclusivos \u2705\" \/>\n<meta name=\"robots\" content=\"index, follow, max-snippet:-1, max-image-preview:large, max-video-preview:-1\" \/>\n<link rel=\"canonical\" href=\"https:\/\/tourtravelandmore.com\/es\/tours\/eeuu-es\/san-diego-es\/san-diego-actividades-es\/tour-privado-a-la-costa-de-baja-california-desde-san-diego\/\" \/>\n<meta property=\"og:locale\" content=\"es_ES\" \/>\n<meta property=\"og:type\" content=\"article\" \/>\n<meta property=\"og:title\" content=\"Tour Privado a la Costa de Baja California\" \/>\n<meta property=\"og:description\" content=\"\u2192 Reserve de este Tour Privado a la costa de Baja California. Acompa\u00f1enos a conocer las playas mexicanas y sus lugares mas exclusivos \u2705\" \/>\n<meta property=\"og:url\" content=\"https:\/\/tourtravelandmore.com\/es\/tours\/eeuu-es\/san-diego-es\/san-diego-actividades-es\/tour-privado-a-la-costa-de-baja-california-desde-san-diego\/\" \/>\n<meta property=\"og:site_name\" content=\"Tour Travel And More\" \/>\n<meta property=\"article:publisher\" content=\"https:\/\/www.facebook.com\/tourtravelandmore\/\" \/>\n<meta property=\"article:modified_time\" content=\"2021-07-09T16:20:05+00:00\" \/>\n<meta property=\"og:image\" content=\"https:\/\/tourtravelandmore.com\/wp-content\/uploads\/2020\/11\/baja-california-3.jpg\" \/>\n\t<meta property=\"og:image:width\" content=\"2560\" \/>\n\t<meta property=\"og:image:height\" content=\"1440\" \/>\n\t<meta property=\"og:image:type\" content=\"image\/jpeg\" \/>\n<meta name=\"twitter:card\" content=\"summary_large_image\" \/>\n<meta name=\"twitter:site\" content=\"@TourTravel_More\" \/>\n<meta name=\"twitter:label1\" content=\"Tiempo de lectura\" \/>\n\t<meta name=\"twitter:data1\" content=\"3 minutos\" \/>\n<script type=\"application\/ld+json\" class=\"yoast-schema-graph\">{\"@context\":\"https:\/\/schema.org\",\"@graph\":[{\"@type\":\"WebPage\",\"@id\":\"https:\/\/tourtravelandmore.com\/es\/tours\/eeuu-es\/san-diego-es\/san-diego-actividades-es\/tour-privado-a-la-costa-de-baja-california-desde-san-diego\/\",\"url\":\"https:\/\/tourtravelandmore.com\/es\/tours\/eeuu-es\/san-diego-es\/san-diego-actividades-es\/tour-privado-a-la-costa-de-baja-california-desde-san-diego\/\",\"name\":\"Tour Privado a la costa de Baja California desde San Diego | Tour Travel & More\",\"isPartOf\":{\"@id\":\"https:\/\/tourtravelandmore.com\/es\/#website\"},\"primaryImageOfPage\":{\"@id\":\"https:\/\/tourtravelandmore.com\/es\/tours\/eeuu-es\/san-diego-es\/san-diego-actividades-es\/tour-privado-a-la-costa-de-baja-california-desde-san-diego\/#primaryimage\"},\"image\":{\"@id\":\"https:\/\/tourtravelandmore.com\/es\/tours\/eeuu-es\/san-diego-es\/san-diego-actividades-es\/tour-privado-a-la-costa-de-baja-california-desde-san-diego\/#primaryimage\"},\"thumbnailUrl\":\"https:\/\/tourtravelandmore.com\/wp-content\/uploads\/2020\/11\/baja-california-3.jpg\",\"datePublished\":\"2020-11-04T09:58:27+00:00\",\"dateModified\":\"2021-07-09T16:20:05+00:00\",\"description\":\"\u2192 Reserve de este Tour Privado a la costa de Baja California. Acompa\u00f1enos a conocer las playas mexicanas y sus lugares mas exclusivos \u2705\",\"breadcrumb\":{\"@id\":\"https:\/\/tourtravelandmore.com\/es\/tours\/eeuu-es\/san-diego-es\/san-diego-actividades-es\/tour-privado-a-la-costa-de-baja-california-desde-san-diego\/#breadcrumb\"},\"inLanguage\":\"es\",\"potentialAction\":[{\"@type\":\"ReadAction\",\"target\":[\"https:\/\/tourtravelandmore.com\/es\/tours\/eeuu-es\/san-diego-es\/san-diego-actividades-es\/tour-privado-a-la-costa-de-baja-california-desde-san-diego\/\"]}]},{\"@type\":\"ImageObject\",\"inLanguage\":\"es\",\"@id\":\"https:\/\/tourtravelandmore.com\/es\/tours\/eeuu-es\/san-diego-es\/san-diego-actividades-es\/tour-privado-a-la-costa-de-baja-california-desde-san-diego\/#primaryimage\",\"url\":\"https:\/\/tourtravelandmore.com\/wp-content\/uploads\/2020\/11\/baja-california-3.jpg\",\"contentUrl\":\"https:\/\/tourtravelandmore.com\/wp-content\/uploads\/2020\/11\/baja-california-3.jpg\",\"width\":2560,\"height\":1440},{\"@type\":\"BreadcrumbList\",\"@id\":\"https:\/\/tourtravelandmore.com\/es\/tours\/eeuu-es\/san-diego-es\/san-diego-actividades-es\/tour-privado-a-la-costa-de-baja-california-desde-san-diego\/#breadcrumb\",\"itemListElement\":[{\"@type\":\"ListItem\",\"position\":1,\"name\":\"Home\",\"item\":\"https:\/\/tourtravelandmore.com\/es\/\"},{\"@type\":\"ListItem\",\"position\":2,\"name\":\"Tours\",\"item\":\"https:\/\/tourtravelandmore.com\/es\/tours\/\"},{\"@type\":\"ListItem\",\"position\":3,\"name\":\"Tour Privado a la Costa de Baja California\"}]},{\"@type\":\"WebSite\",\"@id\":\"https:\/\/tourtravelandmore.com\/es\/#website\",\"url\":\"https:\/\/tourtravelandmore.com\/es\/\",\"name\":\"Tour Travel And More\",\"description\":\"Private sightseeing tours and luxury transfers in Spain\",\"publisher\":{\"@id\":\"https:\/\/tourtravelandmore.com\/es\/#organization\"},\"potentialAction\":[{\"@type\":\"SearchAction\",\"target\":{\"@type\":\"EntryPoint\",\"urlTemplate\":\"https:\/\/tourtravelandmore.com\/es\/?s={search_term_string}\"},\"query-input\":{\"@type\":\"PropertyValueSpecification\",\"valueRequired\":true,\"valueName\":\"search_term_string\"}}],\"inLanguage\":\"es\"},{\"@type\":\"Organization\",\"@id\":\"https:\/\/tourtravelandmore.com\/es\/#organization\",\"name\":\"Tour Travel And More\",\"url\":\"https:\/\/tourtravelandmore.com\/es\/\",\"logo\":{\"@type\":\"ImageObject\",\"inLanguage\":\"es\",\"@id\":\"https:\/\/tourtravelandmore.com\/es\/#\/schema\/logo\/image\/\",\"url\":\"https:\/\/tourtravelandmore.com\/wp-content\/uploads\/2022\/12\/cropped-logo-cabecera-new.png\",\"contentUrl\":\"https:\/\/tourtravelandmore.com\/wp-content\/uploads\/2022\/12\/cropped-logo-cabecera-new.png\",\"width\":430,\"height\":61,\"caption\":\"Tour Travel And More\"},\"image\":{\"@id\":\"https:\/\/tourtravelandmore.com\/es\/#\/schema\/logo\/image\/\"},\"sameAs\":[\"https:\/\/www.facebook.com\/tourtravelandmore\/\",\"https:\/\/x.com\/TourTravel_More\"]}]}<\/script>\n<!-- \/ Yoast SEO Premium plugin. -->","yoast_head_json":{"title":"Tour Privado a la costa de Baja California desde San Diego | Tour Travel & More","description":"\u2192 Reserve de este Tour Privado a la costa de Baja California. Acompa\u00f1enos a conocer las playas mexicanas y sus lugares mas exclusivos \u2705","robots":{"index":"index","follow":"follow","max-snippet":"max-snippet:-1","max-image-preview":"max-image-preview:large","max-video-preview":"max-video-preview:-1"},"canonical":"https:\/\/tourtravelandmore.com\/es\/tours\/eeuu-es\/san-diego-es\/san-diego-actividades-es\/tour-privado-a-la-costa-de-baja-california-desde-san-diego\/","og_locale":"es_ES","og_type":"article","og_title":"Tour Privado a la Costa de Baja California","og_description":"\u2192 Reserve de este Tour Privado a la costa de Baja California. Acompa\u00f1enos a conocer las playas mexicanas y sus lugares mas exclusivos \u2705","og_url":"https:\/\/tourtravelandmore.com\/es\/tours\/eeuu-es\/san-diego-es\/san-diego-actividades-es\/tour-privado-a-la-costa-de-baja-california-desde-san-diego\/","og_site_name":"Tour Travel And More","article_publisher":"https:\/\/www.facebook.com\/tourtravelandmore\/","article_modified_time":"2021-07-09T16:20:05+00:00","og_image":[{"width":2560,"height":1440,"url":"https:\/\/tourtravelandmore.com\/wp-content\/uploads\/2020\/11\/baja-california-3.jpg","type":"image\/jpeg"}],"twitter_card":"summary_large_image","twitter_site":"@TourTravel_More","twitter_misc":{"Tiempo de lectura":"3 minutos"},"schema":{"@context":"https:\/\/schema.org","@graph":[{"@type":"WebPage","@id":"https:\/\/tourtravelandmore.com\/es\/tours\/eeuu-es\/san-diego-es\/san-diego-actividades-es\/tour-privado-a-la-costa-de-baja-california-desde-san-diego\/","url":"https:\/\/tourtravelandmore.com\/es\/tours\/eeuu-es\/san-diego-es\/san-diego-actividades-es\/tour-privado-a-la-costa-de-baja-california-desde-san-diego\/","name":"Tour Privado a la costa de Baja California desde San Diego | Tour Travel & More","isPartOf":{"@id":"https:\/\/tourtravelandmore.com\/es\/#website"},"primaryImageOfPage":{"@id":"https:\/\/tourtravelandmore.com\/es\/tours\/eeuu-es\/san-diego-es\/san-diego-actividades-es\/tour-privado-a-la-costa-de-baja-california-desde-san-diego\/#primaryimage"},"image":{"@id":"https:\/\/tourtravelandmore.com\/es\/tours\/eeuu-es\/san-diego-es\/san-diego-actividades-es\/tour-privado-a-la-costa-de-baja-california-desde-san-diego\/#primaryimage"},"thumbnailUrl":"https:\/\/tourtravelandmore.com\/wp-content\/uploads\/2020\/11\/baja-california-3.jpg","datePublished":"2020-11-04T09:58:27+00:00","dateModified":"2021-07-09T16:20:05+00:00","description":"\u2192 Reserve de este Tour Privado a la costa de Baja California. Acompa\u00f1enos a conocer las playas mexicanas y sus lugares mas exclusivos \u2705","breadcrumb":{"@id":"https:\/\/tourtravelandmore.com\/es\/tours\/eeuu-es\/san-diego-es\/san-diego-actividades-es\/tour-privado-a-la-costa-de-baja-california-desde-san-diego\/#breadcrumb"},"inLanguage":"es","potentialAction":[{"@type":"ReadAction","target":["https:\/\/tourtravelandmore.com\/es\/tours\/eeuu-es\/san-diego-es\/san-diego-actividades-es\/tour-privado-a-la-costa-de-baja-california-desde-san-diego\/"]}]},{"@type":"ImageObject","inLanguage":"es","@id":"https:\/\/tourtravelandmore.com\/es\/tours\/eeuu-es\/san-diego-es\/san-diego-actividades-es\/tour-privado-a-la-costa-de-baja-california-desde-san-diego\/#primaryimage","url":"https:\/\/tourtravelandmore.com\/wp-content\/uploads\/2020\/11\/baja-california-3.jpg","contentUrl":"https:\/\/tourtravelandmore.com\/wp-content\/uploads\/2020\/11\/baja-california-3.jpg","width":2560,"height":1440},{"@type":"BreadcrumbList","@id":"https:\/\/tourtravelandmore.com\/es\/tours\/eeuu-es\/san-diego-es\/san-diego-actividades-es\/tour-privado-a-la-costa-de-baja-california-desde-san-diego\/#breadcrumb","itemListElement":[{"@type":"ListItem","position":1,"name":"Home","item":"https:\/\/tourtravelandmore.com\/es\/"},{"@type":"ListItem","position":2,"name":"Tours","item":"https:\/\/tourtravelandmore.com\/es\/tours\/"},{"@type":"ListItem","position":3,"name":"Tour Privado a la Costa de Baja California"}]},{"@type":"WebSite","@id":"https:\/\/tourtravelandmore.com\/es\/#website","url":"https:\/\/tourtravelandmore.com\/es\/","name":"Tour Travel And More","description":"Private sightseeing tours and luxury transfers in Spain","publisher":{"@id":"https:\/\/tourtravelandmore.com\/es\/#organization"},"potentialAction":[{"@type":"SearchAction","target":{"@type":"EntryPoint","urlTemplate":"https:\/\/tourtravelandmore.com\/es\/?s={search_term_string}"},"query-input":{"@type":"PropertyValueSpecification","valueRequired":true,"valueName":"search_term_string"}}],"inLanguage":"es"},{"@type":"Organization","@id":"https:\/\/tourtravelandmore.com\/es\/#organization","name":"Tour Travel And More","url":"https:\/\/tourtravelandmore.com\/es\/","logo":{"@type":"ImageObject","inLanguage":"es","@id":"https:\/\/tourtravelandmore.com\/es\/#\/schema\/logo\/image\/","url":"https:\/\/tourtravelandmore.com\/wp-content\/uploads\/2022\/12\/cropped-logo-cabecera-new.png","contentUrl":"https:\/\/tourtravelandmore.com\/wp-content\/uploads\/2022\/12\/cropped-logo-cabecera-new.png","width":430,"height":61,"caption":"Tour Travel And More"},"image":{"@id":"https:\/\/tourtravelandmore.com\/es\/#\/schema\/logo\/image\/"},"sameAs":["https:\/\/www.facebook.com\/tourtravelandmore\/","https:\/\/x.com\/TourTravel_More"]}]}},"_links":{"self":[{"href":"https:\/\/tourtravelandmore.com\/es\/wp-json\/wp\/v2\/product\/86051","targetHints":{"allow":["GET"]}}],"collection":[{"href":"https:\/\/tourtravelandmore.com\/es\/wp-json\/wp\/v2\/product"}],"about":[{"href":"https:\/\/tourtravelandmore.com\/es\/wp-json\/wp\/v2\/types\/product"}],"replies":[{"embeddable":true,"href":"https:\/\/tourtravelandmore.com\/es\/wp-json\/wp\/v2\/comments?post=86051"}],"wp:featuredmedia":[{"embeddable":true,"href":"https:\/\/tourtravelandmore.com\/es\/wp-json\/wp\/v2\/media\/86111"}],"wp:attachment":[{"href":"https:\/\/tourtravelandmore.com\/es\/wp-json\/wp\/v2\/media?parent=86051"}],"wp:term":[{"taxonomy":"product_brand","embeddable":true,"href":"https:\/\/tourtravelandmore.com\/es\/wp-json\/wp\/v2\/product_brand?post=86051"},{"taxonomy":"product_cat","embeddable":true,"href":"https:\/\/tourtravelandmore.com\/es\/wp-json\/wp\/v2\/product_cat?post=86051"},{"taxonomy":"product_tag","embeddable":true,"href":"https:\/\/tourtravelandmore.com\/es\/wp-json\/wp\/v2\/product_tag?post=86051"}],"curies":[{"name":"wp","href":"https:\/\/api.w.org\/{rel}","templated":true}]}}