{"id":86023,"date":"2020-11-03T13:28:23","date_gmt":"2020-11-03T12:28:23","guid":{"rendered":"https:\/\/tourtravelandmore.com\/tours\/sin%20categor\u00eda\/tour-privado-por-las-playas-del-lado-sur-y-honolulu\/"},"modified":"2021-05-17T10:39:54","modified_gmt":"2021-05-17T08:39:54","slug":"tour-privado-por-las-playas-del-lado-sur-y-honolulu","status":"publish","type":"product","link":"https:\/\/tourtravelandmore.com\/es\/tours\/eeuu-es\/hawaii-es\/oahu-es\/tour-privado-por-las-playas-del-lado-sur-y-honolulu\/","title":{"rendered":"Tour privado por las playas del lado sur y Honolulu"},"content":{"rendered":"<h2 id=\"tw-target-text\" class=\"tw-data-text tw-text-large XcVN5d tw-ta\" dir=\"ltr\" data-placeholder=\"Traducci\u00f3n\"><span lang=\"es\">Descripci\u00f3n del Tour Privado<\/span><\/h2>\n<p class=\"tw-data-text tw-text-large XcVN5d tw-ta\" dir=\"ltr\" data-placeholder=\"Traducci\u00f3n\"><span lang=\"es\">Nuestro tour privado por las playas de Southside y Honolul\u00fa es conocido como uno de nuestros tours de d\u00eda completo que incluir\u00e1 hermosas playas y el hist\u00f3rico Honolul\u00fa. <\/span><\/p>\n<p class=\"tw-data-text tw-text-large XcVN5d tw-ta\" dir=\"ltr\" data-placeholder=\"Traducci\u00f3n\"><span lang=\"es\">Este tour privado se puede realizar con uno de nuestros veh\u00edculos privados con conductor para estar a su disposici\u00f3n durante todo el d\u00eda. <\/span><\/p>\n<p class=\"tw-data-text tw-text-large XcVN5d tw-ta\" dir=\"ltr\" data-placeholder=\"Traducci\u00f3n\"><span lang=\"es\">De esta forma podr\u00e1s disfrutar de cada una de las ubicaciones y no tener que preocuparte por tu coche. <\/span><\/p>\n<p class=\"tw-data-text tw-text-large XcVN5d tw-ta\" dir=\"ltr\" data-placeholder=\"Traducci\u00f3n\"><span lang=\"es\">\u00a1Conozca los mejores paisajes para obtener fotos, playas y miradores incre\u00edbles! <\/span><\/p>\n<p class=\"tw-data-text tw-text-large XcVN5d tw-ta\" dir=\"ltr\" data-placeholder=\"Traducci\u00f3n\"><span lang=\"es\">Recomendamos encarecidamente este tour para los principiantes e incluso si no es la primera vez que visita Honolul\u00fa y la isla de Oahu. <\/span><\/p>\n<p class=\"tw-data-text tw-text-large XcVN5d tw-ta\" dir=\"ltr\" data-placeholder=\"Traducci\u00f3n\"><span lang=\"es\">En primer lugar, organizaremos la recogida c\u00f3moda y luego comenzaremos este incre\u00edble tour privado por las playas de Southside y Honolul\u00fa. <\/span><\/p>\n<p class=\"tw-data-text tw-text-large XcVN5d tw-ta\" dir=\"ltr\" data-placeholder=\"Traducci\u00f3n\"><span lang=\"es\"><strong>\u00a1En Tour Travel &amp; More,<\/strong> <strong>estamos a su disposici\u00f3n durante todo el recorrido! <\/strong><\/span><\/p>\n<h2 class=\"tw-data-text tw-text-large XcVN5d tw-ta\" dir=\"ltr\" data-placeholder=\"Traducci\u00f3n\"><span lang=\"es\">Puntos de inter\u00e9s en el Tour<\/span><\/h2>\n<p class=\"tw-data-text tw-text-large XcVN5d tw-ta\" dir=\"ltr\" data-placeholder=\"Traducci\u00f3n\"><span lang=\"es\">Una vez que hayamos comenzado este tour privado, incluiremos las playas de Southside y Honolul\u00fa. <\/span><\/p>\n<p class=\"tw-data-text tw-text-large XcVN5d tw-ta\" dir=\"ltr\" data-placeholder=\"Traducci\u00f3n\"><span lang=\"es\">En Honolul\u00fa, disfrute de las partes m\u00e1s hist\u00f3ricas de la ciudad, que incluyen: <\/span><\/p>\n<ul>\n<li class=\"tw-data-text tw-text-large XcVN5d tw-ta\" dir=\"ltr\" data-placeholder=\"Traducci\u00f3n\"><span lang=\"es\">Palacio Iolani. <\/span><\/li>\n<li class=\"tw-data-text tw-text-large XcVN5d tw-ta\" dir=\"ltr\" data-placeholder=\"Traducci\u00f3n\"><span lang=\"es\">Estatua del rey Kamehameha I. <\/span><\/li>\n<li class=\"tw-data-text tw-text-large XcVN5d tw-ta\" dir=\"ltr\" data-placeholder=\"Traducci\u00f3n\"><span lang=\"es\">Cementerio Memorial <\/span><\/li>\n<li class=\"tw-data-text tw-text-large XcVN5d tw-ta\" dir=\"ltr\" data-placeholder=\"Traducci\u00f3n\"><span lang=\"es\">Nacional del Pac\u00edfico <\/span><\/li>\n<li class=\"tw-data-text tw-text-large XcVN5d tw-ta\" dir=\"ltr\" data-placeholder=\"Traducci\u00f3n\"><span lang=\"es\">Distrito de Kaka&#8217;oko. <\/span><\/li>\n<li class=\"tw-data-text tw-text-large XcVN5d tw-ta\" dir=\"ltr\" data-placeholder=\"Traducci\u00f3n\"><span lang=\"es\">Mucho m\u00e1s <\/span><\/li>\n<\/ul>\n<p><span lang=\"es\">Luego disfrutaremos de otros excelentes sitios como: Acantilados de Kuilei Kahala. <\/span><\/p>\n<ul>\n<li><span lang=\"es\">El exclusivo barrio de Oahu. <\/span><\/li>\n<li><span lang=\"es\">Playa de Waialae <\/span><\/li>\n<li><span lang=\"es\">Parque de la playa de Wailupe <\/span><\/li>\n<li><span lang=\"es\">Parque de la playa de Kawaikui <\/span><\/li>\n<li><span lang=\"es\">Parque de la playa de la bah\u00eda de Maunalua y Hawaii <\/span><\/li>\n<li><span lang=\"es\">Kai Bah\u00eda de Hanauma <\/span><\/li>\n<li><span lang=\"es\">Mirador de lanai Mirador de Molokai <\/span><\/li>\n<li><span lang=\"es\">Mirador de espir\u00e1culo <\/span><\/li>\n<li><span lang=\"es\">Halona Parque de Sandy Beach <\/span><\/li>\n<li><span lang=\"es\">Punta Makapuu Parque de la playa de Kailua <\/span><\/li>\n<li><span lang=\"es\">Playa de Lanikai <\/span><\/li>\n<\/ul>\n<p><span lang=\"es\">Finalmente, haga que nuestro chofer privado lo lleve de regreso a su hotel o lugar de elecci\u00f3n en Oahu. Ofrecemos cualquier tipo de experiencias privadas que ofrecemos en Oahu. <\/span><\/p>\n<p><span lang=\"es\">Tambi\u00e9n ofrecemos tours privados en cualquiera de las otras islas de Haw\u00e1i. <\/span><\/p>\n<p><a href=\"https:\/\/tourtravelandmore.com\/es\/ciudad\/eeuu-es\/hawaii-es\/\" target=\"_blank\" rel=\"noopener noreferrer\"><span lang=\"es\">\u00a1No olvide que ofrecemos tours privados alrededor del mundo y estamos aqu\u00ed para hacer que su experiencia sea \u00fanica!<\/span><\/a><\/p>\n","protected":false},"excerpt":{"rendered":"<p id=\"tw-target-text\" class=\"tw-data-text tw-text-large XcVN5d tw-ta\" dir=\"ltr\" data-placeholder=\"Traducci\u00f3n\"><span lang=\"es\">\u00danase a nosotros en este T<strong>our Privado de las Playas de Southside y Honolul\u00fa<\/strong> y tenga la oportunidad de disfrutar de la parte hist\u00f3rica de Honolul\u00fa en Oahu y de las incre\u00edbles playas de Southside.<\/span><\/p>\n","protected":false},"featured_media":85874,"comment_status":"open","ping_status":"closed","template":"","meta":{"_acf_changed":false},"product_brand":[],"product_cat":[1602,2709,2715],"product_tag":[],"class_list":{"0":"post-86023","1":"product","2":"type-product","3":"status-publish","4":"has-post-thumbnail","6":"product_cat-eeuu-es","7":"product_cat-hawaii-es","8":"product_cat-oahu-es","10":"first","11":"instock","12":"shipping-taxable","13":"purchasable","14":"product-type-simple"},"acf":[],"yoast_head":"<!-- This site is optimized with the Yoast SEO Premium plugin v25.3.1 (Yoast SEO v25.3.1) - https:\/\/yoast.com\/wordpress\/plugins\/seo\/ -->\n<title>Tour privado de las playas de Southside y Honolulu | Tour Travel &amp; More<\/title>\n<meta name=\"description\" content=\"Reserve este Tour Privado por las Playas de Southside y Honolulu con Chofer y guia privado | Una experiencia privada verdaderamente asombrosa.\" \/>\n<meta name=\"robots\" content=\"index, follow, max-snippet:-1, max-image-preview:large, max-video-preview:-1\" \/>\n<link rel=\"canonical\" href=\"https:\/\/tourtravelandmore.com\/es\/tours\/eeuu-es\/hawaii-es\/oahu-es\/tour-privado-por-las-playas-del-lado-sur-y-honolulu\/\" \/>\n<meta property=\"og:locale\" content=\"es_ES\" \/>\n<meta property=\"og:type\" content=\"article\" \/>\n<meta property=\"og:title\" content=\"Tour privado por las playas del lado sur y Honolulu\" \/>\n<meta property=\"og:description\" content=\"Reserve este Tour Privado por las Playas de Southside y Honolulu con Chofer y guia privado | Una experiencia privada verdaderamente asombrosa.\" \/>\n<meta property=\"og:url\" content=\"https:\/\/tourtravelandmore.com\/es\/tours\/eeuu-es\/hawaii-es\/oahu-es\/tour-privado-por-las-playas-del-lado-sur-y-honolulu\/\" \/>\n<meta property=\"og:site_name\" content=\"Tour Travel And More\" \/>\n<meta property=\"article:publisher\" content=\"https:\/\/www.facebook.com\/tourtravelandmore\/\" \/>\n<meta property=\"article:modified_time\" content=\"2021-05-17T08:39:54+00:00\" \/>\n<meta property=\"og:image\" content=\"https:\/\/tourtravelandmore.com\/wp-content\/uploads\/2020\/11\/oahu-3-scaled.jpg\" \/>\n\t<meta property=\"og:image:width\" content=\"1707\" \/>\n\t<meta property=\"og:image:height\" content=\"2560\" \/>\n\t<meta property=\"og:image:type\" content=\"image\/jpeg\" \/>\n<meta name=\"twitter:card\" content=\"summary_large_image\" \/>\n<meta name=\"twitter:site\" content=\"@TourTravel_More\" \/>\n<meta name=\"twitter:label1\" content=\"Tiempo de lectura\" \/>\n\t<meta name=\"twitter:data1\" content=\"2 minutos\" \/>\n<script type=\"application\/ld+json\" class=\"yoast-schema-graph\">{\"@context\":\"https:\/\/schema.org\",\"@graph\":[{\"@type\":\"WebPage\",\"@id\":\"https:\/\/tourtravelandmore.com\/es\/tours\/eeuu-es\/hawaii-es\/oahu-es\/tour-privado-por-las-playas-del-lado-sur-y-honolulu\/\",\"url\":\"https:\/\/tourtravelandmore.com\/es\/tours\/eeuu-es\/hawaii-es\/oahu-es\/tour-privado-por-las-playas-del-lado-sur-y-honolulu\/\",\"name\":\"Tour privado de las playas de Southside y Honolulu | Tour Travel & More\",\"isPartOf\":{\"@id\":\"https:\/\/tourtravelandmore.com\/es\/#website\"},\"primaryImageOfPage\":{\"@id\":\"https:\/\/tourtravelandmore.com\/es\/tours\/eeuu-es\/hawaii-es\/oahu-es\/tour-privado-por-las-playas-del-lado-sur-y-honolulu\/#primaryimage\"},\"image\":{\"@id\":\"https:\/\/tourtravelandmore.com\/es\/tours\/eeuu-es\/hawaii-es\/oahu-es\/tour-privado-por-las-playas-del-lado-sur-y-honolulu\/#primaryimage\"},\"thumbnailUrl\":\"https:\/\/tourtravelandmore.com\/wp-content\/uploads\/2020\/11\/oahu-3-scaled.jpg\",\"datePublished\":\"2020-11-03T12:28:23+00:00\",\"dateModified\":\"2021-05-17T08:39:54+00:00\",\"description\":\"Reserve este Tour Privado por las Playas de Southside y Honolulu con Chofer y guia privado | Una experiencia privada verdaderamente asombrosa.\",\"breadcrumb\":{\"@id\":\"https:\/\/tourtravelandmore.com\/es\/tours\/eeuu-es\/hawaii-es\/oahu-es\/tour-privado-por-las-playas-del-lado-sur-y-honolulu\/#breadcrumb\"},\"inLanguage\":\"es\",\"potentialAction\":[{\"@type\":\"ReadAction\",\"target\":[\"https:\/\/tourtravelandmore.com\/es\/tours\/eeuu-es\/hawaii-es\/oahu-es\/tour-privado-por-las-playas-del-lado-sur-y-honolulu\/\"]}]},{\"@type\":\"ImageObject\",\"inLanguage\":\"es\",\"@id\":\"https:\/\/tourtravelandmore.com\/es\/tours\/eeuu-es\/hawaii-es\/oahu-es\/tour-privado-por-las-playas-del-lado-sur-y-honolulu\/#primaryimage\",\"url\":\"https:\/\/tourtravelandmore.com\/wp-content\/uploads\/2020\/11\/oahu-3-scaled.jpg\",\"contentUrl\":\"https:\/\/tourtravelandmore.com\/wp-content\/uploads\/2020\/11\/oahu-3-scaled.jpg\",\"width\":1707,\"height\":2560},{\"@type\":\"BreadcrumbList\",\"@id\":\"https:\/\/tourtravelandmore.com\/es\/tours\/eeuu-es\/hawaii-es\/oahu-es\/tour-privado-por-las-playas-del-lado-sur-y-honolulu\/#breadcrumb\",\"itemListElement\":[{\"@type\":\"ListItem\",\"position\":1,\"name\":\"Home\",\"item\":\"https:\/\/tourtravelandmore.com\/es\/\"},{\"@type\":\"ListItem\",\"position\":2,\"name\":\"Tours\",\"item\":\"https:\/\/tourtravelandmore.com\/es\/tours\/\"},{\"@type\":\"ListItem\",\"position\":3,\"name\":\"Tour privado por las playas del lado sur y Honolulu\"}]},{\"@type\":\"WebSite\",\"@id\":\"https:\/\/tourtravelandmore.com\/es\/#website\",\"url\":\"https:\/\/tourtravelandmore.com\/es\/\",\"name\":\"Tour Travel And More\",\"description\":\"Private sightseeing tours and luxury transfers in Spain\",\"publisher\":{\"@id\":\"https:\/\/tourtravelandmore.com\/es\/#organization\"},\"potentialAction\":[{\"@type\":\"SearchAction\",\"target\":{\"@type\":\"EntryPoint\",\"urlTemplate\":\"https:\/\/tourtravelandmore.com\/es\/?s={search_term_string}\"},\"query-input\":{\"@type\":\"PropertyValueSpecification\",\"valueRequired\":true,\"valueName\":\"search_term_string\"}}],\"inLanguage\":\"es\"},{\"@type\":\"Organization\",\"@id\":\"https:\/\/tourtravelandmore.com\/es\/#organization\",\"name\":\"Tour Travel And More\",\"url\":\"https:\/\/tourtravelandmore.com\/es\/\",\"logo\":{\"@type\":\"ImageObject\",\"inLanguage\":\"es\",\"@id\":\"https:\/\/tourtravelandmore.com\/es\/#\/schema\/logo\/image\/\",\"url\":\"https:\/\/tourtravelandmore.com\/wp-content\/uploads\/2022\/12\/cropped-logo-cabecera-new.png\",\"contentUrl\":\"https:\/\/tourtravelandmore.com\/wp-content\/uploads\/2022\/12\/cropped-logo-cabecera-new.png\",\"width\":430,\"height\":61,\"caption\":\"Tour Travel And More\"},\"image\":{\"@id\":\"https:\/\/tourtravelandmore.com\/es\/#\/schema\/logo\/image\/\"},\"sameAs\":[\"https:\/\/www.facebook.com\/tourtravelandmore\/\",\"https:\/\/x.com\/TourTravel_More\"]}]}<\/script>\n<!-- \/ Yoast SEO Premium plugin. -->","yoast_head_json":{"title":"Tour privado de las playas de Southside y Honolulu | Tour Travel & More","description":"Reserve este Tour Privado por las Playas de Southside y Honolulu con Chofer y guia privado | Una experiencia privada verdaderamente asombrosa.","robots":{"index":"index","follow":"follow","max-snippet":"max-snippet:-1","max-image-preview":"max-image-preview:large","max-video-preview":"max-video-preview:-1"},"canonical":"https:\/\/tourtravelandmore.com\/es\/tours\/eeuu-es\/hawaii-es\/oahu-es\/tour-privado-por-las-playas-del-lado-sur-y-honolulu\/","og_locale":"es_ES","og_type":"article","og_title":"Tour privado por las playas del lado sur y Honolulu","og_description":"Reserve este Tour Privado por las Playas de Southside y Honolulu con Chofer y guia privado | Una experiencia privada verdaderamente asombrosa.","og_url":"https:\/\/tourtravelandmore.com\/es\/tours\/eeuu-es\/hawaii-es\/oahu-es\/tour-privado-por-las-playas-del-lado-sur-y-honolulu\/","og_site_name":"Tour Travel And More","article_publisher":"https:\/\/www.facebook.com\/tourtravelandmore\/","article_modified_time":"2021-05-17T08:39:54+00:00","og_image":[{"width":1707,"height":2560,"url":"https:\/\/tourtravelandmore.com\/wp-content\/uploads\/2020\/11\/oahu-3-scaled.jpg","type":"image\/jpeg"}],"twitter_card":"summary_large_image","twitter_site":"@TourTravel_More","twitter_misc":{"Tiempo de lectura":"2 minutos"},"schema":{"@context":"https:\/\/schema.org","@graph":[{"@type":"WebPage","@id":"https:\/\/tourtravelandmore.com\/es\/tours\/eeuu-es\/hawaii-es\/oahu-es\/tour-privado-por-las-playas-del-lado-sur-y-honolulu\/","url":"https:\/\/tourtravelandmore.com\/es\/tours\/eeuu-es\/hawaii-es\/oahu-es\/tour-privado-por-las-playas-del-lado-sur-y-honolulu\/","name":"Tour privado de las playas de Southside y Honolulu | Tour Travel & More","isPartOf":{"@id":"https:\/\/tourtravelandmore.com\/es\/#website"},"primaryImageOfPage":{"@id":"https:\/\/tourtravelandmore.com\/es\/tours\/eeuu-es\/hawaii-es\/oahu-es\/tour-privado-por-las-playas-del-lado-sur-y-honolulu\/#primaryimage"},"image":{"@id":"https:\/\/tourtravelandmore.com\/es\/tours\/eeuu-es\/hawaii-es\/oahu-es\/tour-privado-por-las-playas-del-lado-sur-y-honolulu\/#primaryimage"},"thumbnailUrl":"https:\/\/tourtravelandmore.com\/wp-content\/uploads\/2020\/11\/oahu-3-scaled.jpg","datePublished":"2020-11-03T12:28:23+00:00","dateModified":"2021-05-17T08:39:54+00:00","description":"Reserve este Tour Privado por las Playas de Southside y Honolulu con Chofer y guia privado | Una experiencia privada verdaderamente asombrosa.","breadcrumb":{"@id":"https:\/\/tourtravelandmore.com\/es\/tours\/eeuu-es\/hawaii-es\/oahu-es\/tour-privado-por-las-playas-del-lado-sur-y-honolulu\/#breadcrumb"},"inLanguage":"es","potentialAction":[{"@type":"ReadAction","target":["https:\/\/tourtravelandmore.com\/es\/tours\/eeuu-es\/hawaii-es\/oahu-es\/tour-privado-por-las-playas-del-lado-sur-y-honolulu\/"]}]},{"@type":"ImageObject","inLanguage":"es","@id":"https:\/\/tourtravelandmore.com\/es\/tours\/eeuu-es\/hawaii-es\/oahu-es\/tour-privado-por-las-playas-del-lado-sur-y-honolulu\/#primaryimage","url":"https:\/\/tourtravelandmore.com\/wp-content\/uploads\/2020\/11\/oahu-3-scaled.jpg","contentUrl":"https:\/\/tourtravelandmore.com\/wp-content\/uploads\/2020\/11\/oahu-3-scaled.jpg","width":1707,"height":2560},{"@type":"BreadcrumbList","@id":"https:\/\/tourtravelandmore.com\/es\/tours\/eeuu-es\/hawaii-es\/oahu-es\/tour-privado-por-las-playas-del-lado-sur-y-honolulu\/#breadcrumb","itemListElement":[{"@type":"ListItem","position":1,"name":"Home","item":"https:\/\/tourtravelandmore.com\/es\/"},{"@type":"ListItem","position":2,"name":"Tours","item":"https:\/\/tourtravelandmore.com\/es\/tours\/"},{"@type":"ListItem","position":3,"name":"Tour privado por las playas del lado sur y Honolulu"}]},{"@type":"WebSite","@id":"https:\/\/tourtravelandmore.com\/es\/#website","url":"https:\/\/tourtravelandmore.com\/es\/","name":"Tour Travel And More","description":"Private sightseeing tours and luxury transfers in Spain","publisher":{"@id":"https:\/\/tourtravelandmore.com\/es\/#organization"},"potentialAction":[{"@type":"SearchAction","target":{"@type":"EntryPoint","urlTemplate":"https:\/\/tourtravelandmore.com\/es\/?s={search_term_string}"},"query-input":{"@type":"PropertyValueSpecification","valueRequired":true,"valueName":"search_term_string"}}],"inLanguage":"es"},{"@type":"Organization","@id":"https:\/\/tourtravelandmore.com\/es\/#organization","name":"Tour Travel And More","url":"https:\/\/tourtravelandmore.com\/es\/","logo":{"@type":"ImageObject","inLanguage":"es","@id":"https:\/\/tourtravelandmore.com\/es\/#\/schema\/logo\/image\/","url":"https:\/\/tourtravelandmore.com\/wp-content\/uploads\/2022\/12\/cropped-logo-cabecera-new.png","contentUrl":"https:\/\/tourtravelandmore.com\/wp-content\/uploads\/2022\/12\/cropped-logo-cabecera-new.png","width":430,"height":61,"caption":"Tour Travel And More"},"image":{"@id":"https:\/\/tourtravelandmore.com\/es\/#\/schema\/logo\/image\/"},"sameAs":["https:\/\/www.facebook.com\/tourtravelandmore\/","https:\/\/x.com\/TourTravel_More"]}]}},"_links":{"self":[{"href":"https:\/\/tourtravelandmore.com\/es\/wp-json\/wp\/v2\/product\/86023","targetHints":{"allow":["GET"]}}],"collection":[{"href":"https:\/\/tourtravelandmore.com\/es\/wp-json\/wp\/v2\/product"}],"about":[{"href":"https:\/\/tourtravelandmore.com\/es\/wp-json\/wp\/v2\/types\/product"}],"replies":[{"embeddable":true,"href":"https:\/\/tourtravelandmore.com\/es\/wp-json\/wp\/v2\/comments?post=86023"}],"wp:featuredmedia":[{"embeddable":true,"href":"https:\/\/tourtravelandmore.com\/es\/wp-json\/wp\/v2\/media\/85874"}],"wp:attachment":[{"href":"https:\/\/tourtravelandmore.com\/es\/wp-json\/wp\/v2\/media?parent=86023"}],"wp:term":[{"taxonomy":"product_brand","embeddable":true,"href":"https:\/\/tourtravelandmore.com\/es\/wp-json\/wp\/v2\/product_brand?post=86023"},{"taxonomy":"product_cat","embeddable":true,"href":"https:\/\/tourtravelandmore.com\/es\/wp-json\/wp\/v2\/product_cat?post=86023"},{"taxonomy":"product_tag","embeddable":true,"href":"https:\/\/tourtravelandmore.com\/es\/wp-json\/wp\/v2\/product_tag?post=86023"}],"curies":[{"name":"wp","href":"https:\/\/api.w.org\/{rel}","templated":true}]}}