{"id":86022,"date":"2020-11-03T13:26:58","date_gmt":"2020-11-03T12:26:58","guid":{"rendered":"https:\/\/tourtravelandmore.com\/tours\/sin%20categor\u00eda\/tour-privado-a-la-isla-de-la-cascada-en-oahu\/"},"modified":"2021-05-17T10:21:01","modified_gmt":"2021-05-17T08:21:01","slug":"tour-privado-a-la-isla-de-la-cascada-en-oahu","status":"publish","type":"product","link":"https:\/\/tourtravelandmore.com\/es\/tours\/eeuu-es\/hawaii-es\/oahu-es\/tour-privado-a-la-isla-de-la-cascada-en-oahu\/","title":{"rendered":"Tour privado a la isla de la cascada en Oahu"},"content":{"rendered":"<h2>Descripci\u00f3n del Tour Privado a la Cascada Oahu<\/h2>\n<p>\u00a1Este tour privado a la isla de la cascada en Oahu lo llevar\u00e1 a una experiencia incre\u00edble!<\/p>\n<p>\u00a1Haga que nuestro gu\u00eda tur\u00edstico privado lo lleve en este incre\u00edble tour de un d\u00eda para conocer la hermosa cascada de Waimea!<\/p>\n<p>En primer lugar, haga que nuestro gu\u00eda tur\u00edstico privado lo espere en el lugar que elija. Si se encuentra en Honolul\u00fa o Waikiki, podemos organizar la recogida desde all\u00ed.<\/p>\n<p>Si se encuentra en otra parte de la isla, av\u00edsele a nuestros expertos en viajes para organizar el itinerario correspondiente.<\/p>\n<p>Nuestro tour privado lo llevar\u00e1 a esta incre\u00edble experiencia para conocer la cascada de Waimea y lo mejor de la isla de Oahu.<\/p>\n<p>\u00a1Disfrute de los hermosos sitios que se detienen para hacer fotos que este tour privado por una isla en cascada en Oahu tiene para ofrecerle!<\/p>\n<h2>Itinerario del Tour a la Cascada<\/h2>\n<p>Despu\u00e9s de una c\u00f3moda recogida, nos dirigiremos hacia este incre\u00edble tour privado para una experiencia \u00fanica para usted.<\/p>\n<p>\u00a1Estamos aqu\u00ed para hacer que su recorrido y experiencia sean completamente memorables!<\/p>\n<h2>Puntos de inter\u00e9s en el Tour a la Cascada<\/h2>\n<p>Aqu\u00ed hay algunos ejemplos de los sitios que disfrutar\u00e1 durante este tour privado:<\/p>\n<ul>\n<li><em>Cr\u00e1ter de cabeza de diamante<\/em><\/li>\n<li><em>Reserva natural de la bah\u00eda de Hanauma. Ticket de entrada incluido.<\/em><\/li>\n<li><em>Orificio de holana<\/em><\/li>\n<li><em>Playa de la eternidad: tenga una vista de las incre\u00edbles tortugas marinas verdes que a veces se pueden ver<\/em><\/li>\n<li><em>Parque de Sandy Beach<\/em><\/li>\n<li><em>Punto Makapuu<\/em><\/li>\n<li><em>Nuuanu Pali<\/em><\/li>\n<li><em>Templo Byodo-In. Ticket de entrada incluido.<\/em><\/li>\n<li><em>Sombrero de Chinaman<\/em><\/li>\n<li><em>Bah\u00eda Malaekahana<\/em><\/li>\n<li><em>Granjas Kahuku. Parada perfecta para almorzar y puedes probar los famosos camiones camaroneros.<\/em><\/li>\n<li><em>Arboreto y Jard\u00edn Bot\u00e1nico de Waimea. Ticket de entrada incluido.<\/em><\/li>\n<li><em>Plantaci\u00f3n Dole Mucho m\u00e1s<\/em><\/li>\n<\/ul>\n<p>Esta es una experiencia completa que incluir\u00e1 tambi\u00e9n la visita de la Cascada.<\/p>\n<p>\u00a1Nuestros expertos privados de Tour Travel &amp; More est\u00e1n aqu\u00ed para hacer que su experiencia sea \u00fanica!<\/p>\n<p>Tenga una vista de nuestros otros tours privados de Hawai.<\/p>\n<p><a href=\"https:\/\/tourtravelandmore.com\/es\/ciudad\/eeuu-es\/hawaii-es\/\" target=\"_blank\" rel=\"noopener noreferrer\">\u00a1Ofrecemos tours privados en todas las islas y ciudades de Haw\u00e1i y el resto del mundo!<\/a><\/p>\n","protected":false},"excerpt":{"rendered":"<div id=\"tw-target-text-container\" class=\"tw-ta-container hide-focus-ring tw-nfl\" tabindex=\"0\">\n<p id=\"tw-target-text\" class=\"tw-data-text tw-text-large XcVN5d tw-ta\" dir=\"ltr\" data-placeholder=\"Traducci\u00f3n\"><span lang=\"es\">\u00danase a nosotros en este <strong>tour privado a la isla de la cascada en Oahu<\/strong> y tenga la oportunidad de disfrutar de la mejor parte de Honolulu en Oahu.<\/span><\/p>\n<\/div>\n<div id=\"tw-images\"><\/div>\n<div class=\"dURPtb\">\n<div>\n<div><\/div>\n<\/div>\n<\/div>\n","protected":false},"featured_media":85883,"comment_status":"open","ping_status":"closed","template":"","meta":{"_acf_changed":false},"product_brand":[],"product_cat":[1602,2709,2715],"product_tag":[],"class_list":{"0":"post-86022","1":"product","2":"type-product","3":"status-publish","4":"has-post-thumbnail","6":"product_cat-eeuu-es","7":"product_cat-hawaii-es","8":"product_cat-oahu-es","10":"first","11":"instock","12":"shipping-taxable","13":"purchasable","14":"product-type-simple"},"acf":[],"yoast_head":"<!-- This site is optimized with the Yoast SEO Premium plugin v25.3.1 (Yoast SEO v25.3.1) - https:\/\/yoast.com\/wordpress\/plugins\/seo\/ -->\n<title>Tour privado a la isla de la cascada en Oahu | Tour Travel &amp; More<\/title>\n<meta name=\"description\" content=\"\u2192 Reserve este Tour Privado a la Isla de la Cascada en Oahu ycon chofer y guia privado | Una experiencia privada verdaderamente maravillosa \u2705\" \/>\n<meta name=\"robots\" content=\"index, follow, max-snippet:-1, max-image-preview:large, max-video-preview:-1\" \/>\n<link rel=\"canonical\" href=\"https:\/\/tourtravelandmore.com\/es\/tours\/eeuu-es\/hawaii-es\/oahu-es\/tour-privado-a-la-isla-de-la-cascada-en-oahu\/\" \/>\n<meta property=\"og:locale\" content=\"es_ES\" \/>\n<meta property=\"og:type\" content=\"article\" \/>\n<meta property=\"og:title\" content=\"Tour privado a la isla de la cascada en Oahu\" \/>\n<meta property=\"og:description\" content=\"\u2192 Reserve este Tour Privado a la Isla de la Cascada en Oahu ycon chofer y guia privado | Una experiencia privada verdaderamente maravillosa \u2705\" \/>\n<meta property=\"og:url\" content=\"https:\/\/tourtravelandmore.com\/es\/tours\/eeuu-es\/hawaii-es\/oahu-es\/tour-privado-a-la-isla-de-la-cascada-en-oahu\/\" \/>\n<meta property=\"og:site_name\" content=\"Tour Travel And More\" \/>\n<meta property=\"article:publisher\" content=\"https:\/\/www.facebook.com\/tourtravelandmore\/\" \/>\n<meta property=\"article:modified_time\" content=\"2021-05-17T08:21:01+00:00\" \/>\n<meta property=\"og:image\" content=\"https:\/\/tourtravelandmore.com\/wp-content\/uploads\/2020\/11\/oahu-6-683x1024.jpg\" \/>\n\t<meta property=\"og:image:width\" content=\"683\" \/>\n\t<meta property=\"og:image:height\" content=\"1024\" \/>\n\t<meta property=\"og:image:type\" content=\"image\/jpeg\" \/>\n<meta name=\"twitter:card\" content=\"summary_large_image\" \/>\n<meta name=\"twitter:site\" content=\"@TourTravel_More\" \/>\n<meta name=\"twitter:label1\" content=\"Tiempo de lectura\" \/>\n\t<meta name=\"twitter:data1\" content=\"2 minutos\" \/>\n<script type=\"application\/ld+json\" class=\"yoast-schema-graph\">{\"@context\":\"https:\/\/schema.org\",\"@graph\":[{\"@type\":\"WebPage\",\"@id\":\"https:\/\/tourtravelandmore.com\/es\/tours\/eeuu-es\/hawaii-es\/oahu-es\/tour-privado-a-la-isla-de-la-cascada-en-oahu\/\",\"url\":\"https:\/\/tourtravelandmore.com\/es\/tours\/eeuu-es\/hawaii-es\/oahu-es\/tour-privado-a-la-isla-de-la-cascada-en-oahu\/\",\"name\":\"Tour privado a la isla de la cascada en Oahu | Tour Travel & More\",\"isPartOf\":{\"@id\":\"https:\/\/tourtravelandmore.com\/es\/#website\"},\"primaryImageOfPage\":{\"@id\":\"https:\/\/tourtravelandmore.com\/es\/tours\/eeuu-es\/hawaii-es\/oahu-es\/tour-privado-a-la-isla-de-la-cascada-en-oahu\/#primaryimage\"},\"image\":{\"@id\":\"https:\/\/tourtravelandmore.com\/es\/tours\/eeuu-es\/hawaii-es\/oahu-es\/tour-privado-a-la-isla-de-la-cascada-en-oahu\/#primaryimage\"},\"thumbnailUrl\":\"https:\/\/tourtravelandmore.com\/wp-content\/uploads\/2020\/11\/oahu-6.jpg\",\"datePublished\":\"2020-11-03T12:26:58+00:00\",\"dateModified\":\"2021-05-17T08:21:01+00:00\",\"description\":\"\u2192 Reserve este Tour Privado a la Isla de la Cascada en Oahu ycon chofer y guia privado | Una experiencia privada verdaderamente maravillosa \u2705\",\"breadcrumb\":{\"@id\":\"https:\/\/tourtravelandmore.com\/es\/tours\/eeuu-es\/hawaii-es\/oahu-es\/tour-privado-a-la-isla-de-la-cascada-en-oahu\/#breadcrumb\"},\"inLanguage\":\"es\",\"potentialAction\":[{\"@type\":\"ReadAction\",\"target\":[\"https:\/\/tourtravelandmore.com\/es\/tours\/eeuu-es\/hawaii-es\/oahu-es\/tour-privado-a-la-isla-de-la-cascada-en-oahu\/\"]}]},{\"@type\":\"ImageObject\",\"inLanguage\":\"es\",\"@id\":\"https:\/\/tourtravelandmore.com\/es\/tours\/eeuu-es\/hawaii-es\/oahu-es\/tour-privado-a-la-isla-de-la-cascada-en-oahu\/#primaryimage\",\"url\":\"https:\/\/tourtravelandmore.com\/wp-content\/uploads\/2020\/11\/oahu-6.jpg\",\"contentUrl\":\"https:\/\/tourtravelandmore.com\/wp-content\/uploads\/2020\/11\/oahu-6.jpg\",\"width\":5304,\"height\":7952},{\"@type\":\"BreadcrumbList\",\"@id\":\"https:\/\/tourtravelandmore.com\/es\/tours\/eeuu-es\/hawaii-es\/oahu-es\/tour-privado-a-la-isla-de-la-cascada-en-oahu\/#breadcrumb\",\"itemListElement\":[{\"@type\":\"ListItem\",\"position\":1,\"name\":\"Home\",\"item\":\"https:\/\/tourtravelandmore.com\/es\/\"},{\"@type\":\"ListItem\",\"position\":2,\"name\":\"Tours\",\"item\":\"https:\/\/tourtravelandmore.com\/es\/tours\/\"},{\"@type\":\"ListItem\",\"position\":3,\"name\":\"Tour privado a la isla de la cascada en Oahu\"}]},{\"@type\":\"WebSite\",\"@id\":\"https:\/\/tourtravelandmore.com\/es\/#website\",\"url\":\"https:\/\/tourtravelandmore.com\/es\/\",\"name\":\"Tour Travel And More\",\"description\":\"Private sightseeing tours and luxury transfers in Spain\",\"publisher\":{\"@id\":\"https:\/\/tourtravelandmore.com\/es\/#organization\"},\"potentialAction\":[{\"@type\":\"SearchAction\",\"target\":{\"@type\":\"EntryPoint\",\"urlTemplate\":\"https:\/\/tourtravelandmore.com\/es\/?s={search_term_string}\"},\"query-input\":{\"@type\":\"PropertyValueSpecification\",\"valueRequired\":true,\"valueName\":\"search_term_string\"}}],\"inLanguage\":\"es\"},{\"@type\":\"Organization\",\"@id\":\"https:\/\/tourtravelandmore.com\/es\/#organization\",\"name\":\"Tour Travel And More\",\"url\":\"https:\/\/tourtravelandmore.com\/es\/\",\"logo\":{\"@type\":\"ImageObject\",\"inLanguage\":\"es\",\"@id\":\"https:\/\/tourtravelandmore.com\/es\/#\/schema\/logo\/image\/\",\"url\":\"https:\/\/tourtravelandmore.com\/wp-content\/uploads\/2022\/12\/cropped-logo-cabecera-new.png\",\"contentUrl\":\"https:\/\/tourtravelandmore.com\/wp-content\/uploads\/2022\/12\/cropped-logo-cabecera-new.png\",\"width\":430,\"height\":61,\"caption\":\"Tour Travel And More\"},\"image\":{\"@id\":\"https:\/\/tourtravelandmore.com\/es\/#\/schema\/logo\/image\/\"},\"sameAs\":[\"https:\/\/www.facebook.com\/tourtravelandmore\/\",\"https:\/\/x.com\/TourTravel_More\"]}]}<\/script>\n<!-- \/ Yoast SEO Premium plugin. -->","yoast_head_json":{"title":"Tour privado a la isla de la cascada en Oahu | Tour Travel & More","description":"\u2192 Reserve este Tour Privado a la Isla de la Cascada en Oahu ycon chofer y guia privado | Una experiencia privada verdaderamente maravillosa \u2705","robots":{"index":"index","follow":"follow","max-snippet":"max-snippet:-1","max-image-preview":"max-image-preview:large","max-video-preview":"max-video-preview:-1"},"canonical":"https:\/\/tourtravelandmore.com\/es\/tours\/eeuu-es\/hawaii-es\/oahu-es\/tour-privado-a-la-isla-de-la-cascada-en-oahu\/","og_locale":"es_ES","og_type":"article","og_title":"Tour privado a la isla de la cascada en Oahu","og_description":"\u2192 Reserve este Tour Privado a la Isla de la Cascada en Oahu ycon chofer y guia privado | Una experiencia privada verdaderamente maravillosa \u2705","og_url":"https:\/\/tourtravelandmore.com\/es\/tours\/eeuu-es\/hawaii-es\/oahu-es\/tour-privado-a-la-isla-de-la-cascada-en-oahu\/","og_site_name":"Tour Travel And More","article_publisher":"https:\/\/www.facebook.com\/tourtravelandmore\/","article_modified_time":"2021-05-17T08:21:01+00:00","og_image":[{"width":683,"height":1024,"url":"https:\/\/tourtravelandmore.com\/wp-content\/uploads\/2020\/11\/oahu-6-683x1024.jpg","type":"image\/jpeg"}],"twitter_card":"summary_large_image","twitter_site":"@TourTravel_More","twitter_misc":{"Tiempo de lectura":"2 minutos"},"schema":{"@context":"https:\/\/schema.org","@graph":[{"@type":"WebPage","@id":"https:\/\/tourtravelandmore.com\/es\/tours\/eeuu-es\/hawaii-es\/oahu-es\/tour-privado-a-la-isla-de-la-cascada-en-oahu\/","url":"https:\/\/tourtravelandmore.com\/es\/tours\/eeuu-es\/hawaii-es\/oahu-es\/tour-privado-a-la-isla-de-la-cascada-en-oahu\/","name":"Tour privado a la isla de la cascada en Oahu | Tour Travel & More","isPartOf":{"@id":"https:\/\/tourtravelandmore.com\/es\/#website"},"primaryImageOfPage":{"@id":"https:\/\/tourtravelandmore.com\/es\/tours\/eeuu-es\/hawaii-es\/oahu-es\/tour-privado-a-la-isla-de-la-cascada-en-oahu\/#primaryimage"},"image":{"@id":"https:\/\/tourtravelandmore.com\/es\/tours\/eeuu-es\/hawaii-es\/oahu-es\/tour-privado-a-la-isla-de-la-cascada-en-oahu\/#primaryimage"},"thumbnailUrl":"https:\/\/tourtravelandmore.com\/wp-content\/uploads\/2020\/11\/oahu-6.jpg","datePublished":"2020-11-03T12:26:58+00:00","dateModified":"2021-05-17T08:21:01+00:00","description":"\u2192 Reserve este Tour Privado a la Isla de la Cascada en Oahu ycon chofer y guia privado | Una experiencia privada verdaderamente maravillosa \u2705","breadcrumb":{"@id":"https:\/\/tourtravelandmore.com\/es\/tours\/eeuu-es\/hawaii-es\/oahu-es\/tour-privado-a-la-isla-de-la-cascada-en-oahu\/#breadcrumb"},"inLanguage":"es","potentialAction":[{"@type":"ReadAction","target":["https:\/\/tourtravelandmore.com\/es\/tours\/eeuu-es\/hawaii-es\/oahu-es\/tour-privado-a-la-isla-de-la-cascada-en-oahu\/"]}]},{"@type":"ImageObject","inLanguage":"es","@id":"https:\/\/tourtravelandmore.com\/es\/tours\/eeuu-es\/hawaii-es\/oahu-es\/tour-privado-a-la-isla-de-la-cascada-en-oahu\/#primaryimage","url":"https:\/\/tourtravelandmore.com\/wp-content\/uploads\/2020\/11\/oahu-6.jpg","contentUrl":"https:\/\/tourtravelandmore.com\/wp-content\/uploads\/2020\/11\/oahu-6.jpg","width":5304,"height":7952},{"@type":"BreadcrumbList","@id":"https:\/\/tourtravelandmore.com\/es\/tours\/eeuu-es\/hawaii-es\/oahu-es\/tour-privado-a-la-isla-de-la-cascada-en-oahu\/#breadcrumb","itemListElement":[{"@type":"ListItem","position":1,"name":"Home","item":"https:\/\/tourtravelandmore.com\/es\/"},{"@type":"ListItem","position":2,"name":"Tours","item":"https:\/\/tourtravelandmore.com\/es\/tours\/"},{"@type":"ListItem","position":3,"name":"Tour privado a la isla de la cascada en Oahu"}]},{"@type":"WebSite","@id":"https:\/\/tourtravelandmore.com\/es\/#website","url":"https:\/\/tourtravelandmore.com\/es\/","name":"Tour Travel And More","description":"Private sightseeing tours and luxury transfers in Spain","publisher":{"@id":"https:\/\/tourtravelandmore.com\/es\/#organization"},"potentialAction":[{"@type":"SearchAction","target":{"@type":"EntryPoint","urlTemplate":"https:\/\/tourtravelandmore.com\/es\/?s={search_term_string}"},"query-input":{"@type":"PropertyValueSpecification","valueRequired":true,"valueName":"search_term_string"}}],"inLanguage":"es"},{"@type":"Organization","@id":"https:\/\/tourtravelandmore.com\/es\/#organization","name":"Tour Travel And More","url":"https:\/\/tourtravelandmore.com\/es\/","logo":{"@type":"ImageObject","inLanguage":"es","@id":"https:\/\/tourtravelandmore.com\/es\/#\/schema\/logo\/image\/","url":"https:\/\/tourtravelandmore.com\/wp-content\/uploads\/2022\/12\/cropped-logo-cabecera-new.png","contentUrl":"https:\/\/tourtravelandmore.com\/wp-content\/uploads\/2022\/12\/cropped-logo-cabecera-new.png","width":430,"height":61,"caption":"Tour Travel And More"},"image":{"@id":"https:\/\/tourtravelandmore.com\/es\/#\/schema\/logo\/image\/"},"sameAs":["https:\/\/www.facebook.com\/tourtravelandmore\/","https:\/\/x.com\/TourTravel_More"]}]}},"_links":{"self":[{"href":"https:\/\/tourtravelandmore.com\/es\/wp-json\/wp\/v2\/product\/86022","targetHints":{"allow":["GET"]}}],"collection":[{"href":"https:\/\/tourtravelandmore.com\/es\/wp-json\/wp\/v2\/product"}],"about":[{"href":"https:\/\/tourtravelandmore.com\/es\/wp-json\/wp\/v2\/types\/product"}],"replies":[{"embeddable":true,"href":"https:\/\/tourtravelandmore.com\/es\/wp-json\/wp\/v2\/comments?post=86022"}],"wp:featuredmedia":[{"embeddable":true,"href":"https:\/\/tourtravelandmore.com\/es\/wp-json\/wp\/v2\/media\/85883"}],"wp:attachment":[{"href":"https:\/\/tourtravelandmore.com\/es\/wp-json\/wp\/v2\/media?parent=86022"}],"wp:term":[{"taxonomy":"product_brand","embeddable":true,"href":"https:\/\/tourtravelandmore.com\/es\/wp-json\/wp\/v2\/product_brand?post=86022"},{"taxonomy":"product_cat","embeddable":true,"href":"https:\/\/tourtravelandmore.com\/es\/wp-json\/wp\/v2\/product_cat?post=86022"},{"taxonomy":"product_tag","embeddable":true,"href":"https:\/\/tourtravelandmore.com\/es\/wp-json\/wp\/v2\/product_tag?post=86022"}],"curies":[{"name":"wp","href":"https:\/\/api.w.org\/{rel}","templated":true}]}}