{"id":86020,"date":"2020-11-03T12:45:21","date_gmt":"2020-11-03T11:45:21","guid":{"rendered":"https:\/\/tourtravelandmore.com\/tours\/sin%20categor\u00eda\/tour-privado-de-honolulu-y-waikiki\/"},"modified":"2021-05-17T10:12:32","modified_gmt":"2021-05-17T08:12:32","slug":"tour-privado-de-honolulu-y-waikiki","status":"publish","type":"product","link":"https:\/\/tourtravelandmore.com\/es\/tours\/eeuu-es\/hawaii-es\/oahu-es\/tour-privado-de-honolulu-y-waikiki\/","title":{"rendered":"Tour privado de Honolulu y Waikiki"},"content":{"rendered":"<h2 id=\"tw-target-text\" class=\"tw-data-text tw-text-large XcVN5d tw-ta\" dir=\"ltr\" data-placeholder=\"Traducci\u00f3n\"><span lang=\"es\">Descripci\u00f3n del Tour Privado en Honolul\u00fa &amp; Waikiki<\/span><\/h2>\n<p class=\"tw-data-text tw-text-large XcVN5d tw-ta\" dir=\"ltr\" data-placeholder=\"Traducci\u00f3n\"><span lang=\"es\">\u00a1Este tour privado de Honolul\u00fa y Waikiki le brindar\u00e1 una gran experiencia del centro de la ciudad y el centro de Honolul\u00fa y el famoso Waikiki! <\/span><\/p>\n<p class=\"tw-data-text tw-text-large XcVN5d tw-ta\" dir=\"ltr\" data-placeholder=\"Traducci\u00f3n\"><span lang=\"es\">Despu\u00e9s de una c\u00f3moda recogida, comenzaremos este tour privado de Honolul\u00fa y Waikiki. <\/span><\/p>\n<p class=\"tw-data-text tw-text-large XcVN5d tw-ta\" dir=\"ltr\" data-placeholder=\"Traducci\u00f3n\"><span lang=\"es\">Conociendo el centro de la ciudad y lo mejor del centro de Oahu. Oahu y todo Haw\u00e1i siempre tienen recorridos de aventura, esta vez podemos llevarlo a este Tour privado de Honolul\u00fa y Waikiki para otro tipo de experiencia. <\/span><\/p>\n<p class=\"tw-data-text tw-text-large XcVN5d tw-ta\" dir=\"ltr\" data-placeholder=\"Traducci\u00f3n\"><span lang=\"es\">\u00a1Organizaremos lo mejor de este tour y de la ciudad de Oahu! \u00a1Eche un vistazo a lo que podemos ofrecerle! <\/span><\/p>\n<h2 class=\"tw-data-text tw-text-large XcVN5d tw-ta\" dir=\"ltr\" data-placeholder=\"Traducci\u00f3n\"><span lang=\"es\">Itinerario del Tour en Honolul\u00fa &amp; Waikiki<\/span><\/h2>\n<p class=\"tw-data-text tw-text-large XcVN5d tw-ta\" dir=\"ltr\" data-placeholder=\"Traducci\u00f3n\"><span lang=\"es\">Comprueba lo que puedes disfrutar en este tour privado en Honolul\u00fa y el centro. <\/span><\/p>\n<p class=\"tw-data-text tw-text-large XcVN5d tw-ta\" dir=\"ltr\" data-placeholder=\"Traducci\u00f3n\"><span lang=\"es\">Waikiki tambi\u00e9n es una experiencia maravillosa para disfrutar en Oahu.<\/span><\/p>\n<h2 class=\"tw-data-text tw-text-large XcVN5d tw-ta\" dir=\"ltr\" data-placeholder=\"Traducci\u00f3n\"><span lang=\"es\">Puntos de inter\u00e9s en Honolul\u00fa &amp; Waikiki<\/span><\/h2>\n<p class=\"tw-data-text tw-text-large XcVN5d tw-ta\" dir=\"ltr\" data-placeholder=\"Traducci\u00f3n\"><em><strong><span lang=\"es\">En primer lugar, entre otros, eche un vistazo a: <\/span><\/strong><\/em><\/p>\n<ul>\n<li class=\"tw-data-text tw-text-large XcVN5d tw-ta\" dir=\"ltr\" data-placeholder=\"Traducci\u00f3n\"><em><span lang=\"es\">Palacio Iolani. El Palacio Iolani es el \u00fanico Palacio Real de Haw\u00e1i. \u00a1Eche un vistazo en la base del programa de televisi\u00f3n Hawaii Five O que ha sido tan famoso en todo el mundo! Observe los artefactos ocultos en el interior e incluso m\u00e1s recuerdos que puede llevarse a casa desde el barco de regalos. <\/span><\/em><\/li>\n<li class=\"tw-data-text tw-text-large XcVN5d tw-ta\" dir=\"ltr\" data-placeholder=\"Traducci\u00f3n\"><em><span lang=\"es\">Estatua del rey Kamehameha I. El rey Kamehameha fue responsable de la unificaci\u00f3n de las islas hawaianas en una sola regla. Encuentra esta estatua de bronce frente al Palacio Iolani. <\/span><\/em><\/li>\n<li class=\"tw-data-text tw-text-large XcVN5d tw-ta\" dir=\"ltr\" data-placeholder=\"Traducci\u00f3n\"><em><span lang=\"es\">Cementerio Memorial Nacional del Pac\u00edfico barrio chino <\/span><\/em><\/li>\n<li class=\"tw-data-text tw-text-large XcVN5d tw-ta\" dir=\"ltr\" data-placeholder=\"Traducci\u00f3n\"><em><span lang=\"es\">Distrito de Kaka&#8217;oko. <\/span><\/em><\/li>\n<li class=\"tw-data-text tw-text-large XcVN5d tw-ta\" dir=\"ltr\" data-placeholder=\"Traducci\u00f3n\"><em><span lang=\"es\">Ribera del estado de Nu\u2018uanu Pali <\/span><\/em><\/li>\n<\/ul>\n<p><span lang=\"es\">Despu\u00e9s de Honolul\u00fa, tambi\u00e9n incluiremos una visita a Waikiki. <\/span><\/p>\n<p><span lang=\"es\">Pasee por los numerosos hoteles como Westin Resort, Sheraton Waikikis Journey &#8230; <\/span><\/p>\n<p><span lang=\"es\">Tenga una vista en los numerosos alojamientos que se pueden ofrecer en Waikiki Museo del Ej\u00e9rcito de Estados Unidos. <\/span><\/p>\n<p><span lang=\"es\">Tiene vista exterior y si desea entrar, la entrada es gratuita. <\/span><\/p>\n<p><span lang=\"es\">Piedras curativas, Kapaemahu y\u00a0<\/span><span lang=\"es\">Estatua del duque Kahanamoku.<\/span><\/p>\n<p><span lang=\"es\">Esto y mucho m\u00e1s se puede disfrutar en nuestro Tour privado de Honolul\u00fa y Waikiki. <\/span><\/p>\n<p><span lang=\"es\">Finalmente, lo dejaremos en su hotel o lugar de elecci\u00f3n en Honolul\u00fa, Waikiki u Oahu. <\/span><\/p>\n<p><a href=\"https:\/\/tourtravelandmore.com\/es\/ciudad\/eeuu-es\/hawaii-es\/\" target=\"_blank\" rel=\"noopener noreferrer\"><span lang=\"es\">\u00a1No te pierdas nuestras experiencias privadas en Haw\u00e1i aqu\u00ed!<\/span><\/a><\/p>\n","protected":false},"excerpt":{"rendered":"<p id=\"tw-target-text\" class=\"tw-data-text tw-text-large XcVN5d tw-ta\" dir=\"ltr\" data-placeholder=\"Traducci\u00f3n\"><span lang=\"es\">\u00danase a nosotros en este<strong> tour privado de lujo en Honolulu y Waikiki<\/strong> y tenga la oportunidad de disfrutar de la parte hist\u00f3rica de Honolulu en Oahu y Waikiki. Una experiencia privada verdaderamente asombrosa.<\/span><\/p>\n","protected":false},"featured_media":85938,"comment_status":"open","ping_status":"closed","template":"","meta":{"_acf_changed":false},"product_brand":[],"product_cat":[1602,2709,2715],"product_tag":[],"class_list":{"0":"post-86020","1":"product","2":"type-product","3":"status-publish","4":"has-post-thumbnail","6":"product_cat-eeuu-es","7":"product_cat-hawaii-es","8":"product_cat-oahu-es","10":"first","11":"instock","12":"shipping-taxable","13":"purchasable","14":"product-type-simple"},"acf":[],"yoast_head":"<!-- This site is optimized with the Yoast SEO Premium plugin v25.3.1 (Yoast SEO v25.3.1) - https:\/\/yoast.com\/wordpress\/plugins\/seo\/ -->\n<title>Tour privado de Honolulu y Waikiki | Tour Travel &amp; More<\/title>\n<meta name=\"description\" content=\"\u2192 Reserve este tour privado de Honolulu y Waikiki con chofer y guia privado | Una experiencia privada verdaderamente asombrosa \u2705\" \/>\n<meta name=\"robots\" content=\"index, follow, max-snippet:-1, max-image-preview:large, max-video-preview:-1\" \/>\n<link rel=\"canonical\" href=\"https:\/\/tourtravelandmore.com\/es\/tours\/eeuu-es\/hawaii-es\/oahu-es\/tour-privado-de-honolulu-y-waikiki\/\" \/>\n<meta property=\"og:locale\" content=\"es_ES\" \/>\n<meta property=\"og:type\" content=\"article\" \/>\n<meta property=\"og:title\" content=\"Tour privado de Honolulu y Waikiki\" \/>\n<meta property=\"og:description\" content=\"\u2192 Reserve este tour privado de Honolulu y Waikiki con chofer y guia privado | Una experiencia privada verdaderamente asombrosa \u2705\" \/>\n<meta property=\"og:url\" content=\"https:\/\/tourtravelandmore.com\/es\/tours\/eeuu-es\/hawaii-es\/oahu-es\/tour-privado-de-honolulu-y-waikiki\/\" \/>\n<meta property=\"og:site_name\" content=\"Tour Travel And More\" \/>\n<meta property=\"article:publisher\" content=\"https:\/\/www.facebook.com\/tourtravelandmore\/\" \/>\n<meta property=\"article:modified_time\" content=\"2021-05-17T08:12:32+00:00\" \/>\n<meta property=\"og:image\" content=\"https:\/\/tourtravelandmore.com\/wp-content\/uploads\/2020\/11\/honolulu-scaled.jpg\" \/>\n\t<meta property=\"og:image:width\" content=\"2560\" \/>\n\t<meta property=\"og:image:height\" content=\"1707\" \/>\n\t<meta property=\"og:image:type\" content=\"image\/jpeg\" \/>\n<meta name=\"twitter:card\" content=\"summary_large_image\" \/>\n<meta name=\"twitter:site\" content=\"@TourTravel_More\" \/>\n<meta name=\"twitter:label1\" content=\"Tiempo de lectura\" \/>\n\t<meta name=\"twitter:data1\" content=\"2 minutos\" \/>\n<script type=\"application\/ld+json\" class=\"yoast-schema-graph\">{\"@context\":\"https:\/\/schema.org\",\"@graph\":[{\"@type\":\"WebPage\",\"@id\":\"https:\/\/tourtravelandmore.com\/es\/tours\/eeuu-es\/hawaii-es\/oahu-es\/tour-privado-de-honolulu-y-waikiki\/\",\"url\":\"https:\/\/tourtravelandmore.com\/es\/tours\/eeuu-es\/hawaii-es\/oahu-es\/tour-privado-de-honolulu-y-waikiki\/\",\"name\":\"Tour privado de Honolulu y Waikiki | Tour Travel & More\",\"isPartOf\":{\"@id\":\"https:\/\/tourtravelandmore.com\/es\/#website\"},\"primaryImageOfPage\":{\"@id\":\"https:\/\/tourtravelandmore.com\/es\/tours\/eeuu-es\/hawaii-es\/oahu-es\/tour-privado-de-honolulu-y-waikiki\/#primaryimage\"},\"image\":{\"@id\":\"https:\/\/tourtravelandmore.com\/es\/tours\/eeuu-es\/hawaii-es\/oahu-es\/tour-privado-de-honolulu-y-waikiki\/#primaryimage\"},\"thumbnailUrl\":\"https:\/\/tourtravelandmore.com\/wp-content\/uploads\/2020\/11\/honolulu-scaled.jpg\",\"datePublished\":\"2020-11-03T11:45:21+00:00\",\"dateModified\":\"2021-05-17T08:12:32+00:00\",\"description\":\"\u2192 Reserve este tour privado de Honolulu y Waikiki con chofer y guia privado | Una experiencia privada verdaderamente asombrosa \u2705\",\"breadcrumb\":{\"@id\":\"https:\/\/tourtravelandmore.com\/es\/tours\/eeuu-es\/hawaii-es\/oahu-es\/tour-privado-de-honolulu-y-waikiki\/#breadcrumb\"},\"inLanguage\":\"es\",\"potentialAction\":[{\"@type\":\"ReadAction\",\"target\":[\"https:\/\/tourtravelandmore.com\/es\/tours\/eeuu-es\/hawaii-es\/oahu-es\/tour-privado-de-honolulu-y-waikiki\/\"]}]},{\"@type\":\"ImageObject\",\"inLanguage\":\"es\",\"@id\":\"https:\/\/tourtravelandmore.com\/es\/tours\/eeuu-es\/hawaii-es\/oahu-es\/tour-privado-de-honolulu-y-waikiki\/#primaryimage\",\"url\":\"https:\/\/tourtravelandmore.com\/wp-content\/uploads\/2020\/11\/honolulu-scaled.jpg\",\"contentUrl\":\"https:\/\/tourtravelandmore.com\/wp-content\/uploads\/2020\/11\/honolulu-scaled.jpg\",\"width\":2560,\"height\":1707},{\"@type\":\"BreadcrumbList\",\"@id\":\"https:\/\/tourtravelandmore.com\/es\/tours\/eeuu-es\/hawaii-es\/oahu-es\/tour-privado-de-honolulu-y-waikiki\/#breadcrumb\",\"itemListElement\":[{\"@type\":\"ListItem\",\"position\":1,\"name\":\"Home\",\"item\":\"https:\/\/tourtravelandmore.com\/es\/\"},{\"@type\":\"ListItem\",\"position\":2,\"name\":\"Tours\",\"item\":\"https:\/\/tourtravelandmore.com\/es\/tours\/\"},{\"@type\":\"ListItem\",\"position\":3,\"name\":\"Tour privado de Honolulu y Waikiki\"}]},{\"@type\":\"WebSite\",\"@id\":\"https:\/\/tourtravelandmore.com\/es\/#website\",\"url\":\"https:\/\/tourtravelandmore.com\/es\/\",\"name\":\"Tour Travel And More\",\"description\":\"Private sightseeing tours and luxury transfers in Spain\",\"publisher\":{\"@id\":\"https:\/\/tourtravelandmore.com\/es\/#organization\"},\"potentialAction\":[{\"@type\":\"SearchAction\",\"target\":{\"@type\":\"EntryPoint\",\"urlTemplate\":\"https:\/\/tourtravelandmore.com\/es\/?s={search_term_string}\"},\"query-input\":{\"@type\":\"PropertyValueSpecification\",\"valueRequired\":true,\"valueName\":\"search_term_string\"}}],\"inLanguage\":\"es\"},{\"@type\":\"Organization\",\"@id\":\"https:\/\/tourtravelandmore.com\/es\/#organization\",\"name\":\"Tour Travel And More\",\"url\":\"https:\/\/tourtravelandmore.com\/es\/\",\"logo\":{\"@type\":\"ImageObject\",\"inLanguage\":\"es\",\"@id\":\"https:\/\/tourtravelandmore.com\/es\/#\/schema\/logo\/image\/\",\"url\":\"https:\/\/tourtravelandmore.com\/wp-content\/uploads\/2022\/12\/cropped-logo-cabecera-new.png\",\"contentUrl\":\"https:\/\/tourtravelandmore.com\/wp-content\/uploads\/2022\/12\/cropped-logo-cabecera-new.png\",\"width\":430,\"height\":61,\"caption\":\"Tour Travel And More\"},\"image\":{\"@id\":\"https:\/\/tourtravelandmore.com\/es\/#\/schema\/logo\/image\/\"},\"sameAs\":[\"https:\/\/www.facebook.com\/tourtravelandmore\/\",\"https:\/\/x.com\/TourTravel_More\"]}]}<\/script>\n<!-- \/ Yoast SEO Premium plugin. -->","yoast_head_json":{"title":"Tour privado de Honolulu y Waikiki | Tour Travel & More","description":"\u2192 Reserve este tour privado de Honolulu y Waikiki con chofer y guia privado | Una experiencia privada verdaderamente asombrosa \u2705","robots":{"index":"index","follow":"follow","max-snippet":"max-snippet:-1","max-image-preview":"max-image-preview:large","max-video-preview":"max-video-preview:-1"},"canonical":"https:\/\/tourtravelandmore.com\/es\/tours\/eeuu-es\/hawaii-es\/oahu-es\/tour-privado-de-honolulu-y-waikiki\/","og_locale":"es_ES","og_type":"article","og_title":"Tour privado de Honolulu y Waikiki","og_description":"\u2192 Reserve este tour privado de Honolulu y Waikiki con chofer y guia privado | Una experiencia privada verdaderamente asombrosa \u2705","og_url":"https:\/\/tourtravelandmore.com\/es\/tours\/eeuu-es\/hawaii-es\/oahu-es\/tour-privado-de-honolulu-y-waikiki\/","og_site_name":"Tour Travel And More","article_publisher":"https:\/\/www.facebook.com\/tourtravelandmore\/","article_modified_time":"2021-05-17T08:12:32+00:00","og_image":[{"width":2560,"height":1707,"url":"https:\/\/tourtravelandmore.com\/wp-content\/uploads\/2020\/11\/honolulu-scaled.jpg","type":"image\/jpeg"}],"twitter_card":"summary_large_image","twitter_site":"@TourTravel_More","twitter_misc":{"Tiempo de lectura":"2 minutos"},"schema":{"@context":"https:\/\/schema.org","@graph":[{"@type":"WebPage","@id":"https:\/\/tourtravelandmore.com\/es\/tours\/eeuu-es\/hawaii-es\/oahu-es\/tour-privado-de-honolulu-y-waikiki\/","url":"https:\/\/tourtravelandmore.com\/es\/tours\/eeuu-es\/hawaii-es\/oahu-es\/tour-privado-de-honolulu-y-waikiki\/","name":"Tour privado de Honolulu y Waikiki | Tour Travel & More","isPartOf":{"@id":"https:\/\/tourtravelandmore.com\/es\/#website"},"primaryImageOfPage":{"@id":"https:\/\/tourtravelandmore.com\/es\/tours\/eeuu-es\/hawaii-es\/oahu-es\/tour-privado-de-honolulu-y-waikiki\/#primaryimage"},"image":{"@id":"https:\/\/tourtravelandmore.com\/es\/tours\/eeuu-es\/hawaii-es\/oahu-es\/tour-privado-de-honolulu-y-waikiki\/#primaryimage"},"thumbnailUrl":"https:\/\/tourtravelandmore.com\/wp-content\/uploads\/2020\/11\/honolulu-scaled.jpg","datePublished":"2020-11-03T11:45:21+00:00","dateModified":"2021-05-17T08:12:32+00:00","description":"\u2192 Reserve este tour privado de Honolulu y Waikiki con chofer y guia privado | Una experiencia privada verdaderamente asombrosa \u2705","breadcrumb":{"@id":"https:\/\/tourtravelandmore.com\/es\/tours\/eeuu-es\/hawaii-es\/oahu-es\/tour-privado-de-honolulu-y-waikiki\/#breadcrumb"},"inLanguage":"es","potentialAction":[{"@type":"ReadAction","target":["https:\/\/tourtravelandmore.com\/es\/tours\/eeuu-es\/hawaii-es\/oahu-es\/tour-privado-de-honolulu-y-waikiki\/"]}]},{"@type":"ImageObject","inLanguage":"es","@id":"https:\/\/tourtravelandmore.com\/es\/tours\/eeuu-es\/hawaii-es\/oahu-es\/tour-privado-de-honolulu-y-waikiki\/#primaryimage","url":"https:\/\/tourtravelandmore.com\/wp-content\/uploads\/2020\/11\/honolulu-scaled.jpg","contentUrl":"https:\/\/tourtravelandmore.com\/wp-content\/uploads\/2020\/11\/honolulu-scaled.jpg","width":2560,"height":1707},{"@type":"BreadcrumbList","@id":"https:\/\/tourtravelandmore.com\/es\/tours\/eeuu-es\/hawaii-es\/oahu-es\/tour-privado-de-honolulu-y-waikiki\/#breadcrumb","itemListElement":[{"@type":"ListItem","position":1,"name":"Home","item":"https:\/\/tourtravelandmore.com\/es\/"},{"@type":"ListItem","position":2,"name":"Tours","item":"https:\/\/tourtravelandmore.com\/es\/tours\/"},{"@type":"ListItem","position":3,"name":"Tour privado de Honolulu y Waikiki"}]},{"@type":"WebSite","@id":"https:\/\/tourtravelandmore.com\/es\/#website","url":"https:\/\/tourtravelandmore.com\/es\/","name":"Tour Travel And More","description":"Private sightseeing tours and luxury transfers in Spain","publisher":{"@id":"https:\/\/tourtravelandmore.com\/es\/#organization"},"potentialAction":[{"@type":"SearchAction","target":{"@type":"EntryPoint","urlTemplate":"https:\/\/tourtravelandmore.com\/es\/?s={search_term_string}"},"query-input":{"@type":"PropertyValueSpecification","valueRequired":true,"valueName":"search_term_string"}}],"inLanguage":"es"},{"@type":"Organization","@id":"https:\/\/tourtravelandmore.com\/es\/#organization","name":"Tour Travel And More","url":"https:\/\/tourtravelandmore.com\/es\/","logo":{"@type":"ImageObject","inLanguage":"es","@id":"https:\/\/tourtravelandmore.com\/es\/#\/schema\/logo\/image\/","url":"https:\/\/tourtravelandmore.com\/wp-content\/uploads\/2022\/12\/cropped-logo-cabecera-new.png","contentUrl":"https:\/\/tourtravelandmore.com\/wp-content\/uploads\/2022\/12\/cropped-logo-cabecera-new.png","width":430,"height":61,"caption":"Tour Travel And More"},"image":{"@id":"https:\/\/tourtravelandmore.com\/es\/#\/schema\/logo\/image\/"},"sameAs":["https:\/\/www.facebook.com\/tourtravelandmore\/","https:\/\/x.com\/TourTravel_More"]}]}},"_links":{"self":[{"href":"https:\/\/tourtravelandmore.com\/es\/wp-json\/wp\/v2\/product\/86020","targetHints":{"allow":["GET"]}}],"collection":[{"href":"https:\/\/tourtravelandmore.com\/es\/wp-json\/wp\/v2\/product"}],"about":[{"href":"https:\/\/tourtravelandmore.com\/es\/wp-json\/wp\/v2\/types\/product"}],"replies":[{"embeddable":true,"href":"https:\/\/tourtravelandmore.com\/es\/wp-json\/wp\/v2\/comments?post=86020"}],"wp:featuredmedia":[{"embeddable":true,"href":"https:\/\/tourtravelandmore.com\/es\/wp-json\/wp\/v2\/media\/85938"}],"wp:attachment":[{"href":"https:\/\/tourtravelandmore.com\/es\/wp-json\/wp\/v2\/media?parent=86020"}],"wp:term":[{"taxonomy":"product_brand","embeddable":true,"href":"https:\/\/tourtravelandmore.com\/es\/wp-json\/wp\/v2\/product_brand?post=86020"},{"taxonomy":"product_cat","embeddable":true,"href":"https:\/\/tourtravelandmore.com\/es\/wp-json\/wp\/v2\/product_cat?post=86020"},{"taxonomy":"product_tag","embeddable":true,"href":"https:\/\/tourtravelandmore.com\/es\/wp-json\/wp\/v2\/product_tag?post=86020"}],"curies":[{"name":"wp","href":"https:\/\/api.w.org\/{rel}","templated":true}]}}