{"id":85855,"date":"2020-11-03T11:34:09","date_gmt":"2020-11-03T10:34:11","guid":{"rendered":"https:\/\/tourtravelandmore.com\/?post_type=product&#038;p=85855"},"modified":"2021-07-09T18:05:43","modified_gmt":"2021-07-09T16:05:43","slug":"tour-privado-a-pie-por-little-italy","status":"publish","type":"product","link":"https:\/\/tourtravelandmore.com\/es\/tours\/eeuu-es\/san-diego-es\/san-diego-actividades-es\/tour-privado-a-pie-por-little-italy\/","title":{"rendered":"Tour Privado a pie por Little Italy"},"content":{"rendered":"<h2><strong>Descripci\u00f3n del Tour a pie<\/strong><\/h2>\n<p><strong>Little Italy<\/strong> es uno de los barrios m\u00e1s visitados de <strong>San Diego<\/strong>, ya que tiene mucho que ofrecer. Ven con nosotros en este <strong>tour privado a pie por Little Italy<\/strong> y ten la oportunidad de conocer uno de los lugares m\u00e1s chic y hermosos de San Diego. Por supuesto, no estar\u00e1 solo, tendr\u00e1 un <strong>gu\u00eda tur\u00edstico oficial privado<\/strong> disponible para un recorrido a pie de 3 horas.<\/p>\n<p>Todos nuestros recorridos a pie comienzan en su hotel ubicado en el centro o en un lugar central, en este caso, cerca de Little Italy. Si su hotel est\u00e1 lejos del punto de encuentro, podemos organizar un traslado privado solo para usted. La idea es que no tengas que preocuparte por nada.<\/p>\n<p>Como ya mencionamos, <strong>Little Italy<\/strong> es un barrio muy famoso de San Diego. Es un lugar lleno de restaurantes, modernas cocteler\u00edas y cervecer\u00edas artesanales. Tambi\u00e9n tiene muchas boutiques de ropa, hermosos parques y salas de m\u00fasica. Es el lugar perfecto para pasear ya sea de d\u00eda o de noche, ya que siempre tendr\u00e1s algo que admirar.<\/p>\n<p>Su gu\u00eda tur\u00edstico oficial privado lo llevar\u00e1 a visitar cada rinc\u00f3n de este vecindario \u00fanico. Por si te interesa, te puede dar algunas recomendaciones donde almorzar o simplemente tomar algo en la zona.<\/p>\n<h2><strong>Puntos de inter\u00e9s en Little Italy<\/strong><\/h2>\n<p>En primer lugar, su gu\u00eda tur\u00edstico oficial privado lo recoger\u00e1 en el lugar acordado. <span class=\"JLqJ4b ChMk0b\" data-language-for-alternatives=\"es\" data-language-to-translate-into=\"en\" data-phrase-index=\"1\">Usted determinar\u00e1 la hora de inicio del recorrido, ya que se trata de un recorrido privado y personalizado. <\/span><\/p>\n<p><span class=\"JLqJ4b ChMk0b\" data-language-for-alternatives=\"es\" data-language-to-translate-into=\"en\" data-phrase-index=\"1\"><span class=\"JLqJ4b\" data-language-for-alternatives=\"es\" data-language-to-translate-into=\"en\" data-phrase-index=\"2\">Durante este tour privado a pie por <strong>Little Italy<\/strong>, podr\u00e1 visitar todos los lugares m\u00e1s importantes del vecindario y sus alrededores. Entre otros monumentos y lugares podr\u00e1s visitar:<\/span><\/span><\/p>\n<ul>\n<li><strong>Museo de los Bomberos<\/strong>: es un museo muy agradable para visitar si est\u00e1s con ni\u00f1os, ya que puedes ver objetos de extinci\u00f3n de incendios que datan de hace 100 a\u00f1os.<\/li>\n<li><span class=\"JLqJ4b\" data-language-for-alternatives=\"es\" data-language-to-translate-into=\"en\" data-phrase-index=\"1\"><span class=\"JLqJ4b ChMk0b\" data-language-for-alternatives=\"es\" data-language-to-translate-into=\"en\" data-phrase-index=\"2\"><strong>Waterfront Bar and Grill<\/strong>: lugar muy divertido donde degustar una comida t\u00edpica americana. <\/span><\/span><\/li>\n<li><strong><span class=\"JLqJ4b\" data-language-for-alternatives=\"es\" data-language-to-translate-into=\"en\" data-phrase-index=\"1\"><span class=\"JLqJ4b ChMk0b\" data-language-for-alternatives=\"es\" data-language-to-translate-into=\"en\" data-phrase-index=\"2\">Plaza Basilone <\/span><\/span><\/strong><\/li>\n<li><strong><span class=\"JLqJ4b\" data-language-for-alternatives=\"es\" data-language-to-translate-into=\"en\" data-phrase-index=\"1\"><span class=\"JLqJ4b ChMk0b\" data-language-for-alternatives=\"es\" data-language-to-translate-into=\"en\" data-phrase-index=\"2\">Parque Balboa <\/span><\/span><\/strong><\/li>\n<li><a href=\"https:\/\/sdmaritime.org\"><span class=\"JLqJ4b\" data-language-for-alternatives=\"es\" data-language-to-translate-into=\"en\" data-phrase-index=\"1\"><span class=\"JLqJ4b ChMk0b\" data-language-for-alternatives=\"es\" data-language-to-translate-into=\"en\" data-phrase-index=\"2\">Museo USS Midway <\/span><\/span><\/a><\/li>\n<li><strong><span class=\"JLqJ4b\" data-language-for-alternatives=\"es\" data-language-to-translate-into=\"en\" data-phrase-index=\"1\"><span class=\"JLqJ4b ChMk0b\" data-language-for-alternatives=\"es\" data-language-to-translate-into=\"en\" data-phrase-index=\"2\">Muelle de Broadway <\/span><\/span><\/strong><\/li>\n<li><strong><span class=\"JLqJ4b\" data-language-for-alternatives=\"es\" data-language-to-translate-into=\"en\" data-phrase-index=\"1\"><span class=\"JLqJ4b ChMk0b\" data-language-for-alternatives=\"es\" data-language-to-translate-into=\"en\" data-phrase-index=\"2\">Parque Amici <\/span><\/span><\/strong><\/li>\n<li><strong><span class=\"JLqJ4b\" data-language-for-alternatives=\"es\" data-language-to-translate-into=\"en\" data-phrase-index=\"1\"><span class=\"JLqJ4b ChMk0b\" data-language-for-alternatives=\"es\" data-language-to-translate-into=\"en\" data-phrase-index=\"2\">Seaport Village <\/span><\/span><\/strong><\/li>\n<li><strong><span class=\"JLqJ4b\" data-language-for-alternatives=\"es\" data-language-to-translate-into=\"en\" data-phrase-index=\"1\"><span class=\"JLqJ4b ChMk0b\" data-language-for-alternatives=\"es\" data-language-to-translate-into=\"en\" data-phrase-index=\"2\">Estrella de la India <\/span><\/span><\/strong><\/li>\n<li><strong><span class=\"JLqJ4b\" data-language-for-alternatives=\"es\" data-language-to-translate-into=\"en\" data-phrase-index=\"1\"><span class=\"JLqJ4b ChMk0b\" data-language-for-alternatives=\"es\" data-language-to-translate-into=\"en\" data-phrase-index=\"2\">Parque del puerto de at\u00fan<\/span><\/span><\/strong><\/li>\n<\/ul>\n<p>Disfrute al m\u00e1ximo de su tiempo en San Diego con <strong>Tour Travel &amp; More<\/strong>. <span class=\"JLqJ4b ChMk0b\" data-language-for-alternatives=\"es\" data-language-to-translate-into=\"en\" data-phrase-index=\"1\">Tenemos la f\u00f3rmula perfecta: divi\u00e9rtete en tus vacaciones mientras aprendes sobre la historia y la cultura de la ciudad. <\/span><\/p>\n<p><span class=\"JLqJ4b ChMk0b\" data-language-for-alternatives=\"es\" data-language-to-translate-into=\"en\" data-phrase-index=\"1\"><span class=\"JLqJ4b\" data-language-for-alternatives=\"es\" data-language-to-translate-into=\"en\" data-phrase-index=\"2\">Finalmente, al finalizar la visita guiada, su gu\u00eda tur\u00edstico oficial privado lo dejar\u00e1 en un lugar c\u00e9ntrico. <\/span><\/span><\/p>\n<p><span class=\"JLqJ4b ChMk0b\" data-language-for-alternatives=\"es\" data-language-to-translate-into=\"en\" data-phrase-index=\"1\"><span class=\"JLqJ4b\" data-language-for-alternatives=\"es\" data-language-to-translate-into=\"en\" data-phrase-index=\"2\">Si est\u00e1 buscando un tour de d\u00eda completo, eche un vistazo a nuestro <a href=\"https:\/\/tourtravelandmore.com\/es\/tours\/eeuu-es\/los-angeles-es\/los-angeles-actividades-es\/tour-privado-los-angeles-guia-oficial-y-vehiculo-incluido\/\">tour privado a Los Angeles desde San Diego<\/a>.<\/span><\/span><\/p>\n","protected":false},"excerpt":{"rendered":"<p>Si se encuentra en San Diego por unos d\u00edas, definitivamente debe unirse a nosotros en este <strong>tour privado a pie por Little Italy<\/strong>. <span class=\"JLqJ4b ChMk0b\" data-language-for-alternatives=\"es\" data-language-to-translate-into=\"en\" data-phrase-index=\"1\">Camine por sus hermosas calles, tiendas y restaurantes junto a un gu\u00eda tur\u00edstico local.<\/span><\/p>\n","protected":false},"featured_media":85915,"comment_status":"open","ping_status":"closed","template":"","meta":{"_acf_changed":false},"product_brand":[],"product_cat":[1602,2738,2741,2747],"product_tag":[],"class_list":{"0":"post-85855","1":"product","2":"type-product","3":"status-publish","4":"has-post-thumbnail","6":"product_cat-eeuu-es","7":"product_cat-san-diego-es","8":"product_cat-san-diego-actividades-es","9":"product_cat-san-diego-a-pie-es","11":"first","12":"instock","13":"shipping-taxable","14":"purchasable","15":"product-type-simple"},"acf":[],"yoast_head":"<!-- This site is optimized with the Yoast SEO Premium plugin v25.3.1 (Yoast SEO v25.3.1) - https:\/\/yoast.com\/wordpress\/plugins\/seo\/ -->\n<title>Tour Privado a pie por Little Italy en San Diego | Tour Travel &amp; More<\/title>\n<meta name=\"description\" content=\"\u2192 Reserve este Tour Privado a pie por Little Italy. Conozca uno de los barrios mas bonitos de San Diego junto a un experto local \u2705\" \/>\n<meta name=\"robots\" content=\"index, follow, max-snippet:-1, max-image-preview:large, max-video-preview:-1\" \/>\n<link rel=\"canonical\" href=\"https:\/\/tourtravelandmore.com\/es\/tours\/eeuu-es\/san-diego-es\/san-diego-actividades-es\/tour-privado-a-pie-por-little-italy\/\" \/>\n<meta property=\"og:locale\" content=\"es_ES\" \/>\n<meta property=\"og:type\" content=\"article\" \/>\n<meta property=\"og:title\" content=\"Tour Privado a pie por Little Italy\" \/>\n<meta property=\"og:description\" content=\"\u2192 Reserve este Tour Privado a pie por Little Italy. Conozca uno de los barrios mas bonitos de San Diego junto a un experto local \u2705\" \/>\n<meta property=\"og:url\" content=\"https:\/\/tourtravelandmore.com\/es\/tours\/eeuu-es\/san-diego-es\/san-diego-actividades-es\/tour-privado-a-pie-por-little-italy\/\" \/>\n<meta property=\"og:site_name\" content=\"Tour Travel And More\" \/>\n<meta property=\"article:publisher\" content=\"https:\/\/www.facebook.com\/tourtravelandmore\/\" \/>\n<meta property=\"article:modified_time\" content=\"2021-07-09T16:05:43+00:00\" \/>\n<meta property=\"og:image\" content=\"https:\/\/tourtravelandmore.com\/wp-content\/uploads\/2020\/11\/little-italy-6-scaled.jpg\" \/>\n\t<meta property=\"og:image:width\" content=\"2560\" \/>\n\t<meta property=\"og:image:height\" content=\"1709\" \/>\n\t<meta property=\"og:image:type\" content=\"image\/jpeg\" \/>\n<meta name=\"twitter:card\" content=\"summary_large_image\" \/>\n<meta name=\"twitter:site\" content=\"@TourTravel_More\" \/>\n<meta name=\"twitter:label1\" content=\"Tiempo de lectura\" \/>\n\t<meta name=\"twitter:data1\" content=\"2 minutos\" \/>\n<script type=\"application\/ld+json\" class=\"yoast-schema-graph\">{\"@context\":\"https:\/\/schema.org\",\"@graph\":[{\"@type\":\"WebPage\",\"@id\":\"https:\/\/tourtravelandmore.com\/es\/tours\/eeuu-es\/san-diego-es\/san-diego-actividades-es\/tour-privado-a-pie-por-little-italy\/\",\"url\":\"https:\/\/tourtravelandmore.com\/es\/tours\/eeuu-es\/san-diego-es\/san-diego-actividades-es\/tour-privado-a-pie-por-little-italy\/\",\"name\":\"Tour Privado a pie por Little Italy en San Diego | Tour Travel & More\",\"isPartOf\":{\"@id\":\"https:\/\/tourtravelandmore.com\/es\/#website\"},\"primaryImageOfPage\":{\"@id\":\"https:\/\/tourtravelandmore.com\/es\/tours\/eeuu-es\/san-diego-es\/san-diego-actividades-es\/tour-privado-a-pie-por-little-italy\/#primaryimage\"},\"image\":{\"@id\":\"https:\/\/tourtravelandmore.com\/es\/tours\/eeuu-es\/san-diego-es\/san-diego-actividades-es\/tour-privado-a-pie-por-little-italy\/#primaryimage\"},\"thumbnailUrl\":\"https:\/\/tourtravelandmore.com\/wp-content\/uploads\/2020\/11\/little-italy-6-scaled.jpg\",\"datePublished\":\"2020-11-03T10:34:11+00:00\",\"dateModified\":\"2021-07-09T16:05:43+00:00\",\"description\":\"\u2192 Reserve este Tour Privado a pie por Little Italy. Conozca uno de los barrios mas bonitos de San Diego junto a un experto local \u2705\",\"breadcrumb\":{\"@id\":\"https:\/\/tourtravelandmore.com\/es\/tours\/eeuu-es\/san-diego-es\/san-diego-actividades-es\/tour-privado-a-pie-por-little-italy\/#breadcrumb\"},\"inLanguage\":\"es\",\"potentialAction\":[{\"@type\":\"ReadAction\",\"target\":[\"https:\/\/tourtravelandmore.com\/es\/tours\/eeuu-es\/san-diego-es\/san-diego-actividades-es\/tour-privado-a-pie-por-little-italy\/\"]}]},{\"@type\":\"ImageObject\",\"inLanguage\":\"es\",\"@id\":\"https:\/\/tourtravelandmore.com\/es\/tours\/eeuu-es\/san-diego-es\/san-diego-actividades-es\/tour-privado-a-pie-por-little-italy\/#primaryimage\",\"url\":\"https:\/\/tourtravelandmore.com\/wp-content\/uploads\/2020\/11\/little-italy-6-scaled.jpg\",\"contentUrl\":\"https:\/\/tourtravelandmore.com\/wp-content\/uploads\/2020\/11\/little-italy-6-scaled.jpg\",\"width\":2560,\"height\":1709,\"caption\":\"OLYMPUS DIGITAL CAMERA\"},{\"@type\":\"BreadcrumbList\",\"@id\":\"https:\/\/tourtravelandmore.com\/es\/tours\/eeuu-es\/san-diego-es\/san-diego-actividades-es\/tour-privado-a-pie-por-little-italy\/#breadcrumb\",\"itemListElement\":[{\"@type\":\"ListItem\",\"position\":1,\"name\":\"Home\",\"item\":\"https:\/\/tourtravelandmore.com\/es\/\"},{\"@type\":\"ListItem\",\"position\":2,\"name\":\"Tours\",\"item\":\"https:\/\/tourtravelandmore.com\/es\/tours\/\"},{\"@type\":\"ListItem\",\"position\":3,\"name\":\"Tour Privado a pie por Little Italy\"}]},{\"@type\":\"WebSite\",\"@id\":\"https:\/\/tourtravelandmore.com\/es\/#website\",\"url\":\"https:\/\/tourtravelandmore.com\/es\/\",\"name\":\"Tour Travel And More\",\"description\":\"Private sightseeing tours and luxury transfers in Spain\",\"publisher\":{\"@id\":\"https:\/\/tourtravelandmore.com\/es\/#organization\"},\"potentialAction\":[{\"@type\":\"SearchAction\",\"target\":{\"@type\":\"EntryPoint\",\"urlTemplate\":\"https:\/\/tourtravelandmore.com\/es\/?s={search_term_string}\"},\"query-input\":{\"@type\":\"PropertyValueSpecification\",\"valueRequired\":true,\"valueName\":\"search_term_string\"}}],\"inLanguage\":\"es\"},{\"@type\":\"Organization\",\"@id\":\"https:\/\/tourtravelandmore.com\/es\/#organization\",\"name\":\"Tour Travel And More\",\"url\":\"https:\/\/tourtravelandmore.com\/es\/\",\"logo\":{\"@type\":\"ImageObject\",\"inLanguage\":\"es\",\"@id\":\"https:\/\/tourtravelandmore.com\/es\/#\/schema\/logo\/image\/\",\"url\":\"https:\/\/tourtravelandmore.com\/wp-content\/uploads\/2022\/12\/cropped-logo-cabecera-new.png\",\"contentUrl\":\"https:\/\/tourtravelandmore.com\/wp-content\/uploads\/2022\/12\/cropped-logo-cabecera-new.png\",\"width\":430,\"height\":61,\"caption\":\"Tour Travel And More\"},\"image\":{\"@id\":\"https:\/\/tourtravelandmore.com\/es\/#\/schema\/logo\/image\/\"},\"sameAs\":[\"https:\/\/www.facebook.com\/tourtravelandmore\/\",\"https:\/\/x.com\/TourTravel_More\"]}]}<\/script>\n<!-- \/ Yoast SEO Premium plugin. -->","yoast_head_json":{"title":"Tour Privado a pie por Little Italy en San Diego | Tour Travel & More","description":"\u2192 Reserve este Tour Privado a pie por Little Italy. Conozca uno de los barrios mas bonitos de San Diego junto a un experto local \u2705","robots":{"index":"index","follow":"follow","max-snippet":"max-snippet:-1","max-image-preview":"max-image-preview:large","max-video-preview":"max-video-preview:-1"},"canonical":"https:\/\/tourtravelandmore.com\/es\/tours\/eeuu-es\/san-diego-es\/san-diego-actividades-es\/tour-privado-a-pie-por-little-italy\/","og_locale":"es_ES","og_type":"article","og_title":"Tour Privado a pie por Little Italy","og_description":"\u2192 Reserve este Tour Privado a pie por Little Italy. Conozca uno de los barrios mas bonitos de San Diego junto a un experto local \u2705","og_url":"https:\/\/tourtravelandmore.com\/es\/tours\/eeuu-es\/san-diego-es\/san-diego-actividades-es\/tour-privado-a-pie-por-little-italy\/","og_site_name":"Tour Travel And More","article_publisher":"https:\/\/www.facebook.com\/tourtravelandmore\/","article_modified_time":"2021-07-09T16:05:43+00:00","og_image":[{"width":2560,"height":1709,"url":"https:\/\/tourtravelandmore.com\/wp-content\/uploads\/2020\/11\/little-italy-6-scaled.jpg","type":"image\/jpeg"}],"twitter_card":"summary_large_image","twitter_site":"@TourTravel_More","twitter_misc":{"Tiempo de lectura":"2 minutos"},"schema":{"@context":"https:\/\/schema.org","@graph":[{"@type":"WebPage","@id":"https:\/\/tourtravelandmore.com\/es\/tours\/eeuu-es\/san-diego-es\/san-diego-actividades-es\/tour-privado-a-pie-por-little-italy\/","url":"https:\/\/tourtravelandmore.com\/es\/tours\/eeuu-es\/san-diego-es\/san-diego-actividades-es\/tour-privado-a-pie-por-little-italy\/","name":"Tour Privado a pie por Little Italy en San Diego | Tour Travel & More","isPartOf":{"@id":"https:\/\/tourtravelandmore.com\/es\/#website"},"primaryImageOfPage":{"@id":"https:\/\/tourtravelandmore.com\/es\/tours\/eeuu-es\/san-diego-es\/san-diego-actividades-es\/tour-privado-a-pie-por-little-italy\/#primaryimage"},"image":{"@id":"https:\/\/tourtravelandmore.com\/es\/tours\/eeuu-es\/san-diego-es\/san-diego-actividades-es\/tour-privado-a-pie-por-little-italy\/#primaryimage"},"thumbnailUrl":"https:\/\/tourtravelandmore.com\/wp-content\/uploads\/2020\/11\/little-italy-6-scaled.jpg","datePublished":"2020-11-03T10:34:11+00:00","dateModified":"2021-07-09T16:05:43+00:00","description":"\u2192 Reserve este Tour Privado a pie por Little Italy. Conozca uno de los barrios mas bonitos de San Diego junto a un experto local \u2705","breadcrumb":{"@id":"https:\/\/tourtravelandmore.com\/es\/tours\/eeuu-es\/san-diego-es\/san-diego-actividades-es\/tour-privado-a-pie-por-little-italy\/#breadcrumb"},"inLanguage":"es","potentialAction":[{"@type":"ReadAction","target":["https:\/\/tourtravelandmore.com\/es\/tours\/eeuu-es\/san-diego-es\/san-diego-actividades-es\/tour-privado-a-pie-por-little-italy\/"]}]},{"@type":"ImageObject","inLanguage":"es","@id":"https:\/\/tourtravelandmore.com\/es\/tours\/eeuu-es\/san-diego-es\/san-diego-actividades-es\/tour-privado-a-pie-por-little-italy\/#primaryimage","url":"https:\/\/tourtravelandmore.com\/wp-content\/uploads\/2020\/11\/little-italy-6-scaled.jpg","contentUrl":"https:\/\/tourtravelandmore.com\/wp-content\/uploads\/2020\/11\/little-italy-6-scaled.jpg","width":2560,"height":1709,"caption":"OLYMPUS DIGITAL CAMERA"},{"@type":"BreadcrumbList","@id":"https:\/\/tourtravelandmore.com\/es\/tours\/eeuu-es\/san-diego-es\/san-diego-actividades-es\/tour-privado-a-pie-por-little-italy\/#breadcrumb","itemListElement":[{"@type":"ListItem","position":1,"name":"Home","item":"https:\/\/tourtravelandmore.com\/es\/"},{"@type":"ListItem","position":2,"name":"Tours","item":"https:\/\/tourtravelandmore.com\/es\/tours\/"},{"@type":"ListItem","position":3,"name":"Tour Privado a pie por Little Italy"}]},{"@type":"WebSite","@id":"https:\/\/tourtravelandmore.com\/es\/#website","url":"https:\/\/tourtravelandmore.com\/es\/","name":"Tour Travel And More","description":"Private sightseeing tours and luxury transfers in Spain","publisher":{"@id":"https:\/\/tourtravelandmore.com\/es\/#organization"},"potentialAction":[{"@type":"SearchAction","target":{"@type":"EntryPoint","urlTemplate":"https:\/\/tourtravelandmore.com\/es\/?s={search_term_string}"},"query-input":{"@type":"PropertyValueSpecification","valueRequired":true,"valueName":"search_term_string"}}],"inLanguage":"es"},{"@type":"Organization","@id":"https:\/\/tourtravelandmore.com\/es\/#organization","name":"Tour Travel And More","url":"https:\/\/tourtravelandmore.com\/es\/","logo":{"@type":"ImageObject","inLanguage":"es","@id":"https:\/\/tourtravelandmore.com\/es\/#\/schema\/logo\/image\/","url":"https:\/\/tourtravelandmore.com\/wp-content\/uploads\/2022\/12\/cropped-logo-cabecera-new.png","contentUrl":"https:\/\/tourtravelandmore.com\/wp-content\/uploads\/2022\/12\/cropped-logo-cabecera-new.png","width":430,"height":61,"caption":"Tour Travel And More"},"image":{"@id":"https:\/\/tourtravelandmore.com\/es\/#\/schema\/logo\/image\/"},"sameAs":["https:\/\/www.facebook.com\/tourtravelandmore\/","https:\/\/x.com\/TourTravel_More"]}]}},"_links":{"self":[{"href":"https:\/\/tourtravelandmore.com\/es\/wp-json\/wp\/v2\/product\/85855","targetHints":{"allow":["GET"]}}],"collection":[{"href":"https:\/\/tourtravelandmore.com\/es\/wp-json\/wp\/v2\/product"}],"about":[{"href":"https:\/\/tourtravelandmore.com\/es\/wp-json\/wp\/v2\/types\/product"}],"replies":[{"embeddable":true,"href":"https:\/\/tourtravelandmore.com\/es\/wp-json\/wp\/v2\/comments?post=85855"}],"wp:featuredmedia":[{"embeddable":true,"href":"https:\/\/tourtravelandmore.com\/es\/wp-json\/wp\/v2\/media\/85915"}],"wp:attachment":[{"href":"https:\/\/tourtravelandmore.com\/es\/wp-json\/wp\/v2\/media?parent=85855"}],"wp:term":[{"taxonomy":"product_brand","embeddable":true,"href":"https:\/\/tourtravelandmore.com\/es\/wp-json\/wp\/v2\/product_brand?post=85855"},{"taxonomy":"product_cat","embeddable":true,"href":"https:\/\/tourtravelandmore.com\/es\/wp-json\/wp\/v2\/product_cat?post=85855"},{"taxonomy":"product_tag","embeddable":true,"href":"https:\/\/tourtravelandmore.com\/es\/wp-json\/wp\/v2\/product_tag?post=85855"}],"curies":[{"name":"wp","href":"https:\/\/api.w.org\/{rel}","templated":true}]}}