{"id":85843,"date":"2020-11-03T11:28:12","date_gmt":"2020-11-03T10:28:13","guid":{"rendered":"https:\/\/tourtravelandmore.com\/?post_type=product&#038;p=85843"},"modified":"2021-05-17T09:55:28","modified_gmt":"2021-05-17T07:55:28","slug":"tour-privado-por-el-oahu","status":"publish","type":"product","link":"https:\/\/tourtravelandmore.com\/es\/tours\/eeuu-es\/hawaii-es\/oahu-es\/tour-privado-por-el-oahu\/","title":{"rendered":"Tour privado a la isla de Oahu"},"content":{"rendered":"<h2 class=\"p1\"><span class=\"s1\"><b>Descripci\u00f3n del Tour Privado<\/b><\/span><\/h2>\n<p id=\"tw-target-text\" class=\"tw-data-text tw-text-large XcVN5d tw-ta\" dir=\"ltr\" data-placeholder=\"Traducci\u00f3n\"><span lang=\"es\">Nuestro tour privado a la isla de Oahu es perfecto no solo para los reci\u00e9n llegados, sino tambi\u00e9n para cualquiera que venga a visitar la isla de Haw\u00e1i. <\/span><\/p>\n<p class=\"tw-data-text tw-text-large XcVN5d tw-ta\" dir=\"ltr\" data-placeholder=\"Traducci\u00f3n\"><span lang=\"es\">En primer lugar, organizaremos una recogida c\u00f3moda para usted en el lugar que elija en la isla. <\/span><\/p>\n<p class=\"tw-data-text tw-text-large XcVN5d tw-ta\" dir=\"ltr\" data-placeholder=\"Traducci\u00f3n\"><span lang=\"es\">Necesitar\u00edamos saber d\u00f3nde est\u00e1 su hotel para organizar el itinerario y el recorrido correspondientes. <\/span><\/p>\n<p class=\"tw-data-text tw-text-large XcVN5d tw-ta\" dir=\"ltr\" data-placeholder=\"Traducci\u00f3n\"><span lang=\"es\">Disfrute de esta incre\u00edble experiencia en Oahu y conozca todo lo que la isla tiene para ofrecer en esta experiencia privada de d\u00eda completa y tour privado por la isla de Oahu. <\/span><\/p>\n<p class=\"tw-data-text tw-text-large XcVN5d tw-ta\" dir=\"ltr\" data-placeholder=\"Traducci\u00f3n\"><span lang=\"es\">Este es uno de los mejores tours de Oahu y te brindar\u00e1 las mejores vistas de la isla. <\/span><\/p>\n<p class=\"tw-data-text tw-text-large XcVN5d tw-ta\" dir=\"ltr\" data-placeholder=\"Traducci\u00f3n\"><span lang=\"es\">\u00a1Oahu es una isla \u00fanica que tiene mucho que ofrecer! <\/span><\/p>\n<p class=\"tw-data-text tw-text-large XcVN5d tw-ta\" dir=\"ltr\" data-placeholder=\"Traducci\u00f3n\"><span lang=\"es\">\u00a1Nuestro conductor lo llevar\u00e1 a todos los sitios m\u00e1s importantes para usted! <\/span><\/p>\n<h2 class=\"tw-data-text tw-text-large XcVN5d tw-ta\" dir=\"ltr\" data-placeholder=\"Traducci\u00f3n\"><span lang=\"es\">Itinerario del Tour Privado<\/span><\/h2>\n<p class=\"tw-data-text tw-text-large XcVN5d tw-ta\" dir=\"ltr\" data-placeholder=\"Traducci\u00f3n\"><span lang=\"es\">En primer lugar, organizaremos una c\u00f3moda recogida en su hotel o lugar de elecci\u00f3n en Oahu. <\/span><\/p>\n<p class=\"tw-data-text tw-text-large XcVN5d tw-ta\" dir=\"ltr\" data-placeholder=\"Traducci\u00f3n\"><span lang=\"es\">Oahu es una de las hermosas islas de Hawaii. <\/span><\/p>\n<p class=\"tw-data-text tw-text-large XcVN5d tw-ta\" dir=\"ltr\" data-placeholder=\"Traducci\u00f3n\"><span lang=\"es\">Despu\u00e9s de eso, comenzaremos este tour privado por la isla de Oahu y conoceremos los lugares m\u00e1s importantes.<\/span><\/p>\n<h2 class=\"tw-data-text tw-text-large XcVN5d tw-ta\" dir=\"ltr\" data-placeholder=\"Traducci\u00f3n\"><span lang=\"es\">Puntos de inter\u00e9s en Oahu<\/span><\/h2>\n<p class=\"tw-data-text tw-text-large XcVN5d tw-ta\" dir=\"ltr\" data-placeholder=\"Traducci\u00f3n\"><span lang=\"es\">Aqu\u00ed hay una breve lista de ejemplos de lo que disfrutar\u00e1. \u00a1El itinerario exacto depender\u00e1 de d\u00f3nde se encuentre su lugar de recogida y los horarios de apertura de las \u00e1reas!<\/span><\/p>\n<ul>\n<li class=\"tw-data-text tw-text-large XcVN5d tw-ta\" dir=\"ltr\" data-placeholder=\"Traducci\u00f3n\"><span lang=\"es\">Kahala Estates. Hermosas propiedades inmobiliarias y frente al mar en Hawaii.<\/span><\/li>\n<li class=\"tw-data-text tw-text-large XcVN5d tw-ta\" dir=\"ltr\" data-placeholder=\"Traducci\u00f3n\"><span lang=\"es\">Cabeza de diamante. Uno de los formados Honolulu Volcanic Series. <\/span><\/li>\n<li class=\"tw-data-text tw-text-large XcVN5d tw-ta\" dir=\"ltr\" data-placeholder=\"Traducci\u00f3n\"><span lang=\"es\">Sombrero de chino. <\/span><\/li>\n<li class=\"tw-data-text tw-text-large XcVN5d tw-ta\" dir=\"ltr\" data-placeholder=\"Traducci\u00f3n\"><span lang=\"es\">Layman Hawaii Mormon Temple. <\/span><\/li>\n<li class=\"tw-data-text tw-text-large XcVN5d tw-ta\" dir=\"ltr\" data-placeholder=\"Traducci\u00f3n\"><span lang=\"es\">Playas de surf de North Shore. \u00a1Incre\u00edbles sitios de surf en el mundo! <\/span><\/li>\n<\/ul>\n<p><span lang=\"es\">Otros sitios que intentaremos agregar al itinerario: <\/span><\/p>\n<ul>\n<li><span lang=\"es\">Mirador de la bah\u00eda de Hanauma <\/span><\/li>\n<li><span lang=\"es\">Ciudad de Waimanalo <\/span><\/li>\n<li><span lang=\"es\">Mirador Nuuanu Pali <\/span><\/li>\n<li><span lang=\"es\">Templo de Byodo-In <\/span><\/li>\n<li><span lang=\"es\">Rancho Kualoa <\/span><\/li>\n<li><span lang=\"es\">Plantaci\u00f3n Dole <\/span><\/li>\n<\/ul>\n<p><span lang=\"es\">Finalmente, finalizaremos este recorrido en el lugar que elija en Oahu. <\/span><\/p>\n<p><span lang=\"es\">Nuestro tour privado es una experiencia perfecta para conocer lo mejor de la isla. <\/span><\/p>\n<p><a href=\"https:\/\/tourtravelandmore.com\/es\/ciudad\/eeuu-es\/hawaii-es\/\" target=\"_blank\" rel=\"noopener noreferrer\"><span lang=\"es\">\u00a1Vea todos nuestros otros tours en Haw\u00e1i!<\/span><\/a><\/p>\n<p>&nbsp;<\/p>\n","protected":false},"excerpt":{"rendered":"<p id=\"tw-target-text\" class=\"tw-data-text tw-text-large XcVN5d tw-ta\" dir=\"ltr\" data-placeholder=\"Traducci\u00f3n\"><span lang=\"es\">\u00danase a nosotros en este<strong> tour privado de lujo<\/strong> por la <strong>isla de Oahu<\/strong> y tenga la oportunidad de disfrutar lo mejor de la isla de Oahu en Haw\u00e1i. Una experiencia privada verdaderamente asombrosa.<\/span><\/p>\n","protected":false},"featured_media":85886,"comment_status":"open","ping_status":"closed","template":"","meta":{"_acf_changed":false},"product_brand":[],"product_cat":[1602,2709,2715],"product_tag":[],"class_list":{"0":"post-85843","1":"product","2":"type-product","3":"status-publish","4":"has-post-thumbnail","6":"product_cat-eeuu-es","7":"product_cat-hawaii-es","8":"product_cat-oahu-es","10":"first","11":"instock","12":"shipping-taxable","13":"purchasable","14":"product-type-simple"},"acf":[],"yoast_head":"<!-- This site is optimized with the Yoast SEO Premium plugin v25.3.1 (Yoast SEO v25.3.1) - https:\/\/yoast.com\/wordpress\/plugins\/seo\/ -->\n<title>Tour privado a la isla de Oahu | Tour Travel &amp; More<\/title>\n<meta name=\"description\" content=\"\u2192 Reserva nuestro Tour Privado a la isla de Oahu para disfrutar lo mejor del \u00e1rea de Oahu. Una experiencia privada verdaderamente asombrosa \u2705\" \/>\n<meta name=\"robots\" content=\"index, follow, max-snippet:-1, max-image-preview:large, max-video-preview:-1\" \/>\n<link rel=\"canonical\" href=\"https:\/\/tourtravelandmore.com\/es\/tours\/eeuu-es\/hawaii-es\/oahu-es\/tour-privado-por-el-oahu\/\" \/>\n<meta property=\"og:locale\" content=\"es_ES\" \/>\n<meta property=\"og:type\" content=\"article\" \/>\n<meta property=\"og:title\" content=\"Tour privado a la isla de Oahu\" \/>\n<meta property=\"og:description\" content=\"\u2192 Reserva nuestro Tour Privado a la isla de Oahu para disfrutar lo mejor del \u00e1rea de Oahu. Una experiencia privada verdaderamente asombrosa \u2705\" \/>\n<meta property=\"og:url\" content=\"https:\/\/tourtravelandmore.com\/es\/tours\/eeuu-es\/hawaii-es\/oahu-es\/tour-privado-por-el-oahu\/\" \/>\n<meta property=\"og:site_name\" content=\"Tour Travel And More\" \/>\n<meta property=\"article:publisher\" content=\"https:\/\/www.facebook.com\/tourtravelandmore\/\" \/>\n<meta property=\"article:modified_time\" content=\"2021-05-17T07:55:28+00:00\" \/>\n<meta property=\"og:image\" content=\"https:\/\/tourtravelandmore.com\/wp-content\/uploads\/2020\/11\/oahu-7.jpg\" \/>\n\t<meta property=\"og:image:width\" content=\"1024\" \/>\n\t<meta property=\"og:image:height\" content=\"683\" \/>\n\t<meta property=\"og:image:type\" content=\"image\/jpeg\" \/>\n<meta name=\"twitter:card\" content=\"summary_large_image\" \/>\n<meta name=\"twitter:site\" content=\"@TourTravel_More\" \/>\n<meta name=\"twitter:label1\" content=\"Tiempo de lectura\" \/>\n\t<meta name=\"twitter:data1\" content=\"2 minutos\" \/>\n<script type=\"application\/ld+json\" class=\"yoast-schema-graph\">{\"@context\":\"https:\/\/schema.org\",\"@graph\":[{\"@type\":\"WebPage\",\"@id\":\"https:\/\/tourtravelandmore.com\/es\/tours\/eeuu-es\/hawaii-es\/oahu-es\/tour-privado-por-el-oahu\/\",\"url\":\"https:\/\/tourtravelandmore.com\/es\/tours\/eeuu-es\/hawaii-es\/oahu-es\/tour-privado-por-el-oahu\/\",\"name\":\"Tour privado a la isla de Oahu | Tour Travel & More\",\"isPartOf\":{\"@id\":\"https:\/\/tourtravelandmore.com\/es\/#website\"},\"primaryImageOfPage\":{\"@id\":\"https:\/\/tourtravelandmore.com\/es\/tours\/eeuu-es\/hawaii-es\/oahu-es\/tour-privado-por-el-oahu\/#primaryimage\"},\"image\":{\"@id\":\"https:\/\/tourtravelandmore.com\/es\/tours\/eeuu-es\/hawaii-es\/oahu-es\/tour-privado-por-el-oahu\/#primaryimage\"},\"thumbnailUrl\":\"https:\/\/tourtravelandmore.com\/wp-content\/uploads\/2020\/11\/oahu-7-scaled.jpg\",\"datePublished\":\"2020-11-03T10:28:13+00:00\",\"dateModified\":\"2021-05-17T07:55:28+00:00\",\"description\":\"\u2192 Reserva nuestro Tour Privado a la isla de Oahu para disfrutar lo mejor del \u00e1rea de Oahu. Una experiencia privada verdaderamente asombrosa \u2705\",\"breadcrumb\":{\"@id\":\"https:\/\/tourtravelandmore.com\/es\/tours\/eeuu-es\/hawaii-es\/oahu-es\/tour-privado-por-el-oahu\/#breadcrumb\"},\"inLanguage\":\"es\",\"potentialAction\":[{\"@type\":\"ReadAction\",\"target\":[\"https:\/\/tourtravelandmore.com\/es\/tours\/eeuu-es\/hawaii-es\/oahu-es\/tour-privado-por-el-oahu\/\"]}]},{\"@type\":\"ImageObject\",\"inLanguage\":\"es\",\"@id\":\"https:\/\/tourtravelandmore.com\/es\/tours\/eeuu-es\/hawaii-es\/oahu-es\/tour-privado-por-el-oahu\/#primaryimage\",\"url\":\"https:\/\/tourtravelandmore.com\/wp-content\/uploads\/2020\/11\/oahu-7-scaled.jpg\",\"contentUrl\":\"https:\/\/tourtravelandmore.com\/wp-content\/uploads\/2020\/11\/oahu-7-scaled.jpg\",\"width\":8239,\"height\":5493},{\"@type\":\"BreadcrumbList\",\"@id\":\"https:\/\/tourtravelandmore.com\/es\/tours\/eeuu-es\/hawaii-es\/oahu-es\/tour-privado-por-el-oahu\/#breadcrumb\",\"itemListElement\":[{\"@type\":\"ListItem\",\"position\":1,\"name\":\"Home\",\"item\":\"https:\/\/tourtravelandmore.com\/es\/\"},{\"@type\":\"ListItem\",\"position\":2,\"name\":\"Tours\",\"item\":\"https:\/\/tourtravelandmore.com\/es\/tours\/\"},{\"@type\":\"ListItem\",\"position\":3,\"name\":\"Tour privado a la isla de Oahu\"}]},{\"@type\":\"WebSite\",\"@id\":\"https:\/\/tourtravelandmore.com\/es\/#website\",\"url\":\"https:\/\/tourtravelandmore.com\/es\/\",\"name\":\"Tour Travel And More\",\"description\":\"Private sightseeing tours and luxury transfers in Spain\",\"publisher\":{\"@id\":\"https:\/\/tourtravelandmore.com\/es\/#organization\"},\"potentialAction\":[{\"@type\":\"SearchAction\",\"target\":{\"@type\":\"EntryPoint\",\"urlTemplate\":\"https:\/\/tourtravelandmore.com\/es\/?s={search_term_string}\"},\"query-input\":{\"@type\":\"PropertyValueSpecification\",\"valueRequired\":true,\"valueName\":\"search_term_string\"}}],\"inLanguage\":\"es\"},{\"@type\":\"Organization\",\"@id\":\"https:\/\/tourtravelandmore.com\/es\/#organization\",\"name\":\"Tour Travel And More\",\"url\":\"https:\/\/tourtravelandmore.com\/es\/\",\"logo\":{\"@type\":\"ImageObject\",\"inLanguage\":\"es\",\"@id\":\"https:\/\/tourtravelandmore.com\/es\/#\/schema\/logo\/image\/\",\"url\":\"https:\/\/tourtravelandmore.com\/wp-content\/uploads\/2022\/12\/cropped-logo-cabecera-new.png\",\"contentUrl\":\"https:\/\/tourtravelandmore.com\/wp-content\/uploads\/2022\/12\/cropped-logo-cabecera-new.png\",\"width\":430,\"height\":61,\"caption\":\"Tour Travel And More\"},\"image\":{\"@id\":\"https:\/\/tourtravelandmore.com\/es\/#\/schema\/logo\/image\/\"},\"sameAs\":[\"https:\/\/www.facebook.com\/tourtravelandmore\/\",\"https:\/\/x.com\/TourTravel_More\"]}]}<\/script>\n<!-- \/ Yoast SEO Premium plugin. -->","yoast_head_json":{"title":"Tour privado a la isla de Oahu | Tour Travel & More","description":"\u2192 Reserva nuestro Tour Privado a la isla de Oahu para disfrutar lo mejor del \u00e1rea de Oahu. Una experiencia privada verdaderamente asombrosa \u2705","robots":{"index":"index","follow":"follow","max-snippet":"max-snippet:-1","max-image-preview":"max-image-preview:large","max-video-preview":"max-video-preview:-1"},"canonical":"https:\/\/tourtravelandmore.com\/es\/tours\/eeuu-es\/hawaii-es\/oahu-es\/tour-privado-por-el-oahu\/","og_locale":"es_ES","og_type":"article","og_title":"Tour privado a la isla de Oahu","og_description":"\u2192 Reserva nuestro Tour Privado a la isla de Oahu para disfrutar lo mejor del \u00e1rea de Oahu. Una experiencia privada verdaderamente asombrosa \u2705","og_url":"https:\/\/tourtravelandmore.com\/es\/tours\/eeuu-es\/hawaii-es\/oahu-es\/tour-privado-por-el-oahu\/","og_site_name":"Tour Travel And More","article_publisher":"https:\/\/www.facebook.com\/tourtravelandmore\/","article_modified_time":"2021-05-17T07:55:28+00:00","og_image":[{"url":"https:\/\/tourtravelandmore.com\/wp-content\/uploads\/2020\/11\/oahu-7.jpg","width":1024,"height":683,"type":"image\/jpeg"}],"twitter_card":"summary_large_image","twitter_site":"@TourTravel_More","twitter_misc":{"Tiempo de lectura":"2 minutos"},"schema":{"@context":"https:\/\/schema.org","@graph":[{"@type":"WebPage","@id":"https:\/\/tourtravelandmore.com\/es\/tours\/eeuu-es\/hawaii-es\/oahu-es\/tour-privado-por-el-oahu\/","url":"https:\/\/tourtravelandmore.com\/es\/tours\/eeuu-es\/hawaii-es\/oahu-es\/tour-privado-por-el-oahu\/","name":"Tour privado a la isla de Oahu | Tour Travel & More","isPartOf":{"@id":"https:\/\/tourtravelandmore.com\/es\/#website"},"primaryImageOfPage":{"@id":"https:\/\/tourtravelandmore.com\/es\/tours\/eeuu-es\/hawaii-es\/oahu-es\/tour-privado-por-el-oahu\/#primaryimage"},"image":{"@id":"https:\/\/tourtravelandmore.com\/es\/tours\/eeuu-es\/hawaii-es\/oahu-es\/tour-privado-por-el-oahu\/#primaryimage"},"thumbnailUrl":"https:\/\/tourtravelandmore.com\/wp-content\/uploads\/2020\/11\/oahu-7-scaled.jpg","datePublished":"2020-11-03T10:28:13+00:00","dateModified":"2021-05-17T07:55:28+00:00","description":"\u2192 Reserva nuestro Tour Privado a la isla de Oahu para disfrutar lo mejor del \u00e1rea de Oahu. Una experiencia privada verdaderamente asombrosa \u2705","breadcrumb":{"@id":"https:\/\/tourtravelandmore.com\/es\/tours\/eeuu-es\/hawaii-es\/oahu-es\/tour-privado-por-el-oahu\/#breadcrumb"},"inLanguage":"es","potentialAction":[{"@type":"ReadAction","target":["https:\/\/tourtravelandmore.com\/es\/tours\/eeuu-es\/hawaii-es\/oahu-es\/tour-privado-por-el-oahu\/"]}]},{"@type":"ImageObject","inLanguage":"es","@id":"https:\/\/tourtravelandmore.com\/es\/tours\/eeuu-es\/hawaii-es\/oahu-es\/tour-privado-por-el-oahu\/#primaryimage","url":"https:\/\/tourtravelandmore.com\/wp-content\/uploads\/2020\/11\/oahu-7-scaled.jpg","contentUrl":"https:\/\/tourtravelandmore.com\/wp-content\/uploads\/2020\/11\/oahu-7-scaled.jpg","width":8239,"height":5493},{"@type":"BreadcrumbList","@id":"https:\/\/tourtravelandmore.com\/es\/tours\/eeuu-es\/hawaii-es\/oahu-es\/tour-privado-por-el-oahu\/#breadcrumb","itemListElement":[{"@type":"ListItem","position":1,"name":"Home","item":"https:\/\/tourtravelandmore.com\/es\/"},{"@type":"ListItem","position":2,"name":"Tours","item":"https:\/\/tourtravelandmore.com\/es\/tours\/"},{"@type":"ListItem","position":3,"name":"Tour privado a la isla de Oahu"}]},{"@type":"WebSite","@id":"https:\/\/tourtravelandmore.com\/es\/#website","url":"https:\/\/tourtravelandmore.com\/es\/","name":"Tour Travel And More","description":"Private sightseeing tours and luxury transfers in Spain","publisher":{"@id":"https:\/\/tourtravelandmore.com\/es\/#organization"},"potentialAction":[{"@type":"SearchAction","target":{"@type":"EntryPoint","urlTemplate":"https:\/\/tourtravelandmore.com\/es\/?s={search_term_string}"},"query-input":{"@type":"PropertyValueSpecification","valueRequired":true,"valueName":"search_term_string"}}],"inLanguage":"es"},{"@type":"Organization","@id":"https:\/\/tourtravelandmore.com\/es\/#organization","name":"Tour Travel And More","url":"https:\/\/tourtravelandmore.com\/es\/","logo":{"@type":"ImageObject","inLanguage":"es","@id":"https:\/\/tourtravelandmore.com\/es\/#\/schema\/logo\/image\/","url":"https:\/\/tourtravelandmore.com\/wp-content\/uploads\/2022\/12\/cropped-logo-cabecera-new.png","contentUrl":"https:\/\/tourtravelandmore.com\/wp-content\/uploads\/2022\/12\/cropped-logo-cabecera-new.png","width":430,"height":61,"caption":"Tour Travel And More"},"image":{"@id":"https:\/\/tourtravelandmore.com\/es\/#\/schema\/logo\/image\/"},"sameAs":["https:\/\/www.facebook.com\/tourtravelandmore\/","https:\/\/x.com\/TourTravel_More"]}]}},"_links":{"self":[{"href":"https:\/\/tourtravelandmore.com\/es\/wp-json\/wp\/v2\/product\/85843","targetHints":{"allow":["GET"]}}],"collection":[{"href":"https:\/\/tourtravelandmore.com\/es\/wp-json\/wp\/v2\/product"}],"about":[{"href":"https:\/\/tourtravelandmore.com\/es\/wp-json\/wp\/v2\/types\/product"}],"replies":[{"embeddable":true,"href":"https:\/\/tourtravelandmore.com\/es\/wp-json\/wp\/v2\/comments?post=85843"}],"wp:featuredmedia":[{"embeddable":true,"href":"https:\/\/tourtravelandmore.com\/es\/wp-json\/wp\/v2\/media\/85886"}],"wp:attachment":[{"href":"https:\/\/tourtravelandmore.com\/es\/wp-json\/wp\/v2\/media?parent=85843"}],"wp:term":[{"taxonomy":"product_brand","embeddable":true,"href":"https:\/\/tourtravelandmore.com\/es\/wp-json\/wp\/v2\/product_brand?post=85843"},{"taxonomy":"product_cat","embeddable":true,"href":"https:\/\/tourtravelandmore.com\/es\/wp-json\/wp\/v2\/product_cat?post=85843"},{"taxonomy":"product_tag","embeddable":true,"href":"https:\/\/tourtravelandmore.com\/es\/wp-json\/wp\/v2\/product_tag?post=85843"}],"curies":[{"name":"wp","href":"https:\/\/api.w.org\/{rel}","templated":true}]}}