{"id":85765,"date":"2020-11-02T12:19:01","date_gmt":"2020-11-02T11:19:02","guid":{"rendered":"https:\/\/tourtravelandmore.com\/?post_type=product&#038;p=85765"},"modified":"2021-06-07T15:15:12","modified_gmt":"2021-06-07T13:15:12","slug":"tour-privado-por-el-oeste-de-maui","status":"publish","type":"product","link":"https:\/\/tourtravelandmore.com\/es\/tours\/eeuu-es\/hawaii-es\/maui-es\/tour-privado-por-el-oeste-de-maui\/","title":{"rendered":"Tour privado por el oeste de Maui"},"content":{"rendered":"<h2 class=\"p1\"><span class=\"s1\"><b>Descripci\u00f3n del Tour Privado<\/b><\/span><\/h2>\n<p>Nuestro tour privado por el oeste de<strong> Maui<\/strong> es una excelente manera de descubrir esta parte de la isla. \u00a1Esta zona te dejar\u00e1 sin aliento!<\/p>\n<p>Como todos nuestros tours, este Tour Privado de West Maui est\u00e1 completamente personalizado. Hay mucho que hacer y ver en Maui, es por eso que podemos personalizar y adaptar su experiencia para este tour privado por el oeste de Maui.<\/p>\n<p>Para este tour privado, podemos tener un recorrido tur\u00edstico incre\u00edble, visitar el Valle de Iao y una experiencia m\u00e1s de senderismo. Es por eso que podemos personalizar el recorrido para usted. Podemos centrarnos en la historia y la cultura que puedes encontrar en Maui. D\u00e9jenos saber qu\u00e9 prefiere; un recorrido m\u00e1s hist\u00f3rico y tur\u00edstico o una experiencia de senderismo m\u00e1s aventurera.<\/p>\n<p>Ambas opciones se pueden realizar durante este tour privado de 8 horas por Maui.<\/p>\n<h2>Itinerario del Tour<\/h2>\n<p>Despu\u00e9s de una c\u00f3moda recogida, comenzaremos este tour privado a medida para usted. \u00a1Nuestros expertos en viajes lo ayudar\u00e1n a organizar un tour privado incre\u00edble para usted!<\/p>\n<p>En el pasado, esta parte de Maui incluso se consideraba la capital del Reino de Hawai. Aqu\u00ed es donde puedes encontrar a la realeza hawaiana. \u00a1Hoy, perm\u00edtanos llevarlo a esta experiencia y disfrutar de lo mejor de los resorts, la historia, las compras, los restaurantes y las excelentes actividades!<\/p>\n<h2>Puntos de inter\u00e9s en el oeste de Maui<\/h2>\n<p>Aqu\u00ed hay algunos aspectos destacados que puede disfrutar en nuestro Tour privado por el oeste de Maui:<\/p>\n<ul>\n<li><strong>Ciudad hist\u00f3rica de Lahaina<\/strong><\/li>\n<li><strong>Mirador Pali<\/strong><\/li>\n<li><strong>\u00c1rbol de Banyan Lahaina<\/strong><\/li>\n<li><strong>Kapalua<\/strong><\/li>\n<li><strong>Playa de Kaanapali<\/strong><\/li>\n<li><strong>Nakalele Blowhole<\/strong><\/li>\n<li><strong>Sendero de la zona de guerra \u00e1cida<\/strong><\/li>\n<li><strong>Casa del acantilado<\/strong><\/li>\n<li><strong>Bah\u00eda de Honolua<\/strong><\/li>\n<li><strong>Piscinas de olivino, pozas de marea<\/strong><\/li>\n<li><strong>Sendero Ohai Loop<\/strong><\/li>\n<li><strong>Pueblo de Kahakuloa<\/strong><\/li>\n<\/ul>\n<p>Termine este recorrido privado con un traslado privado a su hotel o lugar de elecci\u00f3n en Maui. \u00a1Nuestros expertos en viajes de Tour Travel &amp; More est\u00e1n aqu\u00ed para hacer que su d\u00eda sea inolvidable!<\/p>\n<p><a href=\"https:\/\/tourtravelandmore.com\/es\/ciudad\/eeuu-es\/hawaii-es\/\" target=\"_blank\" rel=\"noopener noreferrer\">\u00a1No se pierda lo que tenemos para ofrecer en las islas de Haw\u00e1i!<\/a><\/p>\n","protected":false},"excerpt":{"rendered":"<p>\u00danase a nosotros en este tour privado de West Maui y tenga la oportunidad de disfrutar lo mejor del \u00e1rea de West Maui. Una experiencia privada verdaderamente asombrosa.<\/p>\n","protected":false},"featured_media":85786,"comment_status":"open","ping_status":"closed","template":"","meta":{"_acf_changed":false},"product_brand":[],"product_cat":[1602,2709,2726],"product_tag":[],"class_list":{"0":"post-85765","1":"product","2":"type-product","3":"status-publish","4":"has-post-thumbnail","6":"product_cat-eeuu-es","7":"product_cat-hawaii-es","8":"product_cat-maui-es","10":"first","11":"instock","12":"shipping-taxable","13":"purchasable","14":"product-type-simple"},"acf":[],"yoast_head":"<!-- This site is optimized with the Yoast SEO Premium plugin v25.3.1 (Yoast SEO v25.3.1) - https:\/\/yoast.com\/wordpress\/plugins\/seo\/ -->\n<title>Tour Privado Road to Hana con veh\u00edculo con chofer privado<\/title>\n<meta name=\"description\" content=\"\u2192 Disfrute de este Tour Privado Road to Hana. Acompa\u00f1enos a conocer de los lugares mas emblem\u00e1ticos de esta hermosa isla \u2705\" \/>\n<meta name=\"robots\" content=\"index, follow, max-snippet:-1, max-image-preview:large, max-video-preview:-1\" \/>\n<link rel=\"canonical\" href=\"https:\/\/tourtravelandmore.com\/es\/tours\/eeuu-es\/hawaii-es\/maui-es\/tour-privado-por-el-oeste-de-maui\/\" \/>\n<meta property=\"og:locale\" content=\"es_ES\" \/>\n<meta property=\"og:type\" content=\"article\" \/>\n<meta property=\"og:title\" content=\"Tour privado por el oeste de Maui\" \/>\n<meta property=\"og:description\" content=\"\u2192 Disfrute de este Tour Privado Road to Hana. Acompa\u00f1enos a conocer de los lugares mas emblem\u00e1ticos de esta hermosa isla \u2705\" \/>\n<meta property=\"og:url\" content=\"https:\/\/tourtravelandmore.com\/es\/tours\/eeuu-es\/hawaii-es\/maui-es\/tour-privado-por-el-oeste-de-maui\/\" \/>\n<meta property=\"og:site_name\" content=\"Tour Travel And More\" \/>\n<meta property=\"article:publisher\" content=\"https:\/\/www.facebook.com\/tourtravelandmore\/\" \/>\n<meta property=\"article:modified_time\" content=\"2021-06-07T13:15:12+00:00\" \/>\n<meta property=\"og:image\" content=\"https:\/\/tourtravelandmore.com\/wp-content\/uploads\/2020\/11\/West-maui-3-scaled.jpg\" \/>\n\t<meta property=\"og:image:width\" content=\"2560\" \/>\n\t<meta property=\"og:image:height\" content=\"1707\" \/>\n\t<meta property=\"og:image:type\" content=\"image\/jpeg\" \/>\n<meta name=\"twitter:card\" content=\"summary_large_image\" \/>\n<meta name=\"twitter:site\" content=\"@TourTravel_More\" \/>\n<meta name=\"twitter:label1\" content=\"Tiempo de lectura\" \/>\n\t<meta name=\"twitter:data1\" content=\"2 minutos\" \/>\n<script type=\"application\/ld+json\" class=\"yoast-schema-graph\">{\"@context\":\"https:\/\/schema.org\",\"@graph\":[{\"@type\":\"WebPage\",\"@id\":\"https:\/\/tourtravelandmore.com\/es\/tours\/eeuu-es\/hawaii-es\/maui-es\/tour-privado-por-el-oeste-de-maui\/\",\"url\":\"https:\/\/tourtravelandmore.com\/es\/tours\/eeuu-es\/hawaii-es\/maui-es\/tour-privado-por-el-oeste-de-maui\/\",\"name\":\"Tour Privado Road to Hana con veh\u00edculo con chofer privado\",\"isPartOf\":{\"@id\":\"https:\/\/tourtravelandmore.com\/es\/#website\"},\"primaryImageOfPage\":{\"@id\":\"https:\/\/tourtravelandmore.com\/es\/tours\/eeuu-es\/hawaii-es\/maui-es\/tour-privado-por-el-oeste-de-maui\/#primaryimage\"},\"image\":{\"@id\":\"https:\/\/tourtravelandmore.com\/es\/tours\/eeuu-es\/hawaii-es\/maui-es\/tour-privado-por-el-oeste-de-maui\/#primaryimage\"},\"thumbnailUrl\":\"https:\/\/tourtravelandmore.com\/wp-content\/uploads\/2020\/11\/West-maui-3-scaled.jpg\",\"datePublished\":\"2020-11-02T11:19:02+00:00\",\"dateModified\":\"2021-06-07T13:15:12+00:00\",\"description\":\"\u2192 Disfrute de este Tour Privado Road to Hana. Acompa\u00f1enos a conocer de los lugares mas emblem\u00e1ticos de esta hermosa isla \u2705\",\"breadcrumb\":{\"@id\":\"https:\/\/tourtravelandmore.com\/es\/tours\/eeuu-es\/hawaii-es\/maui-es\/tour-privado-por-el-oeste-de-maui\/#breadcrumb\"},\"inLanguage\":\"es\",\"potentialAction\":[{\"@type\":\"ReadAction\",\"target\":[\"https:\/\/tourtravelandmore.com\/es\/tours\/eeuu-es\/hawaii-es\/maui-es\/tour-privado-por-el-oeste-de-maui\/\"]}]},{\"@type\":\"ImageObject\",\"inLanguage\":\"es\",\"@id\":\"https:\/\/tourtravelandmore.com\/es\/tours\/eeuu-es\/hawaii-es\/maui-es\/tour-privado-por-el-oeste-de-maui\/#primaryimage\",\"url\":\"https:\/\/tourtravelandmore.com\/wp-content\/uploads\/2020\/11\/West-maui-3-scaled.jpg\",\"contentUrl\":\"https:\/\/tourtravelandmore.com\/wp-content\/uploads\/2020\/11\/West-maui-3-scaled.jpg\",\"width\":2560,\"height\":1707},{\"@type\":\"BreadcrumbList\",\"@id\":\"https:\/\/tourtravelandmore.com\/es\/tours\/eeuu-es\/hawaii-es\/maui-es\/tour-privado-por-el-oeste-de-maui\/#breadcrumb\",\"itemListElement\":[{\"@type\":\"ListItem\",\"position\":1,\"name\":\"Home\",\"item\":\"https:\/\/tourtravelandmore.com\/es\/\"},{\"@type\":\"ListItem\",\"position\":2,\"name\":\"Tours\",\"item\":\"https:\/\/tourtravelandmore.com\/es\/tours\/\"},{\"@type\":\"ListItem\",\"position\":3,\"name\":\"Tour privado por el oeste de Maui\"}]},{\"@type\":\"WebSite\",\"@id\":\"https:\/\/tourtravelandmore.com\/es\/#website\",\"url\":\"https:\/\/tourtravelandmore.com\/es\/\",\"name\":\"Tour Travel And More\",\"description\":\"Private sightseeing tours and luxury transfers in Spain\",\"publisher\":{\"@id\":\"https:\/\/tourtravelandmore.com\/es\/#organization\"},\"potentialAction\":[{\"@type\":\"SearchAction\",\"target\":{\"@type\":\"EntryPoint\",\"urlTemplate\":\"https:\/\/tourtravelandmore.com\/es\/?s={search_term_string}\"},\"query-input\":{\"@type\":\"PropertyValueSpecification\",\"valueRequired\":true,\"valueName\":\"search_term_string\"}}],\"inLanguage\":\"es\"},{\"@type\":\"Organization\",\"@id\":\"https:\/\/tourtravelandmore.com\/es\/#organization\",\"name\":\"Tour Travel And More\",\"url\":\"https:\/\/tourtravelandmore.com\/es\/\",\"logo\":{\"@type\":\"ImageObject\",\"inLanguage\":\"es\",\"@id\":\"https:\/\/tourtravelandmore.com\/es\/#\/schema\/logo\/image\/\",\"url\":\"https:\/\/tourtravelandmore.com\/wp-content\/uploads\/2022\/12\/cropped-logo-cabecera-new.png\",\"contentUrl\":\"https:\/\/tourtravelandmore.com\/wp-content\/uploads\/2022\/12\/cropped-logo-cabecera-new.png\",\"width\":430,\"height\":61,\"caption\":\"Tour Travel And More\"},\"image\":{\"@id\":\"https:\/\/tourtravelandmore.com\/es\/#\/schema\/logo\/image\/\"},\"sameAs\":[\"https:\/\/www.facebook.com\/tourtravelandmore\/\",\"https:\/\/x.com\/TourTravel_More\"]}]}<\/script>\n<!-- \/ Yoast SEO Premium plugin. -->","yoast_head_json":{"title":"Tour Privado Road to Hana con veh\u00edculo con chofer privado","description":"\u2192 Disfrute de este Tour Privado Road to Hana. Acompa\u00f1enos a conocer de los lugares mas emblem\u00e1ticos de esta hermosa isla \u2705","robots":{"index":"index","follow":"follow","max-snippet":"max-snippet:-1","max-image-preview":"max-image-preview:large","max-video-preview":"max-video-preview:-1"},"canonical":"https:\/\/tourtravelandmore.com\/es\/tours\/eeuu-es\/hawaii-es\/maui-es\/tour-privado-por-el-oeste-de-maui\/","og_locale":"es_ES","og_type":"article","og_title":"Tour privado por el oeste de Maui","og_description":"\u2192 Disfrute de este Tour Privado Road to Hana. Acompa\u00f1enos a conocer de los lugares mas emblem\u00e1ticos de esta hermosa isla \u2705","og_url":"https:\/\/tourtravelandmore.com\/es\/tours\/eeuu-es\/hawaii-es\/maui-es\/tour-privado-por-el-oeste-de-maui\/","og_site_name":"Tour Travel And More","article_publisher":"https:\/\/www.facebook.com\/tourtravelandmore\/","article_modified_time":"2021-06-07T13:15:12+00:00","og_image":[{"width":2560,"height":1707,"url":"https:\/\/tourtravelandmore.com\/wp-content\/uploads\/2020\/11\/West-maui-3-scaled.jpg","type":"image\/jpeg"}],"twitter_card":"summary_large_image","twitter_site":"@TourTravel_More","twitter_misc":{"Tiempo de lectura":"2 minutos"},"schema":{"@context":"https:\/\/schema.org","@graph":[{"@type":"WebPage","@id":"https:\/\/tourtravelandmore.com\/es\/tours\/eeuu-es\/hawaii-es\/maui-es\/tour-privado-por-el-oeste-de-maui\/","url":"https:\/\/tourtravelandmore.com\/es\/tours\/eeuu-es\/hawaii-es\/maui-es\/tour-privado-por-el-oeste-de-maui\/","name":"Tour Privado Road to Hana con veh\u00edculo con chofer privado","isPartOf":{"@id":"https:\/\/tourtravelandmore.com\/es\/#website"},"primaryImageOfPage":{"@id":"https:\/\/tourtravelandmore.com\/es\/tours\/eeuu-es\/hawaii-es\/maui-es\/tour-privado-por-el-oeste-de-maui\/#primaryimage"},"image":{"@id":"https:\/\/tourtravelandmore.com\/es\/tours\/eeuu-es\/hawaii-es\/maui-es\/tour-privado-por-el-oeste-de-maui\/#primaryimage"},"thumbnailUrl":"https:\/\/tourtravelandmore.com\/wp-content\/uploads\/2020\/11\/West-maui-3-scaled.jpg","datePublished":"2020-11-02T11:19:02+00:00","dateModified":"2021-06-07T13:15:12+00:00","description":"\u2192 Disfrute de este Tour Privado Road to Hana. Acompa\u00f1enos a conocer de los lugares mas emblem\u00e1ticos de esta hermosa isla \u2705","breadcrumb":{"@id":"https:\/\/tourtravelandmore.com\/es\/tours\/eeuu-es\/hawaii-es\/maui-es\/tour-privado-por-el-oeste-de-maui\/#breadcrumb"},"inLanguage":"es","potentialAction":[{"@type":"ReadAction","target":["https:\/\/tourtravelandmore.com\/es\/tours\/eeuu-es\/hawaii-es\/maui-es\/tour-privado-por-el-oeste-de-maui\/"]}]},{"@type":"ImageObject","inLanguage":"es","@id":"https:\/\/tourtravelandmore.com\/es\/tours\/eeuu-es\/hawaii-es\/maui-es\/tour-privado-por-el-oeste-de-maui\/#primaryimage","url":"https:\/\/tourtravelandmore.com\/wp-content\/uploads\/2020\/11\/West-maui-3-scaled.jpg","contentUrl":"https:\/\/tourtravelandmore.com\/wp-content\/uploads\/2020\/11\/West-maui-3-scaled.jpg","width":2560,"height":1707},{"@type":"BreadcrumbList","@id":"https:\/\/tourtravelandmore.com\/es\/tours\/eeuu-es\/hawaii-es\/maui-es\/tour-privado-por-el-oeste-de-maui\/#breadcrumb","itemListElement":[{"@type":"ListItem","position":1,"name":"Home","item":"https:\/\/tourtravelandmore.com\/es\/"},{"@type":"ListItem","position":2,"name":"Tours","item":"https:\/\/tourtravelandmore.com\/es\/tours\/"},{"@type":"ListItem","position":3,"name":"Tour privado por el oeste de Maui"}]},{"@type":"WebSite","@id":"https:\/\/tourtravelandmore.com\/es\/#website","url":"https:\/\/tourtravelandmore.com\/es\/","name":"Tour Travel And More","description":"Private sightseeing tours and luxury transfers in Spain","publisher":{"@id":"https:\/\/tourtravelandmore.com\/es\/#organization"},"potentialAction":[{"@type":"SearchAction","target":{"@type":"EntryPoint","urlTemplate":"https:\/\/tourtravelandmore.com\/es\/?s={search_term_string}"},"query-input":{"@type":"PropertyValueSpecification","valueRequired":true,"valueName":"search_term_string"}}],"inLanguage":"es"},{"@type":"Organization","@id":"https:\/\/tourtravelandmore.com\/es\/#organization","name":"Tour Travel And More","url":"https:\/\/tourtravelandmore.com\/es\/","logo":{"@type":"ImageObject","inLanguage":"es","@id":"https:\/\/tourtravelandmore.com\/es\/#\/schema\/logo\/image\/","url":"https:\/\/tourtravelandmore.com\/wp-content\/uploads\/2022\/12\/cropped-logo-cabecera-new.png","contentUrl":"https:\/\/tourtravelandmore.com\/wp-content\/uploads\/2022\/12\/cropped-logo-cabecera-new.png","width":430,"height":61,"caption":"Tour Travel And More"},"image":{"@id":"https:\/\/tourtravelandmore.com\/es\/#\/schema\/logo\/image\/"},"sameAs":["https:\/\/www.facebook.com\/tourtravelandmore\/","https:\/\/x.com\/TourTravel_More"]}]}},"_links":{"self":[{"href":"https:\/\/tourtravelandmore.com\/es\/wp-json\/wp\/v2\/product\/85765","targetHints":{"allow":["GET"]}}],"collection":[{"href":"https:\/\/tourtravelandmore.com\/es\/wp-json\/wp\/v2\/product"}],"about":[{"href":"https:\/\/tourtravelandmore.com\/es\/wp-json\/wp\/v2\/types\/product"}],"replies":[{"embeddable":true,"href":"https:\/\/tourtravelandmore.com\/es\/wp-json\/wp\/v2\/comments?post=85765"}],"wp:featuredmedia":[{"embeddable":true,"href":"https:\/\/tourtravelandmore.com\/es\/wp-json\/wp\/v2\/media\/85786"}],"wp:attachment":[{"href":"https:\/\/tourtravelandmore.com\/es\/wp-json\/wp\/v2\/media?parent=85765"}],"wp:term":[{"taxonomy":"product_brand","embeddable":true,"href":"https:\/\/tourtravelandmore.com\/es\/wp-json\/wp\/v2\/product_brand?post=85765"},{"taxonomy":"product_cat","embeddable":true,"href":"https:\/\/tourtravelandmore.com\/es\/wp-json\/wp\/v2\/product_cat?post=85765"},{"taxonomy":"product_tag","embeddable":true,"href":"https:\/\/tourtravelandmore.com\/es\/wp-json\/wp\/v2\/product_tag?post=85765"}],"curies":[{"name":"wp","href":"https:\/\/api.w.org\/{rel}","templated":true}]}}