{"id":85733,"date":"2020-11-02T12:03:13","date_gmt":"2020-11-02T11:03:14","guid":{"rendered":"https:\/\/tourtravelandmore.com\/?post_type=product&#038;p=85733"},"modified":"2021-06-07T15:02:54","modified_gmt":"2021-06-07T13:02:54","slug":"tour-privado-haleakala-lao-valley","status":"publish","type":"product","link":"https:\/\/tourtravelandmore.com\/es\/tours\/eeuu-es\/hawaii-es\/maui-es\/tour-privado-haleakala-lao-valley\/","title":{"rendered":"Tour privado de Haleakala y Iao Valley"},"content":{"rendered":"<h2 class=\"p1\"><span class=\"s1\"><b>Descripci\u00f3n del Tour Privado<\/b><\/span><\/h2>\n<p>Nuestro tour privado de Haleakala y Iao Valley para una experiencia incre\u00edble con vistas incre\u00edbles.<\/p>\n<p>Lo llevaremos al Parque Nacional Haleakala para un recorrido verdaderamente \u00fanico. Disfrute de las incre\u00edbles vistas de la isla de Maui.<\/p>\n<p>Maui tiene mucho m\u00e1s que playas incre\u00edbles. \u00a1Estas vistas de Haleakala y del valle de Iao son realmente una experiencia que le espera!<\/p>\n<p>En primer lugar, organizaremos una c\u00f3moda recogida en su hotel en Maui. Dependiendo de d\u00f3nde se encuentre su hotel, podr\u00eda haber un recargo.<\/p>\n<p>Luego nos dirigiremos hacia las incre\u00edbles ubicaciones de Haleakala y el valle de Iao.<\/p>\n<p>Tambi\u00e9n tendr\u00e1 tiempo para disfrutar de un bocado. Podemos personalizar este tour para satisfacer sus propias necesidades. Esto puede incluir paradas de compras, paradas de comida o cualquier cosa que desee.<\/p>\n<h2>Itinerario del Tour Haleakala y Iao Valley<\/h2>\n<p>Despu\u00e9s de que lo recojamos, comenzaremos este tour privado de Haleakala y Iao Valley en Maui. Nuestro gu\u00eda tur\u00edstico es un experto en esta incre\u00edble isla y est\u00e1 aqu\u00ed para hacer que su experiencia sea memorable.<\/p>\n<h2>Puntos de inter\u00e9s en Haleakala y Iao Valley<\/h2>\n<p>Aqu\u00ed hay algunas paradas y destinos que puede disfrutar:<\/p>\n<ul>\n<li><strong>Vistas en el cr\u00e1ter del Parque Nacional Haleakala.<\/strong><\/li>\n<li><strong>Punto de observaci\u00f3n de Red Hill<\/strong><\/li>\n<li><strong>Plantas end\u00e9micas de espada plateada<\/strong><\/li>\n<li><strong>Pa Ka&#8217;oao. Esto tambi\u00e9n se conoce como el sendero White Hill<\/strong><\/li>\n<li><strong>Centros de visitantes del Parque Nacional<\/strong><\/li>\n<li><strong>Mirador de Kalahaku<\/strong><\/li>\n<li><strong>Sendero natural de Hosmer&#8217;s Grove, aves end\u00e9micas<\/strong><\/li>\n<li><strong>Parque estatal Iao Valley<\/strong><\/li>\n<li><strong>\u00a1Mucho m\u00e1s!<\/strong><\/li>\n<\/ul>\n<p>Tenga una vista en nuestros <a href=\"https:\/\/tourtravelandmore.com\/es\/ciudad\/eeuu-es\/hawaii-es\/\" target=\"_blank\" rel=\"noopener noreferrer\">tours privados de Haw\u00e1i<\/a>. Ofrecemos tours privados en cualquiera de las 6 islas hawaianas. En Tour Travel &amp; More, tambi\u00e9n ofrecemos experiencias privadas en todo el mundo. \u00a1No te pierdas nuestros tours privados aqu\u00ed!<\/p>\n","protected":false},"excerpt":{"rendered":"<p>\u00danase a nosotros en este tour privado de<strong> Haleakala y Iao Valley<\/strong> y tenga la oportunidad de disfrutar lo mejor de la isla de <strong>Maui.\u00a0<\/strong><\/p>\n","protected":false},"featured_media":85744,"comment_status":"open","ping_status":"closed","template":"","meta":{"_acf_changed":false},"product_brand":[],"product_cat":[1602,2709,2726],"product_tag":[],"class_list":{"0":"post-85733","1":"product","2":"type-product","3":"status-publish","4":"has-post-thumbnail","6":"product_cat-eeuu-es","7":"product_cat-hawaii-es","8":"product_cat-maui-es","10":"first","11":"instock","12":"shipping-taxable","13":"purchasable","14":"product-type-simple"},"acf":[],"yoast_head":"<!-- This site is optimized with the Yoast SEO Premium plugin v25.3.1 (Yoast SEO v25.3.1) - https:\/\/yoast.com\/wordpress\/plugins\/seo\/ -->\n<title>Tour Privado Road to Hana con veh\u00edculo | Tour Travel &amp; More<\/title>\n<meta name=\"description\" content=\"\u2192 Disfrute de este Tour Privado Road to Hana. Acompa\u00f1enos a conocer de los lugares mas emblem\u00e1ticos de esta hermosa isla \u2705\" \/>\n<meta name=\"robots\" content=\"index, follow, max-snippet:-1, max-image-preview:large, max-video-preview:-1\" \/>\n<link rel=\"canonical\" href=\"https:\/\/tourtravelandmore.com\/es\/tours\/eeuu-es\/hawaii-es\/maui-es\/tour-privado-haleakala-lao-valley\/\" \/>\n<meta property=\"og:locale\" content=\"es_ES\" \/>\n<meta property=\"og:type\" content=\"article\" \/>\n<meta property=\"og:title\" content=\"Tour privado de Haleakala y Iao Valley\" \/>\n<meta property=\"og:description\" content=\"\u2192 Disfrute de este Tour Privado Road to Hana. Acompa\u00f1enos a conocer de los lugares mas emblem\u00e1ticos de esta hermosa isla \u2705\" \/>\n<meta property=\"og:url\" content=\"https:\/\/tourtravelandmore.com\/es\/tours\/eeuu-es\/hawaii-es\/maui-es\/tour-privado-haleakala-lao-valley\/\" \/>\n<meta property=\"og:site_name\" content=\"Tour Travel And More\" \/>\n<meta property=\"article:publisher\" content=\"https:\/\/www.facebook.com\/tourtravelandmore\/\" \/>\n<meta property=\"article:modified_time\" content=\"2021-06-07T13:02:54+00:00\" \/>\n<meta property=\"og:image\" content=\"https:\/\/tourtravelandmore.com\/wp-content\/uploads\/2020\/11\/Maui-1-scaled.jpg\" \/>\n\t<meta property=\"og:image:width\" content=\"2560\" \/>\n\t<meta property=\"og:image:height\" content=\"1920\" \/>\n\t<meta property=\"og:image:type\" content=\"image\/jpeg\" \/>\n<meta name=\"twitter:card\" content=\"summary_large_image\" \/>\n<meta name=\"twitter:site\" content=\"@TourTravel_More\" \/>\n<meta name=\"twitter:label1\" content=\"Tiempo de lectura\" \/>\n\t<meta name=\"twitter:data1\" content=\"2 minutos\" \/>\n<script type=\"application\/ld+json\" class=\"yoast-schema-graph\">{\"@context\":\"https:\/\/schema.org\",\"@graph\":[{\"@type\":\"WebPage\",\"@id\":\"https:\/\/tourtravelandmore.com\/es\/tours\/eeuu-es\/hawaii-es\/maui-es\/tour-privado-haleakala-lao-valley\/\",\"url\":\"https:\/\/tourtravelandmore.com\/es\/tours\/eeuu-es\/hawaii-es\/maui-es\/tour-privado-haleakala-lao-valley\/\",\"name\":\"Tour Privado Road to Hana con veh\u00edculo | Tour Travel & More\",\"isPartOf\":{\"@id\":\"https:\/\/tourtravelandmore.com\/es\/#website\"},\"primaryImageOfPage\":{\"@id\":\"https:\/\/tourtravelandmore.com\/es\/tours\/eeuu-es\/hawaii-es\/maui-es\/tour-privado-haleakala-lao-valley\/#primaryimage\"},\"image\":{\"@id\":\"https:\/\/tourtravelandmore.com\/es\/tours\/eeuu-es\/hawaii-es\/maui-es\/tour-privado-haleakala-lao-valley\/#primaryimage\"},\"thumbnailUrl\":\"https:\/\/tourtravelandmore.com\/wp-content\/uploads\/2020\/11\/Maui-1-scaled.jpg\",\"datePublished\":\"2020-11-02T11:03:14+00:00\",\"dateModified\":\"2021-06-07T13:02:54+00:00\",\"description\":\"\u2192 Disfrute de este Tour Privado Road to Hana. Acompa\u00f1enos a conocer de los lugares mas emblem\u00e1ticos de esta hermosa isla \u2705\",\"breadcrumb\":{\"@id\":\"https:\/\/tourtravelandmore.com\/es\/tours\/eeuu-es\/hawaii-es\/maui-es\/tour-privado-haleakala-lao-valley\/#breadcrumb\"},\"inLanguage\":\"es\",\"potentialAction\":[{\"@type\":\"ReadAction\",\"target\":[\"https:\/\/tourtravelandmore.com\/es\/tours\/eeuu-es\/hawaii-es\/maui-es\/tour-privado-haleakala-lao-valley\/\"]}]},{\"@type\":\"ImageObject\",\"inLanguage\":\"es\",\"@id\":\"https:\/\/tourtravelandmore.com\/es\/tours\/eeuu-es\/hawaii-es\/maui-es\/tour-privado-haleakala-lao-valley\/#primaryimage\",\"url\":\"https:\/\/tourtravelandmore.com\/wp-content\/uploads\/2020\/11\/Maui-1-scaled.jpg\",\"contentUrl\":\"https:\/\/tourtravelandmore.com\/wp-content\/uploads\/2020\/11\/Maui-1-scaled.jpg\",\"width\":2560,\"height\":1920},{\"@type\":\"BreadcrumbList\",\"@id\":\"https:\/\/tourtravelandmore.com\/es\/tours\/eeuu-es\/hawaii-es\/maui-es\/tour-privado-haleakala-lao-valley\/#breadcrumb\",\"itemListElement\":[{\"@type\":\"ListItem\",\"position\":1,\"name\":\"Home\",\"item\":\"https:\/\/tourtravelandmore.com\/es\/\"},{\"@type\":\"ListItem\",\"position\":2,\"name\":\"Tours\",\"item\":\"https:\/\/tourtravelandmore.com\/es\/tours\/\"},{\"@type\":\"ListItem\",\"position\":3,\"name\":\"Tour privado de Haleakala y Iao Valley\"}]},{\"@type\":\"WebSite\",\"@id\":\"https:\/\/tourtravelandmore.com\/es\/#website\",\"url\":\"https:\/\/tourtravelandmore.com\/es\/\",\"name\":\"Tour Travel And More\",\"description\":\"Private sightseeing tours and luxury transfers in Spain\",\"publisher\":{\"@id\":\"https:\/\/tourtravelandmore.com\/es\/#organization\"},\"potentialAction\":[{\"@type\":\"SearchAction\",\"target\":{\"@type\":\"EntryPoint\",\"urlTemplate\":\"https:\/\/tourtravelandmore.com\/es\/?s={search_term_string}\"},\"query-input\":{\"@type\":\"PropertyValueSpecification\",\"valueRequired\":true,\"valueName\":\"search_term_string\"}}],\"inLanguage\":\"es\"},{\"@type\":\"Organization\",\"@id\":\"https:\/\/tourtravelandmore.com\/es\/#organization\",\"name\":\"Tour Travel And More\",\"url\":\"https:\/\/tourtravelandmore.com\/es\/\",\"logo\":{\"@type\":\"ImageObject\",\"inLanguage\":\"es\",\"@id\":\"https:\/\/tourtravelandmore.com\/es\/#\/schema\/logo\/image\/\",\"url\":\"https:\/\/tourtravelandmore.com\/wp-content\/uploads\/2022\/12\/cropped-logo-cabecera-new.png\",\"contentUrl\":\"https:\/\/tourtravelandmore.com\/wp-content\/uploads\/2022\/12\/cropped-logo-cabecera-new.png\",\"width\":430,\"height\":61,\"caption\":\"Tour Travel And More\"},\"image\":{\"@id\":\"https:\/\/tourtravelandmore.com\/es\/#\/schema\/logo\/image\/\"},\"sameAs\":[\"https:\/\/www.facebook.com\/tourtravelandmore\/\",\"https:\/\/x.com\/TourTravel_More\"]}]}<\/script>\n<!-- \/ Yoast SEO Premium plugin. -->","yoast_head_json":{"title":"Tour Privado Road to Hana con veh\u00edculo | Tour Travel & More","description":"\u2192 Disfrute de este Tour Privado Road to Hana. Acompa\u00f1enos a conocer de los lugares mas emblem\u00e1ticos de esta hermosa isla \u2705","robots":{"index":"index","follow":"follow","max-snippet":"max-snippet:-1","max-image-preview":"max-image-preview:large","max-video-preview":"max-video-preview:-1"},"canonical":"https:\/\/tourtravelandmore.com\/es\/tours\/eeuu-es\/hawaii-es\/maui-es\/tour-privado-haleakala-lao-valley\/","og_locale":"es_ES","og_type":"article","og_title":"Tour privado de Haleakala y Iao Valley","og_description":"\u2192 Disfrute de este Tour Privado Road to Hana. Acompa\u00f1enos a conocer de los lugares mas emblem\u00e1ticos de esta hermosa isla \u2705","og_url":"https:\/\/tourtravelandmore.com\/es\/tours\/eeuu-es\/hawaii-es\/maui-es\/tour-privado-haleakala-lao-valley\/","og_site_name":"Tour Travel And More","article_publisher":"https:\/\/www.facebook.com\/tourtravelandmore\/","article_modified_time":"2021-06-07T13:02:54+00:00","og_image":[{"width":2560,"height":1920,"url":"https:\/\/tourtravelandmore.com\/wp-content\/uploads\/2020\/11\/Maui-1-scaled.jpg","type":"image\/jpeg"}],"twitter_card":"summary_large_image","twitter_site":"@TourTravel_More","twitter_misc":{"Tiempo de lectura":"2 minutos"},"schema":{"@context":"https:\/\/schema.org","@graph":[{"@type":"WebPage","@id":"https:\/\/tourtravelandmore.com\/es\/tours\/eeuu-es\/hawaii-es\/maui-es\/tour-privado-haleakala-lao-valley\/","url":"https:\/\/tourtravelandmore.com\/es\/tours\/eeuu-es\/hawaii-es\/maui-es\/tour-privado-haleakala-lao-valley\/","name":"Tour Privado Road to Hana con veh\u00edculo | Tour Travel & More","isPartOf":{"@id":"https:\/\/tourtravelandmore.com\/es\/#website"},"primaryImageOfPage":{"@id":"https:\/\/tourtravelandmore.com\/es\/tours\/eeuu-es\/hawaii-es\/maui-es\/tour-privado-haleakala-lao-valley\/#primaryimage"},"image":{"@id":"https:\/\/tourtravelandmore.com\/es\/tours\/eeuu-es\/hawaii-es\/maui-es\/tour-privado-haleakala-lao-valley\/#primaryimage"},"thumbnailUrl":"https:\/\/tourtravelandmore.com\/wp-content\/uploads\/2020\/11\/Maui-1-scaled.jpg","datePublished":"2020-11-02T11:03:14+00:00","dateModified":"2021-06-07T13:02:54+00:00","description":"\u2192 Disfrute de este Tour Privado Road to Hana. Acompa\u00f1enos a conocer de los lugares mas emblem\u00e1ticos de esta hermosa isla \u2705","breadcrumb":{"@id":"https:\/\/tourtravelandmore.com\/es\/tours\/eeuu-es\/hawaii-es\/maui-es\/tour-privado-haleakala-lao-valley\/#breadcrumb"},"inLanguage":"es","potentialAction":[{"@type":"ReadAction","target":["https:\/\/tourtravelandmore.com\/es\/tours\/eeuu-es\/hawaii-es\/maui-es\/tour-privado-haleakala-lao-valley\/"]}]},{"@type":"ImageObject","inLanguage":"es","@id":"https:\/\/tourtravelandmore.com\/es\/tours\/eeuu-es\/hawaii-es\/maui-es\/tour-privado-haleakala-lao-valley\/#primaryimage","url":"https:\/\/tourtravelandmore.com\/wp-content\/uploads\/2020\/11\/Maui-1-scaled.jpg","contentUrl":"https:\/\/tourtravelandmore.com\/wp-content\/uploads\/2020\/11\/Maui-1-scaled.jpg","width":2560,"height":1920},{"@type":"BreadcrumbList","@id":"https:\/\/tourtravelandmore.com\/es\/tours\/eeuu-es\/hawaii-es\/maui-es\/tour-privado-haleakala-lao-valley\/#breadcrumb","itemListElement":[{"@type":"ListItem","position":1,"name":"Home","item":"https:\/\/tourtravelandmore.com\/es\/"},{"@type":"ListItem","position":2,"name":"Tours","item":"https:\/\/tourtravelandmore.com\/es\/tours\/"},{"@type":"ListItem","position":3,"name":"Tour privado de Haleakala y Iao Valley"}]},{"@type":"WebSite","@id":"https:\/\/tourtravelandmore.com\/es\/#website","url":"https:\/\/tourtravelandmore.com\/es\/","name":"Tour Travel And More","description":"Private sightseeing tours and luxury transfers in Spain","publisher":{"@id":"https:\/\/tourtravelandmore.com\/es\/#organization"},"potentialAction":[{"@type":"SearchAction","target":{"@type":"EntryPoint","urlTemplate":"https:\/\/tourtravelandmore.com\/es\/?s={search_term_string}"},"query-input":{"@type":"PropertyValueSpecification","valueRequired":true,"valueName":"search_term_string"}}],"inLanguage":"es"},{"@type":"Organization","@id":"https:\/\/tourtravelandmore.com\/es\/#organization","name":"Tour Travel And More","url":"https:\/\/tourtravelandmore.com\/es\/","logo":{"@type":"ImageObject","inLanguage":"es","@id":"https:\/\/tourtravelandmore.com\/es\/#\/schema\/logo\/image\/","url":"https:\/\/tourtravelandmore.com\/wp-content\/uploads\/2022\/12\/cropped-logo-cabecera-new.png","contentUrl":"https:\/\/tourtravelandmore.com\/wp-content\/uploads\/2022\/12\/cropped-logo-cabecera-new.png","width":430,"height":61,"caption":"Tour Travel And More"},"image":{"@id":"https:\/\/tourtravelandmore.com\/es\/#\/schema\/logo\/image\/"},"sameAs":["https:\/\/www.facebook.com\/tourtravelandmore\/","https:\/\/x.com\/TourTravel_More"]}]}},"_links":{"self":[{"href":"https:\/\/tourtravelandmore.com\/es\/wp-json\/wp\/v2\/product\/85733","targetHints":{"allow":["GET"]}}],"collection":[{"href":"https:\/\/tourtravelandmore.com\/es\/wp-json\/wp\/v2\/product"}],"about":[{"href":"https:\/\/tourtravelandmore.com\/es\/wp-json\/wp\/v2\/types\/product"}],"replies":[{"embeddable":true,"href":"https:\/\/tourtravelandmore.com\/es\/wp-json\/wp\/v2\/comments?post=85733"}],"wp:featuredmedia":[{"embeddable":true,"href":"https:\/\/tourtravelandmore.com\/es\/wp-json\/wp\/v2\/media\/85744"}],"wp:attachment":[{"href":"https:\/\/tourtravelandmore.com\/es\/wp-json\/wp\/v2\/media?parent=85733"}],"wp:term":[{"taxonomy":"product_brand","embeddable":true,"href":"https:\/\/tourtravelandmore.com\/es\/wp-json\/wp\/v2\/product_brand?post=85733"},{"taxonomy":"product_cat","embeddable":true,"href":"https:\/\/tourtravelandmore.com\/es\/wp-json\/wp\/v2\/product_cat?post=85733"},{"taxonomy":"product_tag","embeddable":true,"href":"https:\/\/tourtravelandmore.com\/es\/wp-json\/wp\/v2\/product_tag?post=85733"}],"curies":[{"name":"wp","href":"https:\/\/api.w.org\/{rel}","templated":true}]}}