{"id":85696,"date":"2020-11-02T11:35:38","date_gmt":"2020-11-02T10:35:39","guid":{"rendered":"https:\/\/tourtravelandmore.com\/?post_type=product&#038;p=85696"},"modified":"2021-05-03T14:59:58","modified_gmt":"2021-05-03T12:59:58","slug":"tour-privado-al-death-valley-desde-las-vegas","status":"publish","type":"product","link":"https:\/\/tourtravelandmore.com\/es\/tours\/eeuu-es\/vegas-es\/vegas-actividades-es\/tour-privado-al-death-valley-desde-las-vegas\/","title":{"rendered":"Tour Privado a Death Valley"},"content":{"rendered":"<h2><strong>Descripci\u00f3n del Tour Privado<\/strong><\/h2>\n<p>No pierda la oportunidad de explorar EE. UU. con nuestro <strong>tour privado al Death Valley desde Las Vegas<\/strong>.<span class=\"Apple-converted-space\"> Durante este tour personalizado visitar\u00e1s este magn\u00edfico valle, sumado a una parada en el centro de viajeros de<strong> \u00c1rea 51.<\/strong><\/span><\/p>\n<p>Este maravilloso valle es una tierra de extremos que va desde temperaturas alt\u00edsimas hasta ofrecer nieve en algunos de sus picos. M\u00e1s all\u00e1 de su nombre una gran diversidad de vida existe en el Valle de la Muerte. Disfruta la oportunidad de visitar este magn\u00edfico sitio hist\u00f3rico junto a un local experto.<\/p>\n<h2>Itinerario del Tour<\/h2>\n<p>Para dar comienzo a su tour su chofer\/gu\u00eda le recoger\u00e1 en su sitio deseado en Las Vegas.<span class=\"Apple-converted-space\"> A continuaci\u00f3n emprender\u00e1n viaje hacia el Valle (con una visita previa al centro de visitantes de \u00c1rea 51).<\/span><\/p>\n<p>Cont\u00e1ctanos y un miembro de nuestro equipo de expertos te enviar\u00e1 una propuesta personalizada.<span class=\"Apple-converted-space\"> Otro de los tours que ofrecemos desde Las Vegas es el <a href=\"https:\/\/tourtravelandmore.com\/es\/tours\/eeuu-es\/vegas-es\/vegas-actividades-es\/tour-privado-al-gran-canon-desde-las-vegas\/\">tour privado al gran ca\u00f1\u00f3n<\/a>!<\/span><\/p>\n<h2><strong>Puntos de inter\u00e9s de Death Valley (tambi\u00e9n llamado valle de la muerte)<\/strong><\/h2>\n<p><img fetchpriority=\"high\" decoding=\"async\" class=\"alignnone  wp-image-106754\" src=\"https:\/\/tourtravelandmore.com\/wp-content\/uploads\/2020\/11\/Untitled-design-2-300x169.png\" alt=\"\" width=\"518\" height=\"292\" srcset=\"https:\/\/tourtravelandmore.com\/wp-content\/uploads\/2020\/11\/Untitled-design-2-300x169.png 300w, https:\/\/tourtravelandmore.com\/wp-content\/uploads\/2020\/11\/Untitled-design-2-1024x577.png 1024w, https:\/\/tourtravelandmore.com\/wp-content\/uploads\/2020\/11\/Untitled-design-2-768x433.png 768w, https:\/\/tourtravelandmore.com\/wp-content\/uploads\/2020\/11\/Untitled-design-2-1536x865.png 1536w, https:\/\/tourtravelandmore.com\/wp-content\/uploads\/2020\/11\/Untitled-design-2-680x383.png 680w, https:\/\/tourtravelandmore.com\/wp-content\/uploads\/2020\/11\/Untitled-design-2-595x335.png 595w, https:\/\/tourtravelandmore.com\/wp-content\/uploads\/2020\/11\/Untitled-design-2.png 1640w\" sizes=\"(max-width: 518px) 100vw, 518px\" \/><\/p>\n<p>El <a href=\"https:\/\/www.nps.gov\/deva\/index.htm\">Valle de la Muerte<\/a> es uno de los parques m\u00e1s espectaculares de EE. UU. Descubre y explora este maravilloso sitio con nuestro <strong>tour privado al Death Valley desde Las Vegas<\/strong>. De camino hacia el valle podr\u00e1n hacer una parada en el centro de visitantes de \u00c1rea 51. All\u00ed podr\u00e1n comprar un souvenir!<\/p>\n<p>M\u00e1s all\u00e1 de su nombre, el Valle de la Muerte alberga un maravilloso paisaje. El valle se caracteriza por millas de dunas de arena, rocas de diversos colores y ca\u00f1ones, diversidad de animales, elementos de sal y espectaculares monta\u00f1as de hasta 11,000 pies.<\/p>\n<p>El Valle es uno de los parques nacionales m\u00e1s grandes del pa\u00eds. <strong>Cubre 3.4 millones de hect\u00e1reas deshabitadas.<\/strong><\/p>\n<p>Explora y descubra este maravilloso sitio junto a un gu\u00eda local experto. Disfrutar\u00e1s un tour privado de 10 horas con recogida y devoluci\u00f3n en Las Vegas. La entrada al parque nacional est\u00e1 incluida en el precio del tour.<\/p>\n","protected":false},"excerpt":{"rendered":"<p>Disfrute de este <strong>Tour privado al Valle de la Muerte desde Las Vegas<\/strong> c\u00f3modamente en su veh\u00edculo privado con gu\u00eda oficial. Explora uno de los parques m\u00e1s grandes de EE. UU. junto a un gu\u00eda local experto.<\/p>\n","protected":false},"featured_media":85730,"comment_status":"open","ping_status":"closed","template":"","meta":{"_acf_changed":false},"product_brand":[],"product_cat":[1602,2599,2600,2601],"product_tag":[],"class_list":{"0":"post-85696","1":"product","2":"type-product","3":"status-publish","4":"has-post-thumbnail","6":"product_cat-eeuu-es","7":"product_cat-vegas-es","8":"product_cat-vegas-actividades-es","9":"product_cat-vegas-excursiones-es","11":"first","12":"instock","13":"shipping-taxable","14":"purchasable","15":"product-type-simple"},"acf":[],"yoast_head":"<!-- This site is optimized with the Yoast SEO Premium plugin v25.3.1 (Yoast SEO v25.3.1) - https:\/\/yoast.com\/wordpress\/plugins\/seo\/ -->\n<title>Tour privado al Death Valley desde Las Vegas | Tour Travel &amp; More<\/title>\n<meta name=\"description\" content=\"\u2192 Disfrute de este tour privado de lujo al Death Valley desde Las Vegas en un veh\u00edculo privado de lujo con chofer. \u2705\" \/>\n<meta name=\"robots\" content=\"index, follow, max-snippet:-1, max-image-preview:large, max-video-preview:-1\" \/>\n<link rel=\"canonical\" href=\"https:\/\/tourtravelandmore.com\/es\/tours\/eeuu-es\/vegas-es\/vegas-actividades-es\/tour-privado-al-death-valley-desde-las-vegas\/\" \/>\n<meta property=\"og:locale\" content=\"es_ES\" \/>\n<meta property=\"og:type\" content=\"article\" \/>\n<meta property=\"og:title\" content=\"Tour Privado a Death Valley\" \/>\n<meta property=\"og:description\" content=\"\u2192 Disfrute de este tour privado de lujo al Death Valley desde Las Vegas en un veh\u00edculo privado de lujo con chofer. \u2705\" \/>\n<meta property=\"og:url\" content=\"https:\/\/tourtravelandmore.com\/es\/tours\/eeuu-es\/vegas-es\/vegas-actividades-es\/tour-privado-al-death-valley-desde-las-vegas\/\" \/>\n<meta property=\"og:site_name\" content=\"Tour Travel And More\" \/>\n<meta property=\"article:publisher\" content=\"https:\/\/www.facebook.com\/tourtravelandmore\/\" \/>\n<meta property=\"article:modified_time\" content=\"2021-05-03T12:59:58+00:00\" \/>\n<meta property=\"og:image\" content=\"https:\/\/tourtravelandmore.com\/wp-content\/uploads\/2020\/11\/Death-Valley-6.jpeg\" \/>\n\t<meta property=\"og:image:width\" content=\"1349\" \/>\n\t<meta property=\"og:image:height\" content=\"901\" \/>\n\t<meta property=\"og:image:type\" content=\"image\/jpeg\" \/>\n<meta name=\"twitter:card\" content=\"summary_large_image\" \/>\n<meta name=\"twitter:site\" content=\"@TourTravel_More\" \/>\n<meta name=\"twitter:label1\" content=\"Tiempo de lectura\" \/>\n\t<meta name=\"twitter:data1\" content=\"2 minutos\" \/>\n<script type=\"application\/ld+json\" class=\"yoast-schema-graph\">{\"@context\":\"https:\/\/schema.org\",\"@graph\":[{\"@type\":\"WebPage\",\"@id\":\"https:\/\/tourtravelandmore.com\/es\/tours\/eeuu-es\/vegas-es\/vegas-actividades-es\/tour-privado-al-death-valley-desde-las-vegas\/\",\"url\":\"https:\/\/tourtravelandmore.com\/es\/tours\/eeuu-es\/vegas-es\/vegas-actividades-es\/tour-privado-al-death-valley-desde-las-vegas\/\",\"name\":\"Tour privado al Death Valley desde Las Vegas | Tour Travel & More\",\"isPartOf\":{\"@id\":\"https:\/\/tourtravelandmore.com\/es\/#website\"},\"primaryImageOfPage\":{\"@id\":\"https:\/\/tourtravelandmore.com\/es\/tours\/eeuu-es\/vegas-es\/vegas-actividades-es\/tour-privado-al-death-valley-desde-las-vegas\/#primaryimage\"},\"image\":{\"@id\":\"https:\/\/tourtravelandmore.com\/es\/tours\/eeuu-es\/vegas-es\/vegas-actividades-es\/tour-privado-al-death-valley-desde-las-vegas\/#primaryimage\"},\"thumbnailUrl\":\"https:\/\/tourtravelandmore.com\/wp-content\/uploads\/2020\/11\/Death-Valley-6.jpeg\",\"datePublished\":\"2020-11-02T10:35:39+00:00\",\"dateModified\":\"2021-05-03T12:59:58+00:00\",\"description\":\"\u2192 Disfrute de este tour privado de lujo al Death Valley desde Las Vegas en un veh\u00edculo privado de lujo con chofer. \u2705\",\"breadcrumb\":{\"@id\":\"https:\/\/tourtravelandmore.com\/es\/tours\/eeuu-es\/vegas-es\/vegas-actividades-es\/tour-privado-al-death-valley-desde-las-vegas\/#breadcrumb\"},\"inLanguage\":\"es\",\"potentialAction\":[{\"@type\":\"ReadAction\",\"target\":[\"https:\/\/tourtravelandmore.com\/es\/tours\/eeuu-es\/vegas-es\/vegas-actividades-es\/tour-privado-al-death-valley-desde-las-vegas\/\"]}]},{\"@type\":\"ImageObject\",\"inLanguage\":\"es\",\"@id\":\"https:\/\/tourtravelandmore.com\/es\/tours\/eeuu-es\/vegas-es\/vegas-actividades-es\/tour-privado-al-death-valley-desde-las-vegas\/#primaryimage\",\"url\":\"https:\/\/tourtravelandmore.com\/wp-content\/uploads\/2020\/11\/Death-Valley-6.jpeg\",\"contentUrl\":\"https:\/\/tourtravelandmore.com\/wp-content\/uploads\/2020\/11\/Death-Valley-6.jpeg\",\"width\":1349,\"height\":901,\"caption\":\"Death Valley 6\"},{\"@type\":\"BreadcrumbList\",\"@id\":\"https:\/\/tourtravelandmore.com\/es\/tours\/eeuu-es\/vegas-es\/vegas-actividades-es\/tour-privado-al-death-valley-desde-las-vegas\/#breadcrumb\",\"itemListElement\":[{\"@type\":\"ListItem\",\"position\":1,\"name\":\"Home\",\"item\":\"https:\/\/tourtravelandmore.com\/es\/\"},{\"@type\":\"ListItem\",\"position\":2,\"name\":\"Tours\",\"item\":\"https:\/\/tourtravelandmore.com\/es\/tours\/\"},{\"@type\":\"ListItem\",\"position\":3,\"name\":\"Tour Privado a Death Valley\"}]},{\"@type\":\"WebSite\",\"@id\":\"https:\/\/tourtravelandmore.com\/es\/#website\",\"url\":\"https:\/\/tourtravelandmore.com\/es\/\",\"name\":\"Tour Travel And More\",\"description\":\"Private sightseeing tours and luxury transfers in Spain\",\"publisher\":{\"@id\":\"https:\/\/tourtravelandmore.com\/es\/#organization\"},\"potentialAction\":[{\"@type\":\"SearchAction\",\"target\":{\"@type\":\"EntryPoint\",\"urlTemplate\":\"https:\/\/tourtravelandmore.com\/es\/?s={search_term_string}\"},\"query-input\":{\"@type\":\"PropertyValueSpecification\",\"valueRequired\":true,\"valueName\":\"search_term_string\"}}],\"inLanguage\":\"es\"},{\"@type\":\"Organization\",\"@id\":\"https:\/\/tourtravelandmore.com\/es\/#organization\",\"name\":\"Tour Travel And More\",\"url\":\"https:\/\/tourtravelandmore.com\/es\/\",\"logo\":{\"@type\":\"ImageObject\",\"inLanguage\":\"es\",\"@id\":\"https:\/\/tourtravelandmore.com\/es\/#\/schema\/logo\/image\/\",\"url\":\"https:\/\/tourtravelandmore.com\/wp-content\/uploads\/2022\/12\/cropped-logo-cabecera-new.png\",\"contentUrl\":\"https:\/\/tourtravelandmore.com\/wp-content\/uploads\/2022\/12\/cropped-logo-cabecera-new.png\",\"width\":430,\"height\":61,\"caption\":\"Tour Travel And More\"},\"image\":{\"@id\":\"https:\/\/tourtravelandmore.com\/es\/#\/schema\/logo\/image\/\"},\"sameAs\":[\"https:\/\/www.facebook.com\/tourtravelandmore\/\",\"https:\/\/x.com\/TourTravel_More\"]}]}<\/script>\n<!-- \/ Yoast SEO Premium plugin. -->","yoast_head_json":{"title":"Tour privado al Death Valley desde Las Vegas | Tour Travel & More","description":"\u2192 Disfrute de este tour privado de lujo al Death Valley desde Las Vegas en un veh\u00edculo privado de lujo con chofer. \u2705","robots":{"index":"index","follow":"follow","max-snippet":"max-snippet:-1","max-image-preview":"max-image-preview:large","max-video-preview":"max-video-preview:-1"},"canonical":"https:\/\/tourtravelandmore.com\/es\/tours\/eeuu-es\/vegas-es\/vegas-actividades-es\/tour-privado-al-death-valley-desde-las-vegas\/","og_locale":"es_ES","og_type":"article","og_title":"Tour Privado a Death Valley","og_description":"\u2192 Disfrute de este tour privado de lujo al Death Valley desde Las Vegas en un veh\u00edculo privado de lujo con chofer. \u2705","og_url":"https:\/\/tourtravelandmore.com\/es\/tours\/eeuu-es\/vegas-es\/vegas-actividades-es\/tour-privado-al-death-valley-desde-las-vegas\/","og_site_name":"Tour Travel And More","article_publisher":"https:\/\/www.facebook.com\/tourtravelandmore\/","article_modified_time":"2021-05-03T12:59:58+00:00","og_image":[{"width":1349,"height":901,"url":"https:\/\/tourtravelandmore.com\/wp-content\/uploads\/2020\/11\/Death-Valley-6.jpeg","type":"image\/jpeg"}],"twitter_card":"summary_large_image","twitter_site":"@TourTravel_More","twitter_misc":{"Tiempo de lectura":"2 minutos"},"schema":{"@context":"https:\/\/schema.org","@graph":[{"@type":"WebPage","@id":"https:\/\/tourtravelandmore.com\/es\/tours\/eeuu-es\/vegas-es\/vegas-actividades-es\/tour-privado-al-death-valley-desde-las-vegas\/","url":"https:\/\/tourtravelandmore.com\/es\/tours\/eeuu-es\/vegas-es\/vegas-actividades-es\/tour-privado-al-death-valley-desde-las-vegas\/","name":"Tour privado al Death Valley desde Las Vegas | Tour Travel & More","isPartOf":{"@id":"https:\/\/tourtravelandmore.com\/es\/#website"},"primaryImageOfPage":{"@id":"https:\/\/tourtravelandmore.com\/es\/tours\/eeuu-es\/vegas-es\/vegas-actividades-es\/tour-privado-al-death-valley-desde-las-vegas\/#primaryimage"},"image":{"@id":"https:\/\/tourtravelandmore.com\/es\/tours\/eeuu-es\/vegas-es\/vegas-actividades-es\/tour-privado-al-death-valley-desde-las-vegas\/#primaryimage"},"thumbnailUrl":"https:\/\/tourtravelandmore.com\/wp-content\/uploads\/2020\/11\/Death-Valley-6.jpeg","datePublished":"2020-11-02T10:35:39+00:00","dateModified":"2021-05-03T12:59:58+00:00","description":"\u2192 Disfrute de este tour privado de lujo al Death Valley desde Las Vegas en un veh\u00edculo privado de lujo con chofer. \u2705","breadcrumb":{"@id":"https:\/\/tourtravelandmore.com\/es\/tours\/eeuu-es\/vegas-es\/vegas-actividades-es\/tour-privado-al-death-valley-desde-las-vegas\/#breadcrumb"},"inLanguage":"es","potentialAction":[{"@type":"ReadAction","target":["https:\/\/tourtravelandmore.com\/es\/tours\/eeuu-es\/vegas-es\/vegas-actividades-es\/tour-privado-al-death-valley-desde-las-vegas\/"]}]},{"@type":"ImageObject","inLanguage":"es","@id":"https:\/\/tourtravelandmore.com\/es\/tours\/eeuu-es\/vegas-es\/vegas-actividades-es\/tour-privado-al-death-valley-desde-las-vegas\/#primaryimage","url":"https:\/\/tourtravelandmore.com\/wp-content\/uploads\/2020\/11\/Death-Valley-6.jpeg","contentUrl":"https:\/\/tourtravelandmore.com\/wp-content\/uploads\/2020\/11\/Death-Valley-6.jpeg","width":1349,"height":901,"caption":"Death Valley 6"},{"@type":"BreadcrumbList","@id":"https:\/\/tourtravelandmore.com\/es\/tours\/eeuu-es\/vegas-es\/vegas-actividades-es\/tour-privado-al-death-valley-desde-las-vegas\/#breadcrumb","itemListElement":[{"@type":"ListItem","position":1,"name":"Home","item":"https:\/\/tourtravelandmore.com\/es\/"},{"@type":"ListItem","position":2,"name":"Tours","item":"https:\/\/tourtravelandmore.com\/es\/tours\/"},{"@type":"ListItem","position":3,"name":"Tour Privado a Death Valley"}]},{"@type":"WebSite","@id":"https:\/\/tourtravelandmore.com\/es\/#website","url":"https:\/\/tourtravelandmore.com\/es\/","name":"Tour Travel And More","description":"Private sightseeing tours and luxury transfers in Spain","publisher":{"@id":"https:\/\/tourtravelandmore.com\/es\/#organization"},"potentialAction":[{"@type":"SearchAction","target":{"@type":"EntryPoint","urlTemplate":"https:\/\/tourtravelandmore.com\/es\/?s={search_term_string}"},"query-input":{"@type":"PropertyValueSpecification","valueRequired":true,"valueName":"search_term_string"}}],"inLanguage":"es"},{"@type":"Organization","@id":"https:\/\/tourtravelandmore.com\/es\/#organization","name":"Tour Travel And More","url":"https:\/\/tourtravelandmore.com\/es\/","logo":{"@type":"ImageObject","inLanguage":"es","@id":"https:\/\/tourtravelandmore.com\/es\/#\/schema\/logo\/image\/","url":"https:\/\/tourtravelandmore.com\/wp-content\/uploads\/2022\/12\/cropped-logo-cabecera-new.png","contentUrl":"https:\/\/tourtravelandmore.com\/wp-content\/uploads\/2022\/12\/cropped-logo-cabecera-new.png","width":430,"height":61,"caption":"Tour Travel And More"},"image":{"@id":"https:\/\/tourtravelandmore.com\/es\/#\/schema\/logo\/image\/"},"sameAs":["https:\/\/www.facebook.com\/tourtravelandmore\/","https:\/\/x.com\/TourTravel_More"]}]}},"_links":{"self":[{"href":"https:\/\/tourtravelandmore.com\/es\/wp-json\/wp\/v2\/product\/85696","targetHints":{"allow":["GET"]}}],"collection":[{"href":"https:\/\/tourtravelandmore.com\/es\/wp-json\/wp\/v2\/product"}],"about":[{"href":"https:\/\/tourtravelandmore.com\/es\/wp-json\/wp\/v2\/types\/product"}],"replies":[{"embeddable":true,"href":"https:\/\/tourtravelandmore.com\/es\/wp-json\/wp\/v2\/comments?post=85696"}],"wp:featuredmedia":[{"embeddable":true,"href":"https:\/\/tourtravelandmore.com\/es\/wp-json\/wp\/v2\/media\/85730"}],"wp:attachment":[{"href":"https:\/\/tourtravelandmore.com\/es\/wp-json\/wp\/v2\/media?parent=85696"}],"wp:term":[{"taxonomy":"product_brand","embeddable":true,"href":"https:\/\/tourtravelandmore.com\/es\/wp-json\/wp\/v2\/product_brand?post=85696"},{"taxonomy":"product_cat","embeddable":true,"href":"https:\/\/tourtravelandmore.com\/es\/wp-json\/wp\/v2\/product_cat?post=85696"},{"taxonomy":"product_tag","embeddable":true,"href":"https:\/\/tourtravelandmore.com\/es\/wp-json\/wp\/v2\/product_tag?post=85696"}],"curies":[{"name":"wp","href":"https:\/\/api.w.org\/{rel}","templated":true}]}}