{"id":85683,"date":"2020-11-02T11:02:24","date_gmt":"2020-11-02T10:02:24","guid":{"rendered":"https:\/\/tourtravelandmore.com\/?post_type=product&#038;p=85683"},"modified":"2021-06-07T15:59:01","modified_gmt":"2021-06-07T13:59:01","slug":"tour-privado-road-to-hana-7pisicinas","status":"publish","type":"product","link":"https:\/\/tourtravelandmore.com\/es\/tours\/eeuu-es\/hawaii-es\/maui-es\/tour-privado-road-to-hana-7pisicinas\/","title":{"rendered":"Tour privado de 7 piscinas sagradas y caminata por el bosque de bamb\u00fa"},"content":{"rendered":"<h2 class=\"p1\"><span class=\"s1\"><b>Descripci\u00f3n del Tour Privado<\/b><\/span><\/h2>\n<p>\u00a1Nuestro<strong> tour privado de 7 piscinas sagradas<\/strong> y caminata por el bosque de bamb\u00fa es una gran experiencia de d\u00eda completo para usted!<\/p>\n<p>\u00a1Este es un recorrido perfecto hecho para aventureros e incluso excursionistas! Explore las mejores vistas y tome fotograf\u00edas impresionantes. Esta es una experiencia de d\u00eda completo de 10 horas. Disfruta de lo mejor de las cascadas, el bosque de bamb\u00fa, las playas de arena negra y mucho m\u00e1s.<\/p>\n<p>En primer lugar, organizaremos una recogida privada en su hotel en Maui. \u00a1Luego comenzaremos este incre\u00edble tour de 7 piscinas sagradas y bosque de bamb\u00fa!<\/p>\n<p>\u00a1Visitar las 7 piscinas sagradas es una experiencia incre\u00edble! Tenga en cuenta que es posible que las piscinas no est\u00e9n abiertas para nadar.<\/p>\n<p>Para este tour privado, organizaremos \u00e9l recojo por la ma\u00f1ana. Es un d\u00eda largo, por lo que recomendamos comenzar temprano este tour privado.<\/p>\n<p>Disfrute de sitios incre\u00edbles como Haleakala y la zona interior de Maui. Tambi\u00e9n disfrutaremos del distrito del Parque Nacional Haleakala y disfrutaremos de vistas incre\u00edbles y \u00fanicas.<\/p>\n<p>\u00a1Disfruta de &#8216;Oheo Gulch, com\u00fanmente conocido en el mundo como las 7 piscinas sagradas!<\/p>\n<p>Recomendaremos d\u00f3nde almorzar, no sin antes disfrutar de una caminata por el valle por el sendero Pipiwai. \u00a1Disfruta de una incre\u00edble foto tomada en la cascada de Waimoku!<\/p>\n<p>\u00a1Nuestro tour privado es \u00fanico y podemos organizar cualquier modificaci\u00f3n para usted! \u00a1Este es un tour perfecto para parejas en luna de miel, excursionistas, grupos de amigos y familias con ni\u00f1os o adolescentes activos! \u00a1Realmente es una gran actividad para hacer!<\/p>\n<h2>Puntos de inter\u00e9s del Tour<\/h2>\n<p>Despu\u00e9s de una c\u00f3moda recogida, comenzaremos nuestro tour privado de 7 piscinas sagradas y caminata por el bosque de bamb\u00fa.<\/p>\n<p>A continuaci\u00f3n se muestran algunos ejemplos de lo que puede disfrutar durante el recorrido:<\/p>\n<ul>\n<li><strong>Vistas del interior del pa\u00eds. Esto incluir\u00e1: La Perouse Bay, Kaho&#8217;olawe y Molokini<\/strong><\/li>\n<li><strong>Vistas costeras del \u00e1rea de Kahikinui<\/strong><\/li>\n<li><strong>Parque Nacional Haleakala<\/strong><\/li>\n<li><strong>Distrito de Kipahulu<\/strong><\/li>\n<li><strong>Sendero Pipiwai<\/strong><\/li>\n<li><strong>Waimoku cae<\/strong><\/li>\n<li><strong>Oheo Gulch. Estas son las 7 piscinas sagradas<\/strong><\/li>\n<li><strong>Wailua Falls<\/strong><\/li>\n<li><strong>Isla Alau y playa Koki (arena roja)<\/strong><\/li>\n<li><strong>Parque Estatal Waianapanapa. Esta es la playa de arena negra<\/strong><\/li>\n<li><strong>\u00a1Mucho m\u00e1s!<\/strong><\/li>\n<\/ul>\n<p>\u00a1No te pierdas nuestros tours privados en cualquiera de las <a href=\"https:\/\/tourtravelandmore.com\/es\/ciudad\/eeuu-es\/hawaii-es\/\" target=\"_blank\" rel=\"noopener noreferrer\">6 islas de Haw\u00e1i y en todo Estados Unidos<\/a>! Vea nuestros tours privados en Tour Travel &amp; More y todas las opciones privadas en todo el mundo.<\/p>\n","protected":false},"excerpt":{"rendered":"<p>\u00danase a nosotros en este<strong> tour privado de 7 piscinas sagradas y caminata por el bosque de bamb\u00fa<\/strong> y tenga la oportunidad de disfrutar de lo mejor del tour Road to Hana en Maui. Tour privado.<\/p>\n","protected":false},"featured_media":85718,"comment_status":"open","ping_status":"closed","template":"","meta":{"_acf_changed":false},"product_brand":[],"product_cat":[1602,2709,2726],"product_tag":[],"class_list":{"0":"post-85683","1":"product","2":"type-product","3":"status-publish","4":"has-post-thumbnail","6":"product_cat-eeuu-es","7":"product_cat-hawaii-es","8":"product_cat-maui-es","10":"first","11":"instock","12":"shipping-taxable","13":"purchasable","14":"product-type-simple"},"acf":[],"yoast_head":"<!-- This site is optimized with the Yoast SEO Premium plugin v25.3.1 (Yoast SEO v25.3.1) - https:\/\/yoast.com\/wordpress\/plugins\/seo\/ -->\n<title>Tour Privado Road to Hana con veh\u00edculo | Tour Travel &amp; More<\/title>\n<meta name=\"description\" content=\"\u2192 Disfrute de este Tour Privado Road to Hana. Acompa\u00f1enos a conocer de los lugares mas emblem\u00e1ticos de esta hermosa isla \u2705\" \/>\n<meta name=\"robots\" content=\"index, follow, max-snippet:-1, max-image-preview:large, max-video-preview:-1\" \/>\n<link rel=\"canonical\" href=\"https:\/\/tourtravelandmore.com\/es\/tours\/eeuu-es\/hawaii-es\/maui-es\/tour-privado-road-to-hana-7pisicinas\/\" \/>\n<meta property=\"og:locale\" content=\"es_ES\" \/>\n<meta property=\"og:type\" content=\"article\" \/>\n<meta property=\"og:title\" content=\"Tour privado de 7 piscinas sagradas y caminata por el bosque de bamb\u00fa\" \/>\n<meta property=\"og:description\" content=\"\u2192 Disfrute de este Tour Privado Road to Hana. Acompa\u00f1enos a conocer de los lugares mas emblem\u00e1ticos de esta hermosa isla \u2705\" \/>\n<meta property=\"og:url\" content=\"https:\/\/tourtravelandmore.com\/es\/tours\/eeuu-es\/hawaii-es\/maui-es\/tour-privado-road-to-hana-7pisicinas\/\" \/>\n<meta property=\"og:site_name\" content=\"Tour Travel And More\" \/>\n<meta property=\"article:publisher\" content=\"https:\/\/www.facebook.com\/tourtravelandmore\/\" \/>\n<meta property=\"article:modified_time\" content=\"2021-06-07T13:59:01+00:00\" \/>\n<meta property=\"og:image\" content=\"https:\/\/tourtravelandmore.com\/wp-content\/uploads\/2020\/11\/tim-foster-CEoJe2ppaoo-unsplash-scaled.jpg\" \/>\n\t<meta property=\"og:image:width\" content=\"2560\" \/>\n\t<meta property=\"og:image:height\" content=\"1707\" \/>\n\t<meta property=\"og:image:type\" content=\"image\/jpeg\" \/>\n<meta name=\"twitter:card\" content=\"summary_large_image\" \/>\n<meta name=\"twitter:site\" content=\"@TourTravel_More\" \/>\n<meta name=\"twitter:label1\" content=\"Tiempo de lectura\" \/>\n\t<meta name=\"twitter:data1\" content=\"2 minutos\" \/>\n<script type=\"application\/ld+json\" class=\"yoast-schema-graph\">{\"@context\":\"https:\/\/schema.org\",\"@graph\":[{\"@type\":\"WebPage\",\"@id\":\"https:\/\/tourtravelandmore.com\/es\/tours\/eeuu-es\/hawaii-es\/maui-es\/tour-privado-road-to-hana-7pisicinas\/\",\"url\":\"https:\/\/tourtravelandmore.com\/es\/tours\/eeuu-es\/hawaii-es\/maui-es\/tour-privado-road-to-hana-7pisicinas\/\",\"name\":\"Tour Privado Road to Hana con veh\u00edculo | Tour Travel & More\",\"isPartOf\":{\"@id\":\"https:\/\/tourtravelandmore.com\/es\/#website\"},\"primaryImageOfPage\":{\"@id\":\"https:\/\/tourtravelandmore.com\/es\/tours\/eeuu-es\/hawaii-es\/maui-es\/tour-privado-road-to-hana-7pisicinas\/#primaryimage\"},\"image\":{\"@id\":\"https:\/\/tourtravelandmore.com\/es\/tours\/eeuu-es\/hawaii-es\/maui-es\/tour-privado-road-to-hana-7pisicinas\/#primaryimage\"},\"thumbnailUrl\":\"https:\/\/tourtravelandmore.com\/wp-content\/uploads\/2020\/11\/tim-foster-CEoJe2ppaoo-unsplash-scaled.jpg\",\"datePublished\":\"2020-11-02T10:02:24+00:00\",\"dateModified\":\"2021-06-07T13:59:01+00:00\",\"description\":\"\u2192 Disfrute de este Tour Privado Road to Hana. Acompa\u00f1enos a conocer de los lugares mas emblem\u00e1ticos de esta hermosa isla \u2705\",\"breadcrumb\":{\"@id\":\"https:\/\/tourtravelandmore.com\/es\/tours\/eeuu-es\/hawaii-es\/maui-es\/tour-privado-road-to-hana-7pisicinas\/#breadcrumb\"},\"inLanguage\":\"es\",\"potentialAction\":[{\"@type\":\"ReadAction\",\"target\":[\"https:\/\/tourtravelandmore.com\/es\/tours\/eeuu-es\/hawaii-es\/maui-es\/tour-privado-road-to-hana-7pisicinas\/\"]}]},{\"@type\":\"ImageObject\",\"inLanguage\":\"es\",\"@id\":\"https:\/\/tourtravelandmore.com\/es\/tours\/eeuu-es\/hawaii-es\/maui-es\/tour-privado-road-to-hana-7pisicinas\/#primaryimage\",\"url\":\"https:\/\/tourtravelandmore.com\/wp-content\/uploads\/2020\/11\/tim-foster-CEoJe2ppaoo-unsplash-scaled.jpg\",\"contentUrl\":\"https:\/\/tourtravelandmore.com\/wp-content\/uploads\/2020\/11\/tim-foster-CEoJe2ppaoo-unsplash-scaled.jpg\",\"width\":2560,\"height\":1707},{\"@type\":\"BreadcrumbList\",\"@id\":\"https:\/\/tourtravelandmore.com\/es\/tours\/eeuu-es\/hawaii-es\/maui-es\/tour-privado-road-to-hana-7pisicinas\/#breadcrumb\",\"itemListElement\":[{\"@type\":\"ListItem\",\"position\":1,\"name\":\"Home\",\"item\":\"https:\/\/tourtravelandmore.com\/es\/\"},{\"@type\":\"ListItem\",\"position\":2,\"name\":\"Tours\",\"item\":\"https:\/\/tourtravelandmore.com\/es\/tours\/\"},{\"@type\":\"ListItem\",\"position\":3,\"name\":\"Tour privado de 7 piscinas sagradas y caminata por el bosque de bamb\u00fa\"}]},{\"@type\":\"WebSite\",\"@id\":\"https:\/\/tourtravelandmore.com\/es\/#website\",\"url\":\"https:\/\/tourtravelandmore.com\/es\/\",\"name\":\"Tour Travel And More\",\"description\":\"Private sightseeing tours and luxury transfers in Spain\",\"publisher\":{\"@id\":\"https:\/\/tourtravelandmore.com\/es\/#organization\"},\"potentialAction\":[{\"@type\":\"SearchAction\",\"target\":{\"@type\":\"EntryPoint\",\"urlTemplate\":\"https:\/\/tourtravelandmore.com\/es\/?s={search_term_string}\"},\"query-input\":{\"@type\":\"PropertyValueSpecification\",\"valueRequired\":true,\"valueName\":\"search_term_string\"}}],\"inLanguage\":\"es\"},{\"@type\":\"Organization\",\"@id\":\"https:\/\/tourtravelandmore.com\/es\/#organization\",\"name\":\"Tour Travel And More\",\"url\":\"https:\/\/tourtravelandmore.com\/es\/\",\"logo\":{\"@type\":\"ImageObject\",\"inLanguage\":\"es\",\"@id\":\"https:\/\/tourtravelandmore.com\/es\/#\/schema\/logo\/image\/\",\"url\":\"https:\/\/tourtravelandmore.com\/wp-content\/uploads\/2022\/12\/cropped-logo-cabecera-new.png\",\"contentUrl\":\"https:\/\/tourtravelandmore.com\/wp-content\/uploads\/2022\/12\/cropped-logo-cabecera-new.png\",\"width\":430,\"height\":61,\"caption\":\"Tour Travel And More\"},\"image\":{\"@id\":\"https:\/\/tourtravelandmore.com\/es\/#\/schema\/logo\/image\/\"},\"sameAs\":[\"https:\/\/www.facebook.com\/tourtravelandmore\/\",\"https:\/\/x.com\/TourTravel_More\"]}]}<\/script>\n<!-- \/ Yoast SEO Premium plugin. -->","yoast_head_json":{"title":"Tour Privado Road to Hana con veh\u00edculo | Tour Travel & More","description":"\u2192 Disfrute de este Tour Privado Road to Hana. Acompa\u00f1enos a conocer de los lugares mas emblem\u00e1ticos de esta hermosa isla \u2705","robots":{"index":"index","follow":"follow","max-snippet":"max-snippet:-1","max-image-preview":"max-image-preview:large","max-video-preview":"max-video-preview:-1"},"canonical":"https:\/\/tourtravelandmore.com\/es\/tours\/eeuu-es\/hawaii-es\/maui-es\/tour-privado-road-to-hana-7pisicinas\/","og_locale":"es_ES","og_type":"article","og_title":"Tour privado de 7 piscinas sagradas y caminata por el bosque de bamb\u00fa","og_description":"\u2192 Disfrute de este Tour Privado Road to Hana. Acompa\u00f1enos a conocer de los lugares mas emblem\u00e1ticos de esta hermosa isla \u2705","og_url":"https:\/\/tourtravelandmore.com\/es\/tours\/eeuu-es\/hawaii-es\/maui-es\/tour-privado-road-to-hana-7pisicinas\/","og_site_name":"Tour Travel And More","article_publisher":"https:\/\/www.facebook.com\/tourtravelandmore\/","article_modified_time":"2021-06-07T13:59:01+00:00","og_image":[{"width":2560,"height":1707,"url":"https:\/\/tourtravelandmore.com\/wp-content\/uploads\/2020\/11\/tim-foster-CEoJe2ppaoo-unsplash-scaled.jpg","type":"image\/jpeg"}],"twitter_card":"summary_large_image","twitter_site":"@TourTravel_More","twitter_misc":{"Tiempo de lectura":"2 minutos"},"schema":{"@context":"https:\/\/schema.org","@graph":[{"@type":"WebPage","@id":"https:\/\/tourtravelandmore.com\/es\/tours\/eeuu-es\/hawaii-es\/maui-es\/tour-privado-road-to-hana-7pisicinas\/","url":"https:\/\/tourtravelandmore.com\/es\/tours\/eeuu-es\/hawaii-es\/maui-es\/tour-privado-road-to-hana-7pisicinas\/","name":"Tour Privado Road to Hana con veh\u00edculo | Tour Travel & More","isPartOf":{"@id":"https:\/\/tourtravelandmore.com\/es\/#website"},"primaryImageOfPage":{"@id":"https:\/\/tourtravelandmore.com\/es\/tours\/eeuu-es\/hawaii-es\/maui-es\/tour-privado-road-to-hana-7pisicinas\/#primaryimage"},"image":{"@id":"https:\/\/tourtravelandmore.com\/es\/tours\/eeuu-es\/hawaii-es\/maui-es\/tour-privado-road-to-hana-7pisicinas\/#primaryimage"},"thumbnailUrl":"https:\/\/tourtravelandmore.com\/wp-content\/uploads\/2020\/11\/tim-foster-CEoJe2ppaoo-unsplash-scaled.jpg","datePublished":"2020-11-02T10:02:24+00:00","dateModified":"2021-06-07T13:59:01+00:00","description":"\u2192 Disfrute de este Tour Privado Road to Hana. Acompa\u00f1enos a conocer de los lugares mas emblem\u00e1ticos de esta hermosa isla \u2705","breadcrumb":{"@id":"https:\/\/tourtravelandmore.com\/es\/tours\/eeuu-es\/hawaii-es\/maui-es\/tour-privado-road-to-hana-7pisicinas\/#breadcrumb"},"inLanguage":"es","potentialAction":[{"@type":"ReadAction","target":["https:\/\/tourtravelandmore.com\/es\/tours\/eeuu-es\/hawaii-es\/maui-es\/tour-privado-road-to-hana-7pisicinas\/"]}]},{"@type":"ImageObject","inLanguage":"es","@id":"https:\/\/tourtravelandmore.com\/es\/tours\/eeuu-es\/hawaii-es\/maui-es\/tour-privado-road-to-hana-7pisicinas\/#primaryimage","url":"https:\/\/tourtravelandmore.com\/wp-content\/uploads\/2020\/11\/tim-foster-CEoJe2ppaoo-unsplash-scaled.jpg","contentUrl":"https:\/\/tourtravelandmore.com\/wp-content\/uploads\/2020\/11\/tim-foster-CEoJe2ppaoo-unsplash-scaled.jpg","width":2560,"height":1707},{"@type":"BreadcrumbList","@id":"https:\/\/tourtravelandmore.com\/es\/tours\/eeuu-es\/hawaii-es\/maui-es\/tour-privado-road-to-hana-7pisicinas\/#breadcrumb","itemListElement":[{"@type":"ListItem","position":1,"name":"Home","item":"https:\/\/tourtravelandmore.com\/es\/"},{"@type":"ListItem","position":2,"name":"Tours","item":"https:\/\/tourtravelandmore.com\/es\/tours\/"},{"@type":"ListItem","position":3,"name":"Tour privado de 7 piscinas sagradas y caminata por el bosque de bamb\u00fa"}]},{"@type":"WebSite","@id":"https:\/\/tourtravelandmore.com\/es\/#website","url":"https:\/\/tourtravelandmore.com\/es\/","name":"Tour Travel And More","description":"Private sightseeing tours and luxury transfers in Spain","publisher":{"@id":"https:\/\/tourtravelandmore.com\/es\/#organization"},"potentialAction":[{"@type":"SearchAction","target":{"@type":"EntryPoint","urlTemplate":"https:\/\/tourtravelandmore.com\/es\/?s={search_term_string}"},"query-input":{"@type":"PropertyValueSpecification","valueRequired":true,"valueName":"search_term_string"}}],"inLanguage":"es"},{"@type":"Organization","@id":"https:\/\/tourtravelandmore.com\/es\/#organization","name":"Tour Travel And More","url":"https:\/\/tourtravelandmore.com\/es\/","logo":{"@type":"ImageObject","inLanguage":"es","@id":"https:\/\/tourtravelandmore.com\/es\/#\/schema\/logo\/image\/","url":"https:\/\/tourtravelandmore.com\/wp-content\/uploads\/2022\/12\/cropped-logo-cabecera-new.png","contentUrl":"https:\/\/tourtravelandmore.com\/wp-content\/uploads\/2022\/12\/cropped-logo-cabecera-new.png","width":430,"height":61,"caption":"Tour Travel And More"},"image":{"@id":"https:\/\/tourtravelandmore.com\/es\/#\/schema\/logo\/image\/"},"sameAs":["https:\/\/www.facebook.com\/tourtravelandmore\/","https:\/\/x.com\/TourTravel_More"]}]}},"_links":{"self":[{"href":"https:\/\/tourtravelandmore.com\/es\/wp-json\/wp\/v2\/product\/85683","targetHints":{"allow":["GET"]}}],"collection":[{"href":"https:\/\/tourtravelandmore.com\/es\/wp-json\/wp\/v2\/product"}],"about":[{"href":"https:\/\/tourtravelandmore.com\/es\/wp-json\/wp\/v2\/types\/product"}],"replies":[{"embeddable":true,"href":"https:\/\/tourtravelandmore.com\/es\/wp-json\/wp\/v2\/comments?post=85683"}],"wp:featuredmedia":[{"embeddable":true,"href":"https:\/\/tourtravelandmore.com\/es\/wp-json\/wp\/v2\/media\/85718"}],"wp:attachment":[{"href":"https:\/\/tourtravelandmore.com\/es\/wp-json\/wp\/v2\/media?parent=85683"}],"wp:term":[{"taxonomy":"product_brand","embeddable":true,"href":"https:\/\/tourtravelandmore.com\/es\/wp-json\/wp\/v2\/product_brand?post=85683"},{"taxonomy":"product_cat","embeddable":true,"href":"https:\/\/tourtravelandmore.com\/es\/wp-json\/wp\/v2\/product_cat?post=85683"},{"taxonomy":"product_tag","embeddable":true,"href":"https:\/\/tourtravelandmore.com\/es\/wp-json\/wp\/v2\/product_tag?post=85683"}],"curies":[{"name":"wp","href":"https:\/\/api.w.org\/{rel}","templated":true}]}}