{"id":85659,"date":"2020-11-02T10:44:06","date_gmt":"2020-11-02T09:44:07","guid":{"rendered":"https:\/\/tourtravelandmore.com\/?post_type=product&#038;p=85659"},"modified":"2021-06-07T14:41:09","modified_gmt":"2021-06-07T12:41:09","slug":"tour-privado-medio-camino-hana","status":"publish","type":"product","link":"https:\/\/tourtravelandmore.com\/es\/tours\/eeuu-es\/hawaii-es\/maui-es\/tour-privado-medio-camino-hana\/","title":{"rendered":"Tour Privado Medio Camino a Hana"},"content":{"rendered":"<h2 class=\"p1\"><span class=\"s1\"><b>Descripci\u00f3n Tour Privado Medio Camino a Hana<\/b><\/span><\/h2>\n<p>Nuestro medio <strong>camino privado a Hana<\/strong> es una gran experiencia para conocer el famoso camino a Hana, incluso si no desea tener una experiencia de d\u00eda completo.<\/p>\n<p>En primer lugar, organizaremos la recogida en el lugar que elija en Maui. Despu\u00e9s de eso, comenzaremos este tour privado.<\/p>\n<p>Disfrute del maravilloso sabor de la incre\u00edble selva tropical y las cascadas que puede ver en el Camino a Hana. Conozca lo que tiene que ofrecer. Durante este recorrido a mitad de camino, conducir\u00e1 menos.<\/p>\n<p>Recomendamos este tour para familias con ni\u00f1os peque\u00f1os o si no desea pasar todo el d\u00eda en el veh\u00edculo. Este recorrido puede finalizar antes si lo prefiere, ya que es un recorrido privado y organizado solo para usted.<\/p>\n<h2>Itinerario del Tour Privado Medio Camino a Hana<\/h2>\n<p>En primer lugar, como todos nuestros tours privados, comenzaremos a recogerlo de su hotel en Maui. Esto tambi\u00e9n puede ser desde cualquier lugar de Maui que desee.<\/p>\n<p>Disfrute de las incre\u00edbles vistas de las incre\u00edbles cascadas y los mejores sitios del Camino a Hana.<\/p>\n<p>Despu\u00e9s de que lo hayamos recogido, comenzaremos este recorrido privado. Este ser\u00e1 nuestro camino privado a mitad de camino hacia Hana.<\/p>\n<h2>Puntos de inter\u00e9s en el Tour Privado Medio Camino a Hana<\/h2>\n<p>Tras la c\u00f3moda recogida, nos dirigiremos hacia estas paradas. El orden puede variar seg\u00fan el lugar donde lo recojamos.<\/p>\n<ul>\n<li><strong>Mirador del bosque de bamb\u00fa. Breve parada aqu\u00ed.<\/strong><\/li>\n<li><strong>Cataratas de Waikamoi<\/strong><\/li>\n<li><strong>Mirador de Kaumahina Wayside<\/strong><\/li>\n<li><strong>Bah\u00eda Honomanu<\/strong><\/li>\n<li><strong>Pen\u00ednsula de Ke&#8217;anae<\/strong><\/li>\n<li><strong>Punto esc\u00e9nico de Wailua<\/strong><\/li>\n<li><strong>Waikani falls, tambi\u00e9n conocido como tres osos<\/strong><\/li>\n<li><strong>Pua&#8217;a Ka&#8217;a cae<\/strong><\/li>\n<\/ul>\n<p>\u00a1Eche un vistazo a nuestros <a href=\"https:\/\/tourtravelandmore.com\/es\/ciudad\/eeuu-es\/hawaii-es\/\" target=\"_blank\" rel=\"noopener noreferrer\">tours privados en todo Haw\u00e1i<\/a> y EE. UU.! En Tour Travel &amp; More, ofrecemos grandes experiencias. Ofrecemos tours privados en todo el mundo.<\/p>\n","protected":false},"excerpt":{"rendered":"<p>Disfrute de este Tour Privado medio camino a Hana. Acompa\u00f1enos a conocer de los lugares mas emblem\u00e1ticos de esta hermosa isla. Tour Privado<\/p>\n","protected":false},"featured_media":85583,"comment_status":"open","ping_status":"closed","template":"","meta":{"_acf_changed":false},"product_brand":[],"product_cat":[1602,2709,2726],"product_tag":[],"class_list":{"0":"post-85659","1":"product","2":"type-product","3":"status-publish","4":"has-post-thumbnail","6":"product_cat-eeuu-es","7":"product_cat-hawaii-es","8":"product_cat-maui-es","10":"first","11":"instock","12":"shipping-taxable","13":"purchasable","14":"product-type-simple"},"acf":[],"yoast_head":"<!-- This site is optimized with the Yoast SEO Premium plugin v25.3.1 (Yoast SEO v25.3.1) - https:\/\/yoast.com\/wordpress\/plugins\/seo\/ -->\n<title>Tour Privado Medio Camino a Hana con veh\u00edculo | Tour Travel &amp; More<\/title>\n<meta name=\"description\" content=\"\u2705 Disfrute de este Tour Privado Road to Hana. Acompa\u00f1enos a conocer de los lugares mas emblem\u00e1ticos de esta hermosa isla\" \/>\n<meta name=\"robots\" content=\"index, follow, max-snippet:-1, max-image-preview:large, max-video-preview:-1\" \/>\n<link rel=\"canonical\" href=\"https:\/\/tourtravelandmore.com\/es\/tours\/eeuu-es\/hawaii-es\/maui-es\/tour-privado-medio-camino-hana\/\" \/>\n<meta property=\"og:locale\" content=\"es_ES\" \/>\n<meta property=\"og:type\" content=\"article\" \/>\n<meta property=\"og:title\" content=\"Tour Privado Medio Camino a Hana\" \/>\n<meta property=\"og:description\" content=\"\u2705 Disfrute de este Tour Privado Road to Hana. Acompa\u00f1enos a conocer de los lugares mas emblem\u00e1ticos de esta hermosa isla\" \/>\n<meta property=\"og:url\" content=\"https:\/\/tourtravelandmore.com\/es\/tours\/eeuu-es\/hawaii-es\/maui-es\/tour-privado-medio-camino-hana\/\" \/>\n<meta property=\"og:site_name\" content=\"Tour Travel And More\" \/>\n<meta property=\"article:publisher\" content=\"https:\/\/www.facebook.com\/tourtravelandmore\/\" \/>\n<meta property=\"article:modified_time\" content=\"2021-06-07T12:41:09+00:00\" \/>\n<meta property=\"og:image\" content=\"https:\/\/tourtravelandmore.com\/wp-content\/uploads\/2020\/10\/Hana-4-scaled.jpg\" \/>\n\t<meta property=\"og:image:width\" content=\"2560\" \/>\n\t<meta property=\"og:image:height\" content=\"1696\" \/>\n\t<meta property=\"og:image:type\" content=\"image\/jpeg\" \/>\n<meta name=\"twitter:card\" content=\"summary_large_image\" \/>\n<meta name=\"twitter:site\" content=\"@TourTravel_More\" \/>\n<meta name=\"twitter:label1\" content=\"Tiempo de lectura\" \/>\n\t<meta name=\"twitter:data1\" content=\"2 minutos\" \/>\n<script type=\"application\/ld+json\" class=\"yoast-schema-graph\">{\"@context\":\"https:\/\/schema.org\",\"@graph\":[{\"@type\":\"WebPage\",\"@id\":\"https:\/\/tourtravelandmore.com\/es\/tours\/eeuu-es\/hawaii-es\/maui-es\/tour-privado-medio-camino-hana\/\",\"url\":\"https:\/\/tourtravelandmore.com\/es\/tours\/eeuu-es\/hawaii-es\/maui-es\/tour-privado-medio-camino-hana\/\",\"name\":\"Tour Privado Medio Camino a Hana con veh\u00edculo | Tour Travel & More\",\"isPartOf\":{\"@id\":\"https:\/\/tourtravelandmore.com\/es\/#website\"},\"primaryImageOfPage\":{\"@id\":\"https:\/\/tourtravelandmore.com\/es\/tours\/eeuu-es\/hawaii-es\/maui-es\/tour-privado-medio-camino-hana\/#primaryimage\"},\"image\":{\"@id\":\"https:\/\/tourtravelandmore.com\/es\/tours\/eeuu-es\/hawaii-es\/maui-es\/tour-privado-medio-camino-hana\/#primaryimage\"},\"thumbnailUrl\":\"https:\/\/tourtravelandmore.com\/wp-content\/uploads\/2020\/10\/Hana-4-scaled.jpg\",\"datePublished\":\"2020-11-02T09:44:07+00:00\",\"dateModified\":\"2021-06-07T12:41:09+00:00\",\"description\":\"\u2705 Disfrute de este Tour Privado Road to Hana. Acompa\u00f1enos a conocer de los lugares mas emblem\u00e1ticos de esta hermosa isla\",\"breadcrumb\":{\"@id\":\"https:\/\/tourtravelandmore.com\/es\/tours\/eeuu-es\/hawaii-es\/maui-es\/tour-privado-medio-camino-hana\/#breadcrumb\"},\"inLanguage\":\"es\",\"potentialAction\":[{\"@type\":\"ReadAction\",\"target\":[\"https:\/\/tourtravelandmore.com\/es\/tours\/eeuu-es\/hawaii-es\/maui-es\/tour-privado-medio-camino-hana\/\"]}]},{\"@type\":\"ImageObject\",\"inLanguage\":\"es\",\"@id\":\"https:\/\/tourtravelandmore.com\/es\/tours\/eeuu-es\/hawaii-es\/maui-es\/tour-privado-medio-camino-hana\/#primaryimage\",\"url\":\"https:\/\/tourtravelandmore.com\/wp-content\/uploads\/2020\/10\/Hana-4-scaled.jpg\",\"contentUrl\":\"https:\/\/tourtravelandmore.com\/wp-content\/uploads\/2020\/10\/Hana-4-scaled.jpg\",\"width\":2560,\"height\":1696},{\"@type\":\"BreadcrumbList\",\"@id\":\"https:\/\/tourtravelandmore.com\/es\/tours\/eeuu-es\/hawaii-es\/maui-es\/tour-privado-medio-camino-hana\/#breadcrumb\",\"itemListElement\":[{\"@type\":\"ListItem\",\"position\":1,\"name\":\"Home\",\"item\":\"https:\/\/tourtravelandmore.com\/es\/\"},{\"@type\":\"ListItem\",\"position\":2,\"name\":\"Tours\",\"item\":\"https:\/\/tourtravelandmore.com\/es\/tours\/\"},{\"@type\":\"ListItem\",\"position\":3,\"name\":\"Tour Privado Medio Camino a Hana\"}]},{\"@type\":\"WebSite\",\"@id\":\"https:\/\/tourtravelandmore.com\/es\/#website\",\"url\":\"https:\/\/tourtravelandmore.com\/es\/\",\"name\":\"Tour Travel And More\",\"description\":\"Private sightseeing tours and luxury transfers in Spain\",\"publisher\":{\"@id\":\"https:\/\/tourtravelandmore.com\/es\/#organization\"},\"potentialAction\":[{\"@type\":\"SearchAction\",\"target\":{\"@type\":\"EntryPoint\",\"urlTemplate\":\"https:\/\/tourtravelandmore.com\/es\/?s={search_term_string}\"},\"query-input\":{\"@type\":\"PropertyValueSpecification\",\"valueRequired\":true,\"valueName\":\"search_term_string\"}}],\"inLanguage\":\"es\"},{\"@type\":\"Organization\",\"@id\":\"https:\/\/tourtravelandmore.com\/es\/#organization\",\"name\":\"Tour Travel And More\",\"url\":\"https:\/\/tourtravelandmore.com\/es\/\",\"logo\":{\"@type\":\"ImageObject\",\"inLanguage\":\"es\",\"@id\":\"https:\/\/tourtravelandmore.com\/es\/#\/schema\/logo\/image\/\",\"url\":\"https:\/\/tourtravelandmore.com\/wp-content\/uploads\/2022\/12\/cropped-logo-cabecera-new.png\",\"contentUrl\":\"https:\/\/tourtravelandmore.com\/wp-content\/uploads\/2022\/12\/cropped-logo-cabecera-new.png\",\"width\":430,\"height\":61,\"caption\":\"Tour Travel And More\"},\"image\":{\"@id\":\"https:\/\/tourtravelandmore.com\/es\/#\/schema\/logo\/image\/\"},\"sameAs\":[\"https:\/\/www.facebook.com\/tourtravelandmore\/\",\"https:\/\/x.com\/TourTravel_More\"]}]}<\/script>\n<!-- \/ Yoast SEO Premium plugin. -->","yoast_head_json":{"title":"Tour Privado Medio Camino a Hana con veh\u00edculo | Tour Travel & More","description":"\u2705 Disfrute de este Tour Privado Road to Hana. Acompa\u00f1enos a conocer de los lugares mas emblem\u00e1ticos de esta hermosa isla","robots":{"index":"index","follow":"follow","max-snippet":"max-snippet:-1","max-image-preview":"max-image-preview:large","max-video-preview":"max-video-preview:-1"},"canonical":"https:\/\/tourtravelandmore.com\/es\/tours\/eeuu-es\/hawaii-es\/maui-es\/tour-privado-medio-camino-hana\/","og_locale":"es_ES","og_type":"article","og_title":"Tour Privado Medio Camino a Hana","og_description":"\u2705 Disfrute de este Tour Privado Road to Hana. Acompa\u00f1enos a conocer de los lugares mas emblem\u00e1ticos de esta hermosa isla","og_url":"https:\/\/tourtravelandmore.com\/es\/tours\/eeuu-es\/hawaii-es\/maui-es\/tour-privado-medio-camino-hana\/","og_site_name":"Tour Travel And More","article_publisher":"https:\/\/www.facebook.com\/tourtravelandmore\/","article_modified_time":"2021-06-07T12:41:09+00:00","og_image":[{"width":2560,"height":1696,"url":"https:\/\/tourtravelandmore.com\/wp-content\/uploads\/2020\/10\/Hana-4-scaled.jpg","type":"image\/jpeg"}],"twitter_card":"summary_large_image","twitter_site":"@TourTravel_More","twitter_misc":{"Tiempo de lectura":"2 minutos"},"schema":{"@context":"https:\/\/schema.org","@graph":[{"@type":"WebPage","@id":"https:\/\/tourtravelandmore.com\/es\/tours\/eeuu-es\/hawaii-es\/maui-es\/tour-privado-medio-camino-hana\/","url":"https:\/\/tourtravelandmore.com\/es\/tours\/eeuu-es\/hawaii-es\/maui-es\/tour-privado-medio-camino-hana\/","name":"Tour Privado Medio Camino a Hana con veh\u00edculo | Tour Travel & More","isPartOf":{"@id":"https:\/\/tourtravelandmore.com\/es\/#website"},"primaryImageOfPage":{"@id":"https:\/\/tourtravelandmore.com\/es\/tours\/eeuu-es\/hawaii-es\/maui-es\/tour-privado-medio-camino-hana\/#primaryimage"},"image":{"@id":"https:\/\/tourtravelandmore.com\/es\/tours\/eeuu-es\/hawaii-es\/maui-es\/tour-privado-medio-camino-hana\/#primaryimage"},"thumbnailUrl":"https:\/\/tourtravelandmore.com\/wp-content\/uploads\/2020\/10\/Hana-4-scaled.jpg","datePublished":"2020-11-02T09:44:07+00:00","dateModified":"2021-06-07T12:41:09+00:00","description":"\u2705 Disfrute de este Tour Privado Road to Hana. Acompa\u00f1enos a conocer de los lugares mas emblem\u00e1ticos de esta hermosa isla","breadcrumb":{"@id":"https:\/\/tourtravelandmore.com\/es\/tours\/eeuu-es\/hawaii-es\/maui-es\/tour-privado-medio-camino-hana\/#breadcrumb"},"inLanguage":"es","potentialAction":[{"@type":"ReadAction","target":["https:\/\/tourtravelandmore.com\/es\/tours\/eeuu-es\/hawaii-es\/maui-es\/tour-privado-medio-camino-hana\/"]}]},{"@type":"ImageObject","inLanguage":"es","@id":"https:\/\/tourtravelandmore.com\/es\/tours\/eeuu-es\/hawaii-es\/maui-es\/tour-privado-medio-camino-hana\/#primaryimage","url":"https:\/\/tourtravelandmore.com\/wp-content\/uploads\/2020\/10\/Hana-4-scaled.jpg","contentUrl":"https:\/\/tourtravelandmore.com\/wp-content\/uploads\/2020\/10\/Hana-4-scaled.jpg","width":2560,"height":1696},{"@type":"BreadcrumbList","@id":"https:\/\/tourtravelandmore.com\/es\/tours\/eeuu-es\/hawaii-es\/maui-es\/tour-privado-medio-camino-hana\/#breadcrumb","itemListElement":[{"@type":"ListItem","position":1,"name":"Home","item":"https:\/\/tourtravelandmore.com\/es\/"},{"@type":"ListItem","position":2,"name":"Tours","item":"https:\/\/tourtravelandmore.com\/es\/tours\/"},{"@type":"ListItem","position":3,"name":"Tour Privado Medio Camino a Hana"}]},{"@type":"WebSite","@id":"https:\/\/tourtravelandmore.com\/es\/#website","url":"https:\/\/tourtravelandmore.com\/es\/","name":"Tour Travel And More","description":"Private sightseeing tours and luxury transfers in Spain","publisher":{"@id":"https:\/\/tourtravelandmore.com\/es\/#organization"},"potentialAction":[{"@type":"SearchAction","target":{"@type":"EntryPoint","urlTemplate":"https:\/\/tourtravelandmore.com\/es\/?s={search_term_string}"},"query-input":{"@type":"PropertyValueSpecification","valueRequired":true,"valueName":"search_term_string"}}],"inLanguage":"es"},{"@type":"Organization","@id":"https:\/\/tourtravelandmore.com\/es\/#organization","name":"Tour Travel And More","url":"https:\/\/tourtravelandmore.com\/es\/","logo":{"@type":"ImageObject","inLanguage":"es","@id":"https:\/\/tourtravelandmore.com\/es\/#\/schema\/logo\/image\/","url":"https:\/\/tourtravelandmore.com\/wp-content\/uploads\/2022\/12\/cropped-logo-cabecera-new.png","contentUrl":"https:\/\/tourtravelandmore.com\/wp-content\/uploads\/2022\/12\/cropped-logo-cabecera-new.png","width":430,"height":61,"caption":"Tour Travel And More"},"image":{"@id":"https:\/\/tourtravelandmore.com\/es\/#\/schema\/logo\/image\/"},"sameAs":["https:\/\/www.facebook.com\/tourtravelandmore\/","https:\/\/x.com\/TourTravel_More"]}]}},"_links":{"self":[{"href":"https:\/\/tourtravelandmore.com\/es\/wp-json\/wp\/v2\/product\/85659","targetHints":{"allow":["GET"]}}],"collection":[{"href":"https:\/\/tourtravelandmore.com\/es\/wp-json\/wp\/v2\/product"}],"about":[{"href":"https:\/\/tourtravelandmore.com\/es\/wp-json\/wp\/v2\/types\/product"}],"replies":[{"embeddable":true,"href":"https:\/\/tourtravelandmore.com\/es\/wp-json\/wp\/v2\/comments?post=85659"}],"wp:featuredmedia":[{"embeddable":true,"href":"https:\/\/tourtravelandmore.com\/es\/wp-json\/wp\/v2\/media\/85583"}],"wp:attachment":[{"href":"https:\/\/tourtravelandmore.com\/es\/wp-json\/wp\/v2\/media?parent=85659"}],"wp:term":[{"taxonomy":"product_brand","embeddable":true,"href":"https:\/\/tourtravelandmore.com\/es\/wp-json\/wp\/v2\/product_brand?post=85659"},{"taxonomy":"product_cat","embeddable":true,"href":"https:\/\/tourtravelandmore.com\/es\/wp-json\/wp\/v2\/product_cat?post=85659"},{"taxonomy":"product_tag","embeddable":true,"href":"https:\/\/tourtravelandmore.com\/es\/wp-json\/wp\/v2\/product_tag?post=85659"}],"curies":[{"name":"wp","href":"https:\/\/api.w.org\/{rel}","templated":true}]}}