{"id":85649,"date":"2020-11-02T10:41:41","date_gmt":"2020-11-02T09:41:43","guid":{"rendered":"https:\/\/tourtravelandmore.com\/?post_type=product&#038;p=85649"},"modified":"2021-05-03T14:48:36","modified_gmt":"2021-05-03T12:48:36","slug":"tour-privado-a-fire-state-desde-las-vegas","status":"publish","type":"product","link":"https:\/\/tourtravelandmore.com\/es\/tours\/eeuu-es\/vegas-es\/vegas-actividades-es\/tour-privado-a-fire-state-desde-las-vegas\/","title":{"rendered":"Tour Privado a Fire State Park"},"content":{"rendered":"<h2><strong>Descripci\u00f3n del Tour Privado<\/strong><\/h2>\n<p>Hay mucho m\u00e1s para ver en Las Vegas que <strong>The Strip<\/strong>. No pierda esta oportunidad de explorar el estado de Nevada con nuestro <b>tour privado a Fire State desde Las Vegas.<\/b><\/p>\n<p>El Valle del Fuego alberga vestigios de civilizaciones antiguas, \u00e1<strong>rboles petrificados y petroglifos<\/strong> de hace m\u00e1s de 2000 a\u00f1os. Podr\u00e1 visitar y descubrir la historia de este magn\u00edfico parque junto a un gu\u00eda local experto.<\/p>\n<h2>Itinerario del Tour Privado<\/h2>\n<p>Para dar comienzo a su tour privado su chofer\/gu\u00eda le recoger\u00e1 en Las Vegas.<span class=\"Apple-converted-space\"> A continuaci\u00f3n ir\u00e1n hacia el Valle del Fuego, ubicado a 50 minutos de la ciudad.<\/span><\/p>\n<p>Cont\u00e1ctenos y un miembro de nuestro equipo de expertos le ayudar\u00e1 a coordinar una experiencia a medida.<span class=\"Apple-converted-space\"> Otra de las excursiones privadas que ofrecemos desde Las Vegas es el <a href=\"https:\/\/tourtravelandmore.com\/es\/tours\/eeuu-es\/vegas-es\/vegas-actividades-es\/tour-privado-al-gran-canon-desde-las-vegas\/\">tour al gran ca\u00f1\u00f3n<\/a>!<\/span><\/p>\n<h2><strong>Puntos de inter\u00e9s en Fire State<\/strong><\/h2>\n<p><img fetchpriority=\"high\" decoding=\"async\" class=\"alignnone  wp-image-106750\" src=\"https:\/\/tourtravelandmore.com\/wp-content\/uploads\/2020\/11\/Untitled-design-1-1-300x169.png\" alt=\"\" width=\"487\" height=\"274\" srcset=\"https:\/\/tourtravelandmore.com\/wp-content\/uploads\/2020\/11\/Untitled-design-1-1-300x169.png 300w, https:\/\/tourtravelandmore.com\/wp-content\/uploads\/2020\/11\/Untitled-design-1-1-1024x577.png 1024w, https:\/\/tourtravelandmore.com\/wp-content\/uploads\/2020\/11\/Untitled-design-1-1-768x433.png 768w, https:\/\/tourtravelandmore.com\/wp-content\/uploads\/2020\/11\/Untitled-design-1-1-1536x865.png 1536w, https:\/\/tourtravelandmore.com\/wp-content\/uploads\/2020\/11\/Untitled-design-1-1-680x383.png 680w, https:\/\/tourtravelandmore.com\/wp-content\/uploads\/2020\/11\/Untitled-design-1-1-595x335.png 595w, https:\/\/tourtravelandmore.com\/wp-content\/uploads\/2020\/11\/Untitled-design-1-1.png 1640w\" sizes=\"(max-width: 487px) 100vw, 487px\" \/><\/p>\n<p>El <a href=\"http:\/\/parks.nv.gov\/parks\/valley-of-fire\">Valle del Fuego<\/a> es uno de los sitios m\u00e1s espectaculares de Nevada. Descubre y explorar este maravilloso sitio con nuestro <b>tour privado a Fire State desde Las Vegas<\/b>.<\/p>\n<p>Reconocido mundialmente 40,000 hect\u00e1reas de brillantes piedras rojas, el Valle contiene vestigios de antiguas civilizaciones de m\u00e1s de 3000 a\u00f1os. Una vez adentro del Parque Nacional seguiremos la ruta principal que va de la entrada Este a Oeste. Esta ruta es llamada <strong>Valley of Fire Scenic Byway<\/strong> y tiene una extensi\u00f3n de 11 millas.<\/p>\n<p>En 1931 el Estado de Nevada comenz\u00f3 con la creaci\u00f3n Valley of Fire State Park. El parque abri\u00f3 en 1934, y fue designado Parque nacional en 1935. Fue el primer parque nacional declarado de Nevada.<\/p>\n<p>Explora y descubre este maravilloso sitio natural junto a un gu\u00eda local experto. Disfrutar\u00e1s de un tour privado de 5 horas con recogida y devoluci\u00f3n en Las Vegas. Entrada al parque nacional est\u00e1 incluida en el precio del tour.<\/p>\n","protected":false},"excerpt":{"rendered":"<p>Disfrute de este<strong> Tour Privado de Lujo al Valle del Fuego desde Las Vegas<\/strong> c\u00f3modamente en su veh\u00edculo privado con gu\u00eda oficial. Explore el parque m\u00e1s antiguo de Nevada junto a un gu\u00eda local experto.<\/p>\n","protected":false},"featured_media":85677,"comment_status":"open","ping_status":"closed","template":"","meta":{"_acf_changed":false},"product_brand":[],"product_cat":[1602,2599,2600,2601],"product_tag":[],"class_list":{"0":"post-85649","1":"product","2":"type-product","3":"status-publish","4":"has-post-thumbnail","6":"product_cat-eeuu-es","7":"product_cat-vegas-es","8":"product_cat-vegas-actividades-es","9":"product_cat-vegas-excursiones-es","11":"first","12":"instock","13":"shipping-taxable","14":"purchasable","15":"product-type-simple"},"acf":[],"yoast_head":"<!-- This site is optimized with the Yoast SEO Premium plugin v25.3.1 (Yoast SEO v25.3.1) - https:\/\/yoast.com\/wordpress\/plugins\/seo\/ -->\n<title>Tour Privado a Fire State desde Las Vegas | Tour Travel &amp; More<\/title>\n<meta name=\"description\" content=\"\u2192 Tour privado a Fire State desde Las Vegas en un veh\u00edculo privado de lujo con chofer que lo llevar\u00e1 a recorrer este magn\u00edfico lugar.\u2705\" \/>\n<meta name=\"robots\" content=\"index, follow, max-snippet:-1, max-image-preview:large, max-video-preview:-1\" \/>\n<link rel=\"canonical\" href=\"https:\/\/tourtravelandmore.com\/es\/tours\/eeuu-es\/vegas-es\/vegas-actividades-es\/tour-privado-a-fire-state-desde-las-vegas\/\" \/>\n<meta property=\"og:locale\" content=\"es_ES\" \/>\n<meta property=\"og:type\" content=\"article\" \/>\n<meta property=\"og:title\" content=\"Tour Privado a Fire State Park\" \/>\n<meta property=\"og:description\" content=\"\u2192 Tour privado a Fire State desde Las Vegas en un veh\u00edculo privado de lujo con chofer que lo llevar\u00e1 a recorrer este magn\u00edfico lugar.\u2705\" \/>\n<meta property=\"og:url\" content=\"https:\/\/tourtravelandmore.com\/es\/tours\/eeuu-es\/vegas-es\/vegas-actividades-es\/tour-privado-a-fire-state-desde-las-vegas\/\" \/>\n<meta property=\"og:site_name\" content=\"Tour Travel And More\" \/>\n<meta property=\"article:publisher\" content=\"https:\/\/www.facebook.com\/tourtravelandmore\/\" \/>\n<meta property=\"article:modified_time\" content=\"2021-05-03T12:48:36+00:00\" \/>\n<meta property=\"og:image\" content=\"https:\/\/tourtravelandmore.com\/wp-content\/uploads\/2020\/11\/Valley-of-fire-state-park-3.jpeg\" \/>\n\t<meta property=\"og:image:width\" content=\"1350\" \/>\n\t<meta property=\"og:image:height\" content=\"900\" \/>\n\t<meta property=\"og:image:type\" content=\"image\/jpeg\" \/>\n<meta name=\"twitter:card\" content=\"summary_large_image\" \/>\n<meta name=\"twitter:site\" content=\"@TourTravel_More\" \/>\n<meta name=\"twitter:label1\" content=\"Tiempo de lectura\" \/>\n\t<meta name=\"twitter:data1\" content=\"2 minutos\" \/>\n<script type=\"application\/ld+json\" class=\"yoast-schema-graph\">{\"@context\":\"https:\/\/schema.org\",\"@graph\":[{\"@type\":\"WebPage\",\"@id\":\"https:\/\/tourtravelandmore.com\/es\/tours\/eeuu-es\/vegas-es\/vegas-actividades-es\/tour-privado-a-fire-state-desde-las-vegas\/\",\"url\":\"https:\/\/tourtravelandmore.com\/es\/tours\/eeuu-es\/vegas-es\/vegas-actividades-es\/tour-privado-a-fire-state-desde-las-vegas\/\",\"name\":\"Tour Privado a Fire State desde Las Vegas | Tour Travel & More\",\"isPartOf\":{\"@id\":\"https:\/\/tourtravelandmore.com\/es\/#website\"},\"primaryImageOfPage\":{\"@id\":\"https:\/\/tourtravelandmore.com\/es\/tours\/eeuu-es\/vegas-es\/vegas-actividades-es\/tour-privado-a-fire-state-desde-las-vegas\/#primaryimage\"},\"image\":{\"@id\":\"https:\/\/tourtravelandmore.com\/es\/tours\/eeuu-es\/vegas-es\/vegas-actividades-es\/tour-privado-a-fire-state-desde-las-vegas\/#primaryimage\"},\"thumbnailUrl\":\"https:\/\/tourtravelandmore.com\/wp-content\/uploads\/2020\/11\/Valley-of-fire-state-park-3.jpeg\",\"datePublished\":\"2020-11-02T09:41:43+00:00\",\"dateModified\":\"2021-05-03T12:48:36+00:00\",\"description\":\"\u2192 Tour privado a Fire State desde Las Vegas en un veh\u00edculo privado de lujo con chofer que lo llevar\u00e1 a recorrer este magn\u00edfico lugar.\u2705\",\"breadcrumb\":{\"@id\":\"https:\/\/tourtravelandmore.com\/es\/tours\/eeuu-es\/vegas-es\/vegas-actividades-es\/tour-privado-a-fire-state-desde-las-vegas\/#breadcrumb\"},\"inLanguage\":\"es\",\"potentialAction\":[{\"@type\":\"ReadAction\",\"target\":[\"https:\/\/tourtravelandmore.com\/es\/tours\/eeuu-es\/vegas-es\/vegas-actividades-es\/tour-privado-a-fire-state-desde-las-vegas\/\"]}]},{\"@type\":\"ImageObject\",\"inLanguage\":\"es\",\"@id\":\"https:\/\/tourtravelandmore.com\/es\/tours\/eeuu-es\/vegas-es\/vegas-actividades-es\/tour-privado-a-fire-state-desde-las-vegas\/#primaryimage\",\"url\":\"https:\/\/tourtravelandmore.com\/wp-content\/uploads\/2020\/11\/Valley-of-fire-state-park-3.jpeg\",\"contentUrl\":\"https:\/\/tourtravelandmore.com\/wp-content\/uploads\/2020\/11\/Valley-of-fire-state-park-3.jpeg\",\"width\":1350,\"height\":900,\"caption\":\"Valley of fire 5\"},{\"@type\":\"BreadcrumbList\",\"@id\":\"https:\/\/tourtravelandmore.com\/es\/tours\/eeuu-es\/vegas-es\/vegas-actividades-es\/tour-privado-a-fire-state-desde-las-vegas\/#breadcrumb\",\"itemListElement\":[{\"@type\":\"ListItem\",\"position\":1,\"name\":\"Home\",\"item\":\"https:\/\/tourtravelandmore.com\/es\/\"},{\"@type\":\"ListItem\",\"position\":2,\"name\":\"Tours\",\"item\":\"https:\/\/tourtravelandmore.com\/es\/tours\/\"},{\"@type\":\"ListItem\",\"position\":3,\"name\":\"Tour Privado a Fire State Park\"}]},{\"@type\":\"WebSite\",\"@id\":\"https:\/\/tourtravelandmore.com\/es\/#website\",\"url\":\"https:\/\/tourtravelandmore.com\/es\/\",\"name\":\"Tour Travel And More\",\"description\":\"Private sightseeing tours and luxury transfers in Spain\",\"publisher\":{\"@id\":\"https:\/\/tourtravelandmore.com\/es\/#organization\"},\"potentialAction\":[{\"@type\":\"SearchAction\",\"target\":{\"@type\":\"EntryPoint\",\"urlTemplate\":\"https:\/\/tourtravelandmore.com\/es\/?s={search_term_string}\"},\"query-input\":{\"@type\":\"PropertyValueSpecification\",\"valueRequired\":true,\"valueName\":\"search_term_string\"}}],\"inLanguage\":\"es\"},{\"@type\":\"Organization\",\"@id\":\"https:\/\/tourtravelandmore.com\/es\/#organization\",\"name\":\"Tour Travel And More\",\"url\":\"https:\/\/tourtravelandmore.com\/es\/\",\"logo\":{\"@type\":\"ImageObject\",\"inLanguage\":\"es\",\"@id\":\"https:\/\/tourtravelandmore.com\/es\/#\/schema\/logo\/image\/\",\"url\":\"https:\/\/tourtravelandmore.com\/wp-content\/uploads\/2022\/12\/cropped-logo-cabecera-new.png\",\"contentUrl\":\"https:\/\/tourtravelandmore.com\/wp-content\/uploads\/2022\/12\/cropped-logo-cabecera-new.png\",\"width\":430,\"height\":61,\"caption\":\"Tour Travel And More\"},\"image\":{\"@id\":\"https:\/\/tourtravelandmore.com\/es\/#\/schema\/logo\/image\/\"},\"sameAs\":[\"https:\/\/www.facebook.com\/tourtravelandmore\/\",\"https:\/\/x.com\/TourTravel_More\"]}]}<\/script>\n<!-- \/ Yoast SEO Premium plugin. -->","yoast_head_json":{"title":"Tour Privado a Fire State desde Las Vegas | Tour Travel & More","description":"\u2192 Tour privado a Fire State desde Las Vegas en un veh\u00edculo privado de lujo con chofer que lo llevar\u00e1 a recorrer este magn\u00edfico lugar.\u2705","robots":{"index":"index","follow":"follow","max-snippet":"max-snippet:-1","max-image-preview":"max-image-preview:large","max-video-preview":"max-video-preview:-1"},"canonical":"https:\/\/tourtravelandmore.com\/es\/tours\/eeuu-es\/vegas-es\/vegas-actividades-es\/tour-privado-a-fire-state-desde-las-vegas\/","og_locale":"es_ES","og_type":"article","og_title":"Tour Privado a Fire State Park","og_description":"\u2192 Tour privado a Fire State desde Las Vegas en un veh\u00edculo privado de lujo con chofer que lo llevar\u00e1 a recorrer este magn\u00edfico lugar.\u2705","og_url":"https:\/\/tourtravelandmore.com\/es\/tours\/eeuu-es\/vegas-es\/vegas-actividades-es\/tour-privado-a-fire-state-desde-las-vegas\/","og_site_name":"Tour Travel And More","article_publisher":"https:\/\/www.facebook.com\/tourtravelandmore\/","article_modified_time":"2021-05-03T12:48:36+00:00","og_image":[{"width":1350,"height":900,"url":"https:\/\/tourtravelandmore.com\/wp-content\/uploads\/2020\/11\/Valley-of-fire-state-park-3.jpeg","type":"image\/jpeg"}],"twitter_card":"summary_large_image","twitter_site":"@TourTravel_More","twitter_misc":{"Tiempo de lectura":"2 minutos"},"schema":{"@context":"https:\/\/schema.org","@graph":[{"@type":"WebPage","@id":"https:\/\/tourtravelandmore.com\/es\/tours\/eeuu-es\/vegas-es\/vegas-actividades-es\/tour-privado-a-fire-state-desde-las-vegas\/","url":"https:\/\/tourtravelandmore.com\/es\/tours\/eeuu-es\/vegas-es\/vegas-actividades-es\/tour-privado-a-fire-state-desde-las-vegas\/","name":"Tour Privado a Fire State desde Las Vegas | Tour Travel & More","isPartOf":{"@id":"https:\/\/tourtravelandmore.com\/es\/#website"},"primaryImageOfPage":{"@id":"https:\/\/tourtravelandmore.com\/es\/tours\/eeuu-es\/vegas-es\/vegas-actividades-es\/tour-privado-a-fire-state-desde-las-vegas\/#primaryimage"},"image":{"@id":"https:\/\/tourtravelandmore.com\/es\/tours\/eeuu-es\/vegas-es\/vegas-actividades-es\/tour-privado-a-fire-state-desde-las-vegas\/#primaryimage"},"thumbnailUrl":"https:\/\/tourtravelandmore.com\/wp-content\/uploads\/2020\/11\/Valley-of-fire-state-park-3.jpeg","datePublished":"2020-11-02T09:41:43+00:00","dateModified":"2021-05-03T12:48:36+00:00","description":"\u2192 Tour privado a Fire State desde Las Vegas en un veh\u00edculo privado de lujo con chofer que lo llevar\u00e1 a recorrer este magn\u00edfico lugar.\u2705","breadcrumb":{"@id":"https:\/\/tourtravelandmore.com\/es\/tours\/eeuu-es\/vegas-es\/vegas-actividades-es\/tour-privado-a-fire-state-desde-las-vegas\/#breadcrumb"},"inLanguage":"es","potentialAction":[{"@type":"ReadAction","target":["https:\/\/tourtravelandmore.com\/es\/tours\/eeuu-es\/vegas-es\/vegas-actividades-es\/tour-privado-a-fire-state-desde-las-vegas\/"]}]},{"@type":"ImageObject","inLanguage":"es","@id":"https:\/\/tourtravelandmore.com\/es\/tours\/eeuu-es\/vegas-es\/vegas-actividades-es\/tour-privado-a-fire-state-desde-las-vegas\/#primaryimage","url":"https:\/\/tourtravelandmore.com\/wp-content\/uploads\/2020\/11\/Valley-of-fire-state-park-3.jpeg","contentUrl":"https:\/\/tourtravelandmore.com\/wp-content\/uploads\/2020\/11\/Valley-of-fire-state-park-3.jpeg","width":1350,"height":900,"caption":"Valley of fire 5"},{"@type":"BreadcrumbList","@id":"https:\/\/tourtravelandmore.com\/es\/tours\/eeuu-es\/vegas-es\/vegas-actividades-es\/tour-privado-a-fire-state-desde-las-vegas\/#breadcrumb","itemListElement":[{"@type":"ListItem","position":1,"name":"Home","item":"https:\/\/tourtravelandmore.com\/es\/"},{"@type":"ListItem","position":2,"name":"Tours","item":"https:\/\/tourtravelandmore.com\/es\/tours\/"},{"@type":"ListItem","position":3,"name":"Tour Privado a Fire State Park"}]},{"@type":"WebSite","@id":"https:\/\/tourtravelandmore.com\/es\/#website","url":"https:\/\/tourtravelandmore.com\/es\/","name":"Tour Travel And More","description":"Private sightseeing tours and luxury transfers in Spain","publisher":{"@id":"https:\/\/tourtravelandmore.com\/es\/#organization"},"potentialAction":[{"@type":"SearchAction","target":{"@type":"EntryPoint","urlTemplate":"https:\/\/tourtravelandmore.com\/es\/?s={search_term_string}"},"query-input":{"@type":"PropertyValueSpecification","valueRequired":true,"valueName":"search_term_string"}}],"inLanguage":"es"},{"@type":"Organization","@id":"https:\/\/tourtravelandmore.com\/es\/#organization","name":"Tour Travel And More","url":"https:\/\/tourtravelandmore.com\/es\/","logo":{"@type":"ImageObject","inLanguage":"es","@id":"https:\/\/tourtravelandmore.com\/es\/#\/schema\/logo\/image\/","url":"https:\/\/tourtravelandmore.com\/wp-content\/uploads\/2022\/12\/cropped-logo-cabecera-new.png","contentUrl":"https:\/\/tourtravelandmore.com\/wp-content\/uploads\/2022\/12\/cropped-logo-cabecera-new.png","width":430,"height":61,"caption":"Tour Travel And More"},"image":{"@id":"https:\/\/tourtravelandmore.com\/es\/#\/schema\/logo\/image\/"},"sameAs":["https:\/\/www.facebook.com\/tourtravelandmore\/","https:\/\/x.com\/TourTravel_More"]}]}},"_links":{"self":[{"href":"https:\/\/tourtravelandmore.com\/es\/wp-json\/wp\/v2\/product\/85649","targetHints":{"allow":["GET"]}}],"collection":[{"href":"https:\/\/tourtravelandmore.com\/es\/wp-json\/wp\/v2\/product"}],"about":[{"href":"https:\/\/tourtravelandmore.com\/es\/wp-json\/wp\/v2\/types\/product"}],"replies":[{"embeddable":true,"href":"https:\/\/tourtravelandmore.com\/es\/wp-json\/wp\/v2\/comments?post=85649"}],"wp:featuredmedia":[{"embeddable":true,"href":"https:\/\/tourtravelandmore.com\/es\/wp-json\/wp\/v2\/media\/85677"}],"wp:attachment":[{"href":"https:\/\/tourtravelandmore.com\/es\/wp-json\/wp\/v2\/media?parent=85649"}],"wp:term":[{"taxonomy":"product_brand","embeddable":true,"href":"https:\/\/tourtravelandmore.com\/es\/wp-json\/wp\/v2\/product_brand?post=85649"},{"taxonomy":"product_cat","embeddable":true,"href":"https:\/\/tourtravelandmore.com\/es\/wp-json\/wp\/v2\/product_cat?post=85649"},{"taxonomy":"product_tag","embeddable":true,"href":"https:\/\/tourtravelandmore.com\/es\/wp-json\/wp\/v2\/product_tag?post=85649"}],"curies":[{"name":"wp","href":"https:\/\/api.w.org\/{rel}","templated":true}]}}