{"id":85631,"date":"2020-10-31T11:28:53","date_gmt":"2020-10-31T10:28:54","guid":{"rendered":"https:\/\/tourtravelandmore.com\/?post_type=product&#038;p=85631"},"modified":"2021-05-03T15:12:12","modified_gmt":"2021-05-03T13:12:12","slug":"traslados-privados-en-las-vegas","status":"publish","type":"product","link":"https:\/\/tourtravelandmore.com\/es\/tours\/eeuu-es\/vegas-es\/vegas-actividades-es\/traslados-privados-en-las-vegas\/","title":{"rendered":"Traslados privados en Las Vegas"},"content":{"rendered":"<div id=\"tab-description\" class=\"panel wc-tab entry-content\">\n<div class=\"nm-row\">\n<div class=\"col-xs-12\">\n<h2>Descripci\u00f3n de los Traslados privados<\/h2>\n<p><img fetchpriority=\"high\" decoding=\"async\" class=\"alignnone wp-image-106721 size-large\" src=\"https:\/\/tourtravelandmore.com\/wp-content\/uploads\/2020\/10\/Untitled-design-22-1024x683.png\" alt=\"Vehiculo de lujo \" width=\"1024\" height=\"683\" srcset=\"https:\/\/tourtravelandmore.com\/wp-content\/uploads\/2020\/10\/Untitled-design-22-1024x683.png 1024w, https:\/\/tourtravelandmore.com\/wp-content\/uploads\/2020\/10\/Untitled-design-22-300x200.png 300w, https:\/\/tourtravelandmore.com\/wp-content\/uploads\/2020\/10\/Untitled-design-22-768x512.png 768w, https:\/\/tourtravelandmore.com\/wp-content\/uploads\/2020\/10\/Untitled-design-22-680x453.png 680w, https:\/\/tourtravelandmore.com\/wp-content\/uploads\/2020\/10\/Untitled-design-22-595x397.png 595w, https:\/\/tourtravelandmore.com\/wp-content\/uploads\/2020\/10\/Untitled-design-22.png 1080w\" sizes=\"(max-width: 1024px) 100vw, 1024px\" \/><\/p>\n<p><span lang=\"es\">Disfrute una experiencia de lujo sin preocupaciones con nuestros <strong>traslados privados en Las Vegas<\/strong>.<\/span><\/p>\n<p><span lang=\"es\">Ofrecemos traslados desde el <a href=\"https:\/\/www.mccarran.com\/\"><strong>Aeropuerto de Las Vegas<\/strong><\/a>, como tambi\u00e9n traslados desde otras localidades de California o Nevada.<\/span><\/p>\n<p>Todos nuestros traslados y servicios son privados. El horario de recogida y sitio de recogida son adaptables a su deseo.<\/p>\n<p>Nuestros conductores le estar\u00e1n esperando con un cartel a su nombre en la terminal de arribos. En caso de demoras en su vuelo no tendr\u00e1 que preocuparse, nuestros choferes monitore\u00e1n los arribos.<\/p>\n<p>Si desea realizar un tour en la ciudad de Las Vegas, puede consultar <strong><a href=\"https:\/\/tourtravelandmore.com\/es\/ciudad\/eeuu-es\/vegas-en\/\">aqui<\/a>\u00a0<\/strong>nuestros tours privados.<\/p>\n<p>A trav\u00e9s del formulario de contacto puede contactar con nosotros y nuestro equipo le enviar\u00e1 una propuesta personalizada.<\/p>\n<h2>Puntos de inter\u00e9s en Las Vegas<\/h2>\n<p><img decoding=\"async\" class=\"alignnone wp-image-106715 size-large\" src=\"https:\/\/tourtravelandmore.com\/wp-content\/uploads\/2020\/10\/419-1024x576.png\" alt=\"Traslados privados en Las Vegas\" width=\"1024\" height=\"576\" srcset=\"https:\/\/tourtravelandmore.com\/wp-content\/uploads\/2020\/10\/419-1024x576.png 1024w, https:\/\/tourtravelandmore.com\/wp-content\/uploads\/2020\/10\/419-300x169.png 300w, https:\/\/tourtravelandmore.com\/wp-content\/uploads\/2020\/10\/419-768x432.png 768w, https:\/\/tourtravelandmore.com\/wp-content\/uploads\/2020\/10\/419-680x383.png 680w, https:\/\/tourtravelandmore.com\/wp-content\/uploads\/2020\/10\/419-595x335.png 595w, https:\/\/tourtravelandmore.com\/wp-content\/uploads\/2020\/10\/419.png 1080w\" sizes=\"(max-width: 1024px) 100vw, 1024px\" \/><\/p>\n<p>La ciudad de\u00a0<strong>Las Vegas <\/strong>es la ciudad m\u00e1s importante del estado de Nevada. La ciudad es uno de los destinos tur\u00edsticos m\u00e1s populares de USA. Es reconocida por sus casinos, hoteles y entretenimiento. All\u00ed podr\u00e1 usted encontrar los mejores restaurantes, hoteles y canchas de golf del mundo. \u00danase a las m\u00e1s de 38 millones de personas que cada a\u00f1o visitan Las Vegas!<\/p>\n<p><img decoding=\"async\" class=\"alignnone wp-image-106718 size-large\" src=\"https:\/\/tourtravelandmore.com\/wp-content\/uploads\/2020\/10\/Untitled-design-21-1024x683.png\" alt=\"Traslado privado en Las Vegas\" width=\"1024\" height=\"683\" srcset=\"https:\/\/tourtravelandmore.com\/wp-content\/uploads\/2020\/10\/Untitled-design-21-1024x683.png 1024w, https:\/\/tourtravelandmore.com\/wp-content\/uploads\/2020\/10\/Untitled-design-21-300x200.png 300w, https:\/\/tourtravelandmore.com\/wp-content\/uploads\/2020\/10\/Untitled-design-21-768x512.png 768w, https:\/\/tourtravelandmore.com\/wp-content\/uploads\/2020\/10\/Untitled-design-21-680x453.png 680w, https:\/\/tourtravelandmore.com\/wp-content\/uploads\/2020\/10\/Untitled-design-21-595x397.png 595w, https:\/\/tourtravelandmore.com\/wp-content\/uploads\/2020\/10\/Untitled-design-21.png 1080w\" sizes=\"(max-width: 1024px) 100vw, 1024px\" \/><\/p>\n<p>Ofrecemos servicio de\u00a0<span lang=\"es\">traslados privados en Las Vegas. Nuestro<\/span>\u00a0<strong>servicio es personalizado y privado<\/strong>\u00a0para todos los grupos. Todos nuestros veh\u00edculos son de alta gama.<\/p>\n<p>Todo lo que necesita hacer es contactarnos y organizaremos su traslado privado de acuerdo a sus necesidades personales.<\/p>\n<p>No limitamos la cantidad de equipaje. Pero le rogamos que informe con cu\u00e1ntos equipajes viajar\u00e1 solo por cuestiones de log\u00edstica. A veces puede ser necesario un veh\u00edculo m\u00e1s grande y se pueden aplicar tarifas adicionales.<\/p>\n<p>En caso de necesitar un asiento para beb\u00e9 o un asiento para ni\u00f1os, p\u00f3ngase en contacto con nosotros antes de su vuelo o traslado privado para organizarlo correctamente.<\/p>\n<\/div>\n<\/div>\n<\/div>\n","protected":false},"excerpt":{"rendered":"<p>Aproveche esta oportunidad para <strong>llegar a su destino en Las Vegas <\/strong>de la manera m\u00e1s c\u00f3moda y r\u00e1pida posible. Organizamos recogidas desde su hotel, aeropuerto, puerto de cruceros o cualquier lugar de Las Vegas.<\/p>\n","protected":false},"featured_media":59378,"comment_status":"open","ping_status":"closed","template":"","meta":{"_acf_changed":false},"product_brand":[],"product_cat":[1602,2599,2600],"product_tag":[],"class_list":{"0":"post-85631","1":"product","2":"type-product","3":"status-publish","4":"has-post-thumbnail","6":"product_cat-eeuu-es","7":"product_cat-vegas-es","8":"product_cat-vegas-actividades-es","10":"first","11":"instock","12":"shipping-taxable","13":"purchasable","14":"product-type-simple"},"acf":[],"yoast_head":"<!-- This site is optimized with the Yoast SEO Premium plugin v25.3.1 (Yoast SEO v25.3.1) - https:\/\/yoast.com\/wordpress\/plugins\/seo\/ -->\n<title>Traslados Privados en Las Vegas | Tour Travel &amp; More<\/title>\n<meta name=\"description\" content=\"\u2192 Le ofrecemos la manera m\u00e1s r\u00e1pida y relajante de llegar a su destino en Las Vegas. Traslados privados en veh\u00edculos privados de lujo \u2705\" \/>\n<meta name=\"robots\" content=\"index, follow, max-snippet:-1, max-image-preview:large, max-video-preview:-1\" \/>\n<link rel=\"canonical\" href=\"https:\/\/tourtravelandmore.com\/es\/tours\/eeuu-es\/vegas-es\/vegas-actividades-es\/traslados-privados-en-las-vegas\/\" \/>\n<meta property=\"og:locale\" content=\"es_ES\" \/>\n<meta property=\"og:type\" content=\"article\" \/>\n<meta property=\"og:title\" content=\"Traslados privados en Las Vegas\" \/>\n<meta property=\"og:description\" content=\"\u2192 Le ofrecemos la manera m\u00e1s r\u00e1pida y relajante de llegar a su destino en Las Vegas. Traslados privados en veh\u00edculos privados de lujo \u2705\" \/>\n<meta property=\"og:url\" content=\"https:\/\/tourtravelandmore.com\/es\/tours\/eeuu-es\/vegas-es\/vegas-actividades-es\/traslados-privados-en-las-vegas\/\" \/>\n<meta property=\"og:site_name\" content=\"Tour Travel And More\" \/>\n<meta property=\"article:publisher\" content=\"https:\/\/www.facebook.com\/tourtravelandmore\/\" \/>\n<meta property=\"article:modified_time\" content=\"2021-05-03T13:12:12+00:00\" \/>\n<meta property=\"og:image\" content=\"https:\/\/tourtravelandmore.com\/wp-content\/uploads\/2016\/11\/TrasladoAlicante-1.png\" \/>\n\t<meta property=\"og:image:width\" content=\"640\" \/>\n\t<meta property=\"og:image:height\" content=\"425\" \/>\n\t<meta property=\"og:image:type\" content=\"image\/png\" \/>\n<meta name=\"twitter:card\" content=\"summary_large_image\" \/>\n<meta name=\"twitter:site\" content=\"@TourTravel_More\" \/>\n<meta name=\"twitter:label1\" content=\"Tiempo de lectura\" \/>\n\t<meta name=\"twitter:data1\" content=\"2 minutos\" \/>\n<script type=\"application\/ld+json\" class=\"yoast-schema-graph\">{\"@context\":\"https:\/\/schema.org\",\"@graph\":[{\"@type\":\"WebPage\",\"@id\":\"https:\/\/tourtravelandmore.com\/es\/tours\/eeuu-es\/vegas-es\/vegas-actividades-es\/traslados-privados-en-las-vegas\/\",\"url\":\"https:\/\/tourtravelandmore.com\/es\/tours\/eeuu-es\/vegas-es\/vegas-actividades-es\/traslados-privados-en-las-vegas\/\",\"name\":\"Traslados Privados en Las Vegas | Tour Travel & More\",\"isPartOf\":{\"@id\":\"https:\/\/tourtravelandmore.com\/es\/#website\"},\"primaryImageOfPage\":{\"@id\":\"https:\/\/tourtravelandmore.com\/es\/tours\/eeuu-es\/vegas-es\/vegas-actividades-es\/traslados-privados-en-las-vegas\/#primaryimage\"},\"image\":{\"@id\":\"https:\/\/tourtravelandmore.com\/es\/tours\/eeuu-es\/vegas-es\/vegas-actividades-es\/traslados-privados-en-las-vegas\/#primaryimage\"},\"thumbnailUrl\":\"https:\/\/tourtravelandmore.com\/wp-content\/uploads\/2016\/11\/TrasladoAlicante-1.png\",\"datePublished\":\"2020-10-31T10:28:54+00:00\",\"dateModified\":\"2021-05-03T13:12:12+00:00\",\"description\":\"\u2192 Le ofrecemos la manera m\u00e1s r\u00e1pida y relajante de llegar a su destino en Las Vegas. Traslados privados en veh\u00edculos privados de lujo \u2705\",\"breadcrumb\":{\"@id\":\"https:\/\/tourtravelandmore.com\/es\/tours\/eeuu-es\/vegas-es\/vegas-actividades-es\/traslados-privados-en-las-vegas\/#breadcrumb\"},\"inLanguage\":\"es\",\"potentialAction\":[{\"@type\":\"ReadAction\",\"target\":[\"https:\/\/tourtravelandmore.com\/es\/tours\/eeuu-es\/vegas-es\/vegas-actividades-es\/traslados-privados-en-las-vegas\/\"]}]},{\"@type\":\"ImageObject\",\"inLanguage\":\"es\",\"@id\":\"https:\/\/tourtravelandmore.com\/es\/tours\/eeuu-es\/vegas-es\/vegas-actividades-es\/traslados-privados-en-las-vegas\/#primaryimage\",\"url\":\"https:\/\/tourtravelandmore.com\/wp-content\/uploads\/2016\/11\/TrasladoAlicante-1.png\",\"contentUrl\":\"https:\/\/tourtravelandmore.com\/wp-content\/uploads\/2016\/11\/TrasladoAlicante-1.png\",\"width\":640,\"height\":425},{\"@type\":\"BreadcrumbList\",\"@id\":\"https:\/\/tourtravelandmore.com\/es\/tours\/eeuu-es\/vegas-es\/vegas-actividades-es\/traslados-privados-en-las-vegas\/#breadcrumb\",\"itemListElement\":[{\"@type\":\"ListItem\",\"position\":1,\"name\":\"Home\",\"item\":\"https:\/\/tourtravelandmore.com\/es\/\"},{\"@type\":\"ListItem\",\"position\":2,\"name\":\"Tours\",\"item\":\"https:\/\/tourtravelandmore.com\/es\/tours\/\"},{\"@type\":\"ListItem\",\"position\":3,\"name\":\"Traslados privados en Las Vegas\"}]},{\"@type\":\"WebSite\",\"@id\":\"https:\/\/tourtravelandmore.com\/es\/#website\",\"url\":\"https:\/\/tourtravelandmore.com\/es\/\",\"name\":\"Tour Travel And More\",\"description\":\"Private sightseeing tours and luxury transfers in Spain\",\"publisher\":{\"@id\":\"https:\/\/tourtravelandmore.com\/es\/#organization\"},\"potentialAction\":[{\"@type\":\"SearchAction\",\"target\":{\"@type\":\"EntryPoint\",\"urlTemplate\":\"https:\/\/tourtravelandmore.com\/es\/?s={search_term_string}\"},\"query-input\":{\"@type\":\"PropertyValueSpecification\",\"valueRequired\":true,\"valueName\":\"search_term_string\"}}],\"inLanguage\":\"es\"},{\"@type\":\"Organization\",\"@id\":\"https:\/\/tourtravelandmore.com\/es\/#organization\",\"name\":\"Tour Travel And More\",\"url\":\"https:\/\/tourtravelandmore.com\/es\/\",\"logo\":{\"@type\":\"ImageObject\",\"inLanguage\":\"es\",\"@id\":\"https:\/\/tourtravelandmore.com\/es\/#\/schema\/logo\/image\/\",\"url\":\"https:\/\/tourtravelandmore.com\/wp-content\/uploads\/2022\/12\/cropped-logo-cabecera-new.png\",\"contentUrl\":\"https:\/\/tourtravelandmore.com\/wp-content\/uploads\/2022\/12\/cropped-logo-cabecera-new.png\",\"width\":430,\"height\":61,\"caption\":\"Tour Travel And More\"},\"image\":{\"@id\":\"https:\/\/tourtravelandmore.com\/es\/#\/schema\/logo\/image\/\"},\"sameAs\":[\"https:\/\/www.facebook.com\/tourtravelandmore\/\",\"https:\/\/x.com\/TourTravel_More\"]}]}<\/script>\n<!-- \/ Yoast SEO Premium plugin. -->","yoast_head_json":{"title":"Traslados Privados en Las Vegas | Tour Travel & More","description":"\u2192 Le ofrecemos la manera m\u00e1s r\u00e1pida y relajante de llegar a su destino en Las Vegas. Traslados privados en veh\u00edculos privados de lujo \u2705","robots":{"index":"index","follow":"follow","max-snippet":"max-snippet:-1","max-image-preview":"max-image-preview:large","max-video-preview":"max-video-preview:-1"},"canonical":"https:\/\/tourtravelandmore.com\/es\/tours\/eeuu-es\/vegas-es\/vegas-actividades-es\/traslados-privados-en-las-vegas\/","og_locale":"es_ES","og_type":"article","og_title":"Traslados privados en Las Vegas","og_description":"\u2192 Le ofrecemos la manera m\u00e1s r\u00e1pida y relajante de llegar a su destino en Las Vegas. Traslados privados en veh\u00edculos privados de lujo \u2705","og_url":"https:\/\/tourtravelandmore.com\/es\/tours\/eeuu-es\/vegas-es\/vegas-actividades-es\/traslados-privados-en-las-vegas\/","og_site_name":"Tour Travel And More","article_publisher":"https:\/\/www.facebook.com\/tourtravelandmore\/","article_modified_time":"2021-05-03T13:12:12+00:00","og_image":[{"width":640,"height":425,"url":"https:\/\/tourtravelandmore.com\/wp-content\/uploads\/2016\/11\/TrasladoAlicante-1.png","type":"image\/png"}],"twitter_card":"summary_large_image","twitter_site":"@TourTravel_More","twitter_misc":{"Tiempo de lectura":"2 minutos"},"schema":{"@context":"https:\/\/schema.org","@graph":[{"@type":"WebPage","@id":"https:\/\/tourtravelandmore.com\/es\/tours\/eeuu-es\/vegas-es\/vegas-actividades-es\/traslados-privados-en-las-vegas\/","url":"https:\/\/tourtravelandmore.com\/es\/tours\/eeuu-es\/vegas-es\/vegas-actividades-es\/traslados-privados-en-las-vegas\/","name":"Traslados Privados en Las Vegas | Tour Travel & More","isPartOf":{"@id":"https:\/\/tourtravelandmore.com\/es\/#website"},"primaryImageOfPage":{"@id":"https:\/\/tourtravelandmore.com\/es\/tours\/eeuu-es\/vegas-es\/vegas-actividades-es\/traslados-privados-en-las-vegas\/#primaryimage"},"image":{"@id":"https:\/\/tourtravelandmore.com\/es\/tours\/eeuu-es\/vegas-es\/vegas-actividades-es\/traslados-privados-en-las-vegas\/#primaryimage"},"thumbnailUrl":"https:\/\/tourtravelandmore.com\/wp-content\/uploads\/2016\/11\/TrasladoAlicante-1.png","datePublished":"2020-10-31T10:28:54+00:00","dateModified":"2021-05-03T13:12:12+00:00","description":"\u2192 Le ofrecemos la manera m\u00e1s r\u00e1pida y relajante de llegar a su destino en Las Vegas. Traslados privados en veh\u00edculos privados de lujo \u2705","breadcrumb":{"@id":"https:\/\/tourtravelandmore.com\/es\/tours\/eeuu-es\/vegas-es\/vegas-actividades-es\/traslados-privados-en-las-vegas\/#breadcrumb"},"inLanguage":"es","potentialAction":[{"@type":"ReadAction","target":["https:\/\/tourtravelandmore.com\/es\/tours\/eeuu-es\/vegas-es\/vegas-actividades-es\/traslados-privados-en-las-vegas\/"]}]},{"@type":"ImageObject","inLanguage":"es","@id":"https:\/\/tourtravelandmore.com\/es\/tours\/eeuu-es\/vegas-es\/vegas-actividades-es\/traslados-privados-en-las-vegas\/#primaryimage","url":"https:\/\/tourtravelandmore.com\/wp-content\/uploads\/2016\/11\/TrasladoAlicante-1.png","contentUrl":"https:\/\/tourtravelandmore.com\/wp-content\/uploads\/2016\/11\/TrasladoAlicante-1.png","width":640,"height":425},{"@type":"BreadcrumbList","@id":"https:\/\/tourtravelandmore.com\/es\/tours\/eeuu-es\/vegas-es\/vegas-actividades-es\/traslados-privados-en-las-vegas\/#breadcrumb","itemListElement":[{"@type":"ListItem","position":1,"name":"Home","item":"https:\/\/tourtravelandmore.com\/es\/"},{"@type":"ListItem","position":2,"name":"Tours","item":"https:\/\/tourtravelandmore.com\/es\/tours\/"},{"@type":"ListItem","position":3,"name":"Traslados privados en Las Vegas"}]},{"@type":"WebSite","@id":"https:\/\/tourtravelandmore.com\/es\/#website","url":"https:\/\/tourtravelandmore.com\/es\/","name":"Tour Travel And More","description":"Private sightseeing tours and luxury transfers in Spain","publisher":{"@id":"https:\/\/tourtravelandmore.com\/es\/#organization"},"potentialAction":[{"@type":"SearchAction","target":{"@type":"EntryPoint","urlTemplate":"https:\/\/tourtravelandmore.com\/es\/?s={search_term_string}"},"query-input":{"@type":"PropertyValueSpecification","valueRequired":true,"valueName":"search_term_string"}}],"inLanguage":"es"},{"@type":"Organization","@id":"https:\/\/tourtravelandmore.com\/es\/#organization","name":"Tour Travel And More","url":"https:\/\/tourtravelandmore.com\/es\/","logo":{"@type":"ImageObject","inLanguage":"es","@id":"https:\/\/tourtravelandmore.com\/es\/#\/schema\/logo\/image\/","url":"https:\/\/tourtravelandmore.com\/wp-content\/uploads\/2022\/12\/cropped-logo-cabecera-new.png","contentUrl":"https:\/\/tourtravelandmore.com\/wp-content\/uploads\/2022\/12\/cropped-logo-cabecera-new.png","width":430,"height":61,"caption":"Tour Travel And More"},"image":{"@id":"https:\/\/tourtravelandmore.com\/es\/#\/schema\/logo\/image\/"},"sameAs":["https:\/\/www.facebook.com\/tourtravelandmore\/","https:\/\/x.com\/TourTravel_More"]}]}},"_links":{"self":[{"href":"https:\/\/tourtravelandmore.com\/es\/wp-json\/wp\/v2\/product\/85631","targetHints":{"allow":["GET"]}}],"collection":[{"href":"https:\/\/tourtravelandmore.com\/es\/wp-json\/wp\/v2\/product"}],"about":[{"href":"https:\/\/tourtravelandmore.com\/es\/wp-json\/wp\/v2\/types\/product"}],"replies":[{"embeddable":true,"href":"https:\/\/tourtravelandmore.com\/es\/wp-json\/wp\/v2\/comments?post=85631"}],"wp:featuredmedia":[{"embeddable":true,"href":"https:\/\/tourtravelandmore.com\/es\/wp-json\/wp\/v2\/media\/59378"}],"wp:attachment":[{"href":"https:\/\/tourtravelandmore.com\/es\/wp-json\/wp\/v2\/media?parent=85631"}],"wp:term":[{"taxonomy":"product_brand","embeddable":true,"href":"https:\/\/tourtravelandmore.com\/es\/wp-json\/wp\/v2\/product_brand?post=85631"},{"taxonomy":"product_cat","embeddable":true,"href":"https:\/\/tourtravelandmore.com\/es\/wp-json\/wp\/v2\/product_cat?post=85631"},{"taxonomy":"product_tag","embeddable":true,"href":"https:\/\/tourtravelandmore.com\/es\/wp-json\/wp\/v2\/product_tag?post=85631"}],"curies":[{"name":"wp","href":"https:\/\/api.w.org\/{rel}","templated":true}]}}