{"id":85547,"date":"2020-10-30T12:43:07","date_gmt":"2020-10-30T11:43:08","guid":{"rendered":"https:\/\/tourtravelandmore.com\/?post_type=product&#038;p=85547"},"modified":"2021-06-07T14:14:13","modified_gmt":"2021-06-07T12:14:13","slug":"tour-privado-road-to-hana","status":"publish","type":"product","link":"https:\/\/tourtravelandmore.com\/es\/tours\/eeuu-es\/hawaii-es\/maui-es\/tour-privado-road-to-hana\/","title":{"rendered":"Tour Privado Road to Hana"},"content":{"rendered":"<h2 class=\"p1\"><span class=\"s1\"><b>Descripci\u00f3n del Tour Privado &#8220;Road to Hana&#8221;<\/b><\/span><\/h2>\n<p>Nuestro tour privado <strong>Road to Hana<\/strong> es verdaderamente una experiencia \u00fanica para conocer el infame Road to Hana. Perm\u00edtanos organizar una recogida c\u00f3moda para usted en su hotel o lugar de elecci\u00f3n en <strong>Maui.<\/strong><\/p>\n<p>H\u00e1ganos saber d\u00f3nde se ubicar\u00e1 y comenzaremos este recorrido privado por el camino a Hana. Road to Hana es una gran experiencia y un viaje que te lleva hacia una zona incre\u00edble en Maui. Tambi\u00e9n es una excelente ubicaci\u00f3n para tomar fotograf\u00edas. \u00a1Vuelve a la historia y los momentos legendarios que han dado forma a las islas! Estas historias incluyen lugares donde los dioses han dejado su huella.<\/p>\n<p>Tenga una vista de las incre\u00edbles cascadas, incre\u00edbles maravillas nacionales y la selva tropical.<\/p>\n<p>En el Camino a Hana puedes encontrar m\u00e1s de 60 millas. Sesenta millas de carretera, ubicadas en los acantilados de las incre\u00edbles selvas tropicales de Hawai y del mundo entero. La costa del Pac\u00edfico es incre\u00edble y los paisajes incre\u00edbles no se pueden perder.<\/p>\n<h2 class=\"p3\"><span class=\"s1\"><b>Itinerario del Tour en Road to Hana<\/b><\/span><\/h2>\n<p>En primer lugar, para este tour privado, haga que su conductor privado lo recoja en el lugar que elija en Maui.<\/p>\n<p>Luego nos dirigiremos hacia esta atracci\u00f3n tur\u00edstica tan popular que podemos encontrar en Maui. Esta carretera ubicada en el lado este de Maui es realmente una experiencia de d\u00eda incre\u00edble.<\/p>\n<p>Tenga una vista de las cascadas y las atracciones que se pueden encontrar durante esta experiencia de un d\u00eda y el Tour Privado Road to Hana.<\/p>\n<h2 class=\"p3\"><span class=\"s1\"><b>Puntos de Inter\u00e9s en Road to Hana<\/b><\/span><\/h2>\n<h3>Aqu\u00ed hay algunos ejemplos de lo que puede esperar disfrutar durante este Tour Privado.<\/h3>\n<p>Tras la c\u00f3moda recogida, nos dirigiremos hacia estas paradas. El orden puede variar seg\u00fan el lugar donde lo recojamos.<\/p>\n<ul>\n<li><strong>Ciudad de Praia.<\/strong> Dependiendo de d\u00f3nde partamos, podemos concertar una parada en el pueblo de Paia. Tenga una vista incluso en la famosa tienda Mana Foods. Podemos organizar una parada aqu\u00ed para recoger algunos bocadillos para su viaje de un d\u00eda.<\/li>\n<li><strong>Twin Falls<\/strong>. Esta es una de las cascadas m\u00e1s peque\u00f1as para visitar. La caminata es f\u00e1cil y puedes tomar excelentes fotos.<br \/>\nJard\u00edn del Ed\u00e9n Arboretum. Hermosos jardines cuidados e impresionantes vistas del oc\u00e9ano. Es una parada bot\u00e1nica impresionante.<\/li>\n<li><strong>Parque Estatal Pua&#8217;a Kaa Wayside.<\/strong> Disfrute de una caminata r\u00e1pida a una cascada y una piscina de agua dulce. \u00a1Una bonita zona de picnic est\u00e1 aqu\u00ed para relajarse un poco!<\/li>\n<li><strong>Mercado de Nahiku<\/strong>. Buena parada para almorzar. Tambi\u00e9n es un bonito mercado de carretera. Es un buen lugar para recibir algunos regalos.<\/li>\n<li><strong>Tubo de lava<\/strong>. Puede organizar una peque\u00f1a parada en las cuevas. Esto es opcional.<\/li>\n<li><strong>Parque estatal Wai\u2019anapanapa<\/strong>. Una de las paradas m\u00e1s populares.<\/li>\n<li><strong>Pueblo de Hanna<\/strong>. \u00a1Esto incluir\u00eda, por ejemplo, Hana Beach Park, Hale Piilani y m\u00e1s!<\/li>\n<li><strong>Cataratas de Wailua<\/strong>. \u00a1Una de las cascadas m\u00e1s famosas y es una visita obligada!<\/li>\n<li><strong>Playa Hamoa.<\/strong> Una de las playas m\u00e1s hermosas del mundo.<\/li>\n<li>Siete piscinas sagradas. Maravillas naturales asombrosas que se encuentran en el Parque Nacional Haleakala. Una corta caminata lo llevar\u00e1 a las piscinas de agua dulce.<\/li>\n<\/ul>\n<p>Nuestro conductor privado estar\u00e1 a su disposici\u00f3n durante esta experiencia de d\u00eda completa.<\/p>\n<p>Finalmente, lo dejaremos en el lugar que elija en Maui.<\/p>\n<p>\u00a1No se pierda nuestros otros tours privados que ofrecemos en Haw\u00e1i y EE. UU.! Consulte nuestros tours en las 6 islas m\u00e1s importantes de Haw\u00e1i. Estamos aqu\u00ed para ofrecer <a href=\"https:\/\/tourtravelandmore.com\/es\/tours\/\" target=\"_blank\" rel=\"noopener noreferrer\">tours privados en todo el mundo<\/a>.<\/p>\n<div id=\"gtx-trans\" style=\"position: absolute; left: -29px; top: 369.719px;\">\n<div class=\"gtx-trans-icon\"><\/div>\n<\/div>\n","protected":false},"excerpt":{"rendered":"<p>Disfrute de este Tour Privado Road to Hana. Acompa\u00f1enos a conocer de los lugares mas emblem\u00e1ticos de esta hermosa isla. Tour Privado<\/p>\n","protected":false},"featured_media":85580,"comment_status":"open","ping_status":"closed","template":"","meta":{"_acf_changed":false},"product_brand":[],"product_cat":[1602,2709,2726],"product_tag":[],"class_list":{"0":"post-85547","1":"product","2":"type-product","3":"status-publish","4":"has-post-thumbnail","6":"product_cat-eeuu-es","7":"product_cat-hawaii-es","8":"product_cat-maui-es","10":"first","11":"instock","12":"shipping-taxable","13":"purchasable","14":"product-type-simple"},"acf":[],"yoast_head":"<!-- This site is optimized with the Yoast SEO Premium plugin v25.3.1 (Yoast SEO v25.3.1) - https:\/\/yoast.com\/wordpress\/plugins\/seo\/ -->\n<title>Tour Privado Road to Hana con veh\u00edculo con chofer | Tour Travel &amp; More<\/title>\n<meta name=\"description\" content=\"\u2192 Disfrute de este Tour Privado Road to Hana. Acompa\u00f1enos a conocer de los lugares mas emblem\u00e1ticos de esta hermosa isla \u2705\" \/>\n<meta name=\"robots\" content=\"index, follow, max-snippet:-1, max-image-preview:large, max-video-preview:-1\" \/>\n<link rel=\"canonical\" href=\"https:\/\/tourtravelandmore.com\/es\/tours\/eeuu-es\/hawaii-es\/maui-es\/tour-privado-road-to-hana\/\" \/>\n<meta property=\"og:locale\" content=\"es_ES\" \/>\n<meta property=\"og:type\" content=\"article\" \/>\n<meta property=\"og:title\" content=\"Tour Privado Road to Hana\" \/>\n<meta property=\"og:description\" content=\"\u2192 Disfrute de este Tour Privado Road to Hana. Acompa\u00f1enos a conocer de los lugares mas emblem\u00e1ticos de esta hermosa isla \u2705\" \/>\n<meta property=\"og:url\" content=\"https:\/\/tourtravelandmore.com\/es\/tours\/eeuu-es\/hawaii-es\/maui-es\/tour-privado-road-to-hana\/\" \/>\n<meta property=\"og:site_name\" content=\"Tour Travel And More\" \/>\n<meta property=\"article:publisher\" content=\"https:\/\/www.facebook.com\/tourtravelandmore\/\" \/>\n<meta property=\"article:modified_time\" content=\"2021-06-07T12:14:13+00:00\" \/>\n<meta property=\"og:image\" content=\"https:\/\/tourtravelandmore.com\/wp-content\/uploads\/2020\/10\/Hana-3-scaled.jpg\" \/>\n\t<meta property=\"og:image:width\" content=\"2560\" \/>\n\t<meta property=\"og:image:height\" content=\"1696\" \/>\n\t<meta property=\"og:image:type\" content=\"image\/jpeg\" \/>\n<meta name=\"twitter:card\" content=\"summary_large_image\" \/>\n<meta name=\"twitter:site\" content=\"@TourTravel_More\" \/>\n<meta name=\"twitter:label1\" content=\"Tiempo de lectura\" \/>\n\t<meta name=\"twitter:data1\" content=\"3 minutos\" \/>\n<script type=\"application\/ld+json\" class=\"yoast-schema-graph\">{\"@context\":\"https:\/\/schema.org\",\"@graph\":[{\"@type\":\"WebPage\",\"@id\":\"https:\/\/tourtravelandmore.com\/es\/tours\/eeuu-es\/hawaii-es\/maui-es\/tour-privado-road-to-hana\/\",\"url\":\"https:\/\/tourtravelandmore.com\/es\/tours\/eeuu-es\/hawaii-es\/maui-es\/tour-privado-road-to-hana\/\",\"name\":\"Tour Privado Road to Hana con veh\u00edculo con chofer | Tour Travel & More\",\"isPartOf\":{\"@id\":\"https:\/\/tourtravelandmore.com\/es\/#website\"},\"primaryImageOfPage\":{\"@id\":\"https:\/\/tourtravelandmore.com\/es\/tours\/eeuu-es\/hawaii-es\/maui-es\/tour-privado-road-to-hana\/#primaryimage\"},\"image\":{\"@id\":\"https:\/\/tourtravelandmore.com\/es\/tours\/eeuu-es\/hawaii-es\/maui-es\/tour-privado-road-to-hana\/#primaryimage\"},\"thumbnailUrl\":\"https:\/\/tourtravelandmore.com\/wp-content\/uploads\/2020\/10\/Hana-3-scaled.jpg\",\"datePublished\":\"2020-10-30T11:43:08+00:00\",\"dateModified\":\"2021-06-07T12:14:13+00:00\",\"description\":\"\u2192 Disfrute de este Tour Privado Road to Hana. Acompa\u00f1enos a conocer de los lugares mas emblem\u00e1ticos de esta hermosa isla \u2705\",\"breadcrumb\":{\"@id\":\"https:\/\/tourtravelandmore.com\/es\/tours\/eeuu-es\/hawaii-es\/maui-es\/tour-privado-road-to-hana\/#breadcrumb\"},\"inLanguage\":\"es\",\"potentialAction\":[{\"@type\":\"ReadAction\",\"target\":[\"https:\/\/tourtravelandmore.com\/es\/tours\/eeuu-es\/hawaii-es\/maui-es\/tour-privado-road-to-hana\/\"]}]},{\"@type\":\"ImageObject\",\"inLanguage\":\"es\",\"@id\":\"https:\/\/tourtravelandmore.com\/es\/tours\/eeuu-es\/hawaii-es\/maui-es\/tour-privado-road-to-hana\/#primaryimage\",\"url\":\"https:\/\/tourtravelandmore.com\/wp-content\/uploads\/2020\/10\/Hana-3-scaled.jpg\",\"contentUrl\":\"https:\/\/tourtravelandmore.com\/wp-content\/uploads\/2020\/10\/Hana-3-scaled.jpg\",\"width\":2560,\"height\":1696},{\"@type\":\"BreadcrumbList\",\"@id\":\"https:\/\/tourtravelandmore.com\/es\/tours\/eeuu-es\/hawaii-es\/maui-es\/tour-privado-road-to-hana\/#breadcrumb\",\"itemListElement\":[{\"@type\":\"ListItem\",\"position\":1,\"name\":\"Home\",\"item\":\"https:\/\/tourtravelandmore.com\/es\/\"},{\"@type\":\"ListItem\",\"position\":2,\"name\":\"Tours\",\"item\":\"https:\/\/tourtravelandmore.com\/es\/tours\/\"},{\"@type\":\"ListItem\",\"position\":3,\"name\":\"Tour Privado Road to Hana\"}]},{\"@type\":\"WebSite\",\"@id\":\"https:\/\/tourtravelandmore.com\/es\/#website\",\"url\":\"https:\/\/tourtravelandmore.com\/es\/\",\"name\":\"Tour Travel And More\",\"description\":\"Private sightseeing tours and luxury transfers in Spain\",\"publisher\":{\"@id\":\"https:\/\/tourtravelandmore.com\/es\/#organization\"},\"potentialAction\":[{\"@type\":\"SearchAction\",\"target\":{\"@type\":\"EntryPoint\",\"urlTemplate\":\"https:\/\/tourtravelandmore.com\/es\/?s={search_term_string}\"},\"query-input\":{\"@type\":\"PropertyValueSpecification\",\"valueRequired\":true,\"valueName\":\"search_term_string\"}}],\"inLanguage\":\"es\"},{\"@type\":\"Organization\",\"@id\":\"https:\/\/tourtravelandmore.com\/es\/#organization\",\"name\":\"Tour Travel And More\",\"url\":\"https:\/\/tourtravelandmore.com\/es\/\",\"logo\":{\"@type\":\"ImageObject\",\"inLanguage\":\"es\",\"@id\":\"https:\/\/tourtravelandmore.com\/es\/#\/schema\/logo\/image\/\",\"url\":\"https:\/\/tourtravelandmore.com\/wp-content\/uploads\/2022\/12\/cropped-logo-cabecera-new.png\",\"contentUrl\":\"https:\/\/tourtravelandmore.com\/wp-content\/uploads\/2022\/12\/cropped-logo-cabecera-new.png\",\"width\":430,\"height\":61,\"caption\":\"Tour Travel And More\"},\"image\":{\"@id\":\"https:\/\/tourtravelandmore.com\/es\/#\/schema\/logo\/image\/\"},\"sameAs\":[\"https:\/\/www.facebook.com\/tourtravelandmore\/\",\"https:\/\/x.com\/TourTravel_More\"]}]}<\/script>\n<!-- \/ Yoast SEO Premium plugin. -->","yoast_head_json":{"title":"Tour Privado Road to Hana con veh\u00edculo con chofer | Tour Travel & More","description":"\u2192 Disfrute de este Tour Privado Road to Hana. Acompa\u00f1enos a conocer de los lugares mas emblem\u00e1ticos de esta hermosa isla \u2705","robots":{"index":"index","follow":"follow","max-snippet":"max-snippet:-1","max-image-preview":"max-image-preview:large","max-video-preview":"max-video-preview:-1"},"canonical":"https:\/\/tourtravelandmore.com\/es\/tours\/eeuu-es\/hawaii-es\/maui-es\/tour-privado-road-to-hana\/","og_locale":"es_ES","og_type":"article","og_title":"Tour Privado Road to Hana","og_description":"\u2192 Disfrute de este Tour Privado Road to Hana. Acompa\u00f1enos a conocer de los lugares mas emblem\u00e1ticos de esta hermosa isla \u2705","og_url":"https:\/\/tourtravelandmore.com\/es\/tours\/eeuu-es\/hawaii-es\/maui-es\/tour-privado-road-to-hana\/","og_site_name":"Tour Travel And More","article_publisher":"https:\/\/www.facebook.com\/tourtravelandmore\/","article_modified_time":"2021-06-07T12:14:13+00:00","og_image":[{"width":2560,"height":1696,"url":"https:\/\/tourtravelandmore.com\/wp-content\/uploads\/2020\/10\/Hana-3-scaled.jpg","type":"image\/jpeg"}],"twitter_card":"summary_large_image","twitter_site":"@TourTravel_More","twitter_misc":{"Tiempo de lectura":"3 minutos"},"schema":{"@context":"https:\/\/schema.org","@graph":[{"@type":"WebPage","@id":"https:\/\/tourtravelandmore.com\/es\/tours\/eeuu-es\/hawaii-es\/maui-es\/tour-privado-road-to-hana\/","url":"https:\/\/tourtravelandmore.com\/es\/tours\/eeuu-es\/hawaii-es\/maui-es\/tour-privado-road-to-hana\/","name":"Tour Privado Road to Hana con veh\u00edculo con chofer | Tour Travel & More","isPartOf":{"@id":"https:\/\/tourtravelandmore.com\/es\/#website"},"primaryImageOfPage":{"@id":"https:\/\/tourtravelandmore.com\/es\/tours\/eeuu-es\/hawaii-es\/maui-es\/tour-privado-road-to-hana\/#primaryimage"},"image":{"@id":"https:\/\/tourtravelandmore.com\/es\/tours\/eeuu-es\/hawaii-es\/maui-es\/tour-privado-road-to-hana\/#primaryimage"},"thumbnailUrl":"https:\/\/tourtravelandmore.com\/wp-content\/uploads\/2020\/10\/Hana-3-scaled.jpg","datePublished":"2020-10-30T11:43:08+00:00","dateModified":"2021-06-07T12:14:13+00:00","description":"\u2192 Disfrute de este Tour Privado Road to Hana. Acompa\u00f1enos a conocer de los lugares mas emblem\u00e1ticos de esta hermosa isla \u2705","breadcrumb":{"@id":"https:\/\/tourtravelandmore.com\/es\/tours\/eeuu-es\/hawaii-es\/maui-es\/tour-privado-road-to-hana\/#breadcrumb"},"inLanguage":"es","potentialAction":[{"@type":"ReadAction","target":["https:\/\/tourtravelandmore.com\/es\/tours\/eeuu-es\/hawaii-es\/maui-es\/tour-privado-road-to-hana\/"]}]},{"@type":"ImageObject","inLanguage":"es","@id":"https:\/\/tourtravelandmore.com\/es\/tours\/eeuu-es\/hawaii-es\/maui-es\/tour-privado-road-to-hana\/#primaryimage","url":"https:\/\/tourtravelandmore.com\/wp-content\/uploads\/2020\/10\/Hana-3-scaled.jpg","contentUrl":"https:\/\/tourtravelandmore.com\/wp-content\/uploads\/2020\/10\/Hana-3-scaled.jpg","width":2560,"height":1696},{"@type":"BreadcrumbList","@id":"https:\/\/tourtravelandmore.com\/es\/tours\/eeuu-es\/hawaii-es\/maui-es\/tour-privado-road-to-hana\/#breadcrumb","itemListElement":[{"@type":"ListItem","position":1,"name":"Home","item":"https:\/\/tourtravelandmore.com\/es\/"},{"@type":"ListItem","position":2,"name":"Tours","item":"https:\/\/tourtravelandmore.com\/es\/tours\/"},{"@type":"ListItem","position":3,"name":"Tour Privado Road to Hana"}]},{"@type":"WebSite","@id":"https:\/\/tourtravelandmore.com\/es\/#website","url":"https:\/\/tourtravelandmore.com\/es\/","name":"Tour Travel And More","description":"Private sightseeing tours and luxury transfers in Spain","publisher":{"@id":"https:\/\/tourtravelandmore.com\/es\/#organization"},"potentialAction":[{"@type":"SearchAction","target":{"@type":"EntryPoint","urlTemplate":"https:\/\/tourtravelandmore.com\/es\/?s={search_term_string}"},"query-input":{"@type":"PropertyValueSpecification","valueRequired":true,"valueName":"search_term_string"}}],"inLanguage":"es"},{"@type":"Organization","@id":"https:\/\/tourtravelandmore.com\/es\/#organization","name":"Tour Travel And More","url":"https:\/\/tourtravelandmore.com\/es\/","logo":{"@type":"ImageObject","inLanguage":"es","@id":"https:\/\/tourtravelandmore.com\/es\/#\/schema\/logo\/image\/","url":"https:\/\/tourtravelandmore.com\/wp-content\/uploads\/2022\/12\/cropped-logo-cabecera-new.png","contentUrl":"https:\/\/tourtravelandmore.com\/wp-content\/uploads\/2022\/12\/cropped-logo-cabecera-new.png","width":430,"height":61,"caption":"Tour Travel And More"},"image":{"@id":"https:\/\/tourtravelandmore.com\/es\/#\/schema\/logo\/image\/"},"sameAs":["https:\/\/www.facebook.com\/tourtravelandmore\/","https:\/\/x.com\/TourTravel_More"]}]}},"_links":{"self":[{"href":"https:\/\/tourtravelandmore.com\/es\/wp-json\/wp\/v2\/product\/85547","targetHints":{"allow":["GET"]}}],"collection":[{"href":"https:\/\/tourtravelandmore.com\/es\/wp-json\/wp\/v2\/product"}],"about":[{"href":"https:\/\/tourtravelandmore.com\/es\/wp-json\/wp\/v2\/types\/product"}],"replies":[{"embeddable":true,"href":"https:\/\/tourtravelandmore.com\/es\/wp-json\/wp\/v2\/comments?post=85547"}],"wp:featuredmedia":[{"embeddable":true,"href":"https:\/\/tourtravelandmore.com\/es\/wp-json\/wp\/v2\/media\/85580"}],"wp:attachment":[{"href":"https:\/\/tourtravelandmore.com\/es\/wp-json\/wp\/v2\/media?parent=85547"}],"wp:term":[{"taxonomy":"product_brand","embeddable":true,"href":"https:\/\/tourtravelandmore.com\/es\/wp-json\/wp\/v2\/product_brand?post=85547"},{"taxonomy":"product_cat","embeddable":true,"href":"https:\/\/tourtravelandmore.com\/es\/wp-json\/wp\/v2\/product_cat?post=85547"},{"taxonomy":"product_tag","embeddable":true,"href":"https:\/\/tourtravelandmore.com\/es\/wp-json\/wp\/v2\/product_tag?post=85547"}],"curies":[{"name":"wp","href":"https:\/\/api.w.org\/{rel}","templated":true}]}}