{"id":85537,"date":"2020-10-30T12:28:46","date_gmt":"2020-10-30T11:28:46","guid":{"rendered":"https:\/\/tourtravelandmore.com\/?post_type=product&#038;p=85537"},"modified":"2021-07-09T18:10:11","modified_gmt":"2021-07-09T16:10:11","slug":"tour-privado-a-pie-por-san-diego","status":"publish","type":"product","link":"https:\/\/tourtravelandmore.com\/es\/tours\/eeuu-es\/san-diego-es\/san-diego-actividades-es\/tour-privado-a-pie-por-san-diego\/","title":{"rendered":"Tour Privado a pie por San Diego"},"content":{"rendered":"<h2><strong>Descripci\u00f3n del Old Town de San Diego\u00a0<\/strong><\/h2>\n<p>Si est\u00e1 de paseo por los <strong>Estados Unidos<\/strong>, definitivamente tiene que pasar algunos d\u00edas en <strong>San Diego<\/strong>. <span class=\"JLqJ4b ChMk0b\" data-language-for-alternatives=\"es\" data-language-to-translate-into=\"en\" data-phrase-index=\"1\"><strong>Tour Travel &amp; More<\/strong> le brinda la oportunidad de unirse a nosotros en un <strong>tour a pie privado por San Diego<\/strong> con un <strong>gu\u00eda tur\u00edstico local privado<\/strong>. Podr\u00e1s visitar todos los lugares y monumentos m\u00e1s importantes en un recorrido de 3 horas. <\/span><\/p>\n<p><span class=\"JLqJ4b ChMk0b\" data-language-for-alternatives=\"es\" data-language-to-translate-into=\"en\" data-phrase-index=\"1\"><span class=\"JLqJ4b\" data-language-for-alternatives=\"es\" data-language-to-translate-into=\"en\" data-phrase-index=\"3\">La recogida ser\u00e1 en su hotel ubicado en el centro o en un punto de encuentro central cerca del casco antiguo. En caso de que lo necesite, tambi\u00e9n podemos proporcionarle un traslado privado desde cualquier lugar fuera del centro.<\/span><\/span><\/p>\n<p><strong>San Diego<\/strong> es una ciudad en la costa del Pac\u00edfico de California, al sur de Los \u00c1ngeles y pr\u00f3xima a la frontera con M\u00e9xico.\u00a0<span class=\"JLqJ4b ChMk0b\" data-language-for-alternatives=\"es\" data-language-to-translate-into=\"en\" data-phrase-index=\"8\">Es uno de los lugares m\u00e1s visitados debido a sus incre\u00edbles playas, parques y clima c\u00e1lido. En otras palabras, \u00a1es el destino perfecto para tus vacaciones!<\/span><\/p>\n<p><span class=\"JLqJ4b ChMk0b\" data-language-for-alternatives=\"es\" data-language-to-translate-into=\"en\" data-phrase-index=\"8\"><span class=\"JLqJ4b\" data-language-for-alternatives=\"es\" data-language-to-translate-into=\"en\" data-phrase-index=\"10\">Sienta el roce del viento y la calidez del sol en su rostro con este tour privado a pie por San Diego. Aproveche la oportunidad de visitar esta incre\u00edble ciudad con un profesional local.<\/span><\/span><\/p>\n<h2><strong>Puntos de inter\u00e9s en el Old Town de San Diego<\/strong><\/h2>\n<p>En primer lugar, organizaremos un punto de encuentro central con su gu\u00eda tur\u00edstico local. <span class=\"JLqJ4b ChMk0b\" data-language-for-alternatives=\"es\" data-language-to-translate-into=\"en\" data-phrase-index=\"1\">Como se trata de una experiencia privada y personalizada, podr\u00e1 elegir la hora de inicio del tour. <\/span><\/p>\n<p><span class=\"JLqJ4b ChMk0b\" data-language-for-alternatives=\"es\" data-language-to-translate-into=\"en\" data-phrase-index=\"1\"><span class=\"JLqJ4b\" data-language-for-alternatives=\"es\" data-language-to-translate-into=\"en\" data-phrase-index=\"2\">\u00bfTienes lista tu c\u00e1mara?, pues en este tour har\u00e1s muchas paradas donde tomar\u00e1s las mejores fotos de la ciudad. Este tour privado a pie por San Diego se basar\u00e1 en el<strong> casco antiguo<\/strong> y sus alrededores. Entre otros monumentos y lugares podr\u00e1s visitar:<\/span><\/span><\/p>\n<ul>\n<li><strong>Casco Antiguo de San Diego <\/strong><\/li>\n<li><strong><span class=\"JLqJ4b\" data-language-for-alternatives=\"es\" data-language-to-translate-into=\"en\" data-phrase-index=\"1\"><span class=\"JLqJ4b ChMk0b\" data-language-for-alternatives=\"es\" data-language-to-translate-into=\"en\" data-phrase-index=\"2\">Parque Presidio <\/span><\/span><\/strong><\/li>\n<li><strong><a href=\"http:\/\/www.parks.ca.gov\/?page_id=663\"><span class=\"JLqJ4b\" data-language-for-alternatives=\"es\" data-language-to-translate-into=\"en\" data-phrase-index=\"1\"><span class=\"JLqJ4b ChMk0b\" data-language-for-alternatives=\"es\" data-language-to-translate-into=\"en\" data-phrase-index=\"2\">Parque Hist\u00f3rico del casco antiguo de San Diego <\/span><\/span><\/a><\/strong><\/li>\n<li><strong><span class=\"JLqJ4b\" data-language-for-alternatives=\"es\" data-language-to-translate-into=\"en\" data-phrase-index=\"1\"><span class=\"JLqJ4b ChMk0b\" data-language-for-alternatives=\"es\" data-language-to-translate-into=\"en\" data-phrase-index=\"2\">Museo de la Casa Whaley <\/span><\/span><\/strong><\/li>\n<li><strong><span class=\"JLqJ4b\" data-language-for-alternatives=\"es\" data-language-to-translate-into=\"en\" data-phrase-index=\"1\"><span class=\"JLqJ4b ChMk0b\" data-language-for-alternatives=\"es\" data-language-to-translate-into=\"en\" data-phrase-index=\"2\">Mercado del casco antiguo <\/span><\/span><\/strong><\/li>\n<li><strong><span class=\"JLqJ4b\" data-language-for-alternatives=\"es\" data-language-to-translate-into=\"en\" data-phrase-index=\"1\"><span class=\"JLqJ4b ChMk0b\" data-language-for-alternatives=\"es\" data-language-to-translate-into=\"en\" data-phrase-index=\"2\">Sitio hist\u00f3rico del Batall\u00f3n Morm\u00f3n<\/span><\/span><\/strong><\/li>\n<li><strong><span class=\"JLqJ4b\" data-language-for-alternatives=\"es\" data-language-to-translate-into=\"en\" data-phrase-index=\"1\"><span class=\"JLqJ4b ChMk0b\" data-language-for-alternatives=\"es\" data-language-to-translate-into=\"en\" data-phrase-index=\"2\"> Casa Estudillo <\/span><\/span><\/strong><\/li>\n<li><strong><span class=\"JLqJ4b\" data-language-for-alternatives=\"es\" data-language-to-translate-into=\"en\" data-phrase-index=\"1\"><span class=\"JLqJ4b ChMk0b\" data-language-for-alternatives=\"es\" data-language-to-translate-into=\"en\" data-phrase-index=\"2\">Templo de Beth Israel<\/span><\/span><\/strong><\/li>\n<li><strong><span class=\"JLqJ4b\" data-language-for-alternatives=\"es\" data-language-to-translate-into=\"en\" data-phrase-index=\"1\"><span class=\"JLqJ4b ChMk0b\" data-language-for-alternatives=\"es\" data-language-to-translate-into=\"en\" data-phrase-index=\"2\"> \u00a1Y mucho m\u00e1s!<\/span><\/span><\/strong><\/li>\n<\/ul>\n<p>En caso de que lo prefieras, podemos incluir ticket de entrada a cualquier museo o monumento que desees visitar. <span class=\"JLqJ4b ChMk0b\" data-language-for-alternatives=\"es\" data-language-to-translate-into=\"en\" data-phrase-index=\"1\">Adem\u00e1s, como se trata de una experiencia personalizada, podemos agregar m\u00e1s horas o incluso convertirlo en un tour de d\u00eda completo. \u00a1Recuerda que estamos aqu\u00ed, para ofrecerte el mejor tour!<\/span><\/p>\n<p><span class=\"JLqJ4b ChMk0b\" data-language-for-alternatives=\"es\" data-language-to-translate-into=\"en\" data-phrase-index=\"1\"><span class=\"JLqJ4b\" data-language-for-alternatives=\"es\" data-language-to-translate-into=\"en\" data-phrase-index=\"3\">Finalmente, al final de la visita, su gu\u00eda tur\u00edstico oficial privado lo dejar\u00e1 en un lugar c\u00e9ntrico de San Diego. <\/span><\/span><\/p>\n<p><span class=\"JLqJ4b ChMk0b\" data-language-for-alternatives=\"es\" data-language-to-translate-into=\"en\" data-phrase-index=\"1\"><span class=\"JLqJ4b\" data-language-for-alternatives=\"es\" data-language-to-translate-into=\"en\" data-phrase-index=\"3\">Tenemos muchas opciones de tours privados en y desde San Diego, \u00a1eche un vistazo a <a href=\"https:\/\/tourtravelandmore.com\/es\/ciudad\/eeuu-es\/san-diego-es\/\">nuestra lista de productos privados<\/a><\/span><\/span><span class=\"JLqJ4b ChMk0b\" data-language-for-alternatives=\"es\" data-language-to-translate-into=\"en\" data-phrase-index=\"1\"><span class=\"JLqJ4b\" data-language-for-alternatives=\"es\" data-language-to-translate-into=\"en\" data-phrase-index=\"3\">!<\/span><\/span><\/p>\n","protected":false},"excerpt":{"rendered":"<p>Aproveche la oportunidad de visitar el<strong> Casco Antiguo de San Diego<\/strong> con nuestro tour privado a pie con un experto local. <span class=\"JLqJ4b ChMk0b\" data-language-for-alternatives=\"es\" data-language-to-translate-into=\"en\" data-phrase-index=\"1\">Visite y admire la historia de esta ciudad \u00fanica, tome fotos de todos los lugares que m\u00e1s te gustaron. Divi\u00e9rtete en tus vacaciones con <strong>Tour Travel &amp; More.<\/strong><\/span><\/p>\n","protected":false},"featured_media":85561,"comment_status":"open","ping_status":"closed","template":"","meta":{"_acf_changed":false},"product_brand":[],"product_cat":[1602,2738,2741,2747],"product_tag":[],"class_list":{"0":"post-85537","1":"product","2":"type-product","3":"status-publish","4":"has-post-thumbnail","6":"product_cat-eeuu-es","7":"product_cat-san-diego-es","8":"product_cat-san-diego-actividades-es","9":"product_cat-san-diego-a-pie-es","11":"first","12":"instock","13":"shipping-taxable","14":"purchasable","15":"product-type-simple"},"acf":[],"yoast_head":"<!-- This site is optimized with the Yoast SEO Premium plugin v25.3.1 (Yoast SEO v25.3.1) - https:\/\/yoast.com\/wordpress\/plugins\/seo\/ -->\n<title>Tour Privado a pie Old Town de San Diego con guia | Tour Travel &amp; More<\/title>\n<meta name=\"description\" content=\"\u2192 Reserve un Tour Privado a pie por Old Town de San Diego. Conozca los lugares m\u00e1s emblem\u00e1ticos les Casco Antiguo y mucho mas! \u2705\" \/>\n<meta name=\"robots\" content=\"index, follow, max-snippet:-1, max-image-preview:large, max-video-preview:-1\" \/>\n<link rel=\"canonical\" href=\"https:\/\/tourtravelandmore.com\/es\/tours\/eeuu-es\/san-diego-es\/san-diego-actividades-es\/tour-privado-a-pie-por-san-diego\/\" \/>\n<meta property=\"og:locale\" content=\"es_ES\" \/>\n<meta property=\"og:type\" content=\"article\" \/>\n<meta property=\"og:title\" content=\"Tour Privado a pie por San Diego\" \/>\n<meta property=\"og:description\" content=\"\u2192 Reserve un Tour Privado a pie por Old Town de San Diego. Conozca los lugares m\u00e1s emblem\u00e1ticos les Casco Antiguo y mucho mas! \u2705\" \/>\n<meta property=\"og:url\" content=\"https:\/\/tourtravelandmore.com\/es\/tours\/eeuu-es\/san-diego-es\/san-diego-actividades-es\/tour-privado-a-pie-por-san-diego\/\" \/>\n<meta property=\"og:site_name\" content=\"Tour Travel And More\" \/>\n<meta property=\"article:publisher\" content=\"https:\/\/www.facebook.com\/tourtravelandmore\/\" \/>\n<meta property=\"article:modified_time\" content=\"2021-07-09T16:10:11+00:00\" \/>\n<meta property=\"og:image\" content=\"https:\/\/tourtravelandmore.com\/wp-content\/uploads\/2020\/10\/san-diego-1-scaled.jpg\" \/>\n\t<meta property=\"og:image:width\" content=\"2560\" \/>\n\t<meta property=\"og:image:height\" content=\"1920\" \/>\n\t<meta property=\"og:image:type\" content=\"image\/jpeg\" \/>\n<meta name=\"twitter:card\" content=\"summary_large_image\" \/>\n<meta name=\"twitter:site\" content=\"@TourTravel_More\" \/>\n<meta name=\"twitter:label1\" content=\"Tiempo de lectura\" \/>\n\t<meta name=\"twitter:data1\" content=\"2 minutos\" \/>\n<script type=\"application\/ld+json\" class=\"yoast-schema-graph\">{\"@context\":\"https:\/\/schema.org\",\"@graph\":[{\"@type\":\"WebPage\",\"@id\":\"https:\/\/tourtravelandmore.com\/es\/tours\/eeuu-es\/san-diego-es\/san-diego-actividades-es\/tour-privado-a-pie-por-san-diego\/\",\"url\":\"https:\/\/tourtravelandmore.com\/es\/tours\/eeuu-es\/san-diego-es\/san-diego-actividades-es\/tour-privado-a-pie-por-san-diego\/\",\"name\":\"Tour Privado a pie Old Town de San Diego con guia | Tour Travel & More\",\"isPartOf\":{\"@id\":\"https:\/\/tourtravelandmore.com\/es\/#website\"},\"primaryImageOfPage\":{\"@id\":\"https:\/\/tourtravelandmore.com\/es\/tours\/eeuu-es\/san-diego-es\/san-diego-actividades-es\/tour-privado-a-pie-por-san-diego\/#primaryimage\"},\"image\":{\"@id\":\"https:\/\/tourtravelandmore.com\/es\/tours\/eeuu-es\/san-diego-es\/san-diego-actividades-es\/tour-privado-a-pie-por-san-diego\/#primaryimage\"},\"thumbnailUrl\":\"https:\/\/tourtravelandmore.com\/wp-content\/uploads\/2020\/10\/san-diego-1-scaled.jpg\",\"datePublished\":\"2020-10-30T11:28:46+00:00\",\"dateModified\":\"2021-07-09T16:10:11+00:00\",\"description\":\"\u2192 Reserve un Tour Privado a pie por Old Town de San Diego. Conozca los lugares m\u00e1s emblem\u00e1ticos les Casco Antiguo y mucho mas! \u2705\",\"breadcrumb\":{\"@id\":\"https:\/\/tourtravelandmore.com\/es\/tours\/eeuu-es\/san-diego-es\/san-diego-actividades-es\/tour-privado-a-pie-por-san-diego\/#breadcrumb\"},\"inLanguage\":\"es\",\"potentialAction\":[{\"@type\":\"ReadAction\",\"target\":[\"https:\/\/tourtravelandmore.com\/es\/tours\/eeuu-es\/san-diego-es\/san-diego-actividades-es\/tour-privado-a-pie-por-san-diego\/\"]}]},{\"@type\":\"ImageObject\",\"inLanguage\":\"es\",\"@id\":\"https:\/\/tourtravelandmore.com\/es\/tours\/eeuu-es\/san-diego-es\/san-diego-actividades-es\/tour-privado-a-pie-por-san-diego\/#primaryimage\",\"url\":\"https:\/\/tourtravelandmore.com\/wp-content\/uploads\/2020\/10\/san-diego-1-scaled.jpg\",\"contentUrl\":\"https:\/\/tourtravelandmore.com\/wp-content\/uploads\/2020\/10\/san-diego-1-scaled.jpg\",\"width\":2560,\"height\":1920},{\"@type\":\"BreadcrumbList\",\"@id\":\"https:\/\/tourtravelandmore.com\/es\/tours\/eeuu-es\/san-diego-es\/san-diego-actividades-es\/tour-privado-a-pie-por-san-diego\/#breadcrumb\",\"itemListElement\":[{\"@type\":\"ListItem\",\"position\":1,\"name\":\"Home\",\"item\":\"https:\/\/tourtravelandmore.com\/es\/\"},{\"@type\":\"ListItem\",\"position\":2,\"name\":\"Tours\",\"item\":\"https:\/\/tourtravelandmore.com\/es\/tours\/\"},{\"@type\":\"ListItem\",\"position\":3,\"name\":\"Tour Privado a pie por San Diego\"}]},{\"@type\":\"WebSite\",\"@id\":\"https:\/\/tourtravelandmore.com\/es\/#website\",\"url\":\"https:\/\/tourtravelandmore.com\/es\/\",\"name\":\"Tour Travel And More\",\"description\":\"Private sightseeing tours and luxury transfers in Spain\",\"publisher\":{\"@id\":\"https:\/\/tourtravelandmore.com\/es\/#organization\"},\"potentialAction\":[{\"@type\":\"SearchAction\",\"target\":{\"@type\":\"EntryPoint\",\"urlTemplate\":\"https:\/\/tourtravelandmore.com\/es\/?s={search_term_string}\"},\"query-input\":{\"@type\":\"PropertyValueSpecification\",\"valueRequired\":true,\"valueName\":\"search_term_string\"}}],\"inLanguage\":\"es\"},{\"@type\":\"Organization\",\"@id\":\"https:\/\/tourtravelandmore.com\/es\/#organization\",\"name\":\"Tour Travel And More\",\"url\":\"https:\/\/tourtravelandmore.com\/es\/\",\"logo\":{\"@type\":\"ImageObject\",\"inLanguage\":\"es\",\"@id\":\"https:\/\/tourtravelandmore.com\/es\/#\/schema\/logo\/image\/\",\"url\":\"https:\/\/tourtravelandmore.com\/wp-content\/uploads\/2022\/12\/cropped-logo-cabecera-new.png\",\"contentUrl\":\"https:\/\/tourtravelandmore.com\/wp-content\/uploads\/2022\/12\/cropped-logo-cabecera-new.png\",\"width\":430,\"height\":61,\"caption\":\"Tour Travel And More\"},\"image\":{\"@id\":\"https:\/\/tourtravelandmore.com\/es\/#\/schema\/logo\/image\/\"},\"sameAs\":[\"https:\/\/www.facebook.com\/tourtravelandmore\/\",\"https:\/\/x.com\/TourTravel_More\"]}]}<\/script>\n<!-- \/ Yoast SEO Premium plugin. -->","yoast_head_json":{"title":"Tour Privado a pie Old Town de San Diego con guia | Tour Travel & More","description":"\u2192 Reserve un Tour Privado a pie por Old Town de San Diego. Conozca los lugares m\u00e1s emblem\u00e1ticos les Casco Antiguo y mucho mas! \u2705","robots":{"index":"index","follow":"follow","max-snippet":"max-snippet:-1","max-image-preview":"max-image-preview:large","max-video-preview":"max-video-preview:-1"},"canonical":"https:\/\/tourtravelandmore.com\/es\/tours\/eeuu-es\/san-diego-es\/san-diego-actividades-es\/tour-privado-a-pie-por-san-diego\/","og_locale":"es_ES","og_type":"article","og_title":"Tour Privado a pie por San Diego","og_description":"\u2192 Reserve un Tour Privado a pie por Old Town de San Diego. Conozca los lugares m\u00e1s emblem\u00e1ticos les Casco Antiguo y mucho mas! \u2705","og_url":"https:\/\/tourtravelandmore.com\/es\/tours\/eeuu-es\/san-diego-es\/san-diego-actividades-es\/tour-privado-a-pie-por-san-diego\/","og_site_name":"Tour Travel And More","article_publisher":"https:\/\/www.facebook.com\/tourtravelandmore\/","article_modified_time":"2021-07-09T16:10:11+00:00","og_image":[{"width":2560,"height":1920,"url":"https:\/\/tourtravelandmore.com\/wp-content\/uploads\/2020\/10\/san-diego-1-scaled.jpg","type":"image\/jpeg"}],"twitter_card":"summary_large_image","twitter_site":"@TourTravel_More","twitter_misc":{"Tiempo de lectura":"2 minutos"},"schema":{"@context":"https:\/\/schema.org","@graph":[{"@type":"WebPage","@id":"https:\/\/tourtravelandmore.com\/es\/tours\/eeuu-es\/san-diego-es\/san-diego-actividades-es\/tour-privado-a-pie-por-san-diego\/","url":"https:\/\/tourtravelandmore.com\/es\/tours\/eeuu-es\/san-diego-es\/san-diego-actividades-es\/tour-privado-a-pie-por-san-diego\/","name":"Tour Privado a pie Old Town de San Diego con guia | Tour Travel & More","isPartOf":{"@id":"https:\/\/tourtravelandmore.com\/es\/#website"},"primaryImageOfPage":{"@id":"https:\/\/tourtravelandmore.com\/es\/tours\/eeuu-es\/san-diego-es\/san-diego-actividades-es\/tour-privado-a-pie-por-san-diego\/#primaryimage"},"image":{"@id":"https:\/\/tourtravelandmore.com\/es\/tours\/eeuu-es\/san-diego-es\/san-diego-actividades-es\/tour-privado-a-pie-por-san-diego\/#primaryimage"},"thumbnailUrl":"https:\/\/tourtravelandmore.com\/wp-content\/uploads\/2020\/10\/san-diego-1-scaled.jpg","datePublished":"2020-10-30T11:28:46+00:00","dateModified":"2021-07-09T16:10:11+00:00","description":"\u2192 Reserve un Tour Privado a pie por Old Town de San Diego. Conozca los lugares m\u00e1s emblem\u00e1ticos les Casco Antiguo y mucho mas! \u2705","breadcrumb":{"@id":"https:\/\/tourtravelandmore.com\/es\/tours\/eeuu-es\/san-diego-es\/san-diego-actividades-es\/tour-privado-a-pie-por-san-diego\/#breadcrumb"},"inLanguage":"es","potentialAction":[{"@type":"ReadAction","target":["https:\/\/tourtravelandmore.com\/es\/tours\/eeuu-es\/san-diego-es\/san-diego-actividades-es\/tour-privado-a-pie-por-san-diego\/"]}]},{"@type":"ImageObject","inLanguage":"es","@id":"https:\/\/tourtravelandmore.com\/es\/tours\/eeuu-es\/san-diego-es\/san-diego-actividades-es\/tour-privado-a-pie-por-san-diego\/#primaryimage","url":"https:\/\/tourtravelandmore.com\/wp-content\/uploads\/2020\/10\/san-diego-1-scaled.jpg","contentUrl":"https:\/\/tourtravelandmore.com\/wp-content\/uploads\/2020\/10\/san-diego-1-scaled.jpg","width":2560,"height":1920},{"@type":"BreadcrumbList","@id":"https:\/\/tourtravelandmore.com\/es\/tours\/eeuu-es\/san-diego-es\/san-diego-actividades-es\/tour-privado-a-pie-por-san-diego\/#breadcrumb","itemListElement":[{"@type":"ListItem","position":1,"name":"Home","item":"https:\/\/tourtravelandmore.com\/es\/"},{"@type":"ListItem","position":2,"name":"Tours","item":"https:\/\/tourtravelandmore.com\/es\/tours\/"},{"@type":"ListItem","position":3,"name":"Tour Privado a pie por San Diego"}]},{"@type":"WebSite","@id":"https:\/\/tourtravelandmore.com\/es\/#website","url":"https:\/\/tourtravelandmore.com\/es\/","name":"Tour Travel And More","description":"Private sightseeing tours and luxury transfers in Spain","publisher":{"@id":"https:\/\/tourtravelandmore.com\/es\/#organization"},"potentialAction":[{"@type":"SearchAction","target":{"@type":"EntryPoint","urlTemplate":"https:\/\/tourtravelandmore.com\/es\/?s={search_term_string}"},"query-input":{"@type":"PropertyValueSpecification","valueRequired":true,"valueName":"search_term_string"}}],"inLanguage":"es"},{"@type":"Organization","@id":"https:\/\/tourtravelandmore.com\/es\/#organization","name":"Tour Travel And More","url":"https:\/\/tourtravelandmore.com\/es\/","logo":{"@type":"ImageObject","inLanguage":"es","@id":"https:\/\/tourtravelandmore.com\/es\/#\/schema\/logo\/image\/","url":"https:\/\/tourtravelandmore.com\/wp-content\/uploads\/2022\/12\/cropped-logo-cabecera-new.png","contentUrl":"https:\/\/tourtravelandmore.com\/wp-content\/uploads\/2022\/12\/cropped-logo-cabecera-new.png","width":430,"height":61,"caption":"Tour Travel And More"},"image":{"@id":"https:\/\/tourtravelandmore.com\/es\/#\/schema\/logo\/image\/"},"sameAs":["https:\/\/www.facebook.com\/tourtravelandmore\/","https:\/\/x.com\/TourTravel_More"]}]}},"_links":{"self":[{"href":"https:\/\/tourtravelandmore.com\/es\/wp-json\/wp\/v2\/product\/85537","targetHints":{"allow":["GET"]}}],"collection":[{"href":"https:\/\/tourtravelandmore.com\/es\/wp-json\/wp\/v2\/product"}],"about":[{"href":"https:\/\/tourtravelandmore.com\/es\/wp-json\/wp\/v2\/types\/product"}],"replies":[{"embeddable":true,"href":"https:\/\/tourtravelandmore.com\/es\/wp-json\/wp\/v2\/comments?post=85537"}],"wp:featuredmedia":[{"embeddable":true,"href":"https:\/\/tourtravelandmore.com\/es\/wp-json\/wp\/v2\/media\/85561"}],"wp:attachment":[{"href":"https:\/\/tourtravelandmore.com\/es\/wp-json\/wp\/v2\/media?parent=85537"}],"wp:term":[{"taxonomy":"product_brand","embeddable":true,"href":"https:\/\/tourtravelandmore.com\/es\/wp-json\/wp\/v2\/product_brand?post=85537"},{"taxonomy":"product_cat","embeddable":true,"href":"https:\/\/tourtravelandmore.com\/es\/wp-json\/wp\/v2\/product_cat?post=85537"},{"taxonomy":"product_tag","embeddable":true,"href":"https:\/\/tourtravelandmore.com\/es\/wp-json\/wp\/v2\/product_tag?post=85537"}],"curies":[{"name":"wp","href":"https:\/\/api.w.org\/{rel}","templated":true}]}}