{"id":85491,"date":"2020-10-29T12:41:08","date_gmt":"2020-10-29T11:41:09","guid":{"rendered":"https:\/\/tourtravelandmore.com\/?post_type=product&#038;p=85491"},"modified":"2021-07-12T18:03:42","modified_gmt":"2021-07-12T16:03:42","slug":"tour-privado-a-milwaukee-desde-chicago","status":"publish","type":"product","link":"https:\/\/tourtravelandmore.com\/es\/tours\/eeuu-es\/chicago-es\/chicago-actividades-es\/tour-privado-a-milwaukee-desde-chicago\/","title":{"rendered":"Tour Privado a Milwaukee desde Chicago"},"content":{"rendered":"<h2 class=\"p1\"><span class=\"s1\"><b>Descripci\u00f3n del Tour Privado<\/b><\/span><\/h2>\n<p>\u00bfQu\u00e9 tal salir de <strong>Chicago<\/strong> por un d\u00eda y visitar otra ciudad hermosa a las orillas del lago Michigan? <span class=\"JLqJ4b ChMk0b\" data-language-for-alternatives=\"es\" data-language-to-translate-into=\"en\" data-phrase-index=\"1\">Aproveche esta oportunidad y venga con nosotros en este<strong> tour privado a Milwaukee desde Chicago<\/strong>. Conozca la ciudad m\u00e1s grande del estado de Wisconsin con un <strong>gu\u00eda tur\u00edstico local privado<\/strong>. <\/span><\/p>\n<p><span class=\"JLqJ4b ChMk0b\" data-language-for-alternatives=\"es\" data-language-to-translate-into=\"en\" data-phrase-index=\"1\"><span class=\"JLqJ4b\" data-language-for-alternatives=\"es\" data-language-to-translate-into=\"en\" data-phrase-index=\"3\">La recogida ser\u00e1 en su hotel o lugar de elecci\u00f3n en Chicago. El servicio se realizar\u00e1 en un <strong>veh\u00edculo privado de lujo con conductor<\/strong> para una experiencia m\u00e1s completa. La hora de inicio del recorrido la determinar\u00e1 usted, pero recuerde, es un tour de d\u00eda completo, por lo que es mejor comenzar temprano en la ma\u00f1ana.<\/span><\/span><\/p>\n<p><strong>Milwaukee<\/strong>, como ya mencionamos, est\u00e1 ubicada en el estado de Wisconsin, al norte de Chicago. <span class=\"JLqJ4b ChMk0b\" data-language-for-alternatives=\"es\" data-language-to-translate-into=\"en\" data-phrase-index=\"9\">Esta ciudad es muy conocida por sus cervecer\u00edas, y d\u00e9janos decirte, \u00a1la mayor\u00eda ofrecen visitas guiadas a su interior!. <\/span><\/p>\n<p><span class=\"JLqJ4b ChMk0b\" data-language-for-alternatives=\"es\" data-language-to-translate-into=\"en\" data-phrase-index=\"9\"><span class=\"JLqJ4b\" data-language-for-alternatives=\"es\" data-language-to-translate-into=\"en\" data-phrase-index=\"10\">Este tour privado a Milwaukee desde Chicago es para aquellos que quieren seguir explorando. \u00a1El mundo es demasiado grande y hay muchos lugares para visitar!. \u00a1Ven con nosotros, no te arrepentir\u00e1s!.<\/span><\/span><\/p>\n<h2 class=\"p3\"><span class=\"s1\"><b>Puntos de inter\u00e9s en el Tour<\/b><\/span><\/h2>\n<p>En primer lugar, nuestro gu\u00eda tur\u00edstico y chofer privados lo recoger\u00e1n en el lugar que desee en Chicago. <span class=\"JLqJ4b ChMk0b\" data-language-for-alternatives=\"es\" data-language-to-translate-into=\"en\" data-phrase-index=\"1\">\u00a1Este tour privado comenzar\u00e1 tan pronto como est\u00e9 dentro del veh\u00edculo!.<\/span><\/p>\n<p><span class=\"JLqJ4b ChMk0b\" data-language-for-alternatives=\"es\" data-language-to-translate-into=\"en\" data-phrase-index=\"1\"><span class=\"JLqJ4b\" data-language-for-alternatives=\"es\" data-language-to-translate-into=\"en\" data-phrase-index=\"2\">El viaje a <strong>Milwaukee<\/strong> es de aproximadamente una hora y treinta minutos, y lo mismo para regresar. Durante el viaje bordear\u00e1 el hermoso lago Michigan. Una vez en Milwaukee, se encontrar\u00e1 con su gu\u00eda tur\u00edstico oficial privado para una visita guiada de 3 horas. <\/span><\/span><\/p>\n<p><span class=\"JLqJ4b ChMk0b\" data-language-for-alternatives=\"es\" data-language-to-translate-into=\"en\" data-phrase-index=\"1\"><span class=\"JLqJ4b\" data-language-for-alternatives=\"es\" data-language-to-translate-into=\"en\" data-phrase-index=\"2\">A continuaci\u00f3n, se muestra un ejemplo de los lugares m\u00e1s importantes a visitar:<\/span><\/span><\/p>\n<ul>\n<li><strong>Museo de arte de Milwaukee<\/strong><\/li>\n<li><span class=\"JLqJ4b\" data-language-for-alternatives=\"es\" data-language-to-translate-into=\"en\" data-phrase-index=\"1\"><span class=\"JLqJ4b ChMk0b\" data-language-for-alternatives=\"es\" data-language-to-translate-into=\"en\" data-phrase-index=\"2\"><a href=\"https:\/\/www.harley-davidson.com\/us\/en\/museum.html?hbx_camp_id=hd_museum_redirect&amp;urlvar=h-dmuseum.com\">Museo Harley-Davidson<\/a>: q<strong>ue tiene hermosas vistas del lago Menomonee <\/strong><\/span><\/span><\/li>\n<li><strong><span class=\"JLqJ4b\" data-language-for-alternatives=\"es\" data-language-to-translate-into=\"en\" data-phrase-index=\"1\"><span class=\"JLqJ4b ChMk0b\" data-language-for-alternatives=\"es\" data-language-to-translate-into=\"en\" data-phrase-index=\"2\">Conservatorio del Parque Mitchel <\/span><\/span><\/strong><\/li>\n<li><strong><span class=\"JLqJ4b\" data-language-for-alternatives=\"es\" data-language-to-translate-into=\"en\" data-phrase-index=\"1\"><span class=\"JLqJ4b ChMk0b\" data-language-for-alternatives=\"es\" data-language-to-translate-into=\"en\" data-phrase-index=\"2\">Descubrimiento del mundo <\/span><\/span><\/strong><\/li>\n<li><strong><span class=\"JLqJ4b\" data-language-for-alternatives=\"es\" data-language-to-translate-into=\"en\" data-phrase-index=\"1\"><span class=\"JLqJ4b ChMk0b\" data-language-for-alternatives=\"es\" data-language-to-translate-into=\"en\" data-phrase-index=\"2\">Parque Miller\u00a0<\/span><\/span><\/strong><\/li>\n<li><strong><span class=\"JLqJ4b\" data-language-for-alternatives=\"es\" data-language-to-translate-into=\"en\" data-phrase-index=\"1\"><span class=\"JLqJ4b ChMk0b\" data-language-for-alternatives=\"es\" data-language-to-translate-into=\"en\" data-phrase-index=\"2\">Bas\u00edlica de San Josafat <\/span><\/span><\/strong><\/li>\n<li><strong><span class=\"JLqJ4b\" data-language-for-alternatives=\"es\" data-language-to-translate-into=\"en\" data-phrase-index=\"1\"><span class=\"JLqJ4b ChMk0b\" data-language-for-alternatives=\"es\" data-language-to-translate-into=\"en\" data-phrase-index=\"2\">Mansi\u00f3n Pabst <\/span><\/span><\/strong><\/li>\n<li><strong><span class=\"JLqJ4b\" data-language-for-alternatives=\"es\" data-language-to-translate-into=\"en\" data-phrase-index=\"1\"><span class=\"JLqJ4b ChMk0b\" data-language-for-alternatives=\"es\" data-language-to-translate-into=\"en\" data-phrase-index=\"2\">Museo P\u00fablico de Milwaukee <\/span><\/span><\/strong><\/li>\n<li><strong><span class=\"JLqJ4b\" data-language-for-alternatives=\"es\" data-language-to-translate-into=\"en\" data-phrase-index=\"1\"><span class=\"JLqJ4b ChMk0b\" data-language-for-alternatives=\"es\" data-language-to-translate-into=\"en\" data-phrase-index=\"2\">\u00a1Y mucho m\u00e1s!<\/span><\/span><\/strong><\/li>\n<\/ul>\n<p>No es necesario mencionar que podemos incluir la entrada a cualquier museo que desee visitar. <span class=\"JLqJ4b ChMk0b\" data-language-for-alternatives=\"es\" data-language-to-translate-into=\"en\" data-phrase-index=\"1\">Solo tienes que comunic\u00e1rnoslo y \u00a0lo arreglaremos todo por usted. \u00a1Nuestro trabajo es que no tengas que preocuparte por nada!. <\/span><\/p>\n<p><span class=\"JLqJ4b ChMk0b\" data-language-for-alternatives=\"es\" data-language-to-translate-into=\"en\" data-phrase-index=\"1\"><span class=\"JLqJ4b\" data-language-for-alternatives=\"es\" data-language-to-translate-into=\"en\" data-phrase-index=\"3\">Despu\u00e9s de la visita guiada, tendr\u00e1 tiempo para almorzar y degustar la gastronom\u00eda local. Finalmente, su conductor privado lo llevar\u00e1 de regreso a Chicago. <\/span><\/span><\/p>\n<p><span class=\"JLqJ4b ChMk0b\" data-language-for-alternatives=\"es\" data-language-to-translate-into=\"en\" data-phrase-index=\"1\"><span class=\"JLqJ4b\" data-language-for-alternatives=\"es\" data-language-to-translate-into=\"en\" data-phrase-index=\"3\">\u00a1Recuerda revisar todas nuestras opciones de <a href=\"https:\/\/tourtravelandmore.com\/es\/ciudad\/eeuu-es\/chicago-es\/\">tours privados en y desde Chicago<\/a>!.<\/span><\/span><\/p>\n<div id=\"gtx-trans\" style=\"position: absolute; left: 35px; top: 855.625px;\">\n<div class=\"gtx-trans-icon\"><\/div>\n<\/div>\n","protected":false},"excerpt":{"rendered":"<p><span class=\"JLqJ4b ChMk0b\" data-language-for-alternatives=\"es\" data-language-to-translate-into=\"en\" data-phrase-index=\"1\"><strong>Milwaukee es una hermosa ciudad al norte de Chicago que vale le pena visitar<\/strong>. Tendr\u00e1 a su total disposici\u00f3n un veh\u00edculo de lujo privado con chofer y un gu\u00eda oficial local. \u00a1No dude en personalizar su experiencia con nosotros!<\/span><\/p>\n","protected":false},"featured_media":85502,"comment_status":"open","ping_status":"closed","template":"","meta":{"_acf_changed":false},"product_brand":[],"product_cat":[1602,2689,2693,2697],"product_tag":[],"class_list":{"0":"post-85491","1":"product","2":"type-product","3":"status-publish","4":"has-post-thumbnail","6":"product_cat-eeuu-es","7":"product_cat-chicago-es","8":"product_cat-chicago-actividades-es","9":"product_cat-chicago-tours-privados-es","11":"first","12":"instock","13":"shipping-taxable","14":"purchasable","15":"product-type-simple"},"acf":[],"yoast_head":"<!-- This site is optimized with the Yoast SEO Premium plugin v25.3.1 (Yoast SEO v25.3.1) - https:\/\/yoast.com\/wordpress\/plugins\/seo\/ -->\n<title>Tour Privado a Milwaukee desde Chicago con veh\u00edculo y chofer | TT&amp;M<\/title>\n<meta name=\"description\" content=\"\u2192 Reserve este Tour Privado a Milwaukee desde Chicago. Acompa\u00f1enos a conocer de los lugares mas emblem\u00e1ticos de esta hermosa ciudad \u2705\" \/>\n<meta name=\"robots\" content=\"index, follow, max-snippet:-1, max-image-preview:large, max-video-preview:-1\" \/>\n<link rel=\"canonical\" href=\"https:\/\/tourtravelandmore.com\/es\/tours\/eeuu-es\/chicago-es\/chicago-actividades-es\/tour-privado-a-milwaukee-desde-chicago\/\" \/>\n<meta property=\"og:locale\" content=\"es_ES\" \/>\n<meta property=\"og:type\" content=\"article\" \/>\n<meta property=\"og:title\" content=\"Tour Privado a Milwaukee desde Chicago\" \/>\n<meta property=\"og:description\" content=\"\u2192 Reserve este Tour Privado a Milwaukee desde Chicago. Acompa\u00f1enos a conocer de los lugares mas emblem\u00e1ticos de esta hermosa ciudad \u2705\" \/>\n<meta property=\"og:url\" content=\"https:\/\/tourtravelandmore.com\/es\/tours\/eeuu-es\/chicago-es\/chicago-actividades-es\/tour-privado-a-milwaukee-desde-chicago\/\" \/>\n<meta property=\"og:site_name\" content=\"Tour Travel And More\" \/>\n<meta property=\"article:publisher\" content=\"https:\/\/www.facebook.com\/tourtravelandmore\/\" \/>\n<meta property=\"article:modified_time\" content=\"2021-07-12T16:03:42+00:00\" \/>\n<meta property=\"og:image\" content=\"https:\/\/tourtravelandmore.com\/wp-content\/uploads\/2020\/10\/milwa-3.jpg\" \/>\n\t<meta property=\"og:image:width\" content=\"1280\" \/>\n\t<meta property=\"og:image:height\" content=\"913\" \/>\n\t<meta property=\"og:image:type\" content=\"image\/jpeg\" \/>\n<meta name=\"twitter:card\" content=\"summary_large_image\" \/>\n<meta name=\"twitter:site\" content=\"@TourTravel_More\" \/>\n<meta name=\"twitter:label1\" content=\"Tiempo de lectura\" \/>\n\t<meta name=\"twitter:data1\" content=\"2 minutos\" \/>\n<script type=\"application\/ld+json\" class=\"yoast-schema-graph\">{\"@context\":\"https:\/\/schema.org\",\"@graph\":[{\"@type\":\"WebPage\",\"@id\":\"https:\/\/tourtravelandmore.com\/es\/tours\/eeuu-es\/chicago-es\/chicago-actividades-es\/tour-privado-a-milwaukee-desde-chicago\/\",\"url\":\"https:\/\/tourtravelandmore.com\/es\/tours\/eeuu-es\/chicago-es\/chicago-actividades-es\/tour-privado-a-milwaukee-desde-chicago\/\",\"name\":\"Tour Privado a Milwaukee desde Chicago con veh\u00edculo y chofer | TT&M\",\"isPartOf\":{\"@id\":\"https:\/\/tourtravelandmore.com\/es\/#website\"},\"primaryImageOfPage\":{\"@id\":\"https:\/\/tourtravelandmore.com\/es\/tours\/eeuu-es\/chicago-es\/chicago-actividades-es\/tour-privado-a-milwaukee-desde-chicago\/#primaryimage\"},\"image\":{\"@id\":\"https:\/\/tourtravelandmore.com\/es\/tours\/eeuu-es\/chicago-es\/chicago-actividades-es\/tour-privado-a-milwaukee-desde-chicago\/#primaryimage\"},\"thumbnailUrl\":\"https:\/\/tourtravelandmore.com\/wp-content\/uploads\/2020\/10\/milwa-3.jpg\",\"datePublished\":\"2020-10-29T11:41:09+00:00\",\"dateModified\":\"2021-07-12T16:03:42+00:00\",\"description\":\"\u2192 Reserve este Tour Privado a Milwaukee desde Chicago. Acompa\u00f1enos a conocer de los lugares mas emblem\u00e1ticos de esta hermosa ciudad \u2705\",\"breadcrumb\":{\"@id\":\"https:\/\/tourtravelandmore.com\/es\/tours\/eeuu-es\/chicago-es\/chicago-actividades-es\/tour-privado-a-milwaukee-desde-chicago\/#breadcrumb\"},\"inLanguage\":\"es\",\"potentialAction\":[{\"@type\":\"ReadAction\",\"target\":[\"https:\/\/tourtravelandmore.com\/es\/tours\/eeuu-es\/chicago-es\/chicago-actividades-es\/tour-privado-a-milwaukee-desde-chicago\/\"]}]},{\"@type\":\"ImageObject\",\"inLanguage\":\"es\",\"@id\":\"https:\/\/tourtravelandmore.com\/es\/tours\/eeuu-es\/chicago-es\/chicago-actividades-es\/tour-privado-a-milwaukee-desde-chicago\/#primaryimage\",\"url\":\"https:\/\/tourtravelandmore.com\/wp-content\/uploads\/2020\/10\/milwa-3.jpg\",\"contentUrl\":\"https:\/\/tourtravelandmore.com\/wp-content\/uploads\/2020\/10\/milwa-3.jpg\",\"width\":1280,\"height\":913},{\"@type\":\"BreadcrumbList\",\"@id\":\"https:\/\/tourtravelandmore.com\/es\/tours\/eeuu-es\/chicago-es\/chicago-actividades-es\/tour-privado-a-milwaukee-desde-chicago\/#breadcrumb\",\"itemListElement\":[{\"@type\":\"ListItem\",\"position\":1,\"name\":\"Home\",\"item\":\"https:\/\/tourtravelandmore.com\/es\/\"},{\"@type\":\"ListItem\",\"position\":2,\"name\":\"Tours\",\"item\":\"https:\/\/tourtravelandmore.com\/es\/tours\/\"},{\"@type\":\"ListItem\",\"position\":3,\"name\":\"Tour Privado a Milwaukee desde Chicago\"}]},{\"@type\":\"WebSite\",\"@id\":\"https:\/\/tourtravelandmore.com\/es\/#website\",\"url\":\"https:\/\/tourtravelandmore.com\/es\/\",\"name\":\"Tour Travel And More\",\"description\":\"Private sightseeing tours and luxury transfers in Spain\",\"publisher\":{\"@id\":\"https:\/\/tourtravelandmore.com\/es\/#organization\"},\"potentialAction\":[{\"@type\":\"SearchAction\",\"target\":{\"@type\":\"EntryPoint\",\"urlTemplate\":\"https:\/\/tourtravelandmore.com\/es\/?s={search_term_string}\"},\"query-input\":{\"@type\":\"PropertyValueSpecification\",\"valueRequired\":true,\"valueName\":\"search_term_string\"}}],\"inLanguage\":\"es\"},{\"@type\":\"Organization\",\"@id\":\"https:\/\/tourtravelandmore.com\/es\/#organization\",\"name\":\"Tour Travel And More\",\"url\":\"https:\/\/tourtravelandmore.com\/es\/\",\"logo\":{\"@type\":\"ImageObject\",\"inLanguage\":\"es\",\"@id\":\"https:\/\/tourtravelandmore.com\/es\/#\/schema\/logo\/image\/\",\"url\":\"https:\/\/tourtravelandmore.com\/wp-content\/uploads\/2022\/12\/cropped-logo-cabecera-new.png\",\"contentUrl\":\"https:\/\/tourtravelandmore.com\/wp-content\/uploads\/2022\/12\/cropped-logo-cabecera-new.png\",\"width\":430,\"height\":61,\"caption\":\"Tour Travel And More\"},\"image\":{\"@id\":\"https:\/\/tourtravelandmore.com\/es\/#\/schema\/logo\/image\/\"},\"sameAs\":[\"https:\/\/www.facebook.com\/tourtravelandmore\/\",\"https:\/\/x.com\/TourTravel_More\"]}]}<\/script>\n<!-- \/ Yoast SEO Premium plugin. -->","yoast_head_json":{"title":"Tour Privado a Milwaukee desde Chicago con veh\u00edculo y chofer | TT&M","description":"\u2192 Reserve este Tour Privado a Milwaukee desde Chicago. Acompa\u00f1enos a conocer de los lugares mas emblem\u00e1ticos de esta hermosa ciudad \u2705","robots":{"index":"index","follow":"follow","max-snippet":"max-snippet:-1","max-image-preview":"max-image-preview:large","max-video-preview":"max-video-preview:-1"},"canonical":"https:\/\/tourtravelandmore.com\/es\/tours\/eeuu-es\/chicago-es\/chicago-actividades-es\/tour-privado-a-milwaukee-desde-chicago\/","og_locale":"es_ES","og_type":"article","og_title":"Tour Privado a Milwaukee desde Chicago","og_description":"\u2192 Reserve este Tour Privado a Milwaukee desde Chicago. Acompa\u00f1enos a conocer de los lugares mas emblem\u00e1ticos de esta hermosa ciudad \u2705","og_url":"https:\/\/tourtravelandmore.com\/es\/tours\/eeuu-es\/chicago-es\/chicago-actividades-es\/tour-privado-a-milwaukee-desde-chicago\/","og_site_name":"Tour Travel And More","article_publisher":"https:\/\/www.facebook.com\/tourtravelandmore\/","article_modified_time":"2021-07-12T16:03:42+00:00","og_image":[{"width":1280,"height":913,"url":"https:\/\/tourtravelandmore.com\/wp-content\/uploads\/2020\/10\/milwa-3.jpg","type":"image\/jpeg"}],"twitter_card":"summary_large_image","twitter_site":"@TourTravel_More","twitter_misc":{"Tiempo de lectura":"2 minutos"},"schema":{"@context":"https:\/\/schema.org","@graph":[{"@type":"WebPage","@id":"https:\/\/tourtravelandmore.com\/es\/tours\/eeuu-es\/chicago-es\/chicago-actividades-es\/tour-privado-a-milwaukee-desde-chicago\/","url":"https:\/\/tourtravelandmore.com\/es\/tours\/eeuu-es\/chicago-es\/chicago-actividades-es\/tour-privado-a-milwaukee-desde-chicago\/","name":"Tour Privado a Milwaukee desde Chicago con veh\u00edculo y chofer | TT&M","isPartOf":{"@id":"https:\/\/tourtravelandmore.com\/es\/#website"},"primaryImageOfPage":{"@id":"https:\/\/tourtravelandmore.com\/es\/tours\/eeuu-es\/chicago-es\/chicago-actividades-es\/tour-privado-a-milwaukee-desde-chicago\/#primaryimage"},"image":{"@id":"https:\/\/tourtravelandmore.com\/es\/tours\/eeuu-es\/chicago-es\/chicago-actividades-es\/tour-privado-a-milwaukee-desde-chicago\/#primaryimage"},"thumbnailUrl":"https:\/\/tourtravelandmore.com\/wp-content\/uploads\/2020\/10\/milwa-3.jpg","datePublished":"2020-10-29T11:41:09+00:00","dateModified":"2021-07-12T16:03:42+00:00","description":"\u2192 Reserve este Tour Privado a Milwaukee desde Chicago. Acompa\u00f1enos a conocer de los lugares mas emblem\u00e1ticos de esta hermosa ciudad \u2705","breadcrumb":{"@id":"https:\/\/tourtravelandmore.com\/es\/tours\/eeuu-es\/chicago-es\/chicago-actividades-es\/tour-privado-a-milwaukee-desde-chicago\/#breadcrumb"},"inLanguage":"es","potentialAction":[{"@type":"ReadAction","target":["https:\/\/tourtravelandmore.com\/es\/tours\/eeuu-es\/chicago-es\/chicago-actividades-es\/tour-privado-a-milwaukee-desde-chicago\/"]}]},{"@type":"ImageObject","inLanguage":"es","@id":"https:\/\/tourtravelandmore.com\/es\/tours\/eeuu-es\/chicago-es\/chicago-actividades-es\/tour-privado-a-milwaukee-desde-chicago\/#primaryimage","url":"https:\/\/tourtravelandmore.com\/wp-content\/uploads\/2020\/10\/milwa-3.jpg","contentUrl":"https:\/\/tourtravelandmore.com\/wp-content\/uploads\/2020\/10\/milwa-3.jpg","width":1280,"height":913},{"@type":"BreadcrumbList","@id":"https:\/\/tourtravelandmore.com\/es\/tours\/eeuu-es\/chicago-es\/chicago-actividades-es\/tour-privado-a-milwaukee-desde-chicago\/#breadcrumb","itemListElement":[{"@type":"ListItem","position":1,"name":"Home","item":"https:\/\/tourtravelandmore.com\/es\/"},{"@type":"ListItem","position":2,"name":"Tours","item":"https:\/\/tourtravelandmore.com\/es\/tours\/"},{"@type":"ListItem","position":3,"name":"Tour Privado a Milwaukee desde Chicago"}]},{"@type":"WebSite","@id":"https:\/\/tourtravelandmore.com\/es\/#website","url":"https:\/\/tourtravelandmore.com\/es\/","name":"Tour Travel And More","description":"Private sightseeing tours and luxury transfers in Spain","publisher":{"@id":"https:\/\/tourtravelandmore.com\/es\/#organization"},"potentialAction":[{"@type":"SearchAction","target":{"@type":"EntryPoint","urlTemplate":"https:\/\/tourtravelandmore.com\/es\/?s={search_term_string}"},"query-input":{"@type":"PropertyValueSpecification","valueRequired":true,"valueName":"search_term_string"}}],"inLanguage":"es"},{"@type":"Organization","@id":"https:\/\/tourtravelandmore.com\/es\/#organization","name":"Tour Travel And More","url":"https:\/\/tourtravelandmore.com\/es\/","logo":{"@type":"ImageObject","inLanguage":"es","@id":"https:\/\/tourtravelandmore.com\/es\/#\/schema\/logo\/image\/","url":"https:\/\/tourtravelandmore.com\/wp-content\/uploads\/2022\/12\/cropped-logo-cabecera-new.png","contentUrl":"https:\/\/tourtravelandmore.com\/wp-content\/uploads\/2022\/12\/cropped-logo-cabecera-new.png","width":430,"height":61,"caption":"Tour Travel And More"},"image":{"@id":"https:\/\/tourtravelandmore.com\/es\/#\/schema\/logo\/image\/"},"sameAs":["https:\/\/www.facebook.com\/tourtravelandmore\/","https:\/\/x.com\/TourTravel_More"]}]}},"_links":{"self":[{"href":"https:\/\/tourtravelandmore.com\/es\/wp-json\/wp\/v2\/product\/85491","targetHints":{"allow":["GET"]}}],"collection":[{"href":"https:\/\/tourtravelandmore.com\/es\/wp-json\/wp\/v2\/product"}],"about":[{"href":"https:\/\/tourtravelandmore.com\/es\/wp-json\/wp\/v2\/types\/product"}],"replies":[{"embeddable":true,"href":"https:\/\/tourtravelandmore.com\/es\/wp-json\/wp\/v2\/comments?post=85491"}],"wp:featuredmedia":[{"embeddable":true,"href":"https:\/\/tourtravelandmore.com\/es\/wp-json\/wp\/v2\/media\/85502"}],"wp:attachment":[{"href":"https:\/\/tourtravelandmore.com\/es\/wp-json\/wp\/v2\/media?parent=85491"}],"wp:term":[{"taxonomy":"product_brand","embeddable":true,"href":"https:\/\/tourtravelandmore.com\/es\/wp-json\/wp\/v2\/product_brand?post=85491"},{"taxonomy":"product_cat","embeddable":true,"href":"https:\/\/tourtravelandmore.com\/es\/wp-json\/wp\/v2\/product_cat?post=85491"},{"taxonomy":"product_tag","embeddable":true,"href":"https:\/\/tourtravelandmore.com\/es\/wp-json\/wp\/v2\/product_tag?post=85491"}],"curies":[{"name":"wp","href":"https:\/\/api.w.org\/{rel}","templated":true}]}}