{"id":85457,"date":"2020-10-29T09:09:57","date_gmt":"2020-10-29T08:10:00","guid":{"rendered":"https:\/\/tourtravelandmore.com\/?post_type=product&#038;p=85457"},"modified":"2021-07-12T18:01:09","modified_gmt":"2021-07-12T16:01:09","slug":"tour-privado-por-chicago","status":"publish","type":"product","link":"https:\/\/tourtravelandmore.com\/es\/tours\/eeuu-es\/chicago-es\/chicago-actividades-es\/tour-privado-por-chicago\/","title":{"rendered":"Tour Privado por Chicago"},"content":{"rendered":"<h2 class=\"p1\"><span class=\"s1\"><b>Descripci\u00f3n del Tour Privado en Chicago<\/b><\/span><\/h2>\n<p class=\"p1\"><strong>Chicago<\/strong> es una de las ciudades m\u00e1s grandes de los Estados Unidos, por lo que lo invitamos a realizar nuestro <strong>tour privado por Chicago.<\/strong> Tendr\u00e1 un v<strong>eh\u00edculo privado de lujo con conductor<\/strong> que lo llevar\u00e1 a todos los lugares que desee visitar. Y por si fuera poco, tendr\u00e1s disponible un <strong>gu\u00eda tur\u00edstico oficial privado<\/strong> para una visita guiada de 4 horas. En otras palabras, pasar\u00e1s un tiempo incre\u00edble en una hermosa ciudad.<\/p>\n<p class=\"p1\">Como ya sabr\u00e1s, este es un tour privado y personalizado, por lo que t\u00fa decidir\u00e1s la hora de inicio del tour. Solo tienes que ponerte en contacto con nosotros y estaremos encantados de ayudarte.<\/p>\n<p><strong>Chicago<\/strong> se encuentra junto al lago Michigan en Illinois. Esta ciudad es famosa por su arquitectura \u00fanica y su horizonte lleno de rascacielos como el ic\u00f3nico <strong>John Hancock Center<\/strong>. Adem\u00e1s, no hace falta decir, que es una de las ciudades donde se filman las series m\u00e1s importantes de USA.<\/p>\n<p>Si consideras que prefieres realizar este tour privado a pie, te sugerimos nuestro <a href=\"https:\/\/tourtravelandmore.com\/es\/tours\/eeuu-es\/chicago-es\/chicago-actividades-es\/tour-privado-a-pie-por-chicago\/\">tour privado a pie por Chicago<\/a>, \u00a1echa un vistazo!.<\/p>\n<h2 class=\"p3\"><span class=\"s1\"><b>Puntos de inter\u00e9s en la Ciudad de Chicago<\/b><\/span><\/h2>\n<p>En primer lugar, organizaremos un punto de encuentro que podr\u00eda ser su hotel o lugar de elecci\u00f3n en Chicago. <span class=\"JLqJ4b ChMk0b\" data-language-for-alternatives=\"es\" data-language-to-translate-into=\"en\" data-phrase-index=\"1\">Si su hotel est\u00e1 lejos del centro, h\u00e1ganoslo saber y le cotizaremos un precio especial para usted.<\/span><\/p>\n<p><span class=\"JLqJ4b ChMk0b\" data-language-for-alternatives=\"es\" data-language-to-translate-into=\"en\" data-phrase-index=\"1\"><span class=\"JLqJ4b\" data-language-for-alternatives=\"es\" data-language-to-translate-into=\"en\" data-phrase-index=\"2\">Durante este tour privado por <strong>Chicago<\/strong>, podr\u00e1 visitar todos los monumentos y lugares m\u00e1s importantes. Su gu\u00eda tur\u00edstico privado lo iluminar\u00e1 con datos interesantes sobre la historia y la cultura de Chicago. <\/span><\/span><\/p>\n<p><span class=\"JLqJ4b ChMk0b\" data-language-for-alternatives=\"es\" data-language-to-translate-into=\"en\" data-phrase-index=\"1\"><span class=\"JLqJ4b\" data-language-for-alternatives=\"es\" data-language-to-translate-into=\"en\" data-phrase-index=\"2\">Entre otros monumentos y lugares, podr\u00e1s visitar:<\/span><\/span><\/p>\n<ul>\n<li><strong>Torre Willis y su Skydeck: el rascacielos m\u00e1s alto de la ciudad <\/strong><\/li>\n<li><strong><span class=\"JLqJ4b\" data-language-for-alternatives=\"es\" data-language-to-translate-into=\"en\" data-phrase-index=\"1\"><span class=\"JLqJ4b ChMk0b\" data-language-for-alternatives=\"es\" data-language-to-translate-into=\"en\" data-phrase-index=\"2\">Parque Millenium <\/span><\/span><\/strong><\/li>\n<li><strong><span class=\"JLqJ4b\" data-language-for-alternatives=\"es\" data-language-to-translate-into=\"en\" data-phrase-index=\"1\"><span class=\"JLqJ4b ChMk0b\" data-language-for-alternatives=\"es\" data-language-to-translate-into=\"en\" data-phrase-index=\"2\">Fuente de Buckingham <\/span><\/span><\/strong><\/li>\n<li><strong><span class=\"JLqJ4b\" data-language-for-alternatives=\"es\" data-language-to-translate-into=\"en\" data-phrase-index=\"1\"><span class=\"JLqJ4b ChMk0b\" data-language-for-alternatives=\"es\" data-language-to-translate-into=\"en\" data-phrase-index=\"2\">Muelle Navy<\/span><\/span><\/strong><\/li>\n<li><strong><span class=\"JLqJ4b\" data-language-for-alternatives=\"es\" data-language-to-translate-into=\"en\" data-phrase-index=\"1\"><span class=\"JLqJ4b ChMk0b\" data-language-for-alternatives=\"es\" data-language-to-translate-into=\"en\" data-phrase-index=\"2\">Chicago Riverwalk <\/span><\/span><\/strong><\/li>\n<li><strong><span class=\"JLqJ4b\" data-language-for-alternatives=\"es\" data-language-to-translate-into=\"en\" data-phrase-index=\"1\"><span class=\"JLqJ4b ChMk0b\" data-language-for-alternatives=\"es\" data-language-to-translate-into=\"en\" data-phrase-index=\"2\">Centro Cultural de Chicago <\/span><\/span><\/strong><\/li>\n<li><a href=\"https:\/\/www.fieldmuseum.org\"><span class=\"JLqJ4b\" data-language-for-alternatives=\"es\" data-language-to-translate-into=\"en\" data-phrase-index=\"1\"><span class=\"JLqJ4b ChMk0b\" data-language-for-alternatives=\"es\" data-language-to-translate-into=\"en\" data-phrase-index=\"2\">Museo Field <\/span><\/span><\/a><\/li>\n<li><strong><span class=\"JLqJ4b\" data-language-for-alternatives=\"es\" data-language-to-translate-into=\"en\" data-phrase-index=\"1\"><span class=\"JLqJ4b ChMk0b\" data-language-for-alternatives=\"es\" data-language-to-translate-into=\"en\" data-phrase-index=\"2\">Playa de Oak Street<\/span><\/span><\/strong><\/li>\n<li><strong><span class=\"JLqJ4b\" data-language-for-alternatives=\"es\" data-language-to-translate-into=\"en\" data-phrase-index=\"1\"><span class=\"JLqJ4b ChMk0b\" data-language-for-alternatives=\"es\" data-language-to-translate-into=\"en\" data-phrase-index=\"2\"> Cuarta Iglesia Presbiteriana <\/span><\/span><\/strong><\/li>\n<li><strong><span class=\"JLqJ4b\" data-language-for-alternatives=\"es\" data-language-to-translate-into=\"en\" data-phrase-index=\"1\"><span class=\"JLqJ4b ChMk0b\" data-language-for-alternatives=\"es\" data-language-to-translate-into=\"en\" data-phrase-index=\"2\">Torre de la tribuna <\/span><\/span><\/strong><\/li>\n<li><strong><span class=\"JLqJ4b\" data-language-for-alternatives=\"es\" data-language-to-translate-into=\"en\" data-phrase-index=\"1\"><span class=\"JLqJ4b ChMk0b\" data-language-for-alternatives=\"es\" data-language-to-translate-into=\"en\" data-phrase-index=\"2\">Magnificent Mile: la calle comercial m\u00e1s famosa de la ciudad <\/span><\/span><\/strong><\/li>\n<li><strong><span class=\"JLqJ4b\" data-language-for-alternatives=\"es\" data-language-to-translate-into=\"en\" data-phrase-index=\"1\"><span class=\"JLqJ4b ChMk0b\" data-language-for-alternatives=\"es\" data-language-to-translate-into=\"en\" data-phrase-index=\"2\">Water Tower: edificio p\u00fablico del centro que sobrevivi\u00f3 al incendio que destruy\u00f3 la ciudad en 1871 <\/span><\/span><\/strong><\/li>\n<li><strong><span class=\"JLqJ4b\" data-language-for-alternatives=\"es\" data-language-to-translate-into=\"en\" data-phrase-index=\"1\"><span class=\"JLqJ4b ChMk0b\" data-language-for-alternatives=\"es\" data-language-to-translate-into=\"en\" data-phrase-index=\"2\">\u00a1Y mucho m\u00e1s!<\/span><\/span><\/strong><\/li>\n<\/ul>\n<p>Este es un itinerario para un recorrido de 4 horas, pero en caso de que lo prefiera, podemos hacer un recorrido de 6 o incluso 8 horas. <span class=\"JLqJ4b ChMk0b\" data-language-for-alternatives=\"es\" data-language-to-translate-into=\"en\" data-phrase-index=\"1\">Tambi\u00e9n podemos incluir tickets de entrada a cualquier monumento que desee visitar. <\/span><\/p>\n<p><span class=\"JLqJ4b ChMk0b\" data-language-for-alternatives=\"es\" data-language-to-translate-into=\"en\" data-phrase-index=\"1\"><span class=\"JLqJ4b\" data-language-for-alternatives=\"es\" data-language-to-translate-into=\"en\" data-phrase-index=\"2\">Finalmente, cuando finalice el recorrido, su conductor privado y su gu\u00eda tur\u00edstico oficial lo llevar\u00e1n de regreso a su punto de partida en Chicago.<\/span><\/span><\/p>\n","protected":false},"excerpt":{"rendered":"<p>Aproveche al m\u00e1ximo sus d\u00edas en Chicago y acomp\u00e1\u00f1enos en este <strong>tour privado por la ciudad de Chicago junto a un gu\u00eda oficial y chofer privado<\/strong>. Conozca los sitios m\u00e1s emblem\u00e1ticos de esta hermosa ciudad y disfrute de sus hermosos monumentos.<\/p>\n","protected":false},"featured_media":85443,"comment_status":"open","ping_status":"closed","template":"","meta":{"_acf_changed":false},"product_brand":[],"product_cat":[1602,2689,2693,2697],"product_tag":[],"class_list":{"0":"post-85457","1":"product","2":"type-product","3":"status-publish","4":"has-post-thumbnail","6":"product_cat-eeuu-es","7":"product_cat-chicago-es","8":"product_cat-chicago-actividades-es","9":"product_cat-chicago-tours-privados-es","11":"first","12":"instock","13":"shipping-taxable","14":"purchasable","15":"product-type-simple"},"acf":[],"yoast_head":"<!-- This site is optimized with the Yoast SEO Premium plugin v25.3.1 (Yoast SEO v25.3.1) - https:\/\/yoast.com\/wordpress\/plugins\/seo\/ -->\n<title>Tour Privado por Chicago con chofer y gu\u00eda oficial | Tour Travel &amp; More<\/title>\n<meta name=\"description\" content=\"\u2192 Descubre Chicago y sus sitios m\u00e1s emblem\u00e1ticos reservando un tour privado con chofer y gu\u00eda. Visite el Parque Millenium y el Muelle Navy \u2705\" \/>\n<meta name=\"robots\" content=\"index, follow, max-snippet:-1, max-image-preview:large, max-video-preview:-1\" \/>\n<link rel=\"canonical\" href=\"https:\/\/tourtravelandmore.com\/es\/tours\/eeuu-es\/chicago-es\/chicago-actividades-es\/tour-privado-por-chicago\/\" \/>\n<meta property=\"og:locale\" content=\"es_ES\" \/>\n<meta property=\"og:type\" content=\"article\" \/>\n<meta property=\"og:title\" content=\"Tour Privado por Chicago\" \/>\n<meta property=\"og:description\" content=\"\u2192 Descubre Chicago y sus sitios m\u00e1s emblem\u00e1ticos reservando un tour privado con chofer y gu\u00eda. Visite el Parque Millenium y el Muelle Navy \u2705\" \/>\n<meta property=\"og:url\" content=\"https:\/\/tourtravelandmore.com\/es\/tours\/eeuu-es\/chicago-es\/chicago-actividades-es\/tour-privado-por-chicago\/\" \/>\n<meta property=\"og:site_name\" content=\"Tour Travel And More\" \/>\n<meta property=\"article:publisher\" content=\"https:\/\/www.facebook.com\/tourtravelandmore\/\" \/>\n<meta property=\"article:modified_time\" content=\"2021-07-12T16:01:09+00:00\" \/>\n<meta property=\"og:image\" content=\"https:\/\/tourtravelandmore.com\/wp-content\/uploads\/2020\/10\/chicago-2-scaled.jpg\" \/>\n\t<meta property=\"og:image:width\" content=\"2560\" \/>\n\t<meta property=\"og:image:height\" content=\"1634\" \/>\n\t<meta property=\"og:image:type\" content=\"image\/jpeg\" \/>\n<meta name=\"twitter:card\" content=\"summary_large_image\" \/>\n<meta name=\"twitter:site\" content=\"@TourTravel_More\" \/>\n<meta name=\"twitter:label1\" content=\"Tiempo de lectura\" \/>\n\t<meta name=\"twitter:data1\" content=\"2 minutos\" \/>\n<script type=\"application\/ld+json\" class=\"yoast-schema-graph\">{\"@context\":\"https:\/\/schema.org\",\"@graph\":[{\"@type\":\"WebPage\",\"@id\":\"https:\/\/tourtravelandmore.com\/es\/tours\/eeuu-es\/chicago-es\/chicago-actividades-es\/tour-privado-por-chicago\/\",\"url\":\"https:\/\/tourtravelandmore.com\/es\/tours\/eeuu-es\/chicago-es\/chicago-actividades-es\/tour-privado-por-chicago\/\",\"name\":\"Tour Privado por Chicago con chofer y gu\u00eda oficial | Tour Travel & More\",\"isPartOf\":{\"@id\":\"https:\/\/tourtravelandmore.com\/es\/#website\"},\"primaryImageOfPage\":{\"@id\":\"https:\/\/tourtravelandmore.com\/es\/tours\/eeuu-es\/chicago-es\/chicago-actividades-es\/tour-privado-por-chicago\/#primaryimage\"},\"image\":{\"@id\":\"https:\/\/tourtravelandmore.com\/es\/tours\/eeuu-es\/chicago-es\/chicago-actividades-es\/tour-privado-por-chicago\/#primaryimage\"},\"thumbnailUrl\":\"https:\/\/tourtravelandmore.com\/wp-content\/uploads\/2020\/10\/chicago-2-scaled.jpg\",\"datePublished\":\"2020-10-29T08:10:00+00:00\",\"dateModified\":\"2021-07-12T16:01:09+00:00\",\"description\":\"\u2192 Descubre Chicago y sus sitios m\u00e1s emblem\u00e1ticos reservando un tour privado con chofer y gu\u00eda. Visite el Parque Millenium y el Muelle Navy \u2705\",\"breadcrumb\":{\"@id\":\"https:\/\/tourtravelandmore.com\/es\/tours\/eeuu-es\/chicago-es\/chicago-actividades-es\/tour-privado-por-chicago\/#breadcrumb\"},\"inLanguage\":\"es\",\"potentialAction\":[{\"@type\":\"ReadAction\",\"target\":[\"https:\/\/tourtravelandmore.com\/es\/tours\/eeuu-es\/chicago-es\/chicago-actividades-es\/tour-privado-por-chicago\/\"]}]},{\"@type\":\"ImageObject\",\"inLanguage\":\"es\",\"@id\":\"https:\/\/tourtravelandmore.com\/es\/tours\/eeuu-es\/chicago-es\/chicago-actividades-es\/tour-privado-por-chicago\/#primaryimage\",\"url\":\"https:\/\/tourtravelandmore.com\/wp-content\/uploads\/2020\/10\/chicago-2-scaled.jpg\",\"contentUrl\":\"https:\/\/tourtravelandmore.com\/wp-content\/uploads\/2020\/10\/chicago-2-scaled.jpg\",\"width\":2560,\"height\":1634},{\"@type\":\"BreadcrumbList\",\"@id\":\"https:\/\/tourtravelandmore.com\/es\/tours\/eeuu-es\/chicago-es\/chicago-actividades-es\/tour-privado-por-chicago\/#breadcrumb\",\"itemListElement\":[{\"@type\":\"ListItem\",\"position\":1,\"name\":\"Home\",\"item\":\"https:\/\/tourtravelandmore.com\/es\/\"},{\"@type\":\"ListItem\",\"position\":2,\"name\":\"Tours\",\"item\":\"https:\/\/tourtravelandmore.com\/es\/tours\/\"},{\"@type\":\"ListItem\",\"position\":3,\"name\":\"Tour Privado por Chicago\"}]},{\"@type\":\"WebSite\",\"@id\":\"https:\/\/tourtravelandmore.com\/es\/#website\",\"url\":\"https:\/\/tourtravelandmore.com\/es\/\",\"name\":\"Tour Travel And More\",\"description\":\"Private sightseeing tours and luxury transfers in Spain\",\"publisher\":{\"@id\":\"https:\/\/tourtravelandmore.com\/es\/#organization\"},\"potentialAction\":[{\"@type\":\"SearchAction\",\"target\":{\"@type\":\"EntryPoint\",\"urlTemplate\":\"https:\/\/tourtravelandmore.com\/es\/?s={search_term_string}\"},\"query-input\":{\"@type\":\"PropertyValueSpecification\",\"valueRequired\":true,\"valueName\":\"search_term_string\"}}],\"inLanguage\":\"es\"},{\"@type\":\"Organization\",\"@id\":\"https:\/\/tourtravelandmore.com\/es\/#organization\",\"name\":\"Tour Travel And More\",\"url\":\"https:\/\/tourtravelandmore.com\/es\/\",\"logo\":{\"@type\":\"ImageObject\",\"inLanguage\":\"es\",\"@id\":\"https:\/\/tourtravelandmore.com\/es\/#\/schema\/logo\/image\/\",\"url\":\"https:\/\/tourtravelandmore.com\/wp-content\/uploads\/2022\/12\/cropped-logo-cabecera-new.png\",\"contentUrl\":\"https:\/\/tourtravelandmore.com\/wp-content\/uploads\/2022\/12\/cropped-logo-cabecera-new.png\",\"width\":430,\"height\":61,\"caption\":\"Tour Travel And More\"},\"image\":{\"@id\":\"https:\/\/tourtravelandmore.com\/es\/#\/schema\/logo\/image\/\"},\"sameAs\":[\"https:\/\/www.facebook.com\/tourtravelandmore\/\",\"https:\/\/x.com\/TourTravel_More\"]}]}<\/script>\n<!-- \/ Yoast SEO Premium plugin. -->","yoast_head_json":{"title":"Tour Privado por Chicago con chofer y gu\u00eda oficial | Tour Travel & More","description":"\u2192 Descubre Chicago y sus sitios m\u00e1s emblem\u00e1ticos reservando un tour privado con chofer y gu\u00eda. Visite el Parque Millenium y el Muelle Navy \u2705","robots":{"index":"index","follow":"follow","max-snippet":"max-snippet:-1","max-image-preview":"max-image-preview:large","max-video-preview":"max-video-preview:-1"},"canonical":"https:\/\/tourtravelandmore.com\/es\/tours\/eeuu-es\/chicago-es\/chicago-actividades-es\/tour-privado-por-chicago\/","og_locale":"es_ES","og_type":"article","og_title":"Tour Privado por Chicago","og_description":"\u2192 Descubre Chicago y sus sitios m\u00e1s emblem\u00e1ticos reservando un tour privado con chofer y gu\u00eda. Visite el Parque Millenium y el Muelle Navy \u2705","og_url":"https:\/\/tourtravelandmore.com\/es\/tours\/eeuu-es\/chicago-es\/chicago-actividades-es\/tour-privado-por-chicago\/","og_site_name":"Tour Travel And More","article_publisher":"https:\/\/www.facebook.com\/tourtravelandmore\/","article_modified_time":"2021-07-12T16:01:09+00:00","og_image":[{"width":2560,"height":1634,"url":"https:\/\/tourtravelandmore.com\/wp-content\/uploads\/2020\/10\/chicago-2-scaled.jpg","type":"image\/jpeg"}],"twitter_card":"summary_large_image","twitter_site":"@TourTravel_More","twitter_misc":{"Tiempo de lectura":"2 minutos"},"schema":{"@context":"https:\/\/schema.org","@graph":[{"@type":"WebPage","@id":"https:\/\/tourtravelandmore.com\/es\/tours\/eeuu-es\/chicago-es\/chicago-actividades-es\/tour-privado-por-chicago\/","url":"https:\/\/tourtravelandmore.com\/es\/tours\/eeuu-es\/chicago-es\/chicago-actividades-es\/tour-privado-por-chicago\/","name":"Tour Privado por Chicago con chofer y gu\u00eda oficial | Tour Travel & More","isPartOf":{"@id":"https:\/\/tourtravelandmore.com\/es\/#website"},"primaryImageOfPage":{"@id":"https:\/\/tourtravelandmore.com\/es\/tours\/eeuu-es\/chicago-es\/chicago-actividades-es\/tour-privado-por-chicago\/#primaryimage"},"image":{"@id":"https:\/\/tourtravelandmore.com\/es\/tours\/eeuu-es\/chicago-es\/chicago-actividades-es\/tour-privado-por-chicago\/#primaryimage"},"thumbnailUrl":"https:\/\/tourtravelandmore.com\/wp-content\/uploads\/2020\/10\/chicago-2-scaled.jpg","datePublished":"2020-10-29T08:10:00+00:00","dateModified":"2021-07-12T16:01:09+00:00","description":"\u2192 Descubre Chicago y sus sitios m\u00e1s emblem\u00e1ticos reservando un tour privado con chofer y gu\u00eda. Visite el Parque Millenium y el Muelle Navy \u2705","breadcrumb":{"@id":"https:\/\/tourtravelandmore.com\/es\/tours\/eeuu-es\/chicago-es\/chicago-actividades-es\/tour-privado-por-chicago\/#breadcrumb"},"inLanguage":"es","potentialAction":[{"@type":"ReadAction","target":["https:\/\/tourtravelandmore.com\/es\/tours\/eeuu-es\/chicago-es\/chicago-actividades-es\/tour-privado-por-chicago\/"]}]},{"@type":"ImageObject","inLanguage":"es","@id":"https:\/\/tourtravelandmore.com\/es\/tours\/eeuu-es\/chicago-es\/chicago-actividades-es\/tour-privado-por-chicago\/#primaryimage","url":"https:\/\/tourtravelandmore.com\/wp-content\/uploads\/2020\/10\/chicago-2-scaled.jpg","contentUrl":"https:\/\/tourtravelandmore.com\/wp-content\/uploads\/2020\/10\/chicago-2-scaled.jpg","width":2560,"height":1634},{"@type":"BreadcrumbList","@id":"https:\/\/tourtravelandmore.com\/es\/tours\/eeuu-es\/chicago-es\/chicago-actividades-es\/tour-privado-por-chicago\/#breadcrumb","itemListElement":[{"@type":"ListItem","position":1,"name":"Home","item":"https:\/\/tourtravelandmore.com\/es\/"},{"@type":"ListItem","position":2,"name":"Tours","item":"https:\/\/tourtravelandmore.com\/es\/tours\/"},{"@type":"ListItem","position":3,"name":"Tour Privado por Chicago"}]},{"@type":"WebSite","@id":"https:\/\/tourtravelandmore.com\/es\/#website","url":"https:\/\/tourtravelandmore.com\/es\/","name":"Tour Travel And More","description":"Private sightseeing tours and luxury transfers in Spain","publisher":{"@id":"https:\/\/tourtravelandmore.com\/es\/#organization"},"potentialAction":[{"@type":"SearchAction","target":{"@type":"EntryPoint","urlTemplate":"https:\/\/tourtravelandmore.com\/es\/?s={search_term_string}"},"query-input":{"@type":"PropertyValueSpecification","valueRequired":true,"valueName":"search_term_string"}}],"inLanguage":"es"},{"@type":"Organization","@id":"https:\/\/tourtravelandmore.com\/es\/#organization","name":"Tour Travel And More","url":"https:\/\/tourtravelandmore.com\/es\/","logo":{"@type":"ImageObject","inLanguage":"es","@id":"https:\/\/tourtravelandmore.com\/es\/#\/schema\/logo\/image\/","url":"https:\/\/tourtravelandmore.com\/wp-content\/uploads\/2022\/12\/cropped-logo-cabecera-new.png","contentUrl":"https:\/\/tourtravelandmore.com\/wp-content\/uploads\/2022\/12\/cropped-logo-cabecera-new.png","width":430,"height":61,"caption":"Tour Travel And More"},"image":{"@id":"https:\/\/tourtravelandmore.com\/es\/#\/schema\/logo\/image\/"},"sameAs":["https:\/\/www.facebook.com\/tourtravelandmore\/","https:\/\/x.com\/TourTravel_More"]}]}},"_links":{"self":[{"href":"https:\/\/tourtravelandmore.com\/es\/wp-json\/wp\/v2\/product\/85457","targetHints":{"allow":["GET"]}}],"collection":[{"href":"https:\/\/tourtravelandmore.com\/es\/wp-json\/wp\/v2\/product"}],"about":[{"href":"https:\/\/tourtravelandmore.com\/es\/wp-json\/wp\/v2\/types\/product"}],"replies":[{"embeddable":true,"href":"https:\/\/tourtravelandmore.com\/es\/wp-json\/wp\/v2\/comments?post=85457"}],"wp:featuredmedia":[{"embeddable":true,"href":"https:\/\/tourtravelandmore.com\/es\/wp-json\/wp\/v2\/media\/85443"}],"wp:attachment":[{"href":"https:\/\/tourtravelandmore.com\/es\/wp-json\/wp\/v2\/media?parent=85457"}],"wp:term":[{"taxonomy":"product_brand","embeddable":true,"href":"https:\/\/tourtravelandmore.com\/es\/wp-json\/wp\/v2\/product_brand?post=85457"},{"taxonomy":"product_cat","embeddable":true,"href":"https:\/\/tourtravelandmore.com\/es\/wp-json\/wp\/v2\/product_cat?post=85457"},{"taxonomy":"product_tag","embeddable":true,"href":"https:\/\/tourtravelandmore.com\/es\/wp-json\/wp\/v2\/product_tag?post=85457"}],"curies":[{"name":"wp","href":"https:\/\/api.w.org\/{rel}","templated":true}]}}