{"id":85429,"date":"2020-10-28T15:11:02","date_gmt":"2020-10-28T14:11:03","guid":{"rendered":"https:\/\/tourtravelandmore.com\/?post_type=product&#038;p=85429"},"modified":"2021-07-12T17:58:00","modified_gmt":"2021-07-12T15:58:00","slug":"tour-privado-a-pie-por-chicago","status":"publish","type":"product","link":"https:\/\/tourtravelandmore.com\/es\/tours\/eeuu-es\/chicago-es\/chicago-actividades-es\/tour-privado-a-pie-por-chicago\/","title":{"rendered":"Tour Privado a pie por Chicago"},"content":{"rendered":"<h2><strong>Descripci\u00f3n del Tour Privado a Pie<\/strong><\/h2>\n<p>Si es tu primera vez en Chicago, cr\u00e9anos, la mejor manera de visitar esta incre\u00edble ciudad es a pie. Ven con nosotros a este <strong>tour privado a pie por Chicago<\/strong> con un <strong>gu\u00eda tur\u00edstico oficial privado<\/strong>.<\/p>\n<p>Como ya sabe, la recogida ser\u00e1 en su hotel o punto de encuentro central en Chicago. En caso de que su hotel est\u00e9 fuera del centro o necesite que lo recojan desde aeropuerto, no se preocupe, solo av\u00edsenos y nosotros arreglaremos todo para usted.<\/p>\n<p><strong>Chicago<\/strong> se encuentra junto al lago Michigan en Illinois. Es considerada como una de las ciudades m\u00e1s grandes de Estados Unidos. Esta ciudad tambi\u00e9n es famosa por su arquitectura \u00fanica y su horizonte lleno de rascacielos como el ic\u00f3nico John Hancock Center. Adem\u00e1s, no hace falta decir, que es una de las ciudades donde se filman las series m\u00e1s importantes de USA.<\/p>\n<p>Durante este tour privado a pie por Chicago, podr\u00e1 visitar los monumentos m\u00e1s importantes. Como esta ciudad es una ciudad muy grande, el recorrido a pie se centrar\u00e1 en el centro de Chicago. En caso de que lo prefiera, podemos incluir m\u00e1s horas a su experiencia o incluso convertirlo en un tour de d\u00eda completo. Solo tiene que contactarnos y arreglaremos todo por usted.<\/p>\n<h2><strong>Puntos de inter\u00e9s en CHICAGO<\/strong><\/h2>\n<p>En primer lugar, organizaremos una recogida privada en un punto de encuentro c\u00e9ntrico. Nuestro gu\u00eda experto lo estar\u00e1 esperando para orientarlo por esta incre\u00edble ciudad. Como se trata de un recorrido personalizado, usted determinar\u00e1 la hora de inicio.<\/p>\n<p>Su gu\u00eda tur\u00edstico oficial lo llevar\u00e1 a recorrer los lugares m\u00e1s emblem\u00e1ticos de <strong>Chicago<\/strong>, tales\u00a0como:<\/p>\n<ul>\n<li><strong>Torre Willis y su Skydeck: el rascacielos m\u00e1s alto de la ciudad <\/strong><\/li>\n<li><a href=\"https:\/\/www.chicago.gov\/city\/en\/depts\/dca\/supp_info\/millennium_park.html\">Parque Millenium <\/a><\/li>\n<li><strong>Fuente de Buckingham <\/strong><\/li>\n<li><strong>Muelle Navy\u00a0<\/strong><\/li>\n<li><strong>Chicago Riverwalk <\/strong><\/li>\n<li><strong>Torre de la Tribuna <\/strong><\/li>\n<li><strong>Calle Magnificent: la calle comercial m\u00e1s famosa de la ciudad <\/strong><\/li>\n<li><strong>Torre de Agua: edificio p\u00fablico del centro de la ciudad que sobrevivi\u00f3 al incendio que destruy\u00f3 la ciudad en 1871 <\/strong><\/li>\n<li><strong>\u00a1Y mucho m\u00e1s durante este tour privado a pie por Chicago!<\/strong><\/li>\n<\/ul>\n<p>Para que su experiencia sea a\u00fan m\u00e1s completa, podemos incluir entradas a cualquier monumento o museo que desee visitar.<\/p>\n<p>Finalmente, al final del recorrido, su gu\u00eda tur\u00edstico oficial privado lo dejar\u00e1 en un lugar c\u00e9ntrico de Chicago.<\/p>\n<p>\u00a1No olvides consultar nuestra <a href=\"https:\/\/tourtravelandmore.com\/es\/ciudad\/eeuu-es\/chicago-es\/\">lista de productos privados en Chicago<\/a>!. Tambi\u00e9n operamos en todas las ciudades de USA y de Europa.<\/p>\n","protected":false},"excerpt":{"rendered":"<p>Disfrute de este tour privado a pie por la\u00a0incre\u00edble\u00a0ciudad de Chicago junto a un profesional local. Podr\u00e1 descubrir los lugares m\u00e1s importantes, caminar por sus hermosas calles y admirar sus emblem\u00e1ticos museos y monumentos.<\/p>\n","protected":false},"featured_media":85439,"comment_status":"open","ping_status":"closed","template":"","meta":{"_acf_changed":false},"product_brand":[],"product_cat":[1602,2689,2693,2701],"product_tag":[],"class_list":{"0":"post-85429","1":"product","2":"type-product","3":"status-publish","4":"has-post-thumbnail","6":"product_cat-eeuu-es","7":"product_cat-chicago-es","8":"product_cat-chicago-actividades-es","9":"product_cat-chicago-a-pie-es","11":"first","12":"instock","13":"shipping-taxable","14":"purchasable","15":"product-type-simple"},"acf":[],"yoast_head":"<!-- This site is optimized with the Yoast SEO Premium plugin v25.3.1 (Yoast SEO v25.3.1) - https:\/\/yoast.com\/wordpress\/plugins\/seo\/ -->\n<title>Tour Privado a pie por Chicago con gu\u00eda oficial local | Tour Travel &amp; More<\/title>\n<meta name=\"description\" content=\"Reserve este Tour Privado a pie por Chicago | Conozca los lugares m\u00e1s emblem\u00e1ticos de esta hermosa y aut\u00e9ntica ciudad con un gu\u00eda oficial \u2705\" \/>\n<meta name=\"robots\" content=\"index, follow, max-snippet:-1, max-image-preview:large, max-video-preview:-1\" \/>\n<link rel=\"canonical\" href=\"https:\/\/tourtravelandmore.com\/es\/tours\/eeuu-es\/chicago-es\/chicago-actividades-es\/tour-privado-a-pie-por-chicago\/\" \/>\n<meta property=\"og:locale\" content=\"es_ES\" \/>\n<meta property=\"og:type\" content=\"article\" \/>\n<meta property=\"og:title\" content=\"Tour Privado a pie por Chicago\" \/>\n<meta property=\"og:description\" content=\"Reserve este Tour Privado a pie por Chicago | Conozca los lugares m\u00e1s emblem\u00e1ticos de esta hermosa y aut\u00e9ntica ciudad con un gu\u00eda oficial \u2705\" \/>\n<meta property=\"og:url\" content=\"https:\/\/tourtravelandmore.com\/es\/tours\/eeuu-es\/chicago-es\/chicago-actividades-es\/tour-privado-a-pie-por-chicago\/\" \/>\n<meta property=\"og:site_name\" content=\"Tour Travel And More\" \/>\n<meta property=\"article:publisher\" content=\"https:\/\/www.facebook.com\/tourtravelandmore\/\" \/>\n<meta property=\"article:modified_time\" content=\"2021-07-12T15:58:00+00:00\" \/>\n<meta property=\"og:image\" content=\"https:\/\/tourtravelandmore.com\/wp-content\/uploads\/2020\/10\/chicago-4.jpg\" \/>\n\t<meta property=\"og:image:width\" content=\"1280\" \/>\n\t<meta property=\"og:image:height\" content=\"853\" \/>\n\t<meta property=\"og:image:type\" content=\"image\/jpeg\" \/>\n<meta name=\"twitter:card\" content=\"summary_large_image\" \/>\n<meta name=\"twitter:site\" content=\"@TourTravel_More\" \/>\n<meta name=\"twitter:label1\" content=\"Tiempo de lectura\" \/>\n\t<meta name=\"twitter:data1\" content=\"2 minutos\" \/>\n<script type=\"application\/ld+json\" class=\"yoast-schema-graph\">{\"@context\":\"https:\/\/schema.org\",\"@graph\":[{\"@type\":\"WebPage\",\"@id\":\"https:\/\/tourtravelandmore.com\/es\/tours\/eeuu-es\/chicago-es\/chicago-actividades-es\/tour-privado-a-pie-por-chicago\/\",\"url\":\"https:\/\/tourtravelandmore.com\/es\/tours\/eeuu-es\/chicago-es\/chicago-actividades-es\/tour-privado-a-pie-por-chicago\/\",\"name\":\"Tour Privado a pie por Chicago con gu\u00eda oficial local | Tour Travel & More\",\"isPartOf\":{\"@id\":\"https:\/\/tourtravelandmore.com\/es\/#website\"},\"primaryImageOfPage\":{\"@id\":\"https:\/\/tourtravelandmore.com\/es\/tours\/eeuu-es\/chicago-es\/chicago-actividades-es\/tour-privado-a-pie-por-chicago\/#primaryimage\"},\"image\":{\"@id\":\"https:\/\/tourtravelandmore.com\/es\/tours\/eeuu-es\/chicago-es\/chicago-actividades-es\/tour-privado-a-pie-por-chicago\/#primaryimage\"},\"thumbnailUrl\":\"https:\/\/tourtravelandmore.com\/wp-content\/uploads\/2020\/10\/chicago-4.jpg\",\"datePublished\":\"2020-10-28T14:11:03+00:00\",\"dateModified\":\"2021-07-12T15:58:00+00:00\",\"description\":\"Reserve este Tour Privado a pie por Chicago | Conozca los lugares m\u00e1s emblem\u00e1ticos de esta hermosa y aut\u00e9ntica ciudad con un gu\u00eda oficial \u2705\",\"breadcrumb\":{\"@id\":\"https:\/\/tourtravelandmore.com\/es\/tours\/eeuu-es\/chicago-es\/chicago-actividades-es\/tour-privado-a-pie-por-chicago\/#breadcrumb\"},\"inLanguage\":\"es\",\"potentialAction\":[{\"@type\":\"ReadAction\",\"target\":[\"https:\/\/tourtravelandmore.com\/es\/tours\/eeuu-es\/chicago-es\/chicago-actividades-es\/tour-privado-a-pie-por-chicago\/\"]}]},{\"@type\":\"ImageObject\",\"inLanguage\":\"es\",\"@id\":\"https:\/\/tourtravelandmore.com\/es\/tours\/eeuu-es\/chicago-es\/chicago-actividades-es\/tour-privado-a-pie-por-chicago\/#primaryimage\",\"url\":\"https:\/\/tourtravelandmore.com\/wp-content\/uploads\/2020\/10\/chicago-4.jpg\",\"contentUrl\":\"https:\/\/tourtravelandmore.com\/wp-content\/uploads\/2020\/10\/chicago-4.jpg\",\"width\":1280,\"height\":853},{\"@type\":\"BreadcrumbList\",\"@id\":\"https:\/\/tourtravelandmore.com\/es\/tours\/eeuu-es\/chicago-es\/chicago-actividades-es\/tour-privado-a-pie-por-chicago\/#breadcrumb\",\"itemListElement\":[{\"@type\":\"ListItem\",\"position\":1,\"name\":\"Home\",\"item\":\"https:\/\/tourtravelandmore.com\/es\/\"},{\"@type\":\"ListItem\",\"position\":2,\"name\":\"Tours\",\"item\":\"https:\/\/tourtravelandmore.com\/es\/tours\/\"},{\"@type\":\"ListItem\",\"position\":3,\"name\":\"Tour Privado a pie por Chicago\"}]},{\"@type\":\"WebSite\",\"@id\":\"https:\/\/tourtravelandmore.com\/es\/#website\",\"url\":\"https:\/\/tourtravelandmore.com\/es\/\",\"name\":\"Tour Travel And More\",\"description\":\"Private sightseeing tours and luxury transfers in Spain\",\"publisher\":{\"@id\":\"https:\/\/tourtravelandmore.com\/es\/#organization\"},\"potentialAction\":[{\"@type\":\"SearchAction\",\"target\":{\"@type\":\"EntryPoint\",\"urlTemplate\":\"https:\/\/tourtravelandmore.com\/es\/?s={search_term_string}\"},\"query-input\":{\"@type\":\"PropertyValueSpecification\",\"valueRequired\":true,\"valueName\":\"search_term_string\"}}],\"inLanguage\":\"es\"},{\"@type\":\"Organization\",\"@id\":\"https:\/\/tourtravelandmore.com\/es\/#organization\",\"name\":\"Tour Travel And More\",\"url\":\"https:\/\/tourtravelandmore.com\/es\/\",\"logo\":{\"@type\":\"ImageObject\",\"inLanguage\":\"es\",\"@id\":\"https:\/\/tourtravelandmore.com\/es\/#\/schema\/logo\/image\/\",\"url\":\"https:\/\/tourtravelandmore.com\/wp-content\/uploads\/2022\/12\/cropped-logo-cabecera-new.png\",\"contentUrl\":\"https:\/\/tourtravelandmore.com\/wp-content\/uploads\/2022\/12\/cropped-logo-cabecera-new.png\",\"width\":430,\"height\":61,\"caption\":\"Tour Travel And More\"},\"image\":{\"@id\":\"https:\/\/tourtravelandmore.com\/es\/#\/schema\/logo\/image\/\"},\"sameAs\":[\"https:\/\/www.facebook.com\/tourtravelandmore\/\",\"https:\/\/x.com\/TourTravel_More\"]}]}<\/script>\n<!-- \/ Yoast SEO Premium plugin. -->","yoast_head_json":{"title":"Tour Privado a pie por Chicago con gu\u00eda oficial local | Tour Travel & More","description":"Reserve este Tour Privado a pie por Chicago | Conozca los lugares m\u00e1s emblem\u00e1ticos de esta hermosa y aut\u00e9ntica ciudad con un gu\u00eda oficial \u2705","robots":{"index":"index","follow":"follow","max-snippet":"max-snippet:-1","max-image-preview":"max-image-preview:large","max-video-preview":"max-video-preview:-1"},"canonical":"https:\/\/tourtravelandmore.com\/es\/tours\/eeuu-es\/chicago-es\/chicago-actividades-es\/tour-privado-a-pie-por-chicago\/","og_locale":"es_ES","og_type":"article","og_title":"Tour Privado a pie por Chicago","og_description":"Reserve este Tour Privado a pie por Chicago | Conozca los lugares m\u00e1s emblem\u00e1ticos de esta hermosa y aut\u00e9ntica ciudad con un gu\u00eda oficial \u2705","og_url":"https:\/\/tourtravelandmore.com\/es\/tours\/eeuu-es\/chicago-es\/chicago-actividades-es\/tour-privado-a-pie-por-chicago\/","og_site_name":"Tour Travel And More","article_publisher":"https:\/\/www.facebook.com\/tourtravelandmore\/","article_modified_time":"2021-07-12T15:58:00+00:00","og_image":[{"width":1280,"height":853,"url":"https:\/\/tourtravelandmore.com\/wp-content\/uploads\/2020\/10\/chicago-4.jpg","type":"image\/jpeg"}],"twitter_card":"summary_large_image","twitter_site":"@TourTravel_More","twitter_misc":{"Tiempo de lectura":"2 minutos"},"schema":{"@context":"https:\/\/schema.org","@graph":[{"@type":"WebPage","@id":"https:\/\/tourtravelandmore.com\/es\/tours\/eeuu-es\/chicago-es\/chicago-actividades-es\/tour-privado-a-pie-por-chicago\/","url":"https:\/\/tourtravelandmore.com\/es\/tours\/eeuu-es\/chicago-es\/chicago-actividades-es\/tour-privado-a-pie-por-chicago\/","name":"Tour Privado a pie por Chicago con gu\u00eda oficial local | Tour Travel & More","isPartOf":{"@id":"https:\/\/tourtravelandmore.com\/es\/#website"},"primaryImageOfPage":{"@id":"https:\/\/tourtravelandmore.com\/es\/tours\/eeuu-es\/chicago-es\/chicago-actividades-es\/tour-privado-a-pie-por-chicago\/#primaryimage"},"image":{"@id":"https:\/\/tourtravelandmore.com\/es\/tours\/eeuu-es\/chicago-es\/chicago-actividades-es\/tour-privado-a-pie-por-chicago\/#primaryimage"},"thumbnailUrl":"https:\/\/tourtravelandmore.com\/wp-content\/uploads\/2020\/10\/chicago-4.jpg","datePublished":"2020-10-28T14:11:03+00:00","dateModified":"2021-07-12T15:58:00+00:00","description":"Reserve este Tour Privado a pie por Chicago | Conozca los lugares m\u00e1s emblem\u00e1ticos de esta hermosa y aut\u00e9ntica ciudad con un gu\u00eda oficial \u2705","breadcrumb":{"@id":"https:\/\/tourtravelandmore.com\/es\/tours\/eeuu-es\/chicago-es\/chicago-actividades-es\/tour-privado-a-pie-por-chicago\/#breadcrumb"},"inLanguage":"es","potentialAction":[{"@type":"ReadAction","target":["https:\/\/tourtravelandmore.com\/es\/tours\/eeuu-es\/chicago-es\/chicago-actividades-es\/tour-privado-a-pie-por-chicago\/"]}]},{"@type":"ImageObject","inLanguage":"es","@id":"https:\/\/tourtravelandmore.com\/es\/tours\/eeuu-es\/chicago-es\/chicago-actividades-es\/tour-privado-a-pie-por-chicago\/#primaryimage","url":"https:\/\/tourtravelandmore.com\/wp-content\/uploads\/2020\/10\/chicago-4.jpg","contentUrl":"https:\/\/tourtravelandmore.com\/wp-content\/uploads\/2020\/10\/chicago-4.jpg","width":1280,"height":853},{"@type":"BreadcrumbList","@id":"https:\/\/tourtravelandmore.com\/es\/tours\/eeuu-es\/chicago-es\/chicago-actividades-es\/tour-privado-a-pie-por-chicago\/#breadcrumb","itemListElement":[{"@type":"ListItem","position":1,"name":"Home","item":"https:\/\/tourtravelandmore.com\/es\/"},{"@type":"ListItem","position":2,"name":"Tours","item":"https:\/\/tourtravelandmore.com\/es\/tours\/"},{"@type":"ListItem","position":3,"name":"Tour Privado a pie por Chicago"}]},{"@type":"WebSite","@id":"https:\/\/tourtravelandmore.com\/es\/#website","url":"https:\/\/tourtravelandmore.com\/es\/","name":"Tour Travel And More","description":"Private sightseeing tours and luxury transfers in Spain","publisher":{"@id":"https:\/\/tourtravelandmore.com\/es\/#organization"},"potentialAction":[{"@type":"SearchAction","target":{"@type":"EntryPoint","urlTemplate":"https:\/\/tourtravelandmore.com\/es\/?s={search_term_string}"},"query-input":{"@type":"PropertyValueSpecification","valueRequired":true,"valueName":"search_term_string"}}],"inLanguage":"es"},{"@type":"Organization","@id":"https:\/\/tourtravelandmore.com\/es\/#organization","name":"Tour Travel And More","url":"https:\/\/tourtravelandmore.com\/es\/","logo":{"@type":"ImageObject","inLanguage":"es","@id":"https:\/\/tourtravelandmore.com\/es\/#\/schema\/logo\/image\/","url":"https:\/\/tourtravelandmore.com\/wp-content\/uploads\/2022\/12\/cropped-logo-cabecera-new.png","contentUrl":"https:\/\/tourtravelandmore.com\/wp-content\/uploads\/2022\/12\/cropped-logo-cabecera-new.png","width":430,"height":61,"caption":"Tour Travel And More"},"image":{"@id":"https:\/\/tourtravelandmore.com\/es\/#\/schema\/logo\/image\/"},"sameAs":["https:\/\/www.facebook.com\/tourtravelandmore\/","https:\/\/x.com\/TourTravel_More"]}]}},"_links":{"self":[{"href":"https:\/\/tourtravelandmore.com\/es\/wp-json\/wp\/v2\/product\/85429","targetHints":{"allow":["GET"]}}],"collection":[{"href":"https:\/\/tourtravelandmore.com\/es\/wp-json\/wp\/v2\/product"}],"about":[{"href":"https:\/\/tourtravelandmore.com\/es\/wp-json\/wp\/v2\/types\/product"}],"replies":[{"embeddable":true,"href":"https:\/\/tourtravelandmore.com\/es\/wp-json\/wp\/v2\/comments?post=85429"}],"wp:featuredmedia":[{"embeddable":true,"href":"https:\/\/tourtravelandmore.com\/es\/wp-json\/wp\/v2\/media\/85439"}],"wp:attachment":[{"href":"https:\/\/tourtravelandmore.com\/es\/wp-json\/wp\/v2\/media?parent=85429"}],"wp:term":[{"taxonomy":"product_brand","embeddable":true,"href":"https:\/\/tourtravelandmore.com\/es\/wp-json\/wp\/v2\/product_brand?post=85429"},{"taxonomy":"product_cat","embeddable":true,"href":"https:\/\/tourtravelandmore.com\/es\/wp-json\/wp\/v2\/product_cat?post=85429"},{"taxonomy":"product_tag","embeddable":true,"href":"https:\/\/tourtravelandmore.com\/es\/wp-json\/wp\/v2\/product_tag?post=85429"}],"curies":[{"name":"wp","href":"https:\/\/api.w.org\/{rel}","templated":true}]}}