{"id":85402,"date":"2020-10-28T11:19:55","date_gmt":"2020-10-28T10:19:55","guid":{"rendered":"https:\/\/tourtravelandmore.com\/?post_type=product&#038;p=85402"},"modified":"2021-07-05T15:15:08","modified_gmt":"2021-07-05T13:15:08","slug":"tour-privado-a-portland-desde-seattle","status":"publish","type":"product","link":"https:\/\/tourtravelandmore.com\/es\/tours\/eeuu-es\/seattle-es\/seattle-actividades-es\/tour-privado-a-portland-desde-seattle\/","title":{"rendered":"Tour Privado a Portland desde Seattle"},"content":{"rendered":"<h2 class=\"p1\"><span class=\"s1\"><b>Descripci\u00f3n del Tour Privado a Portland desde Seattle<\/b><\/span><\/h2>\n<p>\u00bfQu\u00e9 tal escapar de la ciudad de Seattle por un d\u00eda y visitar otra incre\u00edble ciudad estadounidense? \u00a1Sabemos que te gustar\u00eda la idea!, as\u00ed que \u00fanase a nosotros en este <strong>Tour Privado a Portland desde Seattle<\/strong>. Disfrutar\u00e1 de un incre\u00edble viaje de 3 horas hasta la ciudad m\u00e1s grande de Oreg\u00f3n con un <strong>conductor privado a bordo de un veh\u00edculo de lujo<\/strong>.<\/p>\n<p>Una vez en <strong>Portland<\/strong>, se encontrar\u00e1 con su<strong> gu\u00eda tur\u00edstico oficial privado<\/strong> para una visita guiada de 3 horas. Su gu\u00eda le contar\u00e1 todos los secretos de esta ciudad \u00fanica y le mostrar\u00e1 los lugares y monumentos m\u00e1s importantes.<\/p>\n<p><strong>Portland <\/strong>se\u00a0asienta sobre los r\u00edos Columbia y Willamette. Esta ciudad es muy conocida por sus incre\u00edbles parques, puentes, cafeter\u00edas y microcervecer\u00edas. Tambi\u00e9n es considerada como una de las ciudades m\u00e1s ecologistas de todo Estados Unidos.<\/p>\n<p><strong>Tour Travel &amp; More<\/strong> planificar\u00e1 el mejor tour privado a Portland desde Seattle solo para usted. Contamos con un equipo profesional y biling\u00fce que estar\u00e1 encantado de ayudarte a organizar tu mejor experiencia. Solo tienes que contactarnos, \u00bfqu\u00e9 est\u00e1s esperando?.<\/p>\n<h2 class=\"p3\"><span class=\"s1\"><b>Puntos de inter\u00e9s del Tour Privado y Traslado<\/b><\/span><\/h2>\n<p>En primer lugar, nuestro ch\u00f3fer privado lo estar\u00e1 esperando en el punto de recogida que desee. <span class=\"JLqJ4b ChMk0b\" data-language-for-alternatives=\"es\" data-language-to-translate-into=\"en\" data-phrase-index=\"1\">Ya sea en su hotel o en su lugar de elecci\u00f3n, esperamos que inicie este tour privado. Como ya mencionamos, el viaje es de aproximadamente 3 horas y lo mismo para regresar. Durante su camino a Portland podr\u00e1 admirar los hermosos paisajes que caracterizan esta zona. <\/span><\/p>\n<p><span class=\"JLqJ4b ChMk0b\" data-language-for-alternatives=\"es\" data-language-to-translate-into=\"en\" data-phrase-index=\"1\"><span class=\"JLqJ4b\" data-language-for-alternatives=\"es\" data-language-to-translate-into=\"en\" data-phrase-index=\"4\">Una vez en <strong>Portland<\/strong>, su gu\u00eda tur\u00edstico oficial privado lo estar\u00e1 esperando para comenzar el recorrido. Durante este tour privado de Portland podr\u00e1s admirar los lugares m\u00e1s incre\u00edbles tales como:<\/span><\/span><\/p>\n<ul>\n<li><a href=\"https:\/\/japanesegarden.org\">Jard\u00edn Japon\u00e9s<\/a>: <strong>uno de los imprescindibles de este tour privado <\/strong><\/li>\n<li><strong><span class=\"JLqJ4b\" data-language-for-alternatives=\"es\" data-language-to-translate-into=\"en\" data-phrase-index=\"1\"><span class=\"JLqJ4b ChMk0b\" data-language-for-alternatives=\"es\" data-language-to-translate-into=\"en\" data-phrase-index=\"2\">Zool\u00f3gico de Oregon <\/span><\/span><\/strong><\/li>\n<li><strong><span class=\"JLqJ4b\" data-language-for-alternatives=\"es\" data-language-to-translate-into=\"en\" data-phrase-index=\"1\"><span class=\"JLqJ4b ChMk0b\" data-language-for-alternatives=\"es\" data-language-to-translate-into=\"en\" data-phrase-index=\"2\">Museo de Ciencia e Industria de Oregon <\/span><\/span><\/strong><\/li>\n<li><strong><span class=\"JLqJ4b\" data-language-for-alternatives=\"es\" data-language-to-translate-into=\"en\" data-phrase-index=\"1\"><span class=\"JLqJ4b ChMk0b\" data-language-for-alternatives=\"es\" data-language-to-translate-into=\"en\" data-phrase-index=\"2\">Distrito Pearl <\/span><\/span><\/strong><\/li>\n<li><strong><span class=\"JLqJ4b\" data-language-for-alternatives=\"es\" data-language-to-translate-into=\"en\" data-phrase-index=\"1\"><span class=\"JLqJ4b ChMk0b\" data-language-for-alternatives=\"es\" data-language-to-translate-into=\"en\" data-phrase-index=\"2\">Parque Forestal <\/span><\/span><\/strong><\/li>\n<li><strong><span class=\"JLqJ4b\" data-language-for-alternatives=\"es\" data-language-to-translate-into=\"en\" data-phrase-index=\"1\"><span class=\"JLqJ4b ChMk0b\" data-language-for-alternatives=\"es\" data-language-to-translate-into=\"en\" data-phrase-index=\"2\">&#8220;La Gruta&#8221; <\/span><\/span><\/strong><\/li>\n<li><strong><span class=\"JLqJ4b\" data-language-for-alternatives=\"es\" data-language-to-translate-into=\"en\" data-phrase-index=\"1\"><span class=\"JLqJ4b ChMk0b\" data-language-for-alternatives=\"es\" data-language-to-translate-into=\"en\" data-phrase-index=\"2\">Parque de atracciones Oaks <\/span><\/span><\/strong><\/li>\n<li><strong><span class=\"JLqJ4b\" data-language-for-alternatives=\"es\" data-language-to-translate-into=\"en\" data-phrase-index=\"1\"><span class=\"JLqJ4b ChMk0b\" data-language-for-alternatives=\"es\" data-language-to-translate-into=\"en\" data-phrase-index=\"2\">Telef\u00e9rico de Portland <\/span><\/span><\/strong><\/li>\n<li><strong><span class=\"JLqJ4b\" data-language-for-alternatives=\"es\" data-language-to-translate-into=\"en\" data-phrase-index=\"1\"><span class=\"JLqJ4b ChMk0b\" data-language-for-alternatives=\"es\" data-language-to-translate-into=\"en\" data-phrase-index=\"2\">Museo de Arte de Portland <\/span><\/span><\/strong><\/li>\n<li><strong><span class=\"JLqJ4b\" data-language-for-alternatives=\"es\" data-language-to-translate-into=\"en\" data-phrase-index=\"1\"><span class=\"JLqJ4b ChMk0b\" data-language-for-alternatives=\"es\" data-language-to-translate-into=\"en\" data-phrase-index=\"2\">Mansi\u00f3n Pittock <\/span><\/span><\/strong><\/li>\n<li><strong><span class=\"JLqJ4b\" data-language-for-alternatives=\"es\" data-language-to-translate-into=\"en\" data-phrase-index=\"1\"><span class=\"JLqJ4b ChMk0b\" data-language-for-alternatives=\"es\" data-language-to-translate-into=\"en\" data-phrase-index=\"2\">Jard\u00edn de Rosas<\/span><\/span><\/strong><\/li>\n<li><span class=\"JLqJ4b\" data-language-for-alternatives=\"es\" data-language-to-translate-into=\"en\" data-phrase-index=\"1\"><span class=\"JLqJ4b ChMk0b\" data-language-for-alternatives=\"es\" data-language-to-translate-into=\"en\" data-phrase-index=\"2\"> \u00a1Y mucho m\u00e1s!<\/span><\/span><\/li>\n<\/ul>\n<p>Si deseas visitar alg\u00fan monumento o museo desde el interior, solo tienes que comunic\u00e1rnoslo. <span class=\"JLqJ4b ChMk0b\" data-language-for-alternatives=\"es\" data-language-to-translate-into=\"en\" data-phrase-index=\"1\">Organizaremos la entrada sin colas para usted, para que no tenga que preocuparse por nada. <\/span><\/p>\n<p><span class=\"JLqJ4b ChMk0b\" data-language-for-alternatives=\"es\" data-language-to-translate-into=\"en\" data-phrase-index=\"1\"><span class=\"JLqJ4b\" data-language-for-alternatives=\"es\" data-language-to-translate-into=\"en\" data-phrase-index=\"2\">Finalmente, al final de la visita guiada, su conductor privado lo llevar\u00e1 de regreso a Seattle. <\/span><\/span><\/p>\n<p><span class=\"JLqJ4b ChMk0b\" data-language-for-alternatives=\"es\" data-language-to-translate-into=\"en\" data-phrase-index=\"1\"><span class=\"JLqJ4b\" data-language-for-alternatives=\"es\" data-language-to-translate-into=\"en\" data-phrase-index=\"2\">Otra opci\u00f3n de tour de d\u00eda completo, podr\u00eda ser nuestro <a href=\"https:\/\/tourtravelandmore.com\/es\/tours\/eeuu-es\/seattle-es\/seattle-actividades-es\/tour-privado-a-las-cataratas-snoqualmie-y-seattle\/\">tour privado a las Cataratas Snoqualmie y Seattle<\/a>, \u00a1echa un vistazo!.<\/span><\/span><\/p>\n","protected":false},"excerpt":{"rendered":"<p>T\u00f3mese un d\u00eda libre de Seattle y acomp\u00e1\u00f1enos en este<strong> tour privado a Portland<\/strong>. <span class=\"JLqJ4b ChMk0b\" data-language-for-alternatives=\"es\" data-language-to-translate-into=\"en\" data-phrase-index=\"1\">Visite la ciudad m\u00e1s grande de Oreg\u00f3n junto con un gu\u00eda tur\u00edstico local privado que le mostrar\u00e1 todos los lugares m\u00e1s importantes de la ciudad.<\/span><\/p>\n<div id=\"gtx-trans\" style=\"position: absolute; left: 544px; top: 38px;\">\n<div class=\"gtx-trans-icon\"><\/div>\n<\/div>\n","protected":false},"featured_media":85413,"comment_status":"open","ping_status":"closed","template":"","meta":{"_acf_changed":false},"product_brand":[],"product_cat":[1602,2675,2678,2681],"product_tag":[],"class_list":{"0":"post-85402","1":"product","2":"type-product","3":"status-publish","4":"has-post-thumbnail","6":"product_cat-eeuu-es","7":"product_cat-seattle-es","8":"product_cat-seattle-actividades-es","9":"product_cat-seattle-tours-privados-es","11":"first","12":"instock","13":"shipping-taxable","14":"purchasable","15":"product-type-simple"},"acf":[],"yoast_head":"<!-- This site is optimized with the Yoast SEO Premium plugin v25.3.1 (Yoast SEO v25.3.1) - https:\/\/yoast.com\/wordpress\/plugins\/seo\/ -->\n<title>Tour Privado a Portland desde Seattle c\/ gu\u00eda oficial | Tour Travel &amp; More<\/title>\n<meta name=\"description\" content=\"\u2192 Reserve este Tour Privado a Portland desde Seattle en vehiculo privado de lujo. Marav\u00edllese con el hermoso Jardin Japones de Portland \u2705\" \/>\n<meta name=\"robots\" content=\"index, follow, max-snippet:-1, max-image-preview:large, max-video-preview:-1\" \/>\n<link rel=\"canonical\" href=\"https:\/\/tourtravelandmore.com\/es\/tours\/eeuu-es\/seattle-es\/seattle-actividades-es\/tour-privado-a-portland-desde-seattle\/\" \/>\n<meta property=\"og:locale\" content=\"es_ES\" \/>\n<meta property=\"og:type\" content=\"article\" \/>\n<meta property=\"og:title\" content=\"Tour Privado a Portland desde Seattle\" \/>\n<meta property=\"og:description\" content=\"\u2192 Reserve este Tour Privado a Portland desde Seattle en vehiculo privado de lujo. Marav\u00edllese con el hermoso Jardin Japones de Portland \u2705\" \/>\n<meta property=\"og:url\" content=\"https:\/\/tourtravelandmore.com\/es\/tours\/eeuu-es\/seattle-es\/seattle-actividades-es\/tour-privado-a-portland-desde-seattle\/\" \/>\n<meta property=\"og:site_name\" content=\"Tour Travel And More\" \/>\n<meta property=\"article:publisher\" content=\"https:\/\/www.facebook.com\/tourtravelandmore\/\" \/>\n<meta property=\"article:modified_time\" content=\"2021-07-05T13:15:08+00:00\" \/>\n<meta property=\"og:image\" content=\"https:\/\/tourtravelandmore.com\/wp-content\/uploads\/2020\/10\/portland-4.jpg\" \/>\n\t<meta property=\"og:image:width\" content=\"910\" \/>\n\t<meta property=\"og:image:height\" content=\"607\" \/>\n\t<meta property=\"og:image:type\" content=\"image\/jpeg\" \/>\n<meta name=\"twitter:card\" content=\"summary_large_image\" \/>\n<meta name=\"twitter:site\" content=\"@TourTravel_More\" \/>\n<meta name=\"twitter:label1\" content=\"Tiempo de lectura\" \/>\n\t<meta name=\"twitter:data1\" content=\"2 minutos\" \/>\n<script type=\"application\/ld+json\" class=\"yoast-schema-graph\">{\"@context\":\"https:\/\/schema.org\",\"@graph\":[{\"@type\":\"WebPage\",\"@id\":\"https:\/\/tourtravelandmore.com\/es\/tours\/eeuu-es\/seattle-es\/seattle-actividades-es\/tour-privado-a-portland-desde-seattle\/\",\"url\":\"https:\/\/tourtravelandmore.com\/es\/tours\/eeuu-es\/seattle-es\/seattle-actividades-es\/tour-privado-a-portland-desde-seattle\/\",\"name\":\"Tour Privado a Portland desde Seattle c\/ gu\u00eda oficial | Tour Travel & More\",\"isPartOf\":{\"@id\":\"https:\/\/tourtravelandmore.com\/es\/#website\"},\"primaryImageOfPage\":{\"@id\":\"https:\/\/tourtravelandmore.com\/es\/tours\/eeuu-es\/seattle-es\/seattle-actividades-es\/tour-privado-a-portland-desde-seattle\/#primaryimage\"},\"image\":{\"@id\":\"https:\/\/tourtravelandmore.com\/es\/tours\/eeuu-es\/seattle-es\/seattle-actividades-es\/tour-privado-a-portland-desde-seattle\/#primaryimage\"},\"thumbnailUrl\":\"https:\/\/tourtravelandmore.com\/wp-content\/uploads\/2020\/10\/portland-4.jpg\",\"datePublished\":\"2020-10-28T10:19:55+00:00\",\"dateModified\":\"2021-07-05T13:15:08+00:00\",\"description\":\"\u2192 Reserve este Tour Privado a Portland desde Seattle en vehiculo privado de lujo. Marav\u00edllese con el hermoso Jardin Japones de Portland \u2705\",\"breadcrumb\":{\"@id\":\"https:\/\/tourtravelandmore.com\/es\/tours\/eeuu-es\/seattle-es\/seattle-actividades-es\/tour-privado-a-portland-desde-seattle\/#breadcrumb\"},\"inLanguage\":\"es\",\"potentialAction\":[{\"@type\":\"ReadAction\",\"target\":[\"https:\/\/tourtravelandmore.com\/es\/tours\/eeuu-es\/seattle-es\/seattle-actividades-es\/tour-privado-a-portland-desde-seattle\/\"]}]},{\"@type\":\"ImageObject\",\"inLanguage\":\"es\",\"@id\":\"https:\/\/tourtravelandmore.com\/es\/tours\/eeuu-es\/seattle-es\/seattle-actividades-es\/tour-privado-a-portland-desde-seattle\/#primaryimage\",\"url\":\"https:\/\/tourtravelandmore.com\/wp-content\/uploads\/2020\/10\/portland-4.jpg\",\"contentUrl\":\"https:\/\/tourtravelandmore.com\/wp-content\/uploads\/2020\/10\/portland-4.jpg\",\"width\":910,\"height\":607},{\"@type\":\"BreadcrumbList\",\"@id\":\"https:\/\/tourtravelandmore.com\/es\/tours\/eeuu-es\/seattle-es\/seattle-actividades-es\/tour-privado-a-portland-desde-seattle\/#breadcrumb\",\"itemListElement\":[{\"@type\":\"ListItem\",\"position\":1,\"name\":\"Home\",\"item\":\"https:\/\/tourtravelandmore.com\/es\/\"},{\"@type\":\"ListItem\",\"position\":2,\"name\":\"Tours\",\"item\":\"https:\/\/tourtravelandmore.com\/es\/tours\/\"},{\"@type\":\"ListItem\",\"position\":3,\"name\":\"Tour Privado a Portland desde Seattle\"}]},{\"@type\":\"WebSite\",\"@id\":\"https:\/\/tourtravelandmore.com\/es\/#website\",\"url\":\"https:\/\/tourtravelandmore.com\/es\/\",\"name\":\"Tour Travel And More\",\"description\":\"Private sightseeing tours and luxury transfers in Spain\",\"publisher\":{\"@id\":\"https:\/\/tourtravelandmore.com\/es\/#organization\"},\"potentialAction\":[{\"@type\":\"SearchAction\",\"target\":{\"@type\":\"EntryPoint\",\"urlTemplate\":\"https:\/\/tourtravelandmore.com\/es\/?s={search_term_string}\"},\"query-input\":{\"@type\":\"PropertyValueSpecification\",\"valueRequired\":true,\"valueName\":\"search_term_string\"}}],\"inLanguage\":\"es\"},{\"@type\":\"Organization\",\"@id\":\"https:\/\/tourtravelandmore.com\/es\/#organization\",\"name\":\"Tour Travel And More\",\"url\":\"https:\/\/tourtravelandmore.com\/es\/\",\"logo\":{\"@type\":\"ImageObject\",\"inLanguage\":\"es\",\"@id\":\"https:\/\/tourtravelandmore.com\/es\/#\/schema\/logo\/image\/\",\"url\":\"https:\/\/tourtravelandmore.com\/wp-content\/uploads\/2022\/12\/cropped-logo-cabecera-new.png\",\"contentUrl\":\"https:\/\/tourtravelandmore.com\/wp-content\/uploads\/2022\/12\/cropped-logo-cabecera-new.png\",\"width\":430,\"height\":61,\"caption\":\"Tour Travel And More\"},\"image\":{\"@id\":\"https:\/\/tourtravelandmore.com\/es\/#\/schema\/logo\/image\/\"},\"sameAs\":[\"https:\/\/www.facebook.com\/tourtravelandmore\/\",\"https:\/\/x.com\/TourTravel_More\"]}]}<\/script>\n<!-- \/ Yoast SEO Premium plugin. -->","yoast_head_json":{"title":"Tour Privado a Portland desde Seattle c\/ gu\u00eda oficial | Tour Travel & More","description":"\u2192 Reserve este Tour Privado a Portland desde Seattle en vehiculo privado de lujo. Marav\u00edllese con el hermoso Jardin Japones de Portland \u2705","robots":{"index":"index","follow":"follow","max-snippet":"max-snippet:-1","max-image-preview":"max-image-preview:large","max-video-preview":"max-video-preview:-1"},"canonical":"https:\/\/tourtravelandmore.com\/es\/tours\/eeuu-es\/seattle-es\/seattle-actividades-es\/tour-privado-a-portland-desde-seattle\/","og_locale":"es_ES","og_type":"article","og_title":"Tour Privado a Portland desde Seattle","og_description":"\u2192 Reserve este Tour Privado a Portland desde Seattle en vehiculo privado de lujo. Marav\u00edllese con el hermoso Jardin Japones de Portland \u2705","og_url":"https:\/\/tourtravelandmore.com\/es\/tours\/eeuu-es\/seattle-es\/seattle-actividades-es\/tour-privado-a-portland-desde-seattle\/","og_site_name":"Tour Travel And More","article_publisher":"https:\/\/www.facebook.com\/tourtravelandmore\/","article_modified_time":"2021-07-05T13:15:08+00:00","og_image":[{"width":910,"height":607,"url":"https:\/\/tourtravelandmore.com\/wp-content\/uploads\/2020\/10\/portland-4.jpg","type":"image\/jpeg"}],"twitter_card":"summary_large_image","twitter_site":"@TourTravel_More","twitter_misc":{"Tiempo de lectura":"2 minutos"},"schema":{"@context":"https:\/\/schema.org","@graph":[{"@type":"WebPage","@id":"https:\/\/tourtravelandmore.com\/es\/tours\/eeuu-es\/seattle-es\/seattle-actividades-es\/tour-privado-a-portland-desde-seattle\/","url":"https:\/\/tourtravelandmore.com\/es\/tours\/eeuu-es\/seattle-es\/seattle-actividades-es\/tour-privado-a-portland-desde-seattle\/","name":"Tour Privado a Portland desde Seattle c\/ gu\u00eda oficial | Tour Travel & More","isPartOf":{"@id":"https:\/\/tourtravelandmore.com\/es\/#website"},"primaryImageOfPage":{"@id":"https:\/\/tourtravelandmore.com\/es\/tours\/eeuu-es\/seattle-es\/seattle-actividades-es\/tour-privado-a-portland-desde-seattle\/#primaryimage"},"image":{"@id":"https:\/\/tourtravelandmore.com\/es\/tours\/eeuu-es\/seattle-es\/seattle-actividades-es\/tour-privado-a-portland-desde-seattle\/#primaryimage"},"thumbnailUrl":"https:\/\/tourtravelandmore.com\/wp-content\/uploads\/2020\/10\/portland-4.jpg","datePublished":"2020-10-28T10:19:55+00:00","dateModified":"2021-07-05T13:15:08+00:00","description":"\u2192 Reserve este Tour Privado a Portland desde Seattle en vehiculo privado de lujo. Marav\u00edllese con el hermoso Jardin Japones de Portland \u2705","breadcrumb":{"@id":"https:\/\/tourtravelandmore.com\/es\/tours\/eeuu-es\/seattle-es\/seattle-actividades-es\/tour-privado-a-portland-desde-seattle\/#breadcrumb"},"inLanguage":"es","potentialAction":[{"@type":"ReadAction","target":["https:\/\/tourtravelandmore.com\/es\/tours\/eeuu-es\/seattle-es\/seattle-actividades-es\/tour-privado-a-portland-desde-seattle\/"]}]},{"@type":"ImageObject","inLanguage":"es","@id":"https:\/\/tourtravelandmore.com\/es\/tours\/eeuu-es\/seattle-es\/seattle-actividades-es\/tour-privado-a-portland-desde-seattle\/#primaryimage","url":"https:\/\/tourtravelandmore.com\/wp-content\/uploads\/2020\/10\/portland-4.jpg","contentUrl":"https:\/\/tourtravelandmore.com\/wp-content\/uploads\/2020\/10\/portland-4.jpg","width":910,"height":607},{"@type":"BreadcrumbList","@id":"https:\/\/tourtravelandmore.com\/es\/tours\/eeuu-es\/seattle-es\/seattle-actividades-es\/tour-privado-a-portland-desde-seattle\/#breadcrumb","itemListElement":[{"@type":"ListItem","position":1,"name":"Home","item":"https:\/\/tourtravelandmore.com\/es\/"},{"@type":"ListItem","position":2,"name":"Tours","item":"https:\/\/tourtravelandmore.com\/es\/tours\/"},{"@type":"ListItem","position":3,"name":"Tour Privado a Portland desde Seattle"}]},{"@type":"WebSite","@id":"https:\/\/tourtravelandmore.com\/es\/#website","url":"https:\/\/tourtravelandmore.com\/es\/","name":"Tour Travel And More","description":"Private sightseeing tours and luxury transfers in Spain","publisher":{"@id":"https:\/\/tourtravelandmore.com\/es\/#organization"},"potentialAction":[{"@type":"SearchAction","target":{"@type":"EntryPoint","urlTemplate":"https:\/\/tourtravelandmore.com\/es\/?s={search_term_string}"},"query-input":{"@type":"PropertyValueSpecification","valueRequired":true,"valueName":"search_term_string"}}],"inLanguage":"es"},{"@type":"Organization","@id":"https:\/\/tourtravelandmore.com\/es\/#organization","name":"Tour Travel And More","url":"https:\/\/tourtravelandmore.com\/es\/","logo":{"@type":"ImageObject","inLanguage":"es","@id":"https:\/\/tourtravelandmore.com\/es\/#\/schema\/logo\/image\/","url":"https:\/\/tourtravelandmore.com\/wp-content\/uploads\/2022\/12\/cropped-logo-cabecera-new.png","contentUrl":"https:\/\/tourtravelandmore.com\/wp-content\/uploads\/2022\/12\/cropped-logo-cabecera-new.png","width":430,"height":61,"caption":"Tour Travel And More"},"image":{"@id":"https:\/\/tourtravelandmore.com\/es\/#\/schema\/logo\/image\/"},"sameAs":["https:\/\/www.facebook.com\/tourtravelandmore\/","https:\/\/x.com\/TourTravel_More"]}]}},"_links":{"self":[{"href":"https:\/\/tourtravelandmore.com\/es\/wp-json\/wp\/v2\/product\/85402","targetHints":{"allow":["GET"]}}],"collection":[{"href":"https:\/\/tourtravelandmore.com\/es\/wp-json\/wp\/v2\/product"}],"about":[{"href":"https:\/\/tourtravelandmore.com\/es\/wp-json\/wp\/v2\/types\/product"}],"replies":[{"embeddable":true,"href":"https:\/\/tourtravelandmore.com\/es\/wp-json\/wp\/v2\/comments?post=85402"}],"wp:featuredmedia":[{"embeddable":true,"href":"https:\/\/tourtravelandmore.com\/es\/wp-json\/wp\/v2\/media\/85413"}],"wp:attachment":[{"href":"https:\/\/tourtravelandmore.com\/es\/wp-json\/wp\/v2\/media?parent=85402"}],"wp:term":[{"taxonomy":"product_brand","embeddable":true,"href":"https:\/\/tourtravelandmore.com\/es\/wp-json\/wp\/v2\/product_brand?post=85402"},{"taxonomy":"product_cat","embeddable":true,"href":"https:\/\/tourtravelandmore.com\/es\/wp-json\/wp\/v2\/product_cat?post=85402"},{"taxonomy":"product_tag","embeddable":true,"href":"https:\/\/tourtravelandmore.com\/es\/wp-json\/wp\/v2\/product_tag?post=85402"}],"curies":[{"name":"wp","href":"https:\/\/api.w.org\/{rel}","templated":true}]}}