{"id":85359,"date":"2020-10-28T09:42:36","date_gmt":"2020-10-28T08:42:38","guid":{"rendered":"https:\/\/tourtravelandmore.com\/?post_type=product&#038;p=85359"},"modified":"2021-07-05T15:02:38","modified_gmt":"2021-07-05T13:02:38","slug":"tour-privado-a-las-cataratas-snoqualmie-y-seattle","status":"publish","type":"product","link":"https:\/\/tourtravelandmore.com\/es\/tours\/eeuu-es\/seattle-es\/seattle-actividades-es\/tour-privado-a-las-cataratas-snoqualmie-y-seattle\/","title":{"rendered":"Tour Privado a las Cataratas Snoqualmie y Seattle"},"content":{"rendered":"<h2 class=\"p1\"><span class=\"s1\"><b>Descripci\u00f3n del Tour Privado a las Cataratas Snoqualmie y Seattle<\/b><\/span><\/h2>\n<p class=\"p1\">Este tour privado es ideal para que no solo conozca Seattle, sino que tambi\u00e9n realice una peque\u00f1a excursi\u00f3n fuera de la ciudad a las Cataratas Snoqualmie. \u00a1Este <strong>tour privado a las Cataratas Snoqualmie y Seattle<\/strong> es la elecci\u00f3n perfecta!<\/p>\n<p class=\"p1\">En primer lugar, este tour privado comenzar\u00e1 con una recogida privada para usted. Esta recogida privada puede ser desde su hotel, su puerto de cruceros o lugar de elecci\u00f3n. Para una excursi\u00f3n desde un crucero, necesitar\u00edamos toda la informaci\u00f3n sobre los tiempos de atraque en el puerto.<\/p>\n<p>Despu\u00e9s de que se haya reunido con su <strong>gu\u00eda tur\u00edstico privado<\/strong> y su <strong>chofer<\/strong>, comenzaremos este tour privado a las Cataratas Snoqualmie y \u00a1tambi\u00e9n conocer\u00e1 Seattle!.<\/p>\n<p>Primero nos dirigiremos hacia las <strong>Cataratas Snoqualmie<\/strong> y disfrutaremos de la cascada que se encuentra en la parte noroeste de los Estados Unidos, a solo 40 minutos de Seattle. Esta cascada tiene 82 metros o 268 pies de altura. Esta es verdaderamente una de las atracciones e \u00edconos m\u00e1s populares de Seattle y especialmente del estado de Washington. \u00a1las Cataratas Snoqualmie recibe m\u00e1s de 1.5 millones de visitantes cada a\u00f1o!<\/p>\n<p>Despu\u00e9s de visitar Snoqualmie Falls, regresaremos hacia <strong>Seattle<\/strong>. Con el tiempo restante, disfrutaremos de un recorrido por la ciudad de Seattle. Este es un tour privado, por lo que podemos pasar todo el tiempo que desee en las Cataratas Snoqualmie. El resto del tiempo lo pasar\u00e1 en consecuencia en Seattle.<\/p>\n<p>Este tour privado terminar\u00e1 en su hotel o puerto de cruceros en Seattle.<\/p>\n<h2 class=\"p3\"><span class=\"s1\"><b>Puntos de inter\u00e9s en el Tour Privado<\/b><\/span><\/h2>\n<p>Nuestro gu\u00eda tur\u00edstico privado y chofer lo estar\u00e1n esperando en el punto de recogida deseado. <span class=\"JLqJ4b ChMk0b\" data-language-for-alternatives=\"es\" data-language-to-translate-into=\"en\" data-phrase-index=\"1\">Ya sea en su hotel o en el puerto de cruceros, esperamos que comience este tour privado. <\/span><\/p>\n<p><span class=\"JLqJ4b ChMk0b\" data-language-for-alternatives=\"es\" data-language-to-translate-into=\"en\" data-phrase-index=\"1\"><span class=\"JLqJ4b\" data-language-for-alternatives=\"es\" data-language-to-translate-into=\"en\" data-phrase-index=\"2\">Este tour incluir\u00e1 en primer lugar visitar las <strong>Cataratas Snoqualmie<\/strong>. Comenzamos con la cascada para que puedas pasar el mayor tiempo posible all\u00ed. No hay prisa y cuando regresemos a Seattle comenzaremos el tour privado. <\/span><\/span><\/p>\n<p><span class=\"JLqJ4b ChMk0b\" data-language-for-alternatives=\"es\" data-language-to-translate-into=\"en\" data-phrase-index=\"1\"><span class=\"JLqJ4b\" data-language-for-alternatives=\"es\" data-language-to-translate-into=\"en\" data-phrase-index=\"2\">Lo que ver\u00e1 en <strong>Seattle<\/strong> depender\u00e1 de cu\u00e1nto tiempo le quede despu\u00e9s de la visita a las Cataratas. Dicho esto, aqu\u00ed hay algunos ejemplos de los sitios m\u00e1s importantes de Seattle que quiz\u00e1s tenga tiempo para ver:<\/span><\/span><\/p>\n<ul>\n<li><strong>Space Needle: un icono de la ciudad de Seattle <\/strong><\/li>\n<li><strong><span class=\"JLqJ4b\" data-language-for-alternatives=\"es\" data-language-to-translate-into=\"en\" data-phrase-index=\"1\"><span class=\"JLqJ4b ChMk0b\" data-language-for-alternatives=\"es\" data-language-to-translate-into=\"en\" data-phrase-index=\"2\">Vista exterior del Museo de Arte de Seattle <\/span><\/span><\/strong><\/li>\n<li><strong><span class=\"JLqJ4b\" data-language-for-alternatives=\"es\" data-language-to-translate-into=\"en\" data-phrase-index=\"1\"><span class=\"JLqJ4b ChMk0b\" data-language-for-alternatives=\"es\" data-language-to-translate-into=\"en\" data-phrase-index=\"2\">Mercado de Pike Place<\/span><\/span><\/strong><\/li>\n<li><strong>Centro de Seattle<\/strong><\/li>\n<li><strong>Jard\u00edn y Cristal Chihuly<\/strong><\/li>\n<li><strong><span class=\"JLqJ4b\" data-language-for-alternatives=\"es\" data-language-to-translate-into=\"en\" data-phrase-index=\"1\"><span class=\"JLqJ4b ChMk0b\" data-language-for-alternatives=\"es\" data-language-to-translate-into=\"en\" data-phrase-index=\"2\">Queen Ann Hill <\/span><\/span><\/strong><\/li>\n<li><a href=\"http:\/\/www.seattleartmuseum.org\/visit\/olympic-sculpture-park\"><span class=\"JLqJ4b\" data-language-for-alternatives=\"es\" data-language-to-translate-into=\"en\" data-phrase-index=\"1\"><span class=\"JLqJ4b ChMk0b\" data-language-for-alternatives=\"es\" data-language-to-translate-into=\"en\" data-phrase-index=\"2\">Parque Ol\u00edmpico de Esculturas <\/span><\/span><\/a><\/li>\n<li><strong><span class=\"JLqJ4b\" data-language-for-alternatives=\"es\" data-language-to-translate-into=\"en\" data-phrase-index=\"1\"><span class=\"JLqJ4b ChMk0b\" data-language-for-alternatives=\"es\" data-language-to-translate-into=\"en\" data-phrase-index=\"2\">Vista de la Gran Rueda de Seattle<\/span><\/span><\/strong><\/li>\n<li><strong><span class=\"JLqJ4b\" data-language-for-alternatives=\"es\" data-language-to-translate-into=\"en\" data-phrase-index=\"1\"><span class=\"JLqJ4b ChMk0b\" data-language-for-alternatives=\"es\" data-language-to-translate-into=\"en\" data-phrase-index=\"2\">Cerraduras Ballard <\/span><\/span><\/strong><\/li>\n<li><strong><span class=\"JLqJ4b\" data-language-for-alternatives=\"es\" data-language-to-translate-into=\"en\" data-phrase-index=\"1\"><span class=\"JLqJ4b ChMk0b\" data-language-for-alternatives=\"es\" data-language-to-translate-into=\"en\" data-phrase-index=\"2\">Kerry Park (incre\u00edbles vistas de la ciudad) <\/span><\/span><\/strong><\/li>\n<li><strong><span class=\"JLqJ4b\" data-language-for-alternatives=\"es\" data-language-to-translate-into=\"en\" data-phrase-index=\"1\"><span class=\"JLqJ4b ChMk0b\" data-language-for-alternatives=\"es\" data-language-to-translate-into=\"en\" data-phrase-index=\"2\">Plaza de los pioneros<\/span><\/span><\/strong><\/li>\n<li><strong><span class=\"JLqJ4b\" data-language-for-alternatives=\"es\" data-language-to-translate-into=\"en\" data-phrase-index=\"1\"><span class=\"JLqJ4b ChMk0b\" data-language-for-alternatives=\"es\" data-language-to-translate-into=\"en\" data-phrase-index=\"2\"> Biblioteca Central de Seattle <\/span><\/span><\/strong><\/li>\n<li><strong><span class=\"JLqJ4b\" data-language-for-alternatives=\"es\" data-language-to-translate-into=\"en\" data-phrase-index=\"1\"><span class=\"JLqJ4b ChMk0b\" data-language-for-alternatives=\"es\" data-language-to-translate-into=\"en\" data-phrase-index=\"2\">Smith Tower <\/span><\/span><\/strong><\/li>\n<li><strong><span class=\"JLqJ4b\" data-language-for-alternatives=\"es\" data-language-to-translate-into=\"en\" data-phrase-index=\"1\"><span class=\"JLqJ4b ChMk0b\" data-language-for-alternatives=\"es\" data-language-to-translate-into=\"en\" data-phrase-index=\"2\">Arboreto del parque Washignton <\/span><\/span><\/strong><\/li>\n<li><span class=\"JLqJ4b\" data-language-for-alternatives=\"es\" data-language-to-translate-into=\"en\" data-phrase-index=\"1\"><span class=\"JLqJ4b ChMk0b\" data-language-for-alternatives=\"es\" data-language-to-translate-into=\"en\" data-phrase-index=\"2\">y mucho m\u00e1s!<\/span><\/span><\/li>\n<\/ul>\n<p>Este tour es un recorrido privado y se personalizar\u00e1 para satisfacer sus expectativas. <span class=\"JLqJ4b ChMk0b\" data-language-for-alternatives=\"es\" data-language-to-translate-into=\"en\" data-phrase-index=\"1\">Podemos pasar m\u00e1s o menos tiempo en la cascada para que pueda disfrutar m\u00e1s de Seattle o m\u00e1s de la cascada. <\/span><\/p>\n<p><span class=\"JLqJ4b ChMk0b\" data-language-for-alternatives=\"es\" data-language-to-translate-into=\"en\" data-phrase-index=\"1\"><span class=\"JLqJ4b\" data-language-for-alternatives=\"es\" data-language-to-translate-into=\"en\" data-phrase-index=\"2\">Vea todos nuestros <a href=\"https:\/\/tourtravelandmore.com\/es\/ciudad\/eeuu-es\/seattle-es\/\">tours privados en Seattle<\/a>. No olvide que ofrecemos servicios privados en cualquier ciudad que desee.<\/span><\/span><\/p>\n","protected":false},"excerpt":{"rendered":"<p>Aproveche sus d\u00edas en Seattle y visite las Cataratas Snoqualmie junto con su <strong>conductor y gu\u00eda privados<\/strong>. <span class=\"JLqJ4b ChMk0b\" data-language-for-alternatives=\"es\" data-language-to-translate-into=\"en\" data-phrase-index=\"1\">Luego, disfrute de un recorrido privado por la ciudad para visitar lo mejor de Seattle con este tour privado de d\u00eda completo.<\/span><\/p>\n","protected":false},"featured_media":85371,"comment_status":"open","ping_status":"closed","template":"","meta":{"_acf_changed":false},"product_brand":[],"product_cat":[1602,2675,2678,2681],"product_tag":[],"class_list":{"0":"post-85359","1":"product","2":"type-product","3":"status-publish","4":"has-post-thumbnail","6":"product_cat-eeuu-es","7":"product_cat-seattle-es","8":"product_cat-seattle-actividades-es","9":"product_cat-seattle-tours-privados-es","11":"first","12":"instock","13":"shipping-taxable","14":"purchasable","15":"product-type-simple"},"acf":[],"yoast_head":"<!-- This site is optimized with the Yoast SEO Premium plugin v25.3.1 (Yoast SEO v25.3.1) - https:\/\/yoast.com\/wordpress\/plugins\/seo\/ -->\n<title>Tour Privado a las Cataratas Snoqualmie y Seattle en veh\u00edculo privado<\/title>\n<meta name=\"description\" content=\"\u2192 Reserva este Tour Privado a las Cataratas Snoqualmie y Seattle. Conoce los lugares mas emblem\u00e1ticos de Seattle y alrededores \u2705\" \/>\n<meta name=\"robots\" content=\"index, follow, max-snippet:-1, max-image-preview:large, max-video-preview:-1\" \/>\n<link rel=\"canonical\" href=\"https:\/\/tourtravelandmore.com\/es\/tours\/eeuu-es\/seattle-es\/seattle-actividades-es\/tour-privado-a-las-cataratas-snoqualmie-y-seattle\/\" \/>\n<meta property=\"og:locale\" content=\"es_ES\" \/>\n<meta property=\"og:type\" content=\"article\" \/>\n<meta property=\"og:title\" content=\"Tour Privado a las Cataratas Snoqualmie y Seattle\" \/>\n<meta property=\"og:description\" content=\"\u2192 Reserva este Tour Privado a las Cataratas Snoqualmie y Seattle. Conoce los lugares mas emblem\u00e1ticos de Seattle y alrededores \u2705\" \/>\n<meta property=\"og:url\" content=\"https:\/\/tourtravelandmore.com\/es\/tours\/eeuu-es\/seattle-es\/seattle-actividades-es\/tour-privado-a-las-cataratas-snoqualmie-y-seattle\/\" \/>\n<meta property=\"og:site_name\" content=\"Tour Travel And More\" \/>\n<meta property=\"article:publisher\" content=\"https:\/\/www.facebook.com\/tourtravelandmore\/\" \/>\n<meta property=\"article:modified_time\" content=\"2021-07-05T13:02:38+00:00\" \/>\n<meta property=\"og:image\" content=\"https:\/\/tourtravelandmore.com\/wp-content\/uploads\/2020\/10\/seattle-waterfall.jpg\" \/>\n\t<meta property=\"og:image:width\" content=\"884\" \/>\n\t<meta property=\"og:image:height\" content=\"663\" \/>\n\t<meta property=\"og:image:type\" content=\"image\/jpeg\" \/>\n<meta name=\"twitter:card\" content=\"summary_large_image\" \/>\n<meta name=\"twitter:site\" content=\"@TourTravel_More\" \/>\n<meta name=\"twitter:label1\" content=\"Tiempo de lectura\" \/>\n\t<meta name=\"twitter:data1\" content=\"3 minutos\" \/>\n<script type=\"application\/ld+json\" class=\"yoast-schema-graph\">{\"@context\":\"https:\/\/schema.org\",\"@graph\":[{\"@type\":\"WebPage\",\"@id\":\"https:\/\/tourtravelandmore.com\/es\/tours\/eeuu-es\/seattle-es\/seattle-actividades-es\/tour-privado-a-las-cataratas-snoqualmie-y-seattle\/\",\"url\":\"https:\/\/tourtravelandmore.com\/es\/tours\/eeuu-es\/seattle-es\/seattle-actividades-es\/tour-privado-a-las-cataratas-snoqualmie-y-seattle\/\",\"name\":\"Tour Privado a las Cataratas Snoqualmie y Seattle en veh\u00edculo privado\",\"isPartOf\":{\"@id\":\"https:\/\/tourtravelandmore.com\/es\/#website\"},\"primaryImageOfPage\":{\"@id\":\"https:\/\/tourtravelandmore.com\/es\/tours\/eeuu-es\/seattle-es\/seattle-actividades-es\/tour-privado-a-las-cataratas-snoqualmie-y-seattle\/#primaryimage\"},\"image\":{\"@id\":\"https:\/\/tourtravelandmore.com\/es\/tours\/eeuu-es\/seattle-es\/seattle-actividades-es\/tour-privado-a-las-cataratas-snoqualmie-y-seattle\/#primaryimage\"},\"thumbnailUrl\":\"https:\/\/tourtravelandmore.com\/wp-content\/uploads\/2020\/10\/seattle-waterfall.jpg\",\"datePublished\":\"2020-10-28T08:42:38+00:00\",\"dateModified\":\"2021-07-05T13:02:38+00:00\",\"description\":\"\u2192 Reserva este Tour Privado a las Cataratas Snoqualmie y Seattle. Conoce los lugares mas emblem\u00e1ticos de Seattle y alrededores \u2705\",\"breadcrumb\":{\"@id\":\"https:\/\/tourtravelandmore.com\/es\/tours\/eeuu-es\/seattle-es\/seattle-actividades-es\/tour-privado-a-las-cataratas-snoqualmie-y-seattle\/#breadcrumb\"},\"inLanguage\":\"es\",\"potentialAction\":[{\"@type\":\"ReadAction\",\"target\":[\"https:\/\/tourtravelandmore.com\/es\/tours\/eeuu-es\/seattle-es\/seattle-actividades-es\/tour-privado-a-las-cataratas-snoqualmie-y-seattle\/\"]}]},{\"@type\":\"ImageObject\",\"inLanguage\":\"es\",\"@id\":\"https:\/\/tourtravelandmore.com\/es\/tours\/eeuu-es\/seattle-es\/seattle-actividades-es\/tour-privado-a-las-cataratas-snoqualmie-y-seattle\/#primaryimage\",\"url\":\"https:\/\/tourtravelandmore.com\/wp-content\/uploads\/2020\/10\/seattle-waterfall.jpg\",\"contentUrl\":\"https:\/\/tourtravelandmore.com\/wp-content\/uploads\/2020\/10\/seattle-waterfall.jpg\",\"width\":884,\"height\":663},{\"@type\":\"BreadcrumbList\",\"@id\":\"https:\/\/tourtravelandmore.com\/es\/tours\/eeuu-es\/seattle-es\/seattle-actividades-es\/tour-privado-a-las-cataratas-snoqualmie-y-seattle\/#breadcrumb\",\"itemListElement\":[{\"@type\":\"ListItem\",\"position\":1,\"name\":\"Home\",\"item\":\"https:\/\/tourtravelandmore.com\/es\/\"},{\"@type\":\"ListItem\",\"position\":2,\"name\":\"Tours\",\"item\":\"https:\/\/tourtravelandmore.com\/es\/tours\/\"},{\"@type\":\"ListItem\",\"position\":3,\"name\":\"Tour Privado a las Cataratas Snoqualmie y Seattle\"}]},{\"@type\":\"WebSite\",\"@id\":\"https:\/\/tourtravelandmore.com\/es\/#website\",\"url\":\"https:\/\/tourtravelandmore.com\/es\/\",\"name\":\"Tour Travel And More\",\"description\":\"Private sightseeing tours and luxury transfers in Spain\",\"publisher\":{\"@id\":\"https:\/\/tourtravelandmore.com\/es\/#organization\"},\"potentialAction\":[{\"@type\":\"SearchAction\",\"target\":{\"@type\":\"EntryPoint\",\"urlTemplate\":\"https:\/\/tourtravelandmore.com\/es\/?s={search_term_string}\"},\"query-input\":{\"@type\":\"PropertyValueSpecification\",\"valueRequired\":true,\"valueName\":\"search_term_string\"}}],\"inLanguage\":\"es\"},{\"@type\":\"Organization\",\"@id\":\"https:\/\/tourtravelandmore.com\/es\/#organization\",\"name\":\"Tour Travel And More\",\"url\":\"https:\/\/tourtravelandmore.com\/es\/\",\"logo\":{\"@type\":\"ImageObject\",\"inLanguage\":\"es\",\"@id\":\"https:\/\/tourtravelandmore.com\/es\/#\/schema\/logo\/image\/\",\"url\":\"https:\/\/tourtravelandmore.com\/wp-content\/uploads\/2022\/12\/cropped-logo-cabecera-new.png\",\"contentUrl\":\"https:\/\/tourtravelandmore.com\/wp-content\/uploads\/2022\/12\/cropped-logo-cabecera-new.png\",\"width\":430,\"height\":61,\"caption\":\"Tour Travel And More\"},\"image\":{\"@id\":\"https:\/\/tourtravelandmore.com\/es\/#\/schema\/logo\/image\/\"},\"sameAs\":[\"https:\/\/www.facebook.com\/tourtravelandmore\/\",\"https:\/\/x.com\/TourTravel_More\"]}]}<\/script>\n<!-- \/ Yoast SEO Premium plugin. -->","yoast_head_json":{"title":"Tour Privado a las Cataratas Snoqualmie y Seattle en veh\u00edculo privado","description":"\u2192 Reserva este Tour Privado a las Cataratas Snoqualmie y Seattle. Conoce los lugares mas emblem\u00e1ticos de Seattle y alrededores \u2705","robots":{"index":"index","follow":"follow","max-snippet":"max-snippet:-1","max-image-preview":"max-image-preview:large","max-video-preview":"max-video-preview:-1"},"canonical":"https:\/\/tourtravelandmore.com\/es\/tours\/eeuu-es\/seattle-es\/seattle-actividades-es\/tour-privado-a-las-cataratas-snoqualmie-y-seattle\/","og_locale":"es_ES","og_type":"article","og_title":"Tour Privado a las Cataratas Snoqualmie y Seattle","og_description":"\u2192 Reserva este Tour Privado a las Cataratas Snoqualmie y Seattle. Conoce los lugares mas emblem\u00e1ticos de Seattle y alrededores \u2705","og_url":"https:\/\/tourtravelandmore.com\/es\/tours\/eeuu-es\/seattle-es\/seattle-actividades-es\/tour-privado-a-las-cataratas-snoqualmie-y-seattle\/","og_site_name":"Tour Travel And More","article_publisher":"https:\/\/www.facebook.com\/tourtravelandmore\/","article_modified_time":"2021-07-05T13:02:38+00:00","og_image":[{"width":884,"height":663,"url":"https:\/\/tourtravelandmore.com\/wp-content\/uploads\/2020\/10\/seattle-waterfall.jpg","type":"image\/jpeg"}],"twitter_card":"summary_large_image","twitter_site":"@TourTravel_More","twitter_misc":{"Tiempo de lectura":"3 minutos"},"schema":{"@context":"https:\/\/schema.org","@graph":[{"@type":"WebPage","@id":"https:\/\/tourtravelandmore.com\/es\/tours\/eeuu-es\/seattle-es\/seattle-actividades-es\/tour-privado-a-las-cataratas-snoqualmie-y-seattle\/","url":"https:\/\/tourtravelandmore.com\/es\/tours\/eeuu-es\/seattle-es\/seattle-actividades-es\/tour-privado-a-las-cataratas-snoqualmie-y-seattle\/","name":"Tour Privado a las Cataratas Snoqualmie y Seattle en veh\u00edculo privado","isPartOf":{"@id":"https:\/\/tourtravelandmore.com\/es\/#website"},"primaryImageOfPage":{"@id":"https:\/\/tourtravelandmore.com\/es\/tours\/eeuu-es\/seattle-es\/seattle-actividades-es\/tour-privado-a-las-cataratas-snoqualmie-y-seattle\/#primaryimage"},"image":{"@id":"https:\/\/tourtravelandmore.com\/es\/tours\/eeuu-es\/seattle-es\/seattle-actividades-es\/tour-privado-a-las-cataratas-snoqualmie-y-seattle\/#primaryimage"},"thumbnailUrl":"https:\/\/tourtravelandmore.com\/wp-content\/uploads\/2020\/10\/seattle-waterfall.jpg","datePublished":"2020-10-28T08:42:38+00:00","dateModified":"2021-07-05T13:02:38+00:00","description":"\u2192 Reserva este Tour Privado a las Cataratas Snoqualmie y Seattle. Conoce los lugares mas emblem\u00e1ticos de Seattle y alrededores \u2705","breadcrumb":{"@id":"https:\/\/tourtravelandmore.com\/es\/tours\/eeuu-es\/seattle-es\/seattle-actividades-es\/tour-privado-a-las-cataratas-snoqualmie-y-seattle\/#breadcrumb"},"inLanguage":"es","potentialAction":[{"@type":"ReadAction","target":["https:\/\/tourtravelandmore.com\/es\/tours\/eeuu-es\/seattle-es\/seattle-actividades-es\/tour-privado-a-las-cataratas-snoqualmie-y-seattle\/"]}]},{"@type":"ImageObject","inLanguage":"es","@id":"https:\/\/tourtravelandmore.com\/es\/tours\/eeuu-es\/seattle-es\/seattle-actividades-es\/tour-privado-a-las-cataratas-snoqualmie-y-seattle\/#primaryimage","url":"https:\/\/tourtravelandmore.com\/wp-content\/uploads\/2020\/10\/seattle-waterfall.jpg","contentUrl":"https:\/\/tourtravelandmore.com\/wp-content\/uploads\/2020\/10\/seattle-waterfall.jpg","width":884,"height":663},{"@type":"BreadcrumbList","@id":"https:\/\/tourtravelandmore.com\/es\/tours\/eeuu-es\/seattle-es\/seattle-actividades-es\/tour-privado-a-las-cataratas-snoqualmie-y-seattle\/#breadcrumb","itemListElement":[{"@type":"ListItem","position":1,"name":"Home","item":"https:\/\/tourtravelandmore.com\/es\/"},{"@type":"ListItem","position":2,"name":"Tours","item":"https:\/\/tourtravelandmore.com\/es\/tours\/"},{"@type":"ListItem","position":3,"name":"Tour Privado a las Cataratas Snoqualmie y Seattle"}]},{"@type":"WebSite","@id":"https:\/\/tourtravelandmore.com\/es\/#website","url":"https:\/\/tourtravelandmore.com\/es\/","name":"Tour Travel And More","description":"Private sightseeing tours and luxury transfers in Spain","publisher":{"@id":"https:\/\/tourtravelandmore.com\/es\/#organization"},"potentialAction":[{"@type":"SearchAction","target":{"@type":"EntryPoint","urlTemplate":"https:\/\/tourtravelandmore.com\/es\/?s={search_term_string}"},"query-input":{"@type":"PropertyValueSpecification","valueRequired":true,"valueName":"search_term_string"}}],"inLanguage":"es"},{"@type":"Organization","@id":"https:\/\/tourtravelandmore.com\/es\/#organization","name":"Tour Travel And More","url":"https:\/\/tourtravelandmore.com\/es\/","logo":{"@type":"ImageObject","inLanguage":"es","@id":"https:\/\/tourtravelandmore.com\/es\/#\/schema\/logo\/image\/","url":"https:\/\/tourtravelandmore.com\/wp-content\/uploads\/2022\/12\/cropped-logo-cabecera-new.png","contentUrl":"https:\/\/tourtravelandmore.com\/wp-content\/uploads\/2022\/12\/cropped-logo-cabecera-new.png","width":430,"height":61,"caption":"Tour Travel And More"},"image":{"@id":"https:\/\/tourtravelandmore.com\/es\/#\/schema\/logo\/image\/"},"sameAs":["https:\/\/www.facebook.com\/tourtravelandmore\/","https:\/\/x.com\/TourTravel_More"]}]}},"_links":{"self":[{"href":"https:\/\/tourtravelandmore.com\/es\/wp-json\/wp\/v2\/product\/85359","targetHints":{"allow":["GET"]}}],"collection":[{"href":"https:\/\/tourtravelandmore.com\/es\/wp-json\/wp\/v2\/product"}],"about":[{"href":"https:\/\/tourtravelandmore.com\/es\/wp-json\/wp\/v2\/types\/product"}],"replies":[{"embeddable":true,"href":"https:\/\/tourtravelandmore.com\/es\/wp-json\/wp\/v2\/comments?post=85359"}],"wp:featuredmedia":[{"embeddable":true,"href":"https:\/\/tourtravelandmore.com\/es\/wp-json\/wp\/v2\/media\/85371"}],"wp:attachment":[{"href":"https:\/\/tourtravelandmore.com\/es\/wp-json\/wp\/v2\/media?parent=85359"}],"wp:term":[{"taxonomy":"product_brand","embeddable":true,"href":"https:\/\/tourtravelandmore.com\/es\/wp-json\/wp\/v2\/product_brand?post=85359"},{"taxonomy":"product_cat","embeddable":true,"href":"https:\/\/tourtravelandmore.com\/es\/wp-json\/wp\/v2\/product_cat?post=85359"},{"taxonomy":"product_tag","embeddable":true,"href":"https:\/\/tourtravelandmore.com\/es\/wp-json\/wp\/v2\/product_tag?post=85359"}],"curies":[{"name":"wp","href":"https:\/\/api.w.org\/{rel}","templated":true}]}}