{"id":85339,"date":"2020-10-27T16:02:06","date_gmt":"2020-10-27T15:02:06","guid":{"rendered":"https:\/\/tourtravelandmore.com\/?post_type=product&#038;p=85339"},"modified":"2021-07-05T14:51:10","modified_gmt":"2021-07-05T12:51:10","slug":"tour-privado-a-pie-por-seattle","status":"publish","type":"product","link":"https:\/\/tourtravelandmore.com\/es\/tours\/eeuu-es\/seattle-es\/seattle-actividades-es\/tour-privado-a-pie-por-seattle\/","title":{"rendered":"Tour Privado a pie por Seattle"},"content":{"rendered":"<h2><strong>Descripci\u00f3n del Tour privado por Seattle<\/strong><\/h2>\n<p>Como siempre decimos, una de las mejores formas de conocer una ciudad es a pie. Es por eso que este <strong>tour privado a pie por Seattle<\/strong> es una excelente opci\u00f3n. Nuestro <strong>gu\u00eda privado<\/strong> estar\u00e1 a su disposici\u00f3n durante toda la experiencia de 4 horas y lo ayudar\u00e1 a explorar los sitios m\u00e1s importantes de la ciudad.<\/p>\n<p>Dependiendo de d\u00f3nde se encuentre su hotel, nos encontraremos con un punto de encuentro ubicado en el centro. Lo mismo ocurre con su excursi\u00f3n desde el crucero. Dependiendo a d\u00f3nde llegue, podemos organizar una recogida a pie. De lo contrario, este tour privado puede comenzar cerca de Pioneer Square o Kerry Park. Cont\u00e1ctanos con tu hotel o lugar de recogida y veremos la mejor ubicaci\u00f3n para comenzar su tour privado.<\/p>\n<p>Despu\u00e9s de reunirnos con usted, nuestro gu\u00eda privado comenzar\u00e1 este tour privado a pie por Seattle para usted. \u00a1Conozca grandes sitios de la ciudad, vistas incre\u00edbles, \u00edconos como la <strong>Space Needle<\/strong> y mucho m\u00e1s!<\/p>\n<p>Este tour privado a pie por Seattle es una gran oportunidad para conocer el centro de la ciudad. \u00a1P\u00f3ngase en contacto con nuestros expertos en viajes para obtener m\u00e1s ayuda!.<\/p>\n<h2><strong>Puntos de inter\u00e9s en Seattle a pie<\/strong><\/h2>\n<p>En primer lugar, organizaremos una recogida privada en un punto de encuentro c\u00e9ntrico. <span class=\"JLqJ4b ChMk0b\" data-language-for-alternatives=\"es\" data-language-to-translate-into=\"en\" data-phrase-index=\"1\">\u00a1Nuestro gu\u00eda experto lo estar\u00e1 esperando para orientarlo por la ciudad que amamos!\u00a0Esto hace que la experiencia sea a\u00fan mejor porque adoramos nuestro trabajo.<\/span><\/p>\n<p>Dependiendo de d\u00f3nde comenzaremos el recorrido, el itinerario exacto y el orden pueden variar. <span class=\"JLqJ4b ChMk0b\" data-language-for-alternatives=\"es\" data-language-to-translate-into=\"en\" data-phrase-index=\"5\">A continuaci\u00f3n, se muestran algunos ejemplos de los sitios m\u00e1s importantes que podr\u00e1 explorar:<\/span><\/p>\n<ul>\n<li><strong>Kerry Park (donde tendr\u00e1 incre\u00edbles vistas de la ciudad) <\/strong><\/li>\n<li><strong><span class=\"JLqJ4b\" data-language-for-alternatives=\"es\" data-language-to-translate-into=\"en\" data-phrase-index=\"8\"><span class=\"JLqJ4b ChMk0b\" data-language-for-alternatives=\"es\" data-language-to-translate-into=\"en\" data-phrase-index=\"9\">Seattle Center Jard\u00edn y cristal Chihuly <\/span><\/span><\/strong><\/li>\n<li><span class=\"JLqJ4b\" data-language-for-alternatives=\"es\" data-language-to-translate-into=\"en\" data-phrase-index=\"8\"><span class=\"JLqJ4b ChMk0b\" data-language-for-alternatives=\"es\" data-language-to-translate-into=\"en\" data-phrase-index=\"9\"><a href=\"https:\/\/www.spaceneedle.com\">Space Needle<\/a>: <strong>un icono de la ciudad de Seattle <\/strong><\/span><\/span><\/li>\n<li><strong><span class=\"JLqJ4b\" data-language-for-alternatives=\"es\" data-language-to-translate-into=\"en\" data-phrase-index=\"8\"><span class=\"JLqJ4b ChMk0b\" data-language-for-alternatives=\"es\" data-language-to-translate-into=\"en\" data-phrase-index=\"9\">Parque Ol\u00edmpico de Esculturas<\/span><\/span><\/strong><\/li>\n<li><strong><span class=\"JLqJ4b\" data-language-for-alternatives=\"es\" data-language-to-translate-into=\"en\" data-phrase-index=\"8\"><span class=\"JLqJ4b ChMk0b\" data-language-for-alternatives=\"es\" data-language-to-translate-into=\"en\" data-phrase-index=\"9\"> Mercado de Pike Place <\/span><\/span><\/strong><\/li>\n<li><strong><span class=\"JLqJ4b\" data-language-for-alternatives=\"es\" data-language-to-translate-into=\"en\" data-phrase-index=\"8\"><span class=\"JLqJ4b ChMk0b\" data-language-for-alternatives=\"es\" data-language-to-translate-into=\"en\" data-phrase-index=\"9\">Plaza de los Pioneros <\/span><\/span><\/strong><\/li>\n<li><span class=\"JLqJ4b\" data-language-for-alternatives=\"es\" data-language-to-translate-into=\"en\" data-phrase-index=\"8\"><span class=\"JLqJ4b ChMk0b\" data-language-for-alternatives=\"es\" data-language-to-translate-into=\"en\" data-phrase-index=\"9\">y mucho m\u00e1s!<\/span><\/span><\/li>\n<\/ul>\n<p>Este es un tour a pie por Seattle completamente privado y solo para usted. <span class=\"JLqJ4b ChMk0b\" data-language-for-alternatives=\"es\" data-language-to-translate-into=\"en\" data-phrase-index=\"24\">En caso de que lo prefiera, podemos incluir m\u00e1s horas a su experiencia o incluso convertirlo en un tour de d\u00eda completo. <\/span><\/p>\n<p><span class=\"JLqJ4b ChMk0b\" data-language-for-alternatives=\"es\" data-language-to-translate-into=\"en\" data-phrase-index=\"24\"><span class=\"JLqJ4b\" data-language-for-alternatives=\"es\" data-language-to-translate-into=\"en\" data-phrase-index=\"25\">\u00a1P\u00f3ngase en contacto con nuestros expertos en viajes para obtener m\u00e1s informaci\u00f3n! No olvide consultar nuestro <a href=\"https:\/\/tourtravelandmore.com\/es\/tours\/eeuu-es\/seattle-es\/seattle-actividades-es\/tour-privado-por-seattle\/\">tour privado por la ciudad de Seattle<\/a> para disfrutar de una experiencia m\u00e1s completa.<\/span><\/span><\/p>\n","protected":false},"excerpt":{"rendered":"<p>Disfrute de este <strong>tour privado a pie<\/strong> por la\u00a0incre\u00edble\u00a0ciudad de<strong> Seattle<\/strong> junto a un profesional local. Podr\u00e1 descubrir los lugares m\u00e1s importantes, caminar por sus hermosas calles y admirar sus emblem\u00e1ticos museos y monumentos.<\/p>\n","protected":false},"featured_media":85331,"comment_status":"open","ping_status":"closed","template":"","meta":{"_acf_changed":false},"product_brand":[],"product_cat":[1602,2675,2678],"product_tag":[],"class_list":{"0":"post-85339","1":"product","2":"type-product","3":"status-publish","4":"has-post-thumbnail","6":"product_cat-eeuu-es","7":"product_cat-seattle-es","8":"product_cat-seattle-actividades-es","10":"first","11":"instock","12":"shipping-taxable","13":"purchasable","14":"product-type-simple"},"acf":[],"yoast_head":"<!-- This site is optimized with the Yoast SEO Premium plugin v25.3.1 (Yoast SEO v25.3.1) - https:\/\/yoast.com\/wordpress\/plugins\/seo\/ -->\n<title>Tour Privado a pie por Seattle con gu\u00eda oficial local | Tour Travel &amp; More<\/title>\n<meta name=\"description\" content=\"Reserve este Tour Privado a pie por Seattle. Conozca los lugares m\u00e1s emblem\u00e1ticos de esta hermosa y aut\u00e9ntica ciudad junto a su gu\u00eda oficial \u2705\" \/>\n<meta name=\"robots\" content=\"index, follow, max-snippet:-1, max-image-preview:large, max-video-preview:-1\" \/>\n<link rel=\"canonical\" href=\"https:\/\/tourtravelandmore.com\/es\/tours\/eeuu-es\/seattle-es\/seattle-actividades-es\/tour-privado-a-pie-por-seattle\/\" \/>\n<meta property=\"og:locale\" content=\"es_ES\" \/>\n<meta property=\"og:type\" content=\"article\" \/>\n<meta property=\"og:title\" content=\"Tour Privado a pie por Seattle\" \/>\n<meta property=\"og:description\" content=\"Reserve este Tour Privado a pie por Seattle. Conozca los lugares m\u00e1s emblem\u00e1ticos de esta hermosa y aut\u00e9ntica ciudad junto a su gu\u00eda oficial \u2705\" \/>\n<meta property=\"og:url\" content=\"https:\/\/tourtravelandmore.com\/es\/tours\/eeuu-es\/seattle-es\/seattle-actividades-es\/tour-privado-a-pie-por-seattle\/\" \/>\n<meta property=\"og:site_name\" content=\"Tour Travel And More\" \/>\n<meta property=\"article:publisher\" content=\"https:\/\/www.facebook.com\/tourtravelandmore\/\" \/>\n<meta property=\"article:modified_time\" content=\"2021-07-05T12:51:10+00:00\" \/>\n<meta property=\"og:image\" content=\"https:\/\/tourtravelandmore.com\/wp-content\/uploads\/2020\/10\/seattle-3.jpg\" \/>\n\t<meta property=\"og:image:width\" content=\"910\" \/>\n\t<meta property=\"og:image:height\" content=\"607\" \/>\n\t<meta property=\"og:image:type\" content=\"image\/jpeg\" \/>\n<meta name=\"twitter:card\" content=\"summary_large_image\" \/>\n<meta name=\"twitter:site\" content=\"@TourTravel_More\" \/>\n<meta name=\"twitter:label1\" content=\"Tiempo de lectura\" \/>\n\t<meta name=\"twitter:data1\" content=\"2 minutos\" \/>\n<script type=\"application\/ld+json\" class=\"yoast-schema-graph\">{\"@context\":\"https:\/\/schema.org\",\"@graph\":[{\"@type\":\"WebPage\",\"@id\":\"https:\/\/tourtravelandmore.com\/es\/tours\/eeuu-es\/seattle-es\/seattle-actividades-es\/tour-privado-a-pie-por-seattle\/\",\"url\":\"https:\/\/tourtravelandmore.com\/es\/tours\/eeuu-es\/seattle-es\/seattle-actividades-es\/tour-privado-a-pie-por-seattle\/\",\"name\":\"Tour Privado a pie por Seattle con gu\u00eda oficial local | Tour Travel & More\",\"isPartOf\":{\"@id\":\"https:\/\/tourtravelandmore.com\/es\/#website\"},\"primaryImageOfPage\":{\"@id\":\"https:\/\/tourtravelandmore.com\/es\/tours\/eeuu-es\/seattle-es\/seattle-actividades-es\/tour-privado-a-pie-por-seattle\/#primaryimage\"},\"image\":{\"@id\":\"https:\/\/tourtravelandmore.com\/es\/tours\/eeuu-es\/seattle-es\/seattle-actividades-es\/tour-privado-a-pie-por-seattle\/#primaryimage\"},\"thumbnailUrl\":\"https:\/\/tourtravelandmore.com\/wp-content\/uploads\/2020\/10\/seattle-3.jpg\",\"datePublished\":\"2020-10-27T15:02:06+00:00\",\"dateModified\":\"2021-07-05T12:51:10+00:00\",\"description\":\"Reserve este Tour Privado a pie por Seattle. Conozca los lugares m\u00e1s emblem\u00e1ticos de esta hermosa y aut\u00e9ntica ciudad junto a su gu\u00eda oficial \u2705\",\"breadcrumb\":{\"@id\":\"https:\/\/tourtravelandmore.com\/es\/tours\/eeuu-es\/seattle-es\/seattle-actividades-es\/tour-privado-a-pie-por-seattle\/#breadcrumb\"},\"inLanguage\":\"es\",\"potentialAction\":[{\"@type\":\"ReadAction\",\"target\":[\"https:\/\/tourtravelandmore.com\/es\/tours\/eeuu-es\/seattle-es\/seattle-actividades-es\/tour-privado-a-pie-por-seattle\/\"]}]},{\"@type\":\"ImageObject\",\"inLanguage\":\"es\",\"@id\":\"https:\/\/tourtravelandmore.com\/es\/tours\/eeuu-es\/seattle-es\/seattle-actividades-es\/tour-privado-a-pie-por-seattle\/#primaryimage\",\"url\":\"https:\/\/tourtravelandmore.com\/wp-content\/uploads\/2020\/10\/seattle-3.jpg\",\"contentUrl\":\"https:\/\/tourtravelandmore.com\/wp-content\/uploads\/2020\/10\/seattle-3.jpg\",\"width\":910,\"height\":607},{\"@type\":\"BreadcrumbList\",\"@id\":\"https:\/\/tourtravelandmore.com\/es\/tours\/eeuu-es\/seattle-es\/seattle-actividades-es\/tour-privado-a-pie-por-seattle\/#breadcrumb\",\"itemListElement\":[{\"@type\":\"ListItem\",\"position\":1,\"name\":\"Home\",\"item\":\"https:\/\/tourtravelandmore.com\/es\/\"},{\"@type\":\"ListItem\",\"position\":2,\"name\":\"Tours\",\"item\":\"https:\/\/tourtravelandmore.com\/es\/tours\/\"},{\"@type\":\"ListItem\",\"position\":3,\"name\":\"Tour Privado a pie por Seattle\"}]},{\"@type\":\"WebSite\",\"@id\":\"https:\/\/tourtravelandmore.com\/es\/#website\",\"url\":\"https:\/\/tourtravelandmore.com\/es\/\",\"name\":\"Tour Travel And More\",\"description\":\"Private sightseeing tours and luxury transfers in Spain\",\"publisher\":{\"@id\":\"https:\/\/tourtravelandmore.com\/es\/#organization\"},\"potentialAction\":[{\"@type\":\"SearchAction\",\"target\":{\"@type\":\"EntryPoint\",\"urlTemplate\":\"https:\/\/tourtravelandmore.com\/es\/?s={search_term_string}\"},\"query-input\":{\"@type\":\"PropertyValueSpecification\",\"valueRequired\":true,\"valueName\":\"search_term_string\"}}],\"inLanguage\":\"es\"},{\"@type\":\"Organization\",\"@id\":\"https:\/\/tourtravelandmore.com\/es\/#organization\",\"name\":\"Tour Travel And More\",\"url\":\"https:\/\/tourtravelandmore.com\/es\/\",\"logo\":{\"@type\":\"ImageObject\",\"inLanguage\":\"es\",\"@id\":\"https:\/\/tourtravelandmore.com\/es\/#\/schema\/logo\/image\/\",\"url\":\"https:\/\/tourtravelandmore.com\/wp-content\/uploads\/2022\/12\/cropped-logo-cabecera-new.png\",\"contentUrl\":\"https:\/\/tourtravelandmore.com\/wp-content\/uploads\/2022\/12\/cropped-logo-cabecera-new.png\",\"width\":430,\"height\":61,\"caption\":\"Tour Travel And More\"},\"image\":{\"@id\":\"https:\/\/tourtravelandmore.com\/es\/#\/schema\/logo\/image\/\"},\"sameAs\":[\"https:\/\/www.facebook.com\/tourtravelandmore\/\",\"https:\/\/x.com\/TourTravel_More\"]}]}<\/script>\n<!-- \/ Yoast SEO Premium plugin. -->","yoast_head_json":{"title":"Tour Privado a pie por Seattle con gu\u00eda oficial local | Tour Travel & More","description":"Reserve este Tour Privado a pie por Seattle. Conozca los lugares m\u00e1s emblem\u00e1ticos de esta hermosa y aut\u00e9ntica ciudad junto a su gu\u00eda oficial \u2705","robots":{"index":"index","follow":"follow","max-snippet":"max-snippet:-1","max-image-preview":"max-image-preview:large","max-video-preview":"max-video-preview:-1"},"canonical":"https:\/\/tourtravelandmore.com\/es\/tours\/eeuu-es\/seattle-es\/seattle-actividades-es\/tour-privado-a-pie-por-seattle\/","og_locale":"es_ES","og_type":"article","og_title":"Tour Privado a pie por Seattle","og_description":"Reserve este Tour Privado a pie por Seattle. Conozca los lugares m\u00e1s emblem\u00e1ticos de esta hermosa y aut\u00e9ntica ciudad junto a su gu\u00eda oficial \u2705","og_url":"https:\/\/tourtravelandmore.com\/es\/tours\/eeuu-es\/seattle-es\/seattle-actividades-es\/tour-privado-a-pie-por-seattle\/","og_site_name":"Tour Travel And More","article_publisher":"https:\/\/www.facebook.com\/tourtravelandmore\/","article_modified_time":"2021-07-05T12:51:10+00:00","og_image":[{"width":910,"height":607,"url":"https:\/\/tourtravelandmore.com\/wp-content\/uploads\/2020\/10\/seattle-3.jpg","type":"image\/jpeg"}],"twitter_card":"summary_large_image","twitter_site":"@TourTravel_More","twitter_misc":{"Tiempo de lectura":"2 minutos"},"schema":{"@context":"https:\/\/schema.org","@graph":[{"@type":"WebPage","@id":"https:\/\/tourtravelandmore.com\/es\/tours\/eeuu-es\/seattle-es\/seattle-actividades-es\/tour-privado-a-pie-por-seattle\/","url":"https:\/\/tourtravelandmore.com\/es\/tours\/eeuu-es\/seattle-es\/seattle-actividades-es\/tour-privado-a-pie-por-seattle\/","name":"Tour Privado a pie por Seattle con gu\u00eda oficial local | Tour Travel & More","isPartOf":{"@id":"https:\/\/tourtravelandmore.com\/es\/#website"},"primaryImageOfPage":{"@id":"https:\/\/tourtravelandmore.com\/es\/tours\/eeuu-es\/seattle-es\/seattle-actividades-es\/tour-privado-a-pie-por-seattle\/#primaryimage"},"image":{"@id":"https:\/\/tourtravelandmore.com\/es\/tours\/eeuu-es\/seattle-es\/seattle-actividades-es\/tour-privado-a-pie-por-seattle\/#primaryimage"},"thumbnailUrl":"https:\/\/tourtravelandmore.com\/wp-content\/uploads\/2020\/10\/seattle-3.jpg","datePublished":"2020-10-27T15:02:06+00:00","dateModified":"2021-07-05T12:51:10+00:00","description":"Reserve este Tour Privado a pie por Seattle. Conozca los lugares m\u00e1s emblem\u00e1ticos de esta hermosa y aut\u00e9ntica ciudad junto a su gu\u00eda oficial \u2705","breadcrumb":{"@id":"https:\/\/tourtravelandmore.com\/es\/tours\/eeuu-es\/seattle-es\/seattle-actividades-es\/tour-privado-a-pie-por-seattle\/#breadcrumb"},"inLanguage":"es","potentialAction":[{"@type":"ReadAction","target":["https:\/\/tourtravelandmore.com\/es\/tours\/eeuu-es\/seattle-es\/seattle-actividades-es\/tour-privado-a-pie-por-seattle\/"]}]},{"@type":"ImageObject","inLanguage":"es","@id":"https:\/\/tourtravelandmore.com\/es\/tours\/eeuu-es\/seattle-es\/seattle-actividades-es\/tour-privado-a-pie-por-seattle\/#primaryimage","url":"https:\/\/tourtravelandmore.com\/wp-content\/uploads\/2020\/10\/seattle-3.jpg","contentUrl":"https:\/\/tourtravelandmore.com\/wp-content\/uploads\/2020\/10\/seattle-3.jpg","width":910,"height":607},{"@type":"BreadcrumbList","@id":"https:\/\/tourtravelandmore.com\/es\/tours\/eeuu-es\/seattle-es\/seattle-actividades-es\/tour-privado-a-pie-por-seattle\/#breadcrumb","itemListElement":[{"@type":"ListItem","position":1,"name":"Home","item":"https:\/\/tourtravelandmore.com\/es\/"},{"@type":"ListItem","position":2,"name":"Tours","item":"https:\/\/tourtravelandmore.com\/es\/tours\/"},{"@type":"ListItem","position":3,"name":"Tour Privado a pie por Seattle"}]},{"@type":"WebSite","@id":"https:\/\/tourtravelandmore.com\/es\/#website","url":"https:\/\/tourtravelandmore.com\/es\/","name":"Tour Travel And More","description":"Private sightseeing tours and luxury transfers in Spain","publisher":{"@id":"https:\/\/tourtravelandmore.com\/es\/#organization"},"potentialAction":[{"@type":"SearchAction","target":{"@type":"EntryPoint","urlTemplate":"https:\/\/tourtravelandmore.com\/es\/?s={search_term_string}"},"query-input":{"@type":"PropertyValueSpecification","valueRequired":true,"valueName":"search_term_string"}}],"inLanguage":"es"},{"@type":"Organization","@id":"https:\/\/tourtravelandmore.com\/es\/#organization","name":"Tour Travel And More","url":"https:\/\/tourtravelandmore.com\/es\/","logo":{"@type":"ImageObject","inLanguage":"es","@id":"https:\/\/tourtravelandmore.com\/es\/#\/schema\/logo\/image\/","url":"https:\/\/tourtravelandmore.com\/wp-content\/uploads\/2022\/12\/cropped-logo-cabecera-new.png","contentUrl":"https:\/\/tourtravelandmore.com\/wp-content\/uploads\/2022\/12\/cropped-logo-cabecera-new.png","width":430,"height":61,"caption":"Tour Travel And More"},"image":{"@id":"https:\/\/tourtravelandmore.com\/es\/#\/schema\/logo\/image\/"},"sameAs":["https:\/\/www.facebook.com\/tourtravelandmore\/","https:\/\/x.com\/TourTravel_More"]}]}},"_links":{"self":[{"href":"https:\/\/tourtravelandmore.com\/es\/wp-json\/wp\/v2\/product\/85339","targetHints":{"allow":["GET"]}}],"collection":[{"href":"https:\/\/tourtravelandmore.com\/es\/wp-json\/wp\/v2\/product"}],"about":[{"href":"https:\/\/tourtravelandmore.com\/es\/wp-json\/wp\/v2\/types\/product"}],"replies":[{"embeddable":true,"href":"https:\/\/tourtravelandmore.com\/es\/wp-json\/wp\/v2\/comments?post=85339"}],"wp:featuredmedia":[{"embeddable":true,"href":"https:\/\/tourtravelandmore.com\/es\/wp-json\/wp\/v2\/media\/85331"}],"wp:attachment":[{"href":"https:\/\/tourtravelandmore.com\/es\/wp-json\/wp\/v2\/media?parent=85339"}],"wp:term":[{"taxonomy":"product_brand","embeddable":true,"href":"https:\/\/tourtravelandmore.com\/es\/wp-json\/wp\/v2\/product_brand?post=85339"},{"taxonomy":"product_cat","embeddable":true,"href":"https:\/\/tourtravelandmore.com\/es\/wp-json\/wp\/v2\/product_cat?post=85339"},{"taxonomy":"product_tag","embeddable":true,"href":"https:\/\/tourtravelandmore.com\/es\/wp-json\/wp\/v2\/product_tag?post=85339"}],"curies":[{"name":"wp","href":"https:\/\/api.w.org\/{rel}","templated":true}]}}