{"id":85316,"date":"2020-10-27T12:46:52","date_gmt":"2020-10-27T11:46:54","guid":{"rendered":"https:\/\/tourtravelandmore.com\/?post_type=product&#038;p=85316"},"modified":"2021-07-05T14:56:39","modified_gmt":"2021-07-05T12:56:39","slug":"tour-privado-por-seattle","status":"publish","type":"product","link":"https:\/\/tourtravelandmore.com\/es\/tours\/eeuu-es\/seattle-es\/seattle-actividades-es\/tour-privado-por-seattle\/","title":{"rendered":"Tour Privado por Seattle"},"content":{"rendered":"<h2 class=\"p1\"><span class=\"s1\"><b>Descripci\u00f3n del Tour privado en Seattle<\/b><\/span><\/h2>\n<p class=\"p1\">Cuando pensamos por primera vez en <strong>Seattle<\/strong>, \u00a1nos viene a la mente la pel\u00edcula Sleepless in Seattle! <span class=\"JLqJ4b ChMk0b\" data-language-for-alternatives=\"es\" data-language-to-translate-into=\"en\" data-phrase-index=\"1\">Dicho esto, \u00bfqu\u00e9 mejor manera de descubrir esta ciudad \u00fanica que con un <strong>tour privado por Seattle<\/strong>? <\/span><\/p>\n<p class=\"p1\"><span class=\"JLqJ4b ChMk0b\" data-language-for-alternatives=\"es\" data-language-to-translate-into=\"en\" data-phrase-index=\"1\"><span class=\"JLqJ4b\" data-language-for-alternatives=\"es\" data-language-to-translate-into=\"en\" data-phrase-index=\"2\">\u00a1Haga que nuestro <strong>chofer privado<\/strong> lo recojan junto con su <strong>gu\u00eda tur\u00edstico privado<\/strong> y comience su recorrido privado de 4 horas por esta ciudad! \u00bfSab\u00edas tambi\u00e9n que Seattle es la ciudad m\u00e1s grande ubicada en el noroeste del Pac\u00edfico? Tambi\u00e9n es una ciudad muy h\u00fameda, por lo que sus parques y barrios frondosos son una visita obligada. <\/span><\/span><\/p>\n<p class=\"p1\"><span class=\"JLqJ4b ChMk0b\" data-language-for-alternatives=\"es\" data-language-to-translate-into=\"en\" data-phrase-index=\"1\"><span class=\"JLqJ4b\" data-language-for-alternatives=\"es\" data-language-to-translate-into=\"en\" data-phrase-index=\"2\">Aproveche esta oportunidad y conozca los mejores lugares con este tour privado por Seattle. <\/span><\/span><\/p>\n<p class=\"p1\"><span class=\"JLqJ4b ChMk0b\" data-language-for-alternatives=\"es\" data-language-to-translate-into=\"en\" data-phrase-index=\"1\"><span class=\"JLqJ4b\" data-language-for-alternatives=\"es\" data-language-to-translate-into=\"en\" data-phrase-index=\"2\">Para este tour privado, comenzaremos recogi\u00e9ndolo en su hotel ubicado en el centro de Seattle. Por supuesto, podemos recogerlo en el puerto de cruceros si llega en un crucero. Si tu hotel o apartamento no est\u00e1 en el centro, av\u00edsanos y cotizaremos el precio exacto para que te recoja desde all\u00ed. <\/span><\/span><\/p>\n<p class=\"p1\"><span class=\"JLqJ4b ChMk0b\" data-language-for-alternatives=\"es\" data-language-to-translate-into=\"en\" data-phrase-index=\"1\"><span class=\"JLqJ4b\" data-language-for-alternatives=\"es\" data-language-to-translate-into=\"en\" data-phrase-index=\"2\">Una vez que estemos juntos, comenzar\u00e1 este Tour privado por Seattle. Disfrute de los mejores sitios de esta gran ciudad en este recorrido privado de 4 horas.<\/span><\/span><\/p>\n<h2 class=\"p3\"><span class=\"s1\"><b>Puntos de inter\u00e9s en Seattle<\/b><\/span><\/h2>\n<p class=\"p1\">Despu\u00e9s de una c\u00f3moda recogida privada, comenzaremos este tour privado. <span class=\"JLqJ4b ChMk0b\" data-language-for-alternatives=\"es\" data-language-to-translate-into=\"en\" data-phrase-index=\"1\">Su recorrido incluir\u00e1 la visita a los sitios m\u00e1s importantes de <strong>Seattle<\/strong>. \u00a1Haz que nuestro gu\u00eda te acompa\u00f1e donde te interese bajar mientras tu chofer te espera para no perder el tiempo! <\/span><\/p>\n<p class=\"p1\"><span class=\"JLqJ4b ChMk0b\" data-language-for-alternatives=\"es\" data-language-to-translate-into=\"en\" data-phrase-index=\"1\"><span class=\"JLqJ4b\" data-language-for-alternatives=\"es\" data-language-to-translate-into=\"en\" data-phrase-index=\"3\">Hay tanto que ver, que aqu\u00ed hay una breve lista de ejemplos:<\/span><\/span><\/p>\n<ul>\n<li><strong>Mercado de Pike Place <\/strong><\/li>\n<li><strong>Centro de Seattle<\/strong><\/li>\n<li><strong>Queen Ann Hill<\/strong><\/li>\n<li><strong>Space Needle: un icono de la ciudad de Seattle <\/strong><\/li>\n<li><strong>Jard\u00edn y Cristal Chihuly <\/strong><\/li>\n<li><strong>Vista exterior del Museo de Arte de Seattle <\/strong><\/li>\n<li><strong>Parque Ol\u00edmpico de Esculturas <\/strong><\/li>\n<li><strong>Vista de la Gran Rueda de Seattle<\/strong><\/li>\n<li><strong>Cerraduras Ballard <\/strong><\/li>\n<li><strong>Arboreto del parque Washignton <\/strong><\/li>\n<li><a href=\"https:\/\/www.spl.org\/hours-and-locations\/central-library\">Biblioteca Central de Seattle <\/a><\/li>\n<li><strong>Smith Tower\u00a0<\/strong><\/li>\n<li><strong>Columbia Center y Sky View Observatory (esto es opcional) <\/strong><\/li>\n<li><strong>Kerry Park (incre\u00edbles vistas de la ciudad) <\/strong><\/li>\n<li><strong>Plaza de los pioneros <\/strong><\/li>\n<li>Mucho m\u00e1s!<\/li>\n<\/ul>\n<p>Como todos nuestros tours, este tour privado se puede personalizar.<\/p>\n<p><span class=\"JLqJ4b\" data-language-for-alternatives=\"es\" data-language-to-translate-into=\"en\" data-phrase-index=\"1\"><span class=\"JLqJ4b ChMk0b\" data-language-for-alternatives=\"es\" data-language-to-translate-into=\"en\" data-phrase-index=\"2\">E<\/span><\/span><span class=\"JLqJ4b\" data-language-for-alternatives=\"es\" data-language-to-translate-into=\"en\" data-phrase-index=\"1\"><span class=\"JLqJ4b ChMk0b\" data-language-for-alternatives=\"es\" data-language-to-translate-into=\"en\" data-phrase-index=\"2\">che un vistazo a <a href=\"https:\/\/tourtravelandmore.com\/es\/ciudad\/eeuu-es\/seattle-es\/\">todos nuestros tours en Seattle<\/a>. \u00a1Ofrecemos tours privados en todos los Estados Unidos y Europa!. P\u00f3ngase en contacto con nuestro equipo para obtener m\u00e1s informaci\u00f3n.<\/span><\/span><\/p>\n","protected":false},"excerpt":{"rendered":"<p>Descubre la ciudad de <strong>Seattle c\u00f3modamente en tu veh\u00edculo privado junto a tu gu\u00eda oficial y chofer privados<\/strong>. Visite los lugares m\u00e1s bellos y emblem\u00e1ticos de esta incre\u00edble ciudad y dejase admirar por sus hermosos monumentos.<\/p>\n","protected":false},"featured_media":85327,"comment_status":"open","ping_status":"closed","template":"","meta":{"_acf_changed":false},"product_brand":[],"product_cat":[1602,2675,2678,2681],"product_tag":[],"class_list":{"0":"post-85316","1":"product","2":"type-product","3":"status-publish","4":"has-post-thumbnail","6":"product_cat-eeuu-es","7":"product_cat-seattle-es","8":"product_cat-seattle-actividades-es","9":"product_cat-seattle-tours-privados-es","11":"first","12":"instock","13":"shipping-taxable","14":"purchasable","15":"product-type-simple"},"acf":[],"yoast_head":"<!-- This site is optimized with the Yoast SEO Premium plugin v25.3.1 (Yoast SEO v25.3.1) - https:\/\/yoast.com\/wordpress\/plugins\/seo\/ -->\n<title>Tour Privado por Seattle con chofer y gu\u00eda oficial local | Tour Travel &amp; More<\/title>\n<meta name=\"description\" content=\"Explora la magn\u00edfica ciudad de Seattle y sus sitios m\u00e1s emblem\u00e1ticos durante un tour privado con chofer y gu\u00eda con nosotros Reserva YA! \u2705\" \/>\n<meta name=\"robots\" content=\"index, follow, max-snippet:-1, max-image-preview:large, max-video-preview:-1\" \/>\n<link rel=\"canonical\" href=\"https:\/\/tourtravelandmore.com\/es\/tours\/eeuu-es\/seattle-es\/seattle-actividades-es\/tour-privado-por-seattle\/\" \/>\n<meta property=\"og:locale\" content=\"es_ES\" \/>\n<meta property=\"og:type\" content=\"article\" \/>\n<meta property=\"og:title\" content=\"Tour Privado por Seattle\" \/>\n<meta property=\"og:description\" content=\"Explora la magn\u00edfica ciudad de Seattle y sus sitios m\u00e1s emblem\u00e1ticos durante un tour privado con chofer y gu\u00eda con nosotros Reserva YA! \u2705\" \/>\n<meta property=\"og:url\" content=\"https:\/\/tourtravelandmore.com\/es\/tours\/eeuu-es\/seattle-es\/seattle-actividades-es\/tour-privado-por-seattle\/\" \/>\n<meta property=\"og:site_name\" content=\"Tour Travel And More\" \/>\n<meta property=\"article:publisher\" content=\"https:\/\/www.facebook.com\/tourtravelandmore\/\" \/>\n<meta property=\"article:modified_time\" content=\"2021-07-05T12:56:39+00:00\" \/>\n<meta property=\"og:image\" content=\"https:\/\/tourtravelandmore.com\/wp-content\/uploads\/2020\/10\/seattle-5-1024x640.jpg\" \/>\n\t<meta property=\"og:image:width\" content=\"1024\" \/>\n\t<meta property=\"og:image:height\" content=\"640\" \/>\n\t<meta property=\"og:image:type\" content=\"image\/jpeg\" \/>\n<meta name=\"twitter:card\" content=\"summary_large_image\" \/>\n<meta name=\"twitter:site\" content=\"@TourTravel_More\" \/>\n<meta name=\"twitter:label1\" content=\"Tiempo de lectura\" \/>\n\t<meta name=\"twitter:data1\" content=\"2 minutos\" \/>\n<script type=\"application\/ld+json\" class=\"yoast-schema-graph\">{\"@context\":\"https:\/\/schema.org\",\"@graph\":[{\"@type\":\"WebPage\",\"@id\":\"https:\/\/tourtravelandmore.com\/es\/tours\/eeuu-es\/seattle-es\/seattle-actividades-es\/tour-privado-por-seattle\/\",\"url\":\"https:\/\/tourtravelandmore.com\/es\/tours\/eeuu-es\/seattle-es\/seattle-actividades-es\/tour-privado-por-seattle\/\",\"name\":\"Tour Privado por Seattle con chofer y gu\u00eda oficial local | Tour Travel & More\",\"isPartOf\":{\"@id\":\"https:\/\/tourtravelandmore.com\/es\/#website\"},\"primaryImageOfPage\":{\"@id\":\"https:\/\/tourtravelandmore.com\/es\/tours\/eeuu-es\/seattle-es\/seattle-actividades-es\/tour-privado-por-seattle\/#primaryimage\"},\"image\":{\"@id\":\"https:\/\/tourtravelandmore.com\/es\/tours\/eeuu-es\/seattle-es\/seattle-actividades-es\/tour-privado-por-seattle\/#primaryimage\"},\"thumbnailUrl\":\"https:\/\/tourtravelandmore.com\/wp-content\/uploads\/2020\/10\/seattle-5.jpg\",\"datePublished\":\"2020-10-27T11:46:54+00:00\",\"dateModified\":\"2021-07-05T12:56:39+00:00\",\"description\":\"Explora la magn\u00edfica ciudad de Seattle y sus sitios m\u00e1s emblem\u00e1ticos durante un tour privado con chofer y gu\u00eda con nosotros Reserva YA! \u2705\",\"breadcrumb\":{\"@id\":\"https:\/\/tourtravelandmore.com\/es\/tours\/eeuu-es\/seattle-es\/seattle-actividades-es\/tour-privado-por-seattle\/#breadcrumb\"},\"inLanguage\":\"es\",\"potentialAction\":[{\"@type\":\"ReadAction\",\"target\":[\"https:\/\/tourtravelandmore.com\/es\/tours\/eeuu-es\/seattle-es\/seattle-actividades-es\/tour-privado-por-seattle\/\"]}]},{\"@type\":\"ImageObject\",\"inLanguage\":\"es\",\"@id\":\"https:\/\/tourtravelandmore.com\/es\/tours\/eeuu-es\/seattle-es\/seattle-actividades-es\/tour-privado-por-seattle\/#primaryimage\",\"url\":\"https:\/\/tourtravelandmore.com\/wp-content\/uploads\/2020\/10\/seattle-5.jpg\",\"contentUrl\":\"https:\/\/tourtravelandmore.com\/wp-content\/uploads\/2020\/10\/seattle-5.jpg\",\"width\":2560,\"height\":1600},{\"@type\":\"BreadcrumbList\",\"@id\":\"https:\/\/tourtravelandmore.com\/es\/tours\/eeuu-es\/seattle-es\/seattle-actividades-es\/tour-privado-por-seattle\/#breadcrumb\",\"itemListElement\":[{\"@type\":\"ListItem\",\"position\":1,\"name\":\"Home\",\"item\":\"https:\/\/tourtravelandmore.com\/es\/\"},{\"@type\":\"ListItem\",\"position\":2,\"name\":\"Tours\",\"item\":\"https:\/\/tourtravelandmore.com\/es\/tours\/\"},{\"@type\":\"ListItem\",\"position\":3,\"name\":\"Tour Privado por Seattle\"}]},{\"@type\":\"WebSite\",\"@id\":\"https:\/\/tourtravelandmore.com\/es\/#website\",\"url\":\"https:\/\/tourtravelandmore.com\/es\/\",\"name\":\"Tour Travel And More\",\"description\":\"Private sightseeing tours and luxury transfers in Spain\",\"publisher\":{\"@id\":\"https:\/\/tourtravelandmore.com\/es\/#organization\"},\"potentialAction\":[{\"@type\":\"SearchAction\",\"target\":{\"@type\":\"EntryPoint\",\"urlTemplate\":\"https:\/\/tourtravelandmore.com\/es\/?s={search_term_string}\"},\"query-input\":{\"@type\":\"PropertyValueSpecification\",\"valueRequired\":true,\"valueName\":\"search_term_string\"}}],\"inLanguage\":\"es\"},{\"@type\":\"Organization\",\"@id\":\"https:\/\/tourtravelandmore.com\/es\/#organization\",\"name\":\"Tour Travel And More\",\"url\":\"https:\/\/tourtravelandmore.com\/es\/\",\"logo\":{\"@type\":\"ImageObject\",\"inLanguage\":\"es\",\"@id\":\"https:\/\/tourtravelandmore.com\/es\/#\/schema\/logo\/image\/\",\"url\":\"https:\/\/tourtravelandmore.com\/wp-content\/uploads\/2022\/12\/cropped-logo-cabecera-new.png\",\"contentUrl\":\"https:\/\/tourtravelandmore.com\/wp-content\/uploads\/2022\/12\/cropped-logo-cabecera-new.png\",\"width\":430,\"height\":61,\"caption\":\"Tour Travel And More\"},\"image\":{\"@id\":\"https:\/\/tourtravelandmore.com\/es\/#\/schema\/logo\/image\/\"},\"sameAs\":[\"https:\/\/www.facebook.com\/tourtravelandmore\/\",\"https:\/\/x.com\/TourTravel_More\"]}]}<\/script>\n<!-- \/ Yoast SEO Premium plugin. -->","yoast_head_json":{"title":"Tour Privado por Seattle con chofer y gu\u00eda oficial local | Tour Travel & More","description":"Explora la magn\u00edfica ciudad de Seattle y sus sitios m\u00e1s emblem\u00e1ticos durante un tour privado con chofer y gu\u00eda con nosotros Reserva YA! \u2705","robots":{"index":"index","follow":"follow","max-snippet":"max-snippet:-1","max-image-preview":"max-image-preview:large","max-video-preview":"max-video-preview:-1"},"canonical":"https:\/\/tourtravelandmore.com\/es\/tours\/eeuu-es\/seattle-es\/seattle-actividades-es\/tour-privado-por-seattle\/","og_locale":"es_ES","og_type":"article","og_title":"Tour Privado por Seattle","og_description":"Explora la magn\u00edfica ciudad de Seattle y sus sitios m\u00e1s emblem\u00e1ticos durante un tour privado con chofer y gu\u00eda con nosotros Reserva YA! \u2705","og_url":"https:\/\/tourtravelandmore.com\/es\/tours\/eeuu-es\/seattle-es\/seattle-actividades-es\/tour-privado-por-seattle\/","og_site_name":"Tour Travel And More","article_publisher":"https:\/\/www.facebook.com\/tourtravelandmore\/","article_modified_time":"2021-07-05T12:56:39+00:00","og_image":[{"width":1024,"height":640,"url":"https:\/\/tourtravelandmore.com\/wp-content\/uploads\/2020\/10\/seattle-5-1024x640.jpg","type":"image\/jpeg"}],"twitter_card":"summary_large_image","twitter_site":"@TourTravel_More","twitter_misc":{"Tiempo de lectura":"2 minutos"},"schema":{"@context":"https:\/\/schema.org","@graph":[{"@type":"WebPage","@id":"https:\/\/tourtravelandmore.com\/es\/tours\/eeuu-es\/seattle-es\/seattle-actividades-es\/tour-privado-por-seattle\/","url":"https:\/\/tourtravelandmore.com\/es\/tours\/eeuu-es\/seattle-es\/seattle-actividades-es\/tour-privado-por-seattle\/","name":"Tour Privado por Seattle con chofer y gu\u00eda oficial local | Tour Travel & More","isPartOf":{"@id":"https:\/\/tourtravelandmore.com\/es\/#website"},"primaryImageOfPage":{"@id":"https:\/\/tourtravelandmore.com\/es\/tours\/eeuu-es\/seattle-es\/seattle-actividades-es\/tour-privado-por-seattle\/#primaryimage"},"image":{"@id":"https:\/\/tourtravelandmore.com\/es\/tours\/eeuu-es\/seattle-es\/seattle-actividades-es\/tour-privado-por-seattle\/#primaryimage"},"thumbnailUrl":"https:\/\/tourtravelandmore.com\/wp-content\/uploads\/2020\/10\/seattle-5.jpg","datePublished":"2020-10-27T11:46:54+00:00","dateModified":"2021-07-05T12:56:39+00:00","description":"Explora la magn\u00edfica ciudad de Seattle y sus sitios m\u00e1s emblem\u00e1ticos durante un tour privado con chofer y gu\u00eda con nosotros Reserva YA! \u2705","breadcrumb":{"@id":"https:\/\/tourtravelandmore.com\/es\/tours\/eeuu-es\/seattle-es\/seattle-actividades-es\/tour-privado-por-seattle\/#breadcrumb"},"inLanguage":"es","potentialAction":[{"@type":"ReadAction","target":["https:\/\/tourtravelandmore.com\/es\/tours\/eeuu-es\/seattle-es\/seattle-actividades-es\/tour-privado-por-seattle\/"]}]},{"@type":"ImageObject","inLanguage":"es","@id":"https:\/\/tourtravelandmore.com\/es\/tours\/eeuu-es\/seattle-es\/seattle-actividades-es\/tour-privado-por-seattle\/#primaryimage","url":"https:\/\/tourtravelandmore.com\/wp-content\/uploads\/2020\/10\/seattle-5.jpg","contentUrl":"https:\/\/tourtravelandmore.com\/wp-content\/uploads\/2020\/10\/seattle-5.jpg","width":2560,"height":1600},{"@type":"BreadcrumbList","@id":"https:\/\/tourtravelandmore.com\/es\/tours\/eeuu-es\/seattle-es\/seattle-actividades-es\/tour-privado-por-seattle\/#breadcrumb","itemListElement":[{"@type":"ListItem","position":1,"name":"Home","item":"https:\/\/tourtravelandmore.com\/es\/"},{"@type":"ListItem","position":2,"name":"Tours","item":"https:\/\/tourtravelandmore.com\/es\/tours\/"},{"@type":"ListItem","position":3,"name":"Tour Privado por Seattle"}]},{"@type":"WebSite","@id":"https:\/\/tourtravelandmore.com\/es\/#website","url":"https:\/\/tourtravelandmore.com\/es\/","name":"Tour Travel And More","description":"Private sightseeing tours and luxury transfers in Spain","publisher":{"@id":"https:\/\/tourtravelandmore.com\/es\/#organization"},"potentialAction":[{"@type":"SearchAction","target":{"@type":"EntryPoint","urlTemplate":"https:\/\/tourtravelandmore.com\/es\/?s={search_term_string}"},"query-input":{"@type":"PropertyValueSpecification","valueRequired":true,"valueName":"search_term_string"}}],"inLanguage":"es"},{"@type":"Organization","@id":"https:\/\/tourtravelandmore.com\/es\/#organization","name":"Tour Travel And More","url":"https:\/\/tourtravelandmore.com\/es\/","logo":{"@type":"ImageObject","inLanguage":"es","@id":"https:\/\/tourtravelandmore.com\/es\/#\/schema\/logo\/image\/","url":"https:\/\/tourtravelandmore.com\/wp-content\/uploads\/2022\/12\/cropped-logo-cabecera-new.png","contentUrl":"https:\/\/tourtravelandmore.com\/wp-content\/uploads\/2022\/12\/cropped-logo-cabecera-new.png","width":430,"height":61,"caption":"Tour Travel And More"},"image":{"@id":"https:\/\/tourtravelandmore.com\/es\/#\/schema\/logo\/image\/"},"sameAs":["https:\/\/www.facebook.com\/tourtravelandmore\/","https:\/\/x.com\/TourTravel_More"]}]}},"_links":{"self":[{"href":"https:\/\/tourtravelandmore.com\/es\/wp-json\/wp\/v2\/product\/85316","targetHints":{"allow":["GET"]}}],"collection":[{"href":"https:\/\/tourtravelandmore.com\/es\/wp-json\/wp\/v2\/product"}],"about":[{"href":"https:\/\/tourtravelandmore.com\/es\/wp-json\/wp\/v2\/types\/product"}],"replies":[{"embeddable":true,"href":"https:\/\/tourtravelandmore.com\/es\/wp-json\/wp\/v2\/comments?post=85316"}],"wp:featuredmedia":[{"embeddable":true,"href":"https:\/\/tourtravelandmore.com\/es\/wp-json\/wp\/v2\/media\/85327"}],"wp:attachment":[{"href":"https:\/\/tourtravelandmore.com\/es\/wp-json\/wp\/v2\/media?parent=85316"}],"wp:term":[{"taxonomy":"product_brand","embeddable":true,"href":"https:\/\/tourtravelandmore.com\/es\/wp-json\/wp\/v2\/product_brand?post=85316"},{"taxonomy":"product_cat","embeddable":true,"href":"https:\/\/tourtravelandmore.com\/es\/wp-json\/wp\/v2\/product_cat?post=85316"},{"taxonomy":"product_tag","embeddable":true,"href":"https:\/\/tourtravelandmore.com\/es\/wp-json\/wp\/v2\/product_tag?post=85316"}],"curies":[{"name":"wp","href":"https:\/\/api.w.org\/{rel}","templated":true}]}}