{"id":853,"date":"2016-03-13T12:59:15","date_gmt":"2016-04-15T16:42:39","guid":{"rendered":"http:\/\/tourtravelandmore.com\/?post_type=product&#038;p=853&#038;lang=es"},"modified":"2023-03-18T05:24:54","modified_gmt":"2023-03-18T04:24:54","slug":"tour-privado-pie-malaga","status":"publish","type":"product","link":"https:\/\/tourtravelandmore.com\/es\/tours\/espana-es\/malaga-es\/tour-privado-pie-malaga\/","title":{"rendered":"Tour Privado a pie de Malaga"},"content":{"rendered":"<h2><strong>Descripci\u00f3n del Tour Privado a pie de M\u00e1laga<\/strong><\/h2>\n<p>Conoce la ciudad de <strong>M\u00e1laga<\/strong>, gracias a este<strong> Tour privado a pie M\u00e1laga<\/strong>, con gu\u00eda oficial privado.<\/p>\n<p>La Duraci\u00f3n del tour a pie <strong>M\u00e1laga<\/strong> son <strong>4 horas.<\/strong><\/p>\n<p>La recogida, si su Hotel es c\u00e9ntrico nuestro, gu\u00eda oficial privado le recoger\u00e1 desde ah\u00ed, si no os indicamos un punto c\u00e9ntrico de la ciudad, d\u00f3nde nuestro gu\u00eda oficial estar\u00e1 esperando.<\/p>\n<p>El <strong>Tour privado a pie M\u00e1laga<\/strong>, es completamente privado, puedes escoger la hora de comienzo y es flexible, nos podemos adaptar a sus preferencias, solo nos lo tiene que indicar en el formulario de contacto del tour.<\/p>\n<h2><strong>Puntos de Inter\u00e9s en el Tour Privado a pie de M\u00e1laga<\/strong><\/h2>\n<p>Durante los \u00faltimos 20 a\u00f1os M\u00e1laga ha sido una de las ciudades que m\u00e1s ha crecido en Espa\u00f1a. Su oferta cultural y gastron\u00f3mica, en constante crecimiento, han convertido a M\u00e1laga en una de las ciudades m\u00e1s visitadas de Andaluc\u00eda.<\/p>\n<p>Empezaremos desde la <strong>Plaza de la Marina<\/strong> y comenzaremos a recorrer las principales calles del centro de M\u00e1laga. Pasaremos junto a<strong> la estatua del Cenachero, uno de los s\u00edmbolos de la ciudad<\/strong>.<\/p>\n<p>Desde la Plaza de la Marina llegaremos a la principal calle de la ciudad de M\u00e1laga, la <strong>Calle Larios.\u00a0<\/strong>D\u00f3nde se concentra las principales tiendas de moda de la ciudad.<\/p>\n<p>Una vez pasamos la Calle Larios, llegaremos a <strong>la Plaza de la Constituci\u00f3n<\/strong> y conoceremos las callejuelas con m\u00e1s historia, junto a nuestro gu\u00eda.<\/p>\n<p>Llegaremos hasta la <strong>Plaza del Obispo<\/strong>, d\u00f3nde se encuentra la <strong>Catedral de la Encarnaci\u00f3n<\/strong> (Las entradas est\u00e1n incluidas en el tour). <span lang=\"es-VE\">Es uno de los monumentos m\u00e1s importantes de la ciudad, y que fue construido en el siglo XVIII. <\/span><\/p>\n<p>Ah\u00ed mismo se encuentra <strong>Palacio de Villal\u00f3n, <\/strong>donde est\u00e1 situada<strong> Museo Carmen Thyssen M\u00e1laga<\/strong>. Si est\u00e1is interesados en visitar el Museo podemos gestionar la entrada.<\/p>\n<p>Caminaremos hasta la <strong>Plaza de la Merced<\/strong>, d\u00f3nde se encuentra el<strong> Museo Picasso de M\u00e1laga<\/strong>, y hablamos de la Historia de este gran pintor (<a href=\"https:\/\/es.wikipedia.org\/wiki\/Pablo_Picasso\">Picasso<\/a>), ya que naci\u00f3 en M\u00e1laga.<\/p>\n<p>Una vez acabemos el recorrido por el centro de la ciudad, nos dirigiremos hacia el <strong>Alcazabar, ahi se encuentra el Castillo del Gibralfaro y Teatro Romano. <\/strong>Ambos monumentos se pueden incluir las entradas para conocerlo junto a su gu\u00eda.<\/p>\n<p>Las entradas son sin colas, y podemos acceder junto a nuestro gu\u00eda.<\/p>\n<p>Si dispone de m\u00e1s d\u00edas en la ciudad de M\u00e1laga, puede consultar nuestro listado de <a href=\"https:\/\/tourtravelandmore.com\/es\/ciudad\/espana-es\/malaga-es\/\">tours privados de la ciudad de M\u00e1laga.<\/a><\/p>\n","protected":false},"excerpt":{"rendered":"<p>Disfruta de este <strong>tour personalizable de M\u00e1laga<\/strong>. Tome esta oportunidad para conocer y disfrutar de M\u00e1laga durante este tour con vuestro gu\u00eda oficial privado. Disfruta de los monumentos y zonas m\u00e1s emblem\u00e1ticas de M\u00e1laga. Visita la catedral de Malaga, construida en el siglo XVI.<\/p>\n","protected":false},"featured_media":16441,"comment_status":"open","ping_status":"closed","template":"","meta":{"_acf_changed":false},"product_brand":[],"product_cat":[94,95,98],"product_tag":[],"class_list":{"0":"post-853","1":"product","2":"type-product","3":"status-publish","4":"has-post-thumbnail","6":"product_cat-malaga-es","7":"product_cat-malaga-actividades-es","8":"product_cat-malaga-tours-privados-pie-es","10":"first","11":"instock","12":"shipping-taxable","13":"purchasable","14":"product-type-simple"},"acf":[],"yoast_head":"<!-- This site is optimized with the Yoast SEO Premium plugin v25.3.1 (Yoast SEO v25.3.1) - https:\/\/yoast.com\/wordpress\/plugins\/seo\/ -->\n<title>\u27a1\ufe0f Tour privado a pie Malaga | Tour Travel &amp; More<\/title>\n<meta name=\"description\" content=\"Descubre la ciudad de M\u00e1laga junto a su gu\u00eda oficial, gracias a este tour privado a pie Malaga, con guia privado y entradas incluidas \u2705\" \/>\n<meta name=\"robots\" content=\"index, follow, max-snippet:-1, max-image-preview:large, max-video-preview:-1\" \/>\n<link rel=\"canonical\" href=\"https:\/\/tourtravelandmore.com\/es\/tours\/espana-es\/malaga-es\/tour-privado-pie-malaga\/\" \/>\n<meta property=\"og:locale\" content=\"es_ES\" \/>\n<meta property=\"og:type\" content=\"article\" \/>\n<meta property=\"og:title\" content=\"Tour Privado a pie de Malaga\" \/>\n<meta property=\"og:description\" content=\"Descubre la ciudad de M\u00e1laga junto a su gu\u00eda oficial, gracias a este tour privado a pie Malaga, con guia privado y entradas incluidas \u2705\" \/>\n<meta property=\"og:url\" content=\"https:\/\/tourtravelandmore.com\/es\/tours\/espana-es\/malaga-es\/tour-privado-pie-malaga\/\" \/>\n<meta property=\"og:site_name\" content=\"Tour Travel And More\" \/>\n<meta property=\"article:publisher\" content=\"https:\/\/www.facebook.com\/tourtravelandmore\/\" \/>\n<meta property=\"article:modified_time\" content=\"2023-03-18T04:24:54+00:00\" \/>\n<meta property=\"og:image\" content=\"https:\/\/tourtravelandmore.com\/wp-content\/uploads\/2016\/03\/Catedral_de_malaga.jpg\" \/>\n\t<meta property=\"og:image:width\" content=\"1024\" \/>\n\t<meta property=\"og:image:height\" content=\"683\" \/>\n\t<meta property=\"og:image:type\" content=\"image\/jpeg\" \/>\n<meta name=\"twitter:card\" content=\"summary_large_image\" \/>\n<meta name=\"twitter:site\" content=\"@TourTravel_More\" \/>\n<meta name=\"twitter:label1\" content=\"Tiempo de lectura\" \/>\n\t<meta name=\"twitter:data1\" content=\"2 minutos\" \/>\n<script type=\"application\/ld+json\" class=\"yoast-schema-graph\">{\"@context\":\"https:\/\/schema.org\",\"@graph\":[{\"@type\":\"WebPage\",\"@id\":\"https:\/\/tourtravelandmore.com\/es\/tours\/espana-es\/malaga-es\/tour-privado-pie-malaga\/\",\"url\":\"https:\/\/tourtravelandmore.com\/es\/tours\/espana-es\/malaga-es\/tour-privado-pie-malaga\/\",\"name\":\"\u27a1\ufe0f Tour privado a pie Malaga | Tour Travel & More\",\"isPartOf\":{\"@id\":\"https:\/\/tourtravelandmore.com\/es\/#website\"},\"primaryImageOfPage\":{\"@id\":\"https:\/\/tourtravelandmore.com\/es\/tours\/espana-es\/malaga-es\/tour-privado-pie-malaga\/#primaryimage\"},\"image\":{\"@id\":\"https:\/\/tourtravelandmore.com\/es\/tours\/espana-es\/malaga-es\/tour-privado-pie-malaga\/#primaryimage\"},\"thumbnailUrl\":\"https:\/\/tourtravelandmore.com\/wp-content\/uploads\/2016\/03\/Catedral_de_malaga.jpg\",\"datePublished\":\"2016-04-15T16:42:39+00:00\",\"dateModified\":\"2023-03-18T04:24:54+00:00\",\"description\":\"Descubre la ciudad de M\u00e1laga junto a su gu\u00eda oficial, gracias a este tour privado a pie Malaga, con guia privado y entradas incluidas \u2705\",\"breadcrumb\":{\"@id\":\"https:\/\/tourtravelandmore.com\/es\/tours\/espana-es\/malaga-es\/tour-privado-pie-malaga\/#breadcrumb\"},\"inLanguage\":\"es\",\"potentialAction\":[{\"@type\":\"ReadAction\",\"target\":[\"https:\/\/tourtravelandmore.com\/es\/tours\/espana-es\/malaga-es\/tour-privado-pie-malaga\/\"]}]},{\"@type\":\"ImageObject\",\"inLanguage\":\"es\",\"@id\":\"https:\/\/tourtravelandmore.com\/es\/tours\/espana-es\/malaga-es\/tour-privado-pie-malaga\/#primaryimage\",\"url\":\"https:\/\/tourtravelandmore.com\/wp-content\/uploads\/2016\/03\/Catedral_de_malaga.jpg\",\"contentUrl\":\"https:\/\/tourtravelandmore.com\/wp-content\/uploads\/2016\/03\/Catedral_de_malaga.jpg\",\"width\":4608,\"height\":3072},{\"@type\":\"BreadcrumbList\",\"@id\":\"https:\/\/tourtravelandmore.com\/es\/tours\/espana-es\/malaga-es\/tour-privado-pie-malaga\/#breadcrumb\",\"itemListElement\":[{\"@type\":\"ListItem\",\"position\":1,\"name\":\"Home\",\"item\":\"https:\/\/tourtravelandmore.com\/es\/\"},{\"@type\":\"ListItem\",\"position\":2,\"name\":\"Tours\",\"item\":\"https:\/\/tourtravelandmore.com\/es\/tours\/\"},{\"@type\":\"ListItem\",\"position\":3,\"name\":\"Tour Privado a pie de Malaga\"}]},{\"@type\":\"WebSite\",\"@id\":\"https:\/\/tourtravelandmore.com\/es\/#website\",\"url\":\"https:\/\/tourtravelandmore.com\/es\/\",\"name\":\"Tour Travel And More\",\"description\":\"Private sightseeing tours and luxury transfers in Spain\",\"publisher\":{\"@id\":\"https:\/\/tourtravelandmore.com\/es\/#organization\"},\"potentialAction\":[{\"@type\":\"SearchAction\",\"target\":{\"@type\":\"EntryPoint\",\"urlTemplate\":\"https:\/\/tourtravelandmore.com\/es\/?s={search_term_string}\"},\"query-input\":{\"@type\":\"PropertyValueSpecification\",\"valueRequired\":true,\"valueName\":\"search_term_string\"}}],\"inLanguage\":\"es\"},{\"@type\":\"Organization\",\"@id\":\"https:\/\/tourtravelandmore.com\/es\/#organization\",\"name\":\"Tour Travel And More\",\"url\":\"https:\/\/tourtravelandmore.com\/es\/\",\"logo\":{\"@type\":\"ImageObject\",\"inLanguage\":\"es\",\"@id\":\"https:\/\/tourtravelandmore.com\/es\/#\/schema\/logo\/image\/\",\"url\":\"https:\/\/tourtravelandmore.com\/wp-content\/uploads\/2022\/12\/cropped-logo-cabecera-new.png\",\"contentUrl\":\"https:\/\/tourtravelandmore.com\/wp-content\/uploads\/2022\/12\/cropped-logo-cabecera-new.png\",\"width\":430,\"height\":61,\"caption\":\"Tour Travel And More\"},\"image\":{\"@id\":\"https:\/\/tourtravelandmore.com\/es\/#\/schema\/logo\/image\/\"},\"sameAs\":[\"https:\/\/www.facebook.com\/tourtravelandmore\/\",\"https:\/\/x.com\/TourTravel_More\"]}]}<\/script>\n<!-- \/ Yoast SEO Premium plugin. -->","yoast_head_json":{"title":"\u27a1\ufe0f Tour privado a pie Malaga | Tour Travel & More","description":"Descubre la ciudad de M\u00e1laga junto a su gu\u00eda oficial, gracias a este tour privado a pie Malaga, con guia privado y entradas incluidas \u2705","robots":{"index":"index","follow":"follow","max-snippet":"max-snippet:-1","max-image-preview":"max-image-preview:large","max-video-preview":"max-video-preview:-1"},"canonical":"https:\/\/tourtravelandmore.com\/es\/tours\/espana-es\/malaga-es\/tour-privado-pie-malaga\/","og_locale":"es_ES","og_type":"article","og_title":"Tour Privado a pie de Malaga","og_description":"Descubre la ciudad de M\u00e1laga junto a su gu\u00eda oficial, gracias a este tour privado a pie Malaga, con guia privado y entradas incluidas \u2705","og_url":"https:\/\/tourtravelandmore.com\/es\/tours\/espana-es\/malaga-es\/tour-privado-pie-malaga\/","og_site_name":"Tour Travel And More","article_publisher":"https:\/\/www.facebook.com\/tourtravelandmore\/","article_modified_time":"2023-03-18T04:24:54+00:00","og_image":[{"url":"https:\/\/tourtravelandmore.com\/wp-content\/uploads\/2016\/03\/Catedral_de_malaga.jpg","width":1024,"height":683,"type":"image\/jpeg"}],"twitter_card":"summary_large_image","twitter_site":"@TourTravel_More","twitter_misc":{"Tiempo de lectura":"2 minutos"},"schema":{"@context":"https:\/\/schema.org","@graph":[{"@type":"WebPage","@id":"https:\/\/tourtravelandmore.com\/es\/tours\/espana-es\/malaga-es\/tour-privado-pie-malaga\/","url":"https:\/\/tourtravelandmore.com\/es\/tours\/espana-es\/malaga-es\/tour-privado-pie-malaga\/","name":"\u27a1\ufe0f Tour privado a pie Malaga | Tour Travel & More","isPartOf":{"@id":"https:\/\/tourtravelandmore.com\/es\/#website"},"primaryImageOfPage":{"@id":"https:\/\/tourtravelandmore.com\/es\/tours\/espana-es\/malaga-es\/tour-privado-pie-malaga\/#primaryimage"},"image":{"@id":"https:\/\/tourtravelandmore.com\/es\/tours\/espana-es\/malaga-es\/tour-privado-pie-malaga\/#primaryimage"},"thumbnailUrl":"https:\/\/tourtravelandmore.com\/wp-content\/uploads\/2016\/03\/Catedral_de_malaga.jpg","datePublished":"2016-04-15T16:42:39+00:00","dateModified":"2023-03-18T04:24:54+00:00","description":"Descubre la ciudad de M\u00e1laga junto a su gu\u00eda oficial, gracias a este tour privado a pie Malaga, con guia privado y entradas incluidas \u2705","breadcrumb":{"@id":"https:\/\/tourtravelandmore.com\/es\/tours\/espana-es\/malaga-es\/tour-privado-pie-malaga\/#breadcrumb"},"inLanguage":"es","potentialAction":[{"@type":"ReadAction","target":["https:\/\/tourtravelandmore.com\/es\/tours\/espana-es\/malaga-es\/tour-privado-pie-malaga\/"]}]},{"@type":"ImageObject","inLanguage":"es","@id":"https:\/\/tourtravelandmore.com\/es\/tours\/espana-es\/malaga-es\/tour-privado-pie-malaga\/#primaryimage","url":"https:\/\/tourtravelandmore.com\/wp-content\/uploads\/2016\/03\/Catedral_de_malaga.jpg","contentUrl":"https:\/\/tourtravelandmore.com\/wp-content\/uploads\/2016\/03\/Catedral_de_malaga.jpg","width":4608,"height":3072},{"@type":"BreadcrumbList","@id":"https:\/\/tourtravelandmore.com\/es\/tours\/espana-es\/malaga-es\/tour-privado-pie-malaga\/#breadcrumb","itemListElement":[{"@type":"ListItem","position":1,"name":"Home","item":"https:\/\/tourtravelandmore.com\/es\/"},{"@type":"ListItem","position":2,"name":"Tours","item":"https:\/\/tourtravelandmore.com\/es\/tours\/"},{"@type":"ListItem","position":3,"name":"Tour Privado a pie de Malaga"}]},{"@type":"WebSite","@id":"https:\/\/tourtravelandmore.com\/es\/#website","url":"https:\/\/tourtravelandmore.com\/es\/","name":"Tour Travel And More","description":"Private sightseeing tours and luxury transfers in Spain","publisher":{"@id":"https:\/\/tourtravelandmore.com\/es\/#organization"},"potentialAction":[{"@type":"SearchAction","target":{"@type":"EntryPoint","urlTemplate":"https:\/\/tourtravelandmore.com\/es\/?s={search_term_string}"},"query-input":{"@type":"PropertyValueSpecification","valueRequired":true,"valueName":"search_term_string"}}],"inLanguage":"es"},{"@type":"Organization","@id":"https:\/\/tourtravelandmore.com\/es\/#organization","name":"Tour Travel And More","url":"https:\/\/tourtravelandmore.com\/es\/","logo":{"@type":"ImageObject","inLanguage":"es","@id":"https:\/\/tourtravelandmore.com\/es\/#\/schema\/logo\/image\/","url":"https:\/\/tourtravelandmore.com\/wp-content\/uploads\/2022\/12\/cropped-logo-cabecera-new.png","contentUrl":"https:\/\/tourtravelandmore.com\/wp-content\/uploads\/2022\/12\/cropped-logo-cabecera-new.png","width":430,"height":61,"caption":"Tour Travel And More"},"image":{"@id":"https:\/\/tourtravelandmore.com\/es\/#\/schema\/logo\/image\/"},"sameAs":["https:\/\/www.facebook.com\/tourtravelandmore\/","https:\/\/x.com\/TourTravel_More"]}]}},"_links":{"self":[{"href":"https:\/\/tourtravelandmore.com\/es\/wp-json\/wp\/v2\/product\/853","targetHints":{"allow":["GET"]}}],"collection":[{"href":"https:\/\/tourtravelandmore.com\/es\/wp-json\/wp\/v2\/product"}],"about":[{"href":"https:\/\/tourtravelandmore.com\/es\/wp-json\/wp\/v2\/types\/product"}],"replies":[{"embeddable":true,"href":"https:\/\/tourtravelandmore.com\/es\/wp-json\/wp\/v2\/comments?post=853"}],"wp:featuredmedia":[{"embeddable":true,"href":"https:\/\/tourtravelandmore.com\/es\/wp-json\/wp\/v2\/media\/16441"}],"wp:attachment":[{"href":"https:\/\/tourtravelandmore.com\/es\/wp-json\/wp\/v2\/media?parent=853"}],"wp:term":[{"taxonomy":"product_brand","embeddable":true,"href":"https:\/\/tourtravelandmore.com\/es\/wp-json\/wp\/v2\/product_brand?post=853"},{"taxonomy":"product_cat","embeddable":true,"href":"https:\/\/tourtravelandmore.com\/es\/wp-json\/wp\/v2\/product_cat?post=853"},{"taxonomy":"product_tag","embeddable":true,"href":"https:\/\/tourtravelandmore.com\/es\/wp-json\/wp\/v2\/product_tag?post=853"}],"curies":[{"name":"wp","href":"https:\/\/api.w.org\/{rel}","templated":true}]}}