{"id":84813,"date":"2020-10-16T11:21:00","date_gmt":"2020-10-16T09:21:01","guid":{"rendered":"https:\/\/tourtravelandmore.com\/?post_type=product&#038;p=84813"},"modified":"2021-06-25T18:59:37","modified_gmt":"2021-06-25T16:59:37","slug":"traslados-privados-en-los-angeles","status":"publish","type":"product","link":"https:\/\/tourtravelandmore.com\/es\/tours\/eeuu-es\/los-angeles-es\/los-angeles-actividades-es\/traslados-privados-en-los-angeles\/","title":{"rendered":"Traslados Privados en Los Angeles"},"content":{"rendered":"<h2>Descripci\u00f3n del Traslado privado<\/h2>\n<p><span lang=\"es\">Disfrute una experiencia sin preocupaciones con nuestros traslados privados en Los Angeles.<\/span><\/p>\n<p><span lang=\"es\">No s\u00f3lo realizamos traslados desde el <a href=\"https:\/\/www.flylax.com\/\"><strong>Aeropuerto de Los Angeles<\/strong><\/a>, sino tambi\u00e9n traslados desde el puerto de cruceros u otras localidades de California.<\/span><\/p>\n<p>Todos nuestros Traslados y servicios son privados, pueden escoger la hora y lugar de comienzo.<\/p>\n<p>Nuestro conductores siempre estar\u00e1n esperando con un cartel con su nombre en la Terminal de llegadas o en el aparcamiento autorizado de esperas. Hacemos a su vez seguimiento de su vuelo, por lo que no tendr\u00e1 que preocupar en caso de demoras.<\/p>\n<p>Si desea realizar un tour en la ciudad de Los Angeles, puede consultar <strong><a href=\"https:\/\/tourtravelandmore.com\/es\/ciudad\/eeuu-es\/los-angeles-es\/\">aqui<\/a> <\/strong>nuestros tours privados.<\/p>\n<p>A trav\u00e9s del formulario de contacto puedes contactar con nosotros y nuestro equipo le enviar\u00e1 una propuesta personalizada.<\/p>\n<h2>Puntos de inter\u00e9s en los Traslados privados en L.A.<\/h2>\n<p>Ofrecemos servicio de <span lang=\"es\">traslados privados en Los Angeles. Nuestro<\/span>\u00a0<strong>servicio es personalizado y privado<\/strong> para todos los grupos. Todos nuestros veh\u00edculos son de alta gama.<\/p>\n<p>Todo lo que necesita hacer es contactarnos y organizaremos su traslado privado de acuerdo a sus necesidades personales.<\/p>\n<p>No limitamos la cantidad de equipaje. Pero le rogamos que informe con cu\u00e1ntos equipajes viajar\u00e1 solo por cuestiones de log\u00edstica. A veces puede ser necesario un veh\u00edculo m\u00e1s grande y se pueden aplicar tarifas adicionales.<\/p>\n<p>En caso de necesitar un asiento para beb\u00e9 o un asiento para ni\u00f1os, p\u00f3ngase en contacto con nosotros antes de su vuelo o traslado privado para organizarlo correctamente.<\/p>\n","protected":false},"excerpt":{"rendered":"<p>No espere las colas largas de los taxis en el aeropuerto o en la terminal de cruceros. Disfrute de nuestros <strong>traslados privados en Los Angeles<\/strong> en un veh\u00edculo de lujo con un chofer simp\u00e1tico y amable.<\/p>\n","protected":false},"featured_media":83530,"comment_status":"open","ping_status":"closed","template":"","meta":{"_acf_changed":false},"product_brand":[],"product_cat":[1602,2576,2568,2574],"product_tag":[],"class_list":{"0":"post-84813","1":"product","2":"type-product","3":"status-publish","4":"has-post-thumbnail","6":"product_cat-eeuu-es","7":"product_cat-los-angeles-es","8":"product_cat-los-angeles-actividades-es","9":"product_cat-los-angeles-traslados-es","11":"first","12":"instock","13":"shipping-taxable","14":"purchasable","15":"product-type-simple"},"acf":[],"yoast_head":"<!-- This site is optimized with the Yoast SEO Premium plugin v25.3.1 (Yoast SEO v25.3.1) - https:\/\/yoast.com\/wordpress\/plugins\/seo\/ -->\n<title>Traslados privados en Los Angeles - Veh\u00edculo de lujo y chofer profesional<\/title>\n<meta name=\"description\" content=\"Reserve uno de nuestros traslados privados en Los Angeles y llegue a su destino final en la ciudad c\u00f3mo en nuestros veh\u00edculos privados de lujo\" \/>\n<meta name=\"robots\" content=\"index, follow, max-snippet:-1, max-image-preview:large, max-video-preview:-1\" \/>\n<link rel=\"canonical\" href=\"https:\/\/tourtravelandmore.com\/es\/tours\/eeuu-es\/los-angeles-es\/los-angeles-actividades-es\/traslados-privados-en-los-angeles\/\" \/>\n<meta property=\"og:locale\" content=\"es_ES\" \/>\n<meta property=\"og:type\" content=\"article\" \/>\n<meta property=\"og:title\" content=\"Traslados Privados en Los Angeles\" \/>\n<meta property=\"og:description\" content=\"Reserve uno de nuestros traslados privados en Los Angeles y llegue a su destino final en la ciudad c\u00f3mo en nuestros veh\u00edculos privados de lujo\" \/>\n<meta property=\"og:url\" content=\"https:\/\/tourtravelandmore.com\/es\/tours\/eeuu-es\/los-angeles-es\/los-angeles-actividades-es\/traslados-privados-en-los-angeles\/\" \/>\n<meta property=\"og:site_name\" content=\"Tour Travel And More\" \/>\n<meta property=\"article:publisher\" content=\"https:\/\/www.facebook.com\/tourtravelandmore\/\" \/>\n<meta property=\"article:modified_time\" content=\"2021-06-25T16:59:37+00:00\" \/>\n<meta property=\"og:image\" content=\"https:\/\/tourtravelandmore.com\/wp-content\/uploads\/2018\/03\/auto-1.png\" \/>\n\t<meta property=\"og:image:width\" content=\"640\" \/>\n\t<meta property=\"og:image:height\" content=\"425\" \/>\n\t<meta property=\"og:image:type\" content=\"image\/png\" \/>\n<meta name=\"twitter:card\" content=\"summary_large_image\" \/>\n<meta name=\"twitter:site\" content=\"@TourTravel_More\" \/>\n<meta name=\"twitter:label1\" content=\"Tiempo de lectura\" \/>\n\t<meta name=\"twitter:data1\" content=\"1 minuto\" \/>\n<script type=\"application\/ld+json\" class=\"yoast-schema-graph\">{\"@context\":\"https:\/\/schema.org\",\"@graph\":[{\"@type\":\"WebPage\",\"@id\":\"https:\/\/tourtravelandmore.com\/es\/tours\/eeuu-es\/los-angeles-es\/los-angeles-actividades-es\/traslados-privados-en-los-angeles\/\",\"url\":\"https:\/\/tourtravelandmore.com\/es\/tours\/eeuu-es\/los-angeles-es\/los-angeles-actividades-es\/traslados-privados-en-los-angeles\/\",\"name\":\"Traslados privados en Los Angeles - Veh\u00edculo de lujo y chofer profesional\",\"isPartOf\":{\"@id\":\"https:\/\/tourtravelandmore.com\/es\/#website\"},\"primaryImageOfPage\":{\"@id\":\"https:\/\/tourtravelandmore.com\/es\/tours\/eeuu-es\/los-angeles-es\/los-angeles-actividades-es\/traslados-privados-en-los-angeles\/#primaryimage\"},\"image\":{\"@id\":\"https:\/\/tourtravelandmore.com\/es\/tours\/eeuu-es\/los-angeles-es\/los-angeles-actividades-es\/traslados-privados-en-los-angeles\/#primaryimage\"},\"thumbnailUrl\":\"https:\/\/tourtravelandmore.com\/wp-content\/uploads\/2018\/03\/auto-1.png\",\"datePublished\":\"2020-10-16T09:21:01+00:00\",\"dateModified\":\"2021-06-25T16:59:37+00:00\",\"description\":\"Reserve uno de nuestros traslados privados en Los Angeles y llegue a su destino final en la ciudad c\u00f3mo en nuestros veh\u00edculos privados de lujo\",\"breadcrumb\":{\"@id\":\"https:\/\/tourtravelandmore.com\/es\/tours\/eeuu-es\/los-angeles-es\/los-angeles-actividades-es\/traslados-privados-en-los-angeles\/#breadcrumb\"},\"inLanguage\":\"es\",\"potentialAction\":[{\"@type\":\"ReadAction\",\"target\":[\"https:\/\/tourtravelandmore.com\/es\/tours\/eeuu-es\/los-angeles-es\/los-angeles-actividades-es\/traslados-privados-en-los-angeles\/\"]}]},{\"@type\":\"ImageObject\",\"inLanguage\":\"es\",\"@id\":\"https:\/\/tourtravelandmore.com\/es\/tours\/eeuu-es\/los-angeles-es\/los-angeles-actividades-es\/traslados-privados-en-los-angeles\/#primaryimage\",\"url\":\"https:\/\/tourtravelandmore.com\/wp-content\/uploads\/2018\/03\/auto-1.png\",\"contentUrl\":\"https:\/\/tourtravelandmore.com\/wp-content\/uploads\/2018\/03\/auto-1.png\",\"width\":640,\"height\":425},{\"@type\":\"BreadcrumbList\",\"@id\":\"https:\/\/tourtravelandmore.com\/es\/tours\/eeuu-es\/los-angeles-es\/los-angeles-actividades-es\/traslados-privados-en-los-angeles\/#breadcrumb\",\"itemListElement\":[{\"@type\":\"ListItem\",\"position\":1,\"name\":\"Home\",\"item\":\"https:\/\/tourtravelandmore.com\/es\/\"},{\"@type\":\"ListItem\",\"position\":2,\"name\":\"Tours\",\"item\":\"https:\/\/tourtravelandmore.com\/es\/tours\/\"},{\"@type\":\"ListItem\",\"position\":3,\"name\":\"Traslados Privados en Los Angeles\"}]},{\"@type\":\"WebSite\",\"@id\":\"https:\/\/tourtravelandmore.com\/es\/#website\",\"url\":\"https:\/\/tourtravelandmore.com\/es\/\",\"name\":\"Tour Travel And More\",\"description\":\"Private sightseeing tours and luxury transfers in Spain\",\"publisher\":{\"@id\":\"https:\/\/tourtravelandmore.com\/es\/#organization\"},\"potentialAction\":[{\"@type\":\"SearchAction\",\"target\":{\"@type\":\"EntryPoint\",\"urlTemplate\":\"https:\/\/tourtravelandmore.com\/es\/?s={search_term_string}\"},\"query-input\":{\"@type\":\"PropertyValueSpecification\",\"valueRequired\":true,\"valueName\":\"search_term_string\"}}],\"inLanguage\":\"es\"},{\"@type\":\"Organization\",\"@id\":\"https:\/\/tourtravelandmore.com\/es\/#organization\",\"name\":\"Tour Travel And More\",\"url\":\"https:\/\/tourtravelandmore.com\/es\/\",\"logo\":{\"@type\":\"ImageObject\",\"inLanguage\":\"es\",\"@id\":\"https:\/\/tourtravelandmore.com\/es\/#\/schema\/logo\/image\/\",\"url\":\"https:\/\/tourtravelandmore.com\/wp-content\/uploads\/2022\/12\/cropped-logo-cabecera-new.png\",\"contentUrl\":\"https:\/\/tourtravelandmore.com\/wp-content\/uploads\/2022\/12\/cropped-logo-cabecera-new.png\",\"width\":430,\"height\":61,\"caption\":\"Tour Travel And More\"},\"image\":{\"@id\":\"https:\/\/tourtravelandmore.com\/es\/#\/schema\/logo\/image\/\"},\"sameAs\":[\"https:\/\/www.facebook.com\/tourtravelandmore\/\",\"https:\/\/x.com\/TourTravel_More\"]}]}<\/script>\n<!-- \/ Yoast SEO Premium plugin. -->","yoast_head_json":{"title":"Traslados privados en Los Angeles - Veh\u00edculo de lujo y chofer profesional","description":"Reserve uno de nuestros traslados privados en Los Angeles y llegue a su destino final en la ciudad c\u00f3mo en nuestros veh\u00edculos privados de lujo","robots":{"index":"index","follow":"follow","max-snippet":"max-snippet:-1","max-image-preview":"max-image-preview:large","max-video-preview":"max-video-preview:-1"},"canonical":"https:\/\/tourtravelandmore.com\/es\/tours\/eeuu-es\/los-angeles-es\/los-angeles-actividades-es\/traslados-privados-en-los-angeles\/","og_locale":"es_ES","og_type":"article","og_title":"Traslados Privados en Los Angeles","og_description":"Reserve uno de nuestros traslados privados en Los Angeles y llegue a su destino final en la ciudad c\u00f3mo en nuestros veh\u00edculos privados de lujo","og_url":"https:\/\/tourtravelandmore.com\/es\/tours\/eeuu-es\/los-angeles-es\/los-angeles-actividades-es\/traslados-privados-en-los-angeles\/","og_site_name":"Tour Travel And More","article_publisher":"https:\/\/www.facebook.com\/tourtravelandmore\/","article_modified_time":"2021-06-25T16:59:37+00:00","og_image":[{"width":640,"height":425,"url":"https:\/\/tourtravelandmore.com\/wp-content\/uploads\/2018\/03\/auto-1.png","type":"image\/png"}],"twitter_card":"summary_large_image","twitter_site":"@TourTravel_More","twitter_misc":{"Tiempo de lectura":"1 minuto"},"schema":{"@context":"https:\/\/schema.org","@graph":[{"@type":"WebPage","@id":"https:\/\/tourtravelandmore.com\/es\/tours\/eeuu-es\/los-angeles-es\/los-angeles-actividades-es\/traslados-privados-en-los-angeles\/","url":"https:\/\/tourtravelandmore.com\/es\/tours\/eeuu-es\/los-angeles-es\/los-angeles-actividades-es\/traslados-privados-en-los-angeles\/","name":"Traslados privados en Los Angeles - Veh\u00edculo de lujo y chofer profesional","isPartOf":{"@id":"https:\/\/tourtravelandmore.com\/es\/#website"},"primaryImageOfPage":{"@id":"https:\/\/tourtravelandmore.com\/es\/tours\/eeuu-es\/los-angeles-es\/los-angeles-actividades-es\/traslados-privados-en-los-angeles\/#primaryimage"},"image":{"@id":"https:\/\/tourtravelandmore.com\/es\/tours\/eeuu-es\/los-angeles-es\/los-angeles-actividades-es\/traslados-privados-en-los-angeles\/#primaryimage"},"thumbnailUrl":"https:\/\/tourtravelandmore.com\/wp-content\/uploads\/2018\/03\/auto-1.png","datePublished":"2020-10-16T09:21:01+00:00","dateModified":"2021-06-25T16:59:37+00:00","description":"Reserve uno de nuestros traslados privados en Los Angeles y llegue a su destino final en la ciudad c\u00f3mo en nuestros veh\u00edculos privados de lujo","breadcrumb":{"@id":"https:\/\/tourtravelandmore.com\/es\/tours\/eeuu-es\/los-angeles-es\/los-angeles-actividades-es\/traslados-privados-en-los-angeles\/#breadcrumb"},"inLanguage":"es","potentialAction":[{"@type":"ReadAction","target":["https:\/\/tourtravelandmore.com\/es\/tours\/eeuu-es\/los-angeles-es\/los-angeles-actividades-es\/traslados-privados-en-los-angeles\/"]}]},{"@type":"ImageObject","inLanguage":"es","@id":"https:\/\/tourtravelandmore.com\/es\/tours\/eeuu-es\/los-angeles-es\/los-angeles-actividades-es\/traslados-privados-en-los-angeles\/#primaryimage","url":"https:\/\/tourtravelandmore.com\/wp-content\/uploads\/2018\/03\/auto-1.png","contentUrl":"https:\/\/tourtravelandmore.com\/wp-content\/uploads\/2018\/03\/auto-1.png","width":640,"height":425},{"@type":"BreadcrumbList","@id":"https:\/\/tourtravelandmore.com\/es\/tours\/eeuu-es\/los-angeles-es\/los-angeles-actividades-es\/traslados-privados-en-los-angeles\/#breadcrumb","itemListElement":[{"@type":"ListItem","position":1,"name":"Home","item":"https:\/\/tourtravelandmore.com\/es\/"},{"@type":"ListItem","position":2,"name":"Tours","item":"https:\/\/tourtravelandmore.com\/es\/tours\/"},{"@type":"ListItem","position":3,"name":"Traslados Privados en Los Angeles"}]},{"@type":"WebSite","@id":"https:\/\/tourtravelandmore.com\/es\/#website","url":"https:\/\/tourtravelandmore.com\/es\/","name":"Tour Travel And More","description":"Private sightseeing tours and luxury transfers in Spain","publisher":{"@id":"https:\/\/tourtravelandmore.com\/es\/#organization"},"potentialAction":[{"@type":"SearchAction","target":{"@type":"EntryPoint","urlTemplate":"https:\/\/tourtravelandmore.com\/es\/?s={search_term_string}"},"query-input":{"@type":"PropertyValueSpecification","valueRequired":true,"valueName":"search_term_string"}}],"inLanguage":"es"},{"@type":"Organization","@id":"https:\/\/tourtravelandmore.com\/es\/#organization","name":"Tour Travel And More","url":"https:\/\/tourtravelandmore.com\/es\/","logo":{"@type":"ImageObject","inLanguage":"es","@id":"https:\/\/tourtravelandmore.com\/es\/#\/schema\/logo\/image\/","url":"https:\/\/tourtravelandmore.com\/wp-content\/uploads\/2022\/12\/cropped-logo-cabecera-new.png","contentUrl":"https:\/\/tourtravelandmore.com\/wp-content\/uploads\/2022\/12\/cropped-logo-cabecera-new.png","width":430,"height":61,"caption":"Tour Travel And More"},"image":{"@id":"https:\/\/tourtravelandmore.com\/es\/#\/schema\/logo\/image\/"},"sameAs":["https:\/\/www.facebook.com\/tourtravelandmore\/","https:\/\/x.com\/TourTravel_More"]}]}},"_links":{"self":[{"href":"https:\/\/tourtravelandmore.com\/es\/wp-json\/wp\/v2\/product\/84813","targetHints":{"allow":["GET"]}}],"collection":[{"href":"https:\/\/tourtravelandmore.com\/es\/wp-json\/wp\/v2\/product"}],"about":[{"href":"https:\/\/tourtravelandmore.com\/es\/wp-json\/wp\/v2\/types\/product"}],"replies":[{"embeddable":true,"href":"https:\/\/tourtravelandmore.com\/es\/wp-json\/wp\/v2\/comments?post=84813"}],"wp:featuredmedia":[{"embeddable":true,"href":"https:\/\/tourtravelandmore.com\/es\/wp-json\/wp\/v2\/media\/83530"}],"wp:attachment":[{"href":"https:\/\/tourtravelandmore.com\/es\/wp-json\/wp\/v2\/media?parent=84813"}],"wp:term":[{"taxonomy":"product_brand","embeddable":true,"href":"https:\/\/tourtravelandmore.com\/es\/wp-json\/wp\/v2\/product_brand?post=84813"},{"taxonomy":"product_cat","embeddable":true,"href":"https:\/\/tourtravelandmore.com\/es\/wp-json\/wp\/v2\/product_cat?post=84813"},{"taxonomy":"product_tag","embeddable":true,"href":"https:\/\/tourtravelandmore.com\/es\/wp-json\/wp\/v2\/product_tag?post=84813"}],"curies":[{"name":"wp","href":"https:\/\/api.w.org\/{rel}","templated":true}]}}