{"id":847,"date":"2016-03-13T13:02:32","date_gmt":"2016-04-15T16:40:06","guid":{"rendered":"http:\/\/tourtravelandmore.com\/?post_type=product&#038;p=847&#038;lang=es"},"modified":"2023-03-07T03:29:11","modified_gmt":"2023-03-07T02:29:11","slug":"tour-privado-de-marbella-puerto-banus","status":"publish","type":"product","link":"https:\/\/tourtravelandmore.com\/es\/tours\/espana-es\/marbella-puerto-banus-es\/tour-privado-de-marbella-puerto-banus\/","title":{"rendered":"Tour Privado de Marbella y Puerto Banus"},"content":{"rendered":"<h2><strong>Descripci\u00f3n del Tour Privado de Marbella y Puerto Banus<\/strong><\/h2>\n<p>Disfrute de este <strong>tour privado<\/strong> <strong>de Marbella desde M\u00e1laga, <\/strong>con vuestro gu\u00eda oficial privado y veh\u00edculo oficial privado.<\/p>\n<p>Conoce los lugares m\u00e1s emblem\u00e1ticos de <strong>Marbella y Puerto Ban\u00fas<\/strong>.<\/p>\n<p>La duraci\u00f3n del tour privado de <strong>Marbella<\/strong> desde <strong>Malaga<\/strong> es de <strong>5 horas.<\/strong><\/p>\n<p>El tour es completamente privado, pueden escoger la hora de comienzo y lugar de recogida en <strong>M\u00e1laga.<\/strong> A la hora escogido nuestro conductor y gu\u00eda estar\u00e1n esperando para empezar el tour privado de Marbella desde M\u00e1laga.<\/p>\n<h2>Puntos de inter\u00e9s en el Tour Privado de Marbella y Puerto Banus<\/h2>\n<p>Empezaremos el Tour por <strong>Marbella,\u00a0<\/strong>en muchos sitios el veh\u00edculo no puede acceder, y el recorrido ser\u00e1 a pie, junto a nuestro gu\u00eda privado oficial.<\/p>\n<h3>En Marbella conoceremos:<\/h3>\n<p><strong><span id=\"Casco_Antiguo_de_Marbella\">Casco Antiguo de Marbella: <\/span><\/strong><span id=\"Casco_Antiguo_de_Marbella\">Formado por muchas calles estrechas, que si te pierdes, forman un laberinto, envuelto de casa blanca, t\u00edpicas de Andaluc\u00eda. Donde encontrar\u00e1s tiendas, arte, arquitectura, plazas (La m\u00e1s famosa la Plaza de los Naranjos, ah\u00ed est\u00e1 el Ayuntamiento), adem\u00e1s de terrazas de bares y restaurantes.<br \/>\n<\/span><\/p>\n<p><strong><span id=\"Alcazaba_y_las_murallas\">Alcazaba y las murallas: <\/span><\/strong><span id=\"Alcazaba_y_las_murallas\">Situado junto al casco antiguo de la ciudad. Su origen se remonta al siglo XI durante el reinado de los Califas en la \u00e9poca \u00e1rabe, est\u00e1 perfectamente conservado.<\/span><strong><span id=\"Alcazaba_y_las_murallas\"><br \/>\n<\/span><\/strong><\/p>\n<p><span id=\"La_Avenida_del_Mar\"><strong>La Avenida del Mar:<\/strong> Se caracteriza ya que a lo largo del recorrido nos encontraremos con diez esculturas de Salvador Dali.<br \/>\n<\/span><\/p>\n<p>Despu\u00e9s de conocer Marbella nos dirigiremos a <strong>Puerto Ban\u00fas.\u00a0<\/strong>Es uno de los puertos recreativos m\u00e1s importantes de Europa, repleta de grandes Yates y coches de lujo aparcados enfrente a los barcos. Adem\u00e1s, es una zona de tiendas de lujo. Dispondremos de tiempo libre para pasear, tomar algo o realizar compras.<\/p>\n<p>Conoce la Historia de la ciudad de Marbella, c\u00f3mo ha llegado a convertirse en pocos a\u00f1os, en unas de las ciudades m\u00e1s famosas de verano, gracias a nuestro gu\u00eda oficial privado.<\/p>\n<p>Si dispone de m\u00e1s d\u00edas en Marbella, puede consultar el listado de <a href=\"https:\/\/tourtravelandmore.com\/es\/ciudad\/espana-es\/malaga-es\/\">tours privados en M\u00e1laga.<\/a><\/p>\n","protected":false},"excerpt":{"rendered":"<p>Disfruta de este <strong>tour personalizable de Marbella &amp; Puerto Ban\u00fas<\/strong>. Tome esta oportunidad para conocer y disfrutar de Marbella &amp; Puerto Ban\u00fas durante este tour con vuestro gu\u00eda oficial privado y vuestro veh\u00edculo de lujo con chofer. Disfruta de los monumentos y zonas m\u00e1s emblem\u00e1ticas de <strong>Marbella &amp; Puerto Ban\u00fas<\/strong>.<\/p>\n","protected":false},"featured_media":687,"comment_status":"open","ping_status":"closed","template":"","meta":{"_acf_changed":false},"product_brand":[],"product_cat":[96,97,88,89,91,529],"product_tag":[],"class_list":{"0":"post-847","1":"product","2":"type-product","3":"status-publish","4":"has-post-thumbnail","6":"product_cat-malaga-excursiones-es","7":"product_cat-malaga-rutas-turisticas-privadas-es","8":"product_cat-marbella-puerto-banus-es","9":"product_cat-marbella-puerto-banus-actividades-es","10":"product_cat-marbella-puerto-banus-rutas-turisticas-es","11":"product_cat-marbella-puerto-banus-excursiones-privadas-cruceros-es","13":"first","14":"instock","15":"shipping-taxable","16":"purchasable","17":"product-type-simple"},"acf":[],"yoast_head":"<!-- This site is optimized with the Yoast SEO Premium plugin v25.3.1 (Yoast SEO v25.3.1) - https:\/\/yoast.com\/wordpress\/plugins\/seo\/ -->\n<title>\u27a1\ufe0f Tour Privado de Marbella | Tour Travel &amp; More<\/title>\n<meta name=\"description\" content=\"Gracias a este tour privado de Marbella desde M\u00e1laga, podr\u00e1s conocer uno de las ciudades m\u00e1s famosas de la costa Andaluza, Marbella y su lujoso Puerto \u2705\" \/>\n<meta name=\"robots\" content=\"index, follow, max-snippet:-1, max-image-preview:large, max-video-preview:-1\" \/>\n<link rel=\"canonical\" href=\"https:\/\/tourtravelandmore.com\/es\/tours\/espana-es\/marbella-puerto-banus-es\/tour-privado-de-marbella-puerto-banus\/\" \/>\n<meta property=\"og:locale\" content=\"es_ES\" \/>\n<meta property=\"og:type\" content=\"article\" \/>\n<meta property=\"og:title\" content=\"Tour Privado de Marbella y Puerto Banus\" \/>\n<meta property=\"og:description\" content=\"Gracias a este tour privado de Marbella desde M\u00e1laga, podr\u00e1s conocer uno de las ciudades m\u00e1s famosas de la costa Andaluza, Marbella y su lujoso Puerto \u2705\" \/>\n<meta property=\"og:url\" content=\"https:\/\/tourtravelandmore.com\/es\/tours\/espana-es\/marbella-puerto-banus-es\/tour-privado-de-marbella-puerto-banus\/\" \/>\n<meta property=\"og:site_name\" content=\"Tour Travel And More\" \/>\n<meta property=\"article:publisher\" content=\"https:\/\/www.facebook.com\/tourtravelandmore\/\" \/>\n<meta property=\"article:modified_time\" content=\"2023-03-07T02:29:11+00:00\" \/>\n<meta property=\"og:image\" content=\"https:\/\/tourtravelandmore.com\/wp-content\/uploads\/2016\/03\/Malaga-5.jpg\" \/>\n\t<meta property=\"og:image:width\" content=\"1620\" \/>\n\t<meta property=\"og:image:height\" content=\"1080\" \/>\n\t<meta property=\"og:image:type\" content=\"image\/jpeg\" \/>\n<meta name=\"twitter:card\" content=\"summary_large_image\" \/>\n<meta name=\"twitter:site\" content=\"@TourTravel_More\" \/>\n<meta name=\"twitter:label1\" content=\"Tiempo de lectura\" \/>\n\t<meta name=\"twitter:data1\" content=\"2 minutos\" \/>\n<script type=\"application\/ld+json\" class=\"yoast-schema-graph\">{\"@context\":\"https:\/\/schema.org\",\"@graph\":[{\"@type\":\"WebPage\",\"@id\":\"https:\/\/tourtravelandmore.com\/es\/tours\/espana-es\/marbella-puerto-banus-es\/tour-privado-de-marbella-puerto-banus\/\",\"url\":\"https:\/\/tourtravelandmore.com\/es\/tours\/espana-es\/marbella-puerto-banus-es\/tour-privado-de-marbella-puerto-banus\/\",\"name\":\"\u27a1\ufe0f Tour Privado de Marbella | Tour Travel & More\",\"isPartOf\":{\"@id\":\"https:\/\/tourtravelandmore.com\/es\/#website\"},\"primaryImageOfPage\":{\"@id\":\"https:\/\/tourtravelandmore.com\/es\/tours\/espana-es\/marbella-puerto-banus-es\/tour-privado-de-marbella-puerto-banus\/#primaryimage\"},\"image\":{\"@id\":\"https:\/\/tourtravelandmore.com\/es\/tours\/espana-es\/marbella-puerto-banus-es\/tour-privado-de-marbella-puerto-banus\/#primaryimage\"},\"thumbnailUrl\":\"https:\/\/tourtravelandmore.com\/wp-content\/uploads\/2016\/03\/Malaga-5.jpg\",\"datePublished\":\"2016-04-15T16:40:06+00:00\",\"dateModified\":\"2023-03-07T02:29:11+00:00\",\"description\":\"Gracias a este tour privado de Marbella desde M\u00e1laga, podr\u00e1s conocer uno de las ciudades m\u00e1s famosas de la costa Andaluza, Marbella y su lujoso Puerto \u2705\",\"breadcrumb\":{\"@id\":\"https:\/\/tourtravelandmore.com\/es\/tours\/espana-es\/marbella-puerto-banus-es\/tour-privado-de-marbella-puerto-banus\/#breadcrumb\"},\"inLanguage\":\"es\",\"potentialAction\":[{\"@type\":\"ReadAction\",\"target\":[\"https:\/\/tourtravelandmore.com\/es\/tours\/espana-es\/marbella-puerto-banus-es\/tour-privado-de-marbella-puerto-banus\/\"]}]},{\"@type\":\"ImageObject\",\"inLanguage\":\"es\",\"@id\":\"https:\/\/tourtravelandmore.com\/es\/tours\/espana-es\/marbella-puerto-banus-es\/tour-privado-de-marbella-puerto-banus\/#primaryimage\",\"url\":\"https:\/\/tourtravelandmore.com\/wp-content\/uploads\/2016\/03\/Malaga-5.jpg\",\"contentUrl\":\"https:\/\/tourtravelandmore.com\/wp-content\/uploads\/2016\/03\/Malaga-5.jpg\",\"width\":1620,\"height\":1080},{\"@type\":\"BreadcrumbList\",\"@id\":\"https:\/\/tourtravelandmore.com\/es\/tours\/espana-es\/marbella-puerto-banus-es\/tour-privado-de-marbella-puerto-banus\/#breadcrumb\",\"itemListElement\":[{\"@type\":\"ListItem\",\"position\":1,\"name\":\"Home\",\"item\":\"https:\/\/tourtravelandmore.com\/es\/\"},{\"@type\":\"ListItem\",\"position\":2,\"name\":\"Tours\",\"item\":\"https:\/\/tourtravelandmore.com\/es\/tours\/\"},{\"@type\":\"ListItem\",\"position\":3,\"name\":\"Tour Privado de Marbella y Puerto Banus\"}]},{\"@type\":\"WebSite\",\"@id\":\"https:\/\/tourtravelandmore.com\/es\/#website\",\"url\":\"https:\/\/tourtravelandmore.com\/es\/\",\"name\":\"Tour Travel And More\",\"description\":\"Private sightseeing tours and luxury transfers in Spain\",\"publisher\":{\"@id\":\"https:\/\/tourtravelandmore.com\/es\/#organization\"},\"potentialAction\":[{\"@type\":\"SearchAction\",\"target\":{\"@type\":\"EntryPoint\",\"urlTemplate\":\"https:\/\/tourtravelandmore.com\/es\/?s={search_term_string}\"},\"query-input\":{\"@type\":\"PropertyValueSpecification\",\"valueRequired\":true,\"valueName\":\"search_term_string\"}}],\"inLanguage\":\"es\"},{\"@type\":\"Organization\",\"@id\":\"https:\/\/tourtravelandmore.com\/es\/#organization\",\"name\":\"Tour Travel And More\",\"url\":\"https:\/\/tourtravelandmore.com\/es\/\",\"logo\":{\"@type\":\"ImageObject\",\"inLanguage\":\"es\",\"@id\":\"https:\/\/tourtravelandmore.com\/es\/#\/schema\/logo\/image\/\",\"url\":\"https:\/\/tourtravelandmore.com\/wp-content\/uploads\/2022\/12\/cropped-logo-cabecera-new.png\",\"contentUrl\":\"https:\/\/tourtravelandmore.com\/wp-content\/uploads\/2022\/12\/cropped-logo-cabecera-new.png\",\"width\":430,\"height\":61,\"caption\":\"Tour Travel And More\"},\"image\":{\"@id\":\"https:\/\/tourtravelandmore.com\/es\/#\/schema\/logo\/image\/\"},\"sameAs\":[\"https:\/\/www.facebook.com\/tourtravelandmore\/\",\"https:\/\/x.com\/TourTravel_More\"]}]}<\/script>\n<!-- \/ Yoast SEO Premium plugin. -->","yoast_head_json":{"title":"\u27a1\ufe0f Tour Privado de Marbella | Tour Travel & More","description":"Gracias a este tour privado de Marbella desde M\u00e1laga, podr\u00e1s conocer uno de las ciudades m\u00e1s famosas de la costa Andaluza, Marbella y su lujoso Puerto \u2705","robots":{"index":"index","follow":"follow","max-snippet":"max-snippet:-1","max-image-preview":"max-image-preview:large","max-video-preview":"max-video-preview:-1"},"canonical":"https:\/\/tourtravelandmore.com\/es\/tours\/espana-es\/marbella-puerto-banus-es\/tour-privado-de-marbella-puerto-banus\/","og_locale":"es_ES","og_type":"article","og_title":"Tour Privado de Marbella y Puerto Banus","og_description":"Gracias a este tour privado de Marbella desde M\u00e1laga, podr\u00e1s conocer uno de las ciudades m\u00e1s famosas de la costa Andaluza, Marbella y su lujoso Puerto \u2705","og_url":"https:\/\/tourtravelandmore.com\/es\/tours\/espana-es\/marbella-puerto-banus-es\/tour-privado-de-marbella-puerto-banus\/","og_site_name":"Tour Travel And More","article_publisher":"https:\/\/www.facebook.com\/tourtravelandmore\/","article_modified_time":"2023-03-07T02:29:11+00:00","og_image":[{"width":1620,"height":1080,"url":"https:\/\/tourtravelandmore.com\/wp-content\/uploads\/2016\/03\/Malaga-5.jpg","type":"image\/jpeg"}],"twitter_card":"summary_large_image","twitter_site":"@TourTravel_More","twitter_misc":{"Tiempo de lectura":"2 minutos"},"schema":{"@context":"https:\/\/schema.org","@graph":[{"@type":"WebPage","@id":"https:\/\/tourtravelandmore.com\/es\/tours\/espana-es\/marbella-puerto-banus-es\/tour-privado-de-marbella-puerto-banus\/","url":"https:\/\/tourtravelandmore.com\/es\/tours\/espana-es\/marbella-puerto-banus-es\/tour-privado-de-marbella-puerto-banus\/","name":"\u27a1\ufe0f Tour Privado de Marbella | Tour Travel & More","isPartOf":{"@id":"https:\/\/tourtravelandmore.com\/es\/#website"},"primaryImageOfPage":{"@id":"https:\/\/tourtravelandmore.com\/es\/tours\/espana-es\/marbella-puerto-banus-es\/tour-privado-de-marbella-puerto-banus\/#primaryimage"},"image":{"@id":"https:\/\/tourtravelandmore.com\/es\/tours\/espana-es\/marbella-puerto-banus-es\/tour-privado-de-marbella-puerto-banus\/#primaryimage"},"thumbnailUrl":"https:\/\/tourtravelandmore.com\/wp-content\/uploads\/2016\/03\/Malaga-5.jpg","datePublished":"2016-04-15T16:40:06+00:00","dateModified":"2023-03-07T02:29:11+00:00","description":"Gracias a este tour privado de Marbella desde M\u00e1laga, podr\u00e1s conocer uno de las ciudades m\u00e1s famosas de la costa Andaluza, Marbella y su lujoso Puerto \u2705","breadcrumb":{"@id":"https:\/\/tourtravelandmore.com\/es\/tours\/espana-es\/marbella-puerto-banus-es\/tour-privado-de-marbella-puerto-banus\/#breadcrumb"},"inLanguage":"es","potentialAction":[{"@type":"ReadAction","target":["https:\/\/tourtravelandmore.com\/es\/tours\/espana-es\/marbella-puerto-banus-es\/tour-privado-de-marbella-puerto-banus\/"]}]},{"@type":"ImageObject","inLanguage":"es","@id":"https:\/\/tourtravelandmore.com\/es\/tours\/espana-es\/marbella-puerto-banus-es\/tour-privado-de-marbella-puerto-banus\/#primaryimage","url":"https:\/\/tourtravelandmore.com\/wp-content\/uploads\/2016\/03\/Malaga-5.jpg","contentUrl":"https:\/\/tourtravelandmore.com\/wp-content\/uploads\/2016\/03\/Malaga-5.jpg","width":1620,"height":1080},{"@type":"BreadcrumbList","@id":"https:\/\/tourtravelandmore.com\/es\/tours\/espana-es\/marbella-puerto-banus-es\/tour-privado-de-marbella-puerto-banus\/#breadcrumb","itemListElement":[{"@type":"ListItem","position":1,"name":"Home","item":"https:\/\/tourtravelandmore.com\/es\/"},{"@type":"ListItem","position":2,"name":"Tours","item":"https:\/\/tourtravelandmore.com\/es\/tours\/"},{"@type":"ListItem","position":3,"name":"Tour Privado de Marbella y Puerto Banus"}]},{"@type":"WebSite","@id":"https:\/\/tourtravelandmore.com\/es\/#website","url":"https:\/\/tourtravelandmore.com\/es\/","name":"Tour Travel And More","description":"Private sightseeing tours and luxury transfers in Spain","publisher":{"@id":"https:\/\/tourtravelandmore.com\/es\/#organization"},"potentialAction":[{"@type":"SearchAction","target":{"@type":"EntryPoint","urlTemplate":"https:\/\/tourtravelandmore.com\/es\/?s={search_term_string}"},"query-input":{"@type":"PropertyValueSpecification","valueRequired":true,"valueName":"search_term_string"}}],"inLanguage":"es"},{"@type":"Organization","@id":"https:\/\/tourtravelandmore.com\/es\/#organization","name":"Tour Travel And More","url":"https:\/\/tourtravelandmore.com\/es\/","logo":{"@type":"ImageObject","inLanguage":"es","@id":"https:\/\/tourtravelandmore.com\/es\/#\/schema\/logo\/image\/","url":"https:\/\/tourtravelandmore.com\/wp-content\/uploads\/2022\/12\/cropped-logo-cabecera-new.png","contentUrl":"https:\/\/tourtravelandmore.com\/wp-content\/uploads\/2022\/12\/cropped-logo-cabecera-new.png","width":430,"height":61,"caption":"Tour Travel And More"},"image":{"@id":"https:\/\/tourtravelandmore.com\/es\/#\/schema\/logo\/image\/"},"sameAs":["https:\/\/www.facebook.com\/tourtravelandmore\/","https:\/\/x.com\/TourTravel_More"]}]}},"_links":{"self":[{"href":"https:\/\/tourtravelandmore.com\/es\/wp-json\/wp\/v2\/product\/847","targetHints":{"allow":["GET"]}}],"collection":[{"href":"https:\/\/tourtravelandmore.com\/es\/wp-json\/wp\/v2\/product"}],"about":[{"href":"https:\/\/tourtravelandmore.com\/es\/wp-json\/wp\/v2\/types\/product"}],"replies":[{"embeddable":true,"href":"https:\/\/tourtravelandmore.com\/es\/wp-json\/wp\/v2\/comments?post=847"}],"wp:featuredmedia":[{"embeddable":true,"href":"https:\/\/tourtravelandmore.com\/es\/wp-json\/wp\/v2\/media\/687"}],"wp:attachment":[{"href":"https:\/\/tourtravelandmore.com\/es\/wp-json\/wp\/v2\/media?parent=847"}],"wp:term":[{"taxonomy":"product_brand","embeddable":true,"href":"https:\/\/tourtravelandmore.com\/es\/wp-json\/wp\/v2\/product_brand?post=847"},{"taxonomy":"product_cat","embeddable":true,"href":"https:\/\/tourtravelandmore.com\/es\/wp-json\/wp\/v2\/product_cat?post=847"},{"taxonomy":"product_tag","embeddable":true,"href":"https:\/\/tourtravelandmore.com\/es\/wp-json\/wp\/v2\/product_tag?post=847"}],"curies":[{"name":"wp","href":"https:\/\/api.w.org\/{rel}","templated":true}]}}