{"id":84349,"date":"2020-10-01T15:10:08","date_gmt":"2020-10-01T13:10:09","guid":{"rendered":"https:\/\/tourtravelandmore.com\/?post_type=product&#038;p=84349"},"modified":"2023-11-21T19:33:56","modified_gmt":"2023-11-21T18:33:56","slug":"tour-privado-a-colonia-desde-frankfurt","status":"publish","type":"product","link":"https:\/\/tourtravelandmore.com\/es\/tours\/alemania-es\/frankfurt-es\/frankfurt-actividades-es\/tour-privado-a-colonia-desde-frankfurt\/","title":{"rendered":"Tour Privado a Colonia desde Frankfurt"},"content":{"rendered":"<h2><strong>Descripci\u00f3n del Tour Privado a Colonia desde Frankfurt<\/strong><\/h2>\n<p>T\u00f3mate un d\u00eda libre en tu visita a <strong>Frankfurt<\/strong> y visita la ciudad g\u00f3tica de Alemania: <strong>Colonia<\/strong>. \u00a1Este <strong>tour privado a Colonia desde Frankfurt<\/strong> lo llevar\u00e1 a visitar una ciudad \u00fanica y maravillosa para una gran experiencia de un d\u00eda!<\/p>\n<p>Durante este tour privado, tendr\u00e1 a su total disposici\u00f3n un <strong>veh\u00edculo privado de lujo con conductor\/gu\u00eda<\/strong>. Organizaremos la recogida en cualquier lugar de Frankfurt. H\u00e1ganos saber en qu\u00e9 distrito se encuentra o d\u00f3nde est\u00e1 su hotel y organizaremos su recogida privada.<\/p>\n<p><strong>Colonia<\/strong> es una ciudad ubicada al oeste de Alemania, sobre el r\u00edo Rin. Esta ciudad es muy famosa por su Catedral, un emblem\u00e1tico monumento g\u00f3tico ubicado en el casco antiguo de la ciudad.<\/p>\n<p>Esta es la ocasi\u00f3n perfecta para visitar una de las ciudades m\u00e1s magn\u00edficas de Alemania. En caso de que lo prefieras, podemos incluir la entrada a cualquier monumento o museo que desees visitar.<\/p>\n<p>Otra posible opci\u00f3n de tour de d\u00eda completo desde Frankfurt, podr\u00eda ser <a href=\"https:\/\/tourtravelandmore.com\/es\/tours\/alemania-es\/frankfurt-es\/frankfurt-actividades-es\/tour-privado-a-rothenburg-desde-frankfurt\/\">nuestro tour privado a Rothenburg<\/a>, \u00a1\u00e9chale un vistazo!<\/p>\n<h2><strong>Puntos de inter\u00e9s en el Tour Privado a Colonia desde Frankfurt<\/strong><\/h2>\n<p>Despu\u00e9s de una c\u00f3moda recogida en su hotel o lugar de elecci\u00f3n en Frankfurt, comenzaremos nuestro viaje a Colonia. Su conductor\/gu\u00eda privado es un profesional con un gran conocimiento sobre la ciudad y su historia.<\/p>\n<p><strong>Colonia<\/strong> tiene tanto que ofrecer que haremos todo lo posible para ayudarlo a explorar los mejores sitios de la ciudad. En caso de que tenga algo en mente, comun\u00edquese con nosotros y lo arreglaremos por usted.<\/p>\n<p>A continuaci\u00f3n se muestran algunos ejemplos de lo que ver\u00e1 en este tour privado a Colonia:<\/p>\n<ul>\n<li><strong>Rheinpark<\/strong> (parque ubicado a orillas del r\u00edo Rin)<\/li>\n<li><strong>Puente Hohenzollern<\/strong><\/li>\n<li><strong>Alter Markt<\/strong><\/li>\n<li><strong>Ayuntamiento de Colonia<\/strong><\/li>\n<li><strong>Rudolfplatz<\/strong> (una de las plazas m\u00e1s importantes de la ciudad)<\/li>\n<li><strong>Gran San Mart\u00edn<\/strong><\/li>\n<li><a href=\"https:\/\/www.koelner-dom.de\/homepage\">Catedral de Colonia<\/a><\/li>\n<li><strong>Museo del chocolate<\/strong><\/li>\n<li><strong>Museo del Perfum<\/strong><\/li>\n<li>\u00a1Y mucho m\u00e1s!<\/li>\n<\/ul>\n<p>Durante este tour privado, definitivamente debe probar el Rheinischer Sauerbraten, el plato t\u00edpico de Colonia. Es un guiso agridulce de carne de caballo, algo que no te puedes perder en esta visita.<\/p>\n<p>Finalmente, al final de su recorrido, su conductor\/gu\u00eda privado lo llevar\u00e1 de regreso a su hotel en Frankfurt.<\/p>\n<p><strong>En caso de que lo prefiera, podemos incluir un gu\u00eda tur\u00edstico local en Colonia para una experiencia m\u00e1s completa.<\/strong><\/p>\n","protected":false},"excerpt":{"rendered":"<p>Disfrute de este <strong>tour privado completamente personalizado de Colonia desde Frankfurt<\/strong> y disfrute de sus monumentos y sitios m\u00e1s importantes, as\u00ed como de sus sitios hist\u00f3ricos. <strong>Colonia<\/strong> es una ciudad alemana \u00fanica que vale la pena visitar. Tendr\u00e1 a su total disposici\u00f3n un conductor\/gu\u00eda profesional privado durante todo el recorrido.<\/p>\n","protected":false},"featured_media":84359,"comment_status":"open","ping_status":"closed","template":"","meta":{"_acf_changed":false},"product_brand":[],"product_cat":[2650,2651,2652],"product_tag":[],"class_list":{"0":"post-84349","1":"product","2":"type-product","3":"status-publish","4":"has-post-thumbnail","6":"product_cat-frankfurt-es","7":"product_cat-frankfurt-actividades-es","8":"product_cat-frankfurt-tours-privados-es","10":"first","11":"instock","12":"shipping-taxable","13":"purchasable","14":"product-type-simple"},"acf":[],"yoast_head":"<!-- This site is optimized with the Yoast SEO Premium plugin v25.3.1 (Yoast SEO v25.3.1) - https:\/\/yoast.com\/wordpress\/plugins\/seo\/ -->\n<title>Tour Privado a Colonia desde Frankfurt con chofer\/gu\u00eda | Tour Travel &amp; More<\/title>\n<meta name=\"description\" content=\"\u2192 Disfrute de este Tour Privado a Colonia desde Frankfurt en un veh\u00edculo privado de lujo y conozca la ciudad g\u00f3tica de Alemania \u2705\" \/>\n<meta name=\"robots\" content=\"index, follow, max-snippet:-1, max-image-preview:large, max-video-preview:-1\" \/>\n<link rel=\"canonical\" href=\"https:\/\/tourtravelandmore.com\/es\/tours\/alemania-es\/frankfurt-es\/frankfurt-actividades-es\/tour-privado-a-colonia-desde-frankfurt\/\" \/>\n<meta property=\"og:locale\" content=\"es_ES\" \/>\n<meta property=\"og:type\" content=\"article\" \/>\n<meta property=\"og:title\" content=\"Tour Privado a Colonia desde Frankfurt\" \/>\n<meta property=\"og:description\" content=\"\u2192 Disfrute de este Tour Privado a Colonia desde Frankfurt en un veh\u00edculo privado de lujo y conozca la ciudad g\u00f3tica de Alemania \u2705\" \/>\n<meta property=\"og:url\" content=\"https:\/\/tourtravelandmore.com\/es\/tours\/alemania-es\/frankfurt-es\/frankfurt-actividades-es\/tour-privado-a-colonia-desde-frankfurt\/\" \/>\n<meta property=\"og:site_name\" content=\"Tour Travel And More\" \/>\n<meta property=\"article:publisher\" content=\"https:\/\/www.facebook.com\/tourtravelandmore\/\" \/>\n<meta property=\"article:modified_time\" content=\"2023-11-21T18:33:56+00:00\" \/>\n<meta property=\"og:image\" content=\"https:\/\/tourtravelandmore.com\/wp-content\/uploads\/2020\/10\/colonia.jpg\" \/>\n\t<meta property=\"og:image:width\" content=\"1280\" \/>\n\t<meta property=\"og:image:height\" content=\"941\" \/>\n\t<meta property=\"og:image:type\" content=\"image\/jpeg\" \/>\n<meta name=\"twitter:card\" content=\"summary_large_image\" \/>\n<meta name=\"twitter:site\" content=\"@TourTravel_More\" \/>\n<meta name=\"twitter:label1\" content=\"Tiempo de lectura\" \/>\n\t<meta name=\"twitter:data1\" content=\"2 minutos\" \/>\n<script type=\"application\/ld+json\" class=\"yoast-schema-graph\">{\"@context\":\"https:\/\/schema.org\",\"@graph\":[{\"@type\":\"WebPage\",\"@id\":\"https:\/\/tourtravelandmore.com\/es\/tours\/alemania-es\/frankfurt-es\/frankfurt-actividades-es\/tour-privado-a-colonia-desde-frankfurt\/\",\"url\":\"https:\/\/tourtravelandmore.com\/es\/tours\/alemania-es\/frankfurt-es\/frankfurt-actividades-es\/tour-privado-a-colonia-desde-frankfurt\/\",\"name\":\"Tour Privado a Colonia desde Frankfurt con chofer\/gu\u00eda | Tour Travel & More\",\"isPartOf\":{\"@id\":\"https:\/\/tourtravelandmore.com\/es\/#website\"},\"primaryImageOfPage\":{\"@id\":\"https:\/\/tourtravelandmore.com\/es\/tours\/alemania-es\/frankfurt-es\/frankfurt-actividades-es\/tour-privado-a-colonia-desde-frankfurt\/#primaryimage\"},\"image\":{\"@id\":\"https:\/\/tourtravelandmore.com\/es\/tours\/alemania-es\/frankfurt-es\/frankfurt-actividades-es\/tour-privado-a-colonia-desde-frankfurt\/#primaryimage\"},\"thumbnailUrl\":\"https:\/\/tourtravelandmore.com\/wp-content\/uploads\/2020\/10\/colonia.jpg\",\"datePublished\":\"2020-10-01T13:10:09+00:00\",\"dateModified\":\"2023-11-21T18:33:56+00:00\",\"description\":\"\u2192 Disfrute de este Tour Privado a Colonia desde Frankfurt en un veh\u00edculo privado de lujo y conozca la ciudad g\u00f3tica de Alemania \u2705\",\"breadcrumb\":{\"@id\":\"https:\/\/tourtravelandmore.com\/es\/tours\/alemania-es\/frankfurt-es\/frankfurt-actividades-es\/tour-privado-a-colonia-desde-frankfurt\/#breadcrumb\"},\"inLanguage\":\"es\",\"potentialAction\":[{\"@type\":\"ReadAction\",\"target\":[\"https:\/\/tourtravelandmore.com\/es\/tours\/alemania-es\/frankfurt-es\/frankfurt-actividades-es\/tour-privado-a-colonia-desde-frankfurt\/\"]}]},{\"@type\":\"ImageObject\",\"inLanguage\":\"es\",\"@id\":\"https:\/\/tourtravelandmore.com\/es\/tours\/alemania-es\/frankfurt-es\/frankfurt-actividades-es\/tour-privado-a-colonia-desde-frankfurt\/#primaryimage\",\"url\":\"https:\/\/tourtravelandmore.com\/wp-content\/uploads\/2020\/10\/colonia.jpg\",\"contentUrl\":\"https:\/\/tourtravelandmore.com\/wp-content\/uploads\/2020\/10\/colonia.jpg\",\"width\":1280,\"height\":941,\"caption\":\"Tour Privado a Colonia desde Frankfurt\"},{\"@type\":\"BreadcrumbList\",\"@id\":\"https:\/\/tourtravelandmore.com\/es\/tours\/alemania-es\/frankfurt-es\/frankfurt-actividades-es\/tour-privado-a-colonia-desde-frankfurt\/#breadcrumb\",\"itemListElement\":[{\"@type\":\"ListItem\",\"position\":1,\"name\":\"Home\",\"item\":\"https:\/\/tourtravelandmore.com\/es\/\"},{\"@type\":\"ListItem\",\"position\":2,\"name\":\"Tours\",\"item\":\"https:\/\/tourtravelandmore.com\/es\/tours\/\"},{\"@type\":\"ListItem\",\"position\":3,\"name\":\"Tour Privado a Colonia desde Frankfurt\"}]},{\"@type\":\"WebSite\",\"@id\":\"https:\/\/tourtravelandmore.com\/es\/#website\",\"url\":\"https:\/\/tourtravelandmore.com\/es\/\",\"name\":\"Tour Travel And More\",\"description\":\"Private sightseeing tours and luxury transfers in Spain\",\"publisher\":{\"@id\":\"https:\/\/tourtravelandmore.com\/es\/#organization\"},\"potentialAction\":[{\"@type\":\"SearchAction\",\"target\":{\"@type\":\"EntryPoint\",\"urlTemplate\":\"https:\/\/tourtravelandmore.com\/es\/?s={search_term_string}\"},\"query-input\":{\"@type\":\"PropertyValueSpecification\",\"valueRequired\":true,\"valueName\":\"search_term_string\"}}],\"inLanguage\":\"es\"},{\"@type\":\"Organization\",\"@id\":\"https:\/\/tourtravelandmore.com\/es\/#organization\",\"name\":\"Tour Travel And More\",\"url\":\"https:\/\/tourtravelandmore.com\/es\/\",\"logo\":{\"@type\":\"ImageObject\",\"inLanguage\":\"es\",\"@id\":\"https:\/\/tourtravelandmore.com\/es\/#\/schema\/logo\/image\/\",\"url\":\"https:\/\/tourtravelandmore.com\/wp-content\/uploads\/2022\/12\/cropped-logo-cabecera-new.png\",\"contentUrl\":\"https:\/\/tourtravelandmore.com\/wp-content\/uploads\/2022\/12\/cropped-logo-cabecera-new.png\",\"width\":430,\"height\":61,\"caption\":\"Tour Travel And More\"},\"image\":{\"@id\":\"https:\/\/tourtravelandmore.com\/es\/#\/schema\/logo\/image\/\"},\"sameAs\":[\"https:\/\/www.facebook.com\/tourtravelandmore\/\",\"https:\/\/x.com\/TourTravel_More\"]}]}<\/script>\n<!-- \/ Yoast SEO Premium plugin. -->","yoast_head_json":{"title":"Tour Privado a Colonia desde Frankfurt con chofer\/gu\u00eda | Tour Travel & More","description":"\u2192 Disfrute de este Tour Privado a Colonia desde Frankfurt en un veh\u00edculo privado de lujo y conozca la ciudad g\u00f3tica de Alemania \u2705","robots":{"index":"index","follow":"follow","max-snippet":"max-snippet:-1","max-image-preview":"max-image-preview:large","max-video-preview":"max-video-preview:-1"},"canonical":"https:\/\/tourtravelandmore.com\/es\/tours\/alemania-es\/frankfurt-es\/frankfurt-actividades-es\/tour-privado-a-colonia-desde-frankfurt\/","og_locale":"es_ES","og_type":"article","og_title":"Tour Privado a Colonia desde Frankfurt","og_description":"\u2192 Disfrute de este Tour Privado a Colonia desde Frankfurt en un veh\u00edculo privado de lujo y conozca la ciudad g\u00f3tica de Alemania \u2705","og_url":"https:\/\/tourtravelandmore.com\/es\/tours\/alemania-es\/frankfurt-es\/frankfurt-actividades-es\/tour-privado-a-colonia-desde-frankfurt\/","og_site_name":"Tour Travel And More","article_publisher":"https:\/\/www.facebook.com\/tourtravelandmore\/","article_modified_time":"2023-11-21T18:33:56+00:00","og_image":[{"width":1280,"height":941,"url":"https:\/\/tourtravelandmore.com\/wp-content\/uploads\/2020\/10\/colonia.jpg","type":"image\/jpeg"}],"twitter_card":"summary_large_image","twitter_site":"@TourTravel_More","twitter_misc":{"Tiempo de lectura":"2 minutos"},"schema":{"@context":"https:\/\/schema.org","@graph":[{"@type":"WebPage","@id":"https:\/\/tourtravelandmore.com\/es\/tours\/alemania-es\/frankfurt-es\/frankfurt-actividades-es\/tour-privado-a-colonia-desde-frankfurt\/","url":"https:\/\/tourtravelandmore.com\/es\/tours\/alemania-es\/frankfurt-es\/frankfurt-actividades-es\/tour-privado-a-colonia-desde-frankfurt\/","name":"Tour Privado a Colonia desde Frankfurt con chofer\/gu\u00eda | Tour Travel & More","isPartOf":{"@id":"https:\/\/tourtravelandmore.com\/es\/#website"},"primaryImageOfPage":{"@id":"https:\/\/tourtravelandmore.com\/es\/tours\/alemania-es\/frankfurt-es\/frankfurt-actividades-es\/tour-privado-a-colonia-desde-frankfurt\/#primaryimage"},"image":{"@id":"https:\/\/tourtravelandmore.com\/es\/tours\/alemania-es\/frankfurt-es\/frankfurt-actividades-es\/tour-privado-a-colonia-desde-frankfurt\/#primaryimage"},"thumbnailUrl":"https:\/\/tourtravelandmore.com\/wp-content\/uploads\/2020\/10\/colonia.jpg","datePublished":"2020-10-01T13:10:09+00:00","dateModified":"2023-11-21T18:33:56+00:00","description":"\u2192 Disfrute de este Tour Privado a Colonia desde Frankfurt en un veh\u00edculo privado de lujo y conozca la ciudad g\u00f3tica de Alemania \u2705","breadcrumb":{"@id":"https:\/\/tourtravelandmore.com\/es\/tours\/alemania-es\/frankfurt-es\/frankfurt-actividades-es\/tour-privado-a-colonia-desde-frankfurt\/#breadcrumb"},"inLanguage":"es","potentialAction":[{"@type":"ReadAction","target":["https:\/\/tourtravelandmore.com\/es\/tours\/alemania-es\/frankfurt-es\/frankfurt-actividades-es\/tour-privado-a-colonia-desde-frankfurt\/"]}]},{"@type":"ImageObject","inLanguage":"es","@id":"https:\/\/tourtravelandmore.com\/es\/tours\/alemania-es\/frankfurt-es\/frankfurt-actividades-es\/tour-privado-a-colonia-desde-frankfurt\/#primaryimage","url":"https:\/\/tourtravelandmore.com\/wp-content\/uploads\/2020\/10\/colonia.jpg","contentUrl":"https:\/\/tourtravelandmore.com\/wp-content\/uploads\/2020\/10\/colonia.jpg","width":1280,"height":941,"caption":"Tour Privado a Colonia desde Frankfurt"},{"@type":"BreadcrumbList","@id":"https:\/\/tourtravelandmore.com\/es\/tours\/alemania-es\/frankfurt-es\/frankfurt-actividades-es\/tour-privado-a-colonia-desde-frankfurt\/#breadcrumb","itemListElement":[{"@type":"ListItem","position":1,"name":"Home","item":"https:\/\/tourtravelandmore.com\/es\/"},{"@type":"ListItem","position":2,"name":"Tours","item":"https:\/\/tourtravelandmore.com\/es\/tours\/"},{"@type":"ListItem","position":3,"name":"Tour Privado a Colonia desde Frankfurt"}]},{"@type":"WebSite","@id":"https:\/\/tourtravelandmore.com\/es\/#website","url":"https:\/\/tourtravelandmore.com\/es\/","name":"Tour Travel And More","description":"Private sightseeing tours and luxury transfers in Spain","publisher":{"@id":"https:\/\/tourtravelandmore.com\/es\/#organization"},"potentialAction":[{"@type":"SearchAction","target":{"@type":"EntryPoint","urlTemplate":"https:\/\/tourtravelandmore.com\/es\/?s={search_term_string}"},"query-input":{"@type":"PropertyValueSpecification","valueRequired":true,"valueName":"search_term_string"}}],"inLanguage":"es"},{"@type":"Organization","@id":"https:\/\/tourtravelandmore.com\/es\/#organization","name":"Tour Travel And More","url":"https:\/\/tourtravelandmore.com\/es\/","logo":{"@type":"ImageObject","inLanguage":"es","@id":"https:\/\/tourtravelandmore.com\/es\/#\/schema\/logo\/image\/","url":"https:\/\/tourtravelandmore.com\/wp-content\/uploads\/2022\/12\/cropped-logo-cabecera-new.png","contentUrl":"https:\/\/tourtravelandmore.com\/wp-content\/uploads\/2022\/12\/cropped-logo-cabecera-new.png","width":430,"height":61,"caption":"Tour Travel And More"},"image":{"@id":"https:\/\/tourtravelandmore.com\/es\/#\/schema\/logo\/image\/"},"sameAs":["https:\/\/www.facebook.com\/tourtravelandmore\/","https:\/\/x.com\/TourTravel_More"]}]}},"_links":{"self":[{"href":"https:\/\/tourtravelandmore.com\/es\/wp-json\/wp\/v2\/product\/84349","targetHints":{"allow":["GET"]}}],"collection":[{"href":"https:\/\/tourtravelandmore.com\/es\/wp-json\/wp\/v2\/product"}],"about":[{"href":"https:\/\/tourtravelandmore.com\/es\/wp-json\/wp\/v2\/types\/product"}],"replies":[{"embeddable":true,"href":"https:\/\/tourtravelandmore.com\/es\/wp-json\/wp\/v2\/comments?post=84349"}],"wp:featuredmedia":[{"embeddable":true,"href":"https:\/\/tourtravelandmore.com\/es\/wp-json\/wp\/v2\/media\/84359"}],"wp:attachment":[{"href":"https:\/\/tourtravelandmore.com\/es\/wp-json\/wp\/v2\/media?parent=84349"}],"wp:term":[{"taxonomy":"product_brand","embeddable":true,"href":"https:\/\/tourtravelandmore.com\/es\/wp-json\/wp\/v2\/product_brand?post=84349"},{"taxonomy":"product_cat","embeddable":true,"href":"https:\/\/tourtravelandmore.com\/es\/wp-json\/wp\/v2\/product_cat?post=84349"},{"taxonomy":"product_tag","embeddable":true,"href":"https:\/\/tourtravelandmore.com\/es\/wp-json\/wp\/v2\/product_tag?post=84349"}],"curies":[{"name":"wp","href":"https:\/\/api.w.org\/{rel}","templated":true}]}}