{"id":84279,"date":"2020-09-30T15:47:28","date_gmt":"2020-09-30T13:47:28","guid":{"rendered":"https:\/\/tourtravelandmore.com\/?post_type=product&#038;p=84279"},"modified":"2022-12-15T19:14:47","modified_gmt":"2022-12-15T18:14:47","slug":"tour-privado-a-pie-por-frankfurt","status":"publish","type":"product","link":"https:\/\/tourtravelandmore.com\/es\/tours\/alemania-es\/frankfurt-es\/frankfurt-actividades-es\/tour-privado-a-pie-por-frankfurt\/","title":{"rendered":"Tour Privado a pie por Frankfurt"},"content":{"rendered":"<h2><strong>Descripci\u00f3n del Tour Privado a pie por Frankfurt<\/strong><\/h2>\n<p>Si viaja por <strong>Alemania<\/strong>, definitivamente tiene que pasar un tiempo en <strong>Frankfurt<\/strong> y la mejor manera de hacerlo es con nuestro <strong>tour privado a pie por Frankfurt<\/strong>. Tendr\u00e1s a tu disposici\u00f3n un <strong>gu\u00eda tur\u00edstico oficial privado<\/strong> para una visita guiada de 3 horas.<\/p>\n<p><strong>Frankfurt<\/strong> es la quinta ciudad m\u00e1s grande de Alemania y est\u00e1 ubicada en el r\u00edo Main. Frankfurt es la capital financiera de Europa continental y el centro de transporte de Alemania.<\/p>\n<p>Aqu\u00ed conviven banqueros adinerados, estudiantes y desertores de granola en una ciudad que tiene algunos de los rascacielos m\u00e1s altos y vanguardistas de Europa junto a edificios antiguos en buen estado, en otras palabras, Frankfurt es una ciudad de contrastes.<\/p>\n<p>Con este tour privado a pie por Frankfurt, podr\u00e1 explorar esta ciudad metropolitana y perderse en sus altos edificios. Como se trata de un recorrido personalizado, puede incluir m\u00e1s horas a su experiencia o incluso incluir un veh\u00edculo privado de lujo.<\/p>\n<p>Tenemos m\u00faltiples opciones de tours privados en y desde Frankfurt, eche un vistazo a <a href=\"https:\/\/tourtravelandmore.com\/es\/ciudad\/alemania-es\/frankfurt-es\/\">nuestra lista de tours privados<\/a>.<\/p>\n<h2><strong>Puntos de inter\u00e9s en el Tour Privado a pie por Frankfurt<\/strong><\/h2>\n<p>En primer lugar, se reunir\u00e1 con su gu\u00eda tur\u00edstico oficial privado en un lugar central de Frankfurt. Si su hotel tiene una ubicaci\u00f3n c\u00e9ntrica, podemos organizar la recogida desde all\u00ed. La hora indicada del recorrido ser\u00e1 determinada por usted.<\/p>\n<p><strong>Frankfurt<\/strong> es una ciudad donde encontrar\u00e1s rascacielos modernos e incre\u00edbles junto a un casco antiguo lleno de restaurantes y tiendas t\u00edpicas alemanas. Es una ciudad que realmente vale la pena visitar.<\/p>\n<p>Entre otros monumentos y lugares podr\u00e1s visitar:<\/p>\n<ul>\n<li><strong>Mainhattan<\/strong><\/li>\n<li><strong>Eurotower<\/strong><\/li>\n<li><strong>Mirador de la Main Tower<\/strong><\/li>\n<li><strong>Opernplatz<\/strong><\/li>\n<li><strong>Plaza R\u00f6merberg<\/strong><\/li>\n<li><strong>Altes Rathaus <\/strong>(antiguo ayuntamiento)<\/li>\n<li><a href=\"https:\/\/www.dom-frankfurt.de\">Catedral de San Bartolom\u00e9<\/a><\/li>\n<li><strong>Museumsufer<\/strong><\/li>\n<li><strong>R\u00f6me<\/strong>r (conjunto de casas de los siglos XV y XVI)<\/li>\n<li>\u00a1Y mucho m\u00e1s!<\/li>\n<\/ul>\n<p>Podemos incluir entrada a cualquier monumento o museo que desee visitar. Solo tiene que contactarnos y mencionar qu\u00e9 espera ver en este tour privado a pie por Frankfurt.<strong> Tour Travel &amp; More<\/strong> cuenta con un equipo profesional que tiene un gran conocimiento sobre tours y traslados privados.<\/p>\n<p>Finalmente, al final del recorrido, su gu\u00eda tur\u00edstico oficial privado lo dejar\u00e1 en un lugar central en Frankfurt.<\/p>\n","protected":false},"excerpt":{"rendered":"<p>Disfrute de este <strong>tour a pie privado completamente personalizado por Frankfurt<\/strong> y disfrute de sus monumentos y lugares de inter\u00e9s m\u00e1s importantes, as\u00ed como de sus sitios hist\u00f3ricos. No pierda la oportunidad de conocer Frankfurt y todo lo que tiene para ofrecer junto a su gu\u00eda tur\u00edstico oficial privado durante este recorrido privado a pie. Visite lugares como <strong>Opernplatz<\/strong>, <strong>Eurotower<\/strong>, <strong>Casco Antiguo<\/strong> y mucho m\u00e1s.<\/p>\n","protected":false},"featured_media":84289,"comment_status":"open","ping_status":"closed","template":"","meta":{"_acf_changed":false},"product_brand":[],"product_cat":[2650,2651,2653],"product_tag":[],"class_list":{"0":"post-84279","1":"product","2":"type-product","3":"status-publish","4":"has-post-thumbnail","6":"product_cat-frankfurt-es","7":"product_cat-frankfurt-actividades-es","8":"product_cat-frankfurt-a-pie-es","10":"first","11":"instock","12":"shipping-taxable","13":"purchasable","14":"product-type-simple"},"acf":[],"yoast_head":"<!-- This site is optimized with the Yoast SEO Premium plugin v25.3.1 (Yoast SEO v25.3.1) - https:\/\/yoast.com\/wordpress\/plugins\/seo\/ -->\n<title>Tour Privado a pie por Frankfurt con gu\u00eda oficial local | Tour Travel &amp; More<\/title>\n<meta name=\"description\" content=\"\u2192 Disfrute este Tour Privado a pie por Frankfurt. Conozca los lugares m\u00e1s emblem\u00e1ticos de esta hermosa y aut\u00e9ntica ciudad junto a su gu\u00eda oficial \u2705\" \/>\n<meta name=\"robots\" content=\"index, follow, max-snippet:-1, max-image-preview:large, max-video-preview:-1\" \/>\n<link rel=\"canonical\" href=\"https:\/\/tourtravelandmore.com\/es\/tours\/alemania-es\/frankfurt-es\/frankfurt-actividades-es\/tour-privado-a-pie-por-frankfurt\/\" \/>\n<meta property=\"og:locale\" content=\"es_ES\" \/>\n<meta property=\"og:type\" content=\"article\" \/>\n<meta property=\"og:title\" content=\"Tour Privado a pie por Frankfurt\" \/>\n<meta property=\"og:description\" content=\"\u2192 Disfrute este Tour Privado a pie por Frankfurt. Conozca los lugares m\u00e1s emblem\u00e1ticos de esta hermosa y aut\u00e9ntica ciudad junto a su gu\u00eda oficial \u2705\" \/>\n<meta property=\"og:url\" content=\"https:\/\/tourtravelandmore.com\/es\/tours\/alemania-es\/frankfurt-es\/frankfurt-actividades-es\/tour-privado-a-pie-por-frankfurt\/\" \/>\n<meta property=\"og:site_name\" content=\"Tour Travel And More\" \/>\n<meta property=\"article:publisher\" content=\"https:\/\/www.facebook.com\/tourtravelandmore\/\" \/>\n<meta property=\"article:modified_time\" content=\"2022-12-15T18:14:47+00:00\" \/>\n<meta property=\"og:image\" content=\"https:\/\/tourtravelandmore.com\/wp-content\/uploads\/2020\/09\/frankfurt-5.jpg\" \/>\n\t<meta property=\"og:image:width\" content=\"1280\" \/>\n\t<meta property=\"og:image:height\" content=\"853\" \/>\n\t<meta property=\"og:image:type\" content=\"image\/jpeg\" \/>\n<meta name=\"twitter:card\" content=\"summary_large_image\" \/>\n<meta name=\"twitter:site\" content=\"@TourTravel_More\" \/>\n<meta name=\"twitter:label1\" content=\"Tiempo de lectura\" \/>\n\t<meta name=\"twitter:data1\" content=\"2 minutos\" \/>\n<script type=\"application\/ld+json\" class=\"yoast-schema-graph\">{\"@context\":\"https:\/\/schema.org\",\"@graph\":[{\"@type\":\"WebPage\",\"@id\":\"https:\/\/tourtravelandmore.com\/es\/tours\/alemania-es\/frankfurt-es\/frankfurt-actividades-es\/tour-privado-a-pie-por-frankfurt\/\",\"url\":\"https:\/\/tourtravelandmore.com\/es\/tours\/alemania-es\/frankfurt-es\/frankfurt-actividades-es\/tour-privado-a-pie-por-frankfurt\/\",\"name\":\"Tour Privado a pie por Frankfurt con gu\u00eda oficial local | Tour Travel & More\",\"isPartOf\":{\"@id\":\"https:\/\/tourtravelandmore.com\/es\/#website\"},\"primaryImageOfPage\":{\"@id\":\"https:\/\/tourtravelandmore.com\/es\/tours\/alemania-es\/frankfurt-es\/frankfurt-actividades-es\/tour-privado-a-pie-por-frankfurt\/#primaryimage\"},\"image\":{\"@id\":\"https:\/\/tourtravelandmore.com\/es\/tours\/alemania-es\/frankfurt-es\/frankfurt-actividades-es\/tour-privado-a-pie-por-frankfurt\/#primaryimage\"},\"thumbnailUrl\":\"https:\/\/tourtravelandmore.com\/wp-content\/uploads\/2020\/09\/frankfurt-5.jpg\",\"datePublished\":\"2020-09-30T13:47:28+00:00\",\"dateModified\":\"2022-12-15T18:14:47+00:00\",\"description\":\"\u2192 Disfrute este Tour Privado a pie por Frankfurt. Conozca los lugares m\u00e1s emblem\u00e1ticos de esta hermosa y aut\u00e9ntica ciudad junto a su gu\u00eda oficial \u2705\",\"breadcrumb\":{\"@id\":\"https:\/\/tourtravelandmore.com\/es\/tours\/alemania-es\/frankfurt-es\/frankfurt-actividades-es\/tour-privado-a-pie-por-frankfurt\/#breadcrumb\"},\"inLanguage\":\"es\",\"potentialAction\":[{\"@type\":\"ReadAction\",\"target\":[\"https:\/\/tourtravelandmore.com\/es\/tours\/alemania-es\/frankfurt-es\/frankfurt-actividades-es\/tour-privado-a-pie-por-frankfurt\/\"]}]},{\"@type\":\"ImageObject\",\"inLanguage\":\"es\",\"@id\":\"https:\/\/tourtravelandmore.com\/es\/tours\/alemania-es\/frankfurt-es\/frankfurt-actividades-es\/tour-privado-a-pie-por-frankfurt\/#primaryimage\",\"url\":\"https:\/\/tourtravelandmore.com\/wp-content\/uploads\/2020\/09\/frankfurt-5.jpg\",\"contentUrl\":\"https:\/\/tourtravelandmore.com\/wp-content\/uploads\/2020\/09\/frankfurt-5.jpg\",\"width\":1280,\"height\":853},{\"@type\":\"BreadcrumbList\",\"@id\":\"https:\/\/tourtravelandmore.com\/es\/tours\/alemania-es\/frankfurt-es\/frankfurt-actividades-es\/tour-privado-a-pie-por-frankfurt\/#breadcrumb\",\"itemListElement\":[{\"@type\":\"ListItem\",\"position\":1,\"name\":\"Home\",\"item\":\"https:\/\/tourtravelandmore.com\/es\/\"},{\"@type\":\"ListItem\",\"position\":2,\"name\":\"Tours\",\"item\":\"https:\/\/tourtravelandmore.com\/es\/tours\/\"},{\"@type\":\"ListItem\",\"position\":3,\"name\":\"Tour Privado a pie por Frankfurt\"}]},{\"@type\":\"WebSite\",\"@id\":\"https:\/\/tourtravelandmore.com\/es\/#website\",\"url\":\"https:\/\/tourtravelandmore.com\/es\/\",\"name\":\"Tour Travel And More\",\"description\":\"Private sightseeing tours and luxury transfers in Spain\",\"publisher\":{\"@id\":\"https:\/\/tourtravelandmore.com\/es\/#organization\"},\"potentialAction\":[{\"@type\":\"SearchAction\",\"target\":{\"@type\":\"EntryPoint\",\"urlTemplate\":\"https:\/\/tourtravelandmore.com\/es\/?s={search_term_string}\"},\"query-input\":{\"@type\":\"PropertyValueSpecification\",\"valueRequired\":true,\"valueName\":\"search_term_string\"}}],\"inLanguage\":\"es\"},{\"@type\":\"Organization\",\"@id\":\"https:\/\/tourtravelandmore.com\/es\/#organization\",\"name\":\"Tour Travel And More\",\"url\":\"https:\/\/tourtravelandmore.com\/es\/\",\"logo\":{\"@type\":\"ImageObject\",\"inLanguage\":\"es\",\"@id\":\"https:\/\/tourtravelandmore.com\/es\/#\/schema\/logo\/image\/\",\"url\":\"https:\/\/tourtravelandmore.com\/wp-content\/uploads\/2022\/12\/cropped-logo-cabecera-new.png\",\"contentUrl\":\"https:\/\/tourtravelandmore.com\/wp-content\/uploads\/2022\/12\/cropped-logo-cabecera-new.png\",\"width\":430,\"height\":61,\"caption\":\"Tour Travel And More\"},\"image\":{\"@id\":\"https:\/\/tourtravelandmore.com\/es\/#\/schema\/logo\/image\/\"},\"sameAs\":[\"https:\/\/www.facebook.com\/tourtravelandmore\/\",\"https:\/\/x.com\/TourTravel_More\"]}]}<\/script>\n<!-- \/ Yoast SEO Premium plugin. -->","yoast_head_json":{"title":"Tour Privado a pie por Frankfurt con gu\u00eda oficial local | Tour Travel & More","description":"\u2192 Disfrute este Tour Privado a pie por Frankfurt. Conozca los lugares m\u00e1s emblem\u00e1ticos de esta hermosa y aut\u00e9ntica ciudad junto a su gu\u00eda oficial \u2705","robots":{"index":"index","follow":"follow","max-snippet":"max-snippet:-1","max-image-preview":"max-image-preview:large","max-video-preview":"max-video-preview:-1"},"canonical":"https:\/\/tourtravelandmore.com\/es\/tours\/alemania-es\/frankfurt-es\/frankfurt-actividades-es\/tour-privado-a-pie-por-frankfurt\/","og_locale":"es_ES","og_type":"article","og_title":"Tour Privado a pie por Frankfurt","og_description":"\u2192 Disfrute este Tour Privado a pie por Frankfurt. Conozca los lugares m\u00e1s emblem\u00e1ticos de esta hermosa y aut\u00e9ntica ciudad junto a su gu\u00eda oficial \u2705","og_url":"https:\/\/tourtravelandmore.com\/es\/tours\/alemania-es\/frankfurt-es\/frankfurt-actividades-es\/tour-privado-a-pie-por-frankfurt\/","og_site_name":"Tour Travel And More","article_publisher":"https:\/\/www.facebook.com\/tourtravelandmore\/","article_modified_time":"2022-12-15T18:14:47+00:00","og_image":[{"width":1280,"height":853,"url":"https:\/\/tourtravelandmore.com\/wp-content\/uploads\/2020\/09\/frankfurt-5.jpg","type":"image\/jpeg"}],"twitter_card":"summary_large_image","twitter_site":"@TourTravel_More","twitter_misc":{"Tiempo de lectura":"2 minutos"},"schema":{"@context":"https:\/\/schema.org","@graph":[{"@type":"WebPage","@id":"https:\/\/tourtravelandmore.com\/es\/tours\/alemania-es\/frankfurt-es\/frankfurt-actividades-es\/tour-privado-a-pie-por-frankfurt\/","url":"https:\/\/tourtravelandmore.com\/es\/tours\/alemania-es\/frankfurt-es\/frankfurt-actividades-es\/tour-privado-a-pie-por-frankfurt\/","name":"Tour Privado a pie por Frankfurt con gu\u00eda oficial local | Tour Travel & More","isPartOf":{"@id":"https:\/\/tourtravelandmore.com\/es\/#website"},"primaryImageOfPage":{"@id":"https:\/\/tourtravelandmore.com\/es\/tours\/alemania-es\/frankfurt-es\/frankfurt-actividades-es\/tour-privado-a-pie-por-frankfurt\/#primaryimage"},"image":{"@id":"https:\/\/tourtravelandmore.com\/es\/tours\/alemania-es\/frankfurt-es\/frankfurt-actividades-es\/tour-privado-a-pie-por-frankfurt\/#primaryimage"},"thumbnailUrl":"https:\/\/tourtravelandmore.com\/wp-content\/uploads\/2020\/09\/frankfurt-5.jpg","datePublished":"2020-09-30T13:47:28+00:00","dateModified":"2022-12-15T18:14:47+00:00","description":"\u2192 Disfrute este Tour Privado a pie por Frankfurt. Conozca los lugares m\u00e1s emblem\u00e1ticos de esta hermosa y aut\u00e9ntica ciudad junto a su gu\u00eda oficial \u2705","breadcrumb":{"@id":"https:\/\/tourtravelandmore.com\/es\/tours\/alemania-es\/frankfurt-es\/frankfurt-actividades-es\/tour-privado-a-pie-por-frankfurt\/#breadcrumb"},"inLanguage":"es","potentialAction":[{"@type":"ReadAction","target":["https:\/\/tourtravelandmore.com\/es\/tours\/alemania-es\/frankfurt-es\/frankfurt-actividades-es\/tour-privado-a-pie-por-frankfurt\/"]}]},{"@type":"ImageObject","inLanguage":"es","@id":"https:\/\/tourtravelandmore.com\/es\/tours\/alemania-es\/frankfurt-es\/frankfurt-actividades-es\/tour-privado-a-pie-por-frankfurt\/#primaryimage","url":"https:\/\/tourtravelandmore.com\/wp-content\/uploads\/2020\/09\/frankfurt-5.jpg","contentUrl":"https:\/\/tourtravelandmore.com\/wp-content\/uploads\/2020\/09\/frankfurt-5.jpg","width":1280,"height":853},{"@type":"BreadcrumbList","@id":"https:\/\/tourtravelandmore.com\/es\/tours\/alemania-es\/frankfurt-es\/frankfurt-actividades-es\/tour-privado-a-pie-por-frankfurt\/#breadcrumb","itemListElement":[{"@type":"ListItem","position":1,"name":"Home","item":"https:\/\/tourtravelandmore.com\/es\/"},{"@type":"ListItem","position":2,"name":"Tours","item":"https:\/\/tourtravelandmore.com\/es\/tours\/"},{"@type":"ListItem","position":3,"name":"Tour Privado a pie por Frankfurt"}]},{"@type":"WebSite","@id":"https:\/\/tourtravelandmore.com\/es\/#website","url":"https:\/\/tourtravelandmore.com\/es\/","name":"Tour Travel And More","description":"Private sightseeing tours and luxury transfers in Spain","publisher":{"@id":"https:\/\/tourtravelandmore.com\/es\/#organization"},"potentialAction":[{"@type":"SearchAction","target":{"@type":"EntryPoint","urlTemplate":"https:\/\/tourtravelandmore.com\/es\/?s={search_term_string}"},"query-input":{"@type":"PropertyValueSpecification","valueRequired":true,"valueName":"search_term_string"}}],"inLanguage":"es"},{"@type":"Organization","@id":"https:\/\/tourtravelandmore.com\/es\/#organization","name":"Tour Travel And More","url":"https:\/\/tourtravelandmore.com\/es\/","logo":{"@type":"ImageObject","inLanguage":"es","@id":"https:\/\/tourtravelandmore.com\/es\/#\/schema\/logo\/image\/","url":"https:\/\/tourtravelandmore.com\/wp-content\/uploads\/2022\/12\/cropped-logo-cabecera-new.png","contentUrl":"https:\/\/tourtravelandmore.com\/wp-content\/uploads\/2022\/12\/cropped-logo-cabecera-new.png","width":430,"height":61,"caption":"Tour Travel And More"},"image":{"@id":"https:\/\/tourtravelandmore.com\/es\/#\/schema\/logo\/image\/"},"sameAs":["https:\/\/www.facebook.com\/tourtravelandmore\/","https:\/\/x.com\/TourTravel_More"]}]}},"_links":{"self":[{"href":"https:\/\/tourtravelandmore.com\/es\/wp-json\/wp\/v2\/product\/84279","targetHints":{"allow":["GET"]}}],"collection":[{"href":"https:\/\/tourtravelandmore.com\/es\/wp-json\/wp\/v2\/product"}],"about":[{"href":"https:\/\/tourtravelandmore.com\/es\/wp-json\/wp\/v2\/types\/product"}],"replies":[{"embeddable":true,"href":"https:\/\/tourtravelandmore.com\/es\/wp-json\/wp\/v2\/comments?post=84279"}],"wp:featuredmedia":[{"embeddable":true,"href":"https:\/\/tourtravelandmore.com\/es\/wp-json\/wp\/v2\/media\/84289"}],"wp:attachment":[{"href":"https:\/\/tourtravelandmore.com\/es\/wp-json\/wp\/v2\/media?parent=84279"}],"wp:term":[{"taxonomy":"product_brand","embeddable":true,"href":"https:\/\/tourtravelandmore.com\/es\/wp-json\/wp\/v2\/product_brand?post=84279"},{"taxonomy":"product_cat","embeddable":true,"href":"https:\/\/tourtravelandmore.com\/es\/wp-json\/wp\/v2\/product_cat?post=84279"},{"taxonomy":"product_tag","embeddable":true,"href":"https:\/\/tourtravelandmore.com\/es\/wp-json\/wp\/v2\/product_tag?post=84279"}],"curies":[{"name":"wp","href":"https:\/\/api.w.org\/{rel}","templated":true}]}}