{"id":84035,"date":"2020-09-23T14:57:46","date_gmt":"2020-09-23T12:57:47","guid":{"rendered":"https:\/\/tourtravelandmore.com\/?post_type=product&#038;p=84035"},"modified":"2021-07-19T13:23:37","modified_gmt":"2021-07-19T11:23:37","slug":"tour-privado-nueva-orleans","status":"publish","type":"product","link":"https:\/\/tourtravelandmore.com\/es\/tours\/eeuu-es\/nueva-orleans-es\/nueva-orleans-actividades-es\/tour-privado-nueva-orleans\/","title":{"rendered":"Tour privado de Nueva Orleans"},"content":{"rendered":"<h2 class=\"p1\"><span class=\"s1\"><b>Descripci\u00f3n de nuestro Tour Privado a Nueva Orleans<\/b><\/span><\/h2>\n<p class=\"p1\"><span class=\"s1\">Nueva Orleans, la ciudad del jazz. Permite que nuestro equipo de expertos te ense\u00f1e esta maravillosa ciudad durante un tour privado de Nueva Orleans. Aprende la historia de la ciudad y visita sus sitios m\u00e1s emblem\u00e1ticos junto a un gu\u00eda local experto.<\/span><\/p>\n<p class=\"p1\"><span class=\"s1\">Su tour privado comenzar\u00e1 en su hotel o sitio deseado en Nueva Orleans. Luego de que su chofer y gu\u00eda oficial privado le recojan, dar\u00e1n comienzo a su tour privado.<\/span><\/p>\n<p class=\"p1\"><span class=\"s1\">Los dos tours que ofrecemos en Nueva Orleans son este City tour, y un tour a pie del barrio franc\u00e9s. En caso de que deseen visitar otro sitio desde la ciudad no dude en contactarnos, podemos coordinarlo.<\/span><\/p>\n<h2 class=\"p3\"><span class=\"s1\"><b>Puntos de inter\u00e9s en Nueva Orleans<\/b><\/span><\/h2>\n<p>Despu\u00e9s de una recogida personalizada en su alojamiento daremos comienzo a su tour privado de Nueva Orleans. Su chofer y gu\u00eda oficial privado estar\u00e1n a su entera disposici\u00f3n durante la total duraci\u00f3n del tour.<\/p>\n<p class=\"p1\"><span class=\"s1\">Para descubrir c\u00f3modamente los sitios m\u00e1s emblem\u00e1ticos de la ciudad contar\u00e1n con la compa\u00f1\u00eda de un chofer y un gu\u00eda separado. Su gu\u00eda le acompa\u00f1ar\u00e1 a visitar cada sitio.<\/span><\/p>\n<p class=\"p1\"><span class=\"s1\">Algunos de los sitios que podr\u00e1 visitar durante su visita de la ciudad son:<\/span><\/p>\n<ul class=\"ul1\">\n<li class=\"li1\"><strong><span class=\"s1\">Barrio Franc\u00e9s: El barrio antiguo m\u00e1s conocido de la ciudad, tambi\u00e9n conocido como Vieux Carr\u00e9.\u00a0<\/span><\/strong><\/li>\n<li class=\"li1\"><strong><span class=\"s1\">Parada en el emblem\u00e1tico Caf\u00e9 du Monde<\/span><\/strong><\/li>\n<li class=\"li1\"><strong><span class=\"s1\">Plaza Jackson<\/span><\/strong><\/li>\n<li class=\"li1\"><strong><span class=\"s1\">Distrito garden<\/span><\/strong><\/li>\n<li class=\"li1\"><strong><span class=\"s1\">Frenchmen Street<\/span><\/strong><\/li>\n<li class=\"li1\"><strong><span class=\"s1\">City Park <\/span><\/strong><\/li>\n<li class=\"li1\"><strong><span class=\"s1\">Mercado franc\u00e9s: Ubicado en el coraz\u00f3n del barrio franc\u00e9s. All\u00ed podr\u00e1s degustar la gastronom\u00eda local.<\/span><\/strong><\/li>\n<li class=\"li1\"><strong><span class=\"s1\">Royal Street: Atraviesa esta maravillosa calle con sendas galer\u00edas de arte.<\/span><\/strong><\/li>\n<li class=\"li1\"><strong><span class=\"s1\"><a href=\"https:\/\/www.stlouiscathedral.org\/\">Catedral San Lu\u00eds<\/a>: La Catedral de San Luis es la primera catedral fundada en la historia de los Estados Unidos, espec\u00edficamente en el a\u00f1o de 1727.<\/span><\/strong><\/li>\n<li class=\"li1\"><strong><span class=\"s1\">Mucho m\u00e1s!<\/span><\/strong><\/li>\n<\/ul>\n<p class=\"p1\"><span class=\"s1\">Explora y descubre esta maravillosa ciudad! Este tour est\u00e1 especialmente designado para aquellos que visitan la ciudad por primera vez. En caso de que ya conozca la ciudad y desee un itinerario m\u00e1s personalizado, no dude en contactarnos!<\/span><\/p>\n","protected":false},"excerpt":{"rendered":"<p>Descubre la ciudad de Nueva Orleans c\u00f3modamente en tu <strong>veh\u00edculo privado junto a tu gu\u00eda y chofer privados.<\/strong> Visita el barrio franc\u00e9s, la catedral de San Lu\u00eds y mucho m\u00e1s!<\/p>\n","protected":false},"featured_media":84047,"comment_status":"open","ping_status":"closed","template":"","meta":{"_acf_changed":false},"product_brand":[],"product_cat":[1602,2603,2604,2605],"product_tag":[],"class_list":{"0":"post-84035","1":"product","2":"type-product","3":"status-publish","4":"has-post-thumbnail","6":"product_cat-eeuu-es","7":"product_cat-nueva-orleans-es","8":"product_cat-nueva-orleans-actividades-es","9":"product_cat-nueva-orleans-tours-es","11":"first","12":"instock","13":"shipping-taxable","14":"purchasable","15":"product-type-simple"},"acf":[],"yoast_head":"<!-- This site is optimized with the Yoast SEO Premium plugin v25.3.1 (Yoast SEO v25.3.1) - https:\/\/yoast.com\/wordpress\/plugins\/seo\/ -->\n<title>Tour privado de Nueva Orleans con guia &amp; vehiculo con ch\u00f3fer | TT&amp;M<\/title>\n<meta name=\"description\" content=\"\u2192 Reserve este Tour Privado en Nueva Orleans y descubra sus sitios m\u00e1s emblem\u00e1ticos con chofer y gu\u00eda. Visita el barrio franc\u00e9s y m\u00e1s! \u2705\" \/>\n<meta name=\"robots\" content=\"index, follow, max-snippet:-1, max-image-preview:large, max-video-preview:-1\" \/>\n<link rel=\"canonical\" href=\"https:\/\/tourtravelandmore.com\/es\/tours\/eeuu-es\/nueva-orleans-es\/nueva-orleans-actividades-es\/tour-privado-nueva-orleans\/\" \/>\n<meta property=\"og:locale\" content=\"es_ES\" \/>\n<meta property=\"og:type\" content=\"article\" \/>\n<meta property=\"og:title\" content=\"Tour privado de Nueva Orleans\" \/>\n<meta property=\"og:description\" content=\"\u2192 Reserve este Tour Privado en Nueva Orleans y descubra sus sitios m\u00e1s emblem\u00e1ticos con chofer y gu\u00eda. Visita el barrio franc\u00e9s y m\u00e1s! \u2705\" \/>\n<meta property=\"og:url\" content=\"https:\/\/tourtravelandmore.com\/es\/tours\/eeuu-es\/nueva-orleans-es\/nueva-orleans-actividades-es\/tour-privado-nueva-orleans\/\" \/>\n<meta property=\"og:site_name\" content=\"Tour Travel And More\" \/>\n<meta property=\"article:publisher\" content=\"https:\/\/www.facebook.com\/tourtravelandmore\/\" \/>\n<meta property=\"article:modified_time\" content=\"2021-07-19T11:23:37+00:00\" \/>\n<meta property=\"og:image\" content=\"https:\/\/tourtravelandmore.com\/wp-content\/uploads\/2020\/09\/The_Saint_Louis_Cathedral_-_New_Orleans_Louisiana-min-scaled.jpg\" \/>\n\t<meta property=\"og:image:width\" content=\"2560\" \/>\n\t<meta property=\"og:image:height\" content=\"1545\" \/>\n\t<meta property=\"og:image:type\" content=\"image\/jpeg\" \/>\n<meta name=\"twitter:card\" content=\"summary_large_image\" \/>\n<meta name=\"twitter:site\" content=\"@TourTravel_More\" \/>\n<meta name=\"twitter:label1\" content=\"Tiempo de lectura\" \/>\n\t<meta name=\"twitter:data1\" content=\"2 minutos\" \/>\n<script type=\"application\/ld+json\" class=\"yoast-schema-graph\">{\"@context\":\"https:\/\/schema.org\",\"@graph\":[{\"@type\":\"WebPage\",\"@id\":\"https:\/\/tourtravelandmore.com\/es\/tours\/eeuu-es\/nueva-orleans-es\/nueva-orleans-actividades-es\/tour-privado-nueva-orleans\/\",\"url\":\"https:\/\/tourtravelandmore.com\/es\/tours\/eeuu-es\/nueva-orleans-es\/nueva-orleans-actividades-es\/tour-privado-nueva-orleans\/\",\"name\":\"Tour privado de Nueva Orleans con guia & vehiculo con ch\u00f3fer | TT&M\",\"isPartOf\":{\"@id\":\"https:\/\/tourtravelandmore.com\/es\/#website\"},\"primaryImageOfPage\":{\"@id\":\"https:\/\/tourtravelandmore.com\/es\/tours\/eeuu-es\/nueva-orleans-es\/nueva-orleans-actividades-es\/tour-privado-nueva-orleans\/#primaryimage\"},\"image\":{\"@id\":\"https:\/\/tourtravelandmore.com\/es\/tours\/eeuu-es\/nueva-orleans-es\/nueva-orleans-actividades-es\/tour-privado-nueva-orleans\/#primaryimage\"},\"thumbnailUrl\":\"https:\/\/tourtravelandmore.com\/wp-content\/uploads\/2020\/09\/The_Saint_Louis_Cathedral_-_New_Orleans_Louisiana-min-scaled.jpg\",\"datePublished\":\"2020-09-23T12:57:47+00:00\",\"dateModified\":\"2021-07-19T11:23:37+00:00\",\"description\":\"\u2192 Reserve este Tour Privado en Nueva Orleans y descubra sus sitios m\u00e1s emblem\u00e1ticos con chofer y gu\u00eda. Visita el barrio franc\u00e9s y m\u00e1s! \u2705\",\"breadcrumb\":{\"@id\":\"https:\/\/tourtravelandmore.com\/es\/tours\/eeuu-es\/nueva-orleans-es\/nueva-orleans-actividades-es\/tour-privado-nueva-orleans\/#breadcrumb\"},\"inLanguage\":\"es\",\"potentialAction\":[{\"@type\":\"ReadAction\",\"target\":[\"https:\/\/tourtravelandmore.com\/es\/tours\/eeuu-es\/nueva-orleans-es\/nueva-orleans-actividades-es\/tour-privado-nueva-orleans\/\"]}]},{\"@type\":\"ImageObject\",\"inLanguage\":\"es\",\"@id\":\"https:\/\/tourtravelandmore.com\/es\/tours\/eeuu-es\/nueva-orleans-es\/nueva-orleans-actividades-es\/tour-privado-nueva-orleans\/#primaryimage\",\"url\":\"https:\/\/tourtravelandmore.com\/wp-content\/uploads\/2020\/09\/The_Saint_Louis_Cathedral_-_New_Orleans_Louisiana-min-scaled.jpg\",\"contentUrl\":\"https:\/\/tourtravelandmore.com\/wp-content\/uploads\/2020\/09\/The_Saint_Louis_Cathedral_-_New_Orleans_Louisiana-min-scaled.jpg\",\"width\":2560,\"height\":1545,\"caption\":\"Saint Louis Cathedral\"},{\"@type\":\"BreadcrumbList\",\"@id\":\"https:\/\/tourtravelandmore.com\/es\/tours\/eeuu-es\/nueva-orleans-es\/nueva-orleans-actividades-es\/tour-privado-nueva-orleans\/#breadcrumb\",\"itemListElement\":[{\"@type\":\"ListItem\",\"position\":1,\"name\":\"Home\",\"item\":\"https:\/\/tourtravelandmore.com\/es\/\"},{\"@type\":\"ListItem\",\"position\":2,\"name\":\"Tours\",\"item\":\"https:\/\/tourtravelandmore.com\/es\/tours\/\"},{\"@type\":\"ListItem\",\"position\":3,\"name\":\"Tour privado de Nueva Orleans\"}]},{\"@type\":\"WebSite\",\"@id\":\"https:\/\/tourtravelandmore.com\/es\/#website\",\"url\":\"https:\/\/tourtravelandmore.com\/es\/\",\"name\":\"Tour Travel And More\",\"description\":\"Private sightseeing tours and luxury transfers in Spain\",\"publisher\":{\"@id\":\"https:\/\/tourtravelandmore.com\/es\/#organization\"},\"potentialAction\":[{\"@type\":\"SearchAction\",\"target\":{\"@type\":\"EntryPoint\",\"urlTemplate\":\"https:\/\/tourtravelandmore.com\/es\/?s={search_term_string}\"},\"query-input\":{\"@type\":\"PropertyValueSpecification\",\"valueRequired\":true,\"valueName\":\"search_term_string\"}}],\"inLanguage\":\"es\"},{\"@type\":\"Organization\",\"@id\":\"https:\/\/tourtravelandmore.com\/es\/#organization\",\"name\":\"Tour Travel And More\",\"url\":\"https:\/\/tourtravelandmore.com\/es\/\",\"logo\":{\"@type\":\"ImageObject\",\"inLanguage\":\"es\",\"@id\":\"https:\/\/tourtravelandmore.com\/es\/#\/schema\/logo\/image\/\",\"url\":\"https:\/\/tourtravelandmore.com\/wp-content\/uploads\/2022\/12\/cropped-logo-cabecera-new.png\",\"contentUrl\":\"https:\/\/tourtravelandmore.com\/wp-content\/uploads\/2022\/12\/cropped-logo-cabecera-new.png\",\"width\":430,\"height\":61,\"caption\":\"Tour Travel And More\"},\"image\":{\"@id\":\"https:\/\/tourtravelandmore.com\/es\/#\/schema\/logo\/image\/\"},\"sameAs\":[\"https:\/\/www.facebook.com\/tourtravelandmore\/\",\"https:\/\/x.com\/TourTravel_More\"]}]}<\/script>\n<!-- \/ Yoast SEO Premium plugin. -->","yoast_head_json":{"title":"Tour privado de Nueva Orleans con guia & vehiculo con ch\u00f3fer | TT&M","description":"\u2192 Reserve este Tour Privado en Nueva Orleans y descubra sus sitios m\u00e1s emblem\u00e1ticos con chofer y gu\u00eda. Visita el barrio franc\u00e9s y m\u00e1s! \u2705","robots":{"index":"index","follow":"follow","max-snippet":"max-snippet:-1","max-image-preview":"max-image-preview:large","max-video-preview":"max-video-preview:-1"},"canonical":"https:\/\/tourtravelandmore.com\/es\/tours\/eeuu-es\/nueva-orleans-es\/nueva-orleans-actividades-es\/tour-privado-nueva-orleans\/","og_locale":"es_ES","og_type":"article","og_title":"Tour privado de Nueva Orleans","og_description":"\u2192 Reserve este Tour Privado en Nueva Orleans y descubra sus sitios m\u00e1s emblem\u00e1ticos con chofer y gu\u00eda. Visita el barrio franc\u00e9s y m\u00e1s! \u2705","og_url":"https:\/\/tourtravelandmore.com\/es\/tours\/eeuu-es\/nueva-orleans-es\/nueva-orleans-actividades-es\/tour-privado-nueva-orleans\/","og_site_name":"Tour Travel And More","article_publisher":"https:\/\/www.facebook.com\/tourtravelandmore\/","article_modified_time":"2021-07-19T11:23:37+00:00","og_image":[{"width":2560,"height":1545,"url":"https:\/\/tourtravelandmore.com\/wp-content\/uploads\/2020\/09\/The_Saint_Louis_Cathedral_-_New_Orleans_Louisiana-min-scaled.jpg","type":"image\/jpeg"}],"twitter_card":"summary_large_image","twitter_site":"@TourTravel_More","twitter_misc":{"Tiempo de lectura":"2 minutos"},"schema":{"@context":"https:\/\/schema.org","@graph":[{"@type":"WebPage","@id":"https:\/\/tourtravelandmore.com\/es\/tours\/eeuu-es\/nueva-orleans-es\/nueva-orleans-actividades-es\/tour-privado-nueva-orleans\/","url":"https:\/\/tourtravelandmore.com\/es\/tours\/eeuu-es\/nueva-orleans-es\/nueva-orleans-actividades-es\/tour-privado-nueva-orleans\/","name":"Tour privado de Nueva Orleans con guia & vehiculo con ch\u00f3fer | TT&M","isPartOf":{"@id":"https:\/\/tourtravelandmore.com\/es\/#website"},"primaryImageOfPage":{"@id":"https:\/\/tourtravelandmore.com\/es\/tours\/eeuu-es\/nueva-orleans-es\/nueva-orleans-actividades-es\/tour-privado-nueva-orleans\/#primaryimage"},"image":{"@id":"https:\/\/tourtravelandmore.com\/es\/tours\/eeuu-es\/nueva-orleans-es\/nueva-orleans-actividades-es\/tour-privado-nueva-orleans\/#primaryimage"},"thumbnailUrl":"https:\/\/tourtravelandmore.com\/wp-content\/uploads\/2020\/09\/The_Saint_Louis_Cathedral_-_New_Orleans_Louisiana-min-scaled.jpg","datePublished":"2020-09-23T12:57:47+00:00","dateModified":"2021-07-19T11:23:37+00:00","description":"\u2192 Reserve este Tour Privado en Nueva Orleans y descubra sus sitios m\u00e1s emblem\u00e1ticos con chofer y gu\u00eda. Visita el barrio franc\u00e9s y m\u00e1s! \u2705","breadcrumb":{"@id":"https:\/\/tourtravelandmore.com\/es\/tours\/eeuu-es\/nueva-orleans-es\/nueva-orleans-actividades-es\/tour-privado-nueva-orleans\/#breadcrumb"},"inLanguage":"es","potentialAction":[{"@type":"ReadAction","target":["https:\/\/tourtravelandmore.com\/es\/tours\/eeuu-es\/nueva-orleans-es\/nueva-orleans-actividades-es\/tour-privado-nueva-orleans\/"]}]},{"@type":"ImageObject","inLanguage":"es","@id":"https:\/\/tourtravelandmore.com\/es\/tours\/eeuu-es\/nueva-orleans-es\/nueva-orleans-actividades-es\/tour-privado-nueva-orleans\/#primaryimage","url":"https:\/\/tourtravelandmore.com\/wp-content\/uploads\/2020\/09\/The_Saint_Louis_Cathedral_-_New_Orleans_Louisiana-min-scaled.jpg","contentUrl":"https:\/\/tourtravelandmore.com\/wp-content\/uploads\/2020\/09\/The_Saint_Louis_Cathedral_-_New_Orleans_Louisiana-min-scaled.jpg","width":2560,"height":1545,"caption":"Saint Louis Cathedral"},{"@type":"BreadcrumbList","@id":"https:\/\/tourtravelandmore.com\/es\/tours\/eeuu-es\/nueva-orleans-es\/nueva-orleans-actividades-es\/tour-privado-nueva-orleans\/#breadcrumb","itemListElement":[{"@type":"ListItem","position":1,"name":"Home","item":"https:\/\/tourtravelandmore.com\/es\/"},{"@type":"ListItem","position":2,"name":"Tours","item":"https:\/\/tourtravelandmore.com\/es\/tours\/"},{"@type":"ListItem","position":3,"name":"Tour privado de Nueva Orleans"}]},{"@type":"WebSite","@id":"https:\/\/tourtravelandmore.com\/es\/#website","url":"https:\/\/tourtravelandmore.com\/es\/","name":"Tour Travel And More","description":"Private sightseeing tours and luxury transfers in Spain","publisher":{"@id":"https:\/\/tourtravelandmore.com\/es\/#organization"},"potentialAction":[{"@type":"SearchAction","target":{"@type":"EntryPoint","urlTemplate":"https:\/\/tourtravelandmore.com\/es\/?s={search_term_string}"},"query-input":{"@type":"PropertyValueSpecification","valueRequired":true,"valueName":"search_term_string"}}],"inLanguage":"es"},{"@type":"Organization","@id":"https:\/\/tourtravelandmore.com\/es\/#organization","name":"Tour Travel And More","url":"https:\/\/tourtravelandmore.com\/es\/","logo":{"@type":"ImageObject","inLanguage":"es","@id":"https:\/\/tourtravelandmore.com\/es\/#\/schema\/logo\/image\/","url":"https:\/\/tourtravelandmore.com\/wp-content\/uploads\/2022\/12\/cropped-logo-cabecera-new.png","contentUrl":"https:\/\/tourtravelandmore.com\/wp-content\/uploads\/2022\/12\/cropped-logo-cabecera-new.png","width":430,"height":61,"caption":"Tour Travel And More"},"image":{"@id":"https:\/\/tourtravelandmore.com\/es\/#\/schema\/logo\/image\/"},"sameAs":["https:\/\/www.facebook.com\/tourtravelandmore\/","https:\/\/x.com\/TourTravel_More"]}]}},"_links":{"self":[{"href":"https:\/\/tourtravelandmore.com\/es\/wp-json\/wp\/v2\/product\/84035","targetHints":{"allow":["GET"]}}],"collection":[{"href":"https:\/\/tourtravelandmore.com\/es\/wp-json\/wp\/v2\/product"}],"about":[{"href":"https:\/\/tourtravelandmore.com\/es\/wp-json\/wp\/v2\/types\/product"}],"replies":[{"embeddable":true,"href":"https:\/\/tourtravelandmore.com\/es\/wp-json\/wp\/v2\/comments?post=84035"}],"wp:featuredmedia":[{"embeddable":true,"href":"https:\/\/tourtravelandmore.com\/es\/wp-json\/wp\/v2\/media\/84047"}],"wp:attachment":[{"href":"https:\/\/tourtravelandmore.com\/es\/wp-json\/wp\/v2\/media?parent=84035"}],"wp:term":[{"taxonomy":"product_brand","embeddable":true,"href":"https:\/\/tourtravelandmore.com\/es\/wp-json\/wp\/v2\/product_brand?post=84035"},{"taxonomy":"product_cat","embeddable":true,"href":"https:\/\/tourtravelandmore.com\/es\/wp-json\/wp\/v2\/product_cat?post=84035"},{"taxonomy":"product_tag","embeddable":true,"href":"https:\/\/tourtravelandmore.com\/es\/wp-json\/wp\/v2\/product_tag?post=84035"}],"curies":[{"name":"wp","href":"https:\/\/api.w.org\/{rel}","templated":true}]}}