{"id":83986,"date":"2020-09-22T13:35:11","date_gmt":"2020-09-22T11:35:12","guid":{"rendered":"https:\/\/tourtravelandmore.com\/?post_type=product&#038;p=83986"},"modified":"2021-07-19T13:31:57","modified_gmt":"2021-07-19T11:31:57","slug":"tour-a-pie-nueva-orleans","status":"publish","type":"product","link":"https:\/\/tourtravelandmore.com\/es\/tours\/eeuu-es\/nueva-orleans-es\/nueva-orleans-actividades-es\/tour-a-pie-nueva-orleans\/","title":{"rendered":"Tour privado a pie de Nueva Orleans"},"content":{"rendered":"<h2 class=\"p1\"><span class=\"s1\"><b>Descripci\u00f3n del Tour Privado a Pie en Nueva Orleans<\/b><\/span><\/h2>\n<p class=\"p3\"><span class=\"s1\">Cuando uno piensa en Nueva Orleans las primeras cosas que se vienen a la mente son <strong>Mardi-Gras y Jazz<\/strong>. Pero esto no es lo \u00fanico que Nueva Orleans tiene para ofrecer. Este tour privado a pie de Nueva Orleans le ense\u00f1ar\u00e1 los secretos de la ciudad! Descubre junto a un gu\u00eda oficial privado los sitios m\u00e1s emblem\u00e1ticos de Nueva Orleans.<\/span><\/p>\n<p class=\"p3\"><span class=\"s1\">Nueva Orleans es una de las ciudades m\u00e1s vibrantes del pa\u00eds. Su centro hist\u00f3rico, donde se encuentra el barrio franc\u00e9s, tiene una arquitectura maravillosa. All\u00ed encontrar\u00e1s influencias caribe\u00f1as, francesas, espa\u00f1olas y por supuesto americanas. Disfruta de la maravillosa hospitalidad de los locales.<\/span><\/p>\n<p class=\"p3\"><span class=\"s1\">Su tour privado comenzar\u00e1 en un sitio c\u00e9ntrico del barrio franc\u00e9s. Si su hotel se encuentra all\u00ed, es posible coordinar recogida en su hotel.<\/span><\/p>\n<h2 class=\"p1\"><span class=\"s1\"><b>Puntos de inter\u00e9s en nuestro Tour a Pie<\/b><\/span><\/h2>\n<p class=\"p3\"><span class=\"s1\">Primero encontrar\u00e1n a su gu\u00eda oficial privado para dar comienzo a su tour privado a pie de Nueva Orleans.<\/span><\/p>\n<p class=\"p3\"><span class=\"s1\">Este tour estar\u00e1 enfocado en el barrio franc\u00e9s de Nueva Orleans. En caso de que desee una visita m\u00e1s amplia de la ciudad ofrecemos tambi\u00e9n un tour con chofer y gu\u00eda separado.<\/span><\/p>\n<p class=\"p3\"><span class=\"s1\">Durante su tour caminar\u00e1 y explorar\u00e1 las calles del m\u00edtico barrio franc\u00e9s de la ciudad. Descubrir\u00e1 el antiguo distrito y disfrutar\u00e1 de su maravillosa arquitectura.<\/span><\/p>\n<p class=\"p3\"><span class=\"s1\">Entre otros sitios que podr\u00e1 visitar durante su tour privado:<\/span><\/p>\n<ul class=\"ul1\">\n<li class=\"li3\"><strong><a href=\"https:\/\/www.neworleans.com\/plan\/neighborhoods\/french-quarter\/\"><span class=\"s1\">Barrios Franc\u00e9s o Vieux Carre<\/span><\/a><\/strong><\/li>\n<li class=\"li3\"><strong><span class=\"s1\">Plaza Jackson y Estatua de Andrew Jackson <\/span><\/strong><\/li>\n<li class=\"li3\"><strong><span class=\"s1\">Catedral San Luis<\/span><\/strong><\/li>\n<li class=\"li3\"><strong><span class=\"s1\">Presbytere<\/span><\/strong><\/li>\n<li class=\"li3\"><strong><span class=\"s1\">Cabildo<\/span><\/strong><\/li>\n<li class=\"li3\"><strong><span class=\"s1\">Pontalbas <\/span><\/strong><\/li>\n<li class=\"li3\"><strong><span class=\"s1\">Pirates Alley<\/span><\/strong><\/li>\n<li class=\"li3\"><strong><span class=\"s1\">Le Petit Theatre <\/span><\/strong><\/li>\n<li class=\"li3\"><strong><span class=\"s1\">Casa Tennessee Williams<\/span><\/strong><\/li>\n<li class=\"li3\"><strong><span class=\"s1\">Casa William Faulkner<\/span><\/strong><\/li>\n<li class=\"li3\"><strong><span class=\"s1\">Negocio de Lafittle\u2019s<\/span><\/strong><\/li>\n<li class=\"li3\"><strong><span class=\"s1\">Bourbon Street <\/span><\/strong><\/li>\n<li class=\"li3\"><strong><span class=\"s1\">Royal Street<\/span><\/strong><\/li>\n<li class=\"li3\"><strong><span class=\"s1\">Vista del r\u00edo Mississippi<\/span><\/strong><\/li>\n<li class=\"li3\"><strong><span class=\"s1\">Mercado franc\u00e9s<\/span><\/strong><\/li>\n<li class=\"li3\"><strong><span class=\"s1\">Parada opcional en Cafe du Monde<\/span><\/strong><\/li>\n<li class=\"li3\"><strong><span class=\"s1\">Mucho m\u00e1s! <\/span><\/strong><\/li>\n<\/ul>\n<p class=\"p3\"><span class=\"s1\">Este itinerario es adaptable a su inter\u00e9s y deseo personal. Cont\u00e1ctennos y un miembro de nuestro equipo de expertos le ayudar\u00e1 a personalizar su itinerario.<\/span><\/p>\n","protected":false},"excerpt":{"rendered":"<p>Aprovecha esta oportunidad y descubre la magn\u00edfica <strong>ciudad de Nueva Orleans en un tour a PIE junto a un gu\u00eda oficial privado.<\/strong> Descubre la maravillosa arquitectura de la ciudad junto a un gu\u00eda local experto.<\/p>\n","protected":false},"featured_media":84006,"comment_status":"open","ping_status":"closed","template":"","meta":{"_acf_changed":false},"product_brand":[],"product_cat":[1602,2603,2604,2606],"product_tag":[],"class_list":{"0":"post-83986","1":"product","2":"type-product","3":"status-publish","4":"has-post-thumbnail","6":"product_cat-eeuu-es","7":"product_cat-nueva-orleans-es","8":"product_cat-nueva-orleans-actividades-es","9":"product_cat-nueva-orleans-a-pie-es","11":"first","12":"instock","13":"shipping-taxable","14":"purchasable","15":"product-type-simple"},"acf":[],"yoast_head":"<!-- This site is optimized with the Yoast SEO Premium plugin v25.3.1 (Yoast SEO v25.3.1) - https:\/\/yoast.com\/wordpress\/plugins\/seo\/ -->\n<title>Tour privado a pie de Nueva Orleans con gu\u00eda oficial privado | TT&amp;M<\/title>\n<meta name=\"description\" content=\"\u2192 Reserva este Tour Privado a pie en la ciudad de Nueva Orleans junto a un gu\u00eda oficial privado | Experieincia Privada e inolvidable \u2705\" \/>\n<meta name=\"robots\" content=\"index, follow, max-snippet:-1, max-image-preview:large, max-video-preview:-1\" \/>\n<link rel=\"canonical\" href=\"https:\/\/tourtravelandmore.com\/es\/tours\/eeuu-es\/nueva-orleans-es\/nueva-orleans-actividades-es\/tour-a-pie-nueva-orleans\/\" \/>\n<meta property=\"og:locale\" content=\"es_ES\" \/>\n<meta property=\"og:type\" content=\"article\" \/>\n<meta property=\"og:title\" content=\"Tour privado a pie de Nueva Orleans\" \/>\n<meta property=\"og:description\" content=\"\u2192 Reserva este Tour Privado a pie en la ciudad de Nueva Orleans junto a un gu\u00eda oficial privado | Experieincia Privada e inolvidable \u2705\" \/>\n<meta property=\"og:url\" content=\"https:\/\/tourtravelandmore.com\/es\/tours\/eeuu-es\/nueva-orleans-es\/nueva-orleans-actividades-es\/tour-a-pie-nueva-orleans\/\" \/>\n<meta property=\"og:site_name\" content=\"Tour Travel And More\" \/>\n<meta property=\"article:publisher\" content=\"https:\/\/www.facebook.com\/tourtravelandmore\/\" \/>\n<meta property=\"article:modified_time\" content=\"2021-07-19T11:31:57+00:00\" \/>\n<meta property=\"og:image\" content=\"https:\/\/tourtravelandmore.com\/wp-content\/uploads\/2020\/09\/New-Orleans-vieux-min.jpg\" \/>\n\t<meta property=\"og:image:width\" content=\"1280\" \/>\n\t<meta property=\"og:image:height\" content=\"848\" \/>\n\t<meta property=\"og:image:type\" content=\"image\/jpeg\" \/>\n<meta name=\"twitter:card\" content=\"summary_large_image\" \/>\n<meta name=\"twitter:site\" content=\"@TourTravel_More\" \/>\n<meta name=\"twitter:label1\" content=\"Tiempo de lectura\" \/>\n\t<meta name=\"twitter:data1\" content=\"2 minutos\" \/>\n<script type=\"application\/ld+json\" class=\"yoast-schema-graph\">{\"@context\":\"https:\/\/schema.org\",\"@graph\":[{\"@type\":\"WebPage\",\"@id\":\"https:\/\/tourtravelandmore.com\/es\/tours\/eeuu-es\/nueva-orleans-es\/nueva-orleans-actividades-es\/tour-a-pie-nueva-orleans\/\",\"url\":\"https:\/\/tourtravelandmore.com\/es\/tours\/eeuu-es\/nueva-orleans-es\/nueva-orleans-actividades-es\/tour-a-pie-nueva-orleans\/\",\"name\":\"Tour privado a pie de Nueva Orleans con gu\u00eda oficial privado | TT&M\",\"isPartOf\":{\"@id\":\"https:\/\/tourtravelandmore.com\/es\/#website\"},\"primaryImageOfPage\":{\"@id\":\"https:\/\/tourtravelandmore.com\/es\/tours\/eeuu-es\/nueva-orleans-es\/nueva-orleans-actividades-es\/tour-a-pie-nueva-orleans\/#primaryimage\"},\"image\":{\"@id\":\"https:\/\/tourtravelandmore.com\/es\/tours\/eeuu-es\/nueva-orleans-es\/nueva-orleans-actividades-es\/tour-a-pie-nueva-orleans\/#primaryimage\"},\"thumbnailUrl\":\"https:\/\/tourtravelandmore.com\/wp-content\/uploads\/2020\/09\/New-Orleans-vieux-min.jpg\",\"datePublished\":\"2020-09-22T11:35:12+00:00\",\"dateModified\":\"2021-07-19T11:31:57+00:00\",\"description\":\"\u2192 Reserva este Tour Privado a pie en la ciudad de Nueva Orleans junto a un gu\u00eda oficial privado | Experieincia Privada e inolvidable \u2705\",\"breadcrumb\":{\"@id\":\"https:\/\/tourtravelandmore.com\/es\/tours\/eeuu-es\/nueva-orleans-es\/nueva-orleans-actividades-es\/tour-a-pie-nueva-orleans\/#breadcrumb\"},\"inLanguage\":\"es\",\"potentialAction\":[{\"@type\":\"ReadAction\",\"target\":[\"https:\/\/tourtravelandmore.com\/es\/tours\/eeuu-es\/nueva-orleans-es\/nueva-orleans-actividades-es\/tour-a-pie-nueva-orleans\/\"]}]},{\"@type\":\"ImageObject\",\"inLanguage\":\"es\",\"@id\":\"https:\/\/tourtravelandmore.com\/es\/tours\/eeuu-es\/nueva-orleans-es\/nueva-orleans-actividades-es\/tour-a-pie-nueva-orleans\/#primaryimage\",\"url\":\"https:\/\/tourtravelandmore.com\/wp-content\/uploads\/2020\/09\/New-Orleans-vieux-min.jpg\",\"contentUrl\":\"https:\/\/tourtravelandmore.com\/wp-content\/uploads\/2020\/09\/New-Orleans-vieux-min.jpg\",\"width\":1280,\"height\":848,\"caption\":\"French quarter new orleans\"},{\"@type\":\"BreadcrumbList\",\"@id\":\"https:\/\/tourtravelandmore.com\/es\/tours\/eeuu-es\/nueva-orleans-es\/nueva-orleans-actividades-es\/tour-a-pie-nueva-orleans\/#breadcrumb\",\"itemListElement\":[{\"@type\":\"ListItem\",\"position\":1,\"name\":\"Home\",\"item\":\"https:\/\/tourtravelandmore.com\/es\/\"},{\"@type\":\"ListItem\",\"position\":2,\"name\":\"Tours\",\"item\":\"https:\/\/tourtravelandmore.com\/es\/tours\/\"},{\"@type\":\"ListItem\",\"position\":3,\"name\":\"Tour privado a pie de Nueva Orleans\"}]},{\"@type\":\"WebSite\",\"@id\":\"https:\/\/tourtravelandmore.com\/es\/#website\",\"url\":\"https:\/\/tourtravelandmore.com\/es\/\",\"name\":\"Tour Travel And More\",\"description\":\"Private sightseeing tours and luxury transfers in Spain\",\"publisher\":{\"@id\":\"https:\/\/tourtravelandmore.com\/es\/#organization\"},\"potentialAction\":[{\"@type\":\"SearchAction\",\"target\":{\"@type\":\"EntryPoint\",\"urlTemplate\":\"https:\/\/tourtravelandmore.com\/es\/?s={search_term_string}\"},\"query-input\":{\"@type\":\"PropertyValueSpecification\",\"valueRequired\":true,\"valueName\":\"search_term_string\"}}],\"inLanguage\":\"es\"},{\"@type\":\"Organization\",\"@id\":\"https:\/\/tourtravelandmore.com\/es\/#organization\",\"name\":\"Tour Travel And More\",\"url\":\"https:\/\/tourtravelandmore.com\/es\/\",\"logo\":{\"@type\":\"ImageObject\",\"inLanguage\":\"es\",\"@id\":\"https:\/\/tourtravelandmore.com\/es\/#\/schema\/logo\/image\/\",\"url\":\"https:\/\/tourtravelandmore.com\/wp-content\/uploads\/2022\/12\/cropped-logo-cabecera-new.png\",\"contentUrl\":\"https:\/\/tourtravelandmore.com\/wp-content\/uploads\/2022\/12\/cropped-logo-cabecera-new.png\",\"width\":430,\"height\":61,\"caption\":\"Tour Travel And More\"},\"image\":{\"@id\":\"https:\/\/tourtravelandmore.com\/es\/#\/schema\/logo\/image\/\"},\"sameAs\":[\"https:\/\/www.facebook.com\/tourtravelandmore\/\",\"https:\/\/x.com\/TourTravel_More\"]}]}<\/script>\n<!-- \/ Yoast SEO Premium plugin. -->","yoast_head_json":{"title":"Tour privado a pie de Nueva Orleans con gu\u00eda oficial privado | TT&M","description":"\u2192 Reserva este Tour Privado a pie en la ciudad de Nueva Orleans junto a un gu\u00eda oficial privado | Experieincia Privada e inolvidable \u2705","robots":{"index":"index","follow":"follow","max-snippet":"max-snippet:-1","max-image-preview":"max-image-preview:large","max-video-preview":"max-video-preview:-1"},"canonical":"https:\/\/tourtravelandmore.com\/es\/tours\/eeuu-es\/nueva-orleans-es\/nueva-orleans-actividades-es\/tour-a-pie-nueva-orleans\/","og_locale":"es_ES","og_type":"article","og_title":"Tour privado a pie de Nueva Orleans","og_description":"\u2192 Reserva este Tour Privado a pie en la ciudad de Nueva Orleans junto a un gu\u00eda oficial privado | Experieincia Privada e inolvidable \u2705","og_url":"https:\/\/tourtravelandmore.com\/es\/tours\/eeuu-es\/nueva-orleans-es\/nueva-orleans-actividades-es\/tour-a-pie-nueva-orleans\/","og_site_name":"Tour Travel And More","article_publisher":"https:\/\/www.facebook.com\/tourtravelandmore\/","article_modified_time":"2021-07-19T11:31:57+00:00","og_image":[{"width":1280,"height":848,"url":"https:\/\/tourtravelandmore.com\/wp-content\/uploads\/2020\/09\/New-Orleans-vieux-min.jpg","type":"image\/jpeg"}],"twitter_card":"summary_large_image","twitter_site":"@TourTravel_More","twitter_misc":{"Tiempo de lectura":"2 minutos"},"schema":{"@context":"https:\/\/schema.org","@graph":[{"@type":"WebPage","@id":"https:\/\/tourtravelandmore.com\/es\/tours\/eeuu-es\/nueva-orleans-es\/nueva-orleans-actividades-es\/tour-a-pie-nueva-orleans\/","url":"https:\/\/tourtravelandmore.com\/es\/tours\/eeuu-es\/nueva-orleans-es\/nueva-orleans-actividades-es\/tour-a-pie-nueva-orleans\/","name":"Tour privado a pie de Nueva Orleans con gu\u00eda oficial privado | TT&M","isPartOf":{"@id":"https:\/\/tourtravelandmore.com\/es\/#website"},"primaryImageOfPage":{"@id":"https:\/\/tourtravelandmore.com\/es\/tours\/eeuu-es\/nueva-orleans-es\/nueva-orleans-actividades-es\/tour-a-pie-nueva-orleans\/#primaryimage"},"image":{"@id":"https:\/\/tourtravelandmore.com\/es\/tours\/eeuu-es\/nueva-orleans-es\/nueva-orleans-actividades-es\/tour-a-pie-nueva-orleans\/#primaryimage"},"thumbnailUrl":"https:\/\/tourtravelandmore.com\/wp-content\/uploads\/2020\/09\/New-Orleans-vieux-min.jpg","datePublished":"2020-09-22T11:35:12+00:00","dateModified":"2021-07-19T11:31:57+00:00","description":"\u2192 Reserva este Tour Privado a pie en la ciudad de Nueva Orleans junto a un gu\u00eda oficial privado | Experieincia Privada e inolvidable \u2705","breadcrumb":{"@id":"https:\/\/tourtravelandmore.com\/es\/tours\/eeuu-es\/nueva-orleans-es\/nueva-orleans-actividades-es\/tour-a-pie-nueva-orleans\/#breadcrumb"},"inLanguage":"es","potentialAction":[{"@type":"ReadAction","target":["https:\/\/tourtravelandmore.com\/es\/tours\/eeuu-es\/nueva-orleans-es\/nueva-orleans-actividades-es\/tour-a-pie-nueva-orleans\/"]}]},{"@type":"ImageObject","inLanguage":"es","@id":"https:\/\/tourtravelandmore.com\/es\/tours\/eeuu-es\/nueva-orleans-es\/nueva-orleans-actividades-es\/tour-a-pie-nueva-orleans\/#primaryimage","url":"https:\/\/tourtravelandmore.com\/wp-content\/uploads\/2020\/09\/New-Orleans-vieux-min.jpg","contentUrl":"https:\/\/tourtravelandmore.com\/wp-content\/uploads\/2020\/09\/New-Orleans-vieux-min.jpg","width":1280,"height":848,"caption":"French quarter new orleans"},{"@type":"BreadcrumbList","@id":"https:\/\/tourtravelandmore.com\/es\/tours\/eeuu-es\/nueva-orleans-es\/nueva-orleans-actividades-es\/tour-a-pie-nueva-orleans\/#breadcrumb","itemListElement":[{"@type":"ListItem","position":1,"name":"Home","item":"https:\/\/tourtravelandmore.com\/es\/"},{"@type":"ListItem","position":2,"name":"Tours","item":"https:\/\/tourtravelandmore.com\/es\/tours\/"},{"@type":"ListItem","position":3,"name":"Tour privado a pie de Nueva Orleans"}]},{"@type":"WebSite","@id":"https:\/\/tourtravelandmore.com\/es\/#website","url":"https:\/\/tourtravelandmore.com\/es\/","name":"Tour Travel And More","description":"Private sightseeing tours and luxury transfers in Spain","publisher":{"@id":"https:\/\/tourtravelandmore.com\/es\/#organization"},"potentialAction":[{"@type":"SearchAction","target":{"@type":"EntryPoint","urlTemplate":"https:\/\/tourtravelandmore.com\/es\/?s={search_term_string}"},"query-input":{"@type":"PropertyValueSpecification","valueRequired":true,"valueName":"search_term_string"}}],"inLanguage":"es"},{"@type":"Organization","@id":"https:\/\/tourtravelandmore.com\/es\/#organization","name":"Tour Travel And More","url":"https:\/\/tourtravelandmore.com\/es\/","logo":{"@type":"ImageObject","inLanguage":"es","@id":"https:\/\/tourtravelandmore.com\/es\/#\/schema\/logo\/image\/","url":"https:\/\/tourtravelandmore.com\/wp-content\/uploads\/2022\/12\/cropped-logo-cabecera-new.png","contentUrl":"https:\/\/tourtravelandmore.com\/wp-content\/uploads\/2022\/12\/cropped-logo-cabecera-new.png","width":430,"height":61,"caption":"Tour Travel And More"},"image":{"@id":"https:\/\/tourtravelandmore.com\/es\/#\/schema\/logo\/image\/"},"sameAs":["https:\/\/www.facebook.com\/tourtravelandmore\/","https:\/\/x.com\/TourTravel_More"]}]}},"_links":{"self":[{"href":"https:\/\/tourtravelandmore.com\/es\/wp-json\/wp\/v2\/product\/83986","targetHints":{"allow":["GET"]}}],"collection":[{"href":"https:\/\/tourtravelandmore.com\/es\/wp-json\/wp\/v2\/product"}],"about":[{"href":"https:\/\/tourtravelandmore.com\/es\/wp-json\/wp\/v2\/types\/product"}],"replies":[{"embeddable":true,"href":"https:\/\/tourtravelandmore.com\/es\/wp-json\/wp\/v2\/comments?post=83986"}],"wp:featuredmedia":[{"embeddable":true,"href":"https:\/\/tourtravelandmore.com\/es\/wp-json\/wp\/v2\/media\/84006"}],"wp:attachment":[{"href":"https:\/\/tourtravelandmore.com\/es\/wp-json\/wp\/v2\/media?parent=83986"}],"wp:term":[{"taxonomy":"product_brand","embeddable":true,"href":"https:\/\/tourtravelandmore.com\/es\/wp-json\/wp\/v2\/product_brand?post=83986"},{"taxonomy":"product_cat","embeddable":true,"href":"https:\/\/tourtravelandmore.com\/es\/wp-json\/wp\/v2\/product_cat?post=83986"},{"taxonomy":"product_tag","embeddable":true,"href":"https:\/\/tourtravelandmore.com\/es\/wp-json\/wp\/v2\/product_tag?post=83986"}],"curies":[{"name":"wp","href":"https:\/\/api.w.org\/{rel}","templated":true}]}}