{"id":8394,"date":"2016-10-20T17:55:35","date_gmt":"2016-10-24T15:58:01","guid":{"rendered":"http:\/\/tourtravelandmore.com\/es\/?post_type=product&#038;p=8394"},"modified":"2022-11-26T00:48:39","modified_gmt":"2022-11-25T23:48:39","slug":"tour-privado-pie-barcelona","status":"publish","type":"product","link":"https:\/\/tourtravelandmore.com\/es\/tours\/espana-es\/barcelona-es\/tour-privado-pie-barcelona\/","title":{"rendered":"Tour a pie por Barcelona &#8211; Tour privado"},"content":{"rendered":"<h2>Descripci\u00f3n del Tour a pie por Barcelona &#8211; Tour privado<\/h2>\n<p>Disfrute de este <strong>tour a pie Barcelona<\/strong> <strong>con vuestro guia oficial privado<\/strong> y conoce los lugares m\u00e1s emblem\u00e1ticos de <strong>Barcelona<\/strong>.<\/p>\n<p>Pueden escoger la hora de salida del tour y vuestro lugar de recogida dentro de la ciudad de Barcelona, siempre y cuando se pueda llegar a pie o se encuentre dentro del recorrido a pie, para aprovechar al m\u00e1ximo el tiempo.<\/p>\n<p>La duraci\u00f3n del Tour a pie Barcelona privado a pie son de 4 horas, pero si desea m\u00e1s horas, no hay problema, solo nos lo tiene que indicar en el formulario de contacto del tour.<\/p>\n<p>Es un tour a pie Barcelona completamente privado y nuestro gu\u00eda se adaptar\u00e1 en todo momento a vosotros.<\/p>\n<h2>Puntos de Inter\u00e9s en el Tour a pie por Barcelona &#8211; Tour privado<\/h2>\n<p>Descubre lugares \u00fanicos junto a nuestro gu\u00eda oficial, d\u00f3nde os explicar\u00e1 la historia de la ciudad de Barcelona, La Obra de Gaudi y los principales punto de inter\u00e9s de la ciudad. El Tour puede variar el orden del recorrido a pie, en funci\u00f3n del hotel o punto de encuentro.<\/p>\n<p>Uno de los puntos de encuentro ser\u00eda <strong>Paseo de Gracia,\u00a0<\/strong>una de las calles de mayor prestigio de la ciudad de Barcelona y d\u00f3nde se encuentran las principales tiendas de lujo en la ciudad. En esta misma calle encontramos dos monumentos de <strong>Antonio Gaudi, la Casa Batll\u00f3 y la Pedrera.<\/strong><\/p>\n<p>Justo al lado de <strong>Paseo de Gracia,\u00a0<\/strong>encontramos otra de las principales calles, <strong>Rambla Catalu\u00f1a, tambi\u00e9n con un gran n\u00famero de tiendas y restaurantes.\u00a0<\/strong>Al final de la calle, tanto si bajamos por Rambla Catalu\u00f1a o Paseo de Gracia, llegaremos a uno de las principales plazas de la ciudad, <strong>Plaza Catalu\u00f1a.\u00a0<\/strong>Despu\u00e9s de plaza Catalu\u00f1a nos dirijiremos a <strong>las ramblas. <\/strong>Las Ramblas siempre est\u00e1n animadas, repletas de turistas y artistas callejeros que act\u00faan como estatuas humanas y est\u00e1n divididas en 4 partes, ya que el recorrido 1,4Km. <strong>Rambla de Canaletes<\/strong> (d\u00f3nde la afici\u00f3n del Bar\u00e7a celebra los trofeos), <strong>Rambla de los Estudios<\/strong>, <strong>Rambla de las Flores<\/strong>, <strong>Rambla de los Capuchinos<\/strong>, <strong>Rambla de Santa M\u00f2nica<\/strong>.<\/p>\n<p>Cerca de las ramblas se encuentra la<strong> Catedral de Barcelona, es una Catedral de estilo g\u00f3tico. <\/strong>Tambi\u00e9n conoceros uno de los barrios m\u00e1s famosos de la ciudad, el <strong>Barrio G\u00f3tico. <\/strong>Para finalizar llegaremos hasta la<strong> Estatua de col\u00f3n, cerca del Puerto Ol\u00edmpico y barrio de la Barceloneta. <\/strong><\/p>\n<p>Nos podremos despedir ah\u00ed de nuestro gu\u00eda privado oficial y comer en un restaurante t\u00edpico de pescado o un buen arroz.<\/p>\n<p>Si desea cualquier otro tipo de ruta a pie, no dude en indicarlo en el formulario de contacto del tour.<\/p>\n<p>Si prefiere otro tour de la ciudad de Barcelona, tambi\u00e9n puede consultar nuestro <a href=\"https:\/\/tourtravelandmore.com\/es\/ciudad\/espana-es\/barcelona-es\/barcelona-top-ventas-es\/\">Top ventas de tour privados de la ciudad de barcelona.<\/a><\/p>\n","protected":false},"excerpt":{"rendered":"<h2>Barcelona<\/h2>\n<h3>TOUR PRIVADO<\/h3>\n<p>Disfrute de este <strong>tour personalizable a pie por Barcelona<\/strong>. Tome esta oportunidad para conocer y disfrutar de <strong>Barcelona<\/strong> durante este tour con vuestro <strong>guia oficial privado<\/strong>. Disfruta de los monumentos y zonas m\u00e1s emblem\u00e1ticas de Barcelona como <strong>Las Ramblas<\/strong>, <strong>Casa Batllo<\/strong>, <strong>Barceloneta<\/strong> y mucho mas.<\/p>\n<h4>Destacado<\/h4>\n<ul>\n<li>[icon name=\"clock-o\" class=\"\" unprefixed_class=\"\"] <strong>Tour privado de Barcelona<\/strong><\/li>\n<li>[icon name=\"graduation-cap\" class=\"\" unprefixed_class=\"\"] Gu\u00eda oficial privado<\/li>\n<li>[icon name=\"eye\" class=\"\" unprefixed_class=\"\"] Disfruta de los monumentos y zonas m\u00e1s emblem\u00e1ticos de Barcelona<\/li>\n<li>[icon name=\"check\" class=\"\" unprefixed_class=\"\"] Posibilidad de tour personalizable<\/li>\n<li>[icon name=\"star\" class=\"\" unprefixed_class=\"\"] Lugares emblem\u00e1ticos: Barrio Gotico, La Pedrera, Las Ramblas\u2026<\/li>\n<\/ul>\n","protected":false},"featured_media":8064,"comment_status":"open","ping_status":"closed","template":"","meta":{"_acf_changed":false},"product_brand":[],"product_cat":[69,283,266,271],"product_tag":[],"class_list":{"0":"post-8394","1":"product","2":"type-product","3":"status-publish","4":"has-post-thumbnail","6":"product_cat-barcelona-es","7":"product_cat-barcelona-top-ventas-es","8":"product_cat-barcelona-actividades-es","9":"product_cat-barcelona-tours-privados-pie-es","11":"first","12":"instock","13":"shipping-taxable","14":"purchasable","15":"product-type-simple"},"acf":[],"yoast_head":"<!-- This site is optimized with the Yoast SEO Premium plugin v25.3.1 (Yoast SEO v25.3.1) - https:\/\/yoast.com\/wordpress\/plugins\/seo\/ -->\n<title>\u27a1\ufe0f Tour a pie por Barcelona | Tour Travel &amp; More<\/title>\n<meta name=\"description\" content=\"Conoce junto a su gu\u00eda oficial privado, las principales zonas de Barcelona gracias a un Tour a pie por Barcelona, d\u00f3nde descubir\u00e1 los principales barrios \u2705\" \/>\n<meta name=\"robots\" content=\"index, follow, max-snippet:-1, max-image-preview:large, max-video-preview:-1\" \/>\n<link rel=\"canonical\" href=\"https:\/\/tourtravelandmore.com\/es\/tours\/espana-es\/barcelona-es\/tour-privado-pie-barcelona\/\" \/>\n<meta property=\"og:locale\" content=\"es_ES\" \/>\n<meta property=\"og:type\" content=\"article\" \/>\n<meta property=\"og:title\" content=\"Tour a pie por Barcelona - Tour privado\" \/>\n<meta property=\"og:description\" content=\"Conoce junto a su gu\u00eda oficial privado, las principales zonas de Barcelona gracias a un Tour a pie por Barcelona, d\u00f3nde descubir\u00e1 los principales barrios \u2705\" \/>\n<meta property=\"og:url\" content=\"https:\/\/tourtravelandmore.com\/es\/tours\/espana-es\/barcelona-es\/tour-privado-pie-barcelona\/\" \/>\n<meta property=\"og:site_name\" content=\"Tour Travel And More\" \/>\n<meta property=\"article:publisher\" content=\"https:\/\/www.facebook.com\/tourtravelandmore\/\" \/>\n<meta property=\"article:modified_time\" content=\"2022-11-25T23:48:39+00:00\" \/>\n<meta property=\"og:image\" content=\"https:\/\/tourtravelandmore.com\/wp-content\/uploads\/2016\/10\/barcelona-walking-tour-4.jpg\" \/>\n\t<meta property=\"og:image:width\" content=\"1133\" \/>\n\t<meta property=\"og:image:height\" content=\"510\" \/>\n\t<meta property=\"og:image:type\" content=\"image\/jpeg\" \/>\n<meta name=\"twitter:card\" content=\"summary_large_image\" \/>\n<meta name=\"twitter:site\" content=\"@TourTravel_More\" \/>\n<meta name=\"twitter:label1\" content=\"Tiempo de lectura\" \/>\n\t<meta name=\"twitter:data1\" content=\"2 minutos\" \/>\n<script type=\"application\/ld+json\" class=\"yoast-schema-graph\">{\"@context\":\"https:\/\/schema.org\",\"@graph\":[{\"@type\":\"WebPage\",\"@id\":\"https:\/\/tourtravelandmore.com\/es\/tours\/espana-es\/barcelona-es\/tour-privado-pie-barcelona\/\",\"url\":\"https:\/\/tourtravelandmore.com\/es\/tours\/espana-es\/barcelona-es\/tour-privado-pie-barcelona\/\",\"name\":\"\u27a1\ufe0f Tour a pie por Barcelona | Tour Travel & More\",\"isPartOf\":{\"@id\":\"https:\/\/tourtravelandmore.com\/es\/#website\"},\"primaryImageOfPage\":{\"@id\":\"https:\/\/tourtravelandmore.com\/es\/tours\/espana-es\/barcelona-es\/tour-privado-pie-barcelona\/#primaryimage\"},\"image\":{\"@id\":\"https:\/\/tourtravelandmore.com\/es\/tours\/espana-es\/barcelona-es\/tour-privado-pie-barcelona\/#primaryimage\"},\"thumbnailUrl\":\"https:\/\/tourtravelandmore.com\/wp-content\/uploads\/2016\/10\/barcelona-walking-tour-4.jpg\",\"datePublished\":\"2016-10-24T15:58:01+00:00\",\"dateModified\":\"2022-11-25T23:48:39+00:00\",\"description\":\"Conoce junto a su gu\u00eda oficial privado, las principales zonas de Barcelona gracias a un Tour a pie por Barcelona, d\u00f3nde descubir\u00e1 los principales barrios \u2705\",\"breadcrumb\":{\"@id\":\"https:\/\/tourtravelandmore.com\/es\/tours\/espana-es\/barcelona-es\/tour-privado-pie-barcelona\/#breadcrumb\"},\"inLanguage\":\"es\",\"potentialAction\":[{\"@type\":\"ReadAction\",\"target\":[\"https:\/\/tourtravelandmore.com\/es\/tours\/espana-es\/barcelona-es\/tour-privado-pie-barcelona\/\"]}]},{\"@type\":\"ImageObject\",\"inLanguage\":\"es\",\"@id\":\"https:\/\/tourtravelandmore.com\/es\/tours\/espana-es\/barcelona-es\/tour-privado-pie-barcelona\/#primaryimage\",\"url\":\"https:\/\/tourtravelandmore.com\/wp-content\/uploads\/2016\/10\/barcelona-walking-tour-4.jpg\",\"contentUrl\":\"https:\/\/tourtravelandmore.com\/wp-content\/uploads\/2016\/10\/barcelona-walking-tour-4.jpg\",\"width\":1133,\"height\":510},{\"@type\":\"BreadcrumbList\",\"@id\":\"https:\/\/tourtravelandmore.com\/es\/tours\/espana-es\/barcelona-es\/tour-privado-pie-barcelona\/#breadcrumb\",\"itemListElement\":[{\"@type\":\"ListItem\",\"position\":1,\"name\":\"Home\",\"item\":\"https:\/\/tourtravelandmore.com\/es\/\"},{\"@type\":\"ListItem\",\"position\":2,\"name\":\"Tours\",\"item\":\"https:\/\/tourtravelandmore.com\/es\/tours\/\"},{\"@type\":\"ListItem\",\"position\":3,\"name\":\"Tour a pie por Barcelona &#8211; Tour privado\"}]},{\"@type\":\"WebSite\",\"@id\":\"https:\/\/tourtravelandmore.com\/es\/#website\",\"url\":\"https:\/\/tourtravelandmore.com\/es\/\",\"name\":\"Tour Travel And More\",\"description\":\"Private sightseeing tours and luxury transfers in Spain\",\"publisher\":{\"@id\":\"https:\/\/tourtravelandmore.com\/es\/#organization\"},\"potentialAction\":[{\"@type\":\"SearchAction\",\"target\":{\"@type\":\"EntryPoint\",\"urlTemplate\":\"https:\/\/tourtravelandmore.com\/es\/?s={search_term_string}\"},\"query-input\":{\"@type\":\"PropertyValueSpecification\",\"valueRequired\":true,\"valueName\":\"search_term_string\"}}],\"inLanguage\":\"es\"},{\"@type\":\"Organization\",\"@id\":\"https:\/\/tourtravelandmore.com\/es\/#organization\",\"name\":\"Tour Travel And More\",\"url\":\"https:\/\/tourtravelandmore.com\/es\/\",\"logo\":{\"@type\":\"ImageObject\",\"inLanguage\":\"es\",\"@id\":\"https:\/\/tourtravelandmore.com\/es\/#\/schema\/logo\/image\/\",\"url\":\"https:\/\/tourtravelandmore.com\/wp-content\/uploads\/2022\/12\/cropped-logo-cabecera-new.png\",\"contentUrl\":\"https:\/\/tourtravelandmore.com\/wp-content\/uploads\/2022\/12\/cropped-logo-cabecera-new.png\",\"width\":430,\"height\":61,\"caption\":\"Tour Travel And More\"},\"image\":{\"@id\":\"https:\/\/tourtravelandmore.com\/es\/#\/schema\/logo\/image\/\"},\"sameAs\":[\"https:\/\/www.facebook.com\/tourtravelandmore\/\",\"https:\/\/x.com\/TourTravel_More\"]}]}<\/script>\n<!-- \/ Yoast SEO Premium plugin. -->","yoast_head_json":{"title":"\u27a1\ufe0f Tour a pie por Barcelona | Tour Travel & More","description":"Conoce junto a su gu\u00eda oficial privado, las principales zonas de Barcelona gracias a un Tour a pie por Barcelona, d\u00f3nde descubir\u00e1 los principales barrios \u2705","robots":{"index":"index","follow":"follow","max-snippet":"max-snippet:-1","max-image-preview":"max-image-preview:large","max-video-preview":"max-video-preview:-1"},"canonical":"https:\/\/tourtravelandmore.com\/es\/tours\/espana-es\/barcelona-es\/tour-privado-pie-barcelona\/","og_locale":"es_ES","og_type":"article","og_title":"Tour a pie por Barcelona - Tour privado","og_description":"Conoce junto a su gu\u00eda oficial privado, las principales zonas de Barcelona gracias a un Tour a pie por Barcelona, d\u00f3nde descubir\u00e1 los principales barrios \u2705","og_url":"https:\/\/tourtravelandmore.com\/es\/tours\/espana-es\/barcelona-es\/tour-privado-pie-barcelona\/","og_site_name":"Tour Travel And More","article_publisher":"https:\/\/www.facebook.com\/tourtravelandmore\/","article_modified_time":"2022-11-25T23:48:39+00:00","og_image":[{"width":1133,"height":510,"url":"https:\/\/tourtravelandmore.com\/wp-content\/uploads\/2016\/10\/barcelona-walking-tour-4.jpg","type":"image\/jpeg"}],"twitter_card":"summary_large_image","twitter_site":"@TourTravel_More","twitter_misc":{"Tiempo de lectura":"2 minutos"},"schema":{"@context":"https:\/\/schema.org","@graph":[{"@type":"WebPage","@id":"https:\/\/tourtravelandmore.com\/es\/tours\/espana-es\/barcelona-es\/tour-privado-pie-barcelona\/","url":"https:\/\/tourtravelandmore.com\/es\/tours\/espana-es\/barcelona-es\/tour-privado-pie-barcelona\/","name":"\u27a1\ufe0f Tour a pie por Barcelona | Tour Travel & More","isPartOf":{"@id":"https:\/\/tourtravelandmore.com\/es\/#website"},"primaryImageOfPage":{"@id":"https:\/\/tourtravelandmore.com\/es\/tours\/espana-es\/barcelona-es\/tour-privado-pie-barcelona\/#primaryimage"},"image":{"@id":"https:\/\/tourtravelandmore.com\/es\/tours\/espana-es\/barcelona-es\/tour-privado-pie-barcelona\/#primaryimage"},"thumbnailUrl":"https:\/\/tourtravelandmore.com\/wp-content\/uploads\/2016\/10\/barcelona-walking-tour-4.jpg","datePublished":"2016-10-24T15:58:01+00:00","dateModified":"2022-11-25T23:48:39+00:00","description":"Conoce junto a su gu\u00eda oficial privado, las principales zonas de Barcelona gracias a un Tour a pie por Barcelona, d\u00f3nde descubir\u00e1 los principales barrios \u2705","breadcrumb":{"@id":"https:\/\/tourtravelandmore.com\/es\/tours\/espana-es\/barcelona-es\/tour-privado-pie-barcelona\/#breadcrumb"},"inLanguage":"es","potentialAction":[{"@type":"ReadAction","target":["https:\/\/tourtravelandmore.com\/es\/tours\/espana-es\/barcelona-es\/tour-privado-pie-barcelona\/"]}]},{"@type":"ImageObject","inLanguage":"es","@id":"https:\/\/tourtravelandmore.com\/es\/tours\/espana-es\/barcelona-es\/tour-privado-pie-barcelona\/#primaryimage","url":"https:\/\/tourtravelandmore.com\/wp-content\/uploads\/2016\/10\/barcelona-walking-tour-4.jpg","contentUrl":"https:\/\/tourtravelandmore.com\/wp-content\/uploads\/2016\/10\/barcelona-walking-tour-4.jpg","width":1133,"height":510},{"@type":"BreadcrumbList","@id":"https:\/\/tourtravelandmore.com\/es\/tours\/espana-es\/barcelona-es\/tour-privado-pie-barcelona\/#breadcrumb","itemListElement":[{"@type":"ListItem","position":1,"name":"Home","item":"https:\/\/tourtravelandmore.com\/es\/"},{"@type":"ListItem","position":2,"name":"Tours","item":"https:\/\/tourtravelandmore.com\/es\/tours\/"},{"@type":"ListItem","position":3,"name":"Tour a pie por Barcelona &#8211; Tour privado"}]},{"@type":"WebSite","@id":"https:\/\/tourtravelandmore.com\/es\/#website","url":"https:\/\/tourtravelandmore.com\/es\/","name":"Tour Travel And More","description":"Private sightseeing tours and luxury transfers in Spain","publisher":{"@id":"https:\/\/tourtravelandmore.com\/es\/#organization"},"potentialAction":[{"@type":"SearchAction","target":{"@type":"EntryPoint","urlTemplate":"https:\/\/tourtravelandmore.com\/es\/?s={search_term_string}"},"query-input":{"@type":"PropertyValueSpecification","valueRequired":true,"valueName":"search_term_string"}}],"inLanguage":"es"},{"@type":"Organization","@id":"https:\/\/tourtravelandmore.com\/es\/#organization","name":"Tour Travel And More","url":"https:\/\/tourtravelandmore.com\/es\/","logo":{"@type":"ImageObject","inLanguage":"es","@id":"https:\/\/tourtravelandmore.com\/es\/#\/schema\/logo\/image\/","url":"https:\/\/tourtravelandmore.com\/wp-content\/uploads\/2022\/12\/cropped-logo-cabecera-new.png","contentUrl":"https:\/\/tourtravelandmore.com\/wp-content\/uploads\/2022\/12\/cropped-logo-cabecera-new.png","width":430,"height":61,"caption":"Tour Travel And More"},"image":{"@id":"https:\/\/tourtravelandmore.com\/es\/#\/schema\/logo\/image\/"},"sameAs":["https:\/\/www.facebook.com\/tourtravelandmore\/","https:\/\/x.com\/TourTravel_More"]}]}},"_links":{"self":[{"href":"https:\/\/tourtravelandmore.com\/es\/wp-json\/wp\/v2\/product\/8394","targetHints":{"allow":["GET"]}}],"collection":[{"href":"https:\/\/tourtravelandmore.com\/es\/wp-json\/wp\/v2\/product"}],"about":[{"href":"https:\/\/tourtravelandmore.com\/es\/wp-json\/wp\/v2\/types\/product"}],"replies":[{"embeddable":true,"href":"https:\/\/tourtravelandmore.com\/es\/wp-json\/wp\/v2\/comments?post=8394"}],"wp:featuredmedia":[{"embeddable":true,"href":"https:\/\/tourtravelandmore.com\/es\/wp-json\/wp\/v2\/media\/8064"}],"wp:attachment":[{"href":"https:\/\/tourtravelandmore.com\/es\/wp-json\/wp\/v2\/media?parent=8394"}],"wp:term":[{"taxonomy":"product_brand","embeddable":true,"href":"https:\/\/tourtravelandmore.com\/es\/wp-json\/wp\/v2\/product_brand?post=8394"},{"taxonomy":"product_cat","embeddable":true,"href":"https:\/\/tourtravelandmore.com\/es\/wp-json\/wp\/v2\/product_cat?post=8394"},{"taxonomy":"product_tag","embeddable":true,"href":"https:\/\/tourtravelandmore.com\/es\/wp-json\/wp\/v2\/product_tag?post=8394"}],"curies":[{"name":"wp","href":"https:\/\/api.w.org\/{rel}","templated":true}]}}