{"id":83894,"date":"2020-09-21T12:59:12","date_gmt":"2020-09-21T10:59:13","guid":{"rendered":"https:\/\/tourtravelandmore.com\/?post_type=product&#038;p=83894"},"modified":"2021-05-03T15:07:31","modified_gmt":"2021-05-03T13:07:31","slug":"tour-privado-al-gran-canon-desde-las-vegas","status":"publish","type":"product","link":"https:\/\/tourtravelandmore.com\/es\/tours\/eeuu-es\/vegas-es\/vegas-actividades-es\/tour-privado-al-gran-canon-desde-las-vegas\/","title":{"rendered":"Tour Privado al Gran Ca\u00f1\u00f3n"},"content":{"rendered":"<h2><strong>Descripci\u00f3n del Tour Privado<\/strong><\/h2>\n<p>Una experiencia obligada cuando se encuentra en <strong>Las Vegas<\/strong> es visitar el <strong>Gran Ca\u00f1\u00f3n<\/strong>. No pierda esta oportunidad con este <strong>tour privado al Gran Ca\u00f1\u00f3n desde Las Vegas<\/strong>.<\/p>\n<p>Este es uno de nuestros tours m\u00e1s vendidos para conocer esta formaci\u00f3n natural.<\/p>\n<p>En primer lugar, organizaremos una recogida privada en su hotel en Las Vegas.<\/p>\n<p>Descubra las mejores partes del famoso Gran Ca\u00f1\u00f3n e incluso disfrute de una parada en la <strong>Presa Hoover<\/strong>. Todos nuestros tours son tours privados y esta es una experiencia de lujo que crear\u00e1 r<strong>ecuerdos para toda la vida.<\/strong><\/p>\n<p>Tendr\u00e1 t<strong><em>iempo libre para disfrutar de su viaje con su familia\/grupo<\/em><\/strong> antes de regresar a Las Vegas.<\/p>\n<p>P\u00f3ngase en contacto con cualquiera de nuestros expertos en viajes para una experiencia m\u00e1s personalizada. Otro posible tour de d\u00eda completo desde Las Vegas es <a href=\"https:\/\/tourtravelandmore.com\/es\/tours\/eeuu-es\/vegas-es\/vegas-actividades-es\/tour-privado-a-los-angeles-y-hollywood-desde-las-vegas\/\">nuestro tour privado a Los \u00c1ngeles y Hollywood<\/a>, \u00a1\u00e9chale un vistazo!<\/p>\n<h2><strong>Puntos de inter\u00e9s en el Gran Ca\u00f1\u00f3n<\/strong><\/h2>\n<p><img fetchpriority=\"high\" decoding=\"async\" class=\"alignnone  wp-image-106758\" src=\"https:\/\/tourtravelandmore.com\/wp-content\/uploads\/2020\/09\/Untitled-design-3-300x169.png\" alt=\"\" width=\"525\" height=\"296\" srcset=\"https:\/\/tourtravelandmore.com\/wp-content\/uploads\/2020\/09\/Untitled-design-3-300x169.png 300w, https:\/\/tourtravelandmore.com\/wp-content\/uploads\/2020\/09\/Untitled-design-3-1024x577.png 1024w, https:\/\/tourtravelandmore.com\/wp-content\/uploads\/2020\/09\/Untitled-design-3-768x433.png 768w, https:\/\/tourtravelandmore.com\/wp-content\/uploads\/2020\/09\/Untitled-design-3-1536x865.png 1536w, https:\/\/tourtravelandmore.com\/wp-content\/uploads\/2020\/09\/Untitled-design-3-680x383.png 680w, https:\/\/tourtravelandmore.com\/wp-content\/uploads\/2020\/09\/Untitled-design-3-595x335.png 595w, https:\/\/tourtravelandmore.com\/wp-content\/uploads\/2020\/09\/Untitled-design-3.png 1640w\" sizes=\"(max-width: 525px) 100vw, 525px\" \/><\/p>\n<p>El <a href=\"https:\/\/www.nps.gov\/grca\/index.htm\">Gran Ca\u00f1\u00f3n de Arizona<\/a> es uno de los principales sitios conocidos en todo el mundo. Realice esta excursi\u00f3n de un d\u00eda para conocer esta maravilla natural \u00fanica de Las Vegas. \u00a1Sus vistas son impresionantes y no se pueden describir con palabras!<\/p>\n<p>Despu\u00e9s de una c\u00f3moda recogida nos dirigiremos hacia el Gran Ca\u00f1\u00f3n. El viaje durar\u00e1 alrededor de 2,5 horas en cada sentido.<\/p>\n<p>La primera parada ser\u00e1 en la <strong>Presa Hoover<\/strong>. Esta ser\u00e1 una parte m\u00e1s hist\u00f3rica del recorrido. Por supuesto, las tomas de fotos ser\u00e1n imprescindibles aqu\u00ed. Adem\u00e1s, disfrutar\u00e1 de excelentes vistas del<strong> lago Mead<\/strong>.<\/p>\n<p>Luego nos dirigiremos hacia la <strong>pasarela del Gran Ca\u00f1\u00f3n<\/strong>. Este es un punto famoso donde, nuevamente, las fotos no pueden perderse. Camine alrededor de la pasarela de vidrio. Un lugar verdaderamente \u00fanico sobre el <strong>r\u00edo Colorado<\/strong>.<\/p>\n<p>Antes de regresar a Las Vegas, haremos una \u00faltima parada en <strong>Gran Ca\u00f1\u00f3n Oeste<\/strong>.<\/p>\n<p>Disfrute de un poco de tiempo libre para descubrir esta maravilla natural y luego lo llevaremos de regreso a Las Vegas.<\/p>\n<p>Su conductor privado lo llevar\u00e1 de regreso a su hotel en la ciudad de Las Vegas luego de haber disfrutado este tour privado al Gran Ca\u00f1\u00f3n.<\/p>\n<p>Si buscas una experiencia extrema tambi\u00e9n tenemos la posibilidad de visitar el Gran Ca\u00f1\u00f3n en un helic\u00f3ptero privado. Cont\u00e1ctenos directamente para m\u00e1s informaci\u00f3n y tours personalizados.<\/p>\n","protected":false},"excerpt":{"rendered":"<p>Estar en <strong>Las Vegas<\/strong> te da la oportunidad de visitar uno de los lugares m\u00e1s visitados de Estados Unidos. Disfrute de este <strong>tour privado al Gran Ca\u00f1\u00f3n desde Las Vegas<\/strong> c\u00f3modamente en su veh\u00edculo privado de lujo con conductor. Dese la oportunidad de admirar el <strong>Gran Ca\u00f1\u00f3n<\/strong> y todo lo que tiene para ofrecer.<\/p>\n","protected":false},"featured_media":87308,"comment_status":"open","ping_status":"closed","template":"","meta":{"_acf_changed":false},"product_brand":[],"product_cat":[1602,2599,2600,2601],"product_tag":[],"class_list":{"0":"post-83894","1":"product","2":"type-product","3":"status-publish","4":"has-post-thumbnail","6":"product_cat-eeuu-es","7":"product_cat-vegas-es","8":"product_cat-vegas-actividades-es","9":"product_cat-vegas-excursiones-es","11":"first","12":"instock","13":"shipping-taxable","14":"purchasable","15":"product-type-simple"},"acf":[],"yoast_head":"<!-- This site is optimized with the Yoast SEO Premium plugin v25.3.1 (Yoast SEO v25.3.1) - https:\/\/yoast.com\/wordpress\/plugins\/seo\/ -->\n<title>Tour Privado al Gran Ca\u00f1\u00f3n desde Las Vegas | Tour Travel &amp; More<\/title>\n<meta name=\"description\" content=\"\u2192 Tour Privado al Gran Ca\u00f1\u00f3n desde Las Vegas en un veh\u00edculo privado de lujo con chofer que lo llevar\u00e1 a recorrer este magn\u00edfico lugar \ud83e\udd47\" \/>\n<meta name=\"robots\" content=\"index, follow, max-snippet:-1, max-image-preview:large, max-video-preview:-1\" \/>\n<link rel=\"canonical\" href=\"https:\/\/tourtravelandmore.com\/es\/tours\/eeuu-es\/vegas-es\/vegas-actividades-es\/tour-privado-al-gran-canon-desde-las-vegas\/\" \/>\n<meta property=\"og:locale\" content=\"es_ES\" \/>\n<meta property=\"og:type\" content=\"article\" \/>\n<meta property=\"og:title\" content=\"Tour Privado al Gran Ca\u00f1\u00f3n\" \/>\n<meta property=\"og:description\" content=\"\u2192 Tour Privado al Gran Ca\u00f1\u00f3n desde Las Vegas en un veh\u00edculo privado de lujo con chofer que lo llevar\u00e1 a recorrer este magn\u00edfico lugar \ud83e\udd47\" \/>\n<meta property=\"og:url\" content=\"https:\/\/tourtravelandmore.com\/es\/tours\/eeuu-es\/vegas-es\/vegas-actividades-es\/tour-privado-al-gran-canon-desde-las-vegas\/\" \/>\n<meta property=\"og:site_name\" content=\"Tour Travel And More\" \/>\n<meta property=\"article:publisher\" content=\"https:\/\/www.facebook.com\/tourtravelandmore\/\" \/>\n<meta property=\"article:modified_time\" content=\"2021-05-03T13:07:31+00:00\" \/>\n<meta property=\"og:image\" content=\"https:\/\/tourtravelandmore.com\/wp-content\/uploads\/2020\/09\/Grand-Canyon-2.jpeg\" \/>\n\t<meta property=\"og:image:width\" content=\"1350\" \/>\n\t<meta property=\"og:image:height\" content=\"900\" \/>\n\t<meta property=\"og:image:type\" content=\"image\/jpeg\" \/>\n<meta name=\"twitter:card\" content=\"summary_large_image\" \/>\n<meta name=\"twitter:site\" content=\"@TourTravel_More\" \/>\n<meta name=\"twitter:label1\" content=\"Tiempo de lectura\" \/>\n\t<meta name=\"twitter:data1\" content=\"2 minutos\" \/>\n<script type=\"application\/ld+json\" class=\"yoast-schema-graph\">{\"@context\":\"https:\/\/schema.org\",\"@graph\":[{\"@type\":\"WebPage\",\"@id\":\"https:\/\/tourtravelandmore.com\/es\/tours\/eeuu-es\/vegas-es\/vegas-actividades-es\/tour-privado-al-gran-canon-desde-las-vegas\/\",\"url\":\"https:\/\/tourtravelandmore.com\/es\/tours\/eeuu-es\/vegas-es\/vegas-actividades-es\/tour-privado-al-gran-canon-desde-las-vegas\/\",\"name\":\"Tour Privado al Gran Ca\u00f1\u00f3n desde Las Vegas | Tour Travel & More\",\"isPartOf\":{\"@id\":\"https:\/\/tourtravelandmore.com\/es\/#website\"},\"primaryImageOfPage\":{\"@id\":\"https:\/\/tourtravelandmore.com\/es\/tours\/eeuu-es\/vegas-es\/vegas-actividades-es\/tour-privado-al-gran-canon-desde-las-vegas\/#primaryimage\"},\"image\":{\"@id\":\"https:\/\/tourtravelandmore.com\/es\/tours\/eeuu-es\/vegas-es\/vegas-actividades-es\/tour-privado-al-gran-canon-desde-las-vegas\/#primaryimage\"},\"thumbnailUrl\":\"https:\/\/tourtravelandmore.com\/wp-content\/uploads\/2020\/09\/Grand-Canyon-2.jpeg\",\"datePublished\":\"2020-09-21T10:59:13+00:00\",\"dateModified\":\"2021-05-03T13:07:31+00:00\",\"description\":\"\u2192 Tour Privado al Gran Ca\u00f1\u00f3n desde Las Vegas en un veh\u00edculo privado de lujo con chofer que lo llevar\u00e1 a recorrer este magn\u00edfico lugar \ud83e\udd47\",\"breadcrumb\":{\"@id\":\"https:\/\/tourtravelandmore.com\/es\/tours\/eeuu-es\/vegas-es\/vegas-actividades-es\/tour-privado-al-gran-canon-desde-las-vegas\/#breadcrumb\"},\"inLanguage\":\"es\",\"potentialAction\":[{\"@type\":\"ReadAction\",\"target\":[\"https:\/\/tourtravelandmore.com\/es\/tours\/eeuu-es\/vegas-es\/vegas-actividades-es\/tour-privado-al-gran-canon-desde-las-vegas\/\"]}]},{\"@type\":\"ImageObject\",\"inLanguage\":\"es\",\"@id\":\"https:\/\/tourtravelandmore.com\/es\/tours\/eeuu-es\/vegas-es\/vegas-actividades-es\/tour-privado-al-gran-canon-desde-las-vegas\/#primaryimage\",\"url\":\"https:\/\/tourtravelandmore.com\/wp-content\/uploads\/2020\/09\/Grand-Canyon-2.jpeg\",\"contentUrl\":\"https:\/\/tourtravelandmore.com\/wp-content\/uploads\/2020\/09\/Grand-Canyon-2.jpeg\",\"width\":1350,\"height\":900,\"caption\":\"Grand Canyon 2\"},{\"@type\":\"BreadcrumbList\",\"@id\":\"https:\/\/tourtravelandmore.com\/es\/tours\/eeuu-es\/vegas-es\/vegas-actividades-es\/tour-privado-al-gran-canon-desde-las-vegas\/#breadcrumb\",\"itemListElement\":[{\"@type\":\"ListItem\",\"position\":1,\"name\":\"Home\",\"item\":\"https:\/\/tourtravelandmore.com\/es\/\"},{\"@type\":\"ListItem\",\"position\":2,\"name\":\"Tours\",\"item\":\"https:\/\/tourtravelandmore.com\/es\/tours\/\"},{\"@type\":\"ListItem\",\"position\":3,\"name\":\"Tour Privado al Gran Ca\u00f1\u00f3n\"}]},{\"@type\":\"WebSite\",\"@id\":\"https:\/\/tourtravelandmore.com\/es\/#website\",\"url\":\"https:\/\/tourtravelandmore.com\/es\/\",\"name\":\"Tour Travel And More\",\"description\":\"Private sightseeing tours and luxury transfers in Spain\",\"publisher\":{\"@id\":\"https:\/\/tourtravelandmore.com\/es\/#organization\"},\"potentialAction\":[{\"@type\":\"SearchAction\",\"target\":{\"@type\":\"EntryPoint\",\"urlTemplate\":\"https:\/\/tourtravelandmore.com\/es\/?s={search_term_string}\"},\"query-input\":{\"@type\":\"PropertyValueSpecification\",\"valueRequired\":true,\"valueName\":\"search_term_string\"}}],\"inLanguage\":\"es\"},{\"@type\":\"Organization\",\"@id\":\"https:\/\/tourtravelandmore.com\/es\/#organization\",\"name\":\"Tour Travel And More\",\"url\":\"https:\/\/tourtravelandmore.com\/es\/\",\"logo\":{\"@type\":\"ImageObject\",\"inLanguage\":\"es\",\"@id\":\"https:\/\/tourtravelandmore.com\/es\/#\/schema\/logo\/image\/\",\"url\":\"https:\/\/tourtravelandmore.com\/wp-content\/uploads\/2022\/12\/cropped-logo-cabecera-new.png\",\"contentUrl\":\"https:\/\/tourtravelandmore.com\/wp-content\/uploads\/2022\/12\/cropped-logo-cabecera-new.png\",\"width\":430,\"height\":61,\"caption\":\"Tour Travel And More\"},\"image\":{\"@id\":\"https:\/\/tourtravelandmore.com\/es\/#\/schema\/logo\/image\/\"},\"sameAs\":[\"https:\/\/www.facebook.com\/tourtravelandmore\/\",\"https:\/\/x.com\/TourTravel_More\"]}]}<\/script>\n<!-- \/ Yoast SEO Premium plugin. -->","yoast_head_json":{"title":"Tour Privado al Gran Ca\u00f1\u00f3n desde Las Vegas | Tour Travel & More","description":"\u2192 Tour Privado al Gran Ca\u00f1\u00f3n desde Las Vegas en un veh\u00edculo privado de lujo con chofer que lo llevar\u00e1 a recorrer este magn\u00edfico lugar \ud83e\udd47","robots":{"index":"index","follow":"follow","max-snippet":"max-snippet:-1","max-image-preview":"max-image-preview:large","max-video-preview":"max-video-preview:-1"},"canonical":"https:\/\/tourtravelandmore.com\/es\/tours\/eeuu-es\/vegas-es\/vegas-actividades-es\/tour-privado-al-gran-canon-desde-las-vegas\/","og_locale":"es_ES","og_type":"article","og_title":"Tour Privado al Gran Ca\u00f1\u00f3n","og_description":"\u2192 Tour Privado al Gran Ca\u00f1\u00f3n desde Las Vegas en un veh\u00edculo privado de lujo con chofer que lo llevar\u00e1 a recorrer este magn\u00edfico lugar \ud83e\udd47","og_url":"https:\/\/tourtravelandmore.com\/es\/tours\/eeuu-es\/vegas-es\/vegas-actividades-es\/tour-privado-al-gran-canon-desde-las-vegas\/","og_site_name":"Tour Travel And More","article_publisher":"https:\/\/www.facebook.com\/tourtravelandmore\/","article_modified_time":"2021-05-03T13:07:31+00:00","og_image":[{"width":1350,"height":900,"url":"https:\/\/tourtravelandmore.com\/wp-content\/uploads\/2020\/09\/Grand-Canyon-2.jpeg","type":"image\/jpeg"}],"twitter_card":"summary_large_image","twitter_site":"@TourTravel_More","twitter_misc":{"Tiempo de lectura":"2 minutos"},"schema":{"@context":"https:\/\/schema.org","@graph":[{"@type":"WebPage","@id":"https:\/\/tourtravelandmore.com\/es\/tours\/eeuu-es\/vegas-es\/vegas-actividades-es\/tour-privado-al-gran-canon-desde-las-vegas\/","url":"https:\/\/tourtravelandmore.com\/es\/tours\/eeuu-es\/vegas-es\/vegas-actividades-es\/tour-privado-al-gran-canon-desde-las-vegas\/","name":"Tour Privado al Gran Ca\u00f1\u00f3n desde Las Vegas | Tour Travel & More","isPartOf":{"@id":"https:\/\/tourtravelandmore.com\/es\/#website"},"primaryImageOfPage":{"@id":"https:\/\/tourtravelandmore.com\/es\/tours\/eeuu-es\/vegas-es\/vegas-actividades-es\/tour-privado-al-gran-canon-desde-las-vegas\/#primaryimage"},"image":{"@id":"https:\/\/tourtravelandmore.com\/es\/tours\/eeuu-es\/vegas-es\/vegas-actividades-es\/tour-privado-al-gran-canon-desde-las-vegas\/#primaryimage"},"thumbnailUrl":"https:\/\/tourtravelandmore.com\/wp-content\/uploads\/2020\/09\/Grand-Canyon-2.jpeg","datePublished":"2020-09-21T10:59:13+00:00","dateModified":"2021-05-03T13:07:31+00:00","description":"\u2192 Tour Privado al Gran Ca\u00f1\u00f3n desde Las Vegas en un veh\u00edculo privado de lujo con chofer que lo llevar\u00e1 a recorrer este magn\u00edfico lugar \ud83e\udd47","breadcrumb":{"@id":"https:\/\/tourtravelandmore.com\/es\/tours\/eeuu-es\/vegas-es\/vegas-actividades-es\/tour-privado-al-gran-canon-desde-las-vegas\/#breadcrumb"},"inLanguage":"es","potentialAction":[{"@type":"ReadAction","target":["https:\/\/tourtravelandmore.com\/es\/tours\/eeuu-es\/vegas-es\/vegas-actividades-es\/tour-privado-al-gran-canon-desde-las-vegas\/"]}]},{"@type":"ImageObject","inLanguage":"es","@id":"https:\/\/tourtravelandmore.com\/es\/tours\/eeuu-es\/vegas-es\/vegas-actividades-es\/tour-privado-al-gran-canon-desde-las-vegas\/#primaryimage","url":"https:\/\/tourtravelandmore.com\/wp-content\/uploads\/2020\/09\/Grand-Canyon-2.jpeg","contentUrl":"https:\/\/tourtravelandmore.com\/wp-content\/uploads\/2020\/09\/Grand-Canyon-2.jpeg","width":1350,"height":900,"caption":"Grand Canyon 2"},{"@type":"BreadcrumbList","@id":"https:\/\/tourtravelandmore.com\/es\/tours\/eeuu-es\/vegas-es\/vegas-actividades-es\/tour-privado-al-gran-canon-desde-las-vegas\/#breadcrumb","itemListElement":[{"@type":"ListItem","position":1,"name":"Home","item":"https:\/\/tourtravelandmore.com\/es\/"},{"@type":"ListItem","position":2,"name":"Tours","item":"https:\/\/tourtravelandmore.com\/es\/tours\/"},{"@type":"ListItem","position":3,"name":"Tour Privado al Gran Ca\u00f1\u00f3n"}]},{"@type":"WebSite","@id":"https:\/\/tourtravelandmore.com\/es\/#website","url":"https:\/\/tourtravelandmore.com\/es\/","name":"Tour Travel And More","description":"Private sightseeing tours and luxury transfers in Spain","publisher":{"@id":"https:\/\/tourtravelandmore.com\/es\/#organization"},"potentialAction":[{"@type":"SearchAction","target":{"@type":"EntryPoint","urlTemplate":"https:\/\/tourtravelandmore.com\/es\/?s={search_term_string}"},"query-input":{"@type":"PropertyValueSpecification","valueRequired":true,"valueName":"search_term_string"}}],"inLanguage":"es"},{"@type":"Organization","@id":"https:\/\/tourtravelandmore.com\/es\/#organization","name":"Tour Travel And More","url":"https:\/\/tourtravelandmore.com\/es\/","logo":{"@type":"ImageObject","inLanguage":"es","@id":"https:\/\/tourtravelandmore.com\/es\/#\/schema\/logo\/image\/","url":"https:\/\/tourtravelandmore.com\/wp-content\/uploads\/2022\/12\/cropped-logo-cabecera-new.png","contentUrl":"https:\/\/tourtravelandmore.com\/wp-content\/uploads\/2022\/12\/cropped-logo-cabecera-new.png","width":430,"height":61,"caption":"Tour Travel And More"},"image":{"@id":"https:\/\/tourtravelandmore.com\/es\/#\/schema\/logo\/image\/"},"sameAs":["https:\/\/www.facebook.com\/tourtravelandmore\/","https:\/\/x.com\/TourTravel_More"]}]}},"_links":{"self":[{"href":"https:\/\/tourtravelandmore.com\/es\/wp-json\/wp\/v2\/product\/83894","targetHints":{"allow":["GET"]}}],"collection":[{"href":"https:\/\/tourtravelandmore.com\/es\/wp-json\/wp\/v2\/product"}],"about":[{"href":"https:\/\/tourtravelandmore.com\/es\/wp-json\/wp\/v2\/types\/product"}],"replies":[{"embeddable":true,"href":"https:\/\/tourtravelandmore.com\/es\/wp-json\/wp\/v2\/comments?post=83894"}],"wp:featuredmedia":[{"embeddable":true,"href":"https:\/\/tourtravelandmore.com\/es\/wp-json\/wp\/v2\/media\/87308"}],"wp:attachment":[{"href":"https:\/\/tourtravelandmore.com\/es\/wp-json\/wp\/v2\/media?parent=83894"}],"wp:term":[{"taxonomy":"product_brand","embeddable":true,"href":"https:\/\/tourtravelandmore.com\/es\/wp-json\/wp\/v2\/product_brand?post=83894"},{"taxonomy":"product_cat","embeddable":true,"href":"https:\/\/tourtravelandmore.com\/es\/wp-json\/wp\/v2\/product_cat?post=83894"},{"taxonomy":"product_tag","embeddable":true,"href":"https:\/\/tourtravelandmore.com\/es\/wp-json\/wp\/v2\/product_tag?post=83894"}],"curies":[{"name":"wp","href":"https:\/\/api.w.org\/{rel}","templated":true}]}}