{"id":83870,"date":"2020-09-21T12:21:29","date_gmt":"2020-09-21T10:21:30","guid":{"rendered":"https:\/\/tourtravelandmore.com\/?post_type=product&#038;p=83870"},"modified":"2021-07-26T12:11:08","modified_gmt":"2021-07-26T10:11:08","slug":"tour-privado-atlanta-con-guia-oficial-y-vehiculo-con-chofer","status":"publish","type":"product","link":"https:\/\/tourtravelandmore.com\/es\/tours\/eeuu-es\/atlanta-es\/atlanta-actividades-es\/tour-privado-atlanta-con-guia-oficial-y-vehiculo-con-chofer\/","title":{"rendered":"Tour privado Atlanta con Guia y Vehiculo"},"content":{"rendered":"<h2><strong>Descripci\u00f3n del Tour Privado en la Ciudad de Atlanta<\/strong><\/h2>\n<p><span lang=\"es\">Una de las mejores formas de conocer una ciudad es con un tour privado Atlanta. \u00a1Nuestro tour privado Atlanta le dar\u00e1 la oportunidad de conocer excelentes lugares en la capital de Georgia!<\/span><\/p>\n<p><span lang=\"es\">Esta ciudad hist\u00f3rica que tiene historias incre\u00edbles como el incendio en la guerra civil estadounidense, le sorprender\u00e1 gracias a su gu\u00eda oficial tur\u00edstico privado. <\/span><\/p>\n<p><span lang=\"es\">Atlanta tambi\u00e9n fue el hogar de los famosos Movimientos de derechos civiles como, por supuesto, del Dr. Martin Luther King Jr.<\/span><\/p>\n<p>La ciudad es sede de una de las empresas m\u00e1s importantes del mundo <strong>&#8220;Coca Cola&#8221;, <\/strong><span lang=\"es\">una de las atracciones tur\u00edsticas m\u00e1s famosas es el Mundo. \u00bfQui\u00e9n no quiere echarle un vistazo?<\/span><\/p>\n<p><span lang=\"es\">Este tour privado comenzar\u00e1 desde su hotel o lugar de elecci\u00f3n en la ciudad de Atlanta. Nuestro gu\u00eda tur\u00edstico privado lo recibir\u00e1 en su hotel y nuestro veh\u00edculo privado con chofer lo estar\u00e1 esperando. Luego comenzar\u00e1 su recorrido privado.<\/span><\/p>\n<p><span lang=\"es\">Disfruta de una visita guiada de 4 horas a una de las ciudades m\u00e1s interesantes del sur de Estados Unidos. \u00a1Explore Atlanta durante este Tour privado de Atlanta con su propio equipo profesional!<\/span><\/p>\n<p><span lang=\"es\">Entre otros sitios: Conocer\u00e1s el Mundo de Coca-Cola, el lugar de nacimiento de Martin Luther King, el famoso acuario y mucho m\u00e1s! <\/span><\/p>\n<p><span lang=\"es\">\u00a1Este tour privado terminar\u00e1 en su hotel en el centro de la ciudad!<\/span><\/p>\n<h2><strong>Puntos de Inter\u00e9s en Atlanta:<\/strong><\/h2>\n<p><span lang=\"es\">Despu\u00e9s de una recogida c\u00f3moda y f\u00e1cil, comenzaremos este tour privado. Tanto su ch\u00f3fer como su gu\u00eda tur\u00edstico independiente est\u00e1n a su disposici\u00f3n para garantizar una experiencia \u00fanica. <\/span><\/p>\n<p><span lang=\"es\">\u00a1Explore y conozca lo mejor de Atlanta! Eche un vistazo y conozca los siguientes sitios: <\/span><\/p>\n<ul>\n<li><strong>Martin Luther King Jr National Historical Park<\/strong><\/li>\n<li><strong>Home of Martin Luther King Jr. Where he was born<\/strong><\/li>\n<li><strong>World of Coca-Cola. After so many years, the company has his headquarters in Atlanta<\/strong><\/li>\n<li><strong>Have an outside view at the aquarium. One of the largest ones you will find<\/strong><\/li>\n<li><strong>View of the High Museum of Art<\/strong><\/li>\n<li><strong>View at the Atlanta Botanical Garden<\/strong><\/li>\n<li><strong>National Center for Civil and Human Rights<\/strong><\/li>\n<li><strong>Piedmont Park<\/strong><\/li>\n<li><strong>Centennial Olympic Park<\/strong><\/li>\n<li><strong>History Center of Atlanta<\/strong><\/li>\n<li><strong>Ponce City Market<\/strong><\/li>\n<li><strong>The Fox Theatre<\/strong><\/li>\n<li><strong>Buckhead<\/strong><\/li>\n<li><strong>Georgia State Capitol<\/strong><\/li>\n<li><strong>View of the CNN studio Center<\/strong><\/li>\n<li><strong>Little Five Points<\/strong><\/li>\n<li><strong>Y muchos m\u00e1s!<\/strong><\/li>\n<\/ul>\n<p>Puedes consultar <a href=\"https:\/\/tourtravelandmore.com\/es\/ciudad\/eeuu-es\/atlanta-es\/\">aqu\u00ed<\/a>, el resto de los tours privados de la ciudad.<\/p>\n","protected":false},"excerpt":{"rendered":"<p><strong>Descubre la ciudad de Atlanta,<\/strong> gracias a este<strong> city tour privado con gu\u00eda oficial y vehiculo privado.<\/strong> Descubrir\u00e1s las principales calles de la ciudad, su historia, los monumentos m\u00e1s importantes y conoce la famosa empresa <em>&#8220;Coca Cola&#8221;,<\/em> puedes visitar y conocerla por dentro.<\/p>\n","protected":false},"featured_media":84032,"comment_status":"open","ping_status":"closed","template":"","meta":{"_acf_changed":false},"product_brand":[],"product_cat":[1602,2587,2588,2590],"product_tag":[],"class_list":{"0":"post-83870","1":"product","2":"type-product","3":"status-publish","4":"has-post-thumbnail","6":"product_cat-eeuu-es","7":"product_cat-atlanta-es","8":"product_cat-atlanta-actividades-es","9":"product_cat-atlanta-a-pie-es","11":"first","12":"instock","13":"shipping-taxable","14":"purchasable","15":"product-type-simple"},"acf":[],"yoast_head":"<!-- This site is optimized with the Yoast SEO Premium plugin v25.3.1 (Yoast SEO v25.3.1) - https:\/\/yoast.com\/wordpress\/plugins\/seo\/ -->\n<title>Tour privado Atlanta con guia y vehiculo con ch\u00f3fer | Tour Travel &amp; More<\/title>\n<meta name=\"description\" content=\"\u2192 Reserva este tour privado Atlanta con gu\u00eda oficial y vehiculo con ch\u00f3fer. Descubre las principales calles y atracciones \u2705\" \/>\n<meta name=\"robots\" content=\"index, follow, max-snippet:-1, max-image-preview:large, max-video-preview:-1\" \/>\n<link rel=\"canonical\" href=\"https:\/\/tourtravelandmore.com\/es\/tours\/eeuu-es\/atlanta-es\/atlanta-actividades-es\/tour-privado-atlanta-con-guia-oficial-y-vehiculo-con-chofer\/\" \/>\n<meta property=\"og:locale\" content=\"es_ES\" \/>\n<meta property=\"og:type\" content=\"article\" \/>\n<meta property=\"og:title\" content=\"Tour privado Atlanta con Guia y Vehiculo\" \/>\n<meta property=\"og:description\" content=\"\u2192 Reserva este tour privado Atlanta con gu\u00eda oficial y vehiculo con ch\u00f3fer. Descubre las principales calles y atracciones \u2705\" \/>\n<meta property=\"og:url\" content=\"https:\/\/tourtravelandmore.com\/es\/tours\/eeuu-es\/atlanta-es\/atlanta-actividades-es\/tour-privado-atlanta-con-guia-oficial-y-vehiculo-con-chofer\/\" \/>\n<meta property=\"og:site_name\" content=\"Tour Travel And More\" \/>\n<meta property=\"article:publisher\" content=\"https:\/\/www.facebook.com\/tourtravelandmore\/\" \/>\n<meta property=\"article:modified_time\" content=\"2021-07-26T10:11:08+00:00\" \/>\n<meta property=\"og:image\" content=\"https:\/\/tourtravelandmore.com\/wp-content\/uploads\/2020\/09\/altlanta-6-scaled.jpg\" \/>\n\t<meta property=\"og:image:width\" content=\"2560\" \/>\n\t<meta property=\"og:image:height\" content=\"1692\" \/>\n\t<meta property=\"og:image:type\" content=\"image\/jpeg\" \/>\n<meta name=\"twitter:card\" content=\"summary_large_image\" \/>\n<meta name=\"twitter:site\" content=\"@TourTravel_More\" \/>\n<meta name=\"twitter:label1\" content=\"Tiempo de lectura\" \/>\n\t<meta name=\"twitter:data1\" content=\"2 minutos\" \/>\n<script type=\"application\/ld+json\" class=\"yoast-schema-graph\">{\"@context\":\"https:\/\/schema.org\",\"@graph\":[{\"@type\":\"WebPage\",\"@id\":\"https:\/\/tourtravelandmore.com\/es\/tours\/eeuu-es\/atlanta-es\/atlanta-actividades-es\/tour-privado-atlanta-con-guia-oficial-y-vehiculo-con-chofer\/\",\"url\":\"https:\/\/tourtravelandmore.com\/es\/tours\/eeuu-es\/atlanta-es\/atlanta-actividades-es\/tour-privado-atlanta-con-guia-oficial-y-vehiculo-con-chofer\/\",\"name\":\"Tour privado Atlanta con guia y vehiculo con ch\u00f3fer | Tour Travel & More\",\"isPartOf\":{\"@id\":\"https:\/\/tourtravelandmore.com\/es\/#website\"},\"primaryImageOfPage\":{\"@id\":\"https:\/\/tourtravelandmore.com\/es\/tours\/eeuu-es\/atlanta-es\/atlanta-actividades-es\/tour-privado-atlanta-con-guia-oficial-y-vehiculo-con-chofer\/#primaryimage\"},\"image\":{\"@id\":\"https:\/\/tourtravelandmore.com\/es\/tours\/eeuu-es\/atlanta-es\/atlanta-actividades-es\/tour-privado-atlanta-con-guia-oficial-y-vehiculo-con-chofer\/#primaryimage\"},\"thumbnailUrl\":\"https:\/\/tourtravelandmore.com\/wp-content\/uploads\/2020\/09\/altlanta-6-scaled.jpg\",\"datePublished\":\"2020-09-21T10:21:30+00:00\",\"dateModified\":\"2021-07-26T10:11:08+00:00\",\"description\":\"\u2192 Reserva este tour privado Atlanta con gu\u00eda oficial y vehiculo con ch\u00f3fer. Descubre las principales calles y atracciones \u2705\",\"breadcrumb\":{\"@id\":\"https:\/\/tourtravelandmore.com\/es\/tours\/eeuu-es\/atlanta-es\/atlanta-actividades-es\/tour-privado-atlanta-con-guia-oficial-y-vehiculo-con-chofer\/#breadcrumb\"},\"inLanguage\":\"es\",\"potentialAction\":[{\"@type\":\"ReadAction\",\"target\":[\"https:\/\/tourtravelandmore.com\/es\/tours\/eeuu-es\/atlanta-es\/atlanta-actividades-es\/tour-privado-atlanta-con-guia-oficial-y-vehiculo-con-chofer\/\"]}]},{\"@type\":\"ImageObject\",\"inLanguage\":\"es\",\"@id\":\"https:\/\/tourtravelandmore.com\/es\/tours\/eeuu-es\/atlanta-es\/atlanta-actividades-es\/tour-privado-atlanta-con-guia-oficial-y-vehiculo-con-chofer\/#primaryimage\",\"url\":\"https:\/\/tourtravelandmore.com\/wp-content\/uploads\/2020\/09\/altlanta-6-scaled.jpg\",\"contentUrl\":\"https:\/\/tourtravelandmore.com\/wp-content\/uploads\/2020\/09\/altlanta-6-scaled.jpg\",\"width\":2560,\"height\":1692},{\"@type\":\"BreadcrumbList\",\"@id\":\"https:\/\/tourtravelandmore.com\/es\/tours\/eeuu-es\/atlanta-es\/atlanta-actividades-es\/tour-privado-atlanta-con-guia-oficial-y-vehiculo-con-chofer\/#breadcrumb\",\"itemListElement\":[{\"@type\":\"ListItem\",\"position\":1,\"name\":\"Home\",\"item\":\"https:\/\/tourtravelandmore.com\/es\/\"},{\"@type\":\"ListItem\",\"position\":2,\"name\":\"Tours\",\"item\":\"https:\/\/tourtravelandmore.com\/es\/tours\/\"},{\"@type\":\"ListItem\",\"position\":3,\"name\":\"Tour privado Atlanta con Guia y Vehiculo\"}]},{\"@type\":\"WebSite\",\"@id\":\"https:\/\/tourtravelandmore.com\/es\/#website\",\"url\":\"https:\/\/tourtravelandmore.com\/es\/\",\"name\":\"Tour Travel And More\",\"description\":\"Private sightseeing tours and luxury transfers in Spain\",\"publisher\":{\"@id\":\"https:\/\/tourtravelandmore.com\/es\/#organization\"},\"potentialAction\":[{\"@type\":\"SearchAction\",\"target\":{\"@type\":\"EntryPoint\",\"urlTemplate\":\"https:\/\/tourtravelandmore.com\/es\/?s={search_term_string}\"},\"query-input\":{\"@type\":\"PropertyValueSpecification\",\"valueRequired\":true,\"valueName\":\"search_term_string\"}}],\"inLanguage\":\"es\"},{\"@type\":\"Organization\",\"@id\":\"https:\/\/tourtravelandmore.com\/es\/#organization\",\"name\":\"Tour Travel And More\",\"url\":\"https:\/\/tourtravelandmore.com\/es\/\",\"logo\":{\"@type\":\"ImageObject\",\"inLanguage\":\"es\",\"@id\":\"https:\/\/tourtravelandmore.com\/es\/#\/schema\/logo\/image\/\",\"url\":\"https:\/\/tourtravelandmore.com\/wp-content\/uploads\/2022\/12\/cropped-logo-cabecera-new.png\",\"contentUrl\":\"https:\/\/tourtravelandmore.com\/wp-content\/uploads\/2022\/12\/cropped-logo-cabecera-new.png\",\"width\":430,\"height\":61,\"caption\":\"Tour Travel And More\"},\"image\":{\"@id\":\"https:\/\/tourtravelandmore.com\/es\/#\/schema\/logo\/image\/\"},\"sameAs\":[\"https:\/\/www.facebook.com\/tourtravelandmore\/\",\"https:\/\/x.com\/TourTravel_More\"]}]}<\/script>\n<!-- \/ Yoast SEO Premium plugin. -->","yoast_head_json":{"title":"Tour privado Atlanta con guia y vehiculo con ch\u00f3fer | Tour Travel & More","description":"\u2192 Reserva este tour privado Atlanta con gu\u00eda oficial y vehiculo con ch\u00f3fer. Descubre las principales calles y atracciones \u2705","robots":{"index":"index","follow":"follow","max-snippet":"max-snippet:-1","max-image-preview":"max-image-preview:large","max-video-preview":"max-video-preview:-1"},"canonical":"https:\/\/tourtravelandmore.com\/es\/tours\/eeuu-es\/atlanta-es\/atlanta-actividades-es\/tour-privado-atlanta-con-guia-oficial-y-vehiculo-con-chofer\/","og_locale":"es_ES","og_type":"article","og_title":"Tour privado Atlanta con Guia y Vehiculo","og_description":"\u2192 Reserva este tour privado Atlanta con gu\u00eda oficial y vehiculo con ch\u00f3fer. Descubre las principales calles y atracciones \u2705","og_url":"https:\/\/tourtravelandmore.com\/es\/tours\/eeuu-es\/atlanta-es\/atlanta-actividades-es\/tour-privado-atlanta-con-guia-oficial-y-vehiculo-con-chofer\/","og_site_name":"Tour Travel And More","article_publisher":"https:\/\/www.facebook.com\/tourtravelandmore\/","article_modified_time":"2021-07-26T10:11:08+00:00","og_image":[{"width":2560,"height":1692,"url":"https:\/\/tourtravelandmore.com\/wp-content\/uploads\/2020\/09\/altlanta-6-scaled.jpg","type":"image\/jpeg"}],"twitter_card":"summary_large_image","twitter_site":"@TourTravel_More","twitter_misc":{"Tiempo de lectura":"2 minutos"},"schema":{"@context":"https:\/\/schema.org","@graph":[{"@type":"WebPage","@id":"https:\/\/tourtravelandmore.com\/es\/tours\/eeuu-es\/atlanta-es\/atlanta-actividades-es\/tour-privado-atlanta-con-guia-oficial-y-vehiculo-con-chofer\/","url":"https:\/\/tourtravelandmore.com\/es\/tours\/eeuu-es\/atlanta-es\/atlanta-actividades-es\/tour-privado-atlanta-con-guia-oficial-y-vehiculo-con-chofer\/","name":"Tour privado Atlanta con guia y vehiculo con ch\u00f3fer | Tour Travel & More","isPartOf":{"@id":"https:\/\/tourtravelandmore.com\/es\/#website"},"primaryImageOfPage":{"@id":"https:\/\/tourtravelandmore.com\/es\/tours\/eeuu-es\/atlanta-es\/atlanta-actividades-es\/tour-privado-atlanta-con-guia-oficial-y-vehiculo-con-chofer\/#primaryimage"},"image":{"@id":"https:\/\/tourtravelandmore.com\/es\/tours\/eeuu-es\/atlanta-es\/atlanta-actividades-es\/tour-privado-atlanta-con-guia-oficial-y-vehiculo-con-chofer\/#primaryimage"},"thumbnailUrl":"https:\/\/tourtravelandmore.com\/wp-content\/uploads\/2020\/09\/altlanta-6-scaled.jpg","datePublished":"2020-09-21T10:21:30+00:00","dateModified":"2021-07-26T10:11:08+00:00","description":"\u2192 Reserva este tour privado Atlanta con gu\u00eda oficial y vehiculo con ch\u00f3fer. Descubre las principales calles y atracciones \u2705","breadcrumb":{"@id":"https:\/\/tourtravelandmore.com\/es\/tours\/eeuu-es\/atlanta-es\/atlanta-actividades-es\/tour-privado-atlanta-con-guia-oficial-y-vehiculo-con-chofer\/#breadcrumb"},"inLanguage":"es","potentialAction":[{"@type":"ReadAction","target":["https:\/\/tourtravelandmore.com\/es\/tours\/eeuu-es\/atlanta-es\/atlanta-actividades-es\/tour-privado-atlanta-con-guia-oficial-y-vehiculo-con-chofer\/"]}]},{"@type":"ImageObject","inLanguage":"es","@id":"https:\/\/tourtravelandmore.com\/es\/tours\/eeuu-es\/atlanta-es\/atlanta-actividades-es\/tour-privado-atlanta-con-guia-oficial-y-vehiculo-con-chofer\/#primaryimage","url":"https:\/\/tourtravelandmore.com\/wp-content\/uploads\/2020\/09\/altlanta-6-scaled.jpg","contentUrl":"https:\/\/tourtravelandmore.com\/wp-content\/uploads\/2020\/09\/altlanta-6-scaled.jpg","width":2560,"height":1692},{"@type":"BreadcrumbList","@id":"https:\/\/tourtravelandmore.com\/es\/tours\/eeuu-es\/atlanta-es\/atlanta-actividades-es\/tour-privado-atlanta-con-guia-oficial-y-vehiculo-con-chofer\/#breadcrumb","itemListElement":[{"@type":"ListItem","position":1,"name":"Home","item":"https:\/\/tourtravelandmore.com\/es\/"},{"@type":"ListItem","position":2,"name":"Tours","item":"https:\/\/tourtravelandmore.com\/es\/tours\/"},{"@type":"ListItem","position":3,"name":"Tour privado Atlanta con Guia y Vehiculo"}]},{"@type":"WebSite","@id":"https:\/\/tourtravelandmore.com\/es\/#website","url":"https:\/\/tourtravelandmore.com\/es\/","name":"Tour Travel And More","description":"Private sightseeing tours and luxury transfers in Spain","publisher":{"@id":"https:\/\/tourtravelandmore.com\/es\/#organization"},"potentialAction":[{"@type":"SearchAction","target":{"@type":"EntryPoint","urlTemplate":"https:\/\/tourtravelandmore.com\/es\/?s={search_term_string}"},"query-input":{"@type":"PropertyValueSpecification","valueRequired":true,"valueName":"search_term_string"}}],"inLanguage":"es"},{"@type":"Organization","@id":"https:\/\/tourtravelandmore.com\/es\/#organization","name":"Tour Travel And More","url":"https:\/\/tourtravelandmore.com\/es\/","logo":{"@type":"ImageObject","inLanguage":"es","@id":"https:\/\/tourtravelandmore.com\/es\/#\/schema\/logo\/image\/","url":"https:\/\/tourtravelandmore.com\/wp-content\/uploads\/2022\/12\/cropped-logo-cabecera-new.png","contentUrl":"https:\/\/tourtravelandmore.com\/wp-content\/uploads\/2022\/12\/cropped-logo-cabecera-new.png","width":430,"height":61,"caption":"Tour Travel And More"},"image":{"@id":"https:\/\/tourtravelandmore.com\/es\/#\/schema\/logo\/image\/"},"sameAs":["https:\/\/www.facebook.com\/tourtravelandmore\/","https:\/\/x.com\/TourTravel_More"]}]}},"_links":{"self":[{"href":"https:\/\/tourtravelandmore.com\/es\/wp-json\/wp\/v2\/product\/83870","targetHints":{"allow":["GET"]}}],"collection":[{"href":"https:\/\/tourtravelandmore.com\/es\/wp-json\/wp\/v2\/product"}],"about":[{"href":"https:\/\/tourtravelandmore.com\/es\/wp-json\/wp\/v2\/types\/product"}],"replies":[{"embeddable":true,"href":"https:\/\/tourtravelandmore.com\/es\/wp-json\/wp\/v2\/comments?post=83870"}],"wp:featuredmedia":[{"embeddable":true,"href":"https:\/\/tourtravelandmore.com\/es\/wp-json\/wp\/v2\/media\/84032"}],"wp:attachment":[{"href":"https:\/\/tourtravelandmore.com\/es\/wp-json\/wp\/v2\/media?parent=83870"}],"wp:term":[{"taxonomy":"product_brand","embeddable":true,"href":"https:\/\/tourtravelandmore.com\/es\/wp-json\/wp\/v2\/product_brand?post=83870"},{"taxonomy":"product_cat","embeddable":true,"href":"https:\/\/tourtravelandmore.com\/es\/wp-json\/wp\/v2\/product_cat?post=83870"},{"taxonomy":"product_tag","embeddable":true,"href":"https:\/\/tourtravelandmore.com\/es\/wp-json\/wp\/v2\/product_tag?post=83870"}],"curies":[{"name":"wp","href":"https:\/\/api.w.org\/{rel}","templated":true}]}}