{"id":83826,"date":"2020-09-21T11:59:40","date_gmt":"2020-09-21T09:59:41","guid":{"rendered":"https:\/\/tourtravelandmore.com\/?post_type=product&#038;p=83826"},"modified":"2021-07-26T12:54:06","modified_gmt":"2021-07-26T10:54:06","slug":"tour-a-pie-atlanta-tour-privado-con-guia-oficial-de-la-ciudad","status":"publish","type":"product","link":"https:\/\/tourtravelandmore.com\/es\/tours\/eeuu-es\/atlanta-es\/atlanta-actividades-es\/tour-a-pie-atlanta-tour-privado-con-guia-oficial-de-la-ciudad\/","title":{"rendered":"Tour a pie de Atlanta con guia oficial"},"content":{"rendered":"<h2>Descripci\u00f3n del Tour a Pie:<\/h2>\n<p>Descubre la ciudad, gracias a este tour a pie Atlanta, junto a su gu\u00eda oficial privado. Podr\u00e1s conocer lo m\u00e1ximo de la ciudad en 4 Horas.<\/p>\n<p>El Tour es completamente privado, podr\u00e1s escoger la hora y lugar de comienzo.<\/p>\n<p>Si su hotel est\u00e1 en el centro, nuestro gu\u00eda oficial le recoger\u00e1 desde ah\u00ed, si no le indicaremos un punto de encuentro en el centro de la ciudad para empezar este tour a pie Atlanta.<\/p>\n<h2><strong>Itinerario y Puntos de inter\u00e9s en Atlanta:<\/strong><\/h2>\n<p>Atlanta es la capital del estado de Georgia. Si hablamos de econom\u00eda, esta ciudad de negocios es la sexta m\u00e1s importante de Estados Unidos, y la quinceava del mundo entero. Y es que como te cont\u00e1bamos, esta ciudad <strong>no es solo sede mundial de CNN, sino de Coca-Cola, At&amp;T, Delta Air Lines y otras<\/strong><\/p>\n<p>Empezaremos nuestro a pie Atlanta por <strong>The King Center, <\/strong>una parada r\u00e1pida en el hogar y la tumba del nacimiento del Dr. Martin Luther&#8217;s Kings, Jr.<\/p>\n<p>Seguiremos hasta llegar a <strong>World of Coca-Cola, <\/strong>si desean entrar podemos gestionar la entrada, ahi podr\u00e1s experimentar las historias reales detr\u00e1s de la marca de bebida m\u00e1s famosa del mundo en el hogar multimedia y din\u00e1mico de la f\u00f3rmula de m\u00e1s de 130 a\u00f1os de Coca\u2011Cola.<\/p>\n<p>Llegaremos hasta la famosa <strong>CNN<\/strong>, es un canal de televisi\u00f3n por suscripci\u00f3n estadounidense fundado en 1980 por el empresario Ted Turner. Cerca de ahi nos encontraremos <strong>Georgia Aquarium, <\/strong>es considerado el m\u00e1s grande del mundo.<\/p>\n<p>A continuaci\u00f3n nos encontraremos el <strong>estadio Mercedes-Benz<\/strong>, hogar del Halc\u00f3n. Pararemos a tomar una bebida en un lugar muy t\u00edpico de la ciudad: <strong>No M\u00e1s! Cantina. <\/strong>Esto es parte de Castleberry Hilll, hogar de muchos lugares de rodaje.<\/p>\n<p>Por \u00faltimo conoceremos<strong> Ponce City Market, Centennial Olympic Park. <\/strong>Os acompa\u00f1aremos al finalizar a un lugar t\u00edpico para comer.<\/p>\n<p>Si va a estar m\u00e1s tiempo en la ciudad, puede consultar aqu\u00ed, el resto de nuestros tours privados.<\/p>\n<p>&nbsp;<\/p>\n","protected":false},"excerpt":{"rendered":"<p>Descubre la ciudad de Atlanta, gracias a este<strong> tour privado a pie de la ciudad, con su gu\u00eda privado oficial.<\/strong> Conocer\u00e1s las principales calles y monumentos: <em>The King Center, World of Coca-Cola, CNN, Georgia Aquarium, Estadio Merdeces Benz, Ponce City Market, Centennial Olympic Park y mucho m\u00e1s!!<\/em><\/p>\n","protected":false},"featured_media":84024,"comment_status":"open","ping_status":"closed","template":"","meta":{"_acf_changed":false},"product_brand":[],"product_cat":[1602,2587,2588,2590],"product_tag":[],"class_list":{"0":"post-83826","1":"product","2":"type-product","3":"status-publish","4":"has-post-thumbnail","6":"product_cat-eeuu-es","7":"product_cat-atlanta-es","8":"product_cat-atlanta-actividades-es","9":"product_cat-atlanta-a-pie-es","11":"first","12":"instock","13":"shipping-taxable","14":"purchasable","15":"product-type-simple"},"acf":[],"yoast_head":"<!-- This site is optimized with the Yoast SEO Premium plugin v25.3.1 (Yoast SEO v25.3.1) - https:\/\/yoast.com\/wordpress\/plugins\/seo\/ -->\n<title>Tour a pie Atlanta - Tour Privado con Guia oficial de la ciudad | TT &amp; M<\/title>\n<meta name=\"description\" content=\"\u2192 Descubre la ciudad gracias a este tour a pie de Atlanta, con su gu\u00eda oficial privado. Conoce sus principales calles y su historia \u2705\" \/>\n<meta name=\"robots\" content=\"index, follow, max-snippet:-1, max-image-preview:large, max-video-preview:-1\" \/>\n<link rel=\"canonical\" href=\"https:\/\/tourtravelandmore.com\/es\/tours\/eeuu-es\/atlanta-es\/atlanta-actividades-es\/tour-a-pie-atlanta-tour-privado-con-guia-oficial-de-la-ciudad\/\" \/>\n<meta property=\"og:locale\" content=\"es_ES\" \/>\n<meta property=\"og:type\" content=\"article\" \/>\n<meta property=\"og:title\" content=\"Tour a pie de Atlanta con guia oficial\" \/>\n<meta property=\"og:description\" content=\"\u2192 Descubre la ciudad gracias a este tour a pie de Atlanta, con su gu\u00eda oficial privado. Conoce sus principales calles y su historia \u2705\" \/>\n<meta property=\"og:url\" content=\"https:\/\/tourtravelandmore.com\/es\/tours\/eeuu-es\/atlanta-es\/atlanta-actividades-es\/tour-a-pie-atlanta-tour-privado-con-guia-oficial-de-la-ciudad\/\" \/>\n<meta property=\"og:site_name\" content=\"Tour Travel And More\" \/>\n<meta property=\"article:publisher\" content=\"https:\/\/www.facebook.com\/tourtravelandmore\/\" \/>\n<meta property=\"article:modified_time\" content=\"2021-07-26T10:54:06+00:00\" \/>\n<meta property=\"og:image\" content=\"https:\/\/tourtravelandmore.com\/wp-content\/uploads\/2020\/09\/altlanta-2-scaled.jpg\" \/>\n\t<meta property=\"og:image:width\" content=\"2560\" \/>\n\t<meta property=\"og:image:height\" content=\"1920\" \/>\n\t<meta property=\"og:image:type\" content=\"image\/jpeg\" \/>\n<meta name=\"twitter:card\" content=\"summary_large_image\" \/>\n<meta name=\"twitter:site\" content=\"@TourTravel_More\" \/>\n<meta name=\"twitter:label1\" content=\"Tiempo de lectura\" \/>\n\t<meta name=\"twitter:data1\" content=\"2 minutos\" \/>\n<script type=\"application\/ld+json\" class=\"yoast-schema-graph\">{\"@context\":\"https:\/\/schema.org\",\"@graph\":[{\"@type\":\"WebPage\",\"@id\":\"https:\/\/tourtravelandmore.com\/es\/tours\/eeuu-es\/atlanta-es\/atlanta-actividades-es\/tour-a-pie-atlanta-tour-privado-con-guia-oficial-de-la-ciudad\/\",\"url\":\"https:\/\/tourtravelandmore.com\/es\/tours\/eeuu-es\/atlanta-es\/atlanta-actividades-es\/tour-a-pie-atlanta-tour-privado-con-guia-oficial-de-la-ciudad\/\",\"name\":\"Tour a pie Atlanta - Tour Privado con Guia oficial de la ciudad | TT & M\",\"isPartOf\":{\"@id\":\"https:\/\/tourtravelandmore.com\/es\/#website\"},\"primaryImageOfPage\":{\"@id\":\"https:\/\/tourtravelandmore.com\/es\/tours\/eeuu-es\/atlanta-es\/atlanta-actividades-es\/tour-a-pie-atlanta-tour-privado-con-guia-oficial-de-la-ciudad\/#primaryimage\"},\"image\":{\"@id\":\"https:\/\/tourtravelandmore.com\/es\/tours\/eeuu-es\/atlanta-es\/atlanta-actividades-es\/tour-a-pie-atlanta-tour-privado-con-guia-oficial-de-la-ciudad\/#primaryimage\"},\"thumbnailUrl\":\"https:\/\/tourtravelandmore.com\/wp-content\/uploads\/2020\/09\/altlanta-2-scaled.jpg\",\"datePublished\":\"2020-09-21T09:59:41+00:00\",\"dateModified\":\"2021-07-26T10:54:06+00:00\",\"description\":\"\u2192 Descubre la ciudad gracias a este tour a pie de Atlanta, con su gu\u00eda oficial privado. Conoce sus principales calles y su historia \u2705\",\"breadcrumb\":{\"@id\":\"https:\/\/tourtravelandmore.com\/es\/tours\/eeuu-es\/atlanta-es\/atlanta-actividades-es\/tour-a-pie-atlanta-tour-privado-con-guia-oficial-de-la-ciudad\/#breadcrumb\"},\"inLanguage\":\"es\",\"potentialAction\":[{\"@type\":\"ReadAction\",\"target\":[\"https:\/\/tourtravelandmore.com\/es\/tours\/eeuu-es\/atlanta-es\/atlanta-actividades-es\/tour-a-pie-atlanta-tour-privado-con-guia-oficial-de-la-ciudad\/\"]}]},{\"@type\":\"ImageObject\",\"inLanguage\":\"es\",\"@id\":\"https:\/\/tourtravelandmore.com\/es\/tours\/eeuu-es\/atlanta-es\/atlanta-actividades-es\/tour-a-pie-atlanta-tour-privado-con-guia-oficial-de-la-ciudad\/#primaryimage\",\"url\":\"https:\/\/tourtravelandmore.com\/wp-content\/uploads\/2020\/09\/altlanta-2-scaled.jpg\",\"contentUrl\":\"https:\/\/tourtravelandmore.com\/wp-content\/uploads\/2020\/09\/altlanta-2-scaled.jpg\",\"width\":2560,\"height\":1920},{\"@type\":\"BreadcrumbList\",\"@id\":\"https:\/\/tourtravelandmore.com\/es\/tours\/eeuu-es\/atlanta-es\/atlanta-actividades-es\/tour-a-pie-atlanta-tour-privado-con-guia-oficial-de-la-ciudad\/#breadcrumb\",\"itemListElement\":[{\"@type\":\"ListItem\",\"position\":1,\"name\":\"Home\",\"item\":\"https:\/\/tourtravelandmore.com\/es\/\"},{\"@type\":\"ListItem\",\"position\":2,\"name\":\"Tours\",\"item\":\"https:\/\/tourtravelandmore.com\/es\/tours\/\"},{\"@type\":\"ListItem\",\"position\":3,\"name\":\"Tour a pie de Atlanta con guia oficial\"}]},{\"@type\":\"WebSite\",\"@id\":\"https:\/\/tourtravelandmore.com\/es\/#website\",\"url\":\"https:\/\/tourtravelandmore.com\/es\/\",\"name\":\"Tour Travel And More\",\"description\":\"Private sightseeing tours and luxury transfers in Spain\",\"publisher\":{\"@id\":\"https:\/\/tourtravelandmore.com\/es\/#organization\"},\"potentialAction\":[{\"@type\":\"SearchAction\",\"target\":{\"@type\":\"EntryPoint\",\"urlTemplate\":\"https:\/\/tourtravelandmore.com\/es\/?s={search_term_string}\"},\"query-input\":{\"@type\":\"PropertyValueSpecification\",\"valueRequired\":true,\"valueName\":\"search_term_string\"}}],\"inLanguage\":\"es\"},{\"@type\":\"Organization\",\"@id\":\"https:\/\/tourtravelandmore.com\/es\/#organization\",\"name\":\"Tour Travel And More\",\"url\":\"https:\/\/tourtravelandmore.com\/es\/\",\"logo\":{\"@type\":\"ImageObject\",\"inLanguage\":\"es\",\"@id\":\"https:\/\/tourtravelandmore.com\/es\/#\/schema\/logo\/image\/\",\"url\":\"https:\/\/tourtravelandmore.com\/wp-content\/uploads\/2022\/12\/cropped-logo-cabecera-new.png\",\"contentUrl\":\"https:\/\/tourtravelandmore.com\/wp-content\/uploads\/2022\/12\/cropped-logo-cabecera-new.png\",\"width\":430,\"height\":61,\"caption\":\"Tour Travel And More\"},\"image\":{\"@id\":\"https:\/\/tourtravelandmore.com\/es\/#\/schema\/logo\/image\/\"},\"sameAs\":[\"https:\/\/www.facebook.com\/tourtravelandmore\/\",\"https:\/\/x.com\/TourTravel_More\"]}]}<\/script>\n<!-- \/ Yoast SEO Premium plugin. -->","yoast_head_json":{"title":"Tour a pie Atlanta - Tour Privado con Guia oficial de la ciudad | TT & M","description":"\u2192 Descubre la ciudad gracias a este tour a pie de Atlanta, con su gu\u00eda oficial privado. Conoce sus principales calles y su historia \u2705","robots":{"index":"index","follow":"follow","max-snippet":"max-snippet:-1","max-image-preview":"max-image-preview:large","max-video-preview":"max-video-preview:-1"},"canonical":"https:\/\/tourtravelandmore.com\/es\/tours\/eeuu-es\/atlanta-es\/atlanta-actividades-es\/tour-a-pie-atlanta-tour-privado-con-guia-oficial-de-la-ciudad\/","og_locale":"es_ES","og_type":"article","og_title":"Tour a pie de Atlanta con guia oficial","og_description":"\u2192 Descubre la ciudad gracias a este tour a pie de Atlanta, con su gu\u00eda oficial privado. Conoce sus principales calles y su historia \u2705","og_url":"https:\/\/tourtravelandmore.com\/es\/tours\/eeuu-es\/atlanta-es\/atlanta-actividades-es\/tour-a-pie-atlanta-tour-privado-con-guia-oficial-de-la-ciudad\/","og_site_name":"Tour Travel And More","article_publisher":"https:\/\/www.facebook.com\/tourtravelandmore\/","article_modified_time":"2021-07-26T10:54:06+00:00","og_image":[{"width":2560,"height":1920,"url":"https:\/\/tourtravelandmore.com\/wp-content\/uploads\/2020\/09\/altlanta-2-scaled.jpg","type":"image\/jpeg"}],"twitter_card":"summary_large_image","twitter_site":"@TourTravel_More","twitter_misc":{"Tiempo de lectura":"2 minutos"},"schema":{"@context":"https:\/\/schema.org","@graph":[{"@type":"WebPage","@id":"https:\/\/tourtravelandmore.com\/es\/tours\/eeuu-es\/atlanta-es\/atlanta-actividades-es\/tour-a-pie-atlanta-tour-privado-con-guia-oficial-de-la-ciudad\/","url":"https:\/\/tourtravelandmore.com\/es\/tours\/eeuu-es\/atlanta-es\/atlanta-actividades-es\/tour-a-pie-atlanta-tour-privado-con-guia-oficial-de-la-ciudad\/","name":"Tour a pie Atlanta - Tour Privado con Guia oficial de la ciudad | TT & M","isPartOf":{"@id":"https:\/\/tourtravelandmore.com\/es\/#website"},"primaryImageOfPage":{"@id":"https:\/\/tourtravelandmore.com\/es\/tours\/eeuu-es\/atlanta-es\/atlanta-actividades-es\/tour-a-pie-atlanta-tour-privado-con-guia-oficial-de-la-ciudad\/#primaryimage"},"image":{"@id":"https:\/\/tourtravelandmore.com\/es\/tours\/eeuu-es\/atlanta-es\/atlanta-actividades-es\/tour-a-pie-atlanta-tour-privado-con-guia-oficial-de-la-ciudad\/#primaryimage"},"thumbnailUrl":"https:\/\/tourtravelandmore.com\/wp-content\/uploads\/2020\/09\/altlanta-2-scaled.jpg","datePublished":"2020-09-21T09:59:41+00:00","dateModified":"2021-07-26T10:54:06+00:00","description":"\u2192 Descubre la ciudad gracias a este tour a pie de Atlanta, con su gu\u00eda oficial privado. Conoce sus principales calles y su historia \u2705","breadcrumb":{"@id":"https:\/\/tourtravelandmore.com\/es\/tours\/eeuu-es\/atlanta-es\/atlanta-actividades-es\/tour-a-pie-atlanta-tour-privado-con-guia-oficial-de-la-ciudad\/#breadcrumb"},"inLanguage":"es","potentialAction":[{"@type":"ReadAction","target":["https:\/\/tourtravelandmore.com\/es\/tours\/eeuu-es\/atlanta-es\/atlanta-actividades-es\/tour-a-pie-atlanta-tour-privado-con-guia-oficial-de-la-ciudad\/"]}]},{"@type":"ImageObject","inLanguage":"es","@id":"https:\/\/tourtravelandmore.com\/es\/tours\/eeuu-es\/atlanta-es\/atlanta-actividades-es\/tour-a-pie-atlanta-tour-privado-con-guia-oficial-de-la-ciudad\/#primaryimage","url":"https:\/\/tourtravelandmore.com\/wp-content\/uploads\/2020\/09\/altlanta-2-scaled.jpg","contentUrl":"https:\/\/tourtravelandmore.com\/wp-content\/uploads\/2020\/09\/altlanta-2-scaled.jpg","width":2560,"height":1920},{"@type":"BreadcrumbList","@id":"https:\/\/tourtravelandmore.com\/es\/tours\/eeuu-es\/atlanta-es\/atlanta-actividades-es\/tour-a-pie-atlanta-tour-privado-con-guia-oficial-de-la-ciudad\/#breadcrumb","itemListElement":[{"@type":"ListItem","position":1,"name":"Home","item":"https:\/\/tourtravelandmore.com\/es\/"},{"@type":"ListItem","position":2,"name":"Tours","item":"https:\/\/tourtravelandmore.com\/es\/tours\/"},{"@type":"ListItem","position":3,"name":"Tour a pie de Atlanta con guia oficial"}]},{"@type":"WebSite","@id":"https:\/\/tourtravelandmore.com\/es\/#website","url":"https:\/\/tourtravelandmore.com\/es\/","name":"Tour Travel And More","description":"Private sightseeing tours and luxury transfers in Spain","publisher":{"@id":"https:\/\/tourtravelandmore.com\/es\/#organization"},"potentialAction":[{"@type":"SearchAction","target":{"@type":"EntryPoint","urlTemplate":"https:\/\/tourtravelandmore.com\/es\/?s={search_term_string}"},"query-input":{"@type":"PropertyValueSpecification","valueRequired":true,"valueName":"search_term_string"}}],"inLanguage":"es"},{"@type":"Organization","@id":"https:\/\/tourtravelandmore.com\/es\/#organization","name":"Tour Travel And More","url":"https:\/\/tourtravelandmore.com\/es\/","logo":{"@type":"ImageObject","inLanguage":"es","@id":"https:\/\/tourtravelandmore.com\/es\/#\/schema\/logo\/image\/","url":"https:\/\/tourtravelandmore.com\/wp-content\/uploads\/2022\/12\/cropped-logo-cabecera-new.png","contentUrl":"https:\/\/tourtravelandmore.com\/wp-content\/uploads\/2022\/12\/cropped-logo-cabecera-new.png","width":430,"height":61,"caption":"Tour Travel And More"},"image":{"@id":"https:\/\/tourtravelandmore.com\/es\/#\/schema\/logo\/image\/"},"sameAs":["https:\/\/www.facebook.com\/tourtravelandmore\/","https:\/\/x.com\/TourTravel_More"]}]}},"_links":{"self":[{"href":"https:\/\/tourtravelandmore.com\/es\/wp-json\/wp\/v2\/product\/83826","targetHints":{"allow":["GET"]}}],"collection":[{"href":"https:\/\/tourtravelandmore.com\/es\/wp-json\/wp\/v2\/product"}],"about":[{"href":"https:\/\/tourtravelandmore.com\/es\/wp-json\/wp\/v2\/types\/product"}],"replies":[{"embeddable":true,"href":"https:\/\/tourtravelandmore.com\/es\/wp-json\/wp\/v2\/comments?post=83826"}],"wp:featuredmedia":[{"embeddable":true,"href":"https:\/\/tourtravelandmore.com\/es\/wp-json\/wp\/v2\/media\/84024"}],"wp:attachment":[{"href":"https:\/\/tourtravelandmore.com\/es\/wp-json\/wp\/v2\/media?parent=83826"}],"wp:term":[{"taxonomy":"product_brand","embeddable":true,"href":"https:\/\/tourtravelandmore.com\/es\/wp-json\/wp\/v2\/product_brand?post=83826"},{"taxonomy":"product_cat","embeddable":true,"href":"https:\/\/tourtravelandmore.com\/es\/wp-json\/wp\/v2\/product_cat?post=83826"},{"taxonomy":"product_tag","embeddable":true,"href":"https:\/\/tourtravelandmore.com\/es\/wp-json\/wp\/v2\/product_tag?post=83826"}],"curies":[{"name":"wp","href":"https:\/\/api.w.org\/{rel}","templated":true}]}}