{"id":83816,"date":"2020-09-21T11:54:23","date_gmt":"2020-09-21T09:54:24","guid":{"rendered":"https:\/\/tourtravelandmore.com\/?post_type=product&#038;p=83816"},"modified":"2021-05-03T14:21:52","modified_gmt":"2021-05-03T12:21:52","slug":"tour-privado-a-pie-por-las-vegas","status":"publish","type":"product","link":"https:\/\/tourtravelandmore.com\/es\/tours\/eeuu-es\/vegas-es\/vegas-actividades-es\/tour-privado-a-pie-por-las-vegas\/","title":{"rendered":"Tour Privado a pie por Las Vegas"},"content":{"rendered":"<h2><strong>Descripci\u00f3n del Tour Privado<\/strong><\/h2>\n<p>Es dif\u00edcil pensar en<strong> Las Vegas<\/strong> para algo m\u00e1s que casinos y grandes noches de fiesta. Aproveche a nuestros expertos profesionales para que lo acompa\u00f1en en este <strong>tour privado a pie por Las Vegas<\/strong>.<\/p>\n<p>Este tour privado incluir\u00e1 una recogida en su hotel c\u00e9ntrico. Lo llevaremos<strong> al centro de Las Vegas<\/strong>. Si su hotel est\u00e1 ubicado dentro de esta franja, a\u00fan podemos organizar una recogida a pie. Si no podemos gestionar la recogida en un veh\u00edculo privado de lujo.<\/p>\n<p>Este es un tour privado a pie por Las Vegas y se puede personalizar para satisfacer sus necesidades. Esto significa que podemos pasar m\u00e1s tiempo en Vegas Strip o podemos pasar m\u00e1s tiempo en el centro y en la calle Fremont. Todo lo que necesita hacer es contactar a nuestros expertos en viajes.<\/p>\n<h2><strong>Itinerario del Tour<\/strong><\/h2>\n<p>Este tour privado comenzar\u00e1 con el <strong>encuentro con su gu\u00eda tur\u00edstico privado.<\/strong> Disfrutar\u00e1s de lo mejor de Las Vegas con este tour privado.<\/p>\n<p>En primer lugar, disfrute de un <strong>servicio de recogida privado<\/strong> para comenzar su recorrido.<\/p>\n<p>Luego comenzaremos el recorrido y conocer\u00e1 los <strong>sitios m\u00e1s importantes de Las Vegas.<\/strong><\/p>\n<p>Aunque hay una gran distancia entre Vegas Strip y el centro de la ciudad, organizaremos un veh\u00edculo si es necesario para llegar all\u00ed.<\/p>\n<h2><strong>Puntos de inter\u00e9s en Las Vegas<\/strong><\/h2>\n<p><img fetchpriority=\"high\" decoding=\"async\" class=\"alignnone  wp-image-106746\" src=\"https:\/\/tourtravelandmore.com\/wp-content\/uploads\/2020\/09\/Untitled-design-300x169.png\" alt=\"las vegas\" width=\"457\" height=\"258\" srcset=\"https:\/\/tourtravelandmore.com\/wp-content\/uploads\/2020\/09\/Untitled-design-300x169.png 300w, https:\/\/tourtravelandmore.com\/wp-content\/uploads\/2020\/09\/Untitled-design-1024x577.png 1024w, https:\/\/tourtravelandmore.com\/wp-content\/uploads\/2020\/09\/Untitled-design-768x433.png 768w, https:\/\/tourtravelandmore.com\/wp-content\/uploads\/2020\/09\/Untitled-design-1536x865.png 1536w, https:\/\/tourtravelandmore.com\/wp-content\/uploads\/2020\/09\/Untitled-design-680x383.png 680w, https:\/\/tourtravelandmore.com\/wp-content\/uploads\/2020\/09\/Untitled-design-595x335.png 595w, https:\/\/tourtravelandmore.com\/wp-content\/uploads\/2020\/09\/Untitled-design.png 1640w\" sizes=\"(max-width: 457px) 100vw, 457px\" \/><\/p>\n<p>Entre otros lugares podr\u00e1 disfrutar de:<\/p>\n<ul>\n<li><a href=\"https:\/\/es.wikipedia.org\/wiki\/Calle_Fremont\">Calle Fremont<\/a><\/li>\n<li><strong>Centro de Las Vegas<\/strong><\/li>\n<li><strong>Centro de la ciudad<\/strong><\/li>\n<li><strong>Vegas Strip<\/strong>: incre\u00edbles 4.2 millas<\/li>\n<li><strong>Bienvenido a Fabulous Las Vegas Sign<\/strong>: una verdadera parada para tomar fotograf\u00edas.<\/li>\n<li><strong>El Linq<\/strong><\/li>\n<\/ul>\n<p>Podemos comenzar con el nombre de las ubicaciones de hoteles m\u00e1s divertidos que puede visitar en Las Vegas, pero no habr\u00e1 forma de detenernos. Disfrute imagin\u00e1ndose en Italia con Venetian, viaje a Par\u00eds o incluso a Nueva York.<\/p>\n<p>Las incre\u00edbles luces de Las Vegas y la ciudad de ne\u00f3n lo convierten en una maravillosa experiencia para este tour privado a pie. Deje que nuestro gu\u00eda tur\u00edstico privado lo lleve a vivir una experiencia \u00fanica.<\/p>\n<p>Vea todos <a href=\"https:\/\/tourtravelandmore.com\/es\/ciudad\/eeuu-es\/vegas-es\/\">nuestros tours privados aqu\u00ed<\/a>. \u00a1Podemos organizar tours privados a cualquier ciudad y lugar que desee!<\/p>\n","protected":false},"excerpt":{"rendered":"<p>A todos les encantan <strong>Las Vegas<\/strong>, por eso tenemos este <strong>Tour Privado especial a pie por Las Vegas<\/strong> Nevada con un gu\u00eda tur\u00edstico local profesional que estar\u00e1 a su completa disposici\u00f3n. Aproveche para admirar una ciudad \u00fanica en el mundo. \u00a1Podr\u00e1s visitar el <strong>centro de Las Vegas<\/strong>, la <strong>Calle Fremont<\/strong> y mucho m\u00e1s!.<\/p>\n","protected":false},"featured_media":83837,"comment_status":"open","ping_status":"closed","template":"","meta":{"_acf_changed":false},"product_brand":[],"product_cat":[1602,2599,2600,2602],"product_tag":[],"class_list":{"0":"post-83816","1":"product","2":"type-product","3":"status-publish","4":"has-post-thumbnail","6":"product_cat-eeuu-es","7":"product_cat-vegas-es","8":"product_cat-vegas-actividades-es","9":"product_cat-vegas-a-pie-es","11":"first","12":"instock","13":"shipping-taxable","14":"purchasable","15":"product-type-simple"},"acf":[],"yoast_head":"<!-- This site is optimized with the Yoast SEO Premium plugin v25.3.1 (Yoast SEO v25.3.1) - https:\/\/yoast.com\/wordpress\/plugins\/seo\/ -->\n<title>Tour Privado a pie por Las Vegas con gu\u00eda oficial local | Tour Travel &amp; More<\/title>\n<meta name=\"description\" content=\"\u2192 Tour Privado a pie por Las Vegas y los puntos mas Emblematicos de la Ciudad de las Luces con un gu\u00eda profesional \u2705\" \/>\n<meta name=\"robots\" content=\"index, follow, max-snippet:-1, max-image-preview:large, max-video-preview:-1\" \/>\n<link rel=\"canonical\" href=\"https:\/\/tourtravelandmore.com\/es\/tours\/eeuu-es\/vegas-es\/vegas-actividades-es\/tour-privado-a-pie-por-las-vegas\/\" \/>\n<meta property=\"og:locale\" content=\"es_ES\" \/>\n<meta property=\"og:type\" content=\"article\" \/>\n<meta property=\"og:title\" content=\"Tour Privado a pie por Las Vegas\" \/>\n<meta property=\"og:description\" content=\"\u2192 Tour Privado a pie por Las Vegas y los puntos mas Emblematicos de la Ciudad de las Luces con un gu\u00eda profesional \u2705\" \/>\n<meta property=\"og:url\" content=\"https:\/\/tourtravelandmore.com\/es\/tours\/eeuu-es\/vegas-es\/vegas-actividades-es\/tour-privado-a-pie-por-las-vegas\/\" \/>\n<meta property=\"og:site_name\" content=\"Tour Travel And More\" \/>\n<meta property=\"article:publisher\" content=\"https:\/\/www.facebook.com\/tourtravelandmore\/\" \/>\n<meta property=\"article:modified_time\" content=\"2021-05-03T12:21:52+00:00\" \/>\n<meta property=\"og:image\" content=\"https:\/\/tourtravelandmore.com\/wp-content\/uploads\/2020\/09\/las-vegas.jpg\" \/>\n\t<meta property=\"og:image:width\" content=\"1280\" \/>\n\t<meta property=\"og:image:height\" content=\"960\" \/>\n\t<meta property=\"og:image:type\" content=\"image\/jpeg\" \/>\n<meta name=\"twitter:card\" content=\"summary_large_image\" \/>\n<meta name=\"twitter:site\" content=\"@TourTravel_More\" \/>\n<meta name=\"twitter:label1\" content=\"Tiempo de lectura\" \/>\n\t<meta name=\"twitter:data1\" content=\"2 minutos\" \/>\n<script type=\"application\/ld+json\" class=\"yoast-schema-graph\">{\"@context\":\"https:\/\/schema.org\",\"@graph\":[{\"@type\":\"WebPage\",\"@id\":\"https:\/\/tourtravelandmore.com\/es\/tours\/eeuu-es\/vegas-es\/vegas-actividades-es\/tour-privado-a-pie-por-las-vegas\/\",\"url\":\"https:\/\/tourtravelandmore.com\/es\/tours\/eeuu-es\/vegas-es\/vegas-actividades-es\/tour-privado-a-pie-por-las-vegas\/\",\"name\":\"Tour Privado a pie por Las Vegas con gu\u00eda oficial local | Tour Travel & More\",\"isPartOf\":{\"@id\":\"https:\/\/tourtravelandmore.com\/es\/#website\"},\"primaryImageOfPage\":{\"@id\":\"https:\/\/tourtravelandmore.com\/es\/tours\/eeuu-es\/vegas-es\/vegas-actividades-es\/tour-privado-a-pie-por-las-vegas\/#primaryimage\"},\"image\":{\"@id\":\"https:\/\/tourtravelandmore.com\/es\/tours\/eeuu-es\/vegas-es\/vegas-actividades-es\/tour-privado-a-pie-por-las-vegas\/#primaryimage\"},\"thumbnailUrl\":\"https:\/\/tourtravelandmore.com\/wp-content\/uploads\/2020\/09\/las-vegas.jpg\",\"datePublished\":\"2020-09-21T09:54:24+00:00\",\"dateModified\":\"2021-05-03T12:21:52+00:00\",\"description\":\"\u2192 Tour Privado a pie por Las Vegas y los puntos mas Emblematicos de la Ciudad de las Luces con un gu\u00eda profesional \u2705\",\"breadcrumb\":{\"@id\":\"https:\/\/tourtravelandmore.com\/es\/tours\/eeuu-es\/vegas-es\/vegas-actividades-es\/tour-privado-a-pie-por-las-vegas\/#breadcrumb\"},\"inLanguage\":\"es\",\"potentialAction\":[{\"@type\":\"ReadAction\",\"target\":[\"https:\/\/tourtravelandmore.com\/es\/tours\/eeuu-es\/vegas-es\/vegas-actividades-es\/tour-privado-a-pie-por-las-vegas\/\"]}]},{\"@type\":\"ImageObject\",\"inLanguage\":\"es\",\"@id\":\"https:\/\/tourtravelandmore.com\/es\/tours\/eeuu-es\/vegas-es\/vegas-actividades-es\/tour-privado-a-pie-por-las-vegas\/#primaryimage\",\"url\":\"https:\/\/tourtravelandmore.com\/wp-content\/uploads\/2020\/09\/las-vegas.jpg\",\"contentUrl\":\"https:\/\/tourtravelandmore.com\/wp-content\/uploads\/2020\/09\/las-vegas.jpg\",\"width\":1280,\"height\":960},{\"@type\":\"BreadcrumbList\",\"@id\":\"https:\/\/tourtravelandmore.com\/es\/tours\/eeuu-es\/vegas-es\/vegas-actividades-es\/tour-privado-a-pie-por-las-vegas\/#breadcrumb\",\"itemListElement\":[{\"@type\":\"ListItem\",\"position\":1,\"name\":\"Home\",\"item\":\"https:\/\/tourtravelandmore.com\/es\/\"},{\"@type\":\"ListItem\",\"position\":2,\"name\":\"Tours\",\"item\":\"https:\/\/tourtravelandmore.com\/es\/tours\/\"},{\"@type\":\"ListItem\",\"position\":3,\"name\":\"Tour Privado a pie por Las Vegas\"}]},{\"@type\":\"WebSite\",\"@id\":\"https:\/\/tourtravelandmore.com\/es\/#website\",\"url\":\"https:\/\/tourtravelandmore.com\/es\/\",\"name\":\"Tour Travel And More\",\"description\":\"Private sightseeing tours and luxury transfers in Spain\",\"publisher\":{\"@id\":\"https:\/\/tourtravelandmore.com\/es\/#organization\"},\"potentialAction\":[{\"@type\":\"SearchAction\",\"target\":{\"@type\":\"EntryPoint\",\"urlTemplate\":\"https:\/\/tourtravelandmore.com\/es\/?s={search_term_string}\"},\"query-input\":{\"@type\":\"PropertyValueSpecification\",\"valueRequired\":true,\"valueName\":\"search_term_string\"}}],\"inLanguage\":\"es\"},{\"@type\":\"Organization\",\"@id\":\"https:\/\/tourtravelandmore.com\/es\/#organization\",\"name\":\"Tour Travel And More\",\"url\":\"https:\/\/tourtravelandmore.com\/es\/\",\"logo\":{\"@type\":\"ImageObject\",\"inLanguage\":\"es\",\"@id\":\"https:\/\/tourtravelandmore.com\/es\/#\/schema\/logo\/image\/\",\"url\":\"https:\/\/tourtravelandmore.com\/wp-content\/uploads\/2022\/12\/cropped-logo-cabecera-new.png\",\"contentUrl\":\"https:\/\/tourtravelandmore.com\/wp-content\/uploads\/2022\/12\/cropped-logo-cabecera-new.png\",\"width\":430,\"height\":61,\"caption\":\"Tour Travel And More\"},\"image\":{\"@id\":\"https:\/\/tourtravelandmore.com\/es\/#\/schema\/logo\/image\/\"},\"sameAs\":[\"https:\/\/www.facebook.com\/tourtravelandmore\/\",\"https:\/\/x.com\/TourTravel_More\"]}]}<\/script>\n<!-- \/ Yoast SEO Premium plugin. -->","yoast_head_json":{"title":"Tour Privado a pie por Las Vegas con gu\u00eda oficial local | Tour Travel & More","description":"\u2192 Tour Privado a pie por Las Vegas y los puntos mas Emblematicos de la Ciudad de las Luces con un gu\u00eda profesional \u2705","robots":{"index":"index","follow":"follow","max-snippet":"max-snippet:-1","max-image-preview":"max-image-preview:large","max-video-preview":"max-video-preview:-1"},"canonical":"https:\/\/tourtravelandmore.com\/es\/tours\/eeuu-es\/vegas-es\/vegas-actividades-es\/tour-privado-a-pie-por-las-vegas\/","og_locale":"es_ES","og_type":"article","og_title":"Tour Privado a pie por Las Vegas","og_description":"\u2192 Tour Privado a pie por Las Vegas y los puntos mas Emblematicos de la Ciudad de las Luces con un gu\u00eda profesional \u2705","og_url":"https:\/\/tourtravelandmore.com\/es\/tours\/eeuu-es\/vegas-es\/vegas-actividades-es\/tour-privado-a-pie-por-las-vegas\/","og_site_name":"Tour Travel And More","article_publisher":"https:\/\/www.facebook.com\/tourtravelandmore\/","article_modified_time":"2021-05-03T12:21:52+00:00","og_image":[{"width":1280,"height":960,"url":"https:\/\/tourtravelandmore.com\/wp-content\/uploads\/2020\/09\/las-vegas.jpg","type":"image\/jpeg"}],"twitter_card":"summary_large_image","twitter_site":"@TourTravel_More","twitter_misc":{"Tiempo de lectura":"2 minutos"},"schema":{"@context":"https:\/\/schema.org","@graph":[{"@type":"WebPage","@id":"https:\/\/tourtravelandmore.com\/es\/tours\/eeuu-es\/vegas-es\/vegas-actividades-es\/tour-privado-a-pie-por-las-vegas\/","url":"https:\/\/tourtravelandmore.com\/es\/tours\/eeuu-es\/vegas-es\/vegas-actividades-es\/tour-privado-a-pie-por-las-vegas\/","name":"Tour Privado a pie por Las Vegas con gu\u00eda oficial local | Tour Travel & More","isPartOf":{"@id":"https:\/\/tourtravelandmore.com\/es\/#website"},"primaryImageOfPage":{"@id":"https:\/\/tourtravelandmore.com\/es\/tours\/eeuu-es\/vegas-es\/vegas-actividades-es\/tour-privado-a-pie-por-las-vegas\/#primaryimage"},"image":{"@id":"https:\/\/tourtravelandmore.com\/es\/tours\/eeuu-es\/vegas-es\/vegas-actividades-es\/tour-privado-a-pie-por-las-vegas\/#primaryimage"},"thumbnailUrl":"https:\/\/tourtravelandmore.com\/wp-content\/uploads\/2020\/09\/las-vegas.jpg","datePublished":"2020-09-21T09:54:24+00:00","dateModified":"2021-05-03T12:21:52+00:00","description":"\u2192 Tour Privado a pie por Las Vegas y los puntos mas Emblematicos de la Ciudad de las Luces con un gu\u00eda profesional \u2705","breadcrumb":{"@id":"https:\/\/tourtravelandmore.com\/es\/tours\/eeuu-es\/vegas-es\/vegas-actividades-es\/tour-privado-a-pie-por-las-vegas\/#breadcrumb"},"inLanguage":"es","potentialAction":[{"@type":"ReadAction","target":["https:\/\/tourtravelandmore.com\/es\/tours\/eeuu-es\/vegas-es\/vegas-actividades-es\/tour-privado-a-pie-por-las-vegas\/"]}]},{"@type":"ImageObject","inLanguage":"es","@id":"https:\/\/tourtravelandmore.com\/es\/tours\/eeuu-es\/vegas-es\/vegas-actividades-es\/tour-privado-a-pie-por-las-vegas\/#primaryimage","url":"https:\/\/tourtravelandmore.com\/wp-content\/uploads\/2020\/09\/las-vegas.jpg","contentUrl":"https:\/\/tourtravelandmore.com\/wp-content\/uploads\/2020\/09\/las-vegas.jpg","width":1280,"height":960},{"@type":"BreadcrumbList","@id":"https:\/\/tourtravelandmore.com\/es\/tours\/eeuu-es\/vegas-es\/vegas-actividades-es\/tour-privado-a-pie-por-las-vegas\/#breadcrumb","itemListElement":[{"@type":"ListItem","position":1,"name":"Home","item":"https:\/\/tourtravelandmore.com\/es\/"},{"@type":"ListItem","position":2,"name":"Tours","item":"https:\/\/tourtravelandmore.com\/es\/tours\/"},{"@type":"ListItem","position":3,"name":"Tour Privado a pie por Las Vegas"}]},{"@type":"WebSite","@id":"https:\/\/tourtravelandmore.com\/es\/#website","url":"https:\/\/tourtravelandmore.com\/es\/","name":"Tour Travel And More","description":"Private sightseeing tours and luxury transfers in Spain","publisher":{"@id":"https:\/\/tourtravelandmore.com\/es\/#organization"},"potentialAction":[{"@type":"SearchAction","target":{"@type":"EntryPoint","urlTemplate":"https:\/\/tourtravelandmore.com\/es\/?s={search_term_string}"},"query-input":{"@type":"PropertyValueSpecification","valueRequired":true,"valueName":"search_term_string"}}],"inLanguage":"es"},{"@type":"Organization","@id":"https:\/\/tourtravelandmore.com\/es\/#organization","name":"Tour Travel And More","url":"https:\/\/tourtravelandmore.com\/es\/","logo":{"@type":"ImageObject","inLanguage":"es","@id":"https:\/\/tourtravelandmore.com\/es\/#\/schema\/logo\/image\/","url":"https:\/\/tourtravelandmore.com\/wp-content\/uploads\/2022\/12\/cropped-logo-cabecera-new.png","contentUrl":"https:\/\/tourtravelandmore.com\/wp-content\/uploads\/2022\/12\/cropped-logo-cabecera-new.png","width":430,"height":61,"caption":"Tour Travel And More"},"image":{"@id":"https:\/\/tourtravelandmore.com\/es\/#\/schema\/logo\/image\/"},"sameAs":["https:\/\/www.facebook.com\/tourtravelandmore\/","https:\/\/x.com\/TourTravel_More"]}]}},"_links":{"self":[{"href":"https:\/\/tourtravelandmore.com\/es\/wp-json\/wp\/v2\/product\/83816","targetHints":{"allow":["GET"]}}],"collection":[{"href":"https:\/\/tourtravelandmore.com\/es\/wp-json\/wp\/v2\/product"}],"about":[{"href":"https:\/\/tourtravelandmore.com\/es\/wp-json\/wp\/v2\/types\/product"}],"replies":[{"embeddable":true,"href":"https:\/\/tourtravelandmore.com\/es\/wp-json\/wp\/v2\/comments?post=83816"}],"wp:featuredmedia":[{"embeddable":true,"href":"https:\/\/tourtravelandmore.com\/es\/wp-json\/wp\/v2\/media\/83837"}],"wp:attachment":[{"href":"https:\/\/tourtravelandmore.com\/es\/wp-json\/wp\/v2\/media?parent=83816"}],"wp:term":[{"taxonomy":"product_brand","embeddable":true,"href":"https:\/\/tourtravelandmore.com\/es\/wp-json\/wp\/v2\/product_brand?post=83816"},{"taxonomy":"product_cat","embeddable":true,"href":"https:\/\/tourtravelandmore.com\/es\/wp-json\/wp\/v2\/product_cat?post=83816"},{"taxonomy":"product_tag","embeddable":true,"href":"https:\/\/tourtravelandmore.com\/es\/wp-json\/wp\/v2\/product_tag?post=83816"}],"curies":[{"name":"wp","href":"https:\/\/api.w.org\/{rel}","templated":true}]}}