{"id":8378,"date":"2016-10-20T17:24:59","date_gmt":"2016-10-24T15:38:01","guid":{"rendered":"http:\/\/tourtravelandmore.com\/es\/?post_type=product&#038;p=8378"},"modified":"2022-11-26T01:01:50","modified_gmt":"2022-11-26T00:01:50","slug":"tour-privado-sitges-desde-barcelona","status":"publish","type":"product","link":"https:\/\/tourtravelandmore.com\/es\/tours\/espana-es\/barcelona-es\/tour-privado-sitges-desde-barcelona\/","title":{"rendered":"Tour Sitges &#8211; Tour privado desde Barcelona"},"content":{"rendered":"<h2>Descripci\u00f3n del Tour Sitges &#8211; Tour privado desde Barcelona<\/h2>\n<p>Disfrute de este <strong>tour de Sitges con su gu\u00eda privado oficial y Veh\u00edculo privado desde Barcelona.<\/strong><\/p>\n<p>Nuestro conductor y gu\u00eda os recoger\u00e1n desde su Hotel, Apartamento, Terminal de Cruceros para empezar desde ahi el tour de Sitges. Pueden escoger la hora de salida del tour y vuestro lugar de recogida dentro de la ciudad de Barcelona.<\/p>\n<p>Sitges es una ciudad costera, es conocida por sus playas mediterr\u00e1neas y su paseo mar\u00edtimo rodeado de grandes mansiones. Tiene un casco antiguo muy bonito, rodeao de tiendas, bares, restaurantes y discotecas de ambiente gay.<\/p>\n<p>El Tour tiene una duraci\u00f3n de 5 horas, recomendamos salir a las 09:00, si desean y quieren alargar la duraci\u00f3n del tour de Sitges para quedarse ah\u00ed a comer no hay problema, nos lo indican en el formulario de contacto del tour y le pasaremos la propuesta adaptada a sus necesidades. Este tour es completamente personalizable y pod\u00e9is organizarlo como quer\u00e1is y lo que busc\u00e1is.<\/p>\n<h2>Puntos de inter\u00e9s en el Tour Sitges &#8211; Tour privado desde Barcelona<\/h2>\n<p><strong>Edificios modernistas: <\/strong>Sitges y Barcelona fuer\u00f3n una de las grandes ciudades modernistas de la \u00e9poca, aunque se extendi\u00f3 por toda Europa, siendo la base de las nuevas vanguardias en la \u00e9poca para el surrealismo. El objetivo del modernismo era crear un arte nuevo, joven y moderno que representara una ruptura con los estilosde la \u00e9poca. A lo largo del recorrido de Sitges con nuestro gu\u00eda oficial privado iremos viendo diferentes edificios modernistas de la \u00e9poca, <strong>Conjunto arquitect\u00f3nico de Maricel, <\/strong><strong>Casa Conrad Subir\u00e0,<\/strong><strong>Casa Bacard\u00ed, <\/strong><strong>Torre Casa Bartomeu Carbonell Mussons, <\/strong><strong>Casa Sim\u00f3 Llaurad\u00f3, <\/strong><strong>Villa Havemann <\/strong>y muchos m\u00e1s edificios que iremos viendo a lo largo del recorrido.<\/p>\n<p><strong>Casa de Pescadores:\u00a0<\/strong>Son peque\u00f1as casas blancas, situadas en el casco historico de la ciudad que pertenecen a pescadores o en la actualidad han sido restauradas.<\/p>\n<p><strong><span id=\"museo-palacio-maricel-en-sitges\">Museo Palacio Maricel en Sitges: <\/span><\/strong><span id=\"museo-palacio-maricel-en-sitges\">El edificio es un cl\u00e1sico del estilo <span class=\"fullText \">Novecentista. Se puede visitar por dentro y conocer la historia de la ciudad.<br \/>\n<\/span><\/span><strong><span id=\"museo-cau-ferrat-en-sitges\">Museo Cau Ferrat en Sitges: <\/span><\/strong><span id=\"museo-cau-ferrat-en-sitges\">Es el museo m\u00e1s importante de la ciudad, se conservan las obras de dos grandes pintores, <a href=\"https:\/\/es.wikipedia.org\/wiki\/Pablo_Picasso\">Picasso<\/a> y <a href=\"https:\/\/es.wikipedia.org\/wiki\/El_Greco\">el Greco.<\/a><\/span><\/p>\n<p><strong><span id=\"iglesia-de-sant-bartolomeu-en-sitges\">Iglesia de Sant Bartolomeu en Sitges: <\/span><\/strong><span id=\"iglesia-de-sant-bartolomeu-en-sitges\">Situada al comienzo del paseo mar\u00edtimo de Sitges, en lo alto de una colina. Es una igl\u00e9sia de estilo Barroco.<\/span><\/p>\n<p><strong><span id=\"casas-de-indianos-en-el-paseo-maritimo-de-sitges\">Casas de indianos en el Paseo Mar\u00edtimo de Sitges: <\/span><\/strong><span id=\"casas-de-indianos-en-el-paseo-maritimo-de-sitges\">Son grandes mansiones situadas en primera l\u00ednea de mar, <\/span><span id=\"casas-de-indianos-en-el-paseo-maritimo-de-sitges\">son de \u00e9poca colonia.<br \/>\n<\/span><\/p>\n<p>Si dispones de d\u00edas en Barcelona, no pierdas la ocasi\u00f3n de conocer uno de los pueblos m\u00e1s importantes de la costa de Barcelona y cercanos. Si desea recibir m\u00e1s informaci\u00f3n puede contactar en el formulario de contacto del tour. Tambi\u00e9n puede escoger<a href=\"https:\/\/tourtravelandmore.com\/es\/ciudad\/espana-es\/barcelona-es\/\"> m\u00e1s tours que ofrecemos en Barcelona<\/a> y le pasaremos la informaci\u00f3n<\/p>\n","protected":false},"excerpt":{"rendered":"<p>Disfrute de este <strong>tour privado de Sitges desde Barcelona<\/strong>. Tome esta oportunidad para conocer y disfrutar de <strong>Sitges<\/strong> durante este tour con vuestro guia oficial privado y vuestro veh\u00edculo de lujo con chofer. Disfruta de <strong>Sitges<\/strong>, de su <strong>paseo mar\u00edtimo<\/strong> y de su incre\u00edble vistas al mar Mediterr\u00e1neo. La recogida puede ser desde su hotel o lugar a elecci\u00f3n en Barcelona.<\/p>\n","protected":false},"featured_media":8020,"comment_status":"open","ping_status":"closed","template":"","meta":{"_acf_changed":false},"product_brand":[],"product_cat":[69,266,270,267,547],"product_tag":[],"class_list":{"0":"post-8378","1":"product","2":"type-product","3":"status-publish","4":"has-post-thumbnail","6":"product_cat-barcelona-es","7":"product_cat-barcelona-actividades-es","8":"product_cat-barcelona-rutas-turisticas-privadas-es","9":"product_cat-barcelona-excursiones-es","10":"product_cat-barcelona-excursiones-privadas-cruceros-es","12":"first","13":"instock","14":"shipping-taxable","15":"purchasable","16":"product-type-simple"},"acf":[],"yoast_head":"<!-- This site is optimized with the Yoast SEO Premium plugin v25.3.1 (Yoast SEO v25.3.1) - https:\/\/yoast.com\/wordpress\/plugins\/seo\/ -->\n<title>\u27a1\ufe0f Tour Sitges - Tour privado desde Barcelona | Tour Travel &amp; More<\/title>\n<meta name=\"description\" content=\"Conoce el pueblo de costa y de moda m\u00e1s importante de Barcelona a trav\u00e9s del tour de sitges, junto a su gu\u00eda oficial y vehiculo privado \u2705\" \/>\n<meta name=\"robots\" content=\"index, follow, max-snippet:-1, max-image-preview:large, max-video-preview:-1\" \/>\n<link rel=\"canonical\" href=\"https:\/\/tourtravelandmore.com\/es\/tours\/espana-es\/barcelona-es\/tour-privado-sitges-desde-barcelona\/\" \/>\n<meta property=\"og:locale\" content=\"es_ES\" \/>\n<meta property=\"og:type\" content=\"article\" \/>\n<meta property=\"og:title\" content=\"Tour Sitges - Tour privado desde Barcelona\" \/>\n<meta property=\"og:description\" content=\"Conoce el pueblo de costa y de moda m\u00e1s importante de Barcelona a trav\u00e9s del tour de sitges, junto a su gu\u00eda oficial y vehiculo privado \u2705\" \/>\n<meta property=\"og:url\" content=\"https:\/\/tourtravelandmore.com\/es\/tours\/espana-es\/barcelona-es\/tour-privado-sitges-desde-barcelona\/\" \/>\n<meta property=\"og:site_name\" content=\"Tour Travel And More\" \/>\n<meta property=\"article:publisher\" content=\"https:\/\/www.facebook.com\/tourtravelandmore\/\" \/>\n<meta property=\"article:modified_time\" content=\"2022-11-26T00:01:50+00:00\" \/>\n<meta property=\"og:image\" content=\"https:\/\/tourtravelandmore.com\/wp-content\/uploads\/2016\/10\/sitges-private-tour-2.jpg\" \/>\n\t<meta property=\"og:image:width\" content=\"960\" \/>\n\t<meta property=\"og:image:height\" content=\"635\" \/>\n\t<meta property=\"og:image:type\" content=\"image\/jpeg\" \/>\n<meta name=\"twitter:card\" content=\"summary_large_image\" \/>\n<meta name=\"twitter:site\" content=\"@TourTravel_More\" \/>\n<meta name=\"twitter:label1\" content=\"Tiempo de lectura\" \/>\n\t<meta name=\"twitter:data1\" content=\"2 minutos\" \/>\n<script type=\"application\/ld+json\" class=\"yoast-schema-graph\">{\"@context\":\"https:\/\/schema.org\",\"@graph\":[{\"@type\":\"WebPage\",\"@id\":\"https:\/\/tourtravelandmore.com\/es\/tours\/espana-es\/barcelona-es\/tour-privado-sitges-desde-barcelona\/\",\"url\":\"https:\/\/tourtravelandmore.com\/es\/tours\/espana-es\/barcelona-es\/tour-privado-sitges-desde-barcelona\/\",\"name\":\"\u27a1\ufe0f Tour Sitges - Tour privado desde Barcelona | Tour Travel & More\",\"isPartOf\":{\"@id\":\"https:\/\/tourtravelandmore.com\/es\/#website\"},\"primaryImageOfPage\":{\"@id\":\"https:\/\/tourtravelandmore.com\/es\/tours\/espana-es\/barcelona-es\/tour-privado-sitges-desde-barcelona\/#primaryimage\"},\"image\":{\"@id\":\"https:\/\/tourtravelandmore.com\/es\/tours\/espana-es\/barcelona-es\/tour-privado-sitges-desde-barcelona\/#primaryimage\"},\"thumbnailUrl\":\"https:\/\/tourtravelandmore.com\/wp-content\/uploads\/2016\/10\/sitges-private-tour-2.jpg\",\"datePublished\":\"2016-10-24T15:38:01+00:00\",\"dateModified\":\"2022-11-26T00:01:50+00:00\",\"description\":\"Conoce el pueblo de costa y de moda m\u00e1s importante de Barcelona a trav\u00e9s del tour de sitges, junto a su gu\u00eda oficial y vehiculo privado \u2705\",\"breadcrumb\":{\"@id\":\"https:\/\/tourtravelandmore.com\/es\/tours\/espana-es\/barcelona-es\/tour-privado-sitges-desde-barcelona\/#breadcrumb\"},\"inLanguage\":\"es\",\"potentialAction\":[{\"@type\":\"ReadAction\",\"target\":[\"https:\/\/tourtravelandmore.com\/es\/tours\/espana-es\/barcelona-es\/tour-privado-sitges-desde-barcelona\/\"]}]},{\"@type\":\"ImageObject\",\"inLanguage\":\"es\",\"@id\":\"https:\/\/tourtravelandmore.com\/es\/tours\/espana-es\/barcelona-es\/tour-privado-sitges-desde-barcelona\/#primaryimage\",\"url\":\"https:\/\/tourtravelandmore.com\/wp-content\/uploads\/2016\/10\/sitges-private-tour-2.jpg\",\"contentUrl\":\"https:\/\/tourtravelandmore.com\/wp-content\/uploads\/2016\/10\/sitges-private-tour-2.jpg\",\"width\":960,\"height\":635},{\"@type\":\"BreadcrumbList\",\"@id\":\"https:\/\/tourtravelandmore.com\/es\/tours\/espana-es\/barcelona-es\/tour-privado-sitges-desde-barcelona\/#breadcrumb\",\"itemListElement\":[{\"@type\":\"ListItem\",\"position\":1,\"name\":\"Home\",\"item\":\"https:\/\/tourtravelandmore.com\/es\/\"},{\"@type\":\"ListItem\",\"position\":2,\"name\":\"Tours\",\"item\":\"https:\/\/tourtravelandmore.com\/es\/tours\/\"},{\"@type\":\"ListItem\",\"position\":3,\"name\":\"Tour Sitges &#8211; Tour privado desde Barcelona\"}]},{\"@type\":\"WebSite\",\"@id\":\"https:\/\/tourtravelandmore.com\/es\/#website\",\"url\":\"https:\/\/tourtravelandmore.com\/es\/\",\"name\":\"Tour Travel And More\",\"description\":\"Private sightseeing tours and luxury transfers in Spain\",\"publisher\":{\"@id\":\"https:\/\/tourtravelandmore.com\/es\/#organization\"},\"potentialAction\":[{\"@type\":\"SearchAction\",\"target\":{\"@type\":\"EntryPoint\",\"urlTemplate\":\"https:\/\/tourtravelandmore.com\/es\/?s={search_term_string}\"},\"query-input\":{\"@type\":\"PropertyValueSpecification\",\"valueRequired\":true,\"valueName\":\"search_term_string\"}}],\"inLanguage\":\"es\"},{\"@type\":\"Organization\",\"@id\":\"https:\/\/tourtravelandmore.com\/es\/#organization\",\"name\":\"Tour Travel And More\",\"url\":\"https:\/\/tourtravelandmore.com\/es\/\",\"logo\":{\"@type\":\"ImageObject\",\"inLanguage\":\"es\",\"@id\":\"https:\/\/tourtravelandmore.com\/es\/#\/schema\/logo\/image\/\",\"url\":\"https:\/\/tourtravelandmore.com\/wp-content\/uploads\/2022\/12\/cropped-logo-cabecera-new.png\",\"contentUrl\":\"https:\/\/tourtravelandmore.com\/wp-content\/uploads\/2022\/12\/cropped-logo-cabecera-new.png\",\"width\":430,\"height\":61,\"caption\":\"Tour Travel And More\"},\"image\":{\"@id\":\"https:\/\/tourtravelandmore.com\/es\/#\/schema\/logo\/image\/\"},\"sameAs\":[\"https:\/\/www.facebook.com\/tourtravelandmore\/\",\"https:\/\/x.com\/TourTravel_More\"]}]}<\/script>\n<!-- \/ Yoast SEO Premium plugin. -->","yoast_head_json":{"title":"\u27a1\ufe0f Tour Sitges - Tour privado desde Barcelona | Tour Travel & More","description":"Conoce el pueblo de costa y de moda m\u00e1s importante de Barcelona a trav\u00e9s del tour de sitges, junto a su gu\u00eda oficial y vehiculo privado \u2705","robots":{"index":"index","follow":"follow","max-snippet":"max-snippet:-1","max-image-preview":"max-image-preview:large","max-video-preview":"max-video-preview:-1"},"canonical":"https:\/\/tourtravelandmore.com\/es\/tours\/espana-es\/barcelona-es\/tour-privado-sitges-desde-barcelona\/","og_locale":"es_ES","og_type":"article","og_title":"Tour Sitges - Tour privado desde Barcelona","og_description":"Conoce el pueblo de costa y de moda m\u00e1s importante de Barcelona a trav\u00e9s del tour de sitges, junto a su gu\u00eda oficial y vehiculo privado \u2705","og_url":"https:\/\/tourtravelandmore.com\/es\/tours\/espana-es\/barcelona-es\/tour-privado-sitges-desde-barcelona\/","og_site_name":"Tour Travel And More","article_publisher":"https:\/\/www.facebook.com\/tourtravelandmore\/","article_modified_time":"2022-11-26T00:01:50+00:00","og_image":[{"width":960,"height":635,"url":"https:\/\/tourtravelandmore.com\/wp-content\/uploads\/2016\/10\/sitges-private-tour-2.jpg","type":"image\/jpeg"}],"twitter_card":"summary_large_image","twitter_site":"@TourTravel_More","twitter_misc":{"Tiempo de lectura":"2 minutos"},"schema":{"@context":"https:\/\/schema.org","@graph":[{"@type":"WebPage","@id":"https:\/\/tourtravelandmore.com\/es\/tours\/espana-es\/barcelona-es\/tour-privado-sitges-desde-barcelona\/","url":"https:\/\/tourtravelandmore.com\/es\/tours\/espana-es\/barcelona-es\/tour-privado-sitges-desde-barcelona\/","name":"\u27a1\ufe0f Tour Sitges - Tour privado desde Barcelona | Tour Travel & More","isPartOf":{"@id":"https:\/\/tourtravelandmore.com\/es\/#website"},"primaryImageOfPage":{"@id":"https:\/\/tourtravelandmore.com\/es\/tours\/espana-es\/barcelona-es\/tour-privado-sitges-desde-barcelona\/#primaryimage"},"image":{"@id":"https:\/\/tourtravelandmore.com\/es\/tours\/espana-es\/barcelona-es\/tour-privado-sitges-desde-barcelona\/#primaryimage"},"thumbnailUrl":"https:\/\/tourtravelandmore.com\/wp-content\/uploads\/2016\/10\/sitges-private-tour-2.jpg","datePublished":"2016-10-24T15:38:01+00:00","dateModified":"2022-11-26T00:01:50+00:00","description":"Conoce el pueblo de costa y de moda m\u00e1s importante de Barcelona a trav\u00e9s del tour de sitges, junto a su gu\u00eda oficial y vehiculo privado \u2705","breadcrumb":{"@id":"https:\/\/tourtravelandmore.com\/es\/tours\/espana-es\/barcelona-es\/tour-privado-sitges-desde-barcelona\/#breadcrumb"},"inLanguage":"es","potentialAction":[{"@type":"ReadAction","target":["https:\/\/tourtravelandmore.com\/es\/tours\/espana-es\/barcelona-es\/tour-privado-sitges-desde-barcelona\/"]}]},{"@type":"ImageObject","inLanguage":"es","@id":"https:\/\/tourtravelandmore.com\/es\/tours\/espana-es\/barcelona-es\/tour-privado-sitges-desde-barcelona\/#primaryimage","url":"https:\/\/tourtravelandmore.com\/wp-content\/uploads\/2016\/10\/sitges-private-tour-2.jpg","contentUrl":"https:\/\/tourtravelandmore.com\/wp-content\/uploads\/2016\/10\/sitges-private-tour-2.jpg","width":960,"height":635},{"@type":"BreadcrumbList","@id":"https:\/\/tourtravelandmore.com\/es\/tours\/espana-es\/barcelona-es\/tour-privado-sitges-desde-barcelona\/#breadcrumb","itemListElement":[{"@type":"ListItem","position":1,"name":"Home","item":"https:\/\/tourtravelandmore.com\/es\/"},{"@type":"ListItem","position":2,"name":"Tours","item":"https:\/\/tourtravelandmore.com\/es\/tours\/"},{"@type":"ListItem","position":3,"name":"Tour Sitges &#8211; Tour privado desde Barcelona"}]},{"@type":"WebSite","@id":"https:\/\/tourtravelandmore.com\/es\/#website","url":"https:\/\/tourtravelandmore.com\/es\/","name":"Tour Travel And More","description":"Private sightseeing tours and luxury transfers in Spain","publisher":{"@id":"https:\/\/tourtravelandmore.com\/es\/#organization"},"potentialAction":[{"@type":"SearchAction","target":{"@type":"EntryPoint","urlTemplate":"https:\/\/tourtravelandmore.com\/es\/?s={search_term_string}"},"query-input":{"@type":"PropertyValueSpecification","valueRequired":true,"valueName":"search_term_string"}}],"inLanguage":"es"},{"@type":"Organization","@id":"https:\/\/tourtravelandmore.com\/es\/#organization","name":"Tour Travel And More","url":"https:\/\/tourtravelandmore.com\/es\/","logo":{"@type":"ImageObject","inLanguage":"es","@id":"https:\/\/tourtravelandmore.com\/es\/#\/schema\/logo\/image\/","url":"https:\/\/tourtravelandmore.com\/wp-content\/uploads\/2022\/12\/cropped-logo-cabecera-new.png","contentUrl":"https:\/\/tourtravelandmore.com\/wp-content\/uploads\/2022\/12\/cropped-logo-cabecera-new.png","width":430,"height":61,"caption":"Tour Travel And More"},"image":{"@id":"https:\/\/tourtravelandmore.com\/es\/#\/schema\/logo\/image\/"},"sameAs":["https:\/\/www.facebook.com\/tourtravelandmore\/","https:\/\/x.com\/TourTravel_More"]}]}},"_links":{"self":[{"href":"https:\/\/tourtravelandmore.com\/es\/wp-json\/wp\/v2\/product\/8378","targetHints":{"allow":["GET"]}}],"collection":[{"href":"https:\/\/tourtravelandmore.com\/es\/wp-json\/wp\/v2\/product"}],"about":[{"href":"https:\/\/tourtravelandmore.com\/es\/wp-json\/wp\/v2\/types\/product"}],"replies":[{"embeddable":true,"href":"https:\/\/tourtravelandmore.com\/es\/wp-json\/wp\/v2\/comments?post=8378"}],"wp:featuredmedia":[{"embeddable":true,"href":"https:\/\/tourtravelandmore.com\/es\/wp-json\/wp\/v2\/media\/8020"}],"wp:attachment":[{"href":"https:\/\/tourtravelandmore.com\/es\/wp-json\/wp\/v2\/media?parent=8378"}],"wp:term":[{"taxonomy":"product_brand","embeddable":true,"href":"https:\/\/tourtravelandmore.com\/es\/wp-json\/wp\/v2\/product_brand?post=8378"},{"taxonomy":"product_cat","embeddable":true,"href":"https:\/\/tourtravelandmore.com\/es\/wp-json\/wp\/v2\/product_cat?post=8378"},{"taxonomy":"product_tag","embeddable":true,"href":"https:\/\/tourtravelandmore.com\/es\/wp-json\/wp\/v2\/product_tag?post=8378"}],"curies":[{"name":"wp","href":"https:\/\/api.w.org\/{rel}","templated":true}]}}