{"id":83771,"date":"2020-09-21T10:58:36","date_gmt":"2020-09-21T08:58:37","guid":{"rendered":"https:\/\/tourtravelandmore.com\/?post_type=product&#038;p=83771"},"modified":"2024-09-13T17:04:06","modified_gmt":"2024-09-13T15:04:06","slug":"tour-privado-de-aranjuez-desde-madrid","status":"publish","type":"product","link":"https:\/\/tourtravelandmore.com\/es\/tours\/espana-es\/madrid-es\/tour-privado-de-aranjuez-desde-madrid\/","title":{"rendered":"Tour privado de Aranjuez desde Madrid"},"content":{"rendered":"<h2>Tour Privado de Aranjuez desde Madrid Descripci\u00f3n<\/h2>\n<p>Disfrute de nuestro Tour Privado de Aranjuez desde Madrid. Viva una experiencia maravillosa con nuestro gu\u00eda oficial privado para visitar la ciudad de Aranjuez.<\/p>\n<p>Se encuentra muy cerca de Madrid, y se puede realizar en una experiencia privada de <strong>5 horas.<\/strong><\/p>\n<p>Una vez que lleguemos a Aranjuez, disfrute de una visita guiada de 4 horas por Aranjuez. Hemos organizado una visita privada de 5 horas, pero podemos organizar una experiencia m\u00e1s larga para usted.<\/p>\n<p>Conozca lo mejor de la ciudad de Aranjuez. Su gu\u00eda privado le llevar\u00e1 por los lugares \u00fanicos de Aranjuez, incluido el famoso Palacio Real. Es realmente una ciudad \u00fanica para visitar y a s\u00f3lo 45 minutos de la ciudad de Madrid.<\/p>\n<p>Finalmente le llevaremos de vuelta a su hotel en Madrid.<\/p>\n<h2>Tour privado de Aranjuez desde Madrid | Puntos de inter\u00e9s y lugares emblem\u00e1ticos<\/h2>\n<p>Nuestro tour privado incluye una vista a las mejores partes de Aranjuez.<\/p>\n<p>En primer lugar, a su llegada a Aranjuez, deje que nuestro gu\u00eda tur\u00edstico privado le lleve por los alrededores para vivir una experiencia \u00fanica.<\/p>\n<ul>\n<li><strong>Palacio Real de Aranjuez<\/strong><\/li>\n<li><strong>Jard\u00edn del pr\u00edncipe<\/strong><\/li>\n<li><strong>Paisaje cultural de Aranjuez<\/strong><\/li>\n<li><strong>Iglesia de San Antonio de Padua<\/strong><\/li>\n<li><strong>Vista del Gran Casino de Aranjuez<\/strong><\/li>\n<li><strong>Castillo de Oreja<\/strong><\/li>\n<li><strong>Fuente de H\u00e9rcules y Anteo<\/strong><\/li>\n<\/ul>\n<p>Aranjuez es una ciudad de la comunidad aut\u00f3noma de Madrid. A la izquierda se encuentra el Tajo. En el siglo XVI, Aranjuez era uno de los Reales Estados de la Corona de Espa\u00f1a.<\/p>\n<p>El paisaje cultural de Aranjuez est\u00e1 declarado Patrimonio de la Humanidad por la UNESCO.<\/p>\n<p>Por \u00faltimo, nuestro ch\u00f3fer privado y nuestro gu\u00eda tur\u00edstico le llevar\u00e1n de vuelta a su hotel o al lugar de su elecci\u00f3n en Madrid.<\/p>\n<p>\u00a1Eche un vistazo a nuestras experiencias privadas desde Madrid!<\/p>\n","protected":false},"excerpt":{"rendered":"<p>Descubre en un mismo d\u00edas dos ciudades, gracias a este Tour privado de Aranjuez desde Madrid, con guia oficial privado y vehiculo privado con conductor.<\/p>\n","protected":false},"featured_media":83804,"comment_status":"open","ping_status":"closed","template":"","meta":{"_acf_changed":false},"product_brand":[],"product_cat":[284,293,285,287,286],"product_tag":[],"class_list":{"0":"post-83771","1":"product","2":"type-product","3":"status-publish","4":"has-post-thumbnail","6":"product_cat-madrid-es","7":"product_cat-madrid-top-ventas-es","8":"product_cat-madrid-actividades-es","9":"product_cat-madrid-rutas-turisticas-privadas-es","10":"product_cat-madrid-excursiones-es","12":"first","13":"instock","14":"shipping-taxable","15":"purchasable","16":"product-type-simple"},"acf":[],"yoast_head":"<!-- This site is optimized with the Yoast SEO Premium plugin v25.3.1 (Yoast SEO v25.3.1) - https:\/\/yoast.com\/wordpress\/plugins\/seo\/ -->\n<title>Tour privado de Aranjuez desde Madrid - Tour Travel &amp; More<\/title>\n<meta name=\"description\" content=\"Descubre en un mismo dias dos ciudades, gracias a este Tour privado de Aranjuez desde Madrid, con guia oficial privado y vehiculo privado con conductor.\" \/>\n<meta name=\"robots\" content=\"index, follow, max-snippet:-1, max-image-preview:large, max-video-preview:-1\" \/>\n<link rel=\"canonical\" href=\"https:\/\/tourtravelandmore.com\/es\/tours\/espana-es\/madrid-es\/tour-privado-de-aranjuez-desde-madrid\/\" \/>\n<meta property=\"og:locale\" content=\"es_ES\" \/>\n<meta property=\"og:type\" content=\"article\" \/>\n<meta property=\"og:title\" content=\"Tour privado de Aranjuez desde Madrid\" \/>\n<meta property=\"og:description\" content=\"Descubre en un mismo dias dos ciudades, gracias a este Tour privado de Aranjuez desde Madrid, con guia oficial privado y vehiculo privado con conductor.\" \/>\n<meta property=\"og:url\" content=\"https:\/\/tourtravelandmore.com\/es\/tours\/espana-es\/madrid-es\/tour-privado-de-aranjuez-desde-madrid\/\" \/>\n<meta property=\"og:site_name\" content=\"Tour Travel And More\" \/>\n<meta property=\"article:publisher\" content=\"https:\/\/www.facebook.com\/tourtravelandmore\/\" \/>\n<meta property=\"article:modified_time\" content=\"2024-09-13T15:04:06+00:00\" \/>\n<meta property=\"og:image\" content=\"https:\/\/tourtravelandmore.com\/wp-content\/uploads\/2020\/09\/Aranjuez-3.jpg\" \/>\n\t<meta property=\"og:image:width\" content=\"640\" \/>\n\t<meta property=\"og:image:height\" content=\"426\" \/>\n\t<meta property=\"og:image:type\" content=\"image\/jpeg\" \/>\n<meta name=\"twitter:card\" content=\"summary_large_image\" \/>\n<meta name=\"twitter:site\" content=\"@TourTravel_More\" \/>\n<meta name=\"twitter:label1\" content=\"Tiempo de lectura\" \/>\n\t<meta name=\"twitter:data1\" content=\"2 minutos\" \/>\n<script type=\"application\/ld+json\" class=\"yoast-schema-graph\">{\"@context\":\"https:\/\/schema.org\",\"@graph\":[{\"@type\":\"WebPage\",\"@id\":\"https:\/\/tourtravelandmore.com\/es\/tours\/espana-es\/madrid-es\/tour-privado-de-aranjuez-desde-madrid\/\",\"url\":\"https:\/\/tourtravelandmore.com\/es\/tours\/espana-es\/madrid-es\/tour-privado-de-aranjuez-desde-madrid\/\",\"name\":\"Tour privado de Aranjuez desde Madrid - Tour Travel & More\",\"isPartOf\":{\"@id\":\"https:\/\/tourtravelandmore.com\/es\/#website\"},\"primaryImageOfPage\":{\"@id\":\"https:\/\/tourtravelandmore.com\/es\/tours\/espana-es\/madrid-es\/tour-privado-de-aranjuez-desde-madrid\/#primaryimage\"},\"image\":{\"@id\":\"https:\/\/tourtravelandmore.com\/es\/tours\/espana-es\/madrid-es\/tour-privado-de-aranjuez-desde-madrid\/#primaryimage\"},\"thumbnailUrl\":\"https:\/\/tourtravelandmore.com\/wp-content\/uploads\/2020\/09\/Aranjuez-3.jpg\",\"datePublished\":\"2020-09-21T08:58:37+00:00\",\"dateModified\":\"2024-09-13T15:04:06+00:00\",\"description\":\"Descubre en un mismo dias dos ciudades, gracias a este Tour privado de Aranjuez desde Madrid, con guia oficial privado y vehiculo privado con conductor.\",\"breadcrumb\":{\"@id\":\"https:\/\/tourtravelandmore.com\/es\/tours\/espana-es\/madrid-es\/tour-privado-de-aranjuez-desde-madrid\/#breadcrumb\"},\"inLanguage\":\"es\",\"potentialAction\":[{\"@type\":\"ReadAction\",\"target\":[\"https:\/\/tourtravelandmore.com\/es\/tours\/espana-es\/madrid-es\/tour-privado-de-aranjuez-desde-madrid\/\"]}]},{\"@type\":\"ImageObject\",\"inLanguage\":\"es\",\"@id\":\"https:\/\/tourtravelandmore.com\/es\/tours\/espana-es\/madrid-es\/tour-privado-de-aranjuez-desde-madrid\/#primaryimage\",\"url\":\"https:\/\/tourtravelandmore.com\/wp-content\/uploads\/2020\/09\/Aranjuez-3.jpg\",\"contentUrl\":\"https:\/\/tourtravelandmore.com\/wp-content\/uploads\/2020\/09\/Aranjuez-3.jpg\",\"width\":640,\"height\":426},{\"@type\":\"BreadcrumbList\",\"@id\":\"https:\/\/tourtravelandmore.com\/es\/tours\/espana-es\/madrid-es\/tour-privado-de-aranjuez-desde-madrid\/#breadcrumb\",\"itemListElement\":[{\"@type\":\"ListItem\",\"position\":1,\"name\":\"Home\",\"item\":\"https:\/\/tourtravelandmore.com\/es\/\"},{\"@type\":\"ListItem\",\"position\":2,\"name\":\"Tours\",\"item\":\"https:\/\/tourtravelandmore.com\/es\/tours\/\"},{\"@type\":\"ListItem\",\"position\":3,\"name\":\"Tour privado de Aranjuez desde Madrid\"}]},{\"@type\":\"WebSite\",\"@id\":\"https:\/\/tourtravelandmore.com\/es\/#website\",\"url\":\"https:\/\/tourtravelandmore.com\/es\/\",\"name\":\"Tour Travel And More\",\"description\":\"Private sightseeing tours and luxury transfers in Spain\",\"publisher\":{\"@id\":\"https:\/\/tourtravelandmore.com\/es\/#organization\"},\"potentialAction\":[{\"@type\":\"SearchAction\",\"target\":{\"@type\":\"EntryPoint\",\"urlTemplate\":\"https:\/\/tourtravelandmore.com\/es\/?s={search_term_string}\"},\"query-input\":{\"@type\":\"PropertyValueSpecification\",\"valueRequired\":true,\"valueName\":\"search_term_string\"}}],\"inLanguage\":\"es\"},{\"@type\":\"Organization\",\"@id\":\"https:\/\/tourtravelandmore.com\/es\/#organization\",\"name\":\"Tour Travel And More\",\"url\":\"https:\/\/tourtravelandmore.com\/es\/\",\"logo\":{\"@type\":\"ImageObject\",\"inLanguage\":\"es\",\"@id\":\"https:\/\/tourtravelandmore.com\/es\/#\/schema\/logo\/image\/\",\"url\":\"https:\/\/tourtravelandmore.com\/wp-content\/uploads\/2022\/12\/cropped-logo-cabecera-new.png\",\"contentUrl\":\"https:\/\/tourtravelandmore.com\/wp-content\/uploads\/2022\/12\/cropped-logo-cabecera-new.png\",\"width\":430,\"height\":61,\"caption\":\"Tour Travel And More\"},\"image\":{\"@id\":\"https:\/\/tourtravelandmore.com\/es\/#\/schema\/logo\/image\/\"},\"sameAs\":[\"https:\/\/www.facebook.com\/tourtravelandmore\/\",\"https:\/\/x.com\/TourTravel_More\"]}]}<\/script>\n<!-- \/ Yoast SEO Premium plugin. -->","yoast_head_json":{"title":"Tour privado de Aranjuez desde Madrid - Tour Travel & More","description":"Descubre en un mismo dias dos ciudades, gracias a este Tour privado de Aranjuez desde Madrid, con guia oficial privado y vehiculo privado con conductor.","robots":{"index":"index","follow":"follow","max-snippet":"max-snippet:-1","max-image-preview":"max-image-preview:large","max-video-preview":"max-video-preview:-1"},"canonical":"https:\/\/tourtravelandmore.com\/es\/tours\/espana-es\/madrid-es\/tour-privado-de-aranjuez-desde-madrid\/","og_locale":"es_ES","og_type":"article","og_title":"Tour privado de Aranjuez desde Madrid","og_description":"Descubre en un mismo dias dos ciudades, gracias a este Tour privado de Aranjuez desde Madrid, con guia oficial privado y vehiculo privado con conductor.","og_url":"https:\/\/tourtravelandmore.com\/es\/tours\/espana-es\/madrid-es\/tour-privado-de-aranjuez-desde-madrid\/","og_site_name":"Tour Travel And More","article_publisher":"https:\/\/www.facebook.com\/tourtravelandmore\/","article_modified_time":"2024-09-13T15:04:06+00:00","og_image":[{"width":640,"height":426,"url":"https:\/\/tourtravelandmore.com\/wp-content\/uploads\/2020\/09\/Aranjuez-3.jpg","type":"image\/jpeg"}],"twitter_card":"summary_large_image","twitter_site":"@TourTravel_More","twitter_misc":{"Tiempo de lectura":"2 minutos"},"schema":{"@context":"https:\/\/schema.org","@graph":[{"@type":"WebPage","@id":"https:\/\/tourtravelandmore.com\/es\/tours\/espana-es\/madrid-es\/tour-privado-de-aranjuez-desde-madrid\/","url":"https:\/\/tourtravelandmore.com\/es\/tours\/espana-es\/madrid-es\/tour-privado-de-aranjuez-desde-madrid\/","name":"Tour privado de Aranjuez desde Madrid - Tour Travel & More","isPartOf":{"@id":"https:\/\/tourtravelandmore.com\/es\/#website"},"primaryImageOfPage":{"@id":"https:\/\/tourtravelandmore.com\/es\/tours\/espana-es\/madrid-es\/tour-privado-de-aranjuez-desde-madrid\/#primaryimage"},"image":{"@id":"https:\/\/tourtravelandmore.com\/es\/tours\/espana-es\/madrid-es\/tour-privado-de-aranjuez-desde-madrid\/#primaryimage"},"thumbnailUrl":"https:\/\/tourtravelandmore.com\/wp-content\/uploads\/2020\/09\/Aranjuez-3.jpg","datePublished":"2020-09-21T08:58:37+00:00","dateModified":"2024-09-13T15:04:06+00:00","description":"Descubre en un mismo dias dos ciudades, gracias a este Tour privado de Aranjuez desde Madrid, con guia oficial privado y vehiculo privado con conductor.","breadcrumb":{"@id":"https:\/\/tourtravelandmore.com\/es\/tours\/espana-es\/madrid-es\/tour-privado-de-aranjuez-desde-madrid\/#breadcrumb"},"inLanguage":"es","potentialAction":[{"@type":"ReadAction","target":["https:\/\/tourtravelandmore.com\/es\/tours\/espana-es\/madrid-es\/tour-privado-de-aranjuez-desde-madrid\/"]}]},{"@type":"ImageObject","inLanguage":"es","@id":"https:\/\/tourtravelandmore.com\/es\/tours\/espana-es\/madrid-es\/tour-privado-de-aranjuez-desde-madrid\/#primaryimage","url":"https:\/\/tourtravelandmore.com\/wp-content\/uploads\/2020\/09\/Aranjuez-3.jpg","contentUrl":"https:\/\/tourtravelandmore.com\/wp-content\/uploads\/2020\/09\/Aranjuez-3.jpg","width":640,"height":426},{"@type":"BreadcrumbList","@id":"https:\/\/tourtravelandmore.com\/es\/tours\/espana-es\/madrid-es\/tour-privado-de-aranjuez-desde-madrid\/#breadcrumb","itemListElement":[{"@type":"ListItem","position":1,"name":"Home","item":"https:\/\/tourtravelandmore.com\/es\/"},{"@type":"ListItem","position":2,"name":"Tours","item":"https:\/\/tourtravelandmore.com\/es\/tours\/"},{"@type":"ListItem","position":3,"name":"Tour privado de Aranjuez desde Madrid"}]},{"@type":"WebSite","@id":"https:\/\/tourtravelandmore.com\/es\/#website","url":"https:\/\/tourtravelandmore.com\/es\/","name":"Tour Travel And More","description":"Private sightseeing tours and luxury transfers in Spain","publisher":{"@id":"https:\/\/tourtravelandmore.com\/es\/#organization"},"potentialAction":[{"@type":"SearchAction","target":{"@type":"EntryPoint","urlTemplate":"https:\/\/tourtravelandmore.com\/es\/?s={search_term_string}"},"query-input":{"@type":"PropertyValueSpecification","valueRequired":true,"valueName":"search_term_string"}}],"inLanguage":"es"},{"@type":"Organization","@id":"https:\/\/tourtravelandmore.com\/es\/#organization","name":"Tour Travel And More","url":"https:\/\/tourtravelandmore.com\/es\/","logo":{"@type":"ImageObject","inLanguage":"es","@id":"https:\/\/tourtravelandmore.com\/es\/#\/schema\/logo\/image\/","url":"https:\/\/tourtravelandmore.com\/wp-content\/uploads\/2022\/12\/cropped-logo-cabecera-new.png","contentUrl":"https:\/\/tourtravelandmore.com\/wp-content\/uploads\/2022\/12\/cropped-logo-cabecera-new.png","width":430,"height":61,"caption":"Tour Travel And More"},"image":{"@id":"https:\/\/tourtravelandmore.com\/es\/#\/schema\/logo\/image\/"},"sameAs":["https:\/\/www.facebook.com\/tourtravelandmore\/","https:\/\/x.com\/TourTravel_More"]}]}},"_links":{"self":[{"href":"https:\/\/tourtravelandmore.com\/es\/wp-json\/wp\/v2\/product\/83771","targetHints":{"allow":["GET"]}}],"collection":[{"href":"https:\/\/tourtravelandmore.com\/es\/wp-json\/wp\/v2\/product"}],"about":[{"href":"https:\/\/tourtravelandmore.com\/es\/wp-json\/wp\/v2\/types\/product"}],"replies":[{"embeddable":true,"href":"https:\/\/tourtravelandmore.com\/es\/wp-json\/wp\/v2\/comments?post=83771"}],"wp:featuredmedia":[{"embeddable":true,"href":"https:\/\/tourtravelandmore.com\/es\/wp-json\/wp\/v2\/media\/83804"}],"wp:attachment":[{"href":"https:\/\/tourtravelandmore.com\/es\/wp-json\/wp\/v2\/media?parent=83771"}],"wp:term":[{"taxonomy":"product_brand","embeddable":true,"href":"https:\/\/tourtravelandmore.com\/es\/wp-json\/wp\/v2\/product_brand?post=83771"},{"taxonomy":"product_cat","embeddable":true,"href":"https:\/\/tourtravelandmore.com\/es\/wp-json\/wp\/v2\/product_cat?post=83771"},{"taxonomy":"product_tag","embeddable":true,"href":"https:\/\/tourtravelandmore.com\/es\/wp-json\/wp\/v2\/product_tag?post=83771"}],"curies":[{"name":"wp","href":"https:\/\/api.w.org\/{rel}","templated":true}]}}