{"id":83504,"date":"2020-09-16T10:56:16","date_gmt":"2020-09-16T08:56:17","guid":{"rendered":"https:\/\/tourtravelandmore.com\/?post_type=product&#038;p=83504"},"modified":"2024-08-29T15:22:16","modified_gmt":"2024-08-29T13:22:16","slug":"tour-privado-de-salamanca-y-avila-desde-madrid","status":"publish","type":"product","link":"https:\/\/tourtravelandmore.com\/es\/tours\/espana-es\/avila-tour-es\/avila-excursiones-privadas-es\/tour-privado-de-salamanca-y-avila-desde-madrid\/","title":{"rendered":"Tour privado de Salamanca y Avila desde Madrid"},"content":{"rendered":"<h2>Descripci\u00f3n:<\/h2>\n<p>Emb\u00e1rcate en un viaje exclusivo desde Madrid hacia dos de las ciudades m\u00e1s encantadoras de Espa\u00f1a, Salamanca y \u00c1vila, con Tour Travel &amp; More. Esta inmersiva excursi\u00f3n de 10 horas ofrece una combinaci\u00f3n perfecta de riqueza hist\u00f3rica, maravillas arquitect\u00f3nicas y exploraci\u00f3n cultural.<\/p>\n<p>La duraci\u00f3n del Tour privado de Salamanca y Avila desde Madrid son 10 Horas y la recogida es en Madrid o cualquier lugar de la ciudad. Podr\u00e1s ver lugares como: Las monumentales Murallas de \u00c1vila, la Catedral del Salvador y la Bas\u00edlica de San Vicente. \u00c1vila es famosa por su bien conservado casco antiguo medieval, rodeado por murallas de piedra que ofrecen una atm\u00f3sfera hist\u00f3rica \u00fanica.<\/p>\n<p>Experimenta el encanto de Salamanca y \u00c1vila en este exclusivo tour privado, meticulosamente dise\u00f1ado por Tour Travel &amp; More para dejarte recuerdos duraderos de la rica herencia y la belleza atemporal de Espa\u00f1a.<\/p>\n<h2><strong>Puntos de inter\u00e9s:<\/strong><\/h2>\n<p>Nuestros gu\u00eda privados oficiales os ense\u00f1ar\u00e1n la historia, rincones Especiales, leyendas y anecdotas a lo largo del recorrido. os estar\u00e1n esperando a vuestra llegada para iniciar los recorridos privados a pie.<\/p>\n<p>Tu tour privado comienza con un c\u00f3modo viaje de 10 horas desde Madrid hacia Salamanca, acompa\u00f1ado por un gu\u00eda local experto que enriquecer\u00e1 tu viaje con fascinantes conocimientos sobre la historia y la cultura de la regi\u00f3n.<\/p>\n<p>Al llegar a Salamanca, sum\u00e9rgete en su centro hist\u00f3rico, declarado Patrimonio de la Humanidad por la UNESCO, conocido por su arquitectura renacentista bien conservada y su animado ambiente. Marav\u00edllate con la intrincada fachada de la Universidad de Salamanca, una de las m\u00e1s antiguas de Europa, y visita la impresionante Plaza Mayor, una plaza bulliciosa bordeada de elegantes edificios.<\/p>\n<p>Despu\u00e9s de explorar Salamanca, contin\u00faa tu viaje hacia \u00c1vila, una joya medieval encerrada dentro de imponentes murallas de piedra. Con tu gu\u00eda, pasea por las calles laber\u00ednticas del casco antiguo, admirando su impresionante catedral g\u00f3tica y la majestuosa Bas\u00edlica de San Vicente. No te pierdas la oportunidad de caminar por las murallas fortificadas para disfrutar de vistas panor\u00e1micas de la ciudad.<\/p>\n<p>Puede consultar nuestro lista de <a href=\"https:\/\/tourtravelandmore.com\/es\/ciudad\/espana-es\/madrid-es\/\">Tours privados de Madrid<\/a> si dispone de m\u00e1s dias en la ciudad.<\/p>\n","protected":false},"excerpt":{"rendered":"<p>Emb\u00e1rcate en un viaje exclusivo desde Madrid hacia dos de las ciudades m\u00e1s encantadoras de Espa\u00f1a, Salamanca y \u00c1vila, con Tour Travel &amp; More. Esta inmersiva excursi\u00f3n de 10 horas ofrece una combinaci\u00f3n perfecta de riqueza hist\u00f3rica, maravillas arquitect\u00f3nicas y exploraci\u00f3n cultural.<\/p>\n","protected":false},"featured_media":13253,"comment_status":"open","ping_status":"closed","template":"","meta":{"_acf_changed":false},"product_brand":[],"product_cat":[2404,2405,284,293,285,287,286],"product_tag":[],"class_list":{"0":"post-83504","1":"product","2":"type-product","3":"status-publish","4":"has-post-thumbnail","6":"product_cat-avila-tour-es","7":"product_cat-avila-excursiones-privadas-es","8":"product_cat-madrid-es","9":"product_cat-madrid-top-ventas-es","10":"product_cat-madrid-actividades-es","11":"product_cat-madrid-rutas-turisticas-privadas-es","12":"product_cat-madrid-excursiones-es","14":"first","15":"instock","16":"shipping-taxable","17":"purchasable","18":"product-type-simple"},"acf":[],"yoast_head":"<!-- This site is optimized with the Yoast SEO Premium plugin v25.3.1 (Yoast SEO v25.3.1) - https:\/\/yoast.com\/wordpress\/plugins\/seo\/ -->\n<title>Tour privado de Salamanca y Avila desde Madrid - TT&amp;M<\/title>\n<meta name=\"description\" content=\"Descubre en un mismo dias dos ciudades, gracias a este tour de Segovia y Avila desde Madrid, con guia oficial privado y vehiculo privado con conductor.\" \/>\n<meta name=\"robots\" content=\"index, follow, max-snippet:-1, max-image-preview:large, max-video-preview:-1\" \/>\n<link rel=\"canonical\" href=\"https:\/\/tourtravelandmore.com\/es\/tours\/espana-es\/avila-tour-es\/avila-excursiones-privadas-es\/tour-privado-de-salamanca-y-avila-desde-madrid\/\" \/>\n<meta property=\"og:locale\" content=\"es_ES\" \/>\n<meta property=\"og:type\" content=\"article\" \/>\n<meta property=\"og:title\" content=\"Tour privado de Salamanca y Avila desde Madrid\" \/>\n<meta property=\"og:description\" content=\"Descubre en un mismo dias dos ciudades, gracias a este tour de Segovia y Avila desde Madrid, con guia oficial privado y vehiculo privado con conductor.\" \/>\n<meta property=\"og:url\" content=\"https:\/\/tourtravelandmore.com\/es\/tours\/espana-es\/avila-tour-es\/avila-excursiones-privadas-es\/tour-privado-de-salamanca-y-avila-desde-madrid\/\" \/>\n<meta property=\"og:site_name\" content=\"Tour Travel And More\" \/>\n<meta property=\"article:publisher\" content=\"https:\/\/www.facebook.com\/tourtravelandmore\/\" \/>\n<meta property=\"article:modified_time\" content=\"2024-08-29T13:22:16+00:00\" \/>\n<meta property=\"og:image\" content=\"https:\/\/tourtravelandmore.com\/wp-content\/uploads\/2017\/06\/avila_murallas.jpg\" \/>\n\t<meta property=\"og:image:width\" content=\"1024\" \/>\n\t<meta property=\"og:image:height\" content=\"680\" \/>\n\t<meta property=\"og:image:type\" content=\"image\/jpeg\" \/>\n<meta name=\"twitter:card\" content=\"summary_large_image\" \/>\n<meta name=\"twitter:site\" content=\"@TourTravel_More\" \/>\n<meta name=\"twitter:label1\" content=\"Tiempo de lectura\" \/>\n\t<meta name=\"twitter:data1\" content=\"2 minutos\" \/>\n<script type=\"application\/ld+json\" class=\"yoast-schema-graph\">{\"@context\":\"https:\/\/schema.org\",\"@graph\":[{\"@type\":\"WebPage\",\"@id\":\"https:\/\/tourtravelandmore.com\/es\/tours\/espana-es\/avila-tour-es\/avila-excursiones-privadas-es\/tour-privado-de-salamanca-y-avila-desde-madrid\/\",\"url\":\"https:\/\/tourtravelandmore.com\/es\/tours\/espana-es\/avila-tour-es\/avila-excursiones-privadas-es\/tour-privado-de-salamanca-y-avila-desde-madrid\/\",\"name\":\"Tour privado de Salamanca y Avila desde Madrid - TT&M\",\"isPartOf\":{\"@id\":\"https:\/\/tourtravelandmore.com\/es\/#website\"},\"primaryImageOfPage\":{\"@id\":\"https:\/\/tourtravelandmore.com\/es\/tours\/espana-es\/avila-tour-es\/avila-excursiones-privadas-es\/tour-privado-de-salamanca-y-avila-desde-madrid\/#primaryimage\"},\"image\":{\"@id\":\"https:\/\/tourtravelandmore.com\/es\/tours\/espana-es\/avila-tour-es\/avila-excursiones-privadas-es\/tour-privado-de-salamanca-y-avila-desde-madrid\/#primaryimage\"},\"thumbnailUrl\":\"https:\/\/tourtravelandmore.com\/wp-content\/uploads\/2017\/06\/avila_murallas.jpg\",\"datePublished\":\"2020-09-16T08:56:17+00:00\",\"dateModified\":\"2024-08-29T13:22:16+00:00\",\"description\":\"Descubre en un mismo dias dos ciudades, gracias a este tour de Segovia y Avila desde Madrid, con guia oficial privado y vehiculo privado con conductor.\",\"breadcrumb\":{\"@id\":\"https:\/\/tourtravelandmore.com\/es\/tours\/espana-es\/avila-tour-es\/avila-excursiones-privadas-es\/tour-privado-de-salamanca-y-avila-desde-madrid\/#breadcrumb\"},\"inLanguage\":\"es\",\"potentialAction\":[{\"@type\":\"ReadAction\",\"target\":[\"https:\/\/tourtravelandmore.com\/es\/tours\/espana-es\/avila-tour-es\/avila-excursiones-privadas-es\/tour-privado-de-salamanca-y-avila-desde-madrid\/\"]}]},{\"@type\":\"ImageObject\",\"inLanguage\":\"es\",\"@id\":\"https:\/\/tourtravelandmore.com\/es\/tours\/espana-es\/avila-tour-es\/avila-excursiones-privadas-es\/tour-privado-de-salamanca-y-avila-desde-madrid\/#primaryimage\",\"url\":\"https:\/\/tourtravelandmore.com\/wp-content\/uploads\/2017\/06\/avila_murallas.jpg\",\"contentUrl\":\"https:\/\/tourtravelandmore.com\/wp-content\/uploads\/2017\/06\/avila_murallas.jpg\",\"width\":3216,\"height\":2136},{\"@type\":\"BreadcrumbList\",\"@id\":\"https:\/\/tourtravelandmore.com\/es\/tours\/espana-es\/avila-tour-es\/avila-excursiones-privadas-es\/tour-privado-de-salamanca-y-avila-desde-madrid\/#breadcrumb\",\"itemListElement\":[{\"@type\":\"ListItem\",\"position\":1,\"name\":\"Home\",\"item\":\"https:\/\/tourtravelandmore.com\/es\/\"},{\"@type\":\"ListItem\",\"position\":2,\"name\":\"Tours\",\"item\":\"https:\/\/tourtravelandmore.com\/es\/tours\/\"},{\"@type\":\"ListItem\",\"position\":3,\"name\":\"Tour privado de Salamanca y Avila desde Madrid\"}]},{\"@type\":\"WebSite\",\"@id\":\"https:\/\/tourtravelandmore.com\/es\/#website\",\"url\":\"https:\/\/tourtravelandmore.com\/es\/\",\"name\":\"Tour Travel And More\",\"description\":\"Private sightseeing tours and luxury transfers in Spain\",\"publisher\":{\"@id\":\"https:\/\/tourtravelandmore.com\/es\/#organization\"},\"potentialAction\":[{\"@type\":\"SearchAction\",\"target\":{\"@type\":\"EntryPoint\",\"urlTemplate\":\"https:\/\/tourtravelandmore.com\/es\/?s={search_term_string}\"},\"query-input\":{\"@type\":\"PropertyValueSpecification\",\"valueRequired\":true,\"valueName\":\"search_term_string\"}}],\"inLanguage\":\"es\"},{\"@type\":\"Organization\",\"@id\":\"https:\/\/tourtravelandmore.com\/es\/#organization\",\"name\":\"Tour Travel And More\",\"url\":\"https:\/\/tourtravelandmore.com\/es\/\",\"logo\":{\"@type\":\"ImageObject\",\"inLanguage\":\"es\",\"@id\":\"https:\/\/tourtravelandmore.com\/es\/#\/schema\/logo\/image\/\",\"url\":\"https:\/\/tourtravelandmore.com\/wp-content\/uploads\/2022\/12\/cropped-logo-cabecera-new.png\",\"contentUrl\":\"https:\/\/tourtravelandmore.com\/wp-content\/uploads\/2022\/12\/cropped-logo-cabecera-new.png\",\"width\":430,\"height\":61,\"caption\":\"Tour Travel And More\"},\"image\":{\"@id\":\"https:\/\/tourtravelandmore.com\/es\/#\/schema\/logo\/image\/\"},\"sameAs\":[\"https:\/\/www.facebook.com\/tourtravelandmore\/\",\"https:\/\/x.com\/TourTravel_More\"]}]}<\/script>\n<!-- \/ Yoast SEO Premium plugin. -->","yoast_head_json":{"title":"Tour privado de Salamanca y Avila desde Madrid - TT&M","description":"Descubre en un mismo dias dos ciudades, gracias a este tour de Segovia y Avila desde Madrid, con guia oficial privado y vehiculo privado con conductor.","robots":{"index":"index","follow":"follow","max-snippet":"max-snippet:-1","max-image-preview":"max-image-preview:large","max-video-preview":"max-video-preview:-1"},"canonical":"https:\/\/tourtravelandmore.com\/es\/tours\/espana-es\/avila-tour-es\/avila-excursiones-privadas-es\/tour-privado-de-salamanca-y-avila-desde-madrid\/","og_locale":"es_ES","og_type":"article","og_title":"Tour privado de Salamanca y Avila desde Madrid","og_description":"Descubre en un mismo dias dos ciudades, gracias a este tour de Segovia y Avila desde Madrid, con guia oficial privado y vehiculo privado con conductor.","og_url":"https:\/\/tourtravelandmore.com\/es\/tours\/espana-es\/avila-tour-es\/avila-excursiones-privadas-es\/tour-privado-de-salamanca-y-avila-desde-madrid\/","og_site_name":"Tour Travel And More","article_publisher":"https:\/\/www.facebook.com\/tourtravelandmore\/","article_modified_time":"2024-08-29T13:22:16+00:00","og_image":[{"url":"https:\/\/tourtravelandmore.com\/wp-content\/uploads\/2017\/06\/avila_murallas.jpg","width":1024,"height":680,"type":"image\/jpeg"}],"twitter_card":"summary_large_image","twitter_site":"@TourTravel_More","twitter_misc":{"Tiempo de lectura":"2 minutos"},"schema":{"@context":"https:\/\/schema.org","@graph":[{"@type":"WebPage","@id":"https:\/\/tourtravelandmore.com\/es\/tours\/espana-es\/avila-tour-es\/avila-excursiones-privadas-es\/tour-privado-de-salamanca-y-avila-desde-madrid\/","url":"https:\/\/tourtravelandmore.com\/es\/tours\/espana-es\/avila-tour-es\/avila-excursiones-privadas-es\/tour-privado-de-salamanca-y-avila-desde-madrid\/","name":"Tour privado de Salamanca y Avila desde Madrid - TT&M","isPartOf":{"@id":"https:\/\/tourtravelandmore.com\/es\/#website"},"primaryImageOfPage":{"@id":"https:\/\/tourtravelandmore.com\/es\/tours\/espana-es\/avila-tour-es\/avila-excursiones-privadas-es\/tour-privado-de-salamanca-y-avila-desde-madrid\/#primaryimage"},"image":{"@id":"https:\/\/tourtravelandmore.com\/es\/tours\/espana-es\/avila-tour-es\/avila-excursiones-privadas-es\/tour-privado-de-salamanca-y-avila-desde-madrid\/#primaryimage"},"thumbnailUrl":"https:\/\/tourtravelandmore.com\/wp-content\/uploads\/2017\/06\/avila_murallas.jpg","datePublished":"2020-09-16T08:56:17+00:00","dateModified":"2024-08-29T13:22:16+00:00","description":"Descubre en un mismo dias dos ciudades, gracias a este tour de Segovia y Avila desde Madrid, con guia oficial privado y vehiculo privado con conductor.","breadcrumb":{"@id":"https:\/\/tourtravelandmore.com\/es\/tours\/espana-es\/avila-tour-es\/avila-excursiones-privadas-es\/tour-privado-de-salamanca-y-avila-desde-madrid\/#breadcrumb"},"inLanguage":"es","potentialAction":[{"@type":"ReadAction","target":["https:\/\/tourtravelandmore.com\/es\/tours\/espana-es\/avila-tour-es\/avila-excursiones-privadas-es\/tour-privado-de-salamanca-y-avila-desde-madrid\/"]}]},{"@type":"ImageObject","inLanguage":"es","@id":"https:\/\/tourtravelandmore.com\/es\/tours\/espana-es\/avila-tour-es\/avila-excursiones-privadas-es\/tour-privado-de-salamanca-y-avila-desde-madrid\/#primaryimage","url":"https:\/\/tourtravelandmore.com\/wp-content\/uploads\/2017\/06\/avila_murallas.jpg","contentUrl":"https:\/\/tourtravelandmore.com\/wp-content\/uploads\/2017\/06\/avila_murallas.jpg","width":3216,"height":2136},{"@type":"BreadcrumbList","@id":"https:\/\/tourtravelandmore.com\/es\/tours\/espana-es\/avila-tour-es\/avila-excursiones-privadas-es\/tour-privado-de-salamanca-y-avila-desde-madrid\/#breadcrumb","itemListElement":[{"@type":"ListItem","position":1,"name":"Home","item":"https:\/\/tourtravelandmore.com\/es\/"},{"@type":"ListItem","position":2,"name":"Tours","item":"https:\/\/tourtravelandmore.com\/es\/tours\/"},{"@type":"ListItem","position":3,"name":"Tour privado de Salamanca y Avila desde Madrid"}]},{"@type":"WebSite","@id":"https:\/\/tourtravelandmore.com\/es\/#website","url":"https:\/\/tourtravelandmore.com\/es\/","name":"Tour Travel And More","description":"Private sightseeing tours and luxury transfers in Spain","publisher":{"@id":"https:\/\/tourtravelandmore.com\/es\/#organization"},"potentialAction":[{"@type":"SearchAction","target":{"@type":"EntryPoint","urlTemplate":"https:\/\/tourtravelandmore.com\/es\/?s={search_term_string}"},"query-input":{"@type":"PropertyValueSpecification","valueRequired":true,"valueName":"search_term_string"}}],"inLanguage":"es"},{"@type":"Organization","@id":"https:\/\/tourtravelandmore.com\/es\/#organization","name":"Tour Travel And More","url":"https:\/\/tourtravelandmore.com\/es\/","logo":{"@type":"ImageObject","inLanguage":"es","@id":"https:\/\/tourtravelandmore.com\/es\/#\/schema\/logo\/image\/","url":"https:\/\/tourtravelandmore.com\/wp-content\/uploads\/2022\/12\/cropped-logo-cabecera-new.png","contentUrl":"https:\/\/tourtravelandmore.com\/wp-content\/uploads\/2022\/12\/cropped-logo-cabecera-new.png","width":430,"height":61,"caption":"Tour Travel And More"},"image":{"@id":"https:\/\/tourtravelandmore.com\/es\/#\/schema\/logo\/image\/"},"sameAs":["https:\/\/www.facebook.com\/tourtravelandmore\/","https:\/\/x.com\/TourTravel_More"]}]}},"_links":{"self":[{"href":"https:\/\/tourtravelandmore.com\/es\/wp-json\/wp\/v2\/product\/83504","targetHints":{"allow":["GET"]}}],"collection":[{"href":"https:\/\/tourtravelandmore.com\/es\/wp-json\/wp\/v2\/product"}],"about":[{"href":"https:\/\/tourtravelandmore.com\/es\/wp-json\/wp\/v2\/types\/product"}],"replies":[{"embeddable":true,"href":"https:\/\/tourtravelandmore.com\/es\/wp-json\/wp\/v2\/comments?post=83504"}],"wp:featuredmedia":[{"embeddable":true,"href":"https:\/\/tourtravelandmore.com\/es\/wp-json\/wp\/v2\/media\/13253"}],"wp:attachment":[{"href":"https:\/\/tourtravelandmore.com\/es\/wp-json\/wp\/v2\/media?parent=83504"}],"wp:term":[{"taxonomy":"product_brand","embeddable":true,"href":"https:\/\/tourtravelandmore.com\/es\/wp-json\/wp\/v2\/product_brand?post=83504"},{"taxonomy":"product_cat","embeddable":true,"href":"https:\/\/tourtravelandmore.com\/es\/wp-json\/wp\/v2\/product_cat?post=83504"},{"taxonomy":"product_tag","embeddable":true,"href":"https:\/\/tourtravelandmore.com\/es\/wp-json\/wp\/v2\/product_tag?post=83504"}],"curies":[{"name":"wp","href":"https:\/\/api.w.org\/{rel}","templated":true}]}}