{"id":8346,"date":"2016-10-20T11:37:23","date_gmt":"2016-10-24T15:20:03","guid":{"rendered":"http:\/\/tourtravelandmore.com\/es\/?post_type=product&#038;p=8346"},"modified":"2022-11-26T00:46:33","modified_gmt":"2022-11-25T23:46:33","slug":"tour-privado-monasterio-montserrat-barcelona","status":"publish","type":"product","link":"https:\/\/tourtravelandmore.com\/es\/tours\/espana-es\/barcelona-es\/tour-privado-monasterio-montserrat-barcelona\/","title":{"rendered":"Tour Monasterio de Montserrat &#8211; Privado desde Barcelona"},"content":{"rendered":"<h2><strong>Descripci\u00f3n del Tour Monasterio de Montserrat &#8211; Privado desde Barcelona<\/strong><\/h2>\n<p>Disfrute de este <strong>tour al Monasterio de Montserrat,\u00a0<\/strong>de forma privada, con vuestro, guia oficial y conductor, conoce uno los lugares de culto m\u00e1s emblem\u00e1ticos de Barcelona como el Monasterio de Montserrat.<\/p>\n<p>Nuestro conductor privado y gu\u00eda oficial privado os recoger\u00e1 a la hora seleccionado para empezar el Tour al Monasterio de Montserrat.<br \/>\nPueden escoger la hora de salida del tour y vuestro lugar de recogida dentro de la ciudad de Barcelona. Nosotros recomendamos empezar a las 09:30 para poder ver el coro y disfrutar de su actuaci\u00f3n en directo.<\/p>\n<p>El trayecto de Barcelona a Montserrat dura aproximadamente 1 hora. Una vez all\u00ed el conductor nos dejar\u00e1 junto a su gu\u00eda en el <strong><em><a href=\"https:\/\/aeridemontserrat.com\">Teleferico<\/a>,\u00a0<\/em><\/strong>para subir al Monasterio. Si alg\u00fan viajero tiene v\u00e9rtigo no hay problema, podemos llegar hasta el monasterio con el veh\u00edculo. Nosotros siempre recomendamos subir con el Telef\u00e9rico, ya que es una experiencia \u00fanica, es un viaje para valientes. \u00a1Viajar\u00e1s 1.350 metros por la monta\u00f1a en un peque\u00f1o coche colgante!. La duraci\u00f3n son 5 minutos. \u00bfTe atreves?. Mientras estes en el Teleferico disfrutar\u00e1s del paisaje, ver\u00e1s el r\u00edo Llobregat, el pueblo de Monistrol e incluso el famoso Santuario de la Santa Cova.<\/p>\n<p>Una vez llegamos al Monasterio, empezaremos a conocer cada dellate, as\u00ed como<em><strong> la Virgen de Montserrat<\/strong><\/em>, conocida popularmente como la Moreneta, es la patrona de Catalu\u00f1a. El monasterio de Montserrat tiene su origen hist\u00f3rico en la ermita de Santa Mar\u00eda que el conde Wifredo el Velloso don\u00f3 al monasterio de Ripoll en el a\u00f1o 888. Podr\u00e1n disfrutar tambi\u00e9n de escuchar la escolan\u00eda de Montserrat, uno de los coros de ni\u00f1os cantores m\u00e1s antiguos de Europa. <strong><em>La escolan\u00eda (El Coro) <\/em><\/strong>se presenta de Lunes a Viernes, a las 13:00, y los domingos, a las 12:00, \u00fanicamente en los meses de escuela en Espa\u00f1a (Septiembre a Abril).<\/p>\n<p>La duraci\u00f3n del Tour al Monasterio de Montserrat son 5 horas, no hay tiempo para quedarnos a comer en el <em><strong>Pueblo de Monistrol<\/strong><\/em>, pero si quer\u00e9is comer y conocer la gastronom\u00eda de la zona, solo en formulario de contacto indicarlo y os lo cotizaremos.<\/p>\n<p>Este tour al Monasterio de Montserrat es completamente personalizable y pod\u00e9is organizarlo como quer\u00e1is. Puedes personalizarlo solo contactando con nosotros.<\/p>\n<h2><strong>Punto de Inter\u00e9s<\/strong><\/h2>\n<ul>\n<li><strong>Teleferico de Montserrat<\/strong><\/li>\n<li><strong>Rio Llobregat:<\/strong> Uno de los r\u00edos m\u00e1s importantes de Catalunya y desemboca en el mar Mediterr\u00e1neo.<\/li>\n<li><strong>Pueblo de Monistrol:<\/strong> Se encuentra situado bajo la monta\u00f1a de Montserrat.<\/li>\n<li><strong>Santuario de la Santa Cova<\/strong><\/li>\n<li><strong>Monasterio de Montserrat<\/strong><\/li>\n<li><strong>Virgen de Montserrat (La Moreneta)<\/strong><\/li>\n<li><strong>Santa Cova:<\/strong> La Santa Cueva de Montserrat es el lugar donde se encontr\u00f3 la imagen de la Virgen en 880, origen de su culto y su consagraci\u00f3n como patrona de Catalu\u00f1a.<\/li>\n<li><strong>Rosario Monumental de Montserrat:<\/strong> <span class=\"st\"> es un conjunto de obras escult\u00f3ricas de signo religioso<\/span><\/li>\n<li><strong>Museo de Montserrat<\/strong><\/li>\n<li><strong>Camino del Viacrucis<\/strong><\/li>\n<li><strong>Ermitas de Sant Joan, Sant Onofre y Santa Magdalena<\/strong><\/li>\n<li><strong>Coro de Montserrat: <\/strong><span class=\"ILfuVd\"><span class=\"e24Kjd\">Es uno de los coros de ni\u00f1os cantores m\u00e1s antiguos de Europa.<\/span><\/span><strong><br \/>\n<\/strong><\/li>\n<li><strong>Santa Cecilia de Montserrat<\/strong><\/li>\n<li>Mucho m\u00e1s!<\/li>\n<\/ul>\n<p>Para contactar con nosotros, va\u00eds a encontrar un Formulario de contacto, d\u00f3nde con la informaci\u00f3n requerida recibir\u00e1s un email detallado con la informaci\u00f3n del Tour.<\/p>\n<p>Si desea otro Tour de Barcelona puede ver m\u00e1s en la <a href=\"https:\/\/tourtravelandmore.com\/city\/spain\/barcelona-en\/\">secci\u00f3n de Barcelona.<\/a><\/p>\n","protected":false},"excerpt":{"rendered":"<p>Disfruta de este tour <strong>privado de Montserrat desde Barcelona<\/strong>. Tome esta oportunidad para conocer y disfrutar de Barcelona durante este tour con vuestro guia oficial privado y vuestro veh\u00edculo de lujo con chofer. Disfruta del <strong>Monasterio de Montserrat<\/strong> y su incre\u00edble vistas monta\u00f1osas.<\/p>\n<h4>Destacado<\/h4>\n<ul>\n<li>[icon name=\"clock-o\" class=\"\" unprefixed_class=\"\"] <strong>Tour privado de Montserrat desde Barcelona<\/strong><\/li>\n<li>[icon name=\"graduation-cap\" class=\"\" unprefixed_class=\"\"] Gu\u00eda oficial privado en ingles o espa\u00f1ol, otros idiomas bajo peticion.<\/li>\n<li>[icon name=\"car\" class=\"\" unprefixed_class=\"\"] Vehiculo privado de lujo con chofer<\/li>\n<li>[icon name=\"car\" class=\"\" unprefixed_class=\"\"] Recogida en hotel, apartamento, aeropuerto, puerto o punto de la ciudad elegido por usted<\/li>\n<li>[icon name=\"eye\" class=\"\" unprefixed_class=\"\"] Disfruta de los monumentos y zonas m\u00e1s emblem\u00e1ticos de Barcelona<\/li>\n<li>[icon name=\"check\" class=\"\" unprefixed_class=\"\"] Posibilidad de tour personalizable<\/li>\n<\/ul>\n","protected":false},"featured_media":80667,"comment_status":"open","ping_status":"closed","template":"","meta":{"_acf_changed":false},"product_brand":[],"product_cat":[69,283,266,270,267,547],"product_tag":[],"class_list":{"0":"post-8346","1":"product","2":"type-product","3":"status-publish","4":"has-post-thumbnail","6":"product_cat-barcelona-es","7":"product_cat-barcelona-top-ventas-es","8":"product_cat-barcelona-actividades-es","9":"product_cat-barcelona-rutas-turisticas-privadas-es","10":"product_cat-barcelona-excursiones-es","11":"product_cat-barcelona-excursiones-privadas-cruceros-es","13":"first","14":"instock","15":"shipping-taxable","16":"purchasable","17":"product-type-simple"},"acf":[],"yoast_head":"<!-- This site is optimized with the Yoast SEO Premium plugin v25.3.1 (Yoast SEO v25.3.1) - https:\/\/yoast.com\/wordpress\/plugins\/seo\/ -->\n<title>\u27a1\ufe0f Tour al Monasterio de Montserrat | Tour Travel &amp; More<\/title>\n<meta name=\"description\" content=\"Disfruta de este tour al Monasterio de Montserrat, con gu\u00eda oficial y vehiculo desde Barcelona. Conoce la Virgen de Montserrat, el Coro, el Teleferico \u2705\" \/>\n<meta name=\"robots\" content=\"index, follow, max-snippet:-1, max-image-preview:large, max-video-preview:-1\" \/>\n<link rel=\"canonical\" href=\"https:\/\/tourtravelandmore.com\/es\/tours\/espana-es\/barcelona-es\/tour-privado-monasterio-montserrat-barcelona\/\" \/>\n<meta property=\"og:locale\" content=\"es_ES\" \/>\n<meta property=\"og:type\" content=\"article\" \/>\n<meta property=\"og:title\" content=\"Tour Monasterio de Montserrat - Privado desde Barcelona\" \/>\n<meta property=\"og:description\" content=\"Disfruta de este tour al Monasterio de Montserrat, con gu\u00eda oficial y vehiculo desde Barcelona. Conoce la Virgen de Montserrat, el Coro, el Teleferico \u2705\" \/>\n<meta property=\"og:url\" content=\"https:\/\/tourtravelandmore.com\/es\/tours\/espana-es\/barcelona-es\/tour-privado-monasterio-montserrat-barcelona\/\" \/>\n<meta property=\"og:site_name\" content=\"Tour Travel And More\" \/>\n<meta property=\"article:publisher\" content=\"https:\/\/www.facebook.com\/tourtravelandmore\/\" \/>\n<meta property=\"article:modified_time\" content=\"2022-11-25T23:46:33+00:00\" \/>\n<meta property=\"og:image\" content=\"https:\/\/tourtravelandmore.com\/wp-content\/uploads\/2016\/10\/Monasterioprincipal.jpg\" \/>\n\t<meta property=\"og:image:width\" content=\"1024\" \/>\n\t<meta property=\"og:image:height\" content=\"768\" \/>\n\t<meta property=\"og:image:type\" content=\"image\/jpeg\" \/>\n<meta name=\"twitter:card\" content=\"summary_large_image\" \/>\n<meta name=\"twitter:site\" content=\"@TourTravel_More\" \/>\n<meta name=\"twitter:label1\" content=\"Tiempo de lectura\" \/>\n\t<meta name=\"twitter:data1\" content=\"3 minutos\" \/>\n<script type=\"application\/ld+json\" class=\"yoast-schema-graph\">{\"@context\":\"https:\/\/schema.org\",\"@graph\":[{\"@type\":\"WebPage\",\"@id\":\"https:\/\/tourtravelandmore.com\/es\/tours\/espana-es\/barcelona-es\/tour-privado-monasterio-montserrat-barcelona\/\",\"url\":\"https:\/\/tourtravelandmore.com\/es\/tours\/espana-es\/barcelona-es\/tour-privado-monasterio-montserrat-barcelona\/\",\"name\":\"\u27a1\ufe0f Tour al Monasterio de Montserrat | Tour Travel & More\",\"isPartOf\":{\"@id\":\"https:\/\/tourtravelandmore.com\/es\/#website\"},\"primaryImageOfPage\":{\"@id\":\"https:\/\/tourtravelandmore.com\/es\/tours\/espana-es\/barcelona-es\/tour-privado-monasterio-montserrat-barcelona\/#primaryimage\"},\"image\":{\"@id\":\"https:\/\/tourtravelandmore.com\/es\/tours\/espana-es\/barcelona-es\/tour-privado-monasterio-montserrat-barcelona\/#primaryimage\"},\"thumbnailUrl\":\"https:\/\/tourtravelandmore.com\/wp-content\/uploads\/2016\/10\/Monasterioprincipal.jpg\",\"datePublished\":\"2016-10-24T15:20:03+00:00\",\"dateModified\":\"2022-11-25T23:46:33+00:00\",\"description\":\"Disfruta de este tour al Monasterio de Montserrat, con gu\u00eda oficial y vehiculo desde Barcelona. Conoce la Virgen de Montserrat, el Coro, el Teleferico \u2705\",\"breadcrumb\":{\"@id\":\"https:\/\/tourtravelandmore.com\/es\/tours\/espana-es\/barcelona-es\/tour-privado-monasterio-montserrat-barcelona\/#breadcrumb\"},\"inLanguage\":\"es\",\"potentialAction\":[{\"@type\":\"ReadAction\",\"target\":[\"https:\/\/tourtravelandmore.com\/es\/tours\/espana-es\/barcelona-es\/tour-privado-monasterio-montserrat-barcelona\/\"]}]},{\"@type\":\"ImageObject\",\"inLanguage\":\"es\",\"@id\":\"https:\/\/tourtravelandmore.com\/es\/tours\/espana-es\/barcelona-es\/tour-privado-monasterio-montserrat-barcelona\/#primaryimage\",\"url\":\"https:\/\/tourtravelandmore.com\/wp-content\/uploads\/2016\/10\/Monasterioprincipal.jpg\",\"contentUrl\":\"https:\/\/tourtravelandmore.com\/wp-content\/uploads\/2016\/10\/Monasterioprincipal.jpg\",\"width\":1024,\"height\":768,\"caption\":\"Monasterio Foto Principal\"},{\"@type\":\"BreadcrumbList\",\"@id\":\"https:\/\/tourtravelandmore.com\/es\/tours\/espana-es\/barcelona-es\/tour-privado-monasterio-montserrat-barcelona\/#breadcrumb\",\"itemListElement\":[{\"@type\":\"ListItem\",\"position\":1,\"name\":\"Home\",\"item\":\"https:\/\/tourtravelandmore.com\/es\/\"},{\"@type\":\"ListItem\",\"position\":2,\"name\":\"Tours\",\"item\":\"https:\/\/tourtravelandmore.com\/es\/tours\/\"},{\"@type\":\"ListItem\",\"position\":3,\"name\":\"Tour Monasterio de Montserrat &#8211; Privado desde Barcelona\"}]},{\"@type\":\"WebSite\",\"@id\":\"https:\/\/tourtravelandmore.com\/es\/#website\",\"url\":\"https:\/\/tourtravelandmore.com\/es\/\",\"name\":\"Tour Travel And More\",\"description\":\"Private sightseeing tours and luxury transfers in Spain\",\"publisher\":{\"@id\":\"https:\/\/tourtravelandmore.com\/es\/#organization\"},\"potentialAction\":[{\"@type\":\"SearchAction\",\"target\":{\"@type\":\"EntryPoint\",\"urlTemplate\":\"https:\/\/tourtravelandmore.com\/es\/?s={search_term_string}\"},\"query-input\":{\"@type\":\"PropertyValueSpecification\",\"valueRequired\":true,\"valueName\":\"search_term_string\"}}],\"inLanguage\":\"es\"},{\"@type\":\"Organization\",\"@id\":\"https:\/\/tourtravelandmore.com\/es\/#organization\",\"name\":\"Tour Travel And More\",\"url\":\"https:\/\/tourtravelandmore.com\/es\/\",\"logo\":{\"@type\":\"ImageObject\",\"inLanguage\":\"es\",\"@id\":\"https:\/\/tourtravelandmore.com\/es\/#\/schema\/logo\/image\/\",\"url\":\"https:\/\/tourtravelandmore.com\/wp-content\/uploads\/2022\/12\/cropped-logo-cabecera-new.png\",\"contentUrl\":\"https:\/\/tourtravelandmore.com\/wp-content\/uploads\/2022\/12\/cropped-logo-cabecera-new.png\",\"width\":430,\"height\":61,\"caption\":\"Tour Travel And More\"},\"image\":{\"@id\":\"https:\/\/tourtravelandmore.com\/es\/#\/schema\/logo\/image\/\"},\"sameAs\":[\"https:\/\/www.facebook.com\/tourtravelandmore\/\",\"https:\/\/x.com\/TourTravel_More\"]}]}<\/script>\n<!-- \/ Yoast SEO Premium plugin. -->","yoast_head_json":{"title":"\u27a1\ufe0f Tour al Monasterio de Montserrat | Tour Travel & More","description":"Disfruta de este tour al Monasterio de Montserrat, con gu\u00eda oficial y vehiculo desde Barcelona. Conoce la Virgen de Montserrat, el Coro, el Teleferico \u2705","robots":{"index":"index","follow":"follow","max-snippet":"max-snippet:-1","max-image-preview":"max-image-preview:large","max-video-preview":"max-video-preview:-1"},"canonical":"https:\/\/tourtravelandmore.com\/es\/tours\/espana-es\/barcelona-es\/tour-privado-monasterio-montserrat-barcelona\/","og_locale":"es_ES","og_type":"article","og_title":"Tour Monasterio de Montserrat - Privado desde Barcelona","og_description":"Disfruta de este tour al Monasterio de Montserrat, con gu\u00eda oficial y vehiculo desde Barcelona. Conoce la Virgen de Montserrat, el Coro, el Teleferico \u2705","og_url":"https:\/\/tourtravelandmore.com\/es\/tours\/espana-es\/barcelona-es\/tour-privado-monasterio-montserrat-barcelona\/","og_site_name":"Tour Travel And More","article_publisher":"https:\/\/www.facebook.com\/tourtravelandmore\/","article_modified_time":"2022-11-25T23:46:33+00:00","og_image":[{"width":1024,"height":768,"url":"https:\/\/tourtravelandmore.com\/wp-content\/uploads\/2016\/10\/Monasterioprincipal.jpg","type":"image\/jpeg"}],"twitter_card":"summary_large_image","twitter_site":"@TourTravel_More","twitter_misc":{"Tiempo de lectura":"3 minutos"},"schema":{"@context":"https:\/\/schema.org","@graph":[{"@type":"WebPage","@id":"https:\/\/tourtravelandmore.com\/es\/tours\/espana-es\/barcelona-es\/tour-privado-monasterio-montserrat-barcelona\/","url":"https:\/\/tourtravelandmore.com\/es\/tours\/espana-es\/barcelona-es\/tour-privado-monasterio-montserrat-barcelona\/","name":"\u27a1\ufe0f Tour al Monasterio de Montserrat | Tour Travel & More","isPartOf":{"@id":"https:\/\/tourtravelandmore.com\/es\/#website"},"primaryImageOfPage":{"@id":"https:\/\/tourtravelandmore.com\/es\/tours\/espana-es\/barcelona-es\/tour-privado-monasterio-montserrat-barcelona\/#primaryimage"},"image":{"@id":"https:\/\/tourtravelandmore.com\/es\/tours\/espana-es\/barcelona-es\/tour-privado-monasterio-montserrat-barcelona\/#primaryimage"},"thumbnailUrl":"https:\/\/tourtravelandmore.com\/wp-content\/uploads\/2016\/10\/Monasterioprincipal.jpg","datePublished":"2016-10-24T15:20:03+00:00","dateModified":"2022-11-25T23:46:33+00:00","description":"Disfruta de este tour al Monasterio de Montserrat, con gu\u00eda oficial y vehiculo desde Barcelona. Conoce la Virgen de Montserrat, el Coro, el Teleferico \u2705","breadcrumb":{"@id":"https:\/\/tourtravelandmore.com\/es\/tours\/espana-es\/barcelona-es\/tour-privado-monasterio-montserrat-barcelona\/#breadcrumb"},"inLanguage":"es","potentialAction":[{"@type":"ReadAction","target":["https:\/\/tourtravelandmore.com\/es\/tours\/espana-es\/barcelona-es\/tour-privado-monasterio-montserrat-barcelona\/"]}]},{"@type":"ImageObject","inLanguage":"es","@id":"https:\/\/tourtravelandmore.com\/es\/tours\/espana-es\/barcelona-es\/tour-privado-monasterio-montserrat-barcelona\/#primaryimage","url":"https:\/\/tourtravelandmore.com\/wp-content\/uploads\/2016\/10\/Monasterioprincipal.jpg","contentUrl":"https:\/\/tourtravelandmore.com\/wp-content\/uploads\/2016\/10\/Monasterioprincipal.jpg","width":1024,"height":768,"caption":"Monasterio Foto Principal"},{"@type":"BreadcrumbList","@id":"https:\/\/tourtravelandmore.com\/es\/tours\/espana-es\/barcelona-es\/tour-privado-monasterio-montserrat-barcelona\/#breadcrumb","itemListElement":[{"@type":"ListItem","position":1,"name":"Home","item":"https:\/\/tourtravelandmore.com\/es\/"},{"@type":"ListItem","position":2,"name":"Tours","item":"https:\/\/tourtravelandmore.com\/es\/tours\/"},{"@type":"ListItem","position":3,"name":"Tour Monasterio de Montserrat &#8211; Privado desde Barcelona"}]},{"@type":"WebSite","@id":"https:\/\/tourtravelandmore.com\/es\/#website","url":"https:\/\/tourtravelandmore.com\/es\/","name":"Tour Travel And More","description":"Private sightseeing tours and luxury transfers in Spain","publisher":{"@id":"https:\/\/tourtravelandmore.com\/es\/#organization"},"potentialAction":[{"@type":"SearchAction","target":{"@type":"EntryPoint","urlTemplate":"https:\/\/tourtravelandmore.com\/es\/?s={search_term_string}"},"query-input":{"@type":"PropertyValueSpecification","valueRequired":true,"valueName":"search_term_string"}}],"inLanguage":"es"},{"@type":"Organization","@id":"https:\/\/tourtravelandmore.com\/es\/#organization","name":"Tour Travel And More","url":"https:\/\/tourtravelandmore.com\/es\/","logo":{"@type":"ImageObject","inLanguage":"es","@id":"https:\/\/tourtravelandmore.com\/es\/#\/schema\/logo\/image\/","url":"https:\/\/tourtravelandmore.com\/wp-content\/uploads\/2022\/12\/cropped-logo-cabecera-new.png","contentUrl":"https:\/\/tourtravelandmore.com\/wp-content\/uploads\/2022\/12\/cropped-logo-cabecera-new.png","width":430,"height":61,"caption":"Tour Travel And More"},"image":{"@id":"https:\/\/tourtravelandmore.com\/es\/#\/schema\/logo\/image\/"},"sameAs":["https:\/\/www.facebook.com\/tourtravelandmore\/","https:\/\/x.com\/TourTravel_More"]}]}},"_links":{"self":[{"href":"https:\/\/tourtravelandmore.com\/es\/wp-json\/wp\/v2\/product\/8346","targetHints":{"allow":["GET"]}}],"collection":[{"href":"https:\/\/tourtravelandmore.com\/es\/wp-json\/wp\/v2\/product"}],"about":[{"href":"https:\/\/tourtravelandmore.com\/es\/wp-json\/wp\/v2\/types\/product"}],"replies":[{"embeddable":true,"href":"https:\/\/tourtravelandmore.com\/es\/wp-json\/wp\/v2\/comments?post=8346"}],"wp:featuredmedia":[{"embeddable":true,"href":"https:\/\/tourtravelandmore.com\/es\/wp-json\/wp\/v2\/media\/80667"}],"wp:attachment":[{"href":"https:\/\/tourtravelandmore.com\/es\/wp-json\/wp\/v2\/media?parent=8346"}],"wp:term":[{"taxonomy":"product_brand","embeddable":true,"href":"https:\/\/tourtravelandmore.com\/es\/wp-json\/wp\/v2\/product_brand?post=8346"},{"taxonomy":"product_cat","embeddable":true,"href":"https:\/\/tourtravelandmore.com\/es\/wp-json\/wp\/v2\/product_cat?post=8346"},{"taxonomy":"product_tag","embeddable":true,"href":"https:\/\/tourtravelandmore.com\/es\/wp-json\/wp\/v2\/product_tag?post=8346"}],"curies":[{"name":"wp","href":"https:\/\/api.w.org\/{rel}","templated":true}]}}